{"id":1121,"date":"2016-02-06T20:47:20","date_gmt":"2016-02-06T20:47:20","guid":{"rendered":"http:\/\/www.goforgo.hu\/?page_id=1121"},"modified":"2016-02-06T21:02:06","modified_gmt":"2016-02-06T21:02:06","slug":"luther-nyomaban","status":"publish","type":"page","link":"https:\/\/www.goforgo.hu\/index.php\/luther-nyomaban\/","title":{"rendered":"Luther nyom\u00e1ban"},"content":{"rendered":"<p class=\"western\" align=\"left\"><strong>Id\u0151pont: <\/strong>2016.j\u00falius 21 &#8211; 25 \u00a0 \u00a0 \u00a0 \u00a0 \u00a0 \u00a0 \u00a0 \u00a0 \u00a0 \u00a0 \u00a0 \u00a0 \u00a0 \u00a0 \u00a0\u00a0<b><br \/>\n<\/b><\/p>\n<p class=\"western\"><b>Utaz\u00e1s:<\/b> az utasl\u00e9tsz\u00e1mnak megfelel\u0151, l\u00e9gkondicion\u00e1lt aut\u00f3busszal<\/p>\n<p class=\"western\" align=\"justify\"><b>\u00datvonal:<\/b><b> <\/b>Budapest \u2013 Lednice \u2013 Drezda\u00a0\u2013 Wittenberg \u2013 Eisleben \u2013 Erfurt \u2013 Wartburg \u2013 Eisenach \u2013 Regensburg \u2013Walhalla \u2013 Budapest (kb. 2100 km).<\/p>\n<p class=\"western\" align=\"left\"><b>Ell\u00e1t\u00e1s:<\/b> reggeli<b> <\/b><\/p>\n<p class=\"western\" align=\"left\"><b>Sz\u00e1ll\u00e1s:\u00a0<\/b>***-**** sz\u00e1lloda<\/p>\n<div id=\"program\" style=\"text-align: center;\">\n<h2><img loading=\"lazy\" decoding=\"async\" id=\"irc_mi\" src=\"http:\/\/2.bp.blogspot.com\/-Ev2b14Ayut4\/UD-4kaqJ8gI\/AAAAAAAAAm0\/JkgKvlX5gsg\/s1600\/2+Drezda.jpg\" alt=\"\" width=\"811\" height=\"279\" \/><\/h2>\n<h2><strong>Program:<\/strong><\/h2>\n<\/div>\n<div align=\"justify\">\n<p><strong>1.nap: Szeged (P\u00e9cs, Debrecen) \u2013 Budapest- Lednice- Drezda<\/strong><strong> (690 km)<\/strong><\/p>\n<p>Reggel indul\u00e1s, rajkai hat\u00e1r\u00e1tl\u00e9p\u00e9s ut\u00e1n \u00e9rkez\u00fcnk Szlov\u00e1ki\u00e1ba. A Dun\u00e1n \u00e1thaladva j\u00f3 r\u00e1l\u00e1t\u00e1sunk lesz Pozsonyra. Szlov\u00e1ki\u00e1t elhagyva, m\u00e1r Csehorsz\u00e1gban a hat\u00e1r ut\u00e1n r\u00f6gt\u00f6n Lednic\u00e9re \u00e9rkez\u00fcnk, melyaz els\u0151 vil\u00e1g\u00f6r\u00f6ks\u00e9gi helysz\u00edn az utunk sor\u00e1n. Az angol g\u00f3tika \u00e9s a romantikus st\u00edlus kever\u00e9ke a nagyon sz\u00e9pen fel\u00faj\u00edtott kast\u00e9ly. Az itt l\u00e1that\u00f3 fa kidolgoz\u00e1sok \u00e9s csill\u00e1rok kiv\u00e1l\u00f3 m\u0171v\u00e9szek munk\u00e1i. Tov\u00e1bbutazunk \u00e9s r\u00f6vid pihen\u0151k beiktat\u00e1s\u00e1val \u00e9rkez\u00fcnk Drezda k\u00f6rny\u00e9ki sz\u00e1ll\u00e1sunkra az esti \u00f3r\u00e1kban.<\/p>\n<p><img loading=\"lazy\" decoding=\"async\" id=\"irc_mi\" class=\"aligncenter\" src=\"http:\/\/www.milujemcestovanie.sk\/wp-content\/uploads\/2013\/06\/Lednice.jpg\" alt=\"\" width=\"590\" height=\"393\" \/><\/p>\n<p><strong>2. nap: <\/strong><strong>Drezda- Wittenberg (230 km) <\/strong><\/p>\n<p>Reggeli ut\u00e1n megtekintj\u00fck Drezd\u00e1t. A v\u00e1rost az Elba foly\u00f3 szeli kett\u00e9. S\u00e9t\u00e1nk sor\u00e1n a II. Vil\u00e1gh\u00e1bor\u00fa alatt sokat szenvedett, majd ut\u00e1na gy\u00f6ny\u00f6r\u0171en \u00fajj\u00e1\u00e9p\u00edtett v\u00e1ros \u00e9p\u00fcleteit csod\u00e1lhatjuk meg. L\u00e1tjuk a h\u00edres Semper-oper\u00e1t, a Miasszonyunk-templom\u00e1t, az egykori sz\u00e1sz v\u00e1laszt\u00f3fejedelmi palot\u00e1t, ahol a csod\u00e1s kincseket felsorakoztat\u00f3 Gr\u00fcnesGew\u00f6lbe kincst\u00e1ra is tal\u00e1lhat\u00f3, a r\u00e9gi \u00e9s az \u00faj piacteret, a Br\u00fchl-teraszt, melyet Eur\u00f3pa erk\u00e9lyek\u00e9nt is emlegetnek. Drezda Elba-parti ter\u00fclete is vil\u00e1g\u00f6r\u00f6ks\u00e9g volt, de elvett\u00e9k t\u0151le a c\u00edmet. Jogosan? Idegenvezet\u0151nk magyar\u00e1zata ut\u00e1n \u00d6n\u00f6k is eld\u00f6nthetik. Folytatjuk utunkat Wittenbergbe. <img loading=\"lazy\" decoding=\"async\" id=\"irc_mi\" class=\"aligncenter\" src=\"http:\/\/www.toeurope.eu\/design\/photos\/Lutherstadt-Wittenberg.jpg\" alt=\"\" width=\"591\" height=\"393\" \/>A v\u00e1ros \u00e9s a r\u00e9gi\u00f3 nagyszab\u00e1s\u00fa \u00fcnneps\u00e9gre k\u00e9sz\u00fcl, mert 2017-ben lesz a reform\u00e1ci\u00f3 megsz\u00fclet\u00e9s\u00e9nek 500. \u00e9vfordul\u00f3ja. Ennek l\u00e9trej\u00f6tte Lutherhez k\u00f6thet\u0151, mert 1517. okt\u00f3ber 31-\u00e9n az itteni V\u00e1rtemplomra t\u0171zte ki 95 t\u00e9tel\u00e9t. Ebben a v\u00e1rosban van Lutherlak\u00f3h\u00e1za, ahol Luther csal\u00e1dj\u00e1val \u00e9lt \u00e9s tan\u00edtott. V\u00e1rosn\u00e9z\u00e9s\u00fcnk sor\u00e1n megtekintj\u00fck a piacteret \u00e9s a v\u00e1rosh\u00e1z\u00e1t, Luther szobr\u00e1t, (ebben az utc\u00e1ban, a h\u00e1zak falain a t\u00f6rt\u00e9nelem azon h\u00edres alakjainak nevei tal\u00e1lhat\u00f3ak, akik j\u00e1rtak Wittenbergben),a Wittenbergi egyetemet, a v\u00e1rosi templomot, ami Luther pr\u00e9dik\u00e1ci\u00f3inak sz\u00edntere volt (UNESCO Vil\u00e1g\u00f6r\u00f6ks\u00e9g), mellette van a V\u00e1rtemplom, aCorpus Christi k\u00e1poln\u00e1val, ahov\u00e1 kisz\u00f6gezte a t\u00e9ziseit Luther M\u00e1rton. Sz\u00e1ll\u00e1s.<\/p>\n<p><img loading=\"lazy\" decoding=\"async\" id=\"irc_mi\" class=\"aligncenter\" src=\"http:\/\/www.reformatus.hu\/data\/media\/galeria\/2012_junius\/thumbs\/marienkirche.jpg.500x500_q85.jpg\" alt=\"\" width=\"599\" height=\"399\" \/><\/p>\n<p><strong>3. nap: Eisleben \u2013 Erfurt (190 km) <\/strong><\/p>\n<p>Eisleben,m\u00e1s n\u00e9ven Lutherv\u00e1ros. Ebben a v\u00e1rosban tal\u00e1lhat\u00f3 utunk n\u00e9vad\u00f3j\u00e1nak sz\u00fcl\u0151i h\u00e1za \u00e9s az a h\u00e1z ahol meghalt. Tov\u00e1bbi l\u00e1tv\u00e1nyoss\u00e1gok:Szent P\u00e9ter-P\u00e1l templom, ahol Luthert keresztelt\u00e9k, ill. a Szent Andr\u00e1s templom ahol van Luther sz\u00f3sz\u00e9ke. Az utols\u00f3 pr\u00e9dik\u00e1ci\u00f3j\u00e1t is itt tartotta. Ezek is az UNESCO Vil\u00e1g\u00f6r\u00f6ks\u00e9g r\u00e9szei.<\/p>\n<p><img loading=\"lazy\" decoding=\"async\" id=\"irc_mi\" class=\"aligncenter\" src=\"http:\/\/www.goruma.de\/export\/sites\/www.goruma.de\/Globale_Inhalte\/Bilder\/Content\/E\/Eisleben_Lutherdenkmal_am_Markt_1600.jpg\" alt=\"\" width=\"524\" height=\"393\" \/>Erfurt a k\u00f6vetkez\u0151 meg\u00e1ll\u00f3nk, a v\u00e1rosn\u00e9z\u00e9s sor\u00e1n olyan \u00e9rdekes l\u00e1tnival\u00f3k v\u00e1rnak r\u00e1nk mint:\u00c1goston rendi kolostor, Keresked\u0151k h\u00eddja, mely 125 m hossz\u00fa \u00e9s 32 lak\u00e1s tal\u00e1lhat\u00f3 rajta \u00e9s a kis k\u00e9zm\u0171ves \u00fczletek. Tov\u00e1bbhaladva, R\u00e9gi Zsinag\u00f3ga &#8211; ezaz egyik legr\u00e9gebbr\u0151l fennmaradt k\u00f6z\u00e9pkori zsinag\u00f3ga, eredeti korabeli \u00e9kszer ki\u00e1ll\u00edt\u00e1ssal -, a r\u00e9gi erfurti egyetem \u00e9p\u00fclete, Szent M\u00e1ria katedr\u00e1lis \u00e9s St. Severikirche, melyekhez egy hatalmas l\u00e9pcs\u0151soron lehet f\u00f6ljutni, ahol szegedihez hasonl\u00f3 szabadt\u00e9ri j\u00e1t\u00e9kokat szoktat tartani. Ezt k\u00f6vet\u0151en elfoglaljuk sz\u00e1ll\u00e1sunkat.<\/p>\n<p><img loading=\"lazy\" decoding=\"async\" id=\"irc_mi\" class=\"aligncenter\" src=\"http:\/\/andreas-wissmann.com\/_Media\/erfurter_dom_1_2000.jpeg\" alt=\"\" width=\"590\" height=\"393\" \/><\/p>\n<p><strong>4. nap: Wartburg &#8211; Eisenach \u2013 Regensburg (340 km) <\/strong><\/p>\n<p>Reggeli ut\u00e1nWartburg v\u00e1r\u00e1ba megy\u00fcnk. A v\u00e1r az UNESCO Vil\u00e1g\u00f6r\u00f6ks\u00e9g list\u00e1j\u00e1n is szerepel. Itt ford\u00edtotta Luther n\u00e9met nyelvre az \u00daj testamentumot. A szob\u00e1ja eredetiben fennmaradt. A v\u00e1r a hegy tetej\u00e9n tal\u00e1lhat\u00f3 \u00e9s gyalog, kisbusszal vagy gyerekeknek szam\u00e1rh\u00e1ton lehet f\u00f6ljutni.<\/p>\n<p><img loading=\"lazy\" decoding=\"async\" id=\"irc_mi\" class=\"aligncenter\" src=\"http:\/\/www.lianorg.com\/Upload\/piture\/20140815102328_pictures_63841.jpg\" alt=\"\" width=\"598\" height=\"461\" \/>Ezt k\u00f6vet\u0151en v\u00e1rosn\u00e9z\u00e9s Eisenachban. Ez Bach sz\u00fcl\u0151v\u00e1rosa. Itt tal\u00e1lhat\u00f3 a Bach h\u00e1z, a v\u00e1s\u00e1rt\u00e9ren a Szent Gy\u00f6rgy templom, ahol T\u00fcringiai Szent Erzs\u00e9bet megh\u00e1zasodott \u00e9s Johann Sebastian Bach keresztelkedett.Bach is \u00e9s a csal\u00e1d t\u00f6bbi tagja is sokat zen\u00e9ltebben a templomban. Eisenachban is van Luther h\u00e1z, ahol gyerekkor\u00e1ban az iskolai sz\u00fcneteket t\u00f6lt\u00f6tteak\u00e9s\u00f6bbi pr\u00e9dik\u00e1tor. D\u00e9lut\u00e1n \u00e9rkez\u00fcnk Regensburgba. A legszebb l\u00e1tnival\u00f3i: D\u00f3m, p\u00fcsp\u00f6ki palota, r\u00e9gi k\u00e1polna, Kepler Eml\u00e9kh\u00e1z \u00e9s a r\u00e9gi v\u00e1rosh\u00e1za. 2006-ban az \u00f3v\u00e1rost a Vil\u00e1g\u00f6r\u00f6ks\u00e9g r\u00e9sz\u00e9nek nyilv\u00e1n\u00edtott\u00e1k. Sz\u00e1ll\u00e1s Regensburg k\u00f6rny\u00e9k\u00e9n.<\/p>\n<p><img loading=\"lazy\" decoding=\"async\" id=\"irc_mi\" class=\"aligncenter\" src=\"http:\/\/www.donauschiffahrt.de\/uploads\/tx_sofahrten\/Regensburg_Steinerne_Bruecke_Foto_Flemme.jpg\" alt=\"\" width=\"600\" height=\"448\" \/><\/p>\n<p><strong>5. nap: Regensburg \u2013 Walhalla \u2013 Budapest (650 km) <\/strong><\/p>\n<p>Reggeli ut\u00e1n elhagyva sz\u00e1ll\u00e1sunkat hazafel\u00e9 indulunk. Mai meg\u00e1ll\u00f3nk a Regensburg k\u00f6zel\u00e9ben tal\u00e1lhat\u00f3 Walhalla lesz. Walhalla a h\u00edrn\u00e9v temploma, amelyet I. Lajos bajor uralkod\u00f3 avatott fel 1842. okt\u00f3ber 18-\u00e1n. A kor\u00e1bbi korokban kiemelked\u0151 teljes\u00edtm\u00e9nyt ny\u00fajt\u00f3 n\u00e9met kapcsol\u00f3d\u00e1s\u00fa szem\u00e9lyek Pantheonjak\u00e9nt ismert \u00e9p\u00fcletben kb. 190 prominens szem\u00e9lyis\u00e9g mellszobra vagy eml\u00e9kt\u00e1bl\u00e1ja tal\u00e1lhat\u00f3. Nemcsak n\u00e9met sz\u00e1rmaz\u00e1s\u00fa emberekr\u0151l van itt sz\u00f3, helyet kapott itt pl. II. Katalin orosz c\u00e1rn\u0151,\u00e9sa flamand fest\u0151 Rubens is.Tov\u00e1bbutazunk \u00e9sr\u00f6vid pihen\u0151k beiktat\u00e1s\u00e1val az esti \u00f3r\u00e1kban \u00e9rkez\u00fcnk haza. Budapest ut\u00e1n mindenkit a felsz\u00e1ll\u00e1si hely\u00e9re sz\u00e1ll\u00edtunk.<\/p>\n<p><img loading=\"lazy\" decoding=\"async\" id=\"irc_mi\" src=\"http:\/\/images.fotocommunity.de\/bilder\/oberpfalz\/landkreis-regensburg\/walhalla-e418e771-bdfa-4927-b715-f2c7423f05fe.jpg\" alt=\"\" width=\"811\" height=\"253\" \/><\/p>\n<h2 style=\"text-align: center;\">R\u00e9szv\u00e9teli d\u00edj: 92.000 Ft\/f\u0151<\/h2>\n<h2 style=\"text-align: center;\">helyett most: 87.400 Ft\/f\u0151<\/h2>\n<\/div>\n<p><b>Fakultat\u00edv vacsora (4 alkalom):<\/b> 27.000 Ft<\/p>\n<p>Bel\u00e9p\u0151k \u00e1ra: kb. 30 \u20ac + 200 CZK<\/p>\n","protected":false},"excerpt":{"rendered":"<p>Id\u0151pont: 2016.j\u00falius 21 &#8211; 25 \u00a0 \u00a0 \u00a0 \u00a0 \u00a0 \u00a0 \u00a0 \u00a0 \u00a0 \u00a0 \u00a0 \u00a0 \u00a0 \u00a0 \u00a0\u00a0 Utaz\u00e1s: az utasl\u00e9tsz\u00e1mnak megfelel\u0151, l\u00e9gkondicion\u00e1lt aut\u00f3busszal \u00datvonal: Budapest \u2013 Lednice \u2013 Drezda\u00a0\u2013 Wittenberg \u2013 Eisleben \u2013 Erfurt \u2013 Wartburg \u2013 Eisenach \u2013 Regensburg \u2013Walhalla \u2013 Budapest (kb. 2100 km). Ell\u00e1t\u00e1s: reggeli Sz\u00e1ll\u00e1s:\u00a0***-**** sz\u00e1lloda Program: 1.nap: Szeged (P\u00e9cs, Debrecen) \u2013 Budapest- Lednice- Drezda (690 km) Reggel indul\u00e1s, rajkai hat\u00e1r\u00e1tl\u00e9p\u00e9s ut\u00e1n \u00e9rkez\u00fcnk Szlov\u00e1ki\u00e1ba. A Dun\u00e1n \u00e1thaladva j\u00f3 r\u00e1l\u00e1t\u00e1sunk lesz Pozsonyra. Szlov\u00e1ki\u00e1t elhagyva, m\u00e1r Csehorsz\u00e1gban a hat\u00e1r ut\u00e1n r\u00f6gt\u00f6n Lednic\u00e9re \u00e9rkez\u00fcnk, melyaz els\u0151 vil\u00e1g\u00f6r\u00f6ks\u00e9gi helysz\u00edn az utunk sor\u00e1n. Az angol g\u00f3tika \u00e9s a romantikus st\u00edlus kever\u00e9ke a nagyon sz\u00e9pen fel\u00faj\u00edtott kast\u00e9ly. Az itt l\u00e1that\u00f3 fa kidolgoz\u00e1sok \u00e9s csill\u00e1rok kiv\u00e1l\u00f3 m\u0171v\u00e9szek munk\u00e1i. Tov\u00e1bbutazunk \u00e9s r\u00f6vid pihen\u0151k beiktat\u00e1s\u00e1val \u00e9rkez\u00fcnk Drezda k\u00f6rny\u00e9ki sz\u00e1ll\u00e1sunkra az esti \u00f3r\u00e1kban. 2. nap: Drezda- Wittenberg (230 km) Reggeli ut\u00e1n megtekintj\u00fck Drezd\u00e1t. A v\u00e1rost az Elba foly\u00f3 szeli kett\u00e9. S\u00e9t\u00e1nk sor\u00e1n a II. Vil\u00e1gh\u00e1bor\u00fa alatt sokat szenvedett, majd ut\u00e1na gy\u00f6ny\u00f6r\u0171en \u00fajj\u00e1\u00e9p\u00edtett v\u00e1ros \u00e9p\u00fcleteit csod\u00e1lhatjuk meg. L\u00e1tjuk a h\u00edres Semper-oper\u00e1t, a Miasszonyunk-templom\u00e1t, az egykori sz\u00e1sz v\u00e1laszt\u00f3fejedelmi palot\u00e1t, ahol a csod\u00e1s kincseket felsorakoztat\u00f3 Gr\u00fcnesGew\u00f6lbe kincst\u00e1ra is tal\u00e1lhat\u00f3, a r\u00e9gi \u00e9s az \u00faj piacteret, a Br\u00fchl-teraszt, melyet Eur\u00f3pa erk\u00e9lyek\u00e9nt is emlegetnek. Drezda Elba-parti ter\u00fclete is vil\u00e1g\u00f6r\u00f6ks\u00e9g volt, de elvett\u00e9k t\u0151le a c\u00edmet. Jogosan? Idegenvezet\u0151nk magyar\u00e1zata ut\u00e1n \u00d6n\u00f6k is eld\u00f6nthetik. Folytatjuk utunkat Wittenbergbe. A v\u00e1ros \u00e9s a r\u00e9gi\u00f3 nagyszab\u00e1s\u00fa \u00fcnneps\u00e9gre k\u00e9sz\u00fcl, mert 2017-ben lesz a reform\u00e1ci\u00f3 megsz\u00fclet\u00e9s\u00e9nek 500. \u00e9vfordul\u00f3ja. Ennek l\u00e9trej\u00f6tte Lutherhez k\u00f6thet\u0151, mert 1517. okt\u00f3ber 31-\u00e9n az itteni V\u00e1rtemplomra t\u0171zte ki 95 t\u00e9tel\u00e9t. Ebben a v\u00e1rosban van Lutherlak\u00f3h\u00e1za, ahol Luther csal\u00e1dj\u00e1val \u00e9lt \u00e9s tan\u00edtott. V\u00e1rosn\u00e9z\u00e9s\u00fcnk sor\u00e1n megtekintj\u00fck a piacteret \u00e9s a v\u00e1rosh\u00e1z\u00e1t, Luther szobr\u00e1t, (ebben az utc\u00e1ban, a h\u00e1zak falain a t\u00f6rt\u00e9nelem azon h\u00edres alakjainak nevei tal\u00e1lhat\u00f3ak, akik j\u00e1rtak Wittenbergben),a Wittenbergi egyetemet, a v\u00e1rosi templomot, ami Luther pr\u00e9dik\u00e1ci\u00f3inak sz\u00edntere volt (UNESCO Vil\u00e1g\u00f6r\u00f6ks\u00e9g), mellette van a V\u00e1rtemplom, aCorpus Christi k\u00e1poln\u00e1val, ahov\u00e1 kisz\u00f6gezte a t\u00e9ziseit Luther M\u00e1rton. Sz\u00e1ll\u00e1s. 3. nap: Eisleben \u2013 Erfurt (190 km) Eisleben,m\u00e1s n\u00e9ven Lutherv\u00e1ros. Ebben a v\u00e1rosban tal\u00e1lhat\u00f3 utunk n\u00e9vad\u00f3j\u00e1nak sz\u00fcl\u0151i h\u00e1za \u00e9s az a h\u00e1z ahol meghalt. Tov\u00e1bbi l\u00e1tv\u00e1nyoss\u00e1gok:Szent P\u00e9ter-P\u00e1l templom, ahol Luthert keresztelt\u00e9k, ill. a Szent Andr\u00e1s templom ahol van Luther sz\u00f3sz\u00e9ke. Az utols\u00f3 pr\u00e9dik\u00e1ci\u00f3j\u00e1t is itt tartotta. Ezek is az UNESCO Vil\u00e1g\u00f6r\u00f6ks\u00e9g r\u00e9szei. Erfurt a k\u00f6vetkez\u0151 meg\u00e1ll\u00f3nk, a v\u00e1rosn\u00e9z\u00e9s sor\u00e1n olyan \u00e9rdekes l\u00e1tnival\u00f3k v\u00e1rnak r\u00e1nk mint:\u00c1goston rendi kolostor, Keresked\u0151k h\u00eddja, mely 125 m hossz\u00fa \u00e9s 32 lak\u00e1s tal\u00e1lhat\u00f3 rajta \u00e9s a kis k\u00e9zm\u0171ves \u00fczletek. Tov\u00e1bbhaladva, R\u00e9gi Zsinag\u00f3ga &#8211; ezaz egyik legr\u00e9gebbr\u0151l fennmaradt k\u00f6z\u00e9pkori zsinag\u00f3ga, eredeti korabeli \u00e9kszer ki\u00e1ll\u00edt\u00e1ssal -, a r\u00e9gi erfurti egyetem \u00e9p\u00fclete, Szent M\u00e1ria katedr\u00e1lis \u00e9s St. Severikirche, melyekhez egy hatalmas l\u00e9pcs\u0151soron lehet f\u00f6ljutni, ahol szegedihez hasonl\u00f3 szabadt\u00e9ri j\u00e1t\u00e9kokat szoktat tartani. Ezt k\u00f6vet\u0151en elfoglaljuk sz\u00e1ll\u00e1sunkat. 4. nap: Wartburg &#8211; Eisenach \u2013 Regensburg (340 km) Reggeli ut\u00e1nWartburg v\u00e1r\u00e1ba megy\u00fcnk. A v\u00e1r az UNESCO Vil\u00e1g\u00f6r\u00f6ks\u00e9g list\u00e1j\u00e1n is szerepel. Itt ford\u00edtotta Luther n\u00e9met nyelvre az \u00daj testamentumot. A szob\u00e1ja eredetiben fennmaradt. A v\u00e1r a hegy tetej\u00e9n tal\u00e1lhat\u00f3 \u00e9s gyalog, kisbusszal vagy gyerekeknek szam\u00e1rh\u00e1ton lehet f\u00f6ljutni. Ezt k\u00f6vet\u0151en v\u00e1rosn\u00e9z\u00e9s Eisenachban. Ez Bach sz\u00fcl\u0151v\u00e1rosa. Itt tal\u00e1lhat\u00f3 a Bach h\u00e1z, a v\u00e1s\u00e1rt\u00e9ren a Szent Gy\u00f6rgy templom, ahol T\u00fcringiai Szent Erzs\u00e9bet megh\u00e1zasodott \u00e9s Johann Sebastian Bach keresztelkedett.Bach is \u00e9s a csal\u00e1d t\u00f6bbi tagja is sokat zen\u00e9ltebben a templomban. Eisenachban is van Luther h\u00e1z, ahol gyerekkor\u00e1ban az iskolai sz\u00fcneteket t\u00f6lt\u00f6tteak\u00e9s\u00f6bbi pr\u00e9dik\u00e1tor. D\u00e9lut\u00e1n \u00e9rkez\u00fcnk Regensburgba. A legszebb l\u00e1tnival\u00f3i: D\u00f3m, p\u00fcsp\u00f6ki palota, r\u00e9gi k\u00e1polna, Kepler Eml\u00e9kh\u00e1z \u00e9s a r\u00e9gi v\u00e1rosh\u00e1za. 2006-ban az \u00f3v\u00e1rost a Vil\u00e1g\u00f6r\u00f6ks\u00e9g r\u00e9sz\u00e9nek nyilv\u00e1n\u00edtott\u00e1k. Sz\u00e1ll\u00e1s Regensburg k\u00f6rny\u00e9k\u00e9n. 5. nap: Regensburg \u2013 Walhalla \u2013 Budapest (650 km) Reggeli ut\u00e1n elhagyva sz\u00e1ll\u00e1sunkat hazafel\u00e9 indulunk. Mai meg\u00e1ll\u00f3nk a Regensburg k\u00f6zel\u00e9ben tal\u00e1lhat\u00f3 Walhalla lesz. Walhalla a h\u00edrn\u00e9v temploma, amelyet I. Lajos bajor uralkod\u00f3 avatott fel 1842. okt\u00f3ber 18-\u00e1n. A kor\u00e1bbi korokban kiemelked\u0151 teljes\u00edtm\u00e9nyt ny\u00fajt\u00f3 n\u00e9met kapcsol\u00f3d\u00e1s\u00fa szem\u00e9lyek Pantheonjak\u00e9nt ismert \u00e9p\u00fcletben kb. 190 prominens szem\u00e9lyis\u00e9g mellszobra vagy eml\u00e9kt\u00e1bl\u00e1ja tal\u00e1lhat\u00f3. Nemcsak n\u00e9met sz\u00e1rmaz\u00e1s\u00fa emberekr\u0151l van itt sz\u00f3, helyet kapott itt pl. II. Katalin orosz c\u00e1rn\u0151,\u00e9sa flamand fest\u0151 Rubens is.Tov\u00e1bbutazunk \u00e9sr\u00f6vid pihen\u0151k beiktat\u00e1s\u00e1val az esti \u00f3r\u00e1kban \u00e9rkez\u00fcnk haza. Budapest ut\u00e1n mindenkit a felsz\u00e1ll\u00e1si hely\u00e9re sz\u00e1ll\u00edtunk. R\u00e9szv\u00e9teli d\u00edj: 92.000 Ft\/f\u0151 helyett most: 87.400 Ft\/f\u0151 Fakultat\u00edv vacsora (4 alkalom): 27.000 Ft Bel\u00e9p\u0151k \u00e1ra: kb. 30 \u20ac + 200 CZK<\/p>\n","protected":false},"author":1,"featured_media":0,"parent":0,"menu_order":0,"comment_status":"closed","ping_status":"closed","template":"","meta":{"footnotes":""},"class_list":["post-1121","page","type-page","status-publish","hentry"],"_links":{"self":[{"href":"https:\/\/www.goforgo.hu\/index.php\/wp-json\/wp\/v2\/pages\/1121","targetHints":{"allow":["GET"]}}],"collection":[{"href":"https:\/\/www.goforgo.hu\/index.php\/wp-json\/wp\/v2\/pages"}],"about":[{"href":"https:\/\/www.goforgo.hu\/index.php\/wp-json\/wp\/v2\/types\/page"}],"author":[{"embeddable":true,"href":"https:\/\/www.goforgo.hu\/index.php\/wp-json\/wp\/v2\/users\/1"}],"replies":[{"embeddable":true,"href":"https:\/\/www.goforgo.hu\/index.php\/wp-json\/wp\/v2\/comments?post=1121"}],"version-history":[{"count":3,"href":"https:\/\/www.goforgo.hu\/index.php\/wp-json\/wp\/v2\/pages\/1121\/revisions"}],"predecessor-version":[{"id":1124,"href":"https:\/\/www.goforgo.hu\/index.php\/wp-json\/wp\/v2\/pages\/1121\/revisions\/1124"}],"wp:attachment":[{"href":"https:\/\/www.goforgo.hu\/index.php\/wp-json\/wp\/v2\/media?parent=1121"}],"curies":[{"name":"wp","href":"https:\/\/api.w.org\/{rel}","templated":true}]}}