{"id":1126,"date":"2016-02-06T21:06:45","date_gmt":"2016-02-06T21:06:45","guid":{"rendered":"http:\/\/www.goforgo.hu\/?page_id=1126"},"modified":"2017-03-31T09:57:55","modified_gmt":"2017-03-31T09:57:55","slug":"nemetorszag","status":"publish","type":"page","link":"https:\/\/www.goforgo.hu\/index.php\/nemetorszag\/","title":{"rendered":"N\u00e9metorsz\u00e1g"},"content":{"rendered":"<h2 class=\"sw_s1_offer_item name\"><\/h2>\n<h2><a href=\"https:\/\/www.goforgo.hu\/index.php\/salzburg-es-kornyeke\/\">Salzburg \u00e9s k\u00f6rny\u00e9ke<\/a><\/h2>\n<h2 class=\"sw_s1_offer_item name\"><a href=\"https:\/\/www.goforgo.hu\/index.php\/regensburgba-hajoval-tuzijatek-a-dunan\/\" data-slimstat-clicked=\"false\" data-slimstat-type=\"2\" data-slimstat-tracking=\"false\" data-slimstat-callback=\"false\">Regensburgba haj\u00f3val, t\u0171zij\u00e1t\u00e9k a Niebelungengauban<\/a><\/h2>\n<h2 class=\"sw_s1_offer_title\"><a href=\"https:\/\/www.goforgo.hu\/index.php\/regensburgbol-hajoval-tuzijatek-a-wachauban\/\" data-slimstat-clicked=\"false\" data-slimstat-type=\"2\" data-slimstat-tracking=\"false\" data-slimstat-callback=\"false\">Haj\u00f3val Regensburgb\u00f3l Pozsonyba, Budapestre, napfordul\u00f3s t\u0171zij\u00e1t\u00e9k a Dun\u00e1n<\/a><\/h2>\n<h2>Luther nyom\u00e1ban<\/h2>\n<h2>Krist\u00e1lyok \u00e9s porcel\u00e1nok var\u00e1zs\u00e1ban,\u00a0\u00a0\u00a0\u00a0\u00a0\u00a0\u00a0\u00a0\u00a0 Pr\u00e1g\u00e1t\u00f3l\u2013Berlinig<\/h2>\n<h2><a href=\"https:\/\/www.goforgo.hu\/index.php\/budapest-passau-hajoval\/\">Budapest-Passau haj\u00f3\u00fat<\/a><\/h2>\n<h2><a href=\"https:\/\/www.goforgo.hu\/index.php\/passau-budapest-hajoval\/\">Passau-Budapest haj\u00f3val<\/a><\/h2>\n<h2 class=\"post-title\">\u201cHadak \u00datj\u00e1n\u201d T\u00f6rt\u00e9nelmi eml\u00e9kt\u00fara: Berlin \u2013 Peenem\u00fcnde \u2013 Sassnitz \u2013 Prora<\/h2>\n<h2>S\u00f6rfesztiv\u00e1l M\u00fcnchenben<\/h2>\n<h2>S\u00f6rfesztiv\u00e1l M\u00fcnchenben &#8211; NON STOP<\/h2>\n","protected":false},"excerpt":{"rendered":"<p>Salzburg \u00e9s k\u00f6rny\u00e9ke Regensburgba haj\u00f3val, t\u0171zij\u00e1t\u00e9k a Niebelungengauban Haj\u00f3val Regensburgb\u00f3l Pozsonyba, Budapestre, napfordul\u00f3s t\u0171zij\u00e1t\u00e9k a Dun\u00e1n Luther nyom\u00e1ban Krist\u00e1lyok \u00e9s porcel\u00e1nok var\u00e1zs\u00e1ban,\u00a0\u00a0\u00a0\u00a0\u00a0\u00a0\u00a0\u00a0\u00a0 Pr\u00e1g\u00e1t\u00f3l\u2013Berlinig Budapest-Passau haj\u00f3\u00fat Passau-Budapest haj\u00f3val \u201cHadak \u00datj\u00e1n\u201d T\u00f6rt\u00e9nelmi eml\u00e9kt\u00fara: Berlin \u2013 Peenem\u00fcnde \u2013 Sassnitz \u2013 Prora S\u00f6rfesztiv\u00e1l M\u00fcnchenben S\u00f6rfesztiv\u00e1l M\u00fcnchenben &#8211; NON STOP<\/p>\n","protected":false},"author":1,"featured_media":0,"parent":0,"menu_order":0,"comment_status":"closed","ping_status":"closed","template":"","meta":{"footnotes":""},"class_list":["post-1126","page","type-page","status-publish","hentry"],"_links":{"self":[{"href":"https:\/\/www.goforgo.hu\/index.php\/wp-json\/wp\/v2\/pages\/1126","targetHints":{"allow":["GET"]}}],"collection":[{"href":"https:\/\/www.goforgo.hu\/index.php\/wp-json\/wp\/v2\/pages"}],"about":[{"href":"https:\/\/www.goforgo.hu\/index.php\/wp-json\/wp\/v2\/types\/page"}],"author":[{"embeddable":true,"href":"https:\/\/www.goforgo.hu\/index.php\/wp-json\/wp\/v2\/users\/1"}],"replies":[{"embeddable":true,"href":"https:\/\/www.goforgo.hu\/index.php\/wp-json\/wp\/v2\/comments?post=1126"}],"version-history":[{"count":9,"href":"https:\/\/www.goforgo.hu\/index.php\/wp-json\/wp\/v2\/pages\/1126\/revisions"}],"predecessor-version":[{"id":3246,"href":"https:\/\/www.goforgo.hu\/index.php\/wp-json\/wp\/v2\/pages\/1126\/revisions\/3246"}],"wp:attachment":[{"href":"https:\/\/www.goforgo.hu\/index.php\/wp-json\/wp\/v2\/media?parent=1126"}],"curies":[{"name":"wp","href":"https:\/\/api.w.org\/{rel}","templated":true}]}}