{"id":113,"date":"2015-10-27T05:13:43","date_gmt":"2015-10-27T05:13:43","guid":{"rendered":"http:\/\/www.goforgo.hu\/?page_id=113"},"modified":"2017-09-15T17:53:28","modified_gmt":"2017-09-15T17:53:28","slug":"schlosshof-es-kopcseny-a-csoki-csarda","status":"publish","type":"page","link":"https:\/\/www.goforgo.hu\/index.php\/schlosshof-es-kopcseny-a-csoki-csarda\/","title":{"rendered":"B\u00e9csi Advent \u00e9s K\u00f6pcs\u00e9ny, a Csoki Cs\u00e1rda"},"content":{"rendered":"<p class=\"western\"><span style=\"font-size: medium;\"><b>Id\u0151pont<\/b>: <b>2017.12.06.\u00a0\u00a0\u00a0\u00a0\u00a0\u00a0\u00a0\u00a0\u00a0\u00a0\u00a0\u00a0\u00a0\u00a0\u00a0\u00a0\u00a0\u00a0\u00a0\u00a0\u00a0\u00a0\u00a0\u00a0\u00a0\u00a0\u00a0\u00a0 Poz\u00edci\u00f3sz\u00e1m: 17\/AWK\/09<\/b><\/span><\/p>\n<p class=\"western\"><span style=\"font-size: medium;\"><span style=\"font-size: medium;\"><b>Utaz\u00e1s:<\/b><\/span><span style=\"font-size: medium;\"> az utasl\u00e9tsz\u00e1mnak megfelel\u0151 aut\u00f3busszal<\/span><\/span><\/p>\n<p class=\"western\"><span style=\"font-size: medium;\"><span style=\"font-size: medium;\"><b>\u00datvonal:<\/b><\/span><span style=\"font-size: medium;\"> Budapest \u2013 K\u00f6pcs\u00e9ny <span style=\"font-size: medium;\"><span style=\"font-size: medium;\">\u2013<\/span><\/span> B\u00e9cs \u2013 Budapest\u00a0\u00a0\u00a0\u00a0\u00a0\u00a0\u00a0\u00a0\u00a0\u00a0\u00a0\u00a0\u00a0\u00a0\u00a0 <\/span><\/span><\/p>\n<p class=\"western\"><span style=\"font-size: medium;\"><span style=\"font-size: medium;\"><b>Ell\u00e1t\u00e1s:<\/b><\/span><span style=\"font-size: medium;\"> \u00f6nell\u00e1t\u00f3<\/span><\/span><\/p>\n<p class=\"western\" style=\"text-align: right;\"><a href=\"https:\/\/www.goforgo.hu\/index.php\/advent-pozsonyban\/honlap-kodok-odtzold-nyomtato-ikon-illusztracio-feher-szamitogep\/\" rel=\"attachment wp-att-1938\"><img loading=\"lazy\" decoding=\"async\" class=\"alignnone size-full wp-image-1938\" src=\"https:\/\/www.goforgo.hu\/wp-content\/uploads\/2016\/09\/honlap-k\u00f3dok.odtz\u00f6ld-nyomtat\u00f3-ikon-illusztr\u00e1ci\u00f3-feh\u00e9r-sz\u00e1m\u00edt\u00f3g\u00e9p-e1475828334767.jpg\" alt=\"zold-nyomtato\" width=\"39\" height=\"42\" \/><\/a> nyomtathat\u00f3 verzi\u00f3:<\/p>\n<p class=\"western\"><span style=\"font-size: medium;\"><em><span style=\"font-size: medium;\"><b>Indul\u00e1s:<\/b><\/span><\/em><b> <\/b><\/span><\/p>\n<p class=\"western\"><span style=\"font-size: medium;\"><span style=\"font-size: medium;\"><b>5:40 \u2013 <\/b>kor Pestszentl\u0151rinc, \u00dcll\u0151i \u00fat 379-381. LIDL parkol\u00f3<br \/>\n<\/span><\/span><\/p>\n<p class=\"western\"><span style=\"font-size: medium;\"><span style=\"font-size: medium;\"><b> 6:00 <\/b><\/span><span style=\"font-size: medium;\">\u2013 <\/span><span style=\"font-size: medium;\">kor N\u00e9pliget, M3 n\u00e9pligeti metr\u00f3meg\u00e1ll\u00f3, Planet\u00e1rium el\u0151l <\/span><\/span><\/p>\n<p class=\"western\"><span style=\"font-size: medium;\"><span style=\"font-size: medium;\"><b> 6:30 <\/b><\/span><span style=\"font-size: medium;\"><b>\u2013<\/b> kor B\u00e9k\u00e1smegyer, H\u00c9V, 160-as buszfordul\u00f3 (felt\u00e9teles)<br \/>\n<\/span><\/span><\/p>\n<p class=\"western\" style=\"text-align: center;\"><img loading=\"lazy\" decoding=\"async\" id=\"irc_mi\" class=\"\" src=\"http:\/\/www.legourmand.de\/images\/FoodLife_Schokolade.JPG\" alt=\"\" width=\"496\" height=\"329\" \/><\/p>\n<p class=\"western\" style=\"text-align: center;\"><span style=\"font-size: large;\"><u>Program<\/u><\/span><\/p>\n<p align=\"justify\"><span style=\"font-size: medium;\">Utaz\u00e1s r\u00f6vid pihen\u0151vel, \u00e9rkez\u00e9s <\/span><span style=\"font-size: medium;\"><b>Kittseebe, a h\u00edres Hauswirth csokol\u00e1d\u00e9gy\u00e1rba<\/b><\/span><span style=\"font-size: medium;\">. Az 1949-ben B\u00e9csben alap\u00edtott cukr\u00e1szd\u00e1b\u00f3l a Hauswirth csal\u00e1d Ausztria legnagyobb szezon\u00e1lis csokiterm\u00e9keket el\u0151\u00e1ll\u00edt\u00f3 gy\u00e1r\u00e1t fejlesztette ki. Csoki figur\u00e1k \u00e9s egy\u00e9b term\u00e9kek v\u00e1s\u00e1rl\u00e1si lehet\u0151s\u00e9ge a gy\u00e1r mintaboltj\u00e1ban, <\/span><span style=\"font-size: medium;\"><b>a Csoki-cs\u00e1rd\u00e1ban. <\/b><\/span><\/p>\n<p align=\"justify\"><img loading=\"lazy\" decoding=\"async\" id=\"irc_mi\" class=\"aligncenter\" src=\"https:\/\/www.adventbecs.hu\/uploads\/slider\/3\/n_belvedere_0_50685700_1413101524.jpg\" alt=\"\" width=\"615\" height=\"294\" \/><\/p>\n<p align=\"justify\"><span style=\"font-size: medium;\">Kora d\u00e9lut\u00e1n \u00e9rkez\u00f6nk az osztr\u00e1k f\u0151v\u00e1rosba. Szabad id\u0151nket <\/span><span style=\"font-size: medium;\"><b>a B\u00e9csi Andenti V\u00e1s\u00e1rban t\u00f6ltj\u00fck. <\/b><\/span><span style=\"font-size: medium;\">R\u00f6vid s\u00e9t\u00e1nk alatt megismerkedhet\u00fcnk a belv\u00e1ros nevezetess\u00e9geivel, (Hofburg, Stefans Dom, Burgtheater, v\u00e1rosh\u00e1za). Szabadid\u0151, majd indulunk haza.<\/span><\/p>\n<p align=\"justify\"><span style=\"font-size: medium;\">Budapestre v\u00e1rhat\u00f3an az esti \u00f3r\u00e1kban \u00e9rkez\u00fcnk vissza. Lesz\u00e1ll\u00e1si lehet\u0151s\u00e9g a felsz\u00e1ll\u00e1ssal megegyez\u0151 helyeken.<\/span><\/p>\n<p style=\"text-align: center;\" align=\"justify\"><strong><span style=\"font-size: x-large;\">R\u00e9szv\u00e9teli d\u00edj: 6.500 Ft\/F\u0151<\/span><\/strong><\/p>\n<p class=\"western\"><span style=\"font-size: small;\"><span style=\"font-size: small;\"><u><b>A r\u00e9szv\u00e9teli d\u00edj tartalmazza: <\/b><\/u><\/span><span style=\"font-size: small;\"><i>aut\u00f3buszos utaz\u00e1s k\u00f6lts\u00e9geit.<\/i><\/span><\/span><\/p>\n<p class=\"western\"><span style=\"font-size: small;\"><span style=\"font-size: small;\"><u><b>A r\u00e9szv\u00e9teli d\u00edj nem tartalmazza<\/b><\/u><\/span><span style=\"font-size: small;\"><u>:<\/u><\/span><span style=\"font-size: small;\"><i> a BBP \u2013 biztos\u00edt\u00e1st, mely irod\u00e1inkban megk\u00f6thet\u0151k.<\/i><\/span><\/span><\/p>\n<p lang=\"hu-HU\" align=\"center\"><span style=\"font-size: small;\"><b>\u00c9LM\u00c9NYEKBEN GAZDAG UTAZ\u00c1ST,<\/b><\/span><i><b> <\/b><\/i><span style=\"font-size: small;\"><b>J\u00d3 SZ\u00d3RAKOZ\u00c1ST K\u00cdV\u00c1NUNK!<\/b><\/span><\/p>\n","protected":false},"excerpt":{"rendered":"<p>Id\u0151pont: 2017.12.06.\u00a0\u00a0\u00a0\u00a0\u00a0\u00a0\u00a0\u00a0\u00a0\u00a0\u00a0\u00a0\u00a0\u00a0\u00a0\u00a0\u00a0\u00a0\u00a0\u00a0\u00a0\u00a0\u00a0\u00a0\u00a0\u00a0\u00a0\u00a0 Poz\u00edci\u00f3sz\u00e1m: 17\/AWK\/09 Utaz\u00e1s: az utasl\u00e9tsz\u00e1mnak megfelel\u0151 aut\u00f3busszal \u00datvonal: Budapest \u2013 K\u00f6pcs\u00e9ny \u2013 B\u00e9cs \u2013 Budapest\u00a0\u00a0\u00a0\u00a0\u00a0\u00a0\u00a0\u00a0\u00a0\u00a0\u00a0\u00a0\u00a0\u00a0\u00a0 Ell\u00e1t\u00e1s: \u00f6nell\u00e1t\u00f3 nyomtathat\u00f3 verzi\u00f3: Indul\u00e1s: 5:40 \u2013 kor Pestszentl\u0151rinc, \u00dcll\u0151i \u00fat 379-381. LIDL parkol\u00f3 6:00 \u2013 kor N\u00e9pliget, M3 n\u00e9pligeti metr\u00f3meg\u00e1ll\u00f3, Planet\u00e1rium el\u0151l 6:30 \u2013 kor B\u00e9k\u00e1smegyer, H\u00c9V, 160-as buszfordul\u00f3 (felt\u00e9teles) Program Utaz\u00e1s r\u00f6vid pihen\u0151vel, \u00e9rkez\u00e9s Kittseebe, a h\u00edres Hauswirth csokol\u00e1d\u00e9gy\u00e1rba. Az 1949-ben B\u00e9csben alap\u00edtott cukr\u00e1szd\u00e1b\u00f3l a Hauswirth csal\u00e1d Ausztria legnagyobb szezon\u00e1lis csokiterm\u00e9keket el\u0151\u00e1ll\u00edt\u00f3 gy\u00e1r\u00e1t fejlesztette ki. Csoki figur\u00e1k \u00e9s egy\u00e9b term\u00e9kek v\u00e1s\u00e1rl\u00e1si lehet\u0151s\u00e9ge a gy\u00e1r mintaboltj\u00e1ban, a Csoki-cs\u00e1rd\u00e1ban. Kora d\u00e9lut\u00e1n \u00e9rkez\u00f6nk az osztr\u00e1k f\u0151v\u00e1rosba. Szabad id\u0151nket a B\u00e9csi Andenti V\u00e1s\u00e1rban t\u00f6ltj\u00fck. R\u00f6vid s\u00e9t\u00e1nk alatt megismerkedhet\u00fcnk a belv\u00e1ros nevezetess\u00e9geivel, (Hofburg, Stefans Dom, Burgtheater, v\u00e1rosh\u00e1za). Szabadid\u0151, majd indulunk haza. Budapestre v\u00e1rhat\u00f3an az esti \u00f3r\u00e1kban \u00e9rkez\u00fcnk vissza. Lesz\u00e1ll\u00e1si lehet\u0151s\u00e9g a felsz\u00e1ll\u00e1ssal megegyez\u0151 helyeken. R\u00e9szv\u00e9teli d\u00edj: 6.500 Ft\/F\u0151 A r\u00e9szv\u00e9teli d\u00edj tartalmazza: aut\u00f3buszos utaz\u00e1s k\u00f6lts\u00e9geit. A r\u00e9szv\u00e9teli d\u00edj nem tartalmazza: a BBP \u2013 biztos\u00edt\u00e1st, mely irod\u00e1inkban megk\u00f6thet\u0151k. \u00c9LM\u00c9NYEKBEN GAZDAG UTAZ\u00c1ST, J\u00d3 SZ\u00d3RAKOZ\u00c1ST K\u00cdV\u00c1NUNK!<\/p>\n","protected":false},"author":1,"featured_media":0,"parent":0,"menu_order":0,"comment_status":"closed","ping_status":"closed","template":"","meta":{"footnotes":""},"class_list":["post-113","page","type-page","status-publish","hentry"],"_links":{"self":[{"href":"https:\/\/www.goforgo.hu\/index.php\/wp-json\/wp\/v2\/pages\/113","targetHints":{"allow":["GET"]}}],"collection":[{"href":"https:\/\/www.goforgo.hu\/index.php\/wp-json\/wp\/v2\/pages"}],"about":[{"href":"https:\/\/www.goforgo.hu\/index.php\/wp-json\/wp\/v2\/types\/page"}],"author":[{"embeddable":true,"href":"https:\/\/www.goforgo.hu\/index.php\/wp-json\/wp\/v2\/users\/1"}],"replies":[{"embeddable":true,"href":"https:\/\/www.goforgo.hu\/index.php\/wp-json\/wp\/v2\/comments?post=113"}],"version-history":[{"count":25,"href":"https:\/\/www.goforgo.hu\/index.php\/wp-json\/wp\/v2\/pages\/113\/revisions"}],"predecessor-version":[{"id":3648,"href":"https:\/\/www.goforgo.hu\/index.php\/wp-json\/wp\/v2\/pages\/113\/revisions\/3648"}],"wp:attachment":[{"href":"https:\/\/www.goforgo.hu\/index.php\/wp-json\/wp\/v2\/media?parent=113"}],"curies":[{"name":"wp","href":"https:\/\/api.w.org\/{rel}","templated":true}]}}