{"id":1200,"date":"2016-02-07T20:20:14","date_gmt":"2016-02-07T20:20:14","guid":{"rendered":"http:\/\/www.goforgo.hu\/?page_id=1200"},"modified":"2026-03-27T17:19:00","modified_gmt":"2026-03-27T17:19:00","slug":"erdelyen-at-a-duna-deltaba","status":"publish","type":"page","link":"https:\/\/www.goforgo.hu\/index.php\/erdelyen-at-a-duna-deltaba\/","title":{"rendered":"Erd\u00e9lyen \u00e1t a Duna-delt\u00e1ba"},"content":{"rendered":"<p class=\"western\"><strong>Id\u0151pont: 2026. augusztus 4-9., 6 nap\/5 \u00e9jszaka.<\/strong><\/p>\n<p><strong>Elhelyez\u00e9s<\/strong>: *** sz\u00e1llod\u00e1ban, 2 \u00e1gyas, f\u00fcrd\u0151szob\u00e1s szob\u00e1kban, valamint faluturizmusban<\/p>\n<p><strong>Utaz\u00e1s<\/strong>: k\u00e9nyelmes l\u00e9gkondicion\u00e1lt aut\u00f3busszal<\/p>\n<p><strong>Ell\u00e1t\u00e1s: <\/strong>f\u00e9lpanzi\u00f3 a program szerint<\/p>\n<p><strong>Idegenvezet\u00e9s<\/strong>: az utaz\u00e1s teljes tartama alatt<\/p>\n<p><strong>Program:<\/strong><\/p>\n<ol>\n<li><strong>nap: Nagyv\u00e1rad \u2013 Kolozsv\u00e1r \u2013 Sz\u00e9kelyszentl\u00e9lek<\/strong><\/li>\n<\/ol>\n<p>Kora reggeli indul\u00e1s Budapestr\u0151l. Hat\u00e1r\u00e1tkel\u00e9s \u00c1rt\u00e1ndn\u00e1l. Pihen\u0151 Nagyv\u00e1radon \u00e9s Kolozsv\u00e1ron, amennyiben az id\u0151beoszt\u00e1s lehet\u0151v\u00e9 teszi v\u00e1rosn\u00e9z\u00e9s. \u00c1tkelve Bels\u0151-Erd\u00e9lyen el\u00e9rj\u00fck a Sz\u00e9kelyf\u00f6ldet. A K\u00fck\u00fcll\u0151 ment\u00e9n, Sz\u00e9kelyszentl\u00e9leken vacsora \u00e9s sz\u00e1ll\u00e1s.<\/p>\n<p><a href=\"https:\/\/www.goforgo.hu\/index.php\/erdelyen-at-a-duna-deltaba\/erdelyen-at-a-duna-deltaba-4-820x615\/\" rel=\"attachment wp-att-7898\"><img loading=\"lazy\" decoding=\"async\" class=\"alignnone size-full wp-image-7898\" src=\"https:\/\/www.goforgo.hu\/wp-content\/uploads\/2026\/03\/Erdelyen-at-a-Duna-deltaba-4-820x615-1.jpg\" alt=\"\" width=\"820\" height=\"615\" srcset=\"https:\/\/www.goforgo.hu\/wp-content\/uploads\/2026\/03\/Erdelyen-at-a-Duna-deltaba-4-820x615-1.jpg 820w, https:\/\/www.goforgo.hu\/wp-content\/uploads\/2026\/03\/Erdelyen-at-a-Duna-deltaba-4-820x615-1-768x576.jpg 768w\" sizes=\"auto, (max-width: 820px) 100vw, 820px\" \/><\/a><\/p>\n<ol start=\"2\">\n<li><strong>nap: Cs\u00edksomly\u00f3 \u2013 Gyimesb\u00fckk \u2013 Galac \u2013 Tulcea<\/strong><\/li>\n<\/ol>\n<p>Reggeli ut\u00e1n utaz\u00e1s a Hargit\u00e1n \u00e1t a Cs\u00edki-medenc\u00e9be. Cs\u00edksomly\u00f3n felkeress\u00fck a Kegytemplomot, majd a Gyimesi-v\u00f6lgy fel\u00e9 vessz\u00fck utunkat. K\u00f6vetkez\u0151 \u00e1llom\u00e1sunk a Gyimesi-szorosban Gyimesb\u00fckk: az \u00fajj\u00e1\u00e9p\u00fclt R\u00e1k\u00f3czi v\u00e1r \u00e9s az egykori hat\u00e1ron \u00e1ll\u00f3 vas\u00fati \u0151rh\u00e1zban berendezett kis m\u00fazeum. Moldv\u00e1ba \u00e9rve a Tatros, majd a Szeret v\u00f6lgy\u00e9ben utazunk az Al-Dun\u00e1ig, Braila mellet az \u00faj, csod\u00e1latos m\u00e9rn\u00f6ki teljes\u00edtm\u00e9nynek is nevezhet\u0151 h\u00eddon \u00e1tmegy\u00fcnk a sz\u00e9lesen h\u00f6mp\u00f6lyg\u0151 Duna felett, majd a dobrudzsai oldalon utazunk tov\u00e1bb a delta f\u0151v\u00e1ros\u00e1ba, Tulcea-ra. Vacsora \u00e9s sz\u00e1ll\u00e1s. (3 \u00e9j)<\/p>\n<p><a href=\"https:\/\/www.goforgo.hu\/index.php\/erdelyen-at-a-duna-deltaba\/erdelyen-at-a-duna-deltaba-1\/\" rel=\"attachment wp-att-7899\"><img loading=\"lazy\" decoding=\"async\" class=\"alignnone size-large wp-image-7899\" src=\"https:\/\/www.goforgo.hu\/wp-content\/uploads\/2026\/03\/Erdelyen-at-a-Duna-deltaba-1-1024x768.jpg\" alt=\"\" width=\"960\" height=\"720\" srcset=\"https:\/\/www.goforgo.hu\/wp-content\/uploads\/2026\/03\/Erdelyen-at-a-Duna-deltaba-1-1024x768.jpg 1024w, https:\/\/www.goforgo.hu\/wp-content\/uploads\/2026\/03\/Erdelyen-at-a-Duna-deltaba-1-768x576.jpg 768w, https:\/\/www.goforgo.hu\/wp-content\/uploads\/2026\/03\/Erdelyen-at-a-Duna-deltaba-1-1140x855.jpg 1140w, https:\/\/www.goforgo.hu\/wp-content\/uploads\/2026\/03\/Erdelyen-at-a-Duna-deltaba-1.jpg 1280w\" sizes=\"auto, (max-width: 960px) 100vw, 960px\" \/><\/a><\/p>\n<ol start=\"3\">\n<li><strong>nap: Haj\u00f3kir\u00e1ndul\u00e1s a Dun\u00e1n<\/strong><\/li>\n<\/ol>\n<p>D\u00e9lel\u0151tt haj\u00f3ra sz\u00e1llunk. 6 \u00f3r\u00e1s haj\u00f3kir\u00e1ndul\u00e1sunkon bebarangoljuk a delta fels\u0151 vid\u00e9k\u00e9n a szulinai \u00e9s a kiliai \u00e1gak k\u00f6z\u00f6tti p\u00e1ratlan v\u00edzivil\u00e1got a 35-\u00f6s m\u00e9rf\u00f6ld csatorn\u00e1j\u00e1n, a Sontea csatorn\u00e1n \u00e1t a Bolond-t\u00f3ig. A kir\u00e1ndul\u00e1s alatt a fed\u00e9lzeten helyi halspecialit\u00e1sokat k\u00f3stolhatunk. A Tulce\u00e1ba t\u00f6rt\u00e9n\u0151 d\u00e9lut\u00e1ni vissza\u00e9rkez\u00e9s ut\u00e1n szabadprogram, lehet\u0151s\u00e9g a Duna-delta M\u00fazeum megtekint\u00e9s\u00e9re, majd vacsora.<\/p>\n<ol start=\"4\">\n<li><strong>nap: Szulina \u2013 Fekete-tenger<\/strong><\/li>\n<\/ol>\n<p>Reggel gyorshaj\u00f3ra sz\u00e1llunk \u00e9s m\u00e1sf\u00e9l \u00f3ra alatt v\u00e9gigsz\u00e1guldunk a Duna szulinai \u00e1g\u00e1n eg\u00e9szen a torkolatig, Szulin\u00e1ig. Ez a Duna tengeri szakasza, itt m\u00e1r nagy, tengeri haj\u00f3kkal is tal\u00e1lkozunk. Napunkat itt, Szulin\u00e1n t\u00f6ltj\u00fck a kis, csak v\u00edzen megk\u00f6zel\u00edthet\u0151 kik\u00f6t\u0151v\u00e1rosban. Meg\u00e9rkez\u00e9s ut\u00e1n kisebb v\u00edzi j\u00e1rm\u0171veinkkel izgalmas kir\u00e1ndul\u00e1st tesz\u00fcnk a Duna hossz\u00fa \u00fatj\u00e1nak v\u00e9gs\u0151 kilom\u00e9terein eg\u00e9szen a Fekete-tengerig. Megker\u00fclve a Fekete-tengerbe t\u00f6bb kilom\u00e9ter hosszan beny\u00fal\u00f3 g\u00e1tat kik\u00f6t\u00fcnk a homokos tengerparton, ahol strandol\u00e1sra is m\u00f3d ny\u00edlik. K\u00e9s\u0151 d\u00e9lut\u00e1n gyorshaj\u00f3nk visszavisz minket Tulce\u00e1ra. Itt ism\u00e9t vacsora \u00e9s sz\u00e1ll\u00e1s.<\/p>\n<p><a href=\"https:\/\/www.goforgo.hu\/index.php\/erdelyen-at-a-duna-deltaba\/erdelyen-at-a-duna-deltaba-2\/\" rel=\"attachment wp-att-7900\"><img loading=\"lazy\" decoding=\"async\" class=\"alignnone size-large wp-image-7900\" src=\"https:\/\/www.goforgo.hu\/wp-content\/uploads\/2026\/03\/Erdelyen-at-a-Duna-deltaba-2-1024x685.jpg\" alt=\"\" width=\"960\" height=\"642\" srcset=\"https:\/\/www.goforgo.hu\/wp-content\/uploads\/2026\/03\/Erdelyen-at-a-Duna-deltaba-2-1024x685.jpg 1024w, https:\/\/www.goforgo.hu\/wp-content\/uploads\/2026\/03\/Erdelyen-at-a-Duna-deltaba-2-768x514.jpg 768w, https:\/\/www.goforgo.hu\/wp-content\/uploads\/2026\/03\/Erdelyen-at-a-Duna-deltaba-2.jpg 1100w\" sizes=\"auto, (max-width: 960px) 100vw, 960px\" \/><\/a><\/p>\n<ol start=\"5\">\n<li><strong>nap: K\u00e9zdiv\u00e1s\u00e1rhely \u2013 Nyerges-tet\u0151 \u2013 Sz\u00e9kelyszentl\u00e9lek<\/strong><\/li>\n<\/ol>\n<p>B\u00facs\u00fat intve a delt\u00e1nak, majd a Braila-i h\u00eddr\u00f3l Dobrudzs\u00e1nak ism\u00e9t a Szeret v\u00f6lgy\u00e9ben utazunk. Ez\u00fattal nem a Gyimesi-, hanem az Ojtozi-szoroson kel\u00fcnk \u00e1t a K\u00e1rp\u00e1tokon. R\u00f6vid v\u00e1rosn\u00e9z\u00e9s \u00e9s pihen\u0151 H\u00e1romsz\u00e9k f\u0151v\u00e1ros\u00e1ban, K\u00e9zdiv\u00e1s\u00e1rhelyen, majd a K\u00e1szon vid\u00e9k\u00e9n el\u00e9rj\u00fck a Nyerges-tet\u0151t. F\u0151hajt\u00e1s nemzeti eml\u00e9khely\u00fcnk\u00f6n. Leereszkedve a Cs\u00edki-medenc\u00e9be, \u00e1tkelve a Hargit\u00e1n vacsora \u00e9s sz\u00e1ll\u00e1s Sz\u00e9kelyszentl\u00e9leken.<\/p>\n<p><strong>6.nap: Marosv\u00e1s\u00e1rhely<\/strong><\/p>\n<p>Udvarhely vid\u00e9k\u00e9t elhagyva Marosv\u00e1s\u00e1rhelyre utazunk. Pihen\u0151 a v\u00e1ros k\u00f6zpontj\u00e1ban, majd utaz\u00e1s tov\u00e1bb. Bels\u0151-Erd\u00e9lyt az aut\u00f3p\u00e1ly\u00e1n szelj\u00fck \u00e1t, majd Gyalut\u00f3l hegyek k\u00f6z\u00f6tt utazunk. A Kir\u00e1ly-h\u00e1g\u00f3 ut\u00e1n ki\u00e9rve az Alf\u00f6ldre \u00e1rt\u00e1ndi hat\u00e1r\u00e1tkel\u00e9st\u00a0 k\u00f6vet\u0151en \u00e9rkez\u00fcnk Budapestre az esti \u00f3r\u00e1kban.<\/p>\n<h2 class=\"sw_s1_offer_program_title\" style=\"text-align: center;\"><strong>R\u00e9szv\u00e9teli d\u00edj:<\/strong> 277 000 Ft\/f\u0151<\/h2>\n<p><strong>Egy\u00e1gyas fel\u00e1r<\/strong>: 44 200 Ft\/f\u0151<\/p>\n<p><strong>K\u00f6telez\u0151 \u00fatlemond\u00e1si biztos\u00edt\u00e1s:<\/strong> 2,5 %<\/p>\n<p><strong>K\u00f6telez\u0151 Baleset-, betegs\u00e9g-, poggy\u00e1szbiztos\u00edt\u00e1s: <\/strong>3 900 Ft\/f\u0151<\/p>\n<p><em>A r\u00e9szv\u00e9teli d\u00edj a bel\u00e9p\u0151k k\u00f6lts\u00e9geit (kb. 60 RON)\u00a0 nem tartalmazza.<\/em><\/p>\n","protected":false},"excerpt":{"rendered":"<p>Id\u0151pont: 2026. augusztus 4-9., 6 nap\/5 \u00e9jszaka. Elhelyez\u00e9s: *** sz\u00e1llod\u00e1ban, 2 \u00e1gyas, f\u00fcrd\u0151szob\u00e1s szob\u00e1kban, valamint faluturizmusban Utaz\u00e1s: k\u00e9nyelmes l\u00e9gkondicion\u00e1lt aut\u00f3busszal Ell\u00e1t\u00e1s: f\u00e9lpanzi\u00f3 a program szerint Idegenvezet\u00e9s: az utaz\u00e1s teljes tartama alatt Program: nap: Nagyv\u00e1rad \u2013 Kolozsv\u00e1r \u2013 Sz\u00e9kelyszentl\u00e9lek Kora reggeli indul\u00e1s Budapestr\u0151l. Hat\u00e1r\u00e1tkel\u00e9s \u00c1rt\u00e1ndn\u00e1l. Pihen\u0151 Nagyv\u00e1radon \u00e9s Kolozsv\u00e1ron, amennyiben az id\u0151beoszt\u00e1s lehet\u0151v\u00e9 teszi v\u00e1rosn\u00e9z\u00e9s. \u00c1tkelve Bels\u0151-Erd\u00e9lyen el\u00e9rj\u00fck a Sz\u00e9kelyf\u00f6ldet. A K\u00fck\u00fcll\u0151 ment\u00e9n, Sz\u00e9kelyszentl\u00e9leken vacsora \u00e9s sz\u00e1ll\u00e1s. nap: Cs\u00edksomly\u00f3 \u2013 Gyimesb\u00fckk \u2013 Galac \u2013 Tulcea Reggeli ut\u00e1n utaz\u00e1s a Hargit\u00e1n \u00e1t a Cs\u00edki-medenc\u00e9be. Cs\u00edksomly\u00f3n felkeress\u00fck a Kegytemplomot, majd a Gyimesi-v\u00f6lgy fel\u00e9 vessz\u00fck utunkat. K\u00f6vetkez\u0151 \u00e1llom\u00e1sunk a Gyimesi-szorosban Gyimesb\u00fckk: az \u00fajj\u00e1\u00e9p\u00fclt R\u00e1k\u00f3czi v\u00e1r \u00e9s az egykori hat\u00e1ron \u00e1ll\u00f3 vas\u00fati \u0151rh\u00e1zban berendezett kis m\u00fazeum. Moldv\u00e1ba \u00e9rve a Tatros, majd a Szeret v\u00f6lgy\u00e9ben utazunk az Al-Dun\u00e1ig, Braila mellet az \u00faj, csod\u00e1latos m\u00e9rn\u00f6ki teljes\u00edtm\u00e9nynek is nevezhet\u0151 h\u00eddon \u00e1tmegy\u00fcnk a sz\u00e9lesen h\u00f6mp\u00f6lyg\u0151 Duna felett, majd a dobrudzsai oldalon utazunk tov\u00e1bb a delta f\u0151v\u00e1ros\u00e1ba, Tulcea-ra. Vacsora \u00e9s sz\u00e1ll\u00e1s. (3 \u00e9j) nap: Haj\u00f3kir\u00e1ndul\u00e1s a Dun\u00e1n D\u00e9lel\u0151tt haj\u00f3ra sz\u00e1llunk. 6 \u00f3r\u00e1s haj\u00f3kir\u00e1ndul\u00e1sunkon bebarangoljuk a delta fels\u0151 vid\u00e9k\u00e9n a szulinai \u00e9s a kiliai \u00e1gak k\u00f6z\u00f6tti p\u00e1ratlan v\u00edzivil\u00e1got a 35-\u00f6s m\u00e9rf\u00f6ld csatorn\u00e1j\u00e1n, a Sontea csatorn\u00e1n \u00e1t a Bolond-t\u00f3ig. A kir\u00e1ndul\u00e1s alatt a fed\u00e9lzeten helyi halspecialit\u00e1sokat k\u00f3stolhatunk. A Tulce\u00e1ba t\u00f6rt\u00e9n\u0151 d\u00e9lut\u00e1ni vissza\u00e9rkez\u00e9s ut\u00e1n szabadprogram, lehet\u0151s\u00e9g a Duna-delta M\u00fazeum megtekint\u00e9s\u00e9re, majd vacsora. nap: Szulina \u2013 Fekete-tenger Reggel gyorshaj\u00f3ra sz\u00e1llunk \u00e9s m\u00e1sf\u00e9l \u00f3ra alatt v\u00e9gigsz\u00e1guldunk a Duna szulinai \u00e1g\u00e1n eg\u00e9szen a torkolatig, Szulin\u00e1ig. Ez a Duna tengeri szakasza, itt m\u00e1r nagy, tengeri haj\u00f3kkal is tal\u00e1lkozunk. Napunkat itt, Szulin\u00e1n t\u00f6ltj\u00fck a kis, csak v\u00edzen megk\u00f6zel\u00edthet\u0151 kik\u00f6t\u0151v\u00e1rosban. Meg\u00e9rkez\u00e9s ut\u00e1n kisebb v\u00edzi j\u00e1rm\u0171veinkkel izgalmas kir\u00e1ndul\u00e1st tesz\u00fcnk a Duna hossz\u00fa \u00fatj\u00e1nak v\u00e9gs\u0151 kilom\u00e9terein eg\u00e9szen a Fekete-tengerig. Megker\u00fclve a Fekete-tengerbe t\u00f6bb kilom\u00e9ter hosszan beny\u00fal\u00f3 g\u00e1tat kik\u00f6t\u00fcnk a homokos tengerparton, ahol strandol\u00e1sra is m\u00f3d ny\u00edlik. K\u00e9s\u0151 d\u00e9lut\u00e1n gyorshaj\u00f3nk visszavisz minket Tulce\u00e1ra. Itt ism\u00e9t vacsora \u00e9s sz\u00e1ll\u00e1s. nap: K\u00e9zdiv\u00e1s\u00e1rhely \u2013 Nyerges-tet\u0151 \u2013 Sz\u00e9kelyszentl\u00e9lek B\u00facs\u00fat intve a delt\u00e1nak, majd a Braila-i h\u00eddr\u00f3l Dobrudzs\u00e1nak ism\u00e9t a Szeret v\u00f6lgy\u00e9ben utazunk. Ez\u00fattal nem a Gyimesi-, hanem az Ojtozi-szoroson kel\u00fcnk \u00e1t a K\u00e1rp\u00e1tokon. R\u00f6vid v\u00e1rosn\u00e9z\u00e9s \u00e9s pihen\u0151 H\u00e1romsz\u00e9k f\u0151v\u00e1ros\u00e1ban, K\u00e9zdiv\u00e1s\u00e1rhelyen, majd a K\u00e1szon vid\u00e9k\u00e9n el\u00e9rj\u00fck a Nyerges-tet\u0151t. F\u0151hajt\u00e1s nemzeti eml\u00e9khely\u00fcnk\u00f6n. Leereszkedve a Cs\u00edki-medenc\u00e9be, \u00e1tkelve a Hargit\u00e1n vacsora \u00e9s sz\u00e1ll\u00e1s Sz\u00e9kelyszentl\u00e9leken. 6.nap: Marosv\u00e1s\u00e1rhely Udvarhely vid\u00e9k\u00e9t elhagyva Marosv\u00e1s\u00e1rhelyre utazunk. Pihen\u0151 a v\u00e1ros k\u00f6zpontj\u00e1ban, majd utaz\u00e1s tov\u00e1bb. Bels\u0151-Erd\u00e9lyt az aut\u00f3p\u00e1ly\u00e1n szelj\u00fck \u00e1t, majd Gyalut\u00f3l hegyek k\u00f6z\u00f6tt utazunk. A Kir\u00e1ly-h\u00e1g\u00f3 ut\u00e1n ki\u00e9rve az Alf\u00f6ldre \u00e1rt\u00e1ndi hat\u00e1r\u00e1tkel\u00e9st\u00a0 k\u00f6vet\u0151en \u00e9rkez\u00fcnk Budapestre az esti \u00f3r\u00e1kban. R\u00e9szv\u00e9teli d\u00edj: 277 000 Ft\/f\u0151 Egy\u00e1gyas fel\u00e1r: 44 200 Ft\/f\u0151 K\u00f6telez\u0151 \u00fatlemond\u00e1si biztos\u00edt\u00e1s: 2,5 % K\u00f6telez\u0151 Baleset-, betegs\u00e9g-, poggy\u00e1szbiztos\u00edt\u00e1s: 3 900 Ft\/f\u0151 A r\u00e9szv\u00e9teli d\u00edj a bel\u00e9p\u0151k k\u00f6lts\u00e9geit (kb. 60 RON)\u00a0 nem tartalmazza.<\/p>\n","protected":false},"author":1,"featured_media":0,"parent":0,"menu_order":0,"comment_status":"closed","ping_status":"closed","template":"","meta":{"footnotes":""},"class_list":["post-1200","page","type-page","status-publish","hentry"],"_links":{"self":[{"href":"https:\/\/www.goforgo.hu\/index.php\/wp-json\/wp\/v2\/pages\/1200","targetHints":{"allow":["GET"]}}],"collection":[{"href":"https:\/\/www.goforgo.hu\/index.php\/wp-json\/wp\/v2\/pages"}],"about":[{"href":"https:\/\/www.goforgo.hu\/index.php\/wp-json\/wp\/v2\/types\/page"}],"author":[{"embeddable":true,"href":"https:\/\/www.goforgo.hu\/index.php\/wp-json\/wp\/v2\/users\/1"}],"replies":[{"embeddable":true,"href":"https:\/\/www.goforgo.hu\/index.php\/wp-json\/wp\/v2\/comments?post=1200"}],"version-history":[{"count":8,"href":"https:\/\/www.goforgo.hu\/index.php\/wp-json\/wp\/v2\/pages\/1200\/revisions"}],"predecessor-version":[{"id":7901,"href":"https:\/\/www.goforgo.hu\/index.php\/wp-json\/wp\/v2\/pages\/1200\/revisions\/7901"}],"wp:attachment":[{"href":"https:\/\/www.goforgo.hu\/index.php\/wp-json\/wp\/v2\/media?parent=1200"}],"curies":[{"name":"wp","href":"https:\/\/api.w.org\/{rel}","templated":true}]}}