{"id":1212,"date":"2016-02-07T21:03:46","date_gmt":"2016-02-07T21:03:46","guid":{"rendered":"http:\/\/www.goforgo.hu\/?page_id=1212"},"modified":"2018-02-03T11:49:08","modified_gmt":"2018-02-03T11:49:08","slug":"ausztria-magyar-emlekhelyei","status":"publish","type":"page","link":"https:\/\/www.goforgo.hu\/index.php\/ausztria-magyar-emlekhelyei\/","title":{"rendered":"Ausztria Magyar eml\u00e9khelyei"},"content":{"rendered":"<p class=\"western\"><b>Id\u0151pont<\/b>:\u00a0\u00a0 <strong>2018. augusztus 10-12.<br \/>\n<\/strong><\/p>\n<div><strong>\u00a0\u00a0\u00a0\u00a0\u00a0\u00a0\u00a0\u00a0\u00a0\u00a0\u00a0\u00a0\u00a0\u00a0\u00a0\u00a0\u00a0\u00a0\u00a0\u00a0\u00a0\u00a0\u00a0\u00a0\u00a0\u00a0\u00a0\u00a0\u00a0\u00a0\u00a0\u00a0\u00a0\u00a0\u00a0\u00a0\u00a0\u00a0 okt\u00f3ber 05-07.<\/strong><\/div>\n<p class=\"western\">(3 nap\/2 \u00e9jszaka)<\/p>\n<p class=\"western\"><b>Utaz\u00e1s: <\/b>k\u00e9nyelmes, l\u00e9gkondicion\u00e1lt aut\u00f3busszal<\/p>\n<p class=\"western\"><strong>\u00datvonal:<\/strong> B\u00e9cs, Frakn\u00f3-v\u00e1ra, L\u00e9ka-v\u00e1ra, N\u00e9met\u00fajv\u00e1r-v\u00e1ra, Kismarton, Ruszt, Sopron<\/p>\n<p><b><strong>Elhelyez\u00e9s:<\/strong><\/b> *** sz\u00e1llod\u00e1ban, 2 \u00e1gyas, f\u00fcrd\u0151szob\u00e1s szob\u00e1kban, valamint faluturizmusban<\/p>\n<p><b>Ell\u00e1t\u00e1s:<\/b> reggeli<\/p>\n<div class=\"panel-pane pane-entity-field pane-node-field-program\">\n<div class=\"pane-content\">\n<div class=\"field field-name-field-program field-type-text-long field-label-inline clearfix\">\n<h2 style=\"text-align: center;\">Program:<\/h2>\n<div class=\"field-items\">\n<div class=\"field-item even\">\n<div><strong>1. nap: Debrecen \u2013 Ny\u00edregyh\u00e1za \u2013 B\u00e9cs \u2013 Sch\u00f6nbrunn<\/strong><\/div>\n<div style=\"text-align: justify;\">Indul\u00e1s Debrecenb\u0151l \u00e9s Ny\u00edregyh\u00e1z\u00e1r\u00f3l a kora reggeli \u00f3r\u00e1kban. Kis pihen\u0151kkel \u00e9rkez\u00fcnk <strong>B\u00e9csbe<\/strong>, a cs\u00e1sz\u00e1rv\u00e1rosba, ahol buszos, majd gyalogos t\u00f6rt\u00e9nelmi v\u00e1rosn\u00e9z\u00e9s keretein bel\u00fcl ismerked\u00fcnk az osztr\u00e1k f\u0151v\u00e1ros nevezetess\u00e9geivel (Stephansdom, <strong>Hofburg<\/strong>, \/cs\u00e1sz\u00e1ri udvar \u00e9s k\u00f6rnyezete\/ Operah\u00e1z, Parlament, V\u00e1rosh\u00e1za, Kapucinusok temploma, Habsburg kripta, \u00c1gostonrendi templom stb.). Ezt k\u00f6vet\u0151en kis szabadprogram k\u00f6vetkezik (lehet\u0151s\u00e9g van v\u00e1s\u00e1rolni a Mozart csoki k\u00fcl\u00f6nlegess\u00e9gekb\u0151l vagy elfogyasztani egy b\u00e9csi szeletet, Sacher tort\u00e1t, ak\u00e1r egy b\u00e9csi k\u00e1v\u00e9t). D\u00e9lut\u00e1n indulunk <strong>Sch\u00f6nbrunnba<\/strong>, a Habsburgok ny\u00e1ri rezidenci\u00e1j\u00e1hoz, mely Ausztria legismertebb m\u0171eml\u00e9k\u00e9p\u00fclete \u00e9s turisztikai l\u00e1tv\u00e1nyoss\u00e1ga. A legnagyobb eleganci\u00e1t sug\u00e1rz\u00f3 barokk-rokok\u00f3 st\u00edlus\u00fa szob\u00e1k berendez\u00e9se leny\u0171g\u00f6z\u0151. A 40 terem megl\u00e1togat\u00e1sa sor\u00e1n elk\u00e9pzelhetj\u00fck, hogy milyen volt a kir\u00e1lyi udvartart\u00e1s \u00e9lete a XVIII-XIX. sz\u00e1zadban. Este \u00e9rkez\u00e9s a sz\u00e1ll\u00e1shelyre, Sopronba. (2 \u00e9j)<\/div>\n<p><a href=\"https:\/\/www.goforgo.hu\/wp-content\/uploads\/2016\/02\/museum_of_art_history___wien_1_by_pingallery-d477hk7.jpg\"><img loading=\"lazy\" decoding=\"async\" class=\"alignnone size-large wp-image-1215\" src=\"https:\/\/www.goforgo.hu\/wp-content\/uploads\/2016\/02\/museum_of_art_history___wien_1_by_pingallery-d477hk7-1024x650.jpg\" alt=\"museum_of_art_history___wien_1_by_pingallery-d477hk7\" width=\"1024\" height=\"650\" \/><\/a><\/p>\n<div><strong>2. nap: Burgenland magyar vonatkoz\u00e1s\u00fa eml\u00e9khelyei \u2013 \u00a0Frakn\u00f3 &#8211; L\u00e9ka &#8211; N\u00e9met\u00fajv\u00e1r<\/strong><\/div>\n<div style=\"text-align: justify;\">Reggeli ut\u00e1n <strong>Burgenland<\/strong> magyar vonatkoz\u00e1s\u00fa t\u00f6rt\u00e9nelmi eml\u00e9khelyeit keress\u00fck fel. <strong>Frakn\u00f3 v\u00e1r\u00e1ban<\/strong> (Forchtenstein) megtekintj\u00fck az Esterh\u00e1zy csal\u00e1d \u00e9vsz\u00e1zadokon \u00e1t titokban tartott kincst\u00e1r\u00e1t\u00a0\u00e9s Eur\u00f3pa legnagyobb mag\u00e1nk\u00e9zben l\u00e9v\u0151 fegyvergy\u0171jtem\u00e9ny\u00e9t. Utunk k\u00f6vetkez\u0151 \u00e1llom\u00e1sa <strong>L\u00e9ka <\/strong>(Lockenhaus) \u2013 k\u00f6z\u00e9pkori v\u00e1rl\u00e1togat\u00e1s, ahol a templomos lovagok titk\u00e1t m\u00e1ig \u0151rzi a meg\u00e1llt id\u0151. D\u00e9lut\u00e1n l\u00e1togat\u00e1s a <strong>N\u00e9met\u00fajv\u00e1r<\/strong>-i gr\u00f3fok egykori lovagv\u00e1r\u00e1ba, (G\u00fcssingbe). A XII. sz\u00e1zadi v\u00e1r gazdagon d\u00edsz\u00edtett helyis\u00e9geiben m\u00fazeumot, lovagtermet, fegyvert\u00e1rat \u00e9s k\u00e9pz\u0151m\u0171v\u00e9szeti gal\u00e9ri\u00e1t l\u00e1thatunk. Ezt k\u00f6vet\u0151en l\u00e1togat\u00e1s a ferences templomba, mely a Batthy\u00e1ny-csal\u00e1d kript\u00e1j\u00e1t rejti mag\u00e1ban. Este vissza\u00e9rkez\u00e9s a sz\u00e1ll\u00e1shelyre.<\/div>\n<p><img loading=\"lazy\" decoding=\"async\" id=\"irc_mi\" class=\"aligncenter\" src=\"http:\/\/www.oocities.org\/zoliren2\/frakno\/frakno-1.jpg\" alt=\"\" width=\"619\" height=\"379\" \/><\/p>\n<div><strong>3. nap: Sopron \u2013 Kismarton \u2013 Ruszt \u2013 Budapest \u2013 Ny\u00edregyh\u00e1za \u00a0\u2013 Debrecen<\/strong><\/div>\n<div style=\"text-align: justify;\">Reggeli ut\u00e1n <strong>Sopronban<\/strong>, a <strong>\u201eh\u0171s\u00e9g v\u00e1ros\u00e1ban\u201d <\/strong>gyalogos v\u00e1rosn\u00e9z\u00e9st tartunk, ezt k\u00f6vet\u0151en Burgenland tartom\u00e1ny \u201ef\u0151v\u00e1rosa\u201d, <strong>Kismarton<\/strong> (Eisenstadt) nevezetess\u00e9gei k\u00f6vetkeznek. Megtekintj\u00fck az Esterh\u00e1zy-kast\u00e9ly pomp\u00e1s termeit \u00e9s parkj\u00e1t, valamint Joseph Haydn lak\u00f3h\u00e1z\u00e1t. Belv\u00e1rosi s\u00e9ta (D\u00f3m, Liszt-eml\u00e9km\u0171 megtekint\u00e9se). Hazaindul\u00e1s el\u0151tt <strong>Ruszt <\/strong>(Rust) v\u00e1roska t\u00f6rt\u00e9nelmi k\u00f6zpontj\u00e1t csod\u00e1lhatjuk, mely 2001 \u00f3ta a vil\u00e1g\u00f6r\u00f6ks\u00e9g r\u00e9sze (fakultat\u00edv bork\u00f3stol\u00e1s, k\u00fcl\u00f6n \u00e1r ellen\u00e9ben). \u00c9rkez\u00e9s a k\u00e9s\u0151 esti \u00f3r\u00e1kban.<\/div>\n<p><img loading=\"lazy\" decoding=\"async\" id=\"irc_mi\" class=\"aligncenter\" src=\"http:\/\/www.heinzalbers.org\/picture-oester0031.jpg\" alt=\"\" width=\"625\" height=\"469\" \/><\/p>\n<\/div>\n<\/div>\n<div class=\"field field-name-field-alapar-tartalmazza field-type-text-long field-label-above\">\n<div class=\"field-label\">\n<h2 class=\"sw_s1_offer_program_title\" style=\"text-align: center;\"><strong>R\u00e9szv\u00e9teli d\u00edj:<\/strong> 43 500 Ft\/f\u0151<\/h2>\n<p align=\"center\"><span style=\"font-size: small;\"><b>( A valuta \u00e1rf. ingadoz\u00e1sa miatt befizet\u00e9s a napi \u00e1rf. figyelembe v\u00e9tel\u00e9vel!)<\/b><\/span><\/p>\n<\/div>\n<div class=\"field-item even\" style=\"text-align: center;\"><strong>F\u00e9lpanzi\u00f3s fel\u00e1r:<\/strong> 8 900 Ft\/f\u0151\u00a0\u00a0\u00a0\u00a0\u00a0\u00a0\u00a0\u00a0\u00a0\u00a0\u00a0\u00a0 <strong>Egy\u00e1gyas fel\u00e1r: <\/strong>9.900 Ft\u00a0\u00a0\u00a0\u00a0\u00a0\u00a0\u00a0\u00a0\u00a0\u00a0\u00a0\u00a0\u00a0\u00a0 <strong>bel\u00e9p\u0151k:<\/strong> kb. 80 \u20ac<\/div>\n<div class=\"field-item even\"><\/div>\n<div class=\"field-item even\"><strong>Alap\u00e1r tartalmazza:<\/strong> Aut\u00f3buszos utaz\u00e1st l\u00e9gkondicion\u00e1lt turista aut\u00f3busszal (TV, DVD, italautomata), 2 \u00e9jszakai sz\u00e1ll\u00e1st reggelivel, 3* sz\u00e1llod\u00e1ban, Sopronban, idegenvezet\u00e9st.+ foglal\u00e1si d\u00edj 1 000 Ft<\/div>\n<\/div>\n<div class=\"field field-name-field-alapar-nem-tart field-type-text-long field-label-above\">\n<div class=\"field-item even\"><strong>Alap\u00e1r nem tartalmazza:<\/strong> Csoportk\u00eds\u00e9r\u0151t, a helyi idegenvezet\u0151t, illetve a bel\u00e9p\u0151d\u00edjakat, a BBP biztos\u00edt\u00e1st, fakultat\u00edv programokat, idegenforgalmi ad\u00f3t, \u00fatlemond\u00e1si biztos\u00edt\u00e1s \u00e9s a foglal\u00e1si d\u00edjat.<\/div>\n<div class=\"field-item even\"><a href=\"https:\/\/www.goforgo.hu\/index.php\/belfoldi-kirandulasok\/frakno\/\" rel=\"attachment wp-att-1532\"><img loading=\"lazy\" decoding=\"async\" class=\"size-full wp-image-1532 aligncenter\" src=\"https:\/\/www.goforgo.hu\/wp-content\/uploads\/2015\/12\/Frakno.jpg\" alt=\"Frakno\" width=\"640\" height=\"260\" \/><\/a><\/div>\n<\/div>\n<\/div>\n<\/div>\n<\/div>\n","protected":false},"excerpt":{"rendered":"<p>Id\u0151pont:\u00a0\u00a0 2018. augusztus 10-12. \u00a0\u00a0\u00a0\u00a0\u00a0\u00a0\u00a0\u00a0\u00a0\u00a0\u00a0\u00a0\u00a0\u00a0\u00a0\u00a0\u00a0\u00a0\u00a0\u00a0\u00a0\u00a0\u00a0\u00a0\u00a0\u00a0\u00a0\u00a0\u00a0\u00a0\u00a0\u00a0\u00a0\u00a0\u00a0\u00a0\u00a0\u00a0 okt\u00f3ber 05-07. (3 nap\/2 \u00e9jszaka) Utaz\u00e1s: k\u00e9nyelmes, l\u00e9gkondicion\u00e1lt aut\u00f3busszal \u00datvonal: B\u00e9cs, Frakn\u00f3-v\u00e1ra, L\u00e9ka-v\u00e1ra, N\u00e9met\u00fajv\u00e1r-v\u00e1ra, Kismarton, Ruszt, Sopron Elhelyez\u00e9s: *** sz\u00e1llod\u00e1ban, 2 \u00e1gyas, f\u00fcrd\u0151szob\u00e1s szob\u00e1kban, valamint faluturizmusban Ell\u00e1t\u00e1s: reggeli Program: 1. nap: Debrecen \u2013 Ny\u00edregyh\u00e1za \u2013 B\u00e9cs \u2013 Sch\u00f6nbrunn Indul\u00e1s Debrecenb\u0151l \u00e9s Ny\u00edregyh\u00e1z\u00e1r\u00f3l a kora reggeli \u00f3r\u00e1kban. Kis pihen\u0151kkel \u00e9rkez\u00fcnk B\u00e9csbe, a cs\u00e1sz\u00e1rv\u00e1rosba, ahol buszos, majd gyalogos t\u00f6rt\u00e9nelmi v\u00e1rosn\u00e9z\u00e9s keretein bel\u00fcl ismerked\u00fcnk az osztr\u00e1k f\u0151v\u00e1ros nevezetess\u00e9geivel (Stephansdom, Hofburg, \/cs\u00e1sz\u00e1ri udvar \u00e9s k\u00f6rnyezete\/ Operah\u00e1z, Parlament, V\u00e1rosh\u00e1za, Kapucinusok temploma, Habsburg kripta, \u00c1gostonrendi templom stb.). Ezt k\u00f6vet\u0151en kis szabadprogram k\u00f6vetkezik (lehet\u0151s\u00e9g van v\u00e1s\u00e1rolni a Mozart csoki k\u00fcl\u00f6nlegess\u00e9gekb\u0151l vagy elfogyasztani egy b\u00e9csi szeletet, Sacher tort\u00e1t, ak\u00e1r egy b\u00e9csi k\u00e1v\u00e9t). D\u00e9lut\u00e1n indulunk Sch\u00f6nbrunnba, a Habsburgok ny\u00e1ri rezidenci\u00e1j\u00e1hoz, mely Ausztria legismertebb m\u0171eml\u00e9k\u00e9p\u00fclete \u00e9s turisztikai l\u00e1tv\u00e1nyoss\u00e1ga. A legnagyobb eleganci\u00e1t sug\u00e1rz\u00f3 barokk-rokok\u00f3 st\u00edlus\u00fa szob\u00e1k berendez\u00e9se leny\u0171g\u00f6z\u0151. A 40 terem megl\u00e1togat\u00e1sa sor\u00e1n elk\u00e9pzelhetj\u00fck, hogy milyen volt a kir\u00e1lyi udvartart\u00e1s \u00e9lete a XVIII-XIX. sz\u00e1zadban. Este \u00e9rkez\u00e9s a sz\u00e1ll\u00e1shelyre, Sopronba. (2 \u00e9j) 2. nap: Burgenland magyar vonatkoz\u00e1s\u00fa eml\u00e9khelyei \u2013 \u00a0Frakn\u00f3 &#8211; L\u00e9ka &#8211; N\u00e9met\u00fajv\u00e1r Reggeli ut\u00e1n Burgenland magyar vonatkoz\u00e1s\u00fa t\u00f6rt\u00e9nelmi eml\u00e9khelyeit keress\u00fck fel. Frakn\u00f3 v\u00e1r\u00e1ban (Forchtenstein) megtekintj\u00fck az Esterh\u00e1zy csal\u00e1d \u00e9vsz\u00e1zadokon \u00e1t titokban tartott kincst\u00e1r\u00e1t\u00a0\u00e9s Eur\u00f3pa legnagyobb mag\u00e1nk\u00e9zben l\u00e9v\u0151 fegyvergy\u0171jtem\u00e9ny\u00e9t. Utunk k\u00f6vetkez\u0151 \u00e1llom\u00e1sa L\u00e9ka (Lockenhaus) \u2013 k\u00f6z\u00e9pkori v\u00e1rl\u00e1togat\u00e1s, ahol a templomos lovagok titk\u00e1t m\u00e1ig \u0151rzi a meg\u00e1llt id\u0151. D\u00e9lut\u00e1n l\u00e1togat\u00e1s a N\u00e9met\u00fajv\u00e1r-i gr\u00f3fok egykori lovagv\u00e1r\u00e1ba, (G\u00fcssingbe). A XII. sz\u00e1zadi v\u00e1r gazdagon d\u00edsz\u00edtett helyis\u00e9geiben m\u00fazeumot, lovagtermet, fegyvert\u00e1rat \u00e9s k\u00e9pz\u0151m\u0171v\u00e9szeti gal\u00e9ri\u00e1t l\u00e1thatunk. Ezt k\u00f6vet\u0151en l\u00e1togat\u00e1s a ferences templomba, mely a Batthy\u00e1ny-csal\u00e1d kript\u00e1j\u00e1t rejti mag\u00e1ban. Este vissza\u00e9rkez\u00e9s a sz\u00e1ll\u00e1shelyre. 3. nap: Sopron \u2013 Kismarton \u2013 Ruszt \u2013 Budapest \u2013 Ny\u00edregyh\u00e1za \u00a0\u2013 Debrecen Reggeli ut\u00e1n Sopronban, a \u201eh\u0171s\u00e9g v\u00e1ros\u00e1ban\u201d gyalogos v\u00e1rosn\u00e9z\u00e9st tartunk, ezt k\u00f6vet\u0151en Burgenland tartom\u00e1ny \u201ef\u0151v\u00e1rosa\u201d, Kismarton (Eisenstadt) nevezetess\u00e9gei k\u00f6vetkeznek. Megtekintj\u00fck az Esterh\u00e1zy-kast\u00e9ly pomp\u00e1s termeit \u00e9s parkj\u00e1t, valamint Joseph Haydn lak\u00f3h\u00e1z\u00e1t. Belv\u00e1rosi s\u00e9ta (D\u00f3m, Liszt-eml\u00e9km\u0171 megtekint\u00e9se). Hazaindul\u00e1s el\u0151tt Ruszt (Rust) v\u00e1roska t\u00f6rt\u00e9nelmi k\u00f6zpontj\u00e1t csod\u00e1lhatjuk, mely 2001 \u00f3ta a vil\u00e1g\u00f6r\u00f6ks\u00e9g r\u00e9sze (fakultat\u00edv bork\u00f3stol\u00e1s, k\u00fcl\u00f6n \u00e1r ellen\u00e9ben). \u00c9rkez\u00e9s a k\u00e9s\u0151 esti \u00f3r\u00e1kban. R\u00e9szv\u00e9teli d\u00edj: 43 500 Ft\/f\u0151 ( A valuta \u00e1rf. ingadoz\u00e1sa miatt befizet\u00e9s a napi \u00e1rf. figyelembe v\u00e9tel\u00e9vel!) F\u00e9lpanzi\u00f3s fel\u00e1r: 8 900 Ft\/f\u0151\u00a0\u00a0\u00a0\u00a0\u00a0\u00a0\u00a0\u00a0\u00a0\u00a0\u00a0\u00a0 Egy\u00e1gyas fel\u00e1r: 9.900 Ft\u00a0\u00a0\u00a0\u00a0\u00a0\u00a0\u00a0\u00a0\u00a0\u00a0\u00a0\u00a0\u00a0\u00a0 bel\u00e9p\u0151k: kb. 80 \u20ac Alap\u00e1r tartalmazza: Aut\u00f3buszos utaz\u00e1st l\u00e9gkondicion\u00e1lt turista aut\u00f3busszal (TV, DVD, italautomata), 2 \u00e9jszakai sz\u00e1ll\u00e1st reggelivel, 3* sz\u00e1llod\u00e1ban, Sopronban, idegenvezet\u00e9st.+ foglal\u00e1si d\u00edj 1 000 Ft Alap\u00e1r nem tartalmazza: Csoportk\u00eds\u00e9r\u0151t, a helyi idegenvezet\u0151t, illetve a bel\u00e9p\u0151d\u00edjakat, a BBP biztos\u00edt\u00e1st, fakultat\u00edv programokat, idegenforgalmi ad\u00f3t, \u00fatlemond\u00e1si biztos\u00edt\u00e1s \u00e9s a foglal\u00e1si d\u00edjat.<\/p>\n","protected":false},"author":1,"featured_media":0,"parent":0,"menu_order":0,"comment_status":"closed","ping_status":"closed","template":"","meta":{"footnotes":""},"class_list":["post-1212","page","type-page","status-publish","hentry"],"_links":{"self":[{"href":"https:\/\/www.goforgo.hu\/index.php\/wp-json\/wp\/v2\/pages\/1212","targetHints":{"allow":["GET"]}}],"collection":[{"href":"https:\/\/www.goforgo.hu\/index.php\/wp-json\/wp\/v2\/pages"}],"about":[{"href":"https:\/\/www.goforgo.hu\/index.php\/wp-json\/wp\/v2\/types\/page"}],"author":[{"embeddable":true,"href":"https:\/\/www.goforgo.hu\/index.php\/wp-json\/wp\/v2\/users\/1"}],"replies":[{"embeddable":true,"href":"https:\/\/www.goforgo.hu\/index.php\/wp-json\/wp\/v2\/comments?post=1212"}],"version-history":[{"count":5,"href":"https:\/\/www.goforgo.hu\/index.php\/wp-json\/wp\/v2\/pages\/1212\/revisions"}],"predecessor-version":[{"id":4220,"href":"https:\/\/www.goforgo.hu\/index.php\/wp-json\/wp\/v2\/pages\/1212\/revisions\/4220"}],"wp:attachment":[{"href":"https:\/\/www.goforgo.hu\/index.php\/wp-json\/wp\/v2\/media?parent=1212"}],"curies":[{"name":"wp","href":"https:\/\/api.w.org\/{rel}","templated":true}]}}