{"id":1225,"date":"2016-02-07T21:43:08","date_gmt":"2016-02-07T21:43:08","guid":{"rendered":"http:\/\/www.goforgo.hu\/?page_id=1225"},"modified":"2016-02-07T21:43:08","modified_gmt":"2016-02-07T21:43:08","slug":"szlovenia","status":"publish","type":"page","link":"https:\/\/www.goforgo.hu\/index.php\/szlovenia\/","title":{"rendered":"Szlov\u00e9nia"},"content":{"rendered":"<p class=\"western\"><b>Id\u0151pont<\/b>: 2016. j\u00falius 20 \u2013 23. (4 nap\/3 \u00e9jszaka)<\/p>\n<p class=\"western\"><b>Utaz\u00e1s: <\/b>k\u00e9nyelmes, l\u00e9gkondicion\u00e1lt aut\u00f3busszal<\/p>\n<p><b><strong>Elhelyez\u00e9s:<\/strong><\/b> 3 \u00e9jszaka szlov\u00e9n besorol\u00e1snak megfelel\u0151. 3 csillagos sz\u00e1llod\u00e1ban, Celje mellett.<br \/>\nA szob\u00e1kban f\u00fcrd\u0151szoba, WC tal\u00e1lhat\u00f3.<\/p>\n<p><b>Ell\u00e1t\u00e1s:<\/b> B\u0151s\u00e9ges reggeli (fakultat\u00edv vacsora)<\/p>\n<p><img loading=\"lazy\" decoding=\"async\" id=\"irc_mi\" class=\"aligncenter\" src=\"https:\/\/www.jufa.eu\/typo3temp\/_processed_\/csm_graz_hauptplatz_header_02_24dc4df33c.jpg\" alt=\"\" width=\"703\" height=\"324\" \/><\/p>\n<p>&nbsp;<\/p>\n<div class=\"utazas_program\">\n<h2 style=\"text-align: center;\">Program<\/h2>\n<p><strong>1. nap: Ny\u00edregyh\u00e1za \u2013 Debrecen \u2013 Budapest \u2013 Graz (Ausztria) \u2013 Celje <\/strong><\/p>\n<p>Elutaz\u00e1s Ny\u00edregyh\u00e1z\u00e1r\u00f3l \u00e9s Debrecenb\u0151l a kora hajnali \u00f3r\u00e1kban. Folyamatos utaz\u00e1s Budapesten, R\u00e1baf\u00fczesen kereszt\u00fcl <strong>Grazba<\/strong>. A v\u00e1rosn\u00e9z\u00e9s sor\u00e1n ismerked\u00fcnk a steier f\u0151v\u00e1rossal. Megtekintj\u00fck a D\u00f3mot, Mauz\u00f3leumot, f\u0151hercegi palot\u00e1t \u00e9s a Jezsuita rendh\u00e1zat. S\u00e9ta a belv\u00e1ros hangulatos utc\u00e1csk\u00e1in \u00e9s a f\u0151t\u00e9ren, majd felvon\u00f3val felmegy\u00fcnk a Schlossbergre (felvon\u00f3d\u00edj). K\u00e9s\u0151 d\u00e9lut\u00e1n tov\u00e1bbutaz\u00e1s Szlov\u00e9ni\u00e1ba. \u00c9rkez\u00e9s a sz\u00e1ll\u00e1shelyre az esti \u00f3r\u00e1kban (3 \u00e9j).<\/p>\n<p><img loading=\"lazy\" decoding=\"async\" id=\"irc_mi\" class=\"aligncenter\" src=\"http:\/\/www.vertigo-slovenia.com\/pic\/page\/Celje_grad.JPG\" alt=\"\" width=\"590\" height=\"393\" \/><\/p>\n<p><strong>2. nap: Bohinj \u00e9s a Bledi-t\u00f3 \u2013 Skofja Loka <\/strong><\/p>\n<p>Reggeli ut\u00e1n <strong>Bohinj<\/strong>-ba utazunk. A Vogel hegyre emelkedve a Triglav Nemzeti Parkban l\u00e9v\u0151 cs\u00facsok \u00e9s tavak megtekint\u00e9se (felvon\u00f3d\u00edj). Utunk k\u00f6vetkez\u0151 \u00e1llom\u00e1sa Szlov\u00e9nia \u00e9kszere, <strong>Bled<\/strong>. Csod\u00e1latos fekv\u00e9se, enyhe \u00e9ghajlata miatt turist\u00e1k ezrei keresik fel.<\/p>\n<p><img loading=\"lazy\" decoding=\"async\" id=\"irc_mi\" class=\"aligncenter\" src=\"http:\/\/www.myistria.com\/UserDocsImages\/galerije\/726\/bled1.jpg\" alt=\"\" width=\"590\" height=\"393\" \/><\/p>\n<p>A <strong>Bled-t\u00f3ban<\/strong> fekv\u0151 kis szigeten Sz\u0171z M\u00e1ria zar\u00e1ndok temploma tal\u00e1lhat\u00f3, melyet kishaj\u00f3val lehet l\u00e1togatni (haj\u00f3jegy), majd a t\u00f3 t\u00fals\u00f3 partj\u00e1n a v\u00e1rat keress\u00fck fel. A d\u00e9lut\u00e1n folyam\u00e1n Szlov\u00e9nia m\u0171eml\u00e9kekben gazdag v\u00e1rosk\u00e1j\u00e1ba, <strong>Skofja Lokaba<\/strong> utazunk tov\u00e1bb. S\u00e9t\u00e1lunk az \u00f3v\u00e1ros hangulatos utc\u00e1csk\u00e1in, festett nemesi h\u00e1zai k\u00f6z\u00f6tt. L\u00e1thatjuk az \u00f6reg v\u00e1rosh\u00e1z\u00e1t, a XIII. sz\u00e1zadi k\u0151hidat (K\u00f6z\u00e9p- Eur\u00f3pa leg\u00f6regebb h\u00eddja). A f\u0151utca v\u00e9g\u00e9n pillant\u00e1st vethet\u00fcnk a v\u00e1ros f\u00f6l\u00e9 emelked\u0151 kast\u00e9lyra. Est\u00e9re visszat\u00e9r\u00fcnk sz\u00e1ll\u00e1shely\u00fcnkre.<\/p>\n<p><img loading=\"lazy\" decoding=\"async\" id=\"irc_mi\" class=\"aligncenter\" src=\"http:\/\/www.slovenian-alps.com\/si\/imagelib\/magnify\/default\/_vodnik_po_regiji\/_Skofja_Loka\/skofjeloski-grad.jpg\" alt=\"\" width=\"609\" height=\"412\" \/><\/p>\n<p><strong>3. nap: Ljubljana \u2013 Predjama v\u00e1ra \u2013 Postojna <\/strong><\/p>\n<p>A mai napon Szlov\u00e9nia fiatal, energikus v\u00e1ros\u00e1t, <strong>Ljubljan\u00e1t <\/strong>keress\u00fck fel. S\u00e9t\u00e1lunk a belv\u00e1rosban \u00e9s ismerked\u00fcnk nevezetess\u00e9geivel. A h\u00e1rmas h\u00eddon \u00e1tmenve sikl\u00f3val megy\u00fcnk fel a foly\u00f3 t\u00falpartj\u00e1n l\u00e9v\u0151 \u2013 Ljubljana jelk\u00e9pek\u00e9nt is ismert \u2013 v\u00e1rba. E v\u00e1rban raboskodott Batthy\u00e1ny Lajos is 1849-ben. A toronyb\u00f3l j\u00f3 id\u0151ben az Alpok cs\u00facsai is l\u00e1tszanak.<\/p>\n<p><img loading=\"lazy\" decoding=\"async\" id=\"irc_mi\" class=\"aligncenter\" src=\"http:\/\/www.worldofwanderlust.com\/wp-content\/uploads\/2014\/04\/IMG_2178.jpg\" alt=\"\" width=\"597\" height=\"597\" \/><\/p>\n<p><strong>Postojn\u00e1ba <\/strong>folytatjuk utunkat. R\u00f6vid kit\u00e9r\u0151vel felkeress\u00fck <strong>Predjam\u00e1t<\/strong>, Szlov\u00e9nia fest\u0151i lovagv\u00e1r\u00e1t, mely a szikl\u00e1k k\u00f6z\u00f6tt egy barlang bej\u00e1rat\u00e1ban \u00e9p\u00fclt. A v\u00e1rat bel\u00fclr\u0151l i s lehet\u0151s\u00e9g v an m egn\u00e9zni. Postojna vil\u00e1gh\u00edr\u0171 term\u00e9szeti \u00e9rt\u00e9ke a Pinka-foly\u00f3 \u00e1ltal kialak\u00edtott k\u00e9tszintes barlangrendszer. Vonattal \u00e9s gyalogosan j\u00e1rjuk be a ter\u00fcletet (bel\u00e9p\u0151d\u00edj). Este vissza\u00e9rkez\u00e9s a sz\u00e1ll\u00e1shelyre.<\/p>\n<p><img loading=\"lazy\" decoding=\"async\" id=\"irc_mi\" class=\"aligncenter\" src=\"http:\/\/packmeto.com\/wp-content\/uploads\/2014\/05\/Postojna-cave-simbol-Briljant.jpg\" alt=\"\" width=\"585\" height=\"393\" \/><\/p>\n<p><strong>4. nap: Maribor \u2013 Varasd \u2013 Budapest \u2013 Ny\u00edregyh\u00e1za \u2013 Debrecen <\/strong><\/p>\n<p>Elfogyasztjuk reggelinket, majd a d\u00e9lel\u0151tti \u00f3r\u00e1kban Horv\u00e1torsz\u00e1g fel\u00e9 vessz\u00fck utunkat. \u00datk\u00f6zben meg\u00e1llunk <strong>Mariborban<\/strong>, Szlov\u00e9nia m\u00e1sodik legnagyobb v\u00e1ros\u00e1ban, (idegenvezet\u0151s s\u00e9ta + r\u00f6vid szabadid\u0151), ezt k\u00f6vet\u0151en s\u00e9ta <strong>Varasd <\/strong>m\u0171eml\u00e9kekben gazdag belv\u00e1ros\u00e1ban, melyet Horv\u00e1torsz\u00e1g \u201ebarokk f\u0151v\u00e1ros\u00e1nak\u201d is neveznek (Draskovics, Patacsics palota, Cillei-Erd\u0151dy v\u00e1rkast\u00e9ly, barokk templomok megtekint\u00e9se k\u00edv\u00fclr\u0151l). Majd hazaindulunk \u00e9s kis pihen\u0151kkel, Leteny\u00e9n kereszt\u00fcl \u00e9rkez\u00e9s Ny\u00edregyh\u00e1z\u00e1ra \u00e9s Debrecenbe a k\u00e9s\u0151 esti \u00f3r\u00e1kban.<\/p>\n<p><img loading=\"lazy\" decoding=\"async\" id=\"irc_mi\" class=\"aligncenter\" src=\"http:\/\/blog.uniline.hr\/wp-content\/uploads\/2014\/01\/varazdin-panorama.jpg\" alt=\"\" width=\"622\" height=\"350\" \/><\/p>\n<\/div>\n<h2 class=\"sw_s1_offer_program_title\" style=\"text-align: center;\"><strong>R\u00e9szv\u00e9teli d\u00edj:<\/strong> 68 900 Ft\/f\u0151<\/h2>\n<p><strong>A r\u00e9szv\u00e9teli d\u00edj tartalmazza:<\/strong> aut\u00f3buszos utaz\u00e1st, 3 \u00e9jszakai sz\u00e1ll\u00e1st reggelivel, k\u00eds\u00e9r\u0151 idegenvezet\u00e9st.<br \/>\n<strong>A r\u00e9szv\u00e9teli d\u00edj nem tartalmazza:<\/strong> csoportk\u00eds\u00e9r\u0151t, a helyi idegenvezet\u0151t, illetve a bel\u00e9p\u0151d\u00edjakat (kb. 50 \u20ac) \u00e9s a BBP biztos\u00edt\u00e1st.<br \/>\nA bel\u00e9p\u0151k t\u00e9nyleges \u00e1ra az aktu\u00e1lis \u00e1rfolyam f\u00fcggv\u00e9ny\u00e9ben m\u00f3dosulhat!<\/p>\n<p><strong>F\u00e9lpanzi\u00f3s fel\u00e1r (3 vacsora): 11.500 Ft <\/strong><\/p>\n<p>&nbsp;<\/p>\n","protected":false},"excerpt":{"rendered":"<p>Id\u0151pont: 2016. j\u00falius 20 \u2013 23. (4 nap\/3 \u00e9jszaka) Utaz\u00e1s: k\u00e9nyelmes, l\u00e9gkondicion\u00e1lt aut\u00f3busszal Elhelyez\u00e9s: 3 \u00e9jszaka szlov\u00e9n besorol\u00e1snak megfelel\u0151. 3 csillagos sz\u00e1llod\u00e1ban, Celje mellett. A szob\u00e1kban f\u00fcrd\u0151szoba, WC tal\u00e1lhat\u00f3. Ell\u00e1t\u00e1s: B\u0151s\u00e9ges reggeli (fakultat\u00edv vacsora) &nbsp; Program 1. nap: Ny\u00edregyh\u00e1za \u2013 Debrecen \u2013 Budapest \u2013 Graz (Ausztria) \u2013 Celje Elutaz\u00e1s Ny\u00edregyh\u00e1z\u00e1r\u00f3l \u00e9s Debrecenb\u0151l a kora hajnali \u00f3r\u00e1kban. Folyamatos utaz\u00e1s Budapesten, R\u00e1baf\u00fczesen kereszt\u00fcl Grazba. A v\u00e1rosn\u00e9z\u00e9s sor\u00e1n ismerked\u00fcnk a steier f\u0151v\u00e1rossal. Megtekintj\u00fck a D\u00f3mot, Mauz\u00f3leumot, f\u0151hercegi palot\u00e1t \u00e9s a Jezsuita rendh\u00e1zat. S\u00e9ta a belv\u00e1ros hangulatos utc\u00e1csk\u00e1in \u00e9s a f\u0151t\u00e9ren, majd felvon\u00f3val felmegy\u00fcnk a Schlossbergre (felvon\u00f3d\u00edj). K\u00e9s\u0151 d\u00e9lut\u00e1n tov\u00e1bbutaz\u00e1s Szlov\u00e9ni\u00e1ba. \u00c9rkez\u00e9s a sz\u00e1ll\u00e1shelyre az esti \u00f3r\u00e1kban (3 \u00e9j). 2. nap: Bohinj \u00e9s a Bledi-t\u00f3 \u2013 Skofja Loka Reggeli ut\u00e1n Bohinj-ba utazunk. A Vogel hegyre emelkedve a Triglav Nemzeti Parkban l\u00e9v\u0151 cs\u00facsok \u00e9s tavak megtekint\u00e9se (felvon\u00f3d\u00edj). Utunk k\u00f6vetkez\u0151 \u00e1llom\u00e1sa Szlov\u00e9nia \u00e9kszere, Bled. Csod\u00e1latos fekv\u00e9se, enyhe \u00e9ghajlata miatt turist\u00e1k ezrei keresik fel. A Bled-t\u00f3ban fekv\u0151 kis szigeten Sz\u0171z M\u00e1ria zar\u00e1ndok temploma tal\u00e1lhat\u00f3, melyet kishaj\u00f3val lehet l\u00e1togatni (haj\u00f3jegy), majd a t\u00f3 t\u00fals\u00f3 partj\u00e1n a v\u00e1rat keress\u00fck fel. A d\u00e9lut\u00e1n folyam\u00e1n Szlov\u00e9nia m\u0171eml\u00e9kekben gazdag v\u00e1rosk\u00e1j\u00e1ba, Skofja Lokaba utazunk tov\u00e1bb. S\u00e9t\u00e1lunk az \u00f3v\u00e1ros hangulatos utc\u00e1csk\u00e1in, festett nemesi h\u00e1zai k\u00f6z\u00f6tt. L\u00e1thatjuk az \u00f6reg v\u00e1rosh\u00e1z\u00e1t, a XIII. sz\u00e1zadi k\u0151hidat (K\u00f6z\u00e9p- Eur\u00f3pa leg\u00f6regebb h\u00eddja). A f\u0151utca v\u00e9g\u00e9n pillant\u00e1st vethet\u00fcnk a v\u00e1ros f\u00f6l\u00e9 emelked\u0151 kast\u00e9lyra. Est\u00e9re visszat\u00e9r\u00fcnk sz\u00e1ll\u00e1shely\u00fcnkre. 3. nap: Ljubljana \u2013 Predjama v\u00e1ra \u2013 Postojna A mai napon Szlov\u00e9nia fiatal, energikus v\u00e1ros\u00e1t, Ljubljan\u00e1t keress\u00fck fel. S\u00e9t\u00e1lunk a belv\u00e1rosban \u00e9s ismerked\u00fcnk nevezetess\u00e9geivel. A h\u00e1rmas h\u00eddon \u00e1tmenve sikl\u00f3val megy\u00fcnk fel a foly\u00f3 t\u00falpartj\u00e1n l\u00e9v\u0151 \u2013 Ljubljana jelk\u00e9pek\u00e9nt is ismert \u2013 v\u00e1rba. E v\u00e1rban raboskodott Batthy\u00e1ny Lajos is 1849-ben. A toronyb\u00f3l j\u00f3 id\u0151ben az Alpok cs\u00facsai is l\u00e1tszanak. Postojn\u00e1ba folytatjuk utunkat. R\u00f6vid kit\u00e9r\u0151vel felkeress\u00fck Predjam\u00e1t, Szlov\u00e9nia fest\u0151i lovagv\u00e1r\u00e1t, mely a szikl\u00e1k k\u00f6z\u00f6tt egy barlang bej\u00e1rat\u00e1ban \u00e9p\u00fclt. A v\u00e1rat bel\u00fclr\u0151l i s lehet\u0151s\u00e9g v an m egn\u00e9zni. Postojna vil\u00e1gh\u00edr\u0171 term\u00e9szeti \u00e9rt\u00e9ke a Pinka-foly\u00f3 \u00e1ltal kialak\u00edtott k\u00e9tszintes barlangrendszer. Vonattal \u00e9s gyalogosan j\u00e1rjuk be a ter\u00fcletet (bel\u00e9p\u0151d\u00edj). Este vissza\u00e9rkez\u00e9s a sz\u00e1ll\u00e1shelyre. 4. nap: Maribor \u2013 Varasd \u2013 Budapest \u2013 Ny\u00edregyh\u00e1za \u2013 Debrecen Elfogyasztjuk reggelinket, majd a d\u00e9lel\u0151tti \u00f3r\u00e1kban Horv\u00e1torsz\u00e1g fel\u00e9 vessz\u00fck utunkat. \u00datk\u00f6zben meg\u00e1llunk Mariborban, Szlov\u00e9nia m\u00e1sodik legnagyobb v\u00e1ros\u00e1ban, (idegenvezet\u0151s s\u00e9ta + r\u00f6vid szabadid\u0151), ezt k\u00f6vet\u0151en s\u00e9ta Varasd m\u0171eml\u00e9kekben gazdag belv\u00e1ros\u00e1ban, melyet Horv\u00e1torsz\u00e1g \u201ebarokk f\u0151v\u00e1ros\u00e1nak\u201d is neveznek (Draskovics, Patacsics palota, Cillei-Erd\u0151dy v\u00e1rkast\u00e9ly, barokk templomok megtekint\u00e9se k\u00edv\u00fclr\u0151l). Majd hazaindulunk \u00e9s kis pihen\u0151kkel, Leteny\u00e9n kereszt\u00fcl \u00e9rkez\u00e9s Ny\u00edregyh\u00e1z\u00e1ra \u00e9s Debrecenbe a k\u00e9s\u0151 esti \u00f3r\u00e1kban. R\u00e9szv\u00e9teli d\u00edj: 68 900 Ft\/f\u0151 A r\u00e9szv\u00e9teli d\u00edj tartalmazza: aut\u00f3buszos utaz\u00e1st, 3 \u00e9jszakai sz\u00e1ll\u00e1st reggelivel, k\u00eds\u00e9r\u0151 idegenvezet\u00e9st. A r\u00e9szv\u00e9teli d\u00edj nem tartalmazza: csoportk\u00eds\u00e9r\u0151t, a helyi idegenvezet\u0151t, illetve a bel\u00e9p\u0151d\u00edjakat (kb. 50 \u20ac) \u00e9s a BBP biztos\u00edt\u00e1st. A bel\u00e9p\u0151k t\u00e9nyleges \u00e1ra az aktu\u00e1lis \u00e1rfolyam f\u00fcggv\u00e9ny\u00e9ben m\u00f3dosulhat! F\u00e9lpanzi\u00f3s fel\u00e1r (3 vacsora): 11.500 Ft &nbsp;<\/p>\n","protected":false},"author":1,"featured_media":0,"parent":0,"menu_order":0,"comment_status":"closed","ping_status":"closed","template":"","meta":{"footnotes":""},"class_list":["post-1225","page","type-page","status-publish","hentry"],"_links":{"self":[{"href":"https:\/\/www.goforgo.hu\/index.php\/wp-json\/wp\/v2\/pages\/1225","targetHints":{"allow":["GET"]}}],"collection":[{"href":"https:\/\/www.goforgo.hu\/index.php\/wp-json\/wp\/v2\/pages"}],"about":[{"href":"https:\/\/www.goforgo.hu\/index.php\/wp-json\/wp\/v2\/types\/page"}],"author":[{"embeddable":true,"href":"https:\/\/www.goforgo.hu\/index.php\/wp-json\/wp\/v2\/users\/1"}],"replies":[{"embeddable":true,"href":"https:\/\/www.goforgo.hu\/index.php\/wp-json\/wp\/v2\/comments?post=1225"}],"version-history":[{"count":1,"href":"https:\/\/www.goforgo.hu\/index.php\/wp-json\/wp\/v2\/pages\/1225\/revisions"}],"predecessor-version":[{"id":1226,"href":"https:\/\/www.goforgo.hu\/index.php\/wp-json\/wp\/v2\/pages\/1225\/revisions\/1226"}],"wp:attachment":[{"href":"https:\/\/www.goforgo.hu\/index.php\/wp-json\/wp\/v2\/media?parent=1225"}],"curies":[{"name":"wp","href":"https:\/\/api.w.org\/{rel}","templated":true}]}}