{"id":1536,"date":"2016-03-19T12:50:12","date_gmt":"2016-03-19T12:50:12","guid":{"rendered":"http:\/\/www.goforgo.hu\/?page_id=1536"},"modified":"2018-03-23T10:13:17","modified_gmt":"2018-03-23T10:13:17","slug":"hadak-utjan-tortenelmi-emlektura-berlin-peenemunde-sassnitz-prora","status":"publish","type":"page","link":"https:\/\/www.goforgo.hu\/index.php\/hadak-utjan-tortenelmi-emlektura-berlin-peenemunde-sassnitz-prora\/","title":{"rendered":"\u201cHadak \u00datj\u00e1n\u201d T\u00f6rt\u00e9nelmi eml\u00e9kt\u00fara: Berlin \u2013 Peenem\u00fcnde \u2013 Sassnitz \u2013 Prora"},"content":{"rendered":"<p class=\"western\" style=\"text-align: center;\"><em><strong>Programsorozatunkat az elm\u00falt sz\u00e1zadok hadt\u00f6rt\u00e9nelme ir\u00e1nt \u00e9rdekl\u0151d\u0151knek aj\u00e1nljuk.<\/strong><\/em><\/p>\n<p class=\"western\" align=\"left\"><strong>Id\u0151pont: <\/strong>2018.10.20\u201324.\u00a0 \u00a0 \u00a0 \u00a0 \u00a0 \u00a0 \u00a0 \u00a0 \u00a0 \u00a0 \u00a0 \u00a0 \u00a0 \u00a0 \u00a0 \u00a0\u00a0<b> Poz\u00edci\u00f3sz\u00e1m:<\/b><b>\u00a0 <\/b>18\/DHAD\/02<\/p>\n<p class=\"western\"><b>Utaz\u00e1s:<\/b> az utasl\u00e9tsz\u00e1mnak megfelel\u0151 g\u00e9pkocsival vagy aut\u00f3busszal<\/p>\n<p class=\"western\"><b>\u00datvonal:<\/b> Budapest \u2013 <b>Pr\u00e1ga \u2013 Dessau \u2013 Berlin \u2013 R\u00fcgen szigetek <\/b>\u2013 Budapest (1980 km)<\/p>\n<p class=\"western\" align=\"left\"><b>Ell\u00e1t\u00e1s:<\/b> reggeli<\/p>\n<p class=\"western\"><b>Sz\u00e1ll\u00e1s:\u00a0<\/b>**-os hotel \u00e9s gasthofokban , 2-3-4 \u00e1gyas szob\u00e1kban (esetenk\u00e9nt WC, f\u00fcrd\u0151 a foly\u00f3s\u00f3n)<\/p>\n<p class=\"western\"><b>Id\u0151tartam: <\/b>4 nap \/ 3 \u00e9jszaka<\/p>\n<p class=\"western\"><b>Idegenvezet\u00e9s: <\/b>csoport k\u00eds\u00e9r\u0151t biztos\u00edtunk<b><br \/>\n<\/b><\/p>\n<p style=\"text-align: center;\"><u><b>PROGRAM:<\/b><\/u><\/p>\n<p class=\"western\" align=\"justify\"><span style=\"font-size: medium;\"><b>1. nap: Indul\u00e1s: <\/b><\/span><\/p>\n<p class=\"western\" align=\"justify\"><strong><span style=\"font-size: medium;\">4:40<\/span><\/strong> Pestszentl\u0151rinc, \u00dcll\u0151i \u00fat 368. \u2013cal szemben Lidl parkol\u00f3 (felt\u00e9teles)<\/p>\n<p class=\"western\" align=\"justify\"><span style=\"font-size: medium;\"><strong>5:10<\/strong> Bp., N\u00e9pliget Planet\u00e1rium f\u0151bej\u00e1rata el\u0151l<\/span><\/p>\n<p class=\"western\" align=\"justify\"><span style=\"font-size: medium;\">Folyamatos utaz\u00e1s, r\u00f6vid pihen\u0151kkel N\u00e9metorsz\u00e1g f\u0151v\u00e1ros\u00e1ig, Berlinig. Este \u00e9rkez\u00e9s a sz\u00e1ll\u00e1sra, mely Berlin k\u00fclv\u00e1ros\u00e1ban lesz. (kb. 950 km).<\/span><\/p>\n<p class=\"western\" align=\"justify\"><a href=\"https:\/\/www.goforgo.hu\/wp-content\/uploads\/2016\/03\/Brandenburger_Tor_abends.jpg\"><img loading=\"lazy\" decoding=\"async\" class=\"alignnone size-large wp-image-1538\" src=\"https:\/\/www.goforgo.hu\/wp-content\/uploads\/2016\/03\/Brandenburger_Tor_abends-1024x683.jpg\" alt=\"Brandenburger_Tor_abends\" width=\"1024\" height=\"683\" srcset=\"https:\/\/www.goforgo.hu\/wp-content\/uploads\/2016\/03\/Brandenburger_Tor_abends-1024x683.jpg 1024w, https:\/\/www.goforgo.hu\/wp-content\/uploads\/2016\/03\/Brandenburger_Tor_abends-300x200.jpg 300w, https:\/\/www.goforgo.hu\/wp-content\/uploads\/2016\/03\/Brandenburger_Tor_abends.jpg 1920w\" sizes=\"auto, (max-width: 1024px) 100vw, 1024px\" \/><\/a><\/p>\n<p class=\"western\" align=\"justify\"><span style=\"font-size: medium;\"><b>2. nap: <\/b><\/span><span style=\"font-size: medium;\">Korai reggeli ut\u00e1n \u2013 a III. Birodalom hagyat\u00e9k\u00e1val ismerked\u00fcnk a n\u00e9met f\u0151v\u00e1rosban: Tempelhof rep\u00fcl\u0151t\u00e9r, n\u00e9h\u00e1ny egykori korm\u00e1ny \u00e9p\u00fclet az Unter den Linden-en, ill. a k\u00f6zponti bunkerrendszer helysz\u00edne. (Az ut\u00f3bbit sajnos betemett\u00e9k, berobbantott\u00e1k, nem l\u00e1togathat\u00f3.) 11-kor indulunk tov\u00e1bb \u00e9szak fel\u00e9. K\u00f6vetkez\u0151 l\u00e1tnival\u00f3nk m\u00e1r a Balti-tenger partj\u00e1n Peenem\u00fcndenben tal\u00e1lhat\u00f3. Az 1930-as \u00e9vekt\u0151l gy\u00e1r\u2013 \u00e9s k\u00eds\u00e9rleti telep ma m\u00fazeum. Itt gy\u00e1rtott\u00e1k \u00e9s pr\u00f3b\u00e1lt\u00e1k ki a n\u00e9met \u201ecsodafegyvereket\u201d, a V1 \u00e9s V2 rak\u00e9t\u00e1kat. A m\u00fazeum l\u00e1togat\u00e1s ut\u00e1n tov\u00e1bb utazunk R\u00fcgen sziget\u00e9re. Sz\u00e1ll\u00e1sunk Sassnitzban lesz. (430 km)<\/span><\/p>\n<p class=\"western\" align=\"justify\"><a href=\"https:\/\/www.goforgo.hu\/wp-content\/uploads\/2016\/03\/Peenem\u00fcnden.jpg\"><img loading=\"lazy\" decoding=\"async\" class=\"alignnone size-large wp-image-1539\" src=\"https:\/\/www.goforgo.hu\/wp-content\/uploads\/2016\/03\/Peenem\u00fcnden-1024x683.jpg\" alt=\"Peenem\u00fcnden\" width=\"1024\" height=\"683\" srcset=\"https:\/\/www.goforgo.hu\/wp-content\/uploads\/2016\/03\/Peenem\u00fcnden-1024x683.jpg 1024w, https:\/\/www.goforgo.hu\/wp-content\/uploads\/2016\/03\/Peenem\u00fcnden-300x200.jpg 300w, https:\/\/www.goforgo.hu\/wp-content\/uploads\/2016\/03\/Peenem\u00fcnden.jpg 1200w\" sizes=\"auto, (max-width: 1024px) 100vw, 1024px\" \/><\/a><\/p>\n<p class=\"western\" align=\"justify\"><span style=\"font-size: medium;\"><b>3. nap:<\/b><\/span><span style=\"font-size: medium;\"> Ezt a napot a sziget l\u00e1tnival\u00f3inak megismer\u00e9s\u00e9vel t\u00f6ltj\u00fck: k\u00edv\u00fcl \u2013 bel\u00fcl megn\u00e9zz\u00fck a HMS Otus-t (tengeralattj\u00e1r\u00f3) \u00e9s az Eisenbahn und Technik M\u00fazeumot. V\u00e9gigj\u00e1rjuk a Pror\u00e1t, (a III. Birodalom tengerparti \u00fcd\u00fcl\u0151 komplexuma) \u00e9s megl\u00e1togatjuk az itteni m\u00fazeumokat: NVA m\u00fazeum, R\u00fcgen m\u00fazeum, Motorradwelt DDR \u00e9s a k\u00fcl\u00f6nleges Kraft durch Freude NS m\u00fazeumot. (60 km)<\/span><\/p>\n<p class=\"western\" align=\"justify\"><a href=\"https:\/\/www.goforgo.hu\/wp-content\/uploads\/2016\/03\/Prora_7_371939a-1000x576.jpg\"><img loading=\"lazy\" decoding=\"async\" class=\"alignnone wp-image-1540\" src=\"https:\/\/www.goforgo.hu\/wp-content\/uploads\/2016\/03\/Prora_7_371939a-1000x576.jpg\" alt=\"Prora_7_371939a-1000x576\" width=\"369\" height=\"213\" srcset=\"https:\/\/www.goforgo.hu\/wp-content\/uploads\/2016\/03\/Prora_7_371939a-1000x576.jpg 1000w, https:\/\/www.goforgo.hu\/wp-content\/uploads\/2016\/03\/Prora_7_371939a-1000x576-300x173.jpg 300w\" sizes=\"auto, (max-width: 369px) 100vw, 369px\" \/><\/a>\u00a0 <a href=\"https:\/\/www.goforgo.hu\/wp-content\/uploads\/2016\/03\/image-872767-galleryV9-pmfd-872767.jpg\"><img loading=\"lazy\" decoding=\"async\" class=\"alignnone wp-image-1541\" src=\"https:\/\/www.goforgo.hu\/wp-content\/uploads\/2016\/03\/image-872767-galleryV9-pmfd-872767.jpg\" alt=\"Prora\" width=\"304\" height=\"213\" srcset=\"https:\/\/www.goforgo.hu\/wp-content\/uploads\/2016\/03\/image-872767-galleryV9-pmfd-872767.jpg 850w, https:\/\/www.goforgo.hu\/wp-content\/uploads\/2016\/03\/image-872767-galleryV9-pmfd-872767-300x210.jpg 300w\" sizes=\"auto, (max-width: 304px) 100vw, 304px\" \/><\/a><\/p>\n<p class=\"western\" align=\"justify\"><span style=\"font-size: medium;\"><b>4. nap: <\/b><\/span><span style=\"font-size: medium;\">Reggeli ut\u00e1n Magyarorsz\u00e1g fel\u00e9 indulunk. \u00datk\u00f6zben, Dessauban megtekintj\u00fck a Junkers m\u00fazeumot (a II. Vil\u00e1g H\u00e1bor\u00fa alatt itt k\u00e9sz\u00fcltek &#8211; t\u00f6bbek k\u00f6z\u00f6tt \u2013 a legend\u00e1s Stuk\u00e1k). Folyamatos utaz\u00e1s r\u00f6vid pihen\u0151vel, \u00e9jszaka a buszon.<\/span><\/p>\n<p class=\"western\" align=\"justify\"><span style=\"font-size: medium;\"><b>5. nap: <\/b><\/span><span style=\"font-size: medium;\">\u00c9rkez\u00e9s Budapestre h\u00e9tf\u0151n, a hajnali \u00f3r\u00e1kban. Lesz\u00e1ll\u00e1si lehet\u0151s\u00e9g a felsz\u00e1ll\u00e1ssal megegyez\u0151 helyeken. (1300 km)<\/span><\/p>\n<p align=\"center\"><span style=\"font-size: medium;\"><span style=\"font-size: x-large;\"><b>R\u00e9szv\u00e9teli d\u00edj: 75 500 Ft\/f\u0151<\/b><\/span><\/span><\/p>\n<p align=\"center\"><span style=\"font-size: medium;\"><b>Egy\u00e1gyas fel\u00e1r: 15 000 Ft\/f\u0151\u00a0\u00a0\u00a0\u00a0\u00a0\u00a0\u00a0\u00a0\u00a0\u00a0\u00a0\u00a0\u00a0\u00a0\u00a0\u00a0\u00a0\u00a0\u00a0\u00a0\u00a0\u00a0\u00a0\u00a0\u00a0\u00a0\u00a0\u00a0\u00a0\u00a0\u00a0 <\/b><span style=\"font-size: small;\">Aj\u00e1nlott k\u00f6lt\u0151p\u00e9nz bel\u00e9p\u0151kre: kb. 90 \u20ac<\/span><\/span><\/p>\n<p align=\"center\">K\u00f6telez\u0151 BBP: 2 200 Ft<\/p>\n<p><span style=\"font-size: small;\"><i><u><b>A r\u00e9szv\u00e9teli d\u00edj tartalmazza<\/b><\/u><\/i><\/span><span style=\"font-size: small;\"><i><b>:<\/b><\/i><\/span><span style=\"font-size: small;\"><i> a sz\u00e1ll\u00e1sk\u00f6lts\u00e9get a megadott ell\u00e1t\u00e1ssal (3 x reggeli), az utaz\u00e1s k\u00f6lts\u00e9geit \u00e9s az csoportk\u00eds\u00e9r\u00e9st.<\/i><\/span><\/p>\n<p class=\"western\" align=\"left\"><span style=\"font-size: small;\"><i><u><b>A r\u00e9szv\u00e9teli d\u00edj nem tartalmazza<\/b><\/u><\/i><\/span><span style=\"font-size: small;\"><i><b>:<\/b><\/i><\/span><span style=\"font-size: small;\"><i> a bel\u00e9p\u0151jegyeket, melyek a helysz\u00ednen fizetend\u0151k \u00e9s a BBP- biztos\u00edt\u00e1st.<\/i><\/span><\/p>\n","protected":false},"excerpt":{"rendered":"<p>Programsorozatunkat az elm\u00falt sz\u00e1zadok hadt\u00f6rt\u00e9nelme ir\u00e1nt \u00e9rdekl\u0151d\u0151knek aj\u00e1nljuk. Id\u0151pont: 2018.10.20\u201324.\u00a0 \u00a0 \u00a0 \u00a0 \u00a0 \u00a0 \u00a0 \u00a0 \u00a0 \u00a0 \u00a0 \u00a0 \u00a0 \u00a0 \u00a0 \u00a0\u00a0 Poz\u00edci\u00f3sz\u00e1m:\u00a0 18\/DHAD\/02 Utaz\u00e1s: az utasl\u00e9tsz\u00e1mnak megfelel\u0151 g\u00e9pkocsival vagy aut\u00f3busszal \u00datvonal: Budapest \u2013 Pr\u00e1ga \u2013 Dessau \u2013 Berlin \u2013 R\u00fcgen szigetek \u2013 Budapest (1980 km) Ell\u00e1t\u00e1s: reggeli Sz\u00e1ll\u00e1s:\u00a0**-os hotel \u00e9s gasthofokban , 2-3-4 \u00e1gyas szob\u00e1kban (esetenk\u00e9nt WC, f\u00fcrd\u0151 a foly\u00f3s\u00f3n) Id\u0151tartam: 4 nap \/ 3 \u00e9jszaka Idegenvezet\u00e9s: csoport k\u00eds\u00e9r\u0151t biztos\u00edtunk PROGRAM: 1. nap: Indul\u00e1s: 4:40 Pestszentl\u0151rinc, \u00dcll\u0151i \u00fat 368. \u2013cal szemben Lidl parkol\u00f3 (felt\u00e9teles) 5:10 Bp., N\u00e9pliget Planet\u00e1rium f\u0151bej\u00e1rata el\u0151l Folyamatos utaz\u00e1s, r\u00f6vid pihen\u0151kkel N\u00e9metorsz\u00e1g f\u0151v\u00e1ros\u00e1ig, Berlinig. Este \u00e9rkez\u00e9s a sz\u00e1ll\u00e1sra, mely Berlin k\u00fclv\u00e1ros\u00e1ban lesz. (kb. 950 km). 2. nap: Korai reggeli ut\u00e1n \u2013 a III. Birodalom hagyat\u00e9k\u00e1val ismerked\u00fcnk a n\u00e9met f\u0151v\u00e1rosban: Tempelhof rep\u00fcl\u0151t\u00e9r, n\u00e9h\u00e1ny egykori korm\u00e1ny \u00e9p\u00fclet az Unter den Linden-en, ill. a k\u00f6zponti bunkerrendszer helysz\u00edne. (Az ut\u00f3bbit sajnos betemett\u00e9k, berobbantott\u00e1k, nem l\u00e1togathat\u00f3.) 11-kor indulunk tov\u00e1bb \u00e9szak fel\u00e9. K\u00f6vetkez\u0151 l\u00e1tnival\u00f3nk m\u00e1r a Balti-tenger partj\u00e1n Peenem\u00fcndenben tal\u00e1lhat\u00f3. Az 1930-as \u00e9vekt\u0151l gy\u00e1r\u2013 \u00e9s k\u00eds\u00e9rleti telep ma m\u00fazeum. Itt gy\u00e1rtott\u00e1k \u00e9s pr\u00f3b\u00e1lt\u00e1k ki a n\u00e9met \u201ecsodafegyvereket\u201d, a V1 \u00e9s V2 rak\u00e9t\u00e1kat. A m\u00fazeum l\u00e1togat\u00e1s ut\u00e1n tov\u00e1bb utazunk R\u00fcgen sziget\u00e9re. Sz\u00e1ll\u00e1sunk Sassnitzban lesz. (430 km) 3. nap: Ezt a napot a sziget l\u00e1tnival\u00f3inak megismer\u00e9s\u00e9vel t\u00f6ltj\u00fck: k\u00edv\u00fcl \u2013 bel\u00fcl megn\u00e9zz\u00fck a HMS Otus-t (tengeralattj\u00e1r\u00f3) \u00e9s az Eisenbahn und Technik M\u00fazeumot. V\u00e9gigj\u00e1rjuk a Pror\u00e1t, (a III. Birodalom tengerparti \u00fcd\u00fcl\u0151 komplexuma) \u00e9s megl\u00e1togatjuk az itteni m\u00fazeumokat: NVA m\u00fazeum, R\u00fcgen m\u00fazeum, Motorradwelt DDR \u00e9s a k\u00fcl\u00f6nleges Kraft durch Freude NS m\u00fazeumot. (60 km) \u00a0 4. nap: Reggeli ut\u00e1n Magyarorsz\u00e1g fel\u00e9 indulunk. \u00datk\u00f6zben, Dessauban megtekintj\u00fck a Junkers m\u00fazeumot (a II. Vil\u00e1g H\u00e1bor\u00fa alatt itt k\u00e9sz\u00fcltek &#8211; t\u00f6bbek k\u00f6z\u00f6tt \u2013 a legend\u00e1s Stuk\u00e1k). Folyamatos utaz\u00e1s r\u00f6vid pihen\u0151vel, \u00e9jszaka a buszon. 5. nap: \u00c9rkez\u00e9s Budapestre h\u00e9tf\u0151n, a hajnali \u00f3r\u00e1kban. Lesz\u00e1ll\u00e1si lehet\u0151s\u00e9g a felsz\u00e1ll\u00e1ssal megegyez\u0151 helyeken. (1300 km) R\u00e9szv\u00e9teli d\u00edj: 75 500 Ft\/f\u0151 Egy\u00e1gyas fel\u00e1r: 15 000 Ft\/f\u0151\u00a0\u00a0\u00a0\u00a0\u00a0\u00a0\u00a0\u00a0\u00a0\u00a0\u00a0\u00a0\u00a0\u00a0\u00a0\u00a0\u00a0\u00a0\u00a0\u00a0\u00a0\u00a0\u00a0\u00a0\u00a0\u00a0\u00a0\u00a0\u00a0\u00a0\u00a0 Aj\u00e1nlott k\u00f6lt\u0151p\u00e9nz bel\u00e9p\u0151kre: kb. 90 \u20ac K\u00f6telez\u0151 BBP: 2 200 Ft A r\u00e9szv\u00e9teli d\u00edj tartalmazza: a sz\u00e1ll\u00e1sk\u00f6lts\u00e9get a megadott ell\u00e1t\u00e1ssal (3 x reggeli), az utaz\u00e1s k\u00f6lts\u00e9geit \u00e9s az csoportk\u00eds\u00e9r\u00e9st. A r\u00e9szv\u00e9teli d\u00edj nem tartalmazza: a bel\u00e9p\u0151jegyeket, melyek a helysz\u00ednen fizetend\u0151k \u00e9s a BBP- biztos\u00edt\u00e1st.<\/p>\n","protected":false},"author":1,"featured_media":0,"parent":0,"menu_order":0,"comment_status":"closed","ping_status":"closed","template":"","meta":{"footnotes":""},"class_list":["post-1536","page","type-page","status-publish","hentry"],"_links":{"self":[{"href":"https:\/\/www.goforgo.hu\/index.php\/wp-json\/wp\/v2\/pages\/1536","targetHints":{"allow":["GET"]}}],"collection":[{"href":"https:\/\/www.goforgo.hu\/index.php\/wp-json\/wp\/v2\/pages"}],"about":[{"href":"https:\/\/www.goforgo.hu\/index.php\/wp-json\/wp\/v2\/types\/page"}],"author":[{"embeddable":true,"href":"https:\/\/www.goforgo.hu\/index.php\/wp-json\/wp\/v2\/users\/1"}],"replies":[{"embeddable":true,"href":"https:\/\/www.goforgo.hu\/index.php\/wp-json\/wp\/v2\/comments?post=1536"}],"version-history":[{"count":7,"href":"https:\/\/www.goforgo.hu\/index.php\/wp-json\/wp\/v2\/pages\/1536\/revisions"}],"predecessor-version":[{"id":4296,"href":"https:\/\/www.goforgo.hu\/index.php\/wp-json\/wp\/v2\/pages\/1536\/revisions\/4296"}],"wp:attachment":[{"href":"https:\/\/www.goforgo.hu\/index.php\/wp-json\/wp\/v2\/media?parent=1536"}],"curies":[{"name":"wp","href":"https:\/\/api.w.org\/{rel}","templated":true}]}}