{"id":156,"date":"2015-10-27T07:36:46","date_gmt":"2015-10-27T07:36:46","guid":{"rendered":"http:\/\/www.goforgo.hu\/?page_id=156"},"modified":"2024-11-26T07:45:02","modified_gmt":"2024-11-26T07:45:02","slug":"szilveszter-a-szekely-gobeknal","status":"publish","type":"page","link":"https:\/\/www.goforgo.hu\/index.php\/szilveszter-a-szekely-gobeknal\/","title":{"rendered":"Szilveszter a sz\u00e9kely g\u00f3b\u00e9kn\u00e1l"},"content":{"rendered":"<p class=\"western\" align=\"left\"><span style=\"font-size: medium;\"><b>Id\u0151pont :\u00a0\u00a0\u00a0 2024. december 29 \u2013 2025. janu\u00e1r 2.<\/b>\u00a0 \u00a0 \u00a0 \u00a0 \u00a0 \u00a0<b>Poz.sz\u00e1m:\u00a0 \u00a0 \u00a0 \u00a0 \u00a0<\/b>24\/HON\/ESZ01<\/span><\/p>\n<p class=\"western\" align=\"left\"><span style=\"font-size: medium;\"><b>Utaz\u00e1s :\u00a0\u00a0\u00a0\u00a0\u00a0\u00a0 <\/b>k\u00e9nyelmes, l\u00e9gkond\u00edcion\u00e1lt aut\u00f3busszal<\/span><\/p>\n<p class=\"western\" align=\"left\"><span style=\"font-size: medium;\"><b>Ell\u00e1t\u00e1s:\u00a0\u00a0\u00a0\u00a0\u00a0\u00a0 <\/b>f\u00e9lpanzi\u00f3 diszn\u00f3toros vacsor\u00e1val \u00e9s szilveszteri mulats\u00e1ggal<br \/>\n<\/span><\/p>\n<p class=\"western\" align=\"left\"><span style=\"font-size: medium;\"><b>Sz\u00e1ll\u00e1s, elhelyez\u00e9s : <\/b>Sz\u00e9kelyszentl\u00e9leken faluturizmusban, 2 \u00e1gyas szob\u00e1kban, f\u00fcrd\u0151szoba-haszn\u00e1lattal<\/span><\/p>\n<p class=\"western\" align=\"left\"><span style=\"font-size: medium;\"><b>Id\u0151tartam:\u00a0\u00a0 <\/b>5 nap \/4 \u00e9jszaka\u00a0\u00a0\u00a0\u00a0\u00a0\u00a0\u00a0\u00a0\u00a0\u00a0\u00a0\u00a0\u00a0\u00a0\u00a0\u00a0\u00a0\u00a0\u00a0\u00a0\u00a0\u00a0\u00a0\u00a0\u00a0 \u00a0 \u00a0 \u00a0 \u00a0<b>Idegenvezet\u00e9s:\u00a0\u00a0 <\/b>v\u00e9gig a program alatt<\/span><\/p>\n<h1 class=\"western\" style=\"text-align: center;\"><a href=\"https:\/\/www.goforgo.hu\/index.php\/adventi-utak\/szekelykapu-tel\/\" rel=\"attachment wp-att-205\"><img loading=\"lazy\" decoding=\"async\" class=\"alignnone  wp-image-205\" src=\"https:\/\/www.goforgo.hu\/wp-content\/uploads\/2015\/10\/sz\u00e9kelykapu-t\u00e9l1.jpeg\" alt=\"\" width=\"469\" height=\"351\" \/><\/a><\/h1>\n<h1 class=\"western\" style=\"text-align: center;\"><strong><span style=\"font-size: medium;\">PROGRAM<\/span><\/strong><\/h1>\n<p class=\"western\" align=\"justify\"><span style=\"font-size: small;\"><span style=\"color: #000000;\"><span style=\"font-size: medium;\"><b>2023.12.29.<\/b><\/span><\/span><span style=\"color: #000000;\"><span style=\"font-size: medium;\"> K<strong>1. nap: Kolozsv\u00e1r \u2013 Sz\u00e9kelyszentl\u00e9lek<\/strong><br \/>\nKora reggeli indul\u00e1s Budapestr\u0151l. Hat\u00e1r\u00e1tkel\u00e9s \u00c1rt\u00e1ndn\u00e1l. Pihen\u0151 Kolozsv\u00e1ron, majd utaz\u00e1s tov\u00e1bb Sz\u00e9kelyszentl\u00e9lekre.<\/span><\/span><\/span><\/p>\n<p align=\"justify\"><a href=\"https:\/\/www.goforgo.hu\/index.php\/szilveszter-a-szekely-gobeknal\/kolozsvar-telen\/\" rel=\"attachment wp-att-6399\"><img loading=\"lazy\" decoding=\"async\" class=\" wp-image-6399 aligncenter\" src=\"https:\/\/www.goforgo.hu\/wp-content\/uploads\/2023\/11\/Kolozsvar-telen.jpg\" alt=\"\" width=\"445\" height=\"296\" \/><\/a><\/p>\n<p class=\"western\" align=\"justify\"><span style=\"font-size: small;\"><span style=\"color: #000000;\"><span style=\"font-size: medium;\"><b>2023.12.30.<\/b><\/span><\/span><span style=\"color: #000000;\"><span style=\"font-size: medium;\"> Reggeli ut\u00e1n diszn\u00f3v\u00e1g\u00e1s Sz\u00e9kelyszentl\u00e9leken, majd megfelel\u0151 h\u00f3viszonyok eset\u00e9n sz\u00e1noz\u00e1s (nem megfelel\u0151 h\u00f3viszonyok eset\u00e9n szekerez\u00e9s), forralt bor k\u00f3stol\u00e1sa. D\u00e9lut\u00e1n v\u00e1rosn\u00e9z\u00e9s Segesv\u00e1ron, a k\u00f6z\u00e9pkori sz\u00e1sz v\u00e1rosban, mely a kultur\u00e1lis vil\u00e1g\u00f6r\u00f6ks\u00e9g r\u00e9sz\u00e9t k\u00e9pezi. Este diszn\u00f3toros vacsora, k\u00e1posztaleves, puliszka.<\/span><\/span><\/span><\/p>\n<p align=\"justify\"><a href=\"https:\/\/www.goforgo.hu\/index.php\/szilveszter-a-szekely-gobeknal\/segesvar-oratorony\/\" rel=\"attachment wp-att-6400\"><img loading=\"lazy\" decoding=\"async\" class=\"wp-image-6400 aligncenter\" src=\"https:\/\/www.goforgo.hu\/wp-content\/uploads\/2023\/11\/Segesvar-oratorony-1024x576.jpg\" alt=\"\" width=\"579\" height=\"326\" srcset=\"https:\/\/www.goforgo.hu\/wp-content\/uploads\/2023\/11\/Segesvar-oratorony-1024x576.jpg 1024w, https:\/\/www.goforgo.hu\/wp-content\/uploads\/2023\/11\/Segesvar-oratorony-768x432.jpg 768w, https:\/\/www.goforgo.hu\/wp-content\/uploads\/2023\/11\/Segesvar-oratorony.jpg 1280w\" sizes=\"auto, (max-width: 579px) 100vw, 579px\" \/><\/a><\/p>\n<p class=\"western\" align=\"justify\"><span style=\"font-size: small;\"><span style=\"color: #000000;\"><span style=\"font-size: medium;\"><b>2023.12.31.<\/b>Reggeli, majd utaz\u00e1s Parajdra, l\u00e1togat\u00e1s a s\u00f3b\u00e1nya hatalmas f\u00f6ldalatti termeiben. Korondon, Erd\u00e9ly legnagyobb kirakod\u00f3 v\u00e1s\u00e1r\u00e1ban v\u00e1s\u00e1rl\u00e1si lehet\u0151s\u00e9g a sz\u00e9kely k\u00e9zm\u0171vesek term\u00e9keib\u0151l. Farkaslak\u00e1n Tam\u00e1si \u00c1ron-eml\u00e9keket keres\u00fcnk fel. D\u00e9lut\u00e1n \u00e9rkez\u00e9s vissza a sz\u00e1ll\u00e1shelyre, k\u00e9sz\u00fcl\u0151d\u00e9s az est\u00e9re, majd a b\u0151s\u00e9ges szilveszteri vacsora \u00e9s mulatoz\u00e1s \u00e9l\u0151zen\u00e9vel hajnalig.<\/span><\/span><\/span><\/p>\n<p><a href=\"https:\/\/www.goforgo.hu\/index.php\/szilveszter-a-szekely-gobeknal\/erdely-1\/\" rel=\"attachment wp-att-6401\"><img loading=\"lazy\" decoding=\"async\" class=\" wp-image-6401 aligncenter\" src=\"https:\/\/www.goforgo.hu\/wp-content\/uploads\/2023\/11\/Erdely-1.jpg\" alt=\"\" width=\"370\" height=\"370\" srcset=\"https:\/\/www.goforgo.hu\/wp-content\/uploads\/2023\/11\/Erdely-1.jpg 225w, https:\/\/www.goforgo.hu\/wp-content\/uploads\/2023\/11\/Erdely-1-150x150.jpg 150w\" sizes=\"auto, (max-width: 370px) 100vw, 370px\" \/><\/a><\/p>\n<p class=\"western\" align=\"justify\"><span style=\"font-size: small;\"><span style=\"color: #000000;\"><span style=\"font-size: medium;\"><b>2024.01.01.<\/b><\/span><\/span><span style=\"color: #000000;\"><span style=\"font-size: medium;\"> D\u00e9lel\u0151tt szabadprogram. Majd utaz\u00e1s a Gyilkos-t\u00f3hoz \u00e9s a B\u00e9k\u00e1s-szorosba, Erd\u00e9ly legh\u00edresebb term\u00e9szeti l\u00e1tv\u00e1nyoss\u00e1gaihoz.<\/span><\/span><\/span><\/p>\n<p align=\"justify\"><a href=\"https:\/\/www.goforgo.hu\/index.php\/szilveszter-a-szekely-gobeknal\/cheile-bicazului-iarna\/\" rel=\"attachment wp-att-6402\"><img loading=\"lazy\" decoding=\"async\" class=\"wp-image-6402 aligncenter\" src=\"https:\/\/www.goforgo.hu\/wp-content\/uploads\/2023\/11\/cheile-bicazului-iarna-1024x678.jpg\" alt=\"\" width=\"585\" height=\"387\" srcset=\"https:\/\/www.goforgo.hu\/wp-content\/uploads\/2023\/11\/cheile-bicazului-iarna-1024x678.jpg 1024w, https:\/\/www.goforgo.hu\/wp-content\/uploads\/2023\/11\/cheile-bicazului-iarna-768x509.jpg 768w, https:\/\/www.goforgo.hu\/wp-content\/uploads\/2023\/11\/cheile-bicazului-iarna-1536x1017.jpg 1536w, https:\/\/www.goforgo.hu\/wp-content\/uploads\/2023\/11\/cheile-bicazului-iarna.jpg 1848w\" sizes=\"auto, (max-width: 585px) 100vw, 585px\" \/><\/a><\/p>\n<p class=\"western\" align=\"justify\"><span style=\"font-size: small;\"><span style=\"color: #000000;\"><span style=\"font-size: medium;\"><b>2020.01.02.<\/b> Reggeli ut\u00e1n indul\u00e1s haza, \u00fatk\u00f6zben meg\u00e1ll\u00f3 Marosv\u00e1s\u00e1rhelyen.<\/span><\/span><\/span><\/p>\n<p align=\"center\"><span style=\"font-size: x-large;\"><b>R\u00e9szv\u00e9teli d\u00edj: 159.500 Ft\/f\u0151<\/b><\/span><\/p>\n<p align=\"center\"><b>Egy\u00e1gyas fel\u00e1r:<\/b> 15 400 Ft\/f\u0151<\/p>\n<p class=\"western\" align=\"center\"><span style=\"font-size: small;\"><span style=\"font-size: medium;\"><b>K\u00f6telez\u0151 \u00fatlemond\u00e1si biztos\u00edt\u00e1s:<\/b><\/span><span style=\"font-size: medium;\"> 3500 Ft\u00a0\u00a0\u00a0\u00a0\u00a0\u00a0\u00a0\u00a0\u00a0\u00a0\u00a0\u00a0\u00a0\u00a0\u00a0\u00a0\u00a0\u00a0\u00a0\u00a0\u00a0\u00a0 <\/span><span style=\"font-size: medium;\"><b>Aj\u00e1nlott b<\/b><\/span><span style=\"font-size: small;\"><b>el\u00e9p\u0151k<\/b><\/span><span style=\"font-size: small;\">: kb. 85 RON<\/span><\/span><\/p>\n<p class=\"western\" align=\"justify\"><span style=\"font-size: small;\"><span style=\"font-size: medium;\"><b>A r\u00e9szv\u00e9teli d\u00edj tartalmazza:<\/b><\/span><span style=\"font-size: medium;\"> a 4 \u00e9jszakai sz\u00e1ll\u00e1st faluturizmusban, f\u00e9lpanzi\u00f3s ell\u00e1t\u00e1ssal, az aut\u00f3buszos utaz\u00e1st \u00e9s az idegenvezet\u00e9st<\/span><\/span><\/p>\n<p class=\"western\" align=\"justify\"><span style=\"font-size: small;\"><span style=\"font-size: medium;\"><b>A r\u00e9szv\u00e9teli d\u00edj nem tartalmazza:<\/b><\/span><span style=\"font-size: medium;\"> a k\u00f6telez\u0151 \u00fatlemond\u00e1si biztos\u00edt\u00e1st, a baleset-, betegs\u00e9g-, poggy\u00e1szbiztos\u00edt\u00e1st (3500 Ft\/f\u0151, 70 \u00e9ves kor felett fel\u00e1r) \u00e9s a bel\u00e9p\u0151d\u00edjakat<\/span><\/span><\/p>\n<p class=\"western\" align=\"center\"><span style=\"font-size: small;\"><span style=\"font-size: large;\"><b>Jelentkez\u00e9s on-line: <\/b><\/span><span style=\"color: #0000ff;\"><u><a href=\"mailto:info@goforgo.hu\"><span style=\"font-size: large;\"><b>info@goforgo.hu<\/b><\/span><\/a><\/u><\/span><\/span><\/p>\n<p class=\"western\" align=\"center\">\n","protected":false},"excerpt":{"rendered":"<p>Id\u0151pont :\u00a0\u00a0\u00a0 2024. december 29 \u2013 2025. janu\u00e1r 2.\u00a0 \u00a0 \u00a0 \u00a0 \u00a0 \u00a0Poz.sz\u00e1m:\u00a0 \u00a0 \u00a0 \u00a0 \u00a024\/HON\/ESZ01 Utaz\u00e1s :\u00a0\u00a0\u00a0\u00a0\u00a0\u00a0 k\u00e9nyelmes, l\u00e9gkond\u00edcion\u00e1lt aut\u00f3busszal Ell\u00e1t\u00e1s:\u00a0\u00a0\u00a0\u00a0\u00a0\u00a0 f\u00e9lpanzi\u00f3 diszn\u00f3toros vacsor\u00e1val \u00e9s szilveszteri mulats\u00e1ggal Sz\u00e1ll\u00e1s, elhelyez\u00e9s : Sz\u00e9kelyszentl\u00e9leken faluturizmusban, 2 \u00e1gyas szob\u00e1kban, f\u00fcrd\u0151szoba-haszn\u00e1lattal Id\u0151tartam:\u00a0\u00a0 5 nap \/4 \u00e9jszaka\u00a0\u00a0\u00a0\u00a0\u00a0\u00a0\u00a0\u00a0\u00a0\u00a0\u00a0\u00a0\u00a0\u00a0\u00a0\u00a0\u00a0\u00a0\u00a0\u00a0\u00a0\u00a0\u00a0\u00a0\u00a0 \u00a0 \u00a0 \u00a0 \u00a0Idegenvezet\u00e9s:\u00a0\u00a0 v\u00e9gig a program alatt PROGRAM 2023.12.29. K1. nap: Kolozsv\u00e1r \u2013 Sz\u00e9kelyszentl\u00e9lek Kora reggeli indul\u00e1s Budapestr\u0151l. Hat\u00e1r\u00e1tkel\u00e9s \u00c1rt\u00e1ndn\u00e1l. Pihen\u0151 Kolozsv\u00e1ron, majd utaz\u00e1s tov\u00e1bb Sz\u00e9kelyszentl\u00e9lekre. 2023.12.30. Reggeli ut\u00e1n diszn\u00f3v\u00e1g\u00e1s Sz\u00e9kelyszentl\u00e9leken, majd megfelel\u0151 h\u00f3viszonyok eset\u00e9n sz\u00e1noz\u00e1s (nem megfelel\u0151 h\u00f3viszonyok eset\u00e9n szekerez\u00e9s), forralt bor k\u00f3stol\u00e1sa. D\u00e9lut\u00e1n v\u00e1rosn\u00e9z\u00e9s Segesv\u00e1ron, a k\u00f6z\u00e9pkori sz\u00e1sz v\u00e1rosban, mely a kultur\u00e1lis vil\u00e1g\u00f6r\u00f6ks\u00e9g r\u00e9sz\u00e9t k\u00e9pezi. Este diszn\u00f3toros vacsora, k\u00e1posztaleves, puliszka. 2023.12.31.Reggeli, majd utaz\u00e1s Parajdra, l\u00e1togat\u00e1s a s\u00f3b\u00e1nya hatalmas f\u00f6ldalatti termeiben. Korondon, Erd\u00e9ly legnagyobb kirakod\u00f3 v\u00e1s\u00e1r\u00e1ban v\u00e1s\u00e1rl\u00e1si lehet\u0151s\u00e9g a sz\u00e9kely k\u00e9zm\u0171vesek term\u00e9keib\u0151l. Farkaslak\u00e1n Tam\u00e1si \u00c1ron-eml\u00e9keket keres\u00fcnk fel. D\u00e9lut\u00e1n \u00e9rkez\u00e9s vissza a sz\u00e1ll\u00e1shelyre, k\u00e9sz\u00fcl\u0151d\u00e9s az est\u00e9re, majd a b\u0151s\u00e9ges szilveszteri vacsora \u00e9s mulatoz\u00e1s \u00e9l\u0151zen\u00e9vel hajnalig. 2024.01.01. D\u00e9lel\u0151tt szabadprogram. Majd utaz\u00e1s a Gyilkos-t\u00f3hoz \u00e9s a B\u00e9k\u00e1s-szorosba, Erd\u00e9ly legh\u00edresebb term\u00e9szeti l\u00e1tv\u00e1nyoss\u00e1gaihoz. 2020.01.02. Reggeli ut\u00e1n indul\u00e1s haza, \u00fatk\u00f6zben meg\u00e1ll\u00f3 Marosv\u00e1s\u00e1rhelyen. R\u00e9szv\u00e9teli d\u00edj: 159.500 Ft\/f\u0151 Egy\u00e1gyas fel\u00e1r: 15 400 Ft\/f\u0151 K\u00f6telez\u0151 \u00fatlemond\u00e1si biztos\u00edt\u00e1s: 3500 Ft\u00a0\u00a0\u00a0\u00a0\u00a0\u00a0\u00a0\u00a0\u00a0\u00a0\u00a0\u00a0\u00a0\u00a0\u00a0\u00a0\u00a0\u00a0\u00a0\u00a0\u00a0\u00a0 Aj\u00e1nlott bel\u00e9p\u0151k: kb. 85 RON A r\u00e9szv\u00e9teli d\u00edj tartalmazza: a 4 \u00e9jszakai sz\u00e1ll\u00e1st faluturizmusban, f\u00e9lpanzi\u00f3s ell\u00e1t\u00e1ssal, az aut\u00f3buszos utaz\u00e1st \u00e9s az idegenvezet\u00e9st A r\u00e9szv\u00e9teli d\u00edj nem tartalmazza: a k\u00f6telez\u0151 \u00fatlemond\u00e1si biztos\u00edt\u00e1st, a baleset-, betegs\u00e9g-, poggy\u00e1szbiztos\u00edt\u00e1st (3500 Ft\/f\u0151, 70 \u00e9ves kor felett fel\u00e1r) \u00e9s a bel\u00e9p\u0151d\u00edjakat Jelentkez\u00e9s on-line: info@goforgo.hu<\/p>\n","protected":false},"author":1,"featured_media":0,"parent":0,"menu_order":0,"comment_status":"closed","ping_status":"closed","template":"","meta":{"footnotes":""},"class_list":["post-156","page","type-page","status-publish","hentry"],"_links":{"self":[{"href":"https:\/\/www.goforgo.hu\/index.php\/wp-json\/wp\/v2\/pages\/156","targetHints":{"allow":["GET"]}}],"collection":[{"href":"https:\/\/www.goforgo.hu\/index.php\/wp-json\/wp\/v2\/pages"}],"about":[{"href":"https:\/\/www.goforgo.hu\/index.php\/wp-json\/wp\/v2\/types\/page"}],"author":[{"embeddable":true,"href":"https:\/\/www.goforgo.hu\/index.php\/wp-json\/wp\/v2\/users\/1"}],"replies":[{"embeddable":true,"href":"https:\/\/www.goforgo.hu\/index.php\/wp-json\/wp\/v2\/comments?post=156"}],"version-history":[{"count":18,"href":"https:\/\/www.goforgo.hu\/index.php\/wp-json\/wp\/v2\/pages\/156\/revisions"}],"predecessor-version":[{"id":6835,"href":"https:\/\/www.goforgo.hu\/index.php\/wp-json\/wp\/v2\/pages\/156\/revisions\/6835"}],"wp:attachment":[{"href":"https:\/\/www.goforgo.hu\/index.php\/wp-json\/wp\/v2\/media?parent=156"}],"curies":[{"name":"wp","href":"https:\/\/api.w.org\/{rel}","templated":true}]}}