{"id":1577,"date":"2016-04-04T08:18:03","date_gmt":"2016-04-04T08:18:03","guid":{"rendered":"http:\/\/www.goforgo.hu\/?page_id=1577"},"modified":"2022-05-26T10:03:02","modified_gmt":"2022-05-26T10:03:02","slug":"e-learning-kresz-oktatasra-valo-jelentkezes","status":"publish","type":"page","link":"https:\/\/www.goforgo.hu\/index.php\/e-learning-kresz-oktatasra-valo-jelentkezes\/","title":{"rendered":"e-learning KRESZ oktat\u00e1sra val\u00f3 jelentkez\u00e9s"},"content":{"rendered":"<p>Az al\u00e1bbi \u0171rlap kit\u00f6lt\u00e9s\u00e9vel jelentkezhet e-learning (otthoni KRESZ tanul\u00e1s) programra.<\/p>\n<p><strong>Figyelem!<\/strong><br \/>\n<strong> A bejelentkez\u00e9s ut\u00e1n egy szerz\u0151d\u00e9st k\u00fcld\u00fcnk, melyet\u00a0al\u00e1\u00edrva\u00a0k\u00e9rj\u00fck juttassa vissza\u00a0iskol\u00e1nkhoz. <\/strong><\/p>\n<p><strong>A tanfolyam \u00f6sszeg\u00e9t \u00e1tutal\u00e1ssal is fizetheti! <\/strong><\/p>\n<p><strong>Amint a szerz\u0151d\u00e9s meg\u00e9rkezik \u00e9s a befizet\u00e9s is megjelenik sz\u00e1ml\u00e1nkon, elkezdheti a tanul\u00e1st!<\/strong><\/p>\n<p>A tanfolyami d\u00edj a KRESZ tananyagot \u00e9s a KRESZ Tesztet is tartalmazza!<\/p>\n<p>Minden mez\u0151 kit\u00f6lt\u00e9se k\u00f6telez\u0151!!<\/p>\n\n<div class=\"wpcf7 no-js\" id=\"wpcf7-f1576-o1\" lang=\"hu-HU\" dir=\"ltr\" data-wpcf7-id=\"1576\">\n<div class=\"screen-reader-response\"><p role=\"status\" aria-live=\"polite\" aria-atomic=\"true\"><\/p> <ul><\/ul><\/div>\n<form action=\"\/index.php\/wp-json\/wp\/v2\/pages\/1577#wpcf7-f1576-o1\" method=\"post\" class=\"wpcf7-form init\" aria-label=\"Kapcsolatfelv\u00e9teli \u0171rlap\" novalidate=\"novalidate\" data-status=\"init\">\n<fieldset class=\"hidden-fields-container\"><input type=\"hidden\" name=\"_wpcf7\" value=\"1576\" \/><input type=\"hidden\" name=\"_wpcf7_version\" value=\"6.1.5\" \/><input type=\"hidden\" name=\"_wpcf7_locale\" value=\"hu_HU\" \/><input type=\"hidden\" name=\"_wpcf7_unit_tag\" value=\"wpcf7-f1576-o1\" \/><input type=\"hidden\" name=\"_wpcf7_container_post\" value=\"0\" \/><input type=\"hidden\" name=\"_wpcf7_posted_data_hash\" value=\"\" \/>\n<\/fieldset>\n<p>teljes neve\n<\/p>\n<p><span class=\"wpcf7-form-control-wrap\" data-name=\"your-name\"><input size=\"40\" maxlength=\"400\" class=\"wpcf7-form-control wpcf7-text wpcf7-validates-as-required\" aria-required=\"true\" aria-invalid=\"false\" value=\"\" type=\"text\" name=\"your-name\" \/><\/span>\n<\/p>\n<p>sz\u00fclet\u00e9si helye\n<\/p>\n<p><span class=\"wpcf7-form-control-wrap\" data-name=\"text-204\"><input size=\"40\" maxlength=\"400\" class=\"wpcf7-form-control wpcf7-text wpcf7-validates-as-required\" aria-required=\"true\" aria-invalid=\"false\" value=\"\" type=\"text\" name=\"text-204\" \/><\/span>\n<\/p>\n<p>sz\u00fclet\u00e9si d\u00e1tuma (\u00e9v.h\u00f3nap.nap)\n<\/p>\n<p><span class=\"wpcf7-form-control-wrap\" data-name=\"text-337\"><input size=\"40\" maxlength=\"400\" class=\"wpcf7-form-control wpcf7-text wpcf7-validates-as-required\" aria-required=\"true\" aria-invalid=\"false\" value=\"\" type=\"text\" name=\"text-337\" \/><\/span>\n<\/p>\n<p>anyja sz\u00fclet\u00e9skori neve\n<\/p>\n<p><span class=\"wpcf7-form-control-wrap\" data-name=\"text-108\"><input size=\"40\" maxlength=\"400\" class=\"wpcf7-form-control wpcf7-text wpcf7-validates-as-required\" aria-required=\"true\" aria-invalid=\"false\" value=\"\" type=\"text\" name=\"text-108\" \/><\/span>\n<\/p>\n<p>\u00e1llampolg\u00e1rs\u00e1ga\n<\/p>\n<p><span class=\"wpcf7-form-control-wrap\" data-name=\"text-206\"><input size=\"40\" maxlength=\"400\" class=\"wpcf7-form-control wpcf7-text wpcf7-validates-as-required\" aria-required=\"true\" aria-invalid=\"false\" value=\"\" type=\"text\" name=\"text-206\" \/><\/span>\n<\/p>\n<p>szem\u00e9lyi igazolv\u00e1ny sz\u00e1ma\n<\/p>\n<p><span class=\"wpcf7-form-control-wrap\" data-name=\"text-207\"><input size=\"40\" maxlength=\"400\" class=\"wpcf7-form-control wpcf7-text wpcf7-validates-as-required\" aria-required=\"true\" aria-invalid=\"false\" value=\"\" type=\"text\" name=\"text-207\" \/><\/span>\n<\/p>\n<p>\u00e1lland\u00f3 lakc\u00edme\n<\/p>\n<p><span class=\"wpcf7-form-control-wrap\" data-name=\"text-208\"><input size=\"40\" maxlength=\"400\" class=\"wpcf7-form-control wpcf7-text wpcf7-validates-as-required\" aria-required=\"true\" aria-invalid=\"false\" value=\"\" type=\"text\" name=\"text-208\" \/><\/span>\n<\/p>\n<p>\u00e9rtes\u00edt\u00e9si c\u00edme\n<\/p>\n<p><span class=\"wpcf7-form-control-wrap\" data-name=\"text-209\"><input size=\"40\" maxlength=\"400\" class=\"wpcf7-form-control wpcf7-text wpcf7-validates-as-required\" aria-required=\"true\" aria-invalid=\"false\" value=\"\" type=\"text\" name=\"text-209\" \/><\/span>\n<\/p>\n<p>e-mail c\u00edme\n<\/p>\n<p><span class=\"wpcf7-form-control-wrap\" data-name=\"your-email\"><input size=\"40\" maxlength=\"400\" class=\"wpcf7-form-control wpcf7-email wpcf7-validates-as-required wpcf7-text wpcf7-validates-as-email\" aria-required=\"true\" aria-invalid=\"false\" value=\"\" type=\"email\" name=\"your-email\" \/><\/span>\n<\/p>\n<p>FIGYELEM!! FREEMAIL \u00e9s CITROMAIL e-mail c\u00edmet a rendszer NEM fogad el!!\n<\/p>\n<p>telefon sz\u00e1ma\n<\/p>\n<p><span class=\"wpcf7-form-control-wrap\" data-name=\"tel-173\"><input size=\"40\" maxlength=\"400\" class=\"wpcf7-form-control wpcf7-tel wpcf7-validates-as-required wpcf7-text wpcf7-validates-as-tel\" aria-required=\"true\" aria-invalid=\"false\" value=\"\" type=\"tel\" name=\"tel-173\" \/><\/span>\n<\/p>\n<p>Kijelentem, hogy a fenti adatok a val\u00f3s\u00e1gnak megfelelnek.\n<\/p>\n<p><span class=\"wpcf7-form-control-wrap\" data-name=\"acceptance-35\"><span class=\"wpcf7-form-control wpcf7-acceptance\"><span class=\"wpcf7-list-item\"><input type=\"checkbox\" name=\"acceptance-35\" value=\"1\" aria-invalid=\"false\" \/><\/span><\/span><\/span>\n<\/p>\n<p><span class=\"wpcf7-form-control-wrap\" data-name=\"acceptance-931\"><span class=\"wpcf7-form-control wpcf7-acceptance\"><span class=\"wpcf7-list-item\"><input type=\"checkbox\" name=\"acceptance-931\" value=\"1\" aria-invalid=\"false\" \/><\/span><\/span><\/span> Nyilatkozom, hogy a 2016\/679\/EU rendelet alapj\u00e1n meg\u00edrt Adatkezel\u00e9si Szab\u00e1lyzat\u00e1t elolvastam, meg\u00e9rtettem,tudom\u00e1sul vettem \u00e9s elfogadtam,<br \/>\n\u2212 enged\u00e9lyezem, hogy az al\u00e1bbiakban megjel\u00f6lt szem\u00e9lyes adataimat az Adatkezel\u0151, az al\u00e1bbiakban megjel\u00f6lt<br \/>\nadatkezel\u00e9si c\u00e9llal kezelje, \u00e9s felhatalmaz\u00e1st adok az Adatkezel\u0151nek a k\u00f6z\u00f6lt adatok helyess\u00e9g\u00e9nek ellen\u0151rz\u00e9s\u00e9re,<br \/>\n\u2212 enged\u00e9lyezem, hogy az Adatkezel\u0151 az al\u00e1bbiakban felsorolt szem\u00e9lyes adataimat az E-titan adatkezel\u0151j\u00e9nek tov\u00e1bb\u00edtsa,<br \/>\n\u2212 nyilatkozatomat \u00e9s hozz\u00e1j\u00e1rul\u00e1saimat a megfelel\u0151 t\u00e1j\u00e9koztat\u00e1s ut\u00e1n \u00f6nk\u00e9nt, saj\u00e1t d\u00f6nt\u00e9sem alapj\u00e1n tettem meg.\n<\/p>\n<p>Kijelentem, hogy a jelen nyilatkozat \u00e9s a nyilatkozatban foglalt hozz\u00e1j\u00e1rul\u00e1sok megad\u00e1sa \u00f6nk\u00e9ntesen \u00e9s a megfelel\u0151<br \/>\nt\u00e1j\u00e9koztat\u00e1s birtok\u00e1ban t\u00f6rt\u00e9nt.<br \/>\nA kezelt szem\u00e9lyes adatok k\u00f6re: n\u00e9v, lakc\u00edm, sz\u00fclet\u00e9si d\u00e1tum, szem\u00e9lyes okm\u00e1ny sz\u00e1ma, telefonsz\u00e1m, e-mail c\u00edm, anyja neve, relev\u00e1ns eg\u00e9szs\u00e9g\u00fcgyi adatok.<br \/>\nAz adatkezel\u00e9s jogalapja: Az \u00e9rintett kifejezett hozz\u00e1j\u00e1rul\u00e1sa.<br \/>\nAz adatkezel\u00e9s c\u00e9lja: Tanulm\u00e1nyi szerz\u0151d\u00e9s megk\u00f6t\u00e9se, h\u00edrlev\u00e9l, t\u00e1j\u00e9koztat\u00f3 k\u00fcld\u00e9se.\n<\/p>\n<p><input class=\"wpcf7-form-control wpcf7-submit has-spinner\" type=\"submit\" value=\"K\u00fcld\u00e9s\" \/>\n<\/p><div class=\"wpcf7-response-output\" aria-hidden=\"true\"><\/div>\n<\/form>\n<\/div>\n\n<p><strong>Figyelem! a rendszer csak a gmail e-mail c\u00edmet fogadja el!! K\u00e9rj\u00fck ilyet adjon meg!<\/strong><\/p>\n<p><strong>Minim\u00e1lis\/aj\u00e1nlott technikai felt\u00e9telek:<\/strong><\/p>\n<p>Sz\u00e1m\u00edt\u00f3g\u00e9p (PC, notebook)<\/p>\n<ul>\n<li>Aj\u00e1nlott minim\u00e1lis k\u00e9perny\u0151m\u00e9ret: 13\u201d<\/li>\n<li>Minim\u00e1lis rendszer k\u00f6vetelm\u00e9nyek:\n<ul>\n<li>XGA &#8211; 1024&#215;768 felbont\u00e1s<\/li>\n<li>Intel i3 processzorcsal\u00e1d vagy azzal egyen\u00e9rt\u00e9k\u0171 teljes\u00edtm\u00e9ny, 2GB RAM<\/li>\n<\/ul>\n<\/li>\n<li>Minim\u00e1lis b\u00f6ng\u00e9sz\u0151 k\u00f6vetelm\u00e9ny:\n<ul>\n<li>Internet Explorer 11+<\/li>\n<li>Chrome 58+<\/li>\n<li>Firefox 53+<\/li>\n<\/ul>\n<\/li>\n<\/ul>\n<p>Mobileszk\u00f6z<\/p>\n<ul>\n<li>Aj\u00e1nlott minim\u00e1lis kijelz\u0151 m\u00e9ret: 7\u201d<\/li>\n<li>Minim\u00e1lis rendszer k\u00f6vetelm\u00e9nyek:\n<ul>\n<li>XGA &#8211; 1024&#215;768 felbont\u00e1s<\/li>\n<li>1GHz Dual-Core teljes\u00edtm\u00e9ny, 1GB RAM<\/li>\n<li>Android 5.0 +<\/li>\n<li>MS Windows 10 mobile +<\/li>\n<li>IOS 10 +<\/li>\n<\/ul>\n<\/li>\n<li>Minim\u00e1lis b\u00f6ng\u00e9sz\u0151 k\u00f6vetelm\u00e9ny:\n<ul>\n<li>Internet Explorer Mobile 11+<\/li>\n<li>Chrome 58+<\/li>\n<\/ul>\n<\/li>\n<\/ul>\n<p>Fontos megjegyz\u00e9s, hogy a mobileszk\u00f6z\u00f6k eset\u00e9ben a hosszabb id\u0151n \u00e1t tart\u00f3, folyamatos \u00e9s egyben hat\u00e9kony tanul\u00e1s \u00e9s gyakorl\u00e1s \u2013 az aj\u00e1nlott kijelz\u0151 m\u00e9ret miatt \u2013 els\u0151sorban megfelel\u0151 m\u00e9ret\u0171 \u00e9s tulajdons\u00e1gokkal rendelkez\u0151 tableteken val\u00f3s\u00edthat\u00f3 meg. Ugyanakkor a tananyagok \u00e9s vizsgafelk\u00e9sz\u00edt\u0151k az oldalak sz\u00fcks\u00e9g szerinti nagy\u00edt\u00e1s\u00e1val \u00e9s pozicion\u00e1l\u00e1s\u00e1val futtathat\u00f3k a sz\u00fcks\u00e9ges minim\u00e1lis rendszer \u00e9s b\u00f6ng\u00e9sz\u0151 k\u00f6vetelm\u00e9nyeket teljes\u00edt\u0151 okostelefonokon is, ami hasznos kieg\u00e9sz\u00edt\u0151 lehet\u0151s\u00e9get ny\u00fajthat a tanul\u00f3k sz\u00e1m\u00e1ra ahhoz, hogy val\u00f3ban b\u00e1rhol \u00e9s b\u00e1rmikor haszn\u00e1lj\u00e1k az eduKRESZ tananyagokat.<\/p>\n","protected":false},"excerpt":{"rendered":"<p>Az al\u00e1bbi \u0171rlap kit\u00f6lt\u00e9s\u00e9vel jelentkezhet e-learning (otthoni KRESZ tanul\u00e1s) programra. Figyelem! A bejelentkez\u00e9s ut\u00e1n egy szerz\u0151d\u00e9st k\u00fcld\u00fcnk, melyet\u00a0al\u00e1\u00edrva\u00a0k\u00e9rj\u00fck juttassa vissza\u00a0iskol\u00e1nkhoz. A tanfolyam \u00f6sszeg\u00e9t \u00e1tutal\u00e1ssal is fizetheti! Amint a szerz\u0151d\u00e9s meg\u00e9rkezik \u00e9s a befizet\u00e9s is megjelenik sz\u00e1ml\u00e1nkon, elkezdheti a tanul\u00e1st! A tanfolyami d\u00edj a KRESZ tananyagot \u00e9s a KRESZ Tesztet is tartalmazza! Minden mez\u0151 kit\u00f6lt\u00e9se k\u00f6telez\u0151!! Figyelem! a rendszer csak a gmail e-mail c\u00edmet fogadja el!! K\u00e9rj\u00fck ilyet adjon meg! Minim\u00e1lis\/aj\u00e1nlott technikai felt\u00e9telek: Sz\u00e1m\u00edt\u00f3g\u00e9p (PC, notebook) Aj\u00e1nlott minim\u00e1lis k\u00e9perny\u0151m\u00e9ret: 13\u201d Minim\u00e1lis rendszer k\u00f6vetelm\u00e9nyek: XGA &#8211; 1024&#215;768 felbont\u00e1s Intel i3 processzorcsal\u00e1d vagy azzal egyen\u00e9rt\u00e9k\u0171 teljes\u00edtm\u00e9ny, 2GB RAM Minim\u00e1lis b\u00f6ng\u00e9sz\u0151 k\u00f6vetelm\u00e9ny: Internet Explorer 11+ Chrome 58+ Firefox 53+ Mobileszk\u00f6z Aj\u00e1nlott minim\u00e1lis kijelz\u0151 m\u00e9ret: 7\u201d Minim\u00e1lis rendszer k\u00f6vetelm\u00e9nyek: XGA &#8211; 1024&#215;768 felbont\u00e1s 1GHz Dual-Core teljes\u00edtm\u00e9ny, 1GB RAM Android 5.0 + MS Windows 10 mobile + IOS 10 + Minim\u00e1lis b\u00f6ng\u00e9sz\u0151 k\u00f6vetelm\u00e9ny: Internet Explorer Mobile 11+ Chrome 58+ Fontos megjegyz\u00e9s, hogy a mobileszk\u00f6z\u00f6k eset\u00e9ben a hosszabb id\u0151n \u00e1t tart\u00f3, folyamatos \u00e9s egyben hat\u00e9kony tanul\u00e1s \u00e9s gyakorl\u00e1s \u2013 az aj\u00e1nlott kijelz\u0151 m\u00e9ret miatt \u2013 els\u0151sorban megfelel\u0151 m\u00e9ret\u0171 \u00e9s tulajdons\u00e1gokkal rendelkez\u0151 tableteken val\u00f3s\u00edthat\u00f3 meg. Ugyanakkor a tananyagok \u00e9s vizsgafelk\u00e9sz\u00edt\u0151k az oldalak sz\u00fcks\u00e9g szerinti nagy\u00edt\u00e1s\u00e1val \u00e9s pozicion\u00e1l\u00e1s\u00e1val futtathat\u00f3k a sz\u00fcks\u00e9ges minim\u00e1lis rendszer \u00e9s b\u00f6ng\u00e9sz\u0151 k\u00f6vetelm\u00e9nyeket teljes\u00edt\u0151 okostelefonokon is, ami hasznos kieg\u00e9sz\u00edt\u0151 lehet\u0151s\u00e9get ny\u00fajthat a tanul\u00f3k sz\u00e1m\u00e1ra ahhoz, hogy val\u00f3ban b\u00e1rhol \u00e9s b\u00e1rmikor haszn\u00e1lj\u00e1k az eduKRESZ tananyagokat.<\/p>\n","protected":false},"author":1,"featured_media":0,"parent":0,"menu_order":0,"comment_status":"closed","ping_status":"closed","template":"","meta":{"footnotes":""},"class_list":["post-1577","page","type-page","status-publish","hentry"],"_links":{"self":[{"href":"https:\/\/www.goforgo.hu\/index.php\/wp-json\/wp\/v2\/pages\/1577","targetHints":{"allow":["GET"]}}],"collection":[{"href":"https:\/\/www.goforgo.hu\/index.php\/wp-json\/wp\/v2\/pages"}],"about":[{"href":"https:\/\/www.goforgo.hu\/index.php\/wp-json\/wp\/v2\/types\/page"}],"author":[{"embeddable":true,"href":"https:\/\/www.goforgo.hu\/index.php\/wp-json\/wp\/v2\/users\/1"}],"replies":[{"embeddable":true,"href":"https:\/\/www.goforgo.hu\/index.php\/wp-json\/wp\/v2\/comments?post=1577"}],"version-history":[{"count":8,"href":"https:\/\/www.goforgo.hu\/index.php\/wp-json\/wp\/v2\/pages\/1577\/revisions"}],"predecessor-version":[{"id":5788,"href":"https:\/\/www.goforgo.hu\/index.php\/wp-json\/wp\/v2\/pages\/1577\/revisions\/5788"}],"wp:attachment":[{"href":"https:\/\/www.goforgo.hu\/index.php\/wp-json\/wp\/v2\/media?parent=1577"}],"curies":[{"name":"wp","href":"https:\/\/api.w.org\/{rel}","templated":true}]}}