{"id":1686,"date":"2016-05-19T13:09:28","date_gmt":"2016-05-19T13:09:28","guid":{"rendered":"http:\/\/www.goforgo.hu\/?page_id=1686"},"modified":"2020-09-28T16:13:53","modified_gmt":"2020-09-28T16:13:53","slug":"kedvezmenyek","status":"publish","type":"page","link":"https:\/\/www.goforgo.hu\/index.php\/kedvezmenyek\/","title":{"rendered":"Kedvezm\u00e9nyek"},"content":{"rendered":"<h2><\/h2>\n<h2><\/h2>\n<h2>T\u00f6rzsutas kedvezm\u00e9ny\u00fcnk:<\/h2>\n<h3>3 % \u00a0&#8211; felt\u00e9tel: min 3 alkalommal utazott a GOforGO utaz\u00e1si iroda \u00e1ltal szervezett 1 napos vagy NON STOP \u00fatra<\/h3>\n<h3><\/h3>\n<h3>5 % \u00a0&#8211; felt\u00e9tel: min 3 alkalommal utazott a GOforGO utaz\u00e1si iroda \u00e1ltal szervezett olyan \u00faton, ahol sz\u00e1ll\u00e1st is ig\u00e9nybe vettek. (azaz nem 1 napos \u00e9s nem NON STOP)<\/h3>\n<h3><\/h3>\n<p>Kedvezm\u00e9nyeket \u00f6sszevonni nem lehet!<\/p>\n<p><a href=\"https:\/\/www.goforgo.hu\/index.php\/proba-oldal\/logo1\/\" rel=\"attachment wp-att-5\"><img loading=\"lazy\" decoding=\"async\" class=\"wp-image-5 aligncenter\" src=\"https:\/\/www.goforgo.hu\/wp-content\/uploads\/2015\/10\/Logo1.jpg\" alt=\"Logo1\" width=\"314\" height=\"243\" srcset=\"https:\/\/www.goforgo.hu\/wp-content\/uploads\/2015\/10\/Logo1.jpg 500w, https:\/\/www.goforgo.hu\/wp-content\/uploads\/2015\/10\/Logo1-300x232.jpg 300w\" sizes=\"auto, (max-width: 314px) 100vw, 314px\" \/><\/a><\/p>\n","protected":false},"excerpt":{"rendered":"<p>T\u00f6rzsutas kedvezm\u00e9ny\u00fcnk: 3 % \u00a0&#8211; felt\u00e9tel: min 3 alkalommal utazott a GOforGO utaz\u00e1si iroda \u00e1ltal szervezett 1 napos vagy NON STOP \u00fatra 5 % \u00a0&#8211; felt\u00e9tel: min 3 alkalommal utazott a GOforGO utaz\u00e1si iroda \u00e1ltal szervezett olyan \u00faton, ahol sz\u00e1ll\u00e1st is ig\u00e9nybe vettek. (azaz nem 1 napos \u00e9s nem NON STOP) Kedvezm\u00e9nyeket \u00f6sszevonni nem lehet!<\/p>\n","protected":false},"author":1,"featured_media":0,"parent":0,"menu_order":0,"comment_status":"closed","ping_status":"closed","template":"","meta":{"footnotes":""},"class_list":["post-1686","page","type-page","status-publish","hentry"],"_links":{"self":[{"href":"https:\/\/www.goforgo.hu\/index.php\/wp-json\/wp\/v2\/pages\/1686","targetHints":{"allow":["GET"]}}],"collection":[{"href":"https:\/\/www.goforgo.hu\/index.php\/wp-json\/wp\/v2\/pages"}],"about":[{"href":"https:\/\/www.goforgo.hu\/index.php\/wp-json\/wp\/v2\/types\/page"}],"author":[{"embeddable":true,"href":"https:\/\/www.goforgo.hu\/index.php\/wp-json\/wp\/v2\/users\/1"}],"replies":[{"embeddable":true,"href":"https:\/\/www.goforgo.hu\/index.php\/wp-json\/wp\/v2\/comments?post=1686"}],"version-history":[{"count":19,"href":"https:\/\/www.goforgo.hu\/index.php\/wp-json\/wp\/v2\/pages\/1686\/revisions"}],"predecessor-version":[{"id":5675,"href":"https:\/\/www.goforgo.hu\/index.php\/wp-json\/wp\/v2\/pages\/1686\/revisions\/5675"}],"wp:attachment":[{"href":"https:\/\/www.goforgo.hu\/index.php\/wp-json\/wp\/v2\/media?parent=1686"}],"curies":[{"name":"wp","href":"https:\/\/api.w.org\/{rel}","templated":true}]}}