{"id":1712,"date":"2016-05-25T15:04:55","date_gmt":"2016-05-25T15:04:55","guid":{"rendered":"http:\/\/www.goforgo.hu\/?page_id=1712"},"modified":"2017-03-07T08:49:42","modified_gmt":"2017-03-07T08:49:42","slug":"recsk-parad-gyongyos","status":"publish","type":"page","link":"https:\/\/www.goforgo.hu\/index.php\/recsk-parad-gyongyos\/","title":{"rendered":"Recsk \u2013 Par\u00e1d &#8211; Gy\u00f6ngy\u00f6s"},"content":{"rendered":"<p class=\"western\" align=\"left\"><strong>Id\u0151pont: 2017.06.10.\u00a0<\/strong>\u00a0\u00a0\u00a0\u00a0\u00a0\u00a0\u00a0\u00a0\u00a0\u00a0\u00a0\u00a0\u00a0\u00a0\u00a0 \u00a0 \u00a0 \u00a0 \u00a0<b>Poz\u00edci\u00f3sz\u00e1m:<\/b><b> 17\/BRP\/11<\/b><\/p>\n<p class=\"western\"><b>Utaz\u00e1s:<\/b> az utasl\u00e9tsz\u00e1mnak megfelel\u0151 aut\u00f3busszal<\/p>\n<p class=\"western\" align=\"left\"><b>\u00datvonal: <\/b>Budapest \u2013 Recsk \u2013 Par\u00e1d &#8211; Gy\u00f6ngy\u00f6s \u2013 Budapest (kb. 240 km)<\/p>\n<p class=\"western\"><b>Ell\u00e1t\u00e1s:<\/b> \u00f6nell\u00e1t\u00f3<\/p>\n<p style=\"text-align: center;\"><u><b>PROGRAM:<\/b><\/u><\/p>\n<p><strong>Felsz\u00e1ll\u00e1si lehet\u0151s\u00e9gek:<\/strong><\/p>\n<p>7:30 \u00a0 \u00a0 Pestszentl\u0151rinc, \u00dcll\u0151i \u00fat 379-381. Lidl parkol\u00f3 (felt\u00e9teles)<\/p>\n<p>8:00\u00a0\u00a0\u00a0\u00a0 Bp., N\u00e9pliget Planet\u00e1rium f\u0151bej\u00e1rata el\u0151l<\/p>\n<p>8:30\u00a0\u00a0\u00a0\u00a0 B\u00e9k\u00e1smegyer, H\u00c9V melletti, hegy fel\u0151li parkol\u00f3, buszfordul\u00f3 (felt\u00e9teles)<\/p>\n<p><a href=\"https:\/\/www.goforgo.hu\/index.php\/recsk-parad-gyongyos\/recsk-1\/\" rel=\"attachment wp-att-1715\"><img loading=\"lazy\" decoding=\"async\" class=\"alignnone size-large wp-image-1715\" src=\"https:\/\/www.goforgo.hu\/wp-content\/uploads\/2016\/05\/recsk-1-1024x768.jpg\" alt=\"recsk 1\" width=\"1024\" height=\"768\" \/><\/a><\/p>\n<p>A d\u00e9lel\u0151tt folyam\u00e1n ell\u00e1togatunk <strong>Recskre<\/strong>, a rettegett <u>\u00c1VH \u00e1ltal m\u0171k\u00f6dtetett egykori <\/u><u>k\u00e9nyszermunkat\u00e1borba<\/u>, mely ma m\u00e1r Nemzeti Eml\u00e9khely. Ism\u00e9t buszra sz\u00e1llva <strong>Par\u00e1dra<\/strong> \u00e9rkez\u00fcnk, ahol Asztalos Joh\u00e1k b\u00e1csi csod\u00e1latos fafarag\u00e1sait n\u00e9zhetj\u00fck meg. A mester az apr\u00f3bb t\u00e1rgyak farag\u00e1sa ut\u00e1n \u00e9rezte \u00fagy, hogy \u00e9letfeladata a <u>pal\u00f3c \u00e9let \u00e9s a bety\u00e1rvil\u00e1g<\/u> legend\u00e1inak meg\u00f6r\u00f6k\u00edt\u00e9se \u00e9letnagys\u00e1g\u00fa szobraiban, domborm\u0171veiben, kisplasztik\u00e1iban.<\/p>\n<p><a href=\"https:\/\/www.goforgo.hu\/index.php\/recsk-parad-gyongyos\/parad-asztalos_johak_muz\/\" rel=\"attachment wp-att-1716\"><img loading=\"lazy\" decoding=\"async\" class=\"wp-image-1716 aligncenter\" src=\"https:\/\/www.goforgo.hu\/wp-content\/uploads\/2016\/05\/par\u00e1d-asztalos_johak_muz.jpg\" alt=\"par\u00e1d asztalos_johak_muz\" width=\"489\" height=\"322\" \/><\/a>\u00a0<a href=\"https:\/\/www.goforgo.hu\/index.php\/recsk-parad-gyongyos\/parad-sobri_joska3\/\" rel=\"attachment wp-att-1719\"><img loading=\"lazy\" decoding=\"async\" class=\"wp-image-1719 aligncenter\" src=\"https:\/\/www.goforgo.hu\/wp-content\/uploads\/2016\/05\/par\u00e1d-sobri_joska3.jpg\" alt=\"par\u00e1d sobri_joska3\" width=\"371\" height=\"720\" \/><\/a><\/p>\n<p>A d\u00e9lut\u00e1nt <strong>Gy\u00f6ngy\u00f6s\u00f6n<\/strong> t\u00f6ltj\u00fck, ahol a <u>M\u00e1tra M\u00fazeumban<\/u> ismerkedhet\u00fcnk a term\u00e9szet csod\u00e1ival, mint a mamut-csontv\u00e1z\u00e1val vagy az orsz\u00e1g legnagyobb lepkegy\u0171jtem\u00e9ny\u00e9vel. Ezut\u00e1n indulunk Budapestre, ahov\u00e1 az esti \u00f3r\u00e1kba \u00e9r\u00fcnk vissza. Lesz\u00e1ll\u00e1si lehet\u0151s\u00e9g a felsz\u00e1ll\u00e1ssal megegyez\u0151 helyeken<\/p>\n<p><a href=\"https:\/\/www.goforgo.hu\/index.php\/recsk-parad-gyongyos\/matra-muzum\/\" rel=\"attachment wp-att-1717\"><img loading=\"lazy\" decoding=\"async\" class=\"alignnone size-large wp-image-1717\" src=\"https:\/\/www.goforgo.hu\/wp-content\/uploads\/2016\/05\/m\u00e1tra-m\u00fazum-1024x678.jpg\" alt=\"m\u00e1tra m\u00fazum\" width=\"1024\" height=\"678\" \/><\/a><\/p>\n<p>&nbsp;<\/p>\n<h2 style=\"text-align: center;\">R\u00e9szv\u00e9teli d\u00edj:\u00a0 4 900 Ft\/f\u0151<\/h2>\n<p><strong><em>\u00a0<\/em><\/strong><\/p>\n<p><strong><em><u>A r\u00e9szv\u00e9teli d\u00edj tartalmazza<\/u><\/em><\/strong><strong><em>:<\/em><\/strong><em> az aut\u00f3buszos utaz\u00e1s k\u00f6lts\u00e9geit <\/em><\/p>\n<p><strong><em><u>A r\u00e9szv\u00e9teli d\u00edj nem tartalmazza<\/u><\/em><\/strong><strong><em>:<\/em><\/strong><em> a bel\u00e9p\u0151jegyeket, melyek a helysz\u00ednen fizetend\u0151k <\/em><\/p>\n<p><strong><em><u>Kedvezm\u00e9nyek<\/u><\/em><\/strong><strong><em>:<\/em><\/strong><em> A GOforGO t\u00f6rzsutasainak, di\u00e1koknak 18 \u00e9ves korig, 65 \u00e9v feletti nyugd\u00edjasoknak 400 Ft. Kedvezm\u00e9nyeket \u00f6sszevonni nem lehet!<\/em><\/p>\n<p><strong>\u00c9LM\u00c9NYEKBEN\u00a0 GAZDAG\u00a0 UTAZ\u00c1ST,<em>\u00a0 <\/em>J\u00d3\u00a0 SZ\u00d3RAKOZ\u00c1ST K\u00cdV\u00c1NUNK!<\/strong><\/p>\n<p><a href=\"https:\/\/www.goforgo.hu\/index.php\/recsk-parad-gyongyos\/matra_muzeum_520756_28260\/\" rel=\"attachment wp-att-1718\"><img loading=\"lazy\" decoding=\"async\" class=\"alignnone size-large wp-image-1718\" src=\"https:\/\/www.goforgo.hu\/wp-content\/uploads\/2016\/05\/matra_muzeum_520756_28260-1024x763.jpg\" alt=\"matra_muzeum_520756_28260\" width=\"1024\" height=\"763\" \/><\/a><\/p>\n","protected":false},"excerpt":{"rendered":"<p>Id\u0151pont: 2017.06.10.\u00a0\u00a0\u00a0\u00a0\u00a0\u00a0\u00a0\u00a0\u00a0\u00a0\u00a0\u00a0\u00a0\u00a0\u00a0\u00a0 \u00a0 \u00a0 \u00a0 \u00a0Poz\u00edci\u00f3sz\u00e1m: 17\/BRP\/11 Utaz\u00e1s: az utasl\u00e9tsz\u00e1mnak megfelel\u0151 aut\u00f3busszal \u00datvonal: Budapest \u2013 Recsk \u2013 Par\u00e1d &#8211; Gy\u00f6ngy\u00f6s \u2013 Budapest (kb. 240 km) Ell\u00e1t\u00e1s: \u00f6nell\u00e1t\u00f3 PROGRAM: Felsz\u00e1ll\u00e1si lehet\u0151s\u00e9gek: 7:30 \u00a0 \u00a0 Pestszentl\u0151rinc, \u00dcll\u0151i \u00fat 379-381. Lidl parkol\u00f3 (felt\u00e9teles) 8:00\u00a0\u00a0\u00a0\u00a0 Bp., N\u00e9pliget Planet\u00e1rium f\u0151bej\u00e1rata el\u0151l 8:30\u00a0\u00a0\u00a0\u00a0 B\u00e9k\u00e1smegyer, H\u00c9V melletti, hegy fel\u0151li parkol\u00f3, buszfordul\u00f3 (felt\u00e9teles) A d\u00e9lel\u0151tt folyam\u00e1n ell\u00e1togatunk Recskre, a rettegett \u00c1VH \u00e1ltal m\u0171k\u00f6dtetett egykori k\u00e9nyszermunkat\u00e1borba, mely ma m\u00e1r Nemzeti Eml\u00e9khely. Ism\u00e9t buszra sz\u00e1llva Par\u00e1dra \u00e9rkez\u00fcnk, ahol Asztalos Joh\u00e1k b\u00e1csi csod\u00e1latos fafarag\u00e1sait n\u00e9zhetj\u00fck meg. A mester az apr\u00f3bb t\u00e1rgyak farag\u00e1sa ut\u00e1n \u00e9rezte \u00fagy, hogy \u00e9letfeladata a pal\u00f3c \u00e9let \u00e9s a bety\u00e1rvil\u00e1g legend\u00e1inak meg\u00f6r\u00f6k\u00edt\u00e9se \u00e9letnagys\u00e1g\u00fa szobraiban, domborm\u0171veiben, kisplasztik\u00e1iban. \u00a0 A d\u00e9lut\u00e1nt Gy\u00f6ngy\u00f6s\u00f6n t\u00f6ltj\u00fck, ahol a M\u00e1tra M\u00fazeumban ismerkedhet\u00fcnk a term\u00e9szet csod\u00e1ival, mint a mamut-csontv\u00e1z\u00e1val vagy az orsz\u00e1g legnagyobb lepkegy\u0171jtem\u00e9ny\u00e9vel. Ezut\u00e1n indulunk Budapestre, ahov\u00e1 az esti \u00f3r\u00e1kba \u00e9r\u00fcnk vissza. Lesz\u00e1ll\u00e1si lehet\u0151s\u00e9g a felsz\u00e1ll\u00e1ssal megegyez\u0151 helyeken &nbsp; R\u00e9szv\u00e9teli d\u00edj:\u00a0 4 900 Ft\/f\u0151 \u00a0 A r\u00e9szv\u00e9teli d\u00edj tartalmazza: az aut\u00f3buszos utaz\u00e1s k\u00f6lts\u00e9geit A r\u00e9szv\u00e9teli d\u00edj nem tartalmazza: a bel\u00e9p\u0151jegyeket, melyek a helysz\u00ednen fizetend\u0151k Kedvezm\u00e9nyek: A GOforGO t\u00f6rzsutasainak, di\u00e1koknak 18 \u00e9ves korig, 65 \u00e9v feletti nyugd\u00edjasoknak 400 Ft. Kedvezm\u00e9nyeket \u00f6sszevonni nem lehet! \u00c9LM\u00c9NYEKBEN\u00a0 GAZDAG\u00a0 UTAZ\u00c1ST,\u00a0 J\u00d3\u00a0 SZ\u00d3RAKOZ\u00c1ST K\u00cdV\u00c1NUNK!<\/p>\n","protected":false},"author":1,"featured_media":0,"parent":0,"menu_order":0,"comment_status":"closed","ping_status":"closed","template":"","meta":{"footnotes":""},"class_list":["post-1712","page","type-page","status-publish","hentry"],"_links":{"self":[{"href":"https:\/\/www.goforgo.hu\/index.php\/wp-json\/wp\/v2\/pages\/1712","targetHints":{"allow":["GET"]}}],"collection":[{"href":"https:\/\/www.goforgo.hu\/index.php\/wp-json\/wp\/v2\/pages"}],"about":[{"href":"https:\/\/www.goforgo.hu\/index.php\/wp-json\/wp\/v2\/types\/page"}],"author":[{"embeddable":true,"href":"https:\/\/www.goforgo.hu\/index.php\/wp-json\/wp\/v2\/users\/1"}],"replies":[{"embeddable":true,"href":"https:\/\/www.goforgo.hu\/index.php\/wp-json\/wp\/v2\/comments?post=1712"}],"version-history":[{"count":5,"href":"https:\/\/www.goforgo.hu\/index.php\/wp-json\/wp\/v2\/pages\/1712\/revisions"}],"predecessor-version":[{"id":3126,"href":"https:\/\/www.goforgo.hu\/index.php\/wp-json\/wp\/v2\/pages\/1712\/revisions\/3126"}],"wp:attachment":[{"href":"https:\/\/www.goforgo.hu\/index.php\/wp-json\/wp\/v2\/media?parent=1712"}],"curies":[{"name":"wp","href":"https:\/\/api.w.org\/{rel}","templated":true}]}}