{"id":1892,"date":"2016-09-23T14:40:02","date_gmt":"2016-09-23T14:40:02","guid":{"rendered":"http:\/\/www.goforgo.hu\/?page_id=1892"},"modified":"2025-10-29T17:15:24","modified_gmt":"2025-10-29T17:15:24","slug":"advent-pozsonyban","status":"publish","type":"page","link":"https:\/\/www.goforgo.hu\/index.php\/advent-pozsonyban\/","title":{"rendered":"Advent Pozsonyban"},"content":{"rendered":"<p><a href=\"https:\/\/www.goforgo.hu\/index.php\/advent-pozsonyban\/advent-pozsony-5\/\" rel=\"attachment wp-att-1894\"><img loading=\"lazy\" decoding=\"async\" class=\"alignnone size-full wp-image-1894\" src=\"https:\/\/www.goforgo.hu\/wp-content\/uploads\/2016\/09\/Advent-Pozsony-5.jpg\" alt=\"advent-pozsony-5\" width=\"800\" height=\"600\" srcset=\"https:\/\/www.goforgo.hu\/wp-content\/uploads\/2016\/09\/Advent-Pozsony-5.jpg 800w, https:\/\/www.goforgo.hu\/wp-content\/uploads\/2016\/09\/Advent-Pozsony-5-300x225.jpg 300w, https:\/\/www.goforgo.hu\/wp-content\/uploads\/2016\/09\/Advent-Pozsony-5-768x576.jpg 768w\" sizes=\"auto, (max-width: 800px) 100vw, 800px\" \/><\/a><\/p>\n<p class=\"western\"><b>Id\u0151pont<\/b>: <b>2025.11.29.\u00a0\u00a0\u00a0\u00a0\u00a0\u00a0\u00a0\u00a0\u00a0\u00a0\u00a0\u00a0\u00a0\u00a0\u00a0\u00a0\u00a0\u00a0\u00a0\u00a0\u00a0\u00a0\u00a0\u00a0\u00a0\u00a0\u00a0\u00a0\u00a0\u00a0\u00a0\u00a0\u00a0\u00a0\u00a0\u00a0\u00a0\u00a0\u00a0\u00a0\u00a0\u00a0\u00a0\u00a0\u00a0\u00a0\u00a0\u00a0\u00a0\u00a0\u00a0\u00a0\u00a0\u00a0\u00a0\u00a0\u00a0 Poz\u00edci\u00f3sz\u00e1m: 25\/APO\/02<\/b><\/p>\n<p><b>Utaz\u00e1s:<\/b> az utasl\u00e9tsz\u00e1mnak megfelel\u0151 aut\u00f3busszal<\/p>\n<p><b>\u00datvonal:<\/b> Budapest \u2013 Pozsony \u2013 Budapest<\/p>\n<p><b>Ell\u00e1t\u00e1s:<\/b> \u00f6nell\u00e1t\u00f3<\/p>\n<p>Indul\u00e1s: <b>\u00a0 \u00a0 \u00a0 \u00a0 \u00a0 \u00a0 \u00a0 \u00a06:00 <\/b>&#8211; kor \u00a0Ecseri \u00fat OMV benzink\u00fat, befel\u00e9 vezet\u0151 oldal,\u00a0\u00dcll\u0151i \u00fat 110.<\/p>\n<p class=\"western\" style=\"text-align: center;\" align=\"justify\"><strong><span style=\"font-size: large;\"><u>Program<\/u><\/span><\/strong><\/p>\n<p align=\"justify\">Utaz\u00e1s r\u00f6vid pihen\u0151vel, \u00e9rkez\u00e9s<b> <\/b><b>Pozsonyba<\/b>, ahol megn\u00e9zz\u00fck a v\u00e1ros nevezetess\u00e9geit (a Szent M\u00e1rton sz\u00e9kesegyh\u00e1zat, mely sok kir\u00e1lyunk \u00e9s kir\u00e1lyn\u00e9nk koron\u00e1z\u00e1s\u00e1nak sz\u00ednhelye volt, a M\u00e1ty\u00e1s kir\u00e1ly \u00e1ltal alap\u00edtott egyetem, az Academia Istropolitania egykori \u00e9p\u00fclet\u00e9t, a r\u00e9gi v\u00e1rosh\u00e1z\u00e1t, az Apponyi palot\u00e1t \u00e9s a P\u00fcsp\u00f6ki palot\u00e1t), s\u00e9t\u00e1lunk a belv\u00e1rosban, \u00e9s k\u00edv\u00fclr\u0151l megtekintj\u00fck a Pozsonyi v\u00e1rat is. Majd r\u00e9szt vesz\u00fcnk <b>a kir\u00e1lyi koron\u00e1z\u00f3 v\u00e1ros adventi v\u00e1s\u00e1r\u00e1nak<\/b> lend\u00fcletes forgatag\u00e1ban.<\/p>\n<p align=\"justify\"><a href=\"https:\/\/www.goforgo.hu\/index.php\/advent-pozsonyban\/advent-pozsony-2\/\" rel=\"attachment wp-att-1896\"><img loading=\"lazy\" decoding=\"async\" class=\"alignnone size-full wp-image-1896\" src=\"https:\/\/www.goforgo.hu\/wp-content\/uploads\/2016\/09\/Advent-Pozsony-2.jpg\" alt=\"advent-pozsony-2\" width=\"1000\" height=\"667\" srcset=\"https:\/\/www.goforgo.hu\/wp-content\/uploads\/2016\/09\/Advent-Pozsony-2.jpg 1000w, https:\/\/www.goforgo.hu\/wp-content\/uploads\/2016\/09\/Advent-Pozsony-2-300x200.jpg 300w, https:\/\/www.goforgo.hu\/wp-content\/uploads\/2016\/09\/Advent-Pozsony-2-768x512.jpg 768w\" sizes=\"auto, (max-width: 1000px) 100vw, 1000px\" \/><\/a><\/p>\n<p align=\"justify\">Szabadid\u0151 alatt javasolt programok:<\/p>\n<p align=\"justify\"><b>P\u00fcsp\u00f6ki palota \u00e9s T\u00fck\u00f6rterme<\/b> , ahol Nap\u00f3leon a Pozsonyi B\u00e9k\u00e9t al\u00e1\u00edrta<\/p>\n<p align=\"justify\">A Mih\u00e1ly kapuban a <b>Fegyver \u00e9s V\u00e1ros-er\u0151d\u00edtm\u00e9nyki\u00e1ll\u00edt\u00e1s<\/b><\/p>\n<p align=\"justify\"><b>T\u00f6rt\u00e9nelmi \u00f3r\u00e1k M\u00fazeuma<\/b><\/p>\n<p align=\"justify\">Budapestre v\u00e1rhat\u00f3an az esti \u00f3r\u00e1kban \u00e9rkez\u00fcnk vissza. Lesz\u00e1ll\u00e1si lehet\u0151s\u00e9g a felsz\u00e1ll\u00e1ssal megegyez\u0151 helyeken.<\/p>\n<p style=\"text-align: center;\" align=\"justify\"><strong><span style=\"font-size: x-large;\"><img loading=\"lazy\" decoding=\"async\" class=\"alignnone size-large wp-image-1895\" src=\"https:\/\/www.goforgo.hu\/wp-content\/uploads\/2016\/09\/Advent-Pozsony-4-1024x768.jpg\" alt=\"advent-pozsony-4\" width=\"1024\" height=\"768\" srcset=\"https:\/\/www.goforgo.hu\/wp-content\/uploads\/2016\/09\/Advent-Pozsony-4.jpg 1024w, https:\/\/www.goforgo.hu\/wp-content\/uploads\/2016\/09\/Advent-Pozsony-4-300x225.jpg 300w, https:\/\/www.goforgo.hu\/wp-content\/uploads\/2016\/09\/Advent-Pozsony-4-768x576.jpg 768w\" sizes=\"auto, (max-width: 1024px) 100vw, 1024px\" \/>R\u00e9szv\u00e9teli d\u00edj: 17<\/span><span style=\"font-size: x-large;\">.0<\/span><span style=\"font-size: x-large;\">00 Ft\/f\u0151<\/span><\/strong><\/p>\n<p class=\"western\"><u><b>A r\u00e9szv\u00e9teli d\u00edj tartalmazza: <\/b><\/u> <i>aut\u00f3buszos utaz\u00e1s k\u00f6lts\u00e9geit.<\/i><\/p>\n<p class=\"western\"><u><b>A r\u00e9szv\u00e9teli d\u00edj nem tartalmazza<\/b><\/u> <u>:<\/u> <i> a BBP \u2013 biztos\u00edt\u00e1st, mely irod\u00e1inkban megk\u00f6thet\u0151k.<\/i><\/p>\n<p lang=\"hu-HU\" align=\"center\"><b>\u00c9LM\u00c9NYEKBEN GAZDAG UTAZ\u00c1ST,<\/b><i><b> <\/b><\/i> <b>J\u00d3 SZ\u00d3RAKOZ\u00c1ST K\u00cdV\u00c1NUNK!<\/b><\/p>\n<p lang=\"hu-HU\" align=\"center\"><a href=\"https:\/\/www.goforgo.hu\/index.php\/advent-pozsonyban\/4-2\/\" rel=\"attachment wp-att-1893\"><img loading=\"lazy\" decoding=\"async\" class=\"size-large wp-image-1893\" src=\"https:\/\/www.goforgo.hu\/wp-content\/uploads\/2016\/09\/Pozsony-1-1024x579.jpg\" alt=\"4.2\" width=\"1024\" height=\"579\" srcset=\"https:\/\/www.goforgo.hu\/wp-content\/uploads\/2016\/09\/Pozsony-1-1024x579.jpg 1024w, https:\/\/www.goforgo.hu\/wp-content\/uploads\/2016\/09\/Pozsony-1-300x170.jpg 300w, https:\/\/www.goforgo.hu\/wp-content\/uploads\/2016\/09\/Pozsony-1-768x434.jpg 768w\" sizes=\"auto, (max-width: 1024px) 100vw, 1024px\" \/><\/a><\/p>\n","protected":false},"excerpt":{"rendered":"<p>Id\u0151pont: 2025.11.29.\u00a0\u00a0\u00a0\u00a0\u00a0\u00a0\u00a0\u00a0\u00a0\u00a0\u00a0\u00a0\u00a0\u00a0\u00a0\u00a0\u00a0\u00a0\u00a0\u00a0\u00a0\u00a0\u00a0\u00a0\u00a0\u00a0\u00a0\u00a0\u00a0\u00a0\u00a0\u00a0\u00a0\u00a0\u00a0\u00a0\u00a0\u00a0\u00a0\u00a0\u00a0\u00a0\u00a0\u00a0\u00a0\u00a0\u00a0\u00a0\u00a0\u00a0\u00a0\u00a0\u00a0\u00a0\u00a0\u00a0\u00a0 Poz\u00edci\u00f3sz\u00e1m: 25\/APO\/02 Utaz\u00e1s: az utasl\u00e9tsz\u00e1mnak megfelel\u0151 aut\u00f3busszal \u00datvonal: Budapest \u2013 Pozsony \u2013 Budapest Ell\u00e1t\u00e1s: \u00f6nell\u00e1t\u00f3 Indul\u00e1s: \u00a0 \u00a0 \u00a0 \u00a0 \u00a0 \u00a0 \u00a0 \u00a06:00 &#8211; kor \u00a0Ecseri \u00fat OMV benzink\u00fat, befel\u00e9 vezet\u0151 oldal,\u00a0\u00dcll\u0151i \u00fat 110. Program Utaz\u00e1s r\u00f6vid pihen\u0151vel, \u00e9rkez\u00e9s Pozsonyba, ahol megn\u00e9zz\u00fck a v\u00e1ros nevezetess\u00e9geit (a Szent M\u00e1rton sz\u00e9kesegyh\u00e1zat, mely sok kir\u00e1lyunk \u00e9s kir\u00e1lyn\u00e9nk koron\u00e1z\u00e1s\u00e1nak sz\u00ednhelye volt, a M\u00e1ty\u00e1s kir\u00e1ly \u00e1ltal alap\u00edtott egyetem, az Academia Istropolitania egykori \u00e9p\u00fclet\u00e9t, a r\u00e9gi v\u00e1rosh\u00e1z\u00e1t, az Apponyi palot\u00e1t \u00e9s a P\u00fcsp\u00f6ki palot\u00e1t), s\u00e9t\u00e1lunk a belv\u00e1rosban, \u00e9s k\u00edv\u00fclr\u0151l megtekintj\u00fck a Pozsonyi v\u00e1rat is. Majd r\u00e9szt vesz\u00fcnk a kir\u00e1lyi koron\u00e1z\u00f3 v\u00e1ros adventi v\u00e1s\u00e1r\u00e1nak lend\u00fcletes forgatag\u00e1ban. Szabadid\u0151 alatt javasolt programok: P\u00fcsp\u00f6ki palota \u00e9s T\u00fck\u00f6rterme , ahol Nap\u00f3leon a Pozsonyi B\u00e9k\u00e9t al\u00e1\u00edrta A Mih\u00e1ly kapuban a Fegyver \u00e9s V\u00e1ros-er\u0151d\u00edtm\u00e9nyki\u00e1ll\u00edt\u00e1s T\u00f6rt\u00e9nelmi \u00f3r\u00e1k M\u00fazeuma Budapestre v\u00e1rhat\u00f3an az esti \u00f3r\u00e1kban \u00e9rkez\u00fcnk vissza. Lesz\u00e1ll\u00e1si lehet\u0151s\u00e9g a felsz\u00e1ll\u00e1ssal megegyez\u0151 helyeken. R\u00e9szv\u00e9teli d\u00edj: 17.000 Ft\/f\u0151 A r\u00e9szv\u00e9teli d\u00edj tartalmazza: aut\u00f3buszos utaz\u00e1s k\u00f6lts\u00e9geit. A r\u00e9szv\u00e9teli d\u00edj nem tartalmazza : a BBP \u2013 biztos\u00edt\u00e1st, mely irod\u00e1inkban megk\u00f6thet\u0151k. \u00c9LM\u00c9NYEKBEN GAZDAG UTAZ\u00c1ST, J\u00d3 SZ\u00d3RAKOZ\u00c1ST K\u00cdV\u00c1NUNK!<\/p>\n","protected":false},"author":1,"featured_media":0,"parent":0,"menu_order":0,"comment_status":"closed","ping_status":"closed","template":"","meta":{"footnotes":""},"class_list":["post-1892","page","type-page","status-publish","hentry"],"_links":{"self":[{"href":"https:\/\/www.goforgo.hu\/index.php\/wp-json\/wp\/v2\/pages\/1892","targetHints":{"allow":["GET"]}}],"collection":[{"href":"https:\/\/www.goforgo.hu\/index.php\/wp-json\/wp\/v2\/pages"}],"about":[{"href":"https:\/\/www.goforgo.hu\/index.php\/wp-json\/wp\/v2\/types\/page"}],"author":[{"embeddable":true,"href":"https:\/\/www.goforgo.hu\/index.php\/wp-json\/wp\/v2\/users\/1"}],"replies":[{"embeddable":true,"href":"https:\/\/www.goforgo.hu\/index.php\/wp-json\/wp\/v2\/comments?post=1892"}],"version-history":[{"count":12,"href":"https:\/\/www.goforgo.hu\/index.php\/wp-json\/wp\/v2\/pages\/1892\/revisions"}],"predecessor-version":[{"id":7586,"href":"https:\/\/www.goforgo.hu\/index.php\/wp-json\/wp\/v2\/pages\/1892\/revisions\/7586"}],"wp:attachment":[{"href":"https:\/\/www.goforgo.hu\/index.php\/wp-json\/wp\/v2\/media?parent=1892"}],"curies":[{"name":"wp","href":"https:\/\/api.w.org\/{rel}","templated":true}]}}