{"id":1943,"date":"2016-10-07T09:09:54","date_gmt":"2016-10-07T09:09:54","guid":{"rendered":"http:\/\/www.goforgo.hu\/?page_id=1943"},"modified":"2018-11-23T18:33:23","modified_gmt":"2018-11-23T18:33:23","slug":"advent-zakopaneban","status":"publish","type":"page","link":"https:\/\/www.goforgo.hu\/index.php\/advent-zakopaneban\/","title":{"rendered":"Advent Zakopaneban"},"content":{"rendered":"<p style=\"text-align: right;\"><img loading=\"lazy\" decoding=\"async\" class=\"size-full wp-image-1945 aligncenter\" src=\"https:\/\/www.goforgo.hu\/wp-content\/uploads\/2016\/10\/Zakopane-6.jpg\" alt=\"zakopane-6\" width=\"800\" height=\"450\" srcset=\"https:\/\/www.goforgo.hu\/wp-content\/uploads\/2016\/10\/Zakopane-6.jpg 800w, https:\/\/www.goforgo.hu\/wp-content\/uploads\/2016\/10\/Zakopane-6-300x169.jpg 300w, https:\/\/www.goforgo.hu\/wp-content\/uploads\/2016\/10\/Zakopane-6-768x432.jpg 768w\" sizes=\"auto, (max-width: 800px) 100vw, 800px\" \/><\/p>\n<p style=\"text-align: right;\"><img loading=\"lazy\" decoding=\"async\" class=\"size-full wp-image-1938\" src=\"https:\/\/www.goforgo.hu\/wp-content\/uploads\/2016\/09\/honlap-k%C3%B3dok.odtz%C3%B6ld-nyomtat%C3%B3-ikon-illusztr%C3%A1ci%C3%B3-feh%C3%A9r-sz%C3%A1m%C3%ADt%C3%B3g%C3%A9p-e1475828334767.jpg\" alt=\"zold-nyomtato\" width=\"39\" height=\"42\" \/> nyomtathat\u00f3 verzi\u00f3 :<\/p>\n<p><strong>Id\u0151pont : 2018.12.15-16.\u00a0\u00a0\u00a0\u00a0\u00a0\u00a0<\/strong>\u00a0\u00a0\u00a0\u00a0\u00a0\u00a0\u00a0\u00a0\u00a0\u00a0\u00a0\u00a0\u00a0\u00a0\u00a0\u00a0\u00a0\u00a0\u00a0\u00a0\u00a0\u00a0\u00a0\u00a0\u00a0 Poz.sz\u00e1m: 18\/AZK\/04<br \/>\n\u00datvonal :Budapest \u2013 Zakopane \u2013 Budapest (kb. 700 km)<br \/>\nUtaz\u00e1s : a csoportl\u00e9tsz\u00e1mnak megfelel\u0151 aut\u00f3busszal<br \/>\nId\u0151tartam: 2 nap\u00a0\u00a0\u00a0\u00a0\u00a0\u00a0\u00a0\u00a0\u00a0\u00a0\u00a0\u00a0\u00a0\u00a0\u00a0\u00a0\u00a0\u00a0\u00a0\u00a0\u00a0\u00a0\u00a0\u00a0\u00a0\u00a0\u00a0\u00a0\u00a0\u00a0\u00a0\u00a0\u00a0\u00a0\u00a0\u00a0\u00a0\u00a0 Idegenvezet\u00e9s: csoportk\u00eds\u00e9r\u0151<br \/>\nell\u00e1t\u00e1s: \u00f6nell\u00e1t\u00f3<br \/>\nsz\u00e1ll\u00e1s: Zakopane, mag\u00e1n panzi\u00f3 3-4 \u00e1gyas, zuhanyz\u00f3s szob\u00e1iban<\/p>\n<p>&nbsp;<\/p>\n<p class=\"western\" align=\"center\"><span style=\"font-size: medium;\"><u><b>PROGRAM:<\/b><\/u><\/span><\/p>\n<p align=\"justify\"><span style=\"font-size: medium;\"><b>Felsz\u00e1ll\u00e1si lehet\u0151s\u00e9gek:<\/b><\/span><\/p>\n<p align=\"justify\"><span style=\"font-size: medium;\">5:30 Pestszentl\u0151rinc, \u00dcll\u0151i \u00fat 379-381. Lidl parkol\u00f3 (felt\u00e9teles)<\/span><\/p>\n<p class=\"western\" align=\"justify\"><span style=\"font-size: medium;\">6:00 Bp., N\u00e9pliget Planet\u00e1rium f\u0151bej\u00e1rata el\u0151l<\/span><\/p>\n<p class=\"western\" align=\"justify\">6:30 B\u00e9k\u00e1smegyer, H\u00c9V melletti, hegy fel\u0151li parkol\u00f3, buszfordul\u00f3 (felt\u00e9teles)<\/p>\n<p><img loading=\"lazy\" decoding=\"async\" class=\"size-full wp-image-1947\" src=\"https:\/\/www.goforgo.hu\/wp-content\/uploads\/2016\/10\/Zakopane-Krupowki-2.jpg\" alt=\"03.05.2010 ZAKOPANE , KRUPOWKI , TLUMY GOSCI SPEDZAJACY MAJOWY DLUGI WEEKEND POD TATRAMI , ZAKUPY PAMIATEK FOT. MAREK PODMOKLY \/ AGENCJA GAZETA\" width=\"620\" height=\"415\" srcset=\"https:\/\/www.goforgo.hu\/wp-content\/uploads\/2016\/10\/Zakopane-Krupowki-2.jpg 620w, https:\/\/www.goforgo.hu\/wp-content\/uploads\/2016\/10\/Zakopane-Krupowki-2-300x201.jpg 300w\" sizes=\"auto, (max-width: 620px) 100vw, 620px\" \/><\/p>\n<p class=\"western\"><strong><span style=\"font-size: medium;\">1. nap: <\/span><\/strong><span style=\"font-size: medium;\">Folyamatos utaz\u00e1s Zakopaneig, \u00fatk\u00f6zben r\u00f6vid pihen\u0151kkel. A d\u00e9li \u00f3r\u00e1kban \u00e9rkez\u00fcnk Zakopaneba. K\u00f6z\u00f6sen ismerked\u00fcnk a v\u00e1roska nevezetess\u00e9geivel, majd ut\u00e1na szabadprogram, v\u00e1s\u00e1rl\u00e1si lehet\u0151s\u00e9g a h\u00edres \u201eSajt\u201d piacon (h\u00e1zi k\u00e9sz\u00edt\u00e9s\u0171 sajt kostol\u00e1s, v\u00e1s\u00e1rl\u00e1si lehet\u0151s\u00e9g. helyi k\u00e9zm\u0171ves term\u00e9kek, sz\u00e9pen kidolgozott b\u0151r\u00e1ruk, fafaragv\u00e1nyok). A szabadid\u0151 alatt felmehet\u00fcnk a Gubalowka cs\u00facsra a zakopanei piac v\u00e9g\u00e9ben tal\u00e1lhat\u00f3 fogaskerek\u0171 felvon\u00f3val, a felvon\u00f3 1128 m\u00e9terre sz\u00e1ll\u00edtja a kir\u00e1ndul\u00f3kat. A Gubalowka cs\u00facsr\u00f3l, sz\u00e9p id\u0151 eset\u00e9n gy\u00f6ny\u00f6r\u0171 panor\u00e1ma t\u00e1rul el\u00e9nk. K\u00e9s\u0151 d\u00e9lut\u00e1n sz\u00e1ll\u00e1sok elfoglal\u00e1sa. Vacsora egy\u00e9nileg a v\u00e1ros sz\u00e1mos \u00e9tterm\u00e9ben lehets\u00e9ges.<\/span><\/p>\n<p class=\"western\"><span style=\"font-size: medium;\">\u00a0<\/span><\/p>\n<p class=\"western\"><a href=\"https:\/\/www.goforgo.hu\/index.php\/adventi-utak\/zakopane-4\/\" rel=\"attachment wp-att-1904\"><img loading=\"lazy\" decoding=\"async\" class=\"size-full wp-image-1904 aligncenter\" src=\"https:\/\/www.goforgo.hu\/wp-content\/uploads\/2015\/10\/Zakopane-4.jpg\" alt=\"zakopane-4\" width=\"640\" height=\"427\" srcset=\"https:\/\/www.goforgo.hu\/wp-content\/uploads\/2015\/10\/Zakopane-4.jpg 640w, https:\/\/www.goforgo.hu\/wp-content\/uploads\/2015\/10\/Zakopane-4-300x200.jpg 300w\" sizes=\"auto, (max-width: 640px) 100vw, 640px\" \/><\/a><\/p>\n<p class=\"western\"><strong><span style=\"font-size: medium;\">2. nap: <\/span><\/strong><span style=\"font-size: medium;\">Reggeli ut\u00e1n <\/span><span style=\"font-size: medium;\">3 <\/span><span style=\"font-size: medium;\">szabadprogram <\/span><span style=\"font-size: medium;\">k\u00f6z\u00fcl v\u00e1laszthatnak:<\/span><\/p>\n<ol>\n<li>\n<p class=\"western\"><span style=\"font-size: medium;\">Az id\u0151t <\/span><span style=\"font-size: medium;\">Zakopaneban <\/span><span style=\"font-size: medium;\">t\u00f6ltik<\/span><span style=\"font-size: medium;\"> (javasolt program: Zakopanei St\u00edlus M\u00fazeuma, ahol megismerhetj\u00fck a helyi, goral n\u00e9pcsoport hagyom\u00e1nyait, \u00e9letvitel\u00e9t<\/span><span style=\"font-size: medium;\">)<\/span><\/p>\n<\/li>\n<li>\n<p class=\"western\"><span style=\"font-size: medium;\">vagy j\u00f3 id\u0151 eset\u00e9n kir\u00e1ndul\u00e1si lehet\u0151s\u00e9g a Kasprowy cs\u00facsra, t\u00f6bb, mint 1900 m\u00e9teres magass\u00e1gba. A cs\u00facsra \u00e9rkezve a k\u00f6rnyez\u0151 hegyek csod\u00e1latos panor\u00e1m\u00e1ja t\u00e1rul el\u00e9nk.)<\/span><\/p>\n<\/li>\n<li>\n<p class=\"western\"><span style=\"font-size: medium;\">vagy<\/span> <span style=\"font-size: medium;\">nagy <\/span><span style=\"font-size: medium;\">h\u00f3 eset\u00e9n lovassz\u00e1noz\u00e1s. <\/span><\/p>\n<\/li>\n<\/ol>\n<p class=\"western\"><span style=\"font-size: medium;\">D\u00e9lut\u00e1n hazaindul\u00e1s. Haza\u00e9rkez\u00e9s Budapestre a k\u00e9s\u0151 esti \u00f3r\u00e1kban. Lesz\u00e1ll\u00e1si lehet\u0151s\u00e9g a felsz\u00e1ll\u00e1ssal megegyez\u0151 helyeken!<\/span><\/p>\n<p class=\"western\"><span style=\"font-size: medium;\">\u00a0<\/span><\/p>\n<p class=\"western\" style=\"text-align: center;\"><strong><span style=\"font-size: x-large;\">R\u00e9szv\u00e9teli d\u00edj: 24 900 Ft\/f\u0151<\/span><\/strong><\/p>\n<p class=\"western\" align=\"center\"><a href=\"https:\/\/www.goforgo.hu\/index.php\/adventi-utak\/zakopane-2\/\" rel=\"attachment wp-att-1905\"><img loading=\"lazy\" decoding=\"async\" class=\"alignnone size-full wp-image-1905\" src=\"https:\/\/www.goforgo.hu\/wp-content\/uploads\/2015\/10\/zakopane-2.jpg\" alt=\"zakopane-2\" width=\"450\" height=\"299\" srcset=\"https:\/\/www.goforgo.hu\/wp-content\/uploads\/2015\/10\/zakopane-2.jpg 450w, https:\/\/www.goforgo.hu\/wp-content\/uploads\/2015\/10\/zakopane-2-300x199.jpg 300w\" sizes=\"auto, (max-width: 450px) 100vw, 450px\" \/><\/a><\/p>\n<p align=\"left\"><span style=\"font-size: medium;\"><span style=\"font-size: small;\"><i><u><b>A r\u00e9szv\u00e9teli d\u00edj tartalmazza<\/b><\/u><\/i><\/span><span style=\"font-size: small;\"><i><b>:<\/b><\/i><\/span><span style=\"font-size: small;\"><i> az aut\u00f3buszos utaz\u00e1s k\u00f6lts\u00e9geit, <\/i><\/span><span style=\"font-size: small;\"><i>az 1 \u00e9jszakai sz\u00e1ll\u00e1st reggelivel<\/i><\/span><\/span><\/p>\n<p class=\"western\" align=\"left\"><span style=\"font-size: small;\"><i><u><b>A r\u00e9szv\u00e9teli d\u00edj nem tartalmazza<\/b><\/u><\/i><\/span><span style=\"font-size: small;\"><i><b>:<\/b><\/i><\/span><span style=\"font-size: small;\"><i> a bel\u00e9p\u0151jegyeket <\/i><\/span><span style=\"font-size: small;\"><i>\u00e9s felvon\u00f3jegyeket (kb. 100 Pln)<\/i><\/span><span style=\"font-size: small;\"><i>, melyek a helysz\u00ednen fizetend\u0151k <\/i><\/span><\/p>\n<p class=\"western\" align=\"left\">Fel\u00e1rak:\u00a0 1\/1 fel \u00e1r: 5 200 Ft<\/p>\n<p class=\"western\" align=\"left\">\n","protected":false},"excerpt":{"rendered":"<p>nyomtathat\u00f3 verzi\u00f3 : Id\u0151pont : 2018.12.15-16.\u00a0\u00a0\u00a0\u00a0\u00a0\u00a0\u00a0\u00a0\u00a0\u00a0\u00a0\u00a0\u00a0\u00a0\u00a0\u00a0\u00a0\u00a0\u00a0\u00a0\u00a0\u00a0\u00a0\u00a0\u00a0\u00a0\u00a0\u00a0\u00a0\u00a0\u00a0 Poz.sz\u00e1m: 18\/AZK\/04 \u00datvonal :Budapest \u2013 Zakopane \u2013 Budapest (kb. 700 km) Utaz\u00e1s : a csoportl\u00e9tsz\u00e1mnak megfelel\u0151 aut\u00f3busszal Id\u0151tartam: 2 nap\u00a0\u00a0\u00a0\u00a0\u00a0\u00a0\u00a0\u00a0\u00a0\u00a0\u00a0\u00a0\u00a0\u00a0\u00a0\u00a0\u00a0\u00a0\u00a0\u00a0\u00a0\u00a0\u00a0\u00a0\u00a0\u00a0\u00a0\u00a0\u00a0\u00a0\u00a0\u00a0\u00a0\u00a0\u00a0\u00a0\u00a0\u00a0 Idegenvezet\u00e9s: csoportk\u00eds\u00e9r\u0151 ell\u00e1t\u00e1s: \u00f6nell\u00e1t\u00f3 sz\u00e1ll\u00e1s: Zakopane, mag\u00e1n panzi\u00f3 3-4 \u00e1gyas, zuhanyz\u00f3s szob\u00e1iban &nbsp; PROGRAM: Felsz\u00e1ll\u00e1si lehet\u0151s\u00e9gek: 5:30 Pestszentl\u0151rinc, \u00dcll\u0151i \u00fat 379-381. Lidl parkol\u00f3 (felt\u00e9teles) 6:00 Bp., N\u00e9pliget Planet\u00e1rium f\u0151bej\u00e1rata el\u0151l 6:30 B\u00e9k\u00e1smegyer, H\u00c9V melletti, hegy fel\u0151li parkol\u00f3, buszfordul\u00f3 (felt\u00e9teles) 1. nap: Folyamatos utaz\u00e1s Zakopaneig, \u00fatk\u00f6zben r\u00f6vid pihen\u0151kkel. A d\u00e9li \u00f3r\u00e1kban \u00e9rkez\u00fcnk Zakopaneba. K\u00f6z\u00f6sen ismerked\u00fcnk a v\u00e1roska nevezetess\u00e9geivel, majd ut\u00e1na szabadprogram, v\u00e1s\u00e1rl\u00e1si lehet\u0151s\u00e9g a h\u00edres \u201eSajt\u201d piacon (h\u00e1zi k\u00e9sz\u00edt\u00e9s\u0171 sajt kostol\u00e1s, v\u00e1s\u00e1rl\u00e1si lehet\u0151s\u00e9g. helyi k\u00e9zm\u0171ves term\u00e9kek, sz\u00e9pen kidolgozott b\u0151r\u00e1ruk, fafaragv\u00e1nyok). A szabadid\u0151 alatt felmehet\u00fcnk a Gubalowka cs\u00facsra a zakopanei piac v\u00e9g\u00e9ben tal\u00e1lhat\u00f3 fogaskerek\u0171 felvon\u00f3val, a felvon\u00f3 1128 m\u00e9terre sz\u00e1ll\u00edtja a kir\u00e1ndul\u00f3kat. A Gubalowka cs\u00facsr\u00f3l, sz\u00e9p id\u0151 eset\u00e9n gy\u00f6ny\u00f6r\u0171 panor\u00e1ma t\u00e1rul el\u00e9nk. K\u00e9s\u0151 d\u00e9lut\u00e1n sz\u00e1ll\u00e1sok elfoglal\u00e1sa. Vacsora egy\u00e9nileg a v\u00e1ros sz\u00e1mos \u00e9tterm\u00e9ben lehets\u00e9ges. \u00a0 2. nap: Reggeli ut\u00e1n 3 szabadprogram k\u00f6z\u00fcl v\u00e1laszthatnak: Az id\u0151t Zakopaneban t\u00f6ltik (javasolt program: Zakopanei St\u00edlus M\u00fazeuma, ahol megismerhetj\u00fck a helyi, goral n\u00e9pcsoport hagyom\u00e1nyait, \u00e9letvitel\u00e9t) vagy j\u00f3 id\u0151 eset\u00e9n kir\u00e1ndul\u00e1si lehet\u0151s\u00e9g a Kasprowy cs\u00facsra, t\u00f6bb, mint 1900 m\u00e9teres magass\u00e1gba. A cs\u00facsra \u00e9rkezve a k\u00f6rnyez\u0151 hegyek csod\u00e1latos panor\u00e1m\u00e1ja t\u00e1rul el\u00e9nk.) vagy nagy h\u00f3 eset\u00e9n lovassz\u00e1noz\u00e1s. D\u00e9lut\u00e1n hazaindul\u00e1s. Haza\u00e9rkez\u00e9s Budapestre a k\u00e9s\u0151 esti \u00f3r\u00e1kban. Lesz\u00e1ll\u00e1si lehet\u0151s\u00e9g a felsz\u00e1ll\u00e1ssal megegyez\u0151 helyeken! \u00a0 R\u00e9szv\u00e9teli d\u00edj: 24 900 Ft\/f\u0151 A r\u00e9szv\u00e9teli d\u00edj tartalmazza: az aut\u00f3buszos utaz\u00e1s k\u00f6lts\u00e9geit, az 1 \u00e9jszakai sz\u00e1ll\u00e1st reggelivel A r\u00e9szv\u00e9teli d\u00edj nem tartalmazza: a bel\u00e9p\u0151jegyeket \u00e9s felvon\u00f3jegyeket (kb. 100 Pln), melyek a helysz\u00ednen fizetend\u0151k Fel\u00e1rak:\u00a0 1\/1 fel \u00e1r: 5 200 Ft<\/p>\n","protected":false},"author":1,"featured_media":0,"parent":0,"menu_order":0,"comment_status":"closed","ping_status":"closed","template":"","meta":{"footnotes":""},"class_list":["post-1943","page","type-page","status-publish","hentry"],"_links":{"self":[{"href":"https:\/\/www.goforgo.hu\/index.php\/wp-json\/wp\/v2\/pages\/1943","targetHints":{"allow":["GET"]}}],"collection":[{"href":"https:\/\/www.goforgo.hu\/index.php\/wp-json\/wp\/v2\/pages"}],"about":[{"href":"https:\/\/www.goforgo.hu\/index.php\/wp-json\/wp\/v2\/types\/page"}],"author":[{"embeddable":true,"href":"https:\/\/www.goforgo.hu\/index.php\/wp-json\/wp\/v2\/users\/1"}],"replies":[{"embeddable":true,"href":"https:\/\/www.goforgo.hu\/index.php\/wp-json\/wp\/v2\/comments?post=1943"}],"version-history":[{"count":12,"href":"https:\/\/www.goforgo.hu\/index.php\/wp-json\/wp\/v2\/pages\/1943\/revisions"}],"predecessor-version":[{"id":4488,"href":"https:\/\/www.goforgo.hu\/index.php\/wp-json\/wp\/v2\/pages\/1943\/revisions\/4488"}],"wp:attachment":[{"href":"https:\/\/www.goforgo.hu\/index.php\/wp-json\/wp\/v2\/media?parent=1943"}],"curies":[{"name":"wp","href":"https:\/\/api.w.org\/{rel}","templated":true}]}}