{"id":2175,"date":"2016-12-21T20:43:39","date_gmt":"2016-12-21T20:43:39","guid":{"rendered":"http:\/\/www.goforgo.hu\/?page_id=2175"},"modified":"2016-12-21T20:45:09","modified_gmt":"2016-12-21T20:45:09","slug":"praga-az-aranyvaros","status":"publish","type":"page","link":"https:\/\/www.goforgo.hu\/index.php\/praga-az-aranyvaros\/","title":{"rendered":"Pr\u00e1ga, az aranyv\u00e1ros"},"content":{"rendered":"<p style=\"text-align: center;\"><span style=\"font-size: x-large;\"><strong>Esterh\u00e1zy J\u00e1nos hal\u00e1l\u00e1nak 60. \u00e9vfordul\u00f3j\u00e1ra a<\/strong> <\/span><\/p>\n<p style=\"text-align: center;\"><span style=\"font-size: x-large;\">Pr\u00e1gai Esterh\u00e1zy J\u00e1nos T\u00e1rsas\u00e1g rendezv\u00e9ny\u00e9re l\u00e1togatunk<br \/>\n<\/span><\/p>\n<p style=\"text-align: left;\"><img loading=\"lazy\" decoding=\"async\" class=\"size-full wp-image-2176 aligncenter\" src=\"https:\/\/www.goforgo.hu\/wp-content\/uploads\/2016\/12\/esterhazy2.jpg\" alt=\"esterhazy2\" width=\"600\" height=\"420\" \/><br \/>\nId\u0151pont\u00a0\u00a0\u00a0 :\u00a0 2017.03.03-05.\u00a0\u00a0\u00a0\u00a0\u00a0\u00a0\u00a0\u00a0\u00a0\u00a0\u00a0\u00a0\u00a0\u00a0\u00a0\u00a0\u00a0\u00a0\u00a0\u00a0\u00a0\u00a0\u00a0\u00a0\u00a0\u00a0\u00a0\u00a0\u00a0 Poz.sz\u00e1m: 17\/CPK \/ 01<br \/>\n\u00datvonal\u00a0\u00a0\u00a0 : Budapest \u2013 Velke Popovo \u2013 Pr\u00e1ga \u2013 Budapest\u00a0 (kb. 1200 km)<br \/>\nUtaz\u00e1s\u00a0\u00a0\u00a0\u00a0\u00a0 : a csoportl\u00e9tsz\u00e1mnak megfelel\u0151 aut\u00f3busszal<br \/>\nEll\u00e1t\u00e1s\u00a0\u00a0\u00a0\u00a0 : reggeli<\/p>\n<p>Elhelyez\u00e9s: 2 \u00e9jszaka sz\u00e1ll\u00e1s ****-os sz\u00e1llod\u00e1ban, 2-3 \u00e1gyas, f\u00fcrd\u0151szob\u00e1s szob\u00e1kban<br \/>\nId\u0151tartam:\u00a0\u00a0 3 nap \/ 2 \u00e9j<\/p>\n<p><img loading=\"lazy\" decoding=\"async\" class=\"size-full wp-image-2177 aligncenter\" src=\"https:\/\/www.goforgo.hu\/wp-content\/uploads\/2016\/12\/den-i15655.jpg\" alt=\"den-i15655\" width=\"706\" height=\"250\" \/><\/p>\n<p><strong>Program:<\/strong><\/p>\n<p><strong>1. nap:<\/strong> Indul\u00e1s: 6:00-kor a Bp, Hat\u00e1r \u00fat, IBIS sz\u00e1lloda el\u0151l. Folyamatos utaz\u00e1s r\u00f6vid pihen\u0151kkel. D\u00e9lut\u00e1n \u00e9rkez\u00e9s Velke Popovoba, a h\u00edres KOZEL s\u00f6rgy\u00e1r otthon\u00e1ba.\u00a0 A l\u00e1togat\u00f3 k\u00f6zpontban megismerked\u00fcnk a gy\u00e1r \u00e9s a s\u00f6rgy\u00e1rt\u00e1s t\u00f6rt\u00e9net\u00e9vel, majd megk\u00f3stolhatjuk a frissen csapolt Kozel s\u00f6r\u00f6k valamelyik\u00e9t. (bel\u00e9p\u0151:&#8230;.) K\u00e9s\u0151 d\u00e9lut\u00e1n \u00e9rkez\u00fcnk Pr\u00e1g\u00e1ba. Elfoglaljuk a sz\u00e1ll\u00e1sunkat \u00e9s helyi k\u00f6zleked\u00e9si eszk\u00f6zzel bemegy\u00fcnk a belv\u00e1rosba.\u00a0 Itt szabadid\u0151 keret\u00e9ben lehet\u0151s\u00e9g\u00fcnk ny\u00edlik megvacsor\u00e1zni Pr\u00e1ga valamelyik kis kocsm\u00e1j\u00e1ban.<\/p>\n<p style=\"text-align: left;\"><a href=\"https:\/\/www.goforgo.hu\/index.php\/praga-az-aranyvaros\/maxresdefault-2\/\" rel=\"attachment wp-att-2178\"><img loading=\"lazy\" decoding=\"async\" class=\"alignnone size-large wp-image-2178\" src=\"https:\/\/www.goforgo.hu\/wp-content\/uploads\/2016\/12\/maxresdefault-1-1024x576.jpg\" alt=\"maxresdefault\" width=\"1024\" height=\"576\" \/><\/a><\/p>\n<p><strong> 2.nap:<\/strong> A v\u00e1rossal val\u00f3 ismerked\u00e9st az v\u00e1r fels\u0151 r\u00e9sz\u00e9vel kezdj\u00fck: Strahovi kolostor, Loretto (kolostor \u00e9s templom), Hradzsin (Szt.Vitus sz\u00e9kesegyh\u00e1z, K\u00e1roly palota, Arany utc\u00e1cska), Kisoldal. Ezut\u00e1n \u00e1ts\u00e9t\u00e1lva a K\u00e1roly-h\u00eddon el\u00e9rj\u00fck az\u00a0 \u00d3v\u00e1rost: \u00d3v\u00e1rosi t\u00e9r, Orloj, L\u0151portorony \u00e9s a Vencel t\u00e9r. D\u00e9lut\u00e1n r\u00f6vid szabadid\u0151, majd este fakultat\u00edv program: vacsor\u00e1val egybek\u00f6t\u00f6tt haj\u00f3k\u00e1z\u00e1s a Moldv\u00e1n 19 \u00f3r\u00e1t\u00f3l. (K\u00e9rj\u00fck kedves Utasainkat, hogy a haj\u00f3s vacsor\u00e1n val\u00f3 r\u00e9szv\u00e9teli sz\u00e1nd\u00e9kukat foglal\u00e1skor jelezz\u00e9k! A haj\u00f3s vacsora \u00e1ra: 6900 Ft)<\/p>\n<p><a href=\"https:\/\/www.goforgo.hu\/index.php\/praga-az-aranyvaros\/the-old-town-square-in-prague-czech-republic\/\" rel=\"attachment wp-att-2179\"><img loading=\"lazy\" decoding=\"async\" class=\"size-large wp-image-2179\" src=\"https:\/\/www.goforgo.hu\/wp-content\/uploads\/2016\/12\/BestOfPrague_1_Old_Town_Square1-1024x716.jpg\" alt=\"The Old Town Square in Prague, Czech Republic\" width=\"1024\" height=\"716\" \/><\/a><\/p>\n<p style=\"text-align: left;\"><strong>3.nap:<\/strong> \u00a0\u00a0 \u00a0Reggeli ut\u00e1n elhagyjuk sz\u00e1llod\u00e1nkat, d\u00e9lel\u0151tt r\u00e9szt vesz\u00fcnk a Pr\u00e1gai Esterh\u00e1zy J\u00e1nos T\u00e1rsas\u00e1g \u00e1ltal szervezett megeml\u00e9kez\u00e9sen (az \u00fcnneps\u00e9gen r\u00e9szt vesznek: a Magyar Nemzeti Tagozat, a morvaorsz\u00e1gi Lengyel Nemzeti Tagozat \u00e9s a Csehorsz\u00e1gi Politikai Foglyok Konf\u00f6der\u00e1ci\u00f3j\u00e1nak k\u00e9pvisel\u0151i). Koszor\u00faz\u00e1s Esterh\u00e1zy J\u00e1nos s\u00edrj\u00e1n\u00e1l, majd r\u00e9szv\u00e9tel a magyar mis\u00e9n (aki nem k\u00edv\u00e1n ezen a programon r\u00e9szt venni, annak szabadid\u0151 Pr\u00e1g\u00e1ban). Kora d\u00e9lut\u00e1n indulunk haza, Magyarorsz\u00e1g fel\u00e9. \u00c9rkez\u00e9s Budapestre a k\u00e9s\u0151 esti \u00f3r\u00e1kban. Lesz\u00e1ll\u00e1si lehet\u0151s\u00e9g az aut\u00f3buszr\u00f3l a felsz\u00e1ll\u00e1ssal megegyez\u0151 helyeken.<\/p>\n<p style=\"text-align: left;\"><a href=\"https:\/\/www.goforgo.hu\/index.php\/praga-az-aranyvaros\/strahov-monastery-original-32909\/\" rel=\"attachment wp-att-2181\"><img loading=\"lazy\" decoding=\"async\" class=\"alignnone size-large wp-image-2181\" src=\"https:\/\/www.goforgo.hu\/wp-content\/uploads\/2016\/12\/Strahov.Monastery.original.32909-1024x681.jpg\" alt=\"strahov-monastery-original-32909\" width=\"1024\" height=\"681\" \/><\/a><\/p>\n<h1 style=\"text-align: center;\">R\u00e9szv\u00e9teli d\u00edj: 38 900 Ft\/f\u0151<\/h1>\n<p style=\"text-align: center;\">Aj\u00e1nlott k\u00f6lt\u0151p\u00e9nz bel\u00e9p\u0151kre: kb. 700 cseh korona (CZK)<\/p>\n<p><strong>A r\u00e9szv\u00e9teli d\u00edj tartalmazza:<\/strong> a sz\u00e1ll\u00e1sk\u00f6lts\u00e9get (hotel 2,3 \u00e1gyas szob\u00e1kban), a megadott ell\u00e1t\u00e1ssal (2 x\u00a0 reggeli), az aut\u00f3buszos utaz\u00e1s k\u00f6lts\u00e9geit, az idegenvezet\u00e9st az aut\u00f3buszon<br \/>\n<strong>A r\u00e9szv\u00e9teli d\u00edj nem tartalmazza:<\/strong> a bel\u00e9p\u0151jegyeket, a vacsor\u00e1t \u00e9s a BBP- biztos\u00edt\u00e1st, mely irod\u00e1inkban megk\u00f6thet\u0151k<br \/>\nMinim\u00e1lis utasl\u00e9tsz\u00e1m: 12 f\u0151<\/p>\n<p>\u00c1rainkat 310 Ft = 1 \u20ac \u00e1rfolyamig tudjuk garant\u00e1lni!<\/p>\n<p>\u00c9LM\u00c9NYEKBEN GAZDAG UTAZ\u00c1ST, KELLEMES KIKAPCSOL\u00d3D\u00c1ST K\u00cdV\u00c1NUNK!<\/p>\n<p><a href=\"https:\/\/www.goforgo.hu\/index.php\/praga-az-aranyvaros\/esterhazy_janos\/\" rel=\"attachment wp-att-2180\"><img loading=\"lazy\" decoding=\"async\" class=\"wp-image-2180 aligncenter\" src=\"https:\/\/www.goforgo.hu\/wp-content\/uploads\/2016\/12\/esterhazy_janos-743x1024.jpg\" alt=\"esterhazy_janos\" width=\"392\" height=\"540\" \/><\/a><\/p>\n","protected":false},"excerpt":{"rendered":"<p>Esterh\u00e1zy J\u00e1nos hal\u00e1l\u00e1nak 60. \u00e9vfordul\u00f3j\u00e1ra a Pr\u00e1gai Esterh\u00e1zy J\u00e1nos T\u00e1rsas\u00e1g rendezv\u00e9ny\u00e9re l\u00e1togatunk Id\u0151pont\u00a0\u00a0\u00a0 :\u00a0 2017.03.03-05.\u00a0\u00a0\u00a0\u00a0\u00a0\u00a0\u00a0\u00a0\u00a0\u00a0\u00a0\u00a0\u00a0\u00a0\u00a0\u00a0\u00a0\u00a0\u00a0\u00a0\u00a0\u00a0\u00a0\u00a0\u00a0\u00a0\u00a0\u00a0\u00a0 Poz.sz\u00e1m: 17\/CPK \/ 01 \u00datvonal\u00a0\u00a0\u00a0 : Budapest \u2013 Velke Popovo \u2013 Pr\u00e1ga \u2013 Budapest\u00a0 (kb. 1200 km) Utaz\u00e1s\u00a0\u00a0\u00a0\u00a0\u00a0 : a csoportl\u00e9tsz\u00e1mnak megfelel\u0151 aut\u00f3busszal Ell\u00e1t\u00e1s\u00a0\u00a0\u00a0\u00a0 : reggeli Elhelyez\u00e9s: 2 \u00e9jszaka sz\u00e1ll\u00e1s ****-os sz\u00e1llod\u00e1ban, 2-3 \u00e1gyas, f\u00fcrd\u0151szob\u00e1s szob\u00e1kban Id\u0151tartam:\u00a0\u00a0 3 nap \/ 2 \u00e9j Program: 1. nap: Indul\u00e1s: 6:00-kor a Bp, Hat\u00e1r \u00fat, IBIS sz\u00e1lloda el\u0151l. Folyamatos utaz\u00e1s r\u00f6vid pihen\u0151kkel. D\u00e9lut\u00e1n \u00e9rkez\u00e9s Velke Popovoba, a h\u00edres KOZEL s\u00f6rgy\u00e1r otthon\u00e1ba.\u00a0 A l\u00e1togat\u00f3 k\u00f6zpontban megismerked\u00fcnk a gy\u00e1r \u00e9s a s\u00f6rgy\u00e1rt\u00e1s t\u00f6rt\u00e9net\u00e9vel, majd megk\u00f3stolhatjuk a frissen csapolt Kozel s\u00f6r\u00f6k valamelyik\u00e9t. (bel\u00e9p\u0151:&#8230;.) K\u00e9s\u0151 d\u00e9lut\u00e1n \u00e9rkez\u00fcnk Pr\u00e1g\u00e1ba. Elfoglaljuk a sz\u00e1ll\u00e1sunkat \u00e9s helyi k\u00f6zleked\u00e9si eszk\u00f6zzel bemegy\u00fcnk a belv\u00e1rosba.\u00a0 Itt szabadid\u0151 keret\u00e9ben lehet\u0151s\u00e9g\u00fcnk ny\u00edlik megvacsor\u00e1zni Pr\u00e1ga valamelyik kis kocsm\u00e1j\u00e1ban. 2.nap: A v\u00e1rossal val\u00f3 ismerked\u00e9st az v\u00e1r fels\u0151 r\u00e9sz\u00e9vel kezdj\u00fck: Strahovi kolostor, Loretto (kolostor \u00e9s templom), Hradzsin (Szt.Vitus sz\u00e9kesegyh\u00e1z, K\u00e1roly palota, Arany utc\u00e1cska), Kisoldal. Ezut\u00e1n \u00e1ts\u00e9t\u00e1lva a K\u00e1roly-h\u00eddon el\u00e9rj\u00fck az\u00a0 \u00d3v\u00e1rost: \u00d3v\u00e1rosi t\u00e9r, Orloj, L\u0151portorony \u00e9s a Vencel t\u00e9r. D\u00e9lut\u00e1n r\u00f6vid szabadid\u0151, majd este fakultat\u00edv program: vacsor\u00e1val egybek\u00f6t\u00f6tt haj\u00f3k\u00e1z\u00e1s a Moldv\u00e1n 19 \u00f3r\u00e1t\u00f3l. (K\u00e9rj\u00fck kedves Utasainkat, hogy a haj\u00f3s vacsor\u00e1n val\u00f3 r\u00e9szv\u00e9teli sz\u00e1nd\u00e9kukat foglal\u00e1skor jelezz\u00e9k! A haj\u00f3s vacsora \u00e1ra: 6900 Ft) 3.nap: \u00a0\u00a0 \u00a0Reggeli ut\u00e1n elhagyjuk sz\u00e1llod\u00e1nkat, d\u00e9lel\u0151tt r\u00e9szt vesz\u00fcnk a Pr\u00e1gai Esterh\u00e1zy J\u00e1nos T\u00e1rsas\u00e1g \u00e1ltal szervezett megeml\u00e9kez\u00e9sen (az \u00fcnneps\u00e9gen r\u00e9szt vesznek: a Magyar Nemzeti Tagozat, a morvaorsz\u00e1gi Lengyel Nemzeti Tagozat \u00e9s a Csehorsz\u00e1gi Politikai Foglyok Konf\u00f6der\u00e1ci\u00f3j\u00e1nak k\u00e9pvisel\u0151i). Koszor\u00faz\u00e1s Esterh\u00e1zy J\u00e1nos s\u00edrj\u00e1n\u00e1l, majd r\u00e9szv\u00e9tel a magyar mis\u00e9n (aki nem k\u00edv\u00e1n ezen a programon r\u00e9szt venni, annak szabadid\u0151 Pr\u00e1g\u00e1ban). Kora d\u00e9lut\u00e1n indulunk haza, Magyarorsz\u00e1g fel\u00e9. \u00c9rkez\u00e9s Budapestre a k\u00e9s\u0151 esti \u00f3r\u00e1kban. Lesz\u00e1ll\u00e1si lehet\u0151s\u00e9g az aut\u00f3buszr\u00f3l a felsz\u00e1ll\u00e1ssal megegyez\u0151 helyeken. R\u00e9szv\u00e9teli d\u00edj: 38 900 Ft\/f\u0151 Aj\u00e1nlott k\u00f6lt\u0151p\u00e9nz bel\u00e9p\u0151kre: kb. 700 cseh korona (CZK) A r\u00e9szv\u00e9teli d\u00edj tartalmazza: a sz\u00e1ll\u00e1sk\u00f6lts\u00e9get (hotel 2,3 \u00e1gyas szob\u00e1kban), a megadott ell\u00e1t\u00e1ssal (2 x\u00a0 reggeli), az aut\u00f3buszos utaz\u00e1s k\u00f6lts\u00e9geit, az idegenvezet\u00e9st az aut\u00f3buszon A r\u00e9szv\u00e9teli d\u00edj nem tartalmazza: a bel\u00e9p\u0151jegyeket, a vacsor\u00e1t \u00e9s a BBP- biztos\u00edt\u00e1st, mely irod\u00e1inkban megk\u00f6thet\u0151k Minim\u00e1lis utasl\u00e9tsz\u00e1m: 12 f\u0151 \u00c1rainkat 310 Ft = 1 \u20ac \u00e1rfolyamig tudjuk garant\u00e1lni! \u00c9LM\u00c9NYEKBEN GAZDAG UTAZ\u00c1ST, KELLEMES KIKAPCSOL\u00d3D\u00c1ST K\u00cdV\u00c1NUNK!<\/p>\n","protected":false},"author":1,"featured_media":0,"parent":0,"menu_order":0,"comment_status":"closed","ping_status":"closed","template":"","meta":{"footnotes":""},"class_list":["post-2175","page","type-page","status-publish","hentry"],"_links":{"self":[{"href":"https:\/\/www.goforgo.hu\/index.php\/wp-json\/wp\/v2\/pages\/2175","targetHints":{"allow":["GET"]}}],"collection":[{"href":"https:\/\/www.goforgo.hu\/index.php\/wp-json\/wp\/v2\/pages"}],"about":[{"href":"https:\/\/www.goforgo.hu\/index.php\/wp-json\/wp\/v2\/types\/page"}],"author":[{"embeddable":true,"href":"https:\/\/www.goforgo.hu\/index.php\/wp-json\/wp\/v2\/users\/1"}],"replies":[{"embeddable":true,"href":"https:\/\/www.goforgo.hu\/index.php\/wp-json\/wp\/v2\/comments?post=2175"}],"version-history":[{"count":4,"href":"https:\/\/www.goforgo.hu\/index.php\/wp-json\/wp\/v2\/pages\/2175\/revisions"}],"predecessor-version":[{"id":2185,"href":"https:\/\/www.goforgo.hu\/index.php\/wp-json\/wp\/v2\/pages\/2175\/revisions\/2185"}],"wp:attachment":[{"href":"https:\/\/www.goforgo.hu\/index.php\/wp-json\/wp\/v2\/media?parent=2175"}],"curies":[{"name":"wp","href":"https:\/\/api.w.org\/{rel}","templated":true}]}}