{"id":2567,"date":"2017-01-14T15:01:35","date_gmt":"2017-01-14T15:01:35","guid":{"rendered":"http:\/\/www.goforgo.hu\/?page_id=2567"},"modified":"2019-01-14T18:57:44","modified_gmt":"2019-01-14T18:57:44","slug":"tutajozas-a-dunajecen-es-nedec","status":"publish","type":"page","link":"https:\/\/www.goforgo.hu\/index.php\/tutajozas-a-dunajecen-es-nedec\/","title":{"rendered":"Tutajoz\u00e1s a Dunajecen \u00e9s Nedec v\u00e1ra"},"content":{"rendered":"<p><img loading=\"lazy\" decoding=\"async\" class=\"size-large wp-image-2575 aligncenter\" src=\"https:\/\/www.goforgo.hu\/wp-content\/uploads\/2017\/01\/pieniny-dunajec-1.jpg\" alt=\"pieniny-dunajec-1\" width=\"450\" height=\"432\" srcset=\"https:\/\/www.goforgo.hu\/wp-content\/uploads\/2017\/01\/pieniny-dunajec-1.jpg 450w, https:\/\/www.goforgo.hu\/wp-content\/uploads\/2017\/01\/pieniny-dunajec-1-300x288.jpg 300w\" sizes=\"auto, (max-width: 450px) 100vw, 450px\" \/><\/p>\n<p class=\"western\" align=\"left\"><b>Id\u0151pont<\/b>:\u00a0 <strong>2019.05.12-13.\u00a0 \u00a0 \u00a0 \u00a0 \u00a0 \u00a0 \u00a0 \u00a0 \u00a0 \u00a0 \u00a0 \u00a0 \u00a0 \u00a0 \u00a0 \u00a0 <\/strong><b>Poz\u00edci\u00f3sz\u00e1m:<\/b>19\/FDO\/03<\/p>\n<p class=\"western\"><b>Utaz\u00e1s:<\/b> az utasl\u00e9tsz\u00e1mnak megfelel\u0151 aut\u00f3busszal<\/p>\n<p class=\"western\" align=\"left\"><b>\u00datvonal:<\/b><b> <\/b>Budapest \u2013 Eperjes \u2013 B\u00e1rtfa \u2013 \u00d3lubl\u00f3 \u2013 Dunajec\u00a0\u2013 Budapest (kb. 800 km)<\/p>\n<p class=\"western\"><b>Ell\u00e1t\u00e1s:<\/b> \u00f6nell\u00e1t\u00f3<\/p>\n<p><b>1.nap: Indul\u00e1s<\/b><b> <\/b><\/p>\n<p align=\"justify\"><strong>5:30<\/strong> Pestszentl\u0151rinc, \u00dcll\u0151i \u00fat 379-381. Lidl parkol\u00f3 (felt\u00e9teles)<\/p>\n<p class=\"western\" align=\"justify\"><strong>6:00<\/strong> Bp., N\u00e9pliget Planet\u00e1rium f\u0151bej\u00e1rata el\u0151l<\/p>\n<p class=\"western\" align=\"justify\"><strong>6:30<\/strong> B\u00e9k\u00e1smegyer, H\u00c9V melletti, hegy fel\u0151li parkol\u00f3, buszfordul\u00f3 (felt\u00e9teles)<\/p>\n<p align=\"justify\">Folyamatos utaz\u00e1s, r\u00f6vid pihen\u0151kkel. A kora d\u00e9lel\u0151tti \u00f3r\u00e1kban \u00e9rj\u00fck el a <strong>Szepesi v\u00e1rat<\/strong>, mely 4 hekt\u00e1ros kiterjed\u00e9s\u00e9vel K\u00f6z\u00e9p-Eur\u00f3pa legnagyobb v\u00e1ra. A Szapolyaiak \u0151si csal\u00e1di f\u00e9szk\u00e9nek bej\u00e1r\u00e1sa ut\u00e1n, a d\u00e9li \u00f3r\u00e1kban \u00e9rkez\u00fcnk <strong>Eperjesre.<\/strong><\/p>\n<p align=\"justify\"><a href=\"https:\/\/www.goforgo.hu\/index.php\/tutajozas-a-dunajecen-es-nedec\/szepesi-var-a-felvidek-erossege_71\/\" rel=\"attachment wp-att-2572\"><img loading=\"lazy\" decoding=\"async\" class=\"alignnone size-full wp-image-2572\" src=\"https:\/\/www.goforgo.hu\/wp-content\/uploads\/2017\/01\/szepesi-var-a-felvidek-erossege_71.jpg\" alt=\"szepesi-var-a-felvidek-erossege_71\" width=\"960\" height=\"335\" srcset=\"https:\/\/www.goforgo.hu\/wp-content\/uploads\/2017\/01\/szepesi-var-a-felvidek-erossege_71.jpg 960w, https:\/\/www.goforgo.hu\/wp-content\/uploads\/2017\/01\/szepesi-var-a-felvidek-erossege_71-300x105.jpg 300w, https:\/\/www.goforgo.hu\/wp-content\/uploads\/2017\/01\/szepesi-var-a-felvidek-erossege_71-768x268.jpg 768w\" sizes=\"auto, (max-width: 960px) 100vw, 960px\" \/><\/a><\/p>\n<p align=\"justify\">S\u00e1ros v\u00e1rmegye f\u0151v\u00e1ros\u00e1ban r\u00f6vid v\u00e1rosn\u00e9z\u00e9s ut\u00e1n szabadid\u0151nkben megeb\u00e9delhet\u00fcnk valamelyik hangulatos kis vend\u00e9gl\u0151ben. Tov\u00e1bb utazva Felvid\u00e9k legh\u00edresebb templom\u00e1t mag\u00e1ba rejt\u0151 szepesi v\u00e1rosba \u00e9r\u00fcnk, azaz <strong>B\u00e1rtf\u00e1ra <\/strong>vezet utunk. A Szent Egyed-bazilika m\u0171kincsekben rendk\u00edv\u00fcl gazdag: 11 faragott, eredeti g\u00f3tikus olt\u00e1ra, miseruh\u00e1i, imasz\u00e9kei, domborm\u0171vei leny\u0171g\u00f6zik az arra j\u00e1r\u00f3t. Este sz\u00e1ll\u00e1sunkra \u00e9rkez\u00fcnk.<\/p>\n<p align=\"justify\"><a href=\"https:\/\/www.goforgo.hu\/index.php\/tutajozas-a-dunajecen-es-nedec\/bartfa\/\" rel=\"attachment wp-att-2573\"><img loading=\"lazy\" decoding=\"async\" class=\"alignnone size-large wp-image-2573\" src=\"https:\/\/www.goforgo.hu\/wp-content\/uploads\/2017\/01\/b\u00e1rtfa-1024x347.jpg\" alt=\"b\u00e1rtfa\" width=\"1024\" height=\"347\" srcset=\"https:\/\/www.goforgo.hu\/wp-content\/uploads\/2017\/01\/b\u00e1rtfa-1024x347.jpg 1024w, https:\/\/www.goforgo.hu\/wp-content\/uploads\/2017\/01\/b\u00e1rtfa-300x102.jpg 300w, https:\/\/www.goforgo.hu\/wp-content\/uploads\/2017\/01\/b\u00e1rtfa-768x260.jpg 768w, https:\/\/www.goforgo.hu\/wp-content\/uploads\/2017\/01\/b\u00e1rtfa.jpg 1920w\" sizes=\"auto, (max-width: 1024px) 100vw, 1024px\" \/><\/a><\/p>\n<p align=\"justify\"><strong>2. nap:<\/strong> Reggeli ut\u00e1n az egykori lengyel-magyar hat\u00e1rv\u00e1rat, <strong>Nedec<\/strong> v\u00e1r\u00e1t n\u00e9zz\u00fck meg, mely m\u00e1r az 1300-as \u00e9vekben vigy\u00e1zta a hat\u00e1rt. A d\u00e9li \u00f3r\u00e1kban a <b>Dunajec<\/b> melletti V\u00f6r\u00f6s-kolostorn\u00e1l <b>tutajokra sz\u00e1llunk<\/b> \u00e9s lecsorgunk a fantasztikus l\u00e1tv\u00e1nyt ny\u00fajt\u00f3 szikl\u00e1k k\u00f6z\u00f6tt a foly\u00f3cska legszebb szakasz\u00e1n. (A tutajoz\u00e1s biztons\u00e1gos, a foly\u00f3 nem vad, szel\u00edden kanyarog a hatalmas szikl\u00e1k k\u00f6z\u00f6tt.) kb. 1,5 \u00f3r\u00e1s tutajoz\u00e1s ut\u00e1n az als\u00f3 kik\u00f6t\u0151n\u00e9l aj\u00e1nd\u00e9k boltok, \u00e9ttermek v\u00e1rnak r\u00e1nk.<\/p>\n<h4 class=\"western\"><strong><a href=\"https:\/\/www.goforgo.hu\/index.php\/tutajozas-a-dunajecen-es-nedec\/nedec\/\" rel=\"attachment wp-att-2574\"><img loading=\"lazy\" decoding=\"async\" class=\"size-full wp-image-2574 aligncenter\" src=\"https:\/\/www.goforgo.hu\/wp-content\/uploads\/2017\/01\/nedec.jpg\" alt=\"nedec\" width=\"700\" height=\"468\" srcset=\"https:\/\/www.goforgo.hu\/wp-content\/uploads\/2017\/01\/nedec.jpg 700w, https:\/\/www.goforgo.hu\/wp-content\/uploads\/2017\/01\/nedec-300x201.jpg 300w\" sizes=\"auto, (max-width: 700px) 100vw, 700px\" \/><\/a><\/strong><\/h4>\n<p align=\"justify\">Buszunk ide j\u00f6n \u00e9rt\u00fcnk. Szabadid\u0151 ut\u00e1n (v\u00e1s\u00e1rl\u00e1si, eb\u00e9del\u00e9si lehet\u0151s\u00e9g) buszra sz\u00e1llva <b>Beszterceb\u00e1ny\u00e1ra <\/b>utazunk, ahol megtartjuk hosszabb pihen\u0151nket. Ezut\u00e1n indulunk Budapestre, ahov\u00e1 az k\u00e9s\u0151 esti \u00f3r\u00e1kba \u00e9r\u00fcnk vissza. Lesz\u00e1ll\u00e1si lehet\u0151s\u00e9g a felsz\u00e1ll\u00e1ssal megegyez\u0151 helyeken<\/p>\n<h2 class=\"western\" style=\"text-align: center;\">R\u00e9szv\u00e9teli d\u00edj: 39 500 Ft\/f\u0151<\/h2>\n<p>&nbsp;<\/p>\n<h4 class=\"western\" style=\"text-align: center;\"><strong>\u00a0\u00a0[youtube id=&#8221;TDNfMkonmGA&#8221;]<\/strong><\/h4>\n<p align=\"left\"><i><u><b>A r\u00e9szv\u00e9teli d\u00edj tartalmazza<\/b><\/u><\/i><i><b>:<\/b><\/i><i> az aut\u00f3buszos utaz\u00e1s k\u00f6lts\u00e9gei, a sz\u00e1ll\u00e1st reggelivel <\/i><\/p>\n<p class=\"western\" align=\"left\"><i><u><b>A r\u00e9szv\u00e9teli d\u00edj nem tartalmazza<\/b><\/u><\/i><i><b>:<\/b><\/i><i> a bel\u00e9p\u0151jegyeket \u00e9s a tutajoz\u00e1s k\u00f6lts\u00e9g\u00e9t <strong>(\u00f6sszesen 25 \u20ac +15 Zlotyi),<\/strong> melyek a helysz\u00ednen fizetend\u0151k <\/i><\/p>\n<p class=\"western\" align=\"left\"><i><u><b>Kedvezm\u00e9nyek<\/b><\/u><\/i><i><b>:<\/b><\/i><i> A <\/i><i>GOforGO<\/i><i> t\u00f6rzsutasainak, di\u00e1koknak 18 \u00e9ves korig, 65 \u00e9v feletti nyugd\u00edjasoknak 5 %<\/i><i>.\u00a0 <\/i><\/p>\n<p class=\"western\" style=\"text-align: center;\" align=\"left\"><i>Kedvezm\u00e9nyeket \u00f6sszevonni nem lehet, az akci\u00f3s \u00e1rakra nem vonatkozik!<\/i><\/p>\n<p class=\"western\" align=\"center\"><b>\u00c9LM\u00c9NYEKBEN GAZDAG UTAZ\u00c1ST,<\/b><i><b> <\/b><\/i><b>J\u00d3 SZ\u00d3RAKOZ\u00c1ST K\u00cdV\u00c1NUNK!<\/b><\/p>\n<h4 class=\"western\"><\/h4>\n","protected":false},"excerpt":{"rendered":"<p>Id\u0151pont:\u00a0 2019.05.12-13.\u00a0 \u00a0 \u00a0 \u00a0 \u00a0 \u00a0 \u00a0 \u00a0 \u00a0 \u00a0 \u00a0 \u00a0 \u00a0 \u00a0 \u00a0 \u00a0 Poz\u00edci\u00f3sz\u00e1m:19\/FDO\/03 Utaz\u00e1s: az utasl\u00e9tsz\u00e1mnak megfelel\u0151 aut\u00f3busszal \u00datvonal: Budapest \u2013 Eperjes \u2013 B\u00e1rtfa \u2013 \u00d3lubl\u00f3 \u2013 Dunajec\u00a0\u2013 Budapest (kb. 800 km) Ell\u00e1t\u00e1s: \u00f6nell\u00e1t\u00f3 1.nap: Indul\u00e1s 5:30 Pestszentl\u0151rinc, \u00dcll\u0151i \u00fat 379-381. Lidl parkol\u00f3 (felt\u00e9teles) 6:00 Bp., N\u00e9pliget Planet\u00e1rium f\u0151bej\u00e1rata el\u0151l 6:30 B\u00e9k\u00e1smegyer, H\u00c9V melletti, hegy fel\u0151li parkol\u00f3, buszfordul\u00f3 (felt\u00e9teles) Folyamatos utaz\u00e1s, r\u00f6vid pihen\u0151kkel. A kora d\u00e9lel\u0151tti \u00f3r\u00e1kban \u00e9rj\u00fck el a Szepesi v\u00e1rat, mely 4 hekt\u00e1ros kiterjed\u00e9s\u00e9vel K\u00f6z\u00e9p-Eur\u00f3pa legnagyobb v\u00e1ra. A Szapolyaiak \u0151si csal\u00e1di f\u00e9szk\u00e9nek bej\u00e1r\u00e1sa ut\u00e1n, a d\u00e9li \u00f3r\u00e1kban \u00e9rkez\u00fcnk Eperjesre. S\u00e1ros v\u00e1rmegye f\u0151v\u00e1ros\u00e1ban r\u00f6vid v\u00e1rosn\u00e9z\u00e9s ut\u00e1n szabadid\u0151nkben megeb\u00e9delhet\u00fcnk valamelyik hangulatos kis vend\u00e9gl\u0151ben. Tov\u00e1bb utazva Felvid\u00e9k legh\u00edresebb templom\u00e1t mag\u00e1ba rejt\u0151 szepesi v\u00e1rosba \u00e9r\u00fcnk, azaz B\u00e1rtf\u00e1ra vezet utunk. A Szent Egyed-bazilika m\u0171kincsekben rendk\u00edv\u00fcl gazdag: 11 faragott, eredeti g\u00f3tikus olt\u00e1ra, miseruh\u00e1i, imasz\u00e9kei, domborm\u0171vei leny\u0171g\u00f6zik az arra j\u00e1r\u00f3t. Este sz\u00e1ll\u00e1sunkra \u00e9rkez\u00fcnk. 2. nap: Reggeli ut\u00e1n az egykori lengyel-magyar hat\u00e1rv\u00e1rat, Nedec v\u00e1r\u00e1t n\u00e9zz\u00fck meg, mely m\u00e1r az 1300-as \u00e9vekben vigy\u00e1zta a hat\u00e1rt. A d\u00e9li \u00f3r\u00e1kban a Dunajec melletti V\u00f6r\u00f6s-kolostorn\u00e1l tutajokra sz\u00e1llunk \u00e9s lecsorgunk a fantasztikus l\u00e1tv\u00e1nyt ny\u00fajt\u00f3 szikl\u00e1k k\u00f6z\u00f6tt a foly\u00f3cska legszebb szakasz\u00e1n. (A tutajoz\u00e1s biztons\u00e1gos, a foly\u00f3 nem vad, szel\u00edden kanyarog a hatalmas szikl\u00e1k k\u00f6z\u00f6tt.) kb. 1,5 \u00f3r\u00e1s tutajoz\u00e1s ut\u00e1n az als\u00f3 kik\u00f6t\u0151n\u00e9l aj\u00e1nd\u00e9k boltok, \u00e9ttermek v\u00e1rnak r\u00e1nk. Buszunk ide j\u00f6n \u00e9rt\u00fcnk. Szabadid\u0151 ut\u00e1n (v\u00e1s\u00e1rl\u00e1si, eb\u00e9del\u00e9si lehet\u0151s\u00e9g) buszra sz\u00e1llva Beszterceb\u00e1ny\u00e1ra utazunk, ahol megtartjuk hosszabb pihen\u0151nket. Ezut\u00e1n indulunk Budapestre, ahov\u00e1 az k\u00e9s\u0151 esti \u00f3r\u00e1kba \u00e9r\u00fcnk vissza. Lesz\u00e1ll\u00e1si lehet\u0151s\u00e9g a felsz\u00e1ll\u00e1ssal megegyez\u0151 helyeken R\u00e9szv\u00e9teli d\u00edj: 39 500 Ft\/f\u0151 &nbsp; \u00a0\u00a0[youtube id=&#8221;TDNfMkonmGA&#8221;] A r\u00e9szv\u00e9teli d\u00edj tartalmazza: az aut\u00f3buszos utaz\u00e1s k\u00f6lts\u00e9gei, a sz\u00e1ll\u00e1st reggelivel A r\u00e9szv\u00e9teli d\u00edj nem tartalmazza: a bel\u00e9p\u0151jegyeket \u00e9s a tutajoz\u00e1s k\u00f6lts\u00e9g\u00e9t (\u00f6sszesen 25 \u20ac +15 Zlotyi), melyek a helysz\u00ednen fizetend\u0151k Kedvezm\u00e9nyek: A GOforGO t\u00f6rzsutasainak, di\u00e1koknak 18 \u00e9ves korig, 65 \u00e9v feletti nyugd\u00edjasoknak 5 %.\u00a0 Kedvezm\u00e9nyeket \u00f6sszevonni nem lehet, az akci\u00f3s \u00e1rakra nem vonatkozik! \u00c9LM\u00c9NYEKBEN GAZDAG UTAZ\u00c1ST, J\u00d3 SZ\u00d3RAKOZ\u00c1ST K\u00cdV\u00c1NUNK!<\/p>\n","protected":false},"author":1,"featured_media":0,"parent":0,"menu_order":0,"comment_status":"closed","ping_status":"closed","template":"","meta":{"footnotes":""},"class_list":["post-2567","page","type-page","status-publish","hentry"],"_links":{"self":[{"href":"https:\/\/www.goforgo.hu\/index.php\/wp-json\/wp\/v2\/pages\/2567","targetHints":{"allow":["GET"]}}],"collection":[{"href":"https:\/\/www.goforgo.hu\/index.php\/wp-json\/wp\/v2\/pages"}],"about":[{"href":"https:\/\/www.goforgo.hu\/index.php\/wp-json\/wp\/v2\/types\/page"}],"author":[{"embeddable":true,"href":"https:\/\/www.goforgo.hu\/index.php\/wp-json\/wp\/v2\/users\/1"}],"replies":[{"embeddable":true,"href":"https:\/\/www.goforgo.hu\/index.php\/wp-json\/wp\/v2\/comments?post=2567"}],"version-history":[{"count":11,"href":"https:\/\/www.goforgo.hu\/index.php\/wp-json\/wp\/v2\/pages\/2567\/revisions"}],"predecessor-version":[{"id":4585,"href":"https:\/\/www.goforgo.hu\/index.php\/wp-json\/wp\/v2\/pages\/2567\/revisions\/4585"}],"wp:attachment":[{"href":"https:\/\/www.goforgo.hu\/index.php\/wp-json\/wp\/v2\/media?parent=2567"}],"curies":[{"name":"wp","href":"https:\/\/api.w.org\/{rel}","templated":true}]}}