{"id":28,"date":"2015-10-21T15:15:45","date_gmt":"2015-10-21T15:15:45","guid":{"rendered":"http:\/\/www.goforgo.hu\/?page_id=28"},"modified":"2026-02-20T15:57:28","modified_gmt":"2026-02-20T15:57:28","slug":"utazasok","status":"publish","type":"page","link":"https:\/\/www.goforgo.hu\/index.php\/utazasok\/","title":{"rendered":"Utaz\u00e1si napt\u00e1r"},"content":{"rendered":"<p><a href=\"https:\/\/www.goforgo.hu\/index.php\/kedvezmenyek\/\"><img loading=\"lazy\" decoding=\"async\" class=\"wp-image-1690 aligncenter\" src=\"https:\/\/www.goforgo.hu\/wp-content\/uploads\/2016\/05\/kett\u0151s-kereszt.jpg\" alt=\"kett\u0151s kereszt\" width=\"81\" height=\"94\" srcset=\"https:\/\/www.goforgo.hu\/wp-content\/uploads\/2016\/05\/kett\u0151s-kereszt.jpg 480w, https:\/\/www.goforgo.hu\/wp-content\/uploads\/2016\/05\/kett\u0151s-kereszt-257x300.jpg 257w\" sizes=\"auto, (max-width: 81px) 100vw, 81px\" \/><\/a><\/p>\n<h2 style=\"text-align: center;\"><strong>2026 \u00e9ves napt\u00e1r<\/strong><\/h2>\n<p>El\u0151zetes felsorol\u00e1s \u00e9s folyamatos felt\u00f6lt\u00e9s alatt! Az id\u0151pontok \u00e9s \u00e1rak m\u00e9g kidolgoz\u00e1s alatt vannak. \u00cdgy a d\u00e1tumokban 1-2 nap cs\u00fasz\u00e1s t\u00f6rt\u00e9nhet.\u00a0<\/p>\n<table>\n<tbody>\n<tr>\n<td width=\"150\" height=\"30\"><strong><em>m\u00e1rcius<\/em><\/strong><\/td>\n<\/tr>\n<tr>\n<td width=\"150\" height=\"30\">03.28.<\/td>\n<td width=\"440\"><a href=\"https:\/\/www.repulonapok.hu\/?page_id=625\">Szolnoki Makett Verseny<\/a><\/td>\n<td style=\"text-align: right;\" width=\"120\">\u00a0<\/td>\n<\/tr>\n<tr>\n<td width=\"150\" height=\"30\">\u00a0<\/td>\n<td width=\"440\">\u00a0<\/td>\n<td style=\"text-align: right;\" width=\"120\">\u00a0<\/td>\n<\/tr>\n<tr>\n<td width=\"150\" height=\"30\"><strong><em>\u00e1prilis<\/em><\/strong><\/td>\n<\/tr>\n<tr>\n<td width=\"150\" height=\"30\">04.07-11.<\/td>\n<td width=\"440\"><a href=\"https:\/\/www.goforgo.hu\/index.php\/boszniai-piramisok-extra\/\">Boszniai piramisok<\/a><\/td>\n<td style=\"text-align: right;\" width=\"120\">\u00a0<\/td>\n<\/tr>\n<tr>\n<td width=\"150\" height=\"30\">04.25.<\/td>\n<td width=\"440\"><a href=\"https:\/\/www.repulonapok.hu\/?page_id=629\">Mosonmagyar\u00f3v\u00e1r<\/a><\/td>\n<td style=\"text-align: right;\" width=\"120\">\u00a0<\/td>\n<\/tr>\n<tr>\n<td width=\"150\" height=\"30\">04.30-05.05.<\/td>\n<td width=\"440\"><a href=\"https:\/\/www.goforgo.hu\/index.php\/erdely-csaklyako-rejtelye\/\">Cs\u00e1klyak\u0151 \u00e9s Bucsecs &#8211; Szecsei Mikl\u00f3s<\/a><\/td>\n<td style=\"text-align: right;\" width=\"120\">\u00a0<\/td>\n<\/tr>\n<tr>\n<td width=\"150\" height=\"30\">\u00a0<\/td>\n<td width=\"440\">\u00a0<\/td>\n<td style=\"text-align: right;\" width=\"120\">\u00a0<\/td>\n<\/tr>\n<tr>\n<td width=\"150\" height=\"30\"><strong><em>m\u00e1jus<\/em><\/strong><\/td>\n<td width=\"440\">\u00a0<\/td>\n<td style=\"text-align: right;\" width=\"120\">\u00a0<\/td>\n<\/tr>\n<tr>\n<td width=\"150\" height=\"30\">05.18-25.<\/td>\n<td width=\"440\"><a href=\"https:\/\/www.goforgo.hu\/index.php\/roma-es-a-vatikan\/\">R\u00f3ma &#8211; Szecsei Mikl\u00f3s<\/a><\/td>\n<td style=\"text-align: right;\" width=\"120\">\u00a0<\/td>\n<\/tr>\n<tr>\n<td width=\"150\" height=\"30\">05.29-06.01.<\/td>\n<td width=\"440\"><a href=\"https:\/\/www.repulonapok.hu\/?page_id=635\">Pardubice<\/a><\/td>\n<td style=\"text-align: right;\" width=\"120\">\u00a0<\/td>\n<\/tr>\n<tr>\n<td width=\"150\" height=\"30\">\u00a0<\/td>\n<td width=\"440\">\u00a0<\/td>\n<td style=\"text-align: right;\" width=\"120\">\u00a0<\/td>\n<\/tr>\n<tr>\n<td width=\"150\" height=\"30\"><strong><em>j\u00fanius<\/em><\/strong><\/td>\n<\/tr>\n<tr>\n<td width=\"150\" height=\"30\">06.09-20.<\/td>\n<td width=\"440\"><a href=\"https:\/\/www.repulonapok.hu\/?page_id=3241\">ILA- Cosford &#8211; Market Garden<\/a><\/td>\n<td style=\"text-align: right;\" width=\"120\">\u00a0<\/td>\n<\/tr>\n<tr>\n<td width=\"150\" height=\"30\">06.27-28<\/td>\n<td width=\"440\">Trencs\u00e9n \u00e9s Kunovice<\/td>\n<td style=\"text-align: right;\" width=\"120\">\u00a0<\/td>\n<\/tr>\n<tr>\n<td width=\"150\" height=\"30\">\u00a0<\/td>\n<td width=\"440\">\u00a0<\/td>\n<td style=\"text-align: right;\" width=\"120\">\u00a0<\/td>\n<\/tr>\n<tr>\n<td width=\"150\" height=\"30\"><strong><em>j\u00falius<\/em><\/strong><\/td>\n<\/tr>\n<tr>\n<td width=\"150\" height=\"30\">07.01-05.<\/td>\n<td width=\"440\"><a href=\"https:\/\/www.goforgo.hu\/index.php\/adrspach-csehorszag-misztikus-sziklavarosai\/\">Csehorsz\u00e1g &#8211; Aderspach, Szecsei Mikl\u00f3s<\/a><\/td>\n<td style=\"text-align: right;\" width=\"120\">\u00a0<\/td>\n<\/tr>\n<tr>\n<td width=\"150\" height=\"30\">07.25-30.<\/td>\n<td width=\"440\"><a href=\"https:\/\/www.goforgo.hu\/index.php\/bucsuko-2026-bucsecs-a-kedvunk-szerint\/\">B\u00facs\u00fak\u0151 &#8211; Szecsei Mikl\u00f3s<\/a><\/td>\n<td style=\"text-align: right;\" width=\"120\">\u00a0<\/td>\n<\/tr>\n<tr>\n<td width=\"150\" height=\"30\">07.31-08.04.<\/td>\n<td width=\"440\"><a href=\"https:\/\/www.goforgo.hu\/index.php\/bucsuko-2026-bucsecs-a-kedvunk-szerint\/\">B\u00facs\u00fak\u0151\u00a0<\/a><\/td>\n<td style=\"text-align: right;\" width=\"120\">\u00a0<\/td>\n<\/tr>\n<tr>\n<td width=\"150\" height=\"30\">\u00a0<\/td>\n<td width=\"440\">\u00a0<\/td>\n<td style=\"text-align: right;\" width=\"120\">\u00a0<\/td>\n<\/tr>\n<tr>\n<td width=\"150\" height=\"30\"><em><strong>augusztus<\/strong><\/em><\/td>\n<\/tr>\n<tr>\n<td width=\"150\" height=\"30\">07.25-08.04.<\/td>\n<td width=\"440\"><a href=\"https:\/\/www.goforgo.hu\/index.php\/bucsuko-2026-bucsecs-a-kedvunk-szerint\/\">B\u00facs\u00fak\u0151<\/a><\/td>\n<td style=\"text-align: right;\" width=\"120\">\u00a0<\/td>\n<\/tr>\n<tr>\n<td width=\"150\" height=\"30\">08.19-24.<\/td>\n<td width=\"440\">Sv\u00e9dorsz\u00e1g &#8211; 100 \u00e9ves a kir\u00e1lyi l\u00e9gier\u0151<\/td>\n<td style=\"text-align: right;\" width=\"120\">\u00a0<\/td>\n<\/tr>\n<tr>\n<td width=\"150\" height=\"30\">08.27-31.<\/td>\n<td width=\"440\">BIAS Airshow &#8211; Bukarest<\/td>\n<td style=\"text-align: right;\" width=\"120\">\u00a0<\/td>\n<\/tr>\n<tr>\n<td width=\"150\" height=\"30\">\u00a0<\/td>\n<td width=\"440\">\u00a0<\/td>\n<td style=\"text-align: right;\" width=\"120\">\u00a0<\/td>\n<\/tr>\n<tr>\n<td width=\"150\" height=\"30\"><em><strong>szeptember<\/strong><\/em><\/td>\n<td width=\"440\">\u00a0<\/td>\n<td style=\"text-align: right;\" width=\"120\">\u00a0<\/td>\n<\/tr>\n<tr>\n<td width=\"150\" height=\"30\">09.05-06.<\/td>\n<td width=\"440\">SIAF &#8211; Kassa<\/td>\n<td style=\"text-align: right;\" width=\"120\">\u00a0<\/td>\n<\/tr>\n<tr>\n<td width=\"150\" height=\"30\">09.09-11.<\/td>\n<td width=\"440\">Erd\u00e9ly, Cs\u00edksomly\u00f3 &#8211; Szecsei Mikl\u00f3s<\/td>\n<td style=\"text-align: right;\" width=\"120\">\u00a0<\/td>\n<\/tr>\n<tr>\n<td width=\"150\" height=\"30\">09.18-21.<\/td>\n<td width=\"440\">Ostrava<\/td>\n<td style=\"text-align: right;\" width=\"120\">\u00a0<\/td>\n<\/tr>\n<tr>\n<td width=\"150\" height=\"30\">09.26-10.04<\/td>\n<td width=\"440\"><a href=\"https:\/\/www.repulonapok.hu\/?page_id=3150\">III.Birodalom nyom\u00e1ban &#8211; Wolfschanze<\/a><\/td>\n<td style=\"text-align: right;\" width=\"120\">\u00a0<\/td>\n<\/tr>\n<tr>\n<td width=\"150\" height=\"30\">\u00a0<\/td>\n<td width=\"440\">\u00a0<\/td>\n<td style=\"text-align: right;\" width=\"120\">\u00a0<\/td>\n<\/tr>\n<tr>\n<td width=\"150\" height=\"30\"><em><strong>okt\u00f3ber<\/strong><\/em><\/td>\n<td width=\"440\">\u00a0<\/td>\n<td width=\"120\">\u00a0<\/td>\n<\/tr>\n<tr>\n<td width=\"150\" height=\"30\">10.10-18.<\/td>\n<td width=\"440\">Olympos, Meteor\u00e1k \u00e9s Ath\u00e9n &#8211; Szecsei Mikl\u00f3s<\/td>\n<td style=\"text-align: left;\" width=\"120\">\u00a0<\/td>\n<\/tr>\n<tr>\n<td width=\"150\" height=\"30\">10.23-27.<\/td>\n<td width=\"440\">Boszniai piramisok<\/td>\n<td style=\"text-align: right;\" width=\"120\">\u00a0<\/td>\n<\/tr>\n<tr>\n<td width=\"150\" height=\"30\">\u00a0<\/td>\n<td width=\"440\">\u00a0<\/td>\n<td style=\"text-align: right;\" width=\"120\">\u00a0<\/td>\n<\/tr>\n<tr>\n<td width=\"150\" height=\"30\"><em><strong>november<\/strong><\/em><\/td>\n<td width=\"440\">\u00a0<\/td>\n<td width=\"120\">\u00a0<\/td>\n<\/tr>\n<tr>\n<td width=\"150\" height=\"30\"><strong>\u00a0<span style=\"color: #ff0000;\">11.14-15.<\/span><\/strong><\/td>\n<td width=\"440\"><strong><span style=\"color: #ff0000;\">XII. M\u00e1rton-napi makettki\u00e1ll\u00edt\u00e1s \u00e9s v\u00e1s\u00e1r a B\u00e9k\u00e1smegyeri k\u00f6z\u00f6ss\u00e9gi h\u00e1zban!!<\/span><\/strong><\/td>\n<td style=\"text-align: right;\" width=\"120\">\u00a0<\/td>\n<\/tr>\n<tr>\n<td width=\"150\" height=\"30\">\u00a0<\/td>\n<td width=\"440\">\u00a0<\/td>\n<td style=\"text-align: right;\" width=\"120\">\u00a0<\/td>\n<\/tr>\n<tr>\n<td width=\"150\" height=\"30\">\u00a0<\/td>\n<td style=\"text-align: center;\" width=\"440\">\n<h3><span style=\"color: #008000;\"><strong>Advent<\/strong><\/span><\/h3>\n<\/td>\n<td style=\"text-align: right;\" width=\"120\">\u00a0<\/td>\n<\/tr>\n<tr>\n<td width=\"150\" height=\"30\">11.07.<\/td>\n<td width=\"440\">Aggstein, k\u00f6z\u00e9pkori advent<\/td>\n<td style=\"text-align: right;\" width=\"120\">\u00a0<\/td>\n<\/tr>\n<tr>\n<td width=\"150\" height=\"30\">11.28.<\/td>\n<td width=\"440\">Pozsonyi advent<\/td>\n<td style=\"text-align: right;\" width=\"120\">\u00a0<\/td>\n<\/tr>\n<tr>\n<td width=\"150\" height=\"30\">12.11-15.<\/td>\n<td width=\"440\">Advent a d\u00e9l-csehorsz\u00e1gi mesev\u00e1rosokban<\/td>\n<td style=\"text-align: right;\" width=\"120\">\u00a0<\/td>\n<\/tr>\n<tr>\n<td width=\"150\" height=\"30\">12.20.<\/td>\n<td width=\"440\">\u00a0Grazi advent<\/td>\n<td style=\"text-align: left;\" width=\"120\">\u00a0<\/td>\n<\/tr>\n<tr>\n<td width=\"150\" height=\"30\">\u00a0<\/td>\n<td width=\"440\">\u00a0<\/td>\n<td style=\"text-align: right;\" width=\"120\">\u00a0<\/td>\n<\/tr>\n<tr>\n<td width=\"150\" height=\"30\">\u00a0<\/td>\n<td width=\"440\">\u00a0<\/td>\n<td style=\"text-align: right;\" width=\"120\">\u00a0<\/td>\n<\/tr>\n<tr>\n<td width=\"150\" height=\"30\">\u00a0<\/td>\n<td width=\"440\">\u00a0<\/td>\n<td style=\"text-align: right;\" width=\"120\">\u00a0<\/td>\n<\/tr>\n<tr>\n<td width=\"150\" height=\"30\">\u00a0<\/td>\n<td width=\"440\">\u00a0<\/td>\n<td style=\"text-align: right;\" width=\"120\">\u00a0<\/td>\n<\/tr>\n<tr>\n<td width=\"150\" height=\"30\">\u00a0<\/td>\n<td style=\"text-align: left;\" width=\"440\">\u00a0<\/td>\n<td style=\"text-align: right;\" width=\"120\">\u00a0<\/td>\n<\/tr>\n<tr>\n<td width=\"150\" height=\"30\">\u00a0<\/td>\n<td style=\"text-align: left;\" width=\"440\">\u00a0<\/td>\n<td style=\"text-align: right;\" width=\"120\">\u00a0<\/td>\n<\/tr>\n<tr>\n<td width=\"150\" height=\"30\">\u00a0<\/td>\n<td width=\"440\">\u00a0<\/td>\n<td style=\"text-align: right;\" width=\"120\">\u00a0<\/td>\n<\/tr>\n<tr>\n<td width=\"150\" height=\"30\">\u00a0<\/td>\n<td width=\"440\">\u00a0<\/td>\n<td style=\"text-align: right;\" width=\"120\">\u00a0<\/td>\n<\/tr>\n<tr>\n<td width=\"150\" height=\"30\">\u00a0<\/td>\n<td style=\"text-align: left;\" width=\"440\">\u00a0<\/td>\n<td style=\"text-align: right;\" width=\"120\">\u00a0<\/td>\n<\/tr>\n<tr>\n<td width=\"150\" height=\"30\">\u00a0<\/td>\n<td width=\"440\">\u00a0<\/td>\n<td style=\"text-align: right;\" width=\"120\">\u00a0<\/td>\n<\/tr>\n<tr>\n<td width=\"150\" height=\"30\">\u00a0<\/td>\n<td width=\"440\">\u00a0<\/td>\n<td style=\"text-align: right;\" width=\"120\">\u00a0<\/td>\n<\/tr>\n<tr>\n<td width=\"150\" height=\"30\">\u00a0<\/td>\n<td width=\"440\">\u00a0<\/td>\n<td style=\"text-align: right;\" width=\"120\">\u00a0<\/td>\n<\/tr>\n<tr>\n<td width=\"150\" height=\"30\">\u00a0<\/td>\n<td style=\"text-align: center;\" width=\"440\">\u00a0<\/td>\n<td style=\"text-align: right;\" width=\"120\">\u00a0<\/td>\n<\/tr>\n<tr>\n<td width=\"150\" height=\"30\">\u00a0<\/td>\n<td width=\"440\">\u00a0<\/td>\n<td style=\"text-align: right;\" width=\"120\">\u00a0<\/td>\n<\/tr>\n<tr>\n<td width=\"150\" height=\"30\">\u00a0<\/td>\n<td width=\"440\">\u00a0<\/td>\n<td style=\"text-align: right;\" width=\"120\">\u00a0<\/td>\n<\/tr>\n<tr>\n<td width=\"150\" height=\"30\">\u00a0<\/td>\n<td style=\"text-align: center;\" width=\"440\">\u00a0<\/td>\n<td style=\"text-align: right;\" width=\"120\">\u00a0<\/td>\n<\/tr>\n<tr>\n<td width=\"150\" height=\"30\">\u00a0<\/td>\n<td width=\"440\">\u00a0<\/td>\n<td style=\"text-align: right;\" width=\"120\">\u00a0<\/td>\n<\/tr>\n<tr>\n<td width=\"150\" height=\"30\">\u00a0<\/td>\n<td width=\"440\">\u00a0<\/td>\n<td style=\"text-align: right;\" width=\"120\">\u00a0<\/td>\n<\/tr>\n<tr>\n<td width=\"150\" height=\"30\">\u00a0<\/td>\n<td width=\"440\">\u00a0<\/td>\n<td style=\"text-align: right;\" width=\"120\">\u00a0<\/td>\n<\/tr>\n<tr>\n<td width=\"150\" height=\"30\">\u00a0<\/td>\n<td style=\"text-align: center;\" width=\"440\">\u00a0<\/td>\n<td style=\"text-align: right;\" width=\"120\">\u00a0<\/td>\n<\/tr>\n<tr>\n<td width=\"150\" height=\"30\">\u00a0<\/td>\n<td width=\"440\">\u00a0<\/td>\n<td style=\"text-align: right;\" width=\"120\">\u00a0<\/td>\n<\/tr>\n<tr>\n<td width=\"150\" height=\"30\">\u00a0<\/td>\n<td width=\"440\">\u00a0<\/td>\n<td style=\"text-align: right;\" width=\"120\">\u00a0<\/td>\n<\/tr>\n<\/tbody>\n<\/table>\n\n\n<p><\/p>\n","protected":false},"excerpt":{"rendered":"<p>2026 \u00e9ves napt\u00e1r El\u0151zetes felsorol\u00e1s \u00e9s folyamatos felt\u00f6lt\u00e9s alatt! Az id\u0151pontok \u00e9s \u00e1rak m\u00e9g kidolgoz\u00e1s alatt vannak. \u00cdgy a d\u00e1tumokban 1-2 nap cs\u00fasz\u00e1s t\u00f6rt\u00e9nhet.\u00a0 m\u00e1rcius 03.28. Szolnoki Makett Verseny \u00a0 \u00a0 \u00a0 \u00a0 \u00e1prilis 04.07-11. Boszniai piramisok \u00a0 04.25. Mosonmagyar\u00f3v\u00e1r \u00a0 04.30-05.05. Cs\u00e1klyak\u0151 \u00e9s Bucsecs &#8211; Szecsei Mikl\u00f3s \u00a0 \u00a0 \u00a0 \u00a0 m\u00e1jus \u00a0 \u00a0 05.18-25. R\u00f3ma &#8211; Szecsei Mikl\u00f3s \u00a0 05.29-06.01. Pardubice \u00a0 \u00a0 \u00a0 \u00a0 j\u00fanius 06.09-20. ILA- Cosford &#8211; Market Garden \u00a0 06.27-28 Trencs\u00e9n \u00e9s Kunovice \u00a0 \u00a0 \u00a0 \u00a0 j\u00falius 07.01-05. Csehorsz\u00e1g &#8211; Aderspach, Szecsei Mikl\u00f3s \u00a0 07.25-30. B\u00facs\u00fak\u0151 &#8211; Szecsei Mikl\u00f3s \u00a0 07.31-08.04. B\u00facs\u00fak\u0151\u00a0 \u00a0 \u00a0 \u00a0 \u00a0 augusztus 07.25-08.04. B\u00facs\u00fak\u0151 \u00a0 08.19-24. Sv\u00e9dorsz\u00e1g &#8211; 100 \u00e9ves a kir\u00e1lyi l\u00e9gier\u0151 \u00a0 08.27-31. BIAS Airshow &#8211; Bukarest \u00a0 \u00a0 \u00a0 \u00a0 szeptember \u00a0 \u00a0 09.05-06. SIAF &#8211; Kassa \u00a0 09.09-11. Erd\u00e9ly, Cs\u00edksomly\u00f3 &#8211; Szecsei Mikl\u00f3s \u00a0 09.18-21. Ostrava \u00a0 09.26-10.04 III.Birodalom nyom\u00e1ban &#8211; Wolfschanze \u00a0 \u00a0 \u00a0 \u00a0 okt\u00f3ber \u00a0 \u00a0 10.10-18. Olympos, Meteor\u00e1k \u00e9s Ath\u00e9n &#8211; Szecsei Mikl\u00f3s \u00a0 10.23-27. Boszniai piramisok \u00a0 \u00a0 \u00a0 \u00a0 november \u00a0 \u00a0 \u00a011.14-15. XII. M\u00e1rton-napi makettki\u00e1ll\u00edt\u00e1s \u00e9s v\u00e1s\u00e1r a B\u00e9k\u00e1smegyeri k\u00f6z\u00f6ss\u00e9gi h\u00e1zban!! \u00a0 \u00a0 \u00a0 \u00a0 \u00a0 Advent \u00a0 11.07. Aggstein, k\u00f6z\u00e9pkori advent \u00a0 11.28. Pozsonyi advent \u00a0 12.11-15. Advent a d\u00e9l-csehorsz\u00e1gi mesev\u00e1rosokban \u00a0 12.20. \u00a0Grazi advent \u00a0 \u00a0 \u00a0 \u00a0 \u00a0 \u00a0 \u00a0 \u00a0 \u00a0 \u00a0 \u00a0 \u00a0 \u00a0 \u00a0 \u00a0 \u00a0 \u00a0 \u00a0 \u00a0 \u00a0 \u00a0 \u00a0 \u00a0 \u00a0 \u00a0 \u00a0 \u00a0 \u00a0 \u00a0 \u00a0 \u00a0 \u00a0 \u00a0 \u00a0 \u00a0 \u00a0 \u00a0 \u00a0 \u00a0 \u00a0 \u00a0 \u00a0 \u00a0 \u00a0 \u00a0 \u00a0 \u00a0 \u00a0 \u00a0 \u00a0 \u00a0 \u00a0 \u00a0 \u00a0 \u00a0 \u00a0 \u00a0 \u00a0 \u00a0 \u00a0 \u00a0 \u00a0 \u00a0 \u00a0 \u00a0 \u00a0 \u00a0<\/p>\n","protected":false},"author":1,"featured_media":0,"parent":0,"menu_order":0,"comment_status":"closed","ping_status":"closed","template":"","meta":{"footnotes":""},"class_list":["post-28","page","type-page","status-publish","hentry"],"_links":{"self":[{"href":"https:\/\/www.goforgo.hu\/index.php\/wp-json\/wp\/v2\/pages\/28","targetHints":{"allow":["GET"]}}],"collection":[{"href":"https:\/\/www.goforgo.hu\/index.php\/wp-json\/wp\/v2\/pages"}],"about":[{"href":"https:\/\/www.goforgo.hu\/index.php\/wp-json\/wp\/v2\/types\/page"}],"author":[{"embeddable":true,"href":"https:\/\/www.goforgo.hu\/index.php\/wp-json\/wp\/v2\/users\/1"}],"replies":[{"embeddable":true,"href":"https:\/\/www.goforgo.hu\/index.php\/wp-json\/wp\/v2\/comments?post=28"}],"version-history":[{"count":596,"href":"https:\/\/www.goforgo.hu\/index.php\/wp-json\/wp\/v2\/pages\/28\/revisions"}],"predecessor-version":[{"id":7773,"href":"https:\/\/www.goforgo.hu\/index.php\/wp-json\/wp\/v2\/pages\/28\/revisions\/7773"}],"wp:attachment":[{"href":"https:\/\/www.goforgo.hu\/index.php\/wp-json\/wp\/v2\/media?parent=28"}],"curies":[{"name":"wp","href":"https:\/\/api.w.org\/{rel}","templated":true}]}}