{"id":2821,"date":"2017-01-19T15:12:14","date_gmt":"2017-01-19T15:12:14","guid":{"rendered":"http:\/\/www.goforgo.hu\/?page_id=2821"},"modified":"2025-03-25T16:50:07","modified_gmt":"2025-03-25T16:50:07","slug":"budapest-passau-hajoval","status":"publish","type":"page","link":"https:\/\/www.goforgo.hu\/index.php\/budapest-passau-hajoval\/","title":{"rendered":"Haj\u00f3val Passauba"},"content":{"rendered":"<p><strong><a href=\"https:\/\/www.goforgo.hu\/index.php\/budapest-passau-hajoval\/passau_altstadt_panorama_5\/\" rel=\"attachment wp-att-2825\"><img loading=\"lazy\" decoding=\"async\" class=\"alignnone size-large wp-image-2825\" src=\"https:\/\/www.goforgo.hu\/wp-content\/uploads\/2017\/01\/Passau_Altstadt_Panorama_5-1024x327.jpg\" alt=\"\" width=\"1024\" height=\"327\" srcset=\"https:\/\/www.goforgo.hu\/wp-content\/uploads\/2017\/01\/Passau_Altstadt_Panorama_5-1024x327.jpg 1024w, https:\/\/www.goforgo.hu\/wp-content\/uploads\/2017\/01\/Passau_Altstadt_Panorama_5-300x96.jpg 300w, https:\/\/www.goforgo.hu\/wp-content\/uploads\/2017\/01\/Passau_Altstadt_Panorama_5-768x246.jpg 768w\" sizes=\"auto, (max-width: 1024px) 100vw, 1024px\" \/><\/a><\/strong><\/p>\n<table width=\"470\">\n<tbody>\n<tr>\n<td>Id\u0151pont:<\/td>\n<td>2025. augusztus 6-10.2025. augusztus 25-29.\u00a0MEGTELT!<\/td>\n<\/tr>\n<tr>\n<td>Elhelyez\u00e9s:<\/td>\n<td>sz\u00e1llod\u00e1ban***, 2-3 \u00e1gyas f\u00fcrd\u0151szob\u00e1s szob\u00e1kban.<\/td>\n<\/tr>\n<tr>\n<td>Ell\u00e1t\u00e1s:<\/td>\n<td>reggeli, vagy f\u00e9lpanzi\u00f3<\/td>\n<\/tr>\n<tr>\n<td>Utaz\u00e1s:<\/td>\n<td>haj\u00f3val \u00e9s aut\u00f3busszal<\/td>\n<\/tr>\n<tr>\n<td><strong>R\u00e9szv\u00e9teli d\u00edj:<\/strong><\/td>\n<td><strong>276 500 Ft\/f\u0151<\/strong><\/td>\n<\/tr>\n<tr>\n<td>Ebb\u0151l kik\u00f6t\u0151i illet\u00e9k:<\/td>\n<td>28 500 Ft\/f\u0151<\/td>\n<\/tr>\n<tr>\n<td>\u00datlemond\u00e1si biztos\u00edt\u00e1s:<\/td>\n<td>2,5%<\/td>\n<\/tr>\n<tr>\n<td>Utasbiztos\u00edt\u00e1s:<\/td>\n<td>3 300 Ft\/f\u0151<\/td>\n<\/tr>\n<\/tbody>\n<\/table>\n<h2 class=\"sw_s1_offer_program_title\" style=\"text-align: center;\">Program<\/h2>\n<p><strong>1 nap. <\/strong><strong style=\"color: initial;\">(Budapest \u2013) Gy\u0151r \u2013 b\u0151si v\u00edzl\u00e9pcs\u0151 \u2013 Pozsony<\/strong><\/p>\n<p>Indul\u00e1s reggel aut\u00f3busszal Budapestr\u0151l, \u00e9rkez\u00e9s Gy\u0151r barokk belv\u00e1ros\u00e1ba. Az aut\u00f3busszal \u00e9rkez\u0151k \u00e9s a Gy\u0151rb\u0151l indul\u00f3k felsz\u00e1llnak a R\u00e1b\u00e1n, a v\u00e1rfal t\u00f6v\u00e9ben \u00e1ll\u00f3 haj\u00f3ra. Haj\u00f3z\u00e1s ki a Mosoni-Dun\u00e1ra, majd azon lefel\u00e9 V\u00e9nekig (1,5-\u00f6s fkm), itt az \u00faj zsilipen val\u00f3 \u00e1tkel\u00e9s ut\u00e1n el\u00e9rj\u00fck a Nagy-Dun\u00e1t (1794-es fkm). Haj\u00f3z\u00e1s a Szigetk\u00f6z mellett az innen m\u00e1r fels\u0151szakasz jelleg\u0171 folyamon. B\u0151sn\u00e9l zsilipelve a felvizen folytatjuk utunkat, a templomok torny\u00e1val egy magass\u00e1gban haj\u00f3zunk. Somorja t\u00e9rs\u00e9g\u00e9ben t\u00f3v\u00e1 tereb\u00e9lyesedik a Duna. Megismerj\u00fck a B\u0151s-Nagymarosi V\u00edzl\u00e9pcs\u0151rendszer t\u00f6rt\u00e9net\u00e9t, m\u0171k\u00f6d\u00e9s\u00e9t. A v\u00edzt\u00e1roz\u00f3 felett az ism\u00e9t sebes Dun\u00e1n \u00e9rj\u00fck el Pozsonyt (1868-as fkm) a b\u0151si zsilipel\u00e9s id\u0151tartam\u00e1t\u00f3l f\u00fcgg\u0151en k\u00e9s\u0151 d\u00e9lut\u00e1n. A t\u00f6rt\u00e9nelmi belv\u00e1rosban tett v\u00e1rosn\u00e9z\u0151 s\u00e9t\u00e1val z\u00e1rjuk a napot.<\/p>\n<p><a href=\"https:\/\/www.goforgo.hu\/index.php\/budapest-passau-hajoval\/pozsony-4\/\" rel=\"attachment wp-att-2822\"><img loading=\"lazy\" decoding=\"async\" class=\"alignnone size-full wp-image-2822\" src=\"https:\/\/www.goforgo.hu\/wp-content\/uploads\/2017\/01\/Pozsony.jpg\" alt=\"Pozsony\" width=\"960\" height=\"601\" srcset=\"https:\/\/www.goforgo.hu\/wp-content\/uploads\/2017\/01\/Pozsony.jpg 960w, https:\/\/www.goforgo.hu\/wp-content\/uploads\/2017\/01\/Pozsony-300x188.jpg 300w, https:\/\/www.goforgo.hu\/wp-content\/uploads\/2017\/01\/Pozsony-768x481.jpg 768w\" sizes=\"auto, (max-width: 960px) 100vw, 960px\" \/><\/a><\/p>\n<p><strong>2. nap. <\/strong><strong style=\"color: initial;\">Pozsony \u2013 D\u00e9v\u00e9ny \u2013 B\u00e9cs \u2013 Tulln<\/strong><\/p>\n<p>Reggeli ut\u00e1n aut\u00f3busszal D\u00e9v\u00e9nybe (1880-as fkm) utazunk, a v\u00e1r t\u00f6v\u00e9ben, a Porta Hungarican\u00e1l haj\u00f3ra sz\u00e1llunk, s elindulunk a sebes Dun\u00e1n felfel\u00e9. A Morava foly\u00f3 torkolat\u00e1t\u00f3l m\u00e1r Ausztri\u00e1ban haj\u00f3zunk. R\u00f6videsen felt\u0171nik a b\u00e1jos Hainburg v\u00e1rosa. B\u00e9cs k\u00f6zel\u00e9ben zsilipel\u00fcnk Freudenaun\u00e1l, majd \u00e1thaj\u00f3zunk az osztr\u00e1k f\u0151v\u00e1roson, megismerked\u00fcnk az osztr\u00e1k f\u0151v\u00e1ros h\u00eddjaival \u00e9s az ENSZ negyeddel. A B\u00e9csi-erd\u0151 hegyeit ker\u00fclve el\u00e9rj\u00fck a greifensteini zsilipet, majd kik\u00f6t\u00e9s Tullnban (1964-es fkm). Megcsod\u00e1ljuk a Niebelung legenda egy esem\u00e9ny\u00e9t feldolgoz\u00f3 szoborcsoportot, mely Attila hun vez\u00e9r l\u00e1nyk\u00e9r\u00e9s\u00e9t mutatja be a kis Csaba kir\u00e1lyfival. Sz\u00e1ll\u00e1sunk Tulln k\u00f6zponj\u00e1ban, k\u00f6zvetlen\u00fcl a kik\u00f6t\u0151 mellett lesz. F\u00e9lpanzi\u00f3t k\u00e9r\u0151k egy belv\u00e1rosi \u00e9tteremben kapnak vacsor\u00e1t.<\/p>\n<p><a href=\"https:\/\/www.goforgo.hu\/index.php\/budapest-passau-hajoval\/aggstein\/\" rel=\"attachment wp-att-2823\"><img loading=\"lazy\" decoding=\"async\" class=\"alignnone size-large wp-image-2823\" src=\"https:\/\/www.goforgo.hu\/wp-content\/uploads\/2017\/01\/Aggstein-1024x563.jpg\" alt=\"Aggstein\" width=\"1024\" height=\"563\" srcset=\"https:\/\/www.goforgo.hu\/wp-content\/uploads\/2017\/01\/Aggstein-1024x563.jpg 1024w, https:\/\/www.goforgo.hu\/wp-content\/uploads\/2017\/01\/Aggstein-300x165.jpg 300w, https:\/\/www.goforgo.hu\/wp-content\/uploads\/2017\/01\/Aggstein-768x422.jpg 768w, https:\/\/www.goforgo.hu\/wp-content\/uploads\/2017\/01\/Aggstein.jpg 1600w\" sizes=\"auto, (max-width: 1024px) 100vw, 1024px\" \/><\/a><\/p>\n<p><strong>3. nap. <\/strong><strong style=\"color: initial;\">Krems \u2013 Aggstein \u2013 Persenbeug \u2013 Grein \u2013 Linz<\/strong><\/p>\n<p>Reggeli ut\u00e1n aut\u00f3busszal a Wachau k\u00f6zpontj\u00e1ba, Kremsbe utazunk: s\u00e9ta a belv\u00e1rosban, majd haj\u00f3ra sz\u00e1llunk (2002-es fkm) \u00e9s elindulunk a Kultur\u00e1lis Vil\u00e1g\u00f6r\u00f6ks\u00e9g r\u00e9sz\u00e9t k\u00e9pez\u0151 Wachau kult\u00fart\u00e1jon a sz\u0151l\u0151 \u00e9s s\u00e1rgabarack termel\u00e9s vid\u00e9k\u00e9n. J\u00f6nnek sorra a Wachau sz\u00e9p kis telep\u00fcl\u00e9sei: Wei\u00dfenkirchen, Spitz, majd a V\u00e9nusz\u00e1r\u00f3l h\u00edres Willendorf. Aggsbachn\u00e1l kik\u00f6t\u00fcnk, aki szeretne, aut\u00f3busszal felmegy az aggsteini v\u00e1rhoz, ahol a Wachau vid\u00e9k\u00e9nek legszebb panor\u00e1m\u00e1j\u00e1ban gy\u00f6ny\u00f6rk\u00f6dhet\u00fcnk. A haj\u00f3 k\u00f6zben tov\u00e1bbhalad Sch\u00f6nb\u00fchel kolostora, majd h\u00edres kast\u00e9lya mellett, azt\u00e1n felt\u0171nik a melki ap\u00e1ts\u00e1g. \u00dajabb zsilipel\u00e9s k\u00f6vetkezik, majd nekiv\u00e1gunk a Nibelungengau nev\u0171, lank\u00e1s hegyekkel \u00f6vezett foly\u00f3szakasznak. .Marbachn\u00e1l visszasz\u00e1llnak a v\u00e1rl\u00e1togat\u00f3 utasok. Zsilipel\u00e9s a persenbeugi Habsburg-kast\u00e9ly t\u00f6v\u00e9ben. Itt sz\u00fcletett utols\u00f3 kir\u00e1lyunk, IV. K\u00e1roly. A duzzaszt\u00f3 felett a Strudengau mes\u00e9be ill\u0151 vil\u00e1ga k\u00f6vetkezik. A W\u00f6rth-sziget felett Greinben (2178-as fkm) kik\u00f6t\u00fcnk, majd linzi sz\u00e1ll\u00e1sunka megy\u00fcnk aut\u00f3busszal.<\/p>\n<p><a href=\"https:\/\/www.goforgo.hu\/index.php\/budapest-komarom-hajout\/dunakanyar-visegrad\/\" rel=\"attachment wp-att-2815\"><img loading=\"lazy\" decoding=\"async\" class=\"alignnone size-large wp-image-2815\" src=\"https:\/\/www.goforgo.hu\/wp-content\/uploads\/2017\/01\/dunakanyar-visegrad-1024x685.jpg\" alt=\"dunakanyar-visegrad\" width=\"1024\" height=\"685\" srcset=\"https:\/\/www.goforgo.hu\/wp-content\/uploads\/2017\/01\/dunakanyar-visegrad-1024x685.jpg 1024w, https:\/\/www.goforgo.hu\/wp-content\/uploads\/2017\/01\/dunakanyar-visegrad-300x201.jpg 300w, https:\/\/www.goforgo.hu\/wp-content\/uploads\/2017\/01\/dunakanyar-visegrad-768x514.jpg 768w, https:\/\/www.goforgo.hu\/wp-content\/uploads\/2017\/01\/dunakanyar-visegrad.jpg 1920w\" sizes=\"auto, (max-width: 1024px) 100vw, 1024px\" \/><\/a><\/p>\n<p><strong>4. nap. <\/strong><strong style=\"color: initial;\">Mauthausen \u2013 Linz \u2013 Donauschlinge \u2013 Schl\u00f6gen<\/strong><\/p>\n<p>Reggeli ut\u00e1n v\u00e1rosn\u00e9z\u0151 s\u00e9t\u00e1ra indulunk Linz belv\u00e1ros\u00e1ban: a r\u00e9gi d\u00f3m, a jezsuita templom, az \u201956-os t\u00e1bla, a f\u0151t\u00e9r, az \u00f3v\u00e1ros k\u00f6z\u00e9pkori \u00e9p\u00fcletei. Majd aut\u00f3busszal Mauthausenbe megy\u00fcnk, ahol haj\u00f3ra sz\u00e1llunk (2112 fkm). Indul\u00e1s ut\u00e1n r\u00f6videsen zsilipel\u00fcnk Abwindenn\u00e9l, tov\u00e1bb haj\u00f3zva felfel\u00e9 a Traun foly\u00f3 torkolata felett megismerj\u00fck Linz m\u00e1sik arc\u00e1t: az ac\u00e9l- \u00e9s vegyi \u00fczemek vil\u00e1g\u00e1t, a kik\u00f6t\u0151k sor\u00e1t, ahol \u00e9vente k\u00f6zel 3 milli\u00f3 tonna \u00e1rut rakodnak. A haj\u00f3gy\u00e1rat elhagyva be\u00e9r\u00fcnk Linz belv\u00e1ros\u00e1ba, a Dun\u00e1r\u00f3l szeml\u00e9lhetj\u00fck a reggeli s\u00e9t\u00e1nk helysz\u00edneit. Linz felett sz\u00e9p, szabadfoly\u00e1s\u00fa szakaszon haj\u00f3zunk az ottensheimi v\u00edzl\u00e9pcs\u0151ig, zsilipel\u00fcnk, \u00e9s haj\u00f3zunk tov\u00e1bb a Malom-vid\u00e9k fel\u00e9. A k\u00f6zeli aschachi zsilipn\u00e9l el\u00e9rj\u00fck a hegyeket. A zsilipben 16 m\u00e9tert megy\u00fcnk felfel\u00e9, majd a hatalmas kapuk kiny\u00edl\u00e1sa ut\u00e1n a Duna t\u00fcnd\u00e9rvil\u00e1g\u00e1ba \u00e9r\u00fcnk. Az erd\u0151s hegyek k\u00f6z\u00f6tt kanyargunk a fest\u0151i szakaszon eg\u00e9szen a h\u00edres Donauschling\u00e9ig (Duna-hurok), itt Schl\u00f6genn\u00e9l (2187-es fkm) kik\u00f6t\u00fcnk, \u00e9s elfoglaljuk szob\u00e1nkat a Duna legszebb pontj\u00e1n \u00e1ll\u00f3 welness hotelben, \u00e9s a csod\u00e1latos panor\u00e1m\u00e1j\u00fa hotel terasz\u00e1n elfogyasztjuk vacsor\u00e1nkat.<\/p>\n<p><a href=\"https:\/\/www.goforgo.hu\/index.php\/budapest-passau-hajoval\/grein\/\" rel=\"attachment wp-att-2824\"><img loading=\"lazy\" decoding=\"async\" class=\"alignnone size-large wp-image-2824\" src=\"https:\/\/www.goforgo.hu\/wp-content\/uploads\/2017\/01\/grein-1024x762.jpg\" alt=\"grein\" width=\"1024\" height=\"762\" srcset=\"https:\/\/www.goforgo.hu\/wp-content\/uploads\/2017\/01\/grein.jpg 1024w, https:\/\/www.goforgo.hu\/wp-content\/uploads\/2017\/01\/grein-300x223.jpg 300w, https:\/\/www.goforgo.hu\/wp-content\/uploads\/2017\/01\/grein-768x572.jpg 768w\" sizes=\"auto, (max-width: 1024px) 100vw, 1024px\" \/><\/a><\/p>\n<p><strong>5. nap. <\/strong><strong style=\"color: initial;\">Schl\u00f6gen \u2013 Passau<\/strong><\/p>\n<p>Reggeli ut\u00e1n haj\u00f3ra sz\u00e1llunk. \u00e9s tov\u00e1bbra is sz\u00e9ps\u00e9ges hegyek k\u00f6z\u00f6tt haladunk. Engelhartszelln\u00e9l a trappista kolostort csod\u00e1lhatjuk meg a Dun\u00e1r\u00f3l majd k\u00f6vetkezik a sz\u00e9p jochensteini v\u00edzl\u00e9pcs\u0151 \u00e9s a h\u00edres, szikl\u00e1n \u00e1ll\u00f3 Nepomuki Szent J\u00e1nos szobor. M\u00e1sf\u00e9l \u00f3ra m\u00falt\u00e1n felt\u0171nik a Duna \u00e9kk\u00f6ve, Passau a h\u00e1rom foly\u00f3 \u00f6sszefoly\u00e1s\u00e1val. Kik\u00f6t\u00fcnk (2225-\u00f6s fkm), b\u00facs\u00fat v\u00e9ve a haj\u00f3t\u00f3l v\u00e1rosn\u00e9z\u0151 s\u00e9t\u00e1ra indulunk: Gizella kir\u00e1lyn\u00e9nk s\u00edrja, a d\u00f3m \u00e9s benne Eur\u00f3pa legnagyobb orgon\u00e1ja, sz\u0171k sik\u00e1torok, k\u00f6z\u00e9pkori \u00e9p\u00fcletek. V\u00e1rosn\u00e9z\u00e9s ut\u00e1n szabadprogram, v\u00e1s\u00e1rl\u00e1si lehet\u0151s\u00e9g. D\u00e9lut\u00e1n indul\u00e1s haza aut\u00f3busszal, eg\u00e9szs\u00e9g\u00fcgyi meg\u00e1ll\u00f3kkal \u00e9rkez\u00e9s Gy\u0151rbe 21 \u00f3ra ut\u00e1n, Budapestre 23 \u00f3ra k\u00f6r\u00fcl.<\/p>\n<h2 class=\"sw_s1_extra_charges_title\" style=\"text-align: center;\"><strong>R\u00e9szv\u00e9teli d\u00edj : 276 500 Ft\/f\u0151<\/strong><\/h2>\n<p><a href=\"https:\/\/www.goforgo.hu\/index.php\/hajos-utak\/passau\/\" rel=\"attachment wp-att-2775\"><img loading=\"lazy\" decoding=\"async\" class=\"alignnone size-full wp-image-2775\" src=\"https:\/\/www.goforgo.hu\/wp-content\/uploads\/2016\/01\/passau.jpg\" alt=\"\" width=\"600\" height=\"398\" srcset=\"https:\/\/www.goforgo.hu\/wp-content\/uploads\/2016\/01\/passau.jpg 600w, https:\/\/www.goforgo.hu\/wp-content\/uploads\/2016\/01\/passau-300x199.jpg 300w\" sizes=\"auto, (max-width: 600px) 100vw, 600px\" \/><\/a><\/p>\n<h3 class=\"sw_s1_extra_charges_title\">Fel\u00e1rak<\/h3>\n<table width=\"470\">\n<tbody>\n<tr>\n<td>Egy\u00e1gyas fel\u00e1r:<\/td>\n<td>75 000 Ft<\/td>\n<\/tr>\n<tr>\n<td>F\u00e9lpanzi\u00f3s fel\u00e1r:<\/td>\n<td>49 400 Ft<\/td>\n<\/tr>\n<tr>\n<td>R\u00e1di\u00f3vev\u0151s f\u00fclhallgat\u00f3:<\/td>\n<td>gratis<\/td>\n<\/tr>\n<tr>\n<td>Bel\u00e9p\u0151k:<\/td>\n<td>kb. 15 EUR.<\/td>\n<\/tr>\n<\/tbody>\n<\/table>\n<p><strong>A haj\u00f3:<\/strong> termes rendezv\u00e9nyhaj\u00f3, z\u00e1rt utast\u00e9rrel, nyitott fedett \u00e9s fedetlen fed\u00e9lzettel, n\u0151i-f\u00e9rfi WC-vel, b\u00fcf\u00e9vel, hideg \u00e9s meleg \u00e9telekkel, eb\u00e9del\u00e9si lehet\u0151s\u00e9ggel. A haj\u00f3n magyar vend\u00e9gl\u00e1t\u00f3hely m\u0171k\u00f6dik, \u00edgy forintban lehet fizetni.<\/p>\n","protected":false},"excerpt":{"rendered":"<p>Id\u0151pont: 2025. augusztus 6-10.2025. augusztus 25-29.\u00a0MEGTELT! Elhelyez\u00e9s: sz\u00e1llod\u00e1ban***, 2-3 \u00e1gyas f\u00fcrd\u0151szob\u00e1s szob\u00e1kban. Ell\u00e1t\u00e1s: reggeli, vagy f\u00e9lpanzi\u00f3 Utaz\u00e1s: haj\u00f3val \u00e9s aut\u00f3busszal R\u00e9szv\u00e9teli d\u00edj: 276 500 Ft\/f\u0151 Ebb\u0151l kik\u00f6t\u0151i illet\u00e9k: 28 500 Ft\/f\u0151 \u00datlemond\u00e1si biztos\u00edt\u00e1s: 2,5% Utasbiztos\u00edt\u00e1s: 3 300 Ft\/f\u0151 Program 1 nap. (Budapest \u2013) Gy\u0151r \u2013 b\u0151si v\u00edzl\u00e9pcs\u0151 \u2013 Pozsony Indul\u00e1s reggel aut\u00f3busszal Budapestr\u0151l, \u00e9rkez\u00e9s Gy\u0151r barokk belv\u00e1ros\u00e1ba. Az aut\u00f3busszal \u00e9rkez\u0151k \u00e9s a Gy\u0151rb\u0151l indul\u00f3k felsz\u00e1llnak a R\u00e1b\u00e1n, a v\u00e1rfal t\u00f6v\u00e9ben \u00e1ll\u00f3 haj\u00f3ra. Haj\u00f3z\u00e1s ki a Mosoni-Dun\u00e1ra, majd azon lefel\u00e9 V\u00e9nekig (1,5-\u00f6s fkm), itt az \u00faj zsilipen val\u00f3 \u00e1tkel\u00e9s ut\u00e1n el\u00e9rj\u00fck a Nagy-Dun\u00e1t (1794-es fkm). Haj\u00f3z\u00e1s a Szigetk\u00f6z mellett az innen m\u00e1r fels\u0151szakasz jelleg\u0171 folyamon. B\u0151sn\u00e9l zsilipelve a felvizen folytatjuk utunkat, a templomok torny\u00e1val egy magass\u00e1gban haj\u00f3zunk. Somorja t\u00e9rs\u00e9g\u00e9ben t\u00f3v\u00e1 tereb\u00e9lyesedik a Duna. Megismerj\u00fck a B\u0151s-Nagymarosi V\u00edzl\u00e9pcs\u0151rendszer t\u00f6rt\u00e9net\u00e9t, m\u0171k\u00f6d\u00e9s\u00e9t. A v\u00edzt\u00e1roz\u00f3 felett az ism\u00e9t sebes Dun\u00e1n \u00e9rj\u00fck el Pozsonyt (1868-as fkm) a b\u0151si zsilipel\u00e9s id\u0151tartam\u00e1t\u00f3l f\u00fcgg\u0151en k\u00e9s\u0151 d\u00e9lut\u00e1n. A t\u00f6rt\u00e9nelmi belv\u00e1rosban tett v\u00e1rosn\u00e9z\u0151 s\u00e9t\u00e1val z\u00e1rjuk a napot. 2. nap. Pozsony \u2013 D\u00e9v\u00e9ny \u2013 B\u00e9cs \u2013 Tulln Reggeli ut\u00e1n aut\u00f3busszal D\u00e9v\u00e9nybe (1880-as fkm) utazunk, a v\u00e1r t\u00f6v\u00e9ben, a Porta Hungarican\u00e1l haj\u00f3ra sz\u00e1llunk, s elindulunk a sebes Dun\u00e1n felfel\u00e9. A Morava foly\u00f3 torkolat\u00e1t\u00f3l m\u00e1r Ausztri\u00e1ban haj\u00f3zunk. R\u00f6videsen felt\u0171nik a b\u00e1jos Hainburg v\u00e1rosa. B\u00e9cs k\u00f6zel\u00e9ben zsilipel\u00fcnk Freudenaun\u00e1l, majd \u00e1thaj\u00f3zunk az osztr\u00e1k f\u0151v\u00e1roson, megismerked\u00fcnk az osztr\u00e1k f\u0151v\u00e1ros h\u00eddjaival \u00e9s az ENSZ negyeddel. A B\u00e9csi-erd\u0151 hegyeit ker\u00fclve el\u00e9rj\u00fck a greifensteini zsilipet, majd kik\u00f6t\u00e9s Tullnban (1964-es fkm). Megcsod\u00e1ljuk a Niebelung legenda egy esem\u00e9ny\u00e9t feldolgoz\u00f3 szoborcsoportot, mely Attila hun vez\u00e9r l\u00e1nyk\u00e9r\u00e9s\u00e9t mutatja be a kis Csaba kir\u00e1lyfival. Sz\u00e1ll\u00e1sunk Tulln k\u00f6zponj\u00e1ban, k\u00f6zvetlen\u00fcl a kik\u00f6t\u0151 mellett lesz. F\u00e9lpanzi\u00f3t k\u00e9r\u0151k egy belv\u00e1rosi \u00e9tteremben kapnak vacsor\u00e1t. 3. nap. Krems \u2013 Aggstein \u2013 Persenbeug \u2013 Grein \u2013 Linz Reggeli ut\u00e1n aut\u00f3busszal a Wachau k\u00f6zpontj\u00e1ba, Kremsbe utazunk: s\u00e9ta a belv\u00e1rosban, majd haj\u00f3ra sz\u00e1llunk (2002-es fkm) \u00e9s elindulunk a Kultur\u00e1lis Vil\u00e1g\u00f6r\u00f6ks\u00e9g r\u00e9sz\u00e9t k\u00e9pez\u0151 Wachau kult\u00fart\u00e1jon a sz\u0151l\u0151 \u00e9s s\u00e1rgabarack termel\u00e9s vid\u00e9k\u00e9n. J\u00f6nnek sorra a Wachau sz\u00e9p kis telep\u00fcl\u00e9sei: Wei\u00dfenkirchen, Spitz, majd a V\u00e9nusz\u00e1r\u00f3l h\u00edres Willendorf. Aggsbachn\u00e1l kik\u00f6t\u00fcnk, aki szeretne, aut\u00f3busszal felmegy az aggsteini v\u00e1rhoz, ahol a Wachau vid\u00e9k\u00e9nek legszebb panor\u00e1m\u00e1j\u00e1ban gy\u00f6ny\u00f6rk\u00f6dhet\u00fcnk. A haj\u00f3 k\u00f6zben tov\u00e1bbhalad Sch\u00f6nb\u00fchel kolostora, majd h\u00edres kast\u00e9lya mellett, azt\u00e1n felt\u0171nik a melki ap\u00e1ts\u00e1g. \u00dajabb zsilipel\u00e9s k\u00f6vetkezik, majd nekiv\u00e1gunk a Nibelungengau nev\u0171, lank\u00e1s hegyekkel \u00f6vezett foly\u00f3szakasznak. .Marbachn\u00e1l visszasz\u00e1llnak a v\u00e1rl\u00e1togat\u00f3 utasok. Zsilipel\u00e9s a persenbeugi Habsburg-kast\u00e9ly t\u00f6v\u00e9ben. Itt sz\u00fcletett utols\u00f3 kir\u00e1lyunk, IV. K\u00e1roly. A duzzaszt\u00f3 felett a Strudengau mes\u00e9be ill\u0151 vil\u00e1ga k\u00f6vetkezik. A W\u00f6rth-sziget felett Greinben (2178-as fkm) kik\u00f6t\u00fcnk, majd linzi sz\u00e1ll\u00e1sunka megy\u00fcnk aut\u00f3busszal. 4. nap. Mauthausen \u2013 Linz \u2013 Donauschlinge \u2013 Schl\u00f6gen Reggeli ut\u00e1n v\u00e1rosn\u00e9z\u0151 s\u00e9t\u00e1ra indulunk Linz belv\u00e1ros\u00e1ban: a r\u00e9gi d\u00f3m, a jezsuita templom, az \u201956-os t\u00e1bla, a f\u0151t\u00e9r, az \u00f3v\u00e1ros k\u00f6z\u00e9pkori \u00e9p\u00fcletei. Majd aut\u00f3busszal Mauthausenbe megy\u00fcnk, ahol haj\u00f3ra sz\u00e1llunk (2112 fkm). Indul\u00e1s ut\u00e1n r\u00f6videsen zsilipel\u00fcnk Abwindenn\u00e9l, tov\u00e1bb haj\u00f3zva felfel\u00e9 a Traun foly\u00f3 torkolata felett megismerj\u00fck Linz m\u00e1sik arc\u00e1t: az ac\u00e9l- \u00e9s vegyi \u00fczemek vil\u00e1g\u00e1t, a kik\u00f6t\u0151k sor\u00e1t, ahol \u00e9vente k\u00f6zel 3 milli\u00f3 tonna \u00e1rut rakodnak. A haj\u00f3gy\u00e1rat elhagyva be\u00e9r\u00fcnk Linz belv\u00e1ros\u00e1ba, a Dun\u00e1r\u00f3l szeml\u00e9lhetj\u00fck a reggeli s\u00e9t\u00e1nk helysz\u00edneit. Linz felett sz\u00e9p, szabadfoly\u00e1s\u00fa szakaszon haj\u00f3zunk az ottensheimi v\u00edzl\u00e9pcs\u0151ig, zsilipel\u00fcnk, \u00e9s haj\u00f3zunk tov\u00e1bb a Malom-vid\u00e9k fel\u00e9. A k\u00f6zeli aschachi zsilipn\u00e9l el\u00e9rj\u00fck a hegyeket. A zsilipben 16 m\u00e9tert megy\u00fcnk felfel\u00e9, majd a hatalmas kapuk kiny\u00edl\u00e1sa ut\u00e1n a Duna t\u00fcnd\u00e9rvil\u00e1g\u00e1ba \u00e9r\u00fcnk. Az erd\u0151s hegyek k\u00f6z\u00f6tt kanyargunk a fest\u0151i szakaszon eg\u00e9szen a h\u00edres Donauschling\u00e9ig (Duna-hurok), itt Schl\u00f6genn\u00e9l (2187-es fkm) kik\u00f6t\u00fcnk, \u00e9s elfoglaljuk szob\u00e1nkat a Duna legszebb pontj\u00e1n \u00e1ll\u00f3 welness hotelben, \u00e9s a csod\u00e1latos panor\u00e1m\u00e1j\u00fa hotel terasz\u00e1n elfogyasztjuk vacsor\u00e1nkat. 5. nap. Schl\u00f6gen \u2013 Passau Reggeli ut\u00e1n haj\u00f3ra sz\u00e1llunk. \u00e9s tov\u00e1bbra is sz\u00e9ps\u00e9ges hegyek k\u00f6z\u00f6tt haladunk. Engelhartszelln\u00e9l a trappista kolostort csod\u00e1lhatjuk meg a Dun\u00e1r\u00f3l majd k\u00f6vetkezik a sz\u00e9p jochensteini v\u00edzl\u00e9pcs\u0151 \u00e9s a h\u00edres, szikl\u00e1n \u00e1ll\u00f3 Nepomuki Szent J\u00e1nos szobor. M\u00e1sf\u00e9l \u00f3ra m\u00falt\u00e1n felt\u0171nik a Duna \u00e9kk\u00f6ve, Passau a h\u00e1rom foly\u00f3 \u00f6sszefoly\u00e1s\u00e1val. Kik\u00f6t\u00fcnk (2225-\u00f6s fkm), b\u00facs\u00fat v\u00e9ve a haj\u00f3t\u00f3l v\u00e1rosn\u00e9z\u0151 s\u00e9t\u00e1ra indulunk: Gizella kir\u00e1lyn\u00e9nk s\u00edrja, a d\u00f3m \u00e9s benne Eur\u00f3pa legnagyobb orgon\u00e1ja, sz\u0171k sik\u00e1torok, k\u00f6z\u00e9pkori \u00e9p\u00fcletek. V\u00e1rosn\u00e9z\u00e9s ut\u00e1n szabadprogram, v\u00e1s\u00e1rl\u00e1si lehet\u0151s\u00e9g. D\u00e9lut\u00e1n indul\u00e1s haza aut\u00f3busszal, eg\u00e9szs\u00e9g\u00fcgyi meg\u00e1ll\u00f3kkal \u00e9rkez\u00e9s Gy\u0151rbe 21 \u00f3ra ut\u00e1n, Budapestre 23 \u00f3ra k\u00f6r\u00fcl. R\u00e9szv\u00e9teli d\u00edj : 276 500 Ft\/f\u0151 Fel\u00e1rak Egy\u00e1gyas fel\u00e1r: 75 000 Ft F\u00e9lpanzi\u00f3s fel\u00e1r: 49 400 Ft R\u00e1di\u00f3vev\u0151s f\u00fclhallgat\u00f3: gratis Bel\u00e9p\u0151k: kb. 15 EUR. A haj\u00f3: termes rendezv\u00e9nyhaj\u00f3, z\u00e1rt utast\u00e9rrel, nyitott fedett \u00e9s fedetlen fed\u00e9lzettel, n\u0151i-f\u00e9rfi WC-vel, b\u00fcf\u00e9vel, hideg \u00e9s meleg \u00e9telekkel, eb\u00e9del\u00e9si lehet\u0151s\u00e9ggel. A haj\u00f3n magyar vend\u00e9gl\u00e1t\u00f3hely m\u0171k\u00f6dik, \u00edgy forintban lehet fizetni.<\/p>\n","protected":false},"author":1,"featured_media":0,"parent":0,"menu_order":0,"comment_status":"closed","ping_status":"closed","template":"","meta":{"footnotes":""},"class_list":["post-2821","page","type-page","status-publish","hentry"],"_links":{"self":[{"href":"https:\/\/www.goforgo.hu\/index.php\/wp-json\/wp\/v2\/pages\/2821","targetHints":{"allow":["GET"]}}],"collection":[{"href":"https:\/\/www.goforgo.hu\/index.php\/wp-json\/wp\/v2\/pages"}],"about":[{"href":"https:\/\/www.goforgo.hu\/index.php\/wp-json\/wp\/v2\/types\/page"}],"author":[{"embeddable":true,"href":"https:\/\/www.goforgo.hu\/index.php\/wp-json\/wp\/v2\/users\/1"}],"replies":[{"embeddable":true,"href":"https:\/\/www.goforgo.hu\/index.php\/wp-json\/wp\/v2\/comments?post=2821"}],"version-history":[{"count":9,"href":"https:\/\/www.goforgo.hu\/index.php\/wp-json\/wp\/v2\/pages\/2821\/revisions"}],"predecessor-version":[{"id":7177,"href":"https:\/\/www.goforgo.hu\/index.php\/wp-json\/wp\/v2\/pages\/2821\/revisions\/7177"}],"wp:attachment":[{"href":"https:\/\/www.goforgo.hu\/index.php\/wp-json\/wp\/v2\/media?parent=2821"}],"curies":[{"name":"wp","href":"https:\/\/api.w.org\/{rel}","templated":true}]}}