{"id":2829,"date":"2017-01-19T15:19:52","date_gmt":"2017-01-19T15:19:52","guid":{"rendered":"http:\/\/www.goforgo.hu\/?page_id=2829"},"modified":"2026-03-27T17:09:36","modified_gmt":"2026-03-27T17:09:36","slug":"passau-budapest-hajoval","status":"publish","type":"page","link":"https:\/\/www.goforgo.hu\/index.php\/passau-budapest-hajoval\/","title":{"rendered":"Hazahaj\u00f3z\u00e1s Passaub\u00f3l"},"content":{"rendered":"<p><strong>R\u00e9szletek:<\/strong><\/p>\n<table width=\"470\">\n<tbody>\n<tr>\n<td>Id\u0151pont:<\/td>\n<td>2026. j\u00fanius 1-5.\u00a0<strong>Utols\u00f3 hely!<\/strong><\/td>\n<\/tr>\n<tr>\n<td>Elhelyez\u00e9s:<\/td>\n<td>sz\u00e1llod\u00e1ban***, 2-3 \u00e1gyas f\u00fcrd\u0151szob\u00e1s szob\u00e1kban<\/td>\n<\/tr>\n<tr>\n<td>Ell\u00e1t\u00e1s:<\/td>\n<td>reggeli, vagy f\u00e9lpanzi\u00f3<\/td>\n<\/tr>\n<tr>\n<td>Utaz\u00e1s:<\/td>\n<td>haj\u00f3val \u00e9s aut\u00f3busszal<\/td>\n<\/tr>\n<tr>\n<td><strong>R\u00e9szv\u00e9teli d\u00edj:<\/strong><\/td>\n<td><strong>298 000 Ft\/f\u0151\u00a0<\/strong><\/td>\n<\/tr>\n<tr>\n<td>Ebb\u0151l kik\u00f6t\u0151i illet\u00e9k:<\/td>\n<td>32 000 Ft\/f\u0151<\/td>\n<\/tr>\n<tr>\n<td>\u00datlemond\u00e1si biztos\u00edt\u00e1s:<\/td>\n<td>a befizetett d\u00edjak 2,5 \u2013 3,5 %-a<\/td>\n<\/tr>\n<tr>\n<td>Utasbiztos\u00edt\u00e1s:<\/td>\n<td>3 300 Ft\/f\u0151<\/td>\n<\/tr>\n<\/tbody>\n<\/table>\n<p><a href=\"https:\/\/www.goforgo.hu\/index.php\/hajos-utak\/passau\/\" rel=\"attachment wp-att-2775\"><img loading=\"lazy\" decoding=\"async\" class=\"alignnone size-full wp-image-2775\" src=\"https:\/\/www.goforgo.hu\/wp-content\/uploads\/2016\/01\/passau.jpg\" alt=\"\" width=\"600\" height=\"398\" srcset=\"https:\/\/www.goforgo.hu\/wp-content\/uploads\/2016\/01\/passau.jpg 600w, https:\/\/www.goforgo.hu\/wp-content\/uploads\/2016\/01\/passau-300x199.jpg 300w\" sizes=\"auto, (max-width: 600px) 100vw, 600px\" \/><\/a><\/p>\n<h2 class=\"sw_s1_offer_program_title\">Program<\/h2>\n<p><strong>1. nap: Budapest \u2013 Melk \u2013 Grein \u2013 Linz<\/strong><\/p>\n<p>Indul\u00e1s Budapestr\u0151l reggel 6 \u00f3rakor. Aut\u00f3buszos utaz\u00e1s\u00a0<strong>Melkbe<\/strong>, ahol megn\u00e9zz\u00fck a h\u00edres, benc\u00e9s ap\u00e1ts\u00e1got: m\u00e1rv\u00e1nyterem, k\u00f6nyvt\u00e1r, templom, m\u00fazeum. Tov\u00e1bbutaz\u00e1s a sz\u00e9ps\u00e9ges Strudenben fekv\u0151 b\u00e1jos\u00a0<strong>Grein\u00a0<\/strong>v\u00e1rosk\u00e1ba, ahol felkeress\u00fck a Sz\u00e1sz-Coburg-Gotha csal\u00e1d kast\u00e9ly\u00e1t, megn\u00e9zz\u00fck az \u00e1rk\u00e1dos udvart, a gy\u00e9m\u00e1ntos boltozatot, a lovagtermet \u00e9s a v\u00e1rk\u00e1poln\u00e1t. Innen az eg\u00e9sz Duna egyik legszebb pontj\u00e1ra,\u00a0<strong>Schl\u00f6genbe\u00a0<\/strong>utazunk, \u00e9s elfoglaljuk szob\u00e1inkat a par\u00e1d\u00e9s wellness hotelben, elfogyasztjuk vacsor\u00e1nkat az elk\u00e9peszt\u0151 panor\u00e1m\u00e1val rendelkez\u0151 teraszon.<\/p>\n<p style=\"text-align: justify;\"><img loading=\"lazy\" decoding=\"async\" class=\" wp-image-2830 aligncenter\" src=\"https:\/\/www.goforgo.hu\/wp-content\/uploads\/2017\/01\/melk.jpg\" alt=\"melk\" width=\"703\" height=\"397\" srcset=\"https:\/\/www.goforgo.hu\/wp-content\/uploads\/2017\/01\/melk.jpg 620w, https:\/\/www.goforgo.hu\/wp-content\/uploads\/2017\/01\/melk-300x169.jpg 300w\" sizes=\"auto, (max-width: 703px) 100vw, 703px\" \/><\/p>\n<p style=\"text-align: justify;\"><strong>2. nap: S<\/strong><strong>chl\u00f6gen \u2013 Passau \u2013 Donauschlinge \u2013 Linz<\/strong><\/p>\n<p>Reggeli ut\u00e1n\u00a0<strong>Passauba<\/strong>\u00a0utazunk. V\u00e1rosn\u00e9z\u00e9s\u00fcnk sor\u00e1n felkeress\u00fck a d\u00f3mot, mely a vil\u00e1g egyik legnagyobb orgon\u00e1j\u00e1nak is helyet ad, Gizella kir\u00e1lyn\u00e9nk s\u00edrj\u00e1t, majd az \u00f3v\u00e1ros b\u00e1jos utc\u00e1csk\u00e1iban s\u00e9t\u00e1lva eljutunk az Inn, az Ilz \u00e9s a Duna \u00f6sszefoly\u00e1s\u00e1hoz. Behaj\u00f3z\u00e1s ut\u00e1n elindulunk haj\u00f3nkkal v\u00f6lgymenetben a 2225-\u00f6s folyamkilom\u00e9tert\u0151l. A n\u00e9met-osztr\u00e1k hat\u00e1rszakaszon el\u00e9rj\u00fck a\u00a0<strong>jochensteini<\/strong>\u00a0v\u00edzl\u00e9pcs\u0151t. Els\u0151 zsilipel\u00e9s\u00fcnk ut\u00e1n osztr\u00e1k ter\u00fcletre \u00e9rve nekiv\u00e1gunk a Duna legfest\u0151ibb szakasz\u00e1nak, \u00e1thaladunk a haj\u00f3zhat\u00f3 r\u00e9szt tekintve legkisebb sugar\u00fa kanyaron, a\u00a0<strong>Donauschling\u00e9n<\/strong>\u00a0(Duna-hurok). T\u00f6bb mint 40 km-en \u00e1t haj\u00f3zunk erd\u0151s hegyek k\u00f6z\u00f6tt, ki\u00e9rve a w\u00f6rth-i s\u00edkra m\u00e9g k\u00e9tszer zsilipel\u00fcnk: Aschachn\u00e1l, majd az ottensheimi kast\u00e9ly felett. Kora este el\u00e9rj\u00fck\u00a0<strong>Linzet\u00a0<\/strong>(2135-\u00f6s fkm). A zsilipek \u00e1ltal meghat\u00e1rozott \u00e9rkez\u00e9si id\u0151t\u0151l f\u00fcgg\u0151en s\u00e9ta a f\u0151t\u00e9r k\u00f6rny\u00e9k\u00e9n: Sz\u00e1ll\u00e1s \u00e9s vacsora egy Duna parti hotelben.<\/p>\n<p style=\"text-align: justify;\"><a href=\"https:\/\/www.goforgo.hu\/index.php\/budapest-passau-hajoval\/passau_altstadt_panorama_5\/\" rel=\"attachment wp-att-2825\"><img loading=\"lazy\" decoding=\"async\" class=\"alignnone size-large wp-image-2825\" src=\"https:\/\/www.goforgo.hu\/wp-content\/uploads\/2017\/01\/Passau_Altstadt_Panorama_5-1024x327.jpg\" alt=\"Passau_Altstadt_Panorama_5\" width=\"1024\" height=\"327\" srcset=\"https:\/\/www.goforgo.hu\/wp-content\/uploads\/2017\/01\/Passau_Altstadt_Panorama_5-1024x327.jpg 1024w, https:\/\/www.goforgo.hu\/wp-content\/uploads\/2017\/01\/Passau_Altstadt_Panorama_5-300x96.jpg 300w, https:\/\/www.goforgo.hu\/wp-content\/uploads\/2017\/01\/Passau_Altstadt_Panorama_5-768x246.jpg 768w\" sizes=\"auto, (max-width: 1024px) 100vw, 1024px\" \/><\/a><\/p>\n<p>3.\u00a0<strong>nap: Linz \u2013 Wallsee \u2013 Maria Taferl \u2013 Wachau \u2013 D\u00fcrnstein \u2013 Krems<\/strong><\/p>\n<p>Reggeli ut\u00e1n aut\u00f3busszal Wallsee-be (2093-as fkm) utazunk, itt sz\u00e1llunk fel haj\u00f3nkra. Hamarosan el\u00e9rj\u00fck a Fels\u0151-Duna egyik legszebb szakasz\u00e1t, a Struden-t, az egykor h\u00edrhedten vesz\u00e9lyes v\u00edziutat, a Duna erd\u0151kkel, hegyekkel k\u00f6rbevett sz\u0171k\u00fclet\u00e9t. A v\u00edzr\u0151l pomp\u00e1s r\u00e1l\u00e1t\u00e1s ny\u00edlik Werfenstein v\u00e1r\u00e1ra, Greinburg els\u0151 nap felkeresett kast\u00e9ly\u00e1ra. Mire kit\u00e1gul el\u0151tt\u00fcnk a k\u00f6rny\u00e9k el\u00e9rj\u00fck az els\u0151 nap m\u00e1r megismert ybbs-i v\u00edzl\u00e9pcs\u0151t, majd kik\u00f6t\u00fcnk Marbachban. Aut\u00f3busszal\u00a0<strong>Artstettenbe<\/strong>\u00a0utazunk, ahol a Szarajev\u00f3ban meggyilkolt Ferenc Ferdin\u00e1nd tr\u00f3n\u00f6r\u00f6k\u00f6s csod\u00e1latos kast\u00e9ly\u00e1t n\u00e9zz\u00fck meg t\u00e1rlatvezet\u00e9ssel, \u00e9s felkeress\u00fck az itteni Habsburg csal\u00e1di kript\u00e1t is, majd megtekinthetj\u00fck a kast\u00e9lyparkot. Emmersdorfban visszasz\u00e1llunk haj\u00f3nkra, \u00e9s kisv\u00e1rtatva el\u00e9rj\u00fck a Duna \u2013 a Vaskapu mellett \u2013 legh\u00edresebb szakasz\u00e1t, a\u00a0<strong>Wachaut<\/strong>. Ahogy a melki ap\u00e1ts\u00e1g leny\u0171g\u00f6z\u0151 \u00e9p\u00fclete t\u00e1volodik, \u00fagy t\u0171nik fel\u00a0<strong>Sch\u00f6nb\u00fchel<\/strong>\u00a0kast\u00e9lya, a Duna mente egyik legjellemz\u0151bb \u00e9p\u00fcletegy\u00fcttese, majd<strong>\u00a0Aggsbach Dorfban<\/strong>\u00a0kik\u00f6t\u00fcnk, s buszunkkal felmegy\u00fcnk a hegycs\u00facson magasl\u00f3\u00a0<strong>Aggstein<\/strong>\u00a0v\u00e1r\u00e1hoz, ahonnan pazar panor\u00e1ma t\u00e1rul el\u00e9nk. Haj\u00f3nkra visszasz\u00e1llva a h\u00edres borterm\u0151 vid\u00e9k sz\u0151l\u0151s hegyoldalai k\u00f6z\u00f6tt haj\u00f3zunk Kremsig (2002 fkm), innen aut\u00f3busszal sz\u00e1ll\u00e1sunkra Tullnba utazunk. Vacsora egy, a sz\u00e1llod\u00e1hoz k\u00f6zeli \u00e9tteremben.<\/p>\n<p style=\"text-align: justify;\"><a href=\"https:\/\/www.goforgo.hu\/index.php\/budapest-passau-hajoval\/aggstein\/\" rel=\"attachment wp-att-2823\"><img loading=\"lazy\" decoding=\"async\" class=\"alignnone size-large wp-image-2823\" src=\"https:\/\/www.goforgo.hu\/wp-content\/uploads\/2017\/01\/Aggstein-1024x563.jpg\" alt=\"Aggstein\" width=\"1024\" height=\"563\" srcset=\"https:\/\/www.goforgo.hu\/wp-content\/uploads\/2017\/01\/Aggstein-1024x563.jpg 1024w, https:\/\/www.goforgo.hu\/wp-content\/uploads\/2017\/01\/Aggstein-300x165.jpg 300w, https:\/\/www.goforgo.hu\/wp-content\/uploads\/2017\/01\/Aggstein-768x422.jpg 768w, https:\/\/www.goforgo.hu\/wp-content\/uploads\/2017\/01\/Aggstein.jpg 1600w\" sizes=\"auto, (max-width: 1024px) 100vw, 1024px\" \/><\/a><\/p>\n<p>4.\u00a0<strong>nap: Krems \u2013 Klosterneuburg \u2013 Tulln \u2013 Hainburg \u2013 Pozsony<\/strong><\/p>\n<p>Reggeli ut\u00e1n aut\u00f3busszal\u00a0<strong>Klosterneuburgba<\/strong>\u00a0utazunk, megcsod\u00e1ljuk az ausztriai Habsburgok \u201eEscorial-j\u00e1nak\u201d elk\u00e9pzelt \u00c1goston-rendi kolostort, majd\u00a0<strong>Tullnba<\/strong>\u00a0utazunk. Itt az Attila hun vez\u00e9r l\u00e1nyk\u00e9r\u00e9s\u00e9t \u00e1br\u00e1zol\u00f3 szoborcsoportn\u00e1l haj\u00f3ra sz\u00e1llunk (1964-es fkm). R\u00f6videsen zsilipel\u00fcnk Greifensteinn\u00e9l, majd el\u00e9rj\u00fck B\u00e9cset. \u00c1thaj\u00f3zunk az osztr\u00e1k f\u0151v\u00e1roson, annak sz\u00e1mtalan h\u00eddja alatt, l\u00e1tva a modern B\u00e9cs felh\u0151karcol\u00f3it. Freudenaun\u00e1l \u00fajabb zsilip, majd a nagyon sebes \u201eb\u00e9csi Dun\u00e1n\u201d gyorsan k\u00f6zeled\u00fcnk a K\u00e1rp\u00e1t-medence fel\u00e9. Hainburgn\u00e1l b\u00facs\u00fazunk Ausztri\u00e1t\u00f3l, csup\u00e1n egyetlen kanyar, \u00e9s felett\u00fcnk, a szikl\u00e1kon ott \u00e1ll D\u00e9v\u00e9ny v\u00e1ra. Ez a Porta Hungarica. Kisv\u00e1rtatva felt\u0171nik\u00a0<strong>Pozsony<\/strong>, itt kik\u00f6t\u00fcnk 1868-as fkm), \u00e9s s\u00e9t\u00e1t tesz\u00fcnk az \u00f3v\u00e1rosban: a koron\u00e1z\u00f3 sz\u00e9kesegyh\u00e1z, a reformkori orsz\u00e1ggy\u0171l\u00e9sek h\u00e1za, a t\u0171ztorony \u00e9s megannyi m\u00e1s l\u00e1tnival\u00f3 egykori f\u0151v\u00e1rosunkban. Sz\u00e1ll\u00e1s Pozsony \u00e9szaki r\u00e9sz\u00e9n.<\/p>\n<p style=\"text-align: justify;\"><a href=\"https:\/\/www.goforgo.hu\/index.php\/budapest-passau-hajoval\/pozsony-4\/\" rel=\"attachment wp-att-2822\"><img loading=\"lazy\" decoding=\"async\" class=\"alignnone size-full wp-image-2822\" src=\"https:\/\/www.goforgo.hu\/wp-content\/uploads\/2017\/01\/Pozsony.jpg\" alt=\"Pozsony\" width=\"960\" height=\"601\" srcset=\"https:\/\/www.goforgo.hu\/wp-content\/uploads\/2017\/01\/Pozsony.jpg 960w, https:\/\/www.goforgo.hu\/wp-content\/uploads\/2017\/01\/Pozsony-300x188.jpg 300w, https:\/\/www.goforgo.hu\/wp-content\/uploads\/2017\/01\/Pozsony-768x481.jpg 768w\" sizes=\"auto, (max-width: 960px) 100vw, 960px\" \/><\/a><\/p>\n<ol start=\"5\">\n<li><strong>nap: Pozsony \u2013 B\u0151s \u2013 Gy\u0151r \u2013 Budapest<\/strong><\/li>\n<\/ol>\n<p>Reggeli ut\u00e1n haj\u00f3ra sz\u00e1llva nekiv\u00e1gunk az utols\u00f3 100 km-nek. Pozsony alatt hamar el\u00e9rj\u00fck a b\u0151si duzzaszt\u00f3 felviz\u00e9t, a t\u00f3v\u00e1 sz\u00e9lesed\u0151 foly\u00f3n, majd az er\u0151m\u0171 \u00fczemv\u00edz csatorn\u00e1j\u00e1ban haj\u00f3zunk a zsilipig. \u00datk\u00f6zben megismerked\u00fcnk a\u00a0<strong>B\u0151s<\/strong>-nagymarosi V\u00edzl\u00e9pcs\u0151rendszer t\u00f6rt\u00e9net\u00e9vel, tervezett m\u0171k\u00f6d\u00e9s\u00e9vel, megval\u00f3sult r\u00e9sz\u00e9vel. Legnagyobb szintk\u00fcl\u00f6nbs\u00e9g\u0171 zsilipel\u00e9s\u00fcnk ut\u00e1n el\u00e9rj\u00fck a sebes Szigetk\u00f6zi-Dun\u00e1t. A Fels\u0151-Duna f\u00f6ldrajzi \u00e9rtelemben vett als\u00f3 pontj\u00e1n, G\u00f6ny\u00fcn\u00e9l (1794-es fkm) befordulunk a Mosoni-Dun\u00e1ba, a\u00a0<strong>v\u00e9neki<\/strong>\u00a0torkolati m\u0171n\u00e9l zsilipel\u00fcnk, majd felhaj\u00f3zunk Gy\u0151rbe (13-as fkm), a t\u00f6rt\u00e9nelmi belv\u00e1rosban kb. 16:30-kor kik\u00f6t\u00fcnk. Innen aut\u00f3busszal utazunk Budapestre.<\/p>\n<p style=\"text-align: justify;\"><strong>\u00a0<\/strong><\/p>\n<h1 style=\"text-align: center;\"><strong>R\u00e9szv\u00e9teli d\u00edj : 298 000 Ft\/f\u0151<\/strong><\/h1>\n<h3 class=\"sw_s1_extra_charges_title\">Fel\u00e1rak<\/h3>\n<table width=\"470\">\n<tbody>\n<tr>\n<td>Egy\u00e1gyas fel\u00e1r:<\/td>\n<td>78 600Ft\/f\u0151<\/td>\n<\/tr>\n<tr>\n<td>F\u00e9lpanzi\u00f3s fel\u00e1r:<\/td>\n<td>52 600 Ft<\/td>\n<\/tr>\n<tr>\n<td><\/td>\n<td><\/td>\n<\/tr>\n<tr>\n<td>Bel\u00e9p\u0151k:<\/td>\n<td>kb. 65 EUR.<\/td>\n<\/tr>\n<\/tbody>\n<\/table>\n<p><strong>A haj\u00f3:<\/strong> termes rendezv\u00e9nyhaj\u00f3, z\u00e1rt utast\u00e9rrel, nyitott fedett \u00e9s fedetlen fed\u00e9lzettel, n\u0151i-f\u00e9rfi WC-vel, b\u00fcf\u00e9vel, hideg \u00e9s meleg \u00e9telekkel, eb\u00e9del\u00e9si lehet\u0151s\u00e9ggel.\u00a0 A haj\u00f3n magyar vend\u00e9gl\u00e1t\u00f3hely m\u0171k\u00f6dik, \u00edgy forintban lehet fizetni.<\/p>\n","protected":false},"excerpt":{"rendered":"<p>R\u00e9szletek: Id\u0151pont: 2026. j\u00fanius 1-5.\u00a0Utols\u00f3 hely! Elhelyez\u00e9s: sz\u00e1llod\u00e1ban***, 2-3 \u00e1gyas f\u00fcrd\u0151szob\u00e1s szob\u00e1kban Ell\u00e1t\u00e1s: reggeli, vagy f\u00e9lpanzi\u00f3 Utaz\u00e1s: haj\u00f3val \u00e9s aut\u00f3busszal R\u00e9szv\u00e9teli d\u00edj: 298 000 Ft\/f\u0151\u00a0 Ebb\u0151l kik\u00f6t\u0151i illet\u00e9k: 32 000 Ft\/f\u0151 \u00datlemond\u00e1si biztos\u00edt\u00e1s: a befizetett d\u00edjak 2,5 \u2013 3,5 %-a Utasbiztos\u00edt\u00e1s: 3 300 Ft\/f\u0151 Program 1. nap: Budapest \u2013 Melk \u2013 Grein \u2013 Linz Indul\u00e1s Budapestr\u0151l reggel 6 \u00f3rakor. Aut\u00f3buszos utaz\u00e1s\u00a0Melkbe, ahol megn\u00e9zz\u00fck a h\u00edres, benc\u00e9s ap\u00e1ts\u00e1got: m\u00e1rv\u00e1nyterem, k\u00f6nyvt\u00e1r, templom, m\u00fazeum. Tov\u00e1bbutaz\u00e1s a sz\u00e9ps\u00e9ges Strudenben fekv\u0151 b\u00e1jos\u00a0Grein\u00a0v\u00e1rosk\u00e1ba, ahol felkeress\u00fck a Sz\u00e1sz-Coburg-Gotha csal\u00e1d kast\u00e9ly\u00e1t, megn\u00e9zz\u00fck az \u00e1rk\u00e1dos udvart, a gy\u00e9m\u00e1ntos boltozatot, a lovagtermet \u00e9s a v\u00e1rk\u00e1poln\u00e1t. Innen az eg\u00e9sz Duna egyik legszebb pontj\u00e1ra,\u00a0Schl\u00f6genbe\u00a0utazunk, \u00e9s elfoglaljuk szob\u00e1inkat a par\u00e1d\u00e9s wellness hotelben, elfogyasztjuk vacsor\u00e1nkat az elk\u00e9peszt\u0151 panor\u00e1m\u00e1val rendelkez\u0151 teraszon. 2. nap: Schl\u00f6gen \u2013 Passau \u2013 Donauschlinge \u2013 Linz Reggeli ut\u00e1n\u00a0Passauba\u00a0utazunk. V\u00e1rosn\u00e9z\u00e9s\u00fcnk sor\u00e1n felkeress\u00fck a d\u00f3mot, mely a vil\u00e1g egyik legnagyobb orgon\u00e1j\u00e1nak is helyet ad, Gizella kir\u00e1lyn\u00e9nk s\u00edrj\u00e1t, majd az \u00f3v\u00e1ros b\u00e1jos utc\u00e1csk\u00e1iban s\u00e9t\u00e1lva eljutunk az Inn, az Ilz \u00e9s a Duna \u00f6sszefoly\u00e1s\u00e1hoz. Behaj\u00f3z\u00e1s ut\u00e1n elindulunk haj\u00f3nkkal v\u00f6lgymenetben a 2225-\u00f6s folyamkilom\u00e9tert\u0151l. A n\u00e9met-osztr\u00e1k hat\u00e1rszakaszon el\u00e9rj\u00fck a\u00a0jochensteini\u00a0v\u00edzl\u00e9pcs\u0151t. Els\u0151 zsilipel\u00e9s\u00fcnk ut\u00e1n osztr\u00e1k ter\u00fcletre \u00e9rve nekiv\u00e1gunk a Duna legfest\u0151ibb szakasz\u00e1nak, \u00e1thaladunk a haj\u00f3zhat\u00f3 r\u00e9szt tekintve legkisebb sugar\u00fa kanyaron, a\u00a0Donauschling\u00e9n\u00a0(Duna-hurok). T\u00f6bb mint 40 km-en \u00e1t haj\u00f3zunk erd\u0151s hegyek k\u00f6z\u00f6tt, ki\u00e9rve a w\u00f6rth-i s\u00edkra m\u00e9g k\u00e9tszer zsilipel\u00fcnk: Aschachn\u00e1l, majd az ottensheimi kast\u00e9ly felett. Kora este el\u00e9rj\u00fck\u00a0Linzet\u00a0(2135-\u00f6s fkm). A zsilipek \u00e1ltal meghat\u00e1rozott \u00e9rkez\u00e9si id\u0151t\u0151l f\u00fcgg\u0151en s\u00e9ta a f\u0151t\u00e9r k\u00f6rny\u00e9k\u00e9n: Sz\u00e1ll\u00e1s \u00e9s vacsora egy Duna parti hotelben. 3.\u00a0nap: Linz \u2013 Wallsee \u2013 Maria Taferl \u2013 Wachau \u2013 D\u00fcrnstein \u2013 Krems Reggeli ut\u00e1n aut\u00f3busszal Wallsee-be (2093-as fkm) utazunk, itt sz\u00e1llunk fel haj\u00f3nkra. Hamarosan el\u00e9rj\u00fck a Fels\u0151-Duna egyik legszebb szakasz\u00e1t, a Struden-t, az egykor h\u00edrhedten vesz\u00e9lyes v\u00edziutat, a Duna erd\u0151kkel, hegyekkel k\u00f6rbevett sz\u0171k\u00fclet\u00e9t. A v\u00edzr\u0151l pomp\u00e1s r\u00e1l\u00e1t\u00e1s ny\u00edlik Werfenstein v\u00e1r\u00e1ra, Greinburg els\u0151 nap felkeresett kast\u00e9ly\u00e1ra. Mire kit\u00e1gul el\u0151tt\u00fcnk a k\u00f6rny\u00e9k el\u00e9rj\u00fck az els\u0151 nap m\u00e1r megismert ybbs-i v\u00edzl\u00e9pcs\u0151t, majd kik\u00f6t\u00fcnk Marbachban. Aut\u00f3busszal\u00a0Artstettenbe\u00a0utazunk, ahol a Szarajev\u00f3ban meggyilkolt Ferenc Ferdin\u00e1nd tr\u00f3n\u00f6r\u00f6k\u00f6s csod\u00e1latos kast\u00e9ly\u00e1t n\u00e9zz\u00fck meg t\u00e1rlatvezet\u00e9ssel, \u00e9s felkeress\u00fck az itteni Habsburg csal\u00e1di kript\u00e1t is, majd megtekinthetj\u00fck a kast\u00e9lyparkot. Emmersdorfban visszasz\u00e1llunk haj\u00f3nkra, \u00e9s kisv\u00e1rtatva el\u00e9rj\u00fck a Duna \u2013 a Vaskapu mellett \u2013 legh\u00edresebb szakasz\u00e1t, a\u00a0Wachaut. Ahogy a melki ap\u00e1ts\u00e1g leny\u0171g\u00f6z\u0151 \u00e9p\u00fclete t\u00e1volodik, \u00fagy t\u0171nik fel\u00a0Sch\u00f6nb\u00fchel\u00a0kast\u00e9lya, a Duna mente egyik legjellemz\u0151bb \u00e9p\u00fcletegy\u00fcttese, majd\u00a0Aggsbach Dorfban\u00a0kik\u00f6t\u00fcnk, s buszunkkal felmegy\u00fcnk a hegycs\u00facson magasl\u00f3\u00a0Aggstein\u00a0v\u00e1r\u00e1hoz, ahonnan pazar panor\u00e1ma t\u00e1rul el\u00e9nk. Haj\u00f3nkra visszasz\u00e1llva a h\u00edres borterm\u0151 vid\u00e9k sz\u0151l\u0151s hegyoldalai k\u00f6z\u00f6tt haj\u00f3zunk Kremsig (2002 fkm), innen aut\u00f3busszal sz\u00e1ll\u00e1sunkra Tullnba utazunk. Vacsora egy, a sz\u00e1llod\u00e1hoz k\u00f6zeli \u00e9tteremben. 4.\u00a0nap: Krems \u2013 Klosterneuburg \u2013 Tulln \u2013 Hainburg \u2013 Pozsony Reggeli ut\u00e1n aut\u00f3busszal\u00a0Klosterneuburgba\u00a0utazunk, megcsod\u00e1ljuk az ausztriai Habsburgok \u201eEscorial-j\u00e1nak\u201d elk\u00e9pzelt \u00c1goston-rendi kolostort, majd\u00a0Tullnba\u00a0utazunk. Itt az Attila hun vez\u00e9r l\u00e1nyk\u00e9r\u00e9s\u00e9t \u00e1br\u00e1zol\u00f3 szoborcsoportn\u00e1l haj\u00f3ra sz\u00e1llunk (1964-es fkm). R\u00f6videsen zsilipel\u00fcnk Greifensteinn\u00e9l, majd el\u00e9rj\u00fck B\u00e9cset. \u00c1thaj\u00f3zunk az osztr\u00e1k f\u0151v\u00e1roson, annak sz\u00e1mtalan h\u00eddja alatt, l\u00e1tva a modern B\u00e9cs felh\u0151karcol\u00f3it. Freudenaun\u00e1l \u00fajabb zsilip, majd a nagyon sebes \u201eb\u00e9csi Dun\u00e1n\u201d gyorsan k\u00f6zeled\u00fcnk a K\u00e1rp\u00e1t-medence fel\u00e9. Hainburgn\u00e1l b\u00facs\u00fazunk Ausztri\u00e1t\u00f3l, csup\u00e1n egyetlen kanyar, \u00e9s felett\u00fcnk, a szikl\u00e1kon ott \u00e1ll D\u00e9v\u00e9ny v\u00e1ra. Ez a Porta Hungarica. Kisv\u00e1rtatva felt\u0171nik\u00a0Pozsony, itt kik\u00f6t\u00fcnk 1868-as fkm), \u00e9s s\u00e9t\u00e1t tesz\u00fcnk az \u00f3v\u00e1rosban: a koron\u00e1z\u00f3 sz\u00e9kesegyh\u00e1z, a reformkori orsz\u00e1ggy\u0171l\u00e9sek h\u00e1za, a t\u0171ztorony \u00e9s megannyi m\u00e1s l\u00e1tnival\u00f3 egykori f\u0151v\u00e1rosunkban. Sz\u00e1ll\u00e1s Pozsony \u00e9szaki r\u00e9sz\u00e9n. nap: Pozsony \u2013 B\u0151s \u2013 Gy\u0151r \u2013 Budapest Reggeli ut\u00e1n haj\u00f3ra sz\u00e1llva nekiv\u00e1gunk az utols\u00f3 100 km-nek. Pozsony alatt hamar el\u00e9rj\u00fck a b\u0151si duzzaszt\u00f3 felviz\u00e9t, a t\u00f3v\u00e1 sz\u00e9lesed\u0151 foly\u00f3n, majd az er\u0151m\u0171 \u00fczemv\u00edz csatorn\u00e1j\u00e1ban haj\u00f3zunk a zsilipig. \u00datk\u00f6zben megismerked\u00fcnk a\u00a0B\u0151s-nagymarosi V\u00edzl\u00e9pcs\u0151rendszer t\u00f6rt\u00e9net\u00e9vel, tervezett m\u0171k\u00f6d\u00e9s\u00e9vel, megval\u00f3sult r\u00e9sz\u00e9vel. Legnagyobb szintk\u00fcl\u00f6nbs\u00e9g\u0171 zsilipel\u00e9s\u00fcnk ut\u00e1n el\u00e9rj\u00fck a sebes Szigetk\u00f6zi-Dun\u00e1t. A Fels\u0151-Duna f\u00f6ldrajzi \u00e9rtelemben vett als\u00f3 pontj\u00e1n, G\u00f6ny\u00fcn\u00e9l (1794-es fkm) befordulunk a Mosoni-Dun\u00e1ba, a\u00a0v\u00e9neki\u00a0torkolati m\u0171n\u00e9l zsilipel\u00fcnk, majd felhaj\u00f3zunk Gy\u0151rbe (13-as fkm), a t\u00f6rt\u00e9nelmi belv\u00e1rosban kb. 16:30-kor kik\u00f6t\u00fcnk. Innen aut\u00f3busszal utazunk Budapestre. \u00a0 R\u00e9szv\u00e9teli d\u00edj : 298 000 Ft\/f\u0151 Fel\u00e1rak Egy\u00e1gyas fel\u00e1r: 78 600Ft\/f\u0151 F\u00e9lpanzi\u00f3s fel\u00e1r: 52 600 Ft Bel\u00e9p\u0151k: kb. 65 EUR. A haj\u00f3: termes rendezv\u00e9nyhaj\u00f3, z\u00e1rt utast\u00e9rrel, nyitott fedett \u00e9s fedetlen fed\u00e9lzettel, n\u0151i-f\u00e9rfi WC-vel, b\u00fcf\u00e9vel, hideg \u00e9s meleg \u00e9telekkel, eb\u00e9del\u00e9si lehet\u0151s\u00e9ggel.\u00a0 A haj\u00f3n magyar vend\u00e9gl\u00e1t\u00f3hely m\u0171k\u00f6dik, \u00edgy forintban lehet fizetni.<\/p>\n","protected":false},"author":1,"featured_media":0,"parent":0,"menu_order":0,"comment_status":"closed","ping_status":"closed","template":"","meta":{"footnotes":""},"class_list":["post-2829","page","type-page","status-publish","hentry"],"_links":{"self":[{"href":"https:\/\/www.goforgo.hu\/index.php\/wp-json\/wp\/v2\/pages\/2829","targetHints":{"allow":["GET"]}}],"collection":[{"href":"https:\/\/www.goforgo.hu\/index.php\/wp-json\/wp\/v2\/pages"}],"about":[{"href":"https:\/\/www.goforgo.hu\/index.php\/wp-json\/wp\/v2\/types\/page"}],"author":[{"embeddable":true,"href":"https:\/\/www.goforgo.hu\/index.php\/wp-json\/wp\/v2\/users\/1"}],"replies":[{"embeddable":true,"href":"https:\/\/www.goforgo.hu\/index.php\/wp-json\/wp\/v2\/comments?post=2829"}],"version-history":[{"count":10,"href":"https:\/\/www.goforgo.hu\/index.php\/wp-json\/wp\/v2\/pages\/2829\/revisions"}],"predecessor-version":[{"id":7896,"href":"https:\/\/www.goforgo.hu\/index.php\/wp-json\/wp\/v2\/pages\/2829\/revisions\/7896"}],"wp:attachment":[{"href":"https:\/\/www.goforgo.hu\/index.php\/wp-json\/wp\/v2\/media?parent=2829"}],"curies":[{"name":"wp","href":"https:\/\/api.w.org\/{rel}","templated":true}]}}