{"id":2855,"date":"2017-01-19T19:04:18","date_gmt":"2017-01-19T19:04:18","guid":{"rendered":"http:\/\/www.goforgo.hu\/?page_id=2855"},"modified":"2017-01-19T19:20:30","modified_gmt":"2017-01-19T19:20:30","slug":"budapest-duna-delta-budapest-hajout","status":"publish","type":"page","link":"https:\/\/www.goforgo.hu\/index.php\/budapest-duna-delta-budapest-hajout\/","title":{"rendered":"Budapest &#8211; Duna-delta &#8211; Budapest haj\u00f3\u00fat"},"content":{"rendered":"<p class=\"western\"><strong>Id\u0151pont:\u00a0<\/strong>2017.m\u00e1jus.15-29. (15 nap\/14 \u00e9jszaka)<\/p>\n<p><strong>Elhelyez\u00e9s<\/strong>: 2 \u00e1gyas kabinok a haj\u00f3n<\/p>\n<p><strong>Utaz\u00e1s<\/strong>: k\u00e9nyelmes l\u00e9gkondicion\u00e1lt aut\u00f3busszal, haj\u00f3val<\/p>\n<p><strong>\u00fatvonal:<\/strong><\/p>\n<div class=\"sw_s1_region\">B\u00e1cska, B\u00e1n\u00e1t, Szer\u00e9ms\u00e9g, Duna-\u00e1tt\u00f6r\u00e9s, Duna-delta, Baranya megye, Havasalf\u00f6ld<\/div>\n<div class=\"sw_s1_city\">Galamb\u00f3c, P\u00e9terv\u00e1rad, \u00dajvid\u00e9k, Szendr\u0151, Esz\u00e9k<\/div>\n<p><strong>Ell\u00e1t\u00e1s: <\/strong>f\u00e9lpanzi\u00f3<\/p>\n<p><strong>\u00a0<a href=\"https:\/\/www.goforgo.hu\/index.php\/budapest-duna-delta-budapest-hajout\/08_donau_delta__intensiv_2015_anzeigen\/\" rel=\"attachment wp-att-2864\"><img loading=\"lazy\" decoding=\"async\" class=\"wp-image-2864 aligncenter\" src=\"https:\/\/www.goforgo.hu\/wp-content\/uploads\/2017\/01\/08_Donau_delta__Intensiv_2015_Anzeigen-1024x597.jpg\" alt=\"08_Donau_delta__Intensiv_2015_Anzeigen\" width=\"685\" height=\"400\" \/><\/a><\/strong><\/p>\n<div class=\"sw_s1_offer_program\">\n<h2 class=\"sw_s1_offer_program_title\">Program<\/h2>\n<p>1. nap &#8211; <strong>Budapest<\/strong> &#8211; 22:00 &#8211; Besz\u00e1ll\u00e1s a haj\u00f3ba 16:00 \u00f3r\u00e1t\u00f3l<\/p>\n<p>2. nap &#8211; <strong>Moh\u00e1cs<\/strong> &#8211; 08:00 &#8211; 16:00 &#8211; Kir\u00e1ndul\u00e1s P\u00e9csre, Magyarorsz\u00e1g egyik legszebb v\u00e1ros\u00e1ba.<\/p>\n<p>3. nap &#8211; <strong>Belgr\u00e1d<\/strong> &#8211; 07:00 &#8211; 22:30 &#8211; V\u00e1rosn\u00e9z\u00e9s Belgr\u00e1dban, Topola \u00e9s Oplenac telep\u00fcl\u00e9sek megl\u00e1togat\u00e1sa. Esti kir\u00e1ndul\u00e1s Belgr\u00e1dban.<\/p>\n<p>4. nap &#8211; <strong>Vaskapu<\/strong> &#8211; \u00c1thaj\u00f3z\u00e1s a Vaskapun.<\/p>\n<p>5. nao &#8211; <strong>Giurgiu<\/strong> &#8211; 08:30 &#8211; 10:00 &#8211; L\u00e1togat\u00e1s Bukarestbe, A Parlament megn\u00e9z\u00e9se eb\u00e9dcsomaggal. <strong>Oltenita <\/strong>&#8211; 13:00 &#8211; 14:00<\/p>\n<p>6. nap &#8211; <strong>Wilkowo<\/strong> &#8211; 10:30 &#8211; 17:00 &#8211; \u00c9rkez\u00e9s a Duna-Delt\u00e1hoz \u00e9s a null kilom\u00e9terhez.<\/p>\n<p style=\"text-align: center;\"><a href=\"https:\/\/www.goforgo.hu\/index.php\/budapest-duna-delta-budapest-hajout\/ms-maxima5\/\" rel=\"attachment wp-att-2863\"><img loading=\"lazy\" decoding=\"async\" class=\"alignnone size-full wp-image-2863\" src=\"https:\/\/www.goforgo.hu\/wp-content\/uploads\/2017\/01\/MS-Maxima5.jpg\" alt=\"MS Maxima5\" width=\"589\" height=\"402\" \/><\/a><\/p>\n<p>7. nap &#8211; <strong>Duna-delta<\/strong> &#8211; Eg\u00e9sz napos haj\u00f3z\u00e1s. A haj\u00f3r\u00f3l l\u00e1that\u00f3 az idilli Szent Gy\u00f6rgy-\u00e1g. \u00c9rkez\u00e9s a Fekete-tengerhez.<\/p>\n<p>8. nap &#8211; <strong>Rousse<\/strong> &#8211; 13:00 &#8211; 19:00 &#8211; V\u00e1rosn\u00e9z\u00e9s Rousseban, l\u00e1togat\u00e1s a N\u00e9prajzi M\u00fazeumban vagy a t\u00f6rt\u00e9nelmi Veliko Tarnovo \u00e9s a h\u00edres Arbanassi h\u00e1z megl\u00e1togat\u00e1sa.<\/p>\n<p>9. nap &#8211; <strong>Vidin<\/strong> &#8211; 14:00 &#8211; 19:00 &#8211; Utaz\u00e1s a gy\u00f6ny\u00f6r\u0171 bolg\u00e1r vid\u00e9kre, ahol csod\u00e1lats sziklaalakzatokat \u00e9s a v\u00f6r\u00f6s homokk\u0151b\u0151l \u00e1ll\u00f3 Belogradtschik l\u00e1that\u00f3.<\/p>\n<p>10. nap &#8211; <strong>Donji Milanovac<\/strong> &#8211; 09:30 &#8211; 14:00 &#8211; T\u00f6rt\u00e9nelem els\u0151 k\u00e9zb\u0151l, Lepenski Vir r\u00e9g\u00e9szeti lel\u0151hely \u00e9s m\u00fazeum megl\u00e1togat\u00e1sa.<\/p>\n<p style=\"text-align: center;\"><a href=\"https:\/\/www.goforgo.hu\/index.php\/budapest-duna-delta-budapest-hajout\/vikmax_01\/\" rel=\"attachment wp-att-2865\"><img loading=\"lazy\" decoding=\"async\" class=\"alignnone size-full wp-image-2865\" src=\"https:\/\/www.goforgo.hu\/wp-content\/uploads\/2017\/01\/vikmax_01.jpg\" alt=\"vikmax_01\" width=\"590\" height=\"220\" \/><\/a><\/p>\n<p>11. nap &#8211; <strong>\u00dajvid\u00e9k<\/strong> &#8211; 05:00 &#8211; V\u00e1rosn\u00e9z\u00e9s \u00dajvid\u00e9k sz\u00ednes \u00f3v\u00e1ros\u00e1ban. l\u00e1togat\u00e1s a h\u00edres Krusedol kolostorban. Kir\u00e1ndul\u00e1s Karl\u00f3c\u00e1n, s\u00e9ta a hangulatos v\u00e1rosban \u00e9s k\u00f3stol\u00f3 a helyi specialit\u00e1sokb\u00f3l.<\/p>\n<p>12. nap &#8211; <strong>\u00dajvid\u00e9k, Esz\u00e9k <\/strong>&#8211; 14:00 &#8211; 23:00 &#8211; Hangulatos esti szlav\u00f3niai kir\u00e1ndul\u00e1s b\u00f3rkostol\u00f3val.<\/p>\n<p>13. nap &#8211; <strong>Kalocsa<\/strong> &#8211; 12:30 &#8211; 20:00 &#8211; T\u00fara Kalocs\u00e1ra \u00e9s a Puszt\u00e1ra, hagyom\u00e1nyos lovasbemutat\u00f3val. Esti zen\u00e9s sz\u00f3rakoztat\u00f3 program a haj\u00f3 fed\u00e9lzet\u00e9n.<\/p>\n<p>14. nap &#8211; <strong>Budapest<\/strong> &#8211; 05:30 Budapesti v\u00e1rosn\u00e9z\u0151 s\u00e9ta \u00e9s utaz\u00e1s az eur\u00f3pai kontinens legr\u00e9gebbi metr\u00f3j\u00e1n. L\u00e1togat\u00e1s a P\u00e1l-v\u00f6lgyi barlangrendszerbe, ut\u00e1na l\u00e1togat\u00e1s a kil\u00e1t\u00f3ba, ahonnnan az eg\u00e9sz v\u00e1rost bel\u00e1tni. Zen\u00e9s est a haj\u00f3n.<\/p>\n<p>15. nap &#8211; <strong>Budapest<\/strong> &#8211; Kisz\u00e1ll\u00e1s a haj\u00f3b\u00f3l 09:30 \u00f3rakor.<\/p>\n<h2 class=\"sw_s1_offer_program_title\" style=\"text-align: center;\"><strong>R\u00e9szv\u00e9teli d\u00edj:<\/strong> 808 170 Ft\/f\u0151<\/h2>\n<p><a href=\"https:\/\/www.goforgo.hu\/index.php\/budapest-duna-delta-budapest-hajout\/ms-maxima2\/\" rel=\"attachment wp-att-2859\"><img loading=\"lazy\" decoding=\"async\" class=\"size-full wp-image-2859 aligncenter\" src=\"https:\/\/www.goforgo.hu\/wp-content\/uploads\/2017\/01\/MS-Maxima2.jpg\" alt=\"MS Maxima2\" width=\"922\" height=\"612\" \/><\/a><\/p>\n<p><strong>Egy\u00e1gyas fel\u00e1r<\/strong>: +90%, csak lek\u00e9r\u00e9sre<\/p>\n<p><strong>Baleset-, betegs\u00e9g-, poggy\u00e1szbiztos\u00edt\u00e1s: 550 Ft\/f\u0151\/nap<\/strong><\/p>\n<\/div>\n<p><strong>A r\u00e9szv\u00e9teli d\u00edj tartalmazza: <\/strong>idegenvezet\u00e9st, sz\u00e1ll\u00e1st a haj\u00f3n ablakos kabinban als\u00f3, k\u00f6z\u00e9p, illetve fels\u0151 fed\u00e9lzeten, teljes ell\u00e1t\u00e1st, a fed\u00e9lzeten tal\u00e1lhat\u00f3 legt\u00f6bb sport \u00e9s sz\u00f3rakoztat\u00f3 l\u00e9tes\u00edtm\u00e9nyek haszn\u00e1lat\u00e1t, kik\u00f6t\u0151i illet\u00e9ket<\/p>\n<p><strong>R\u00e9szv\u00e9teli d\u00edj nem tartalmazza: <\/strong>a kik\u00f6t\u0151be utaz\u00e1s k\u00f6lts\u00e9g\u00e9t, italokat, javasolt borraval\u00f3t (kb. 7 euro\/f\u0151\/\u00e9j), fakultat\u00edv kir\u00e1ndul\u00e1sokat, storn\u00f3 biztos\u00edt\u00e1st (4%), Baleset-, Betegs\u00e9g-, Poggy\u00e1szbiztos\u00edt\u00e1st, n\u00e9h\u00e1ny fed\u00e9lzeti l\u00e9tes\u00edtm\u00e9ny haszn\u00e1lat\u00e1t, szem\u00e9lyes kiad\u00e1sokat.<\/p>\n<p><strong>A haj\u00f3:<\/strong><\/p>\n<p>MS Maxima<br \/>\nBefogad\u00f3k\u00e9pess\u00e9ge: 180 utas<br \/>\nLeg\u00e9nys\u00e9g l\u00e9tsz\u00e1ma: 40 f\u0151<br \/>\nHossza: 126,7 m<br \/>\nSz\u00e9less\u00e9ge: 11,4 m<br \/>\n220 V<br \/>\nPanor\u00e1ma \u00e9tterem, b\u00e1r, aj\u00e1nd\u00e9kbolt, wellness, napoz\u00f3terasz.<\/p>\n<p><a href=\"https:\/\/www.goforgo.hu\/index.php\/budapest-duna-delta-budapest-hajout\/ms-maxima1\/\" rel=\"attachment wp-att-2858\"><img loading=\"lazy\" decoding=\"async\" class=\"alignnone  wp-image-2858\" src=\"https:\/\/www.goforgo.hu\/wp-content\/uploads\/2017\/01\/MS-Maxima1.jpg\" alt=\"MS Maxima1\" width=\"288\" height=\"225\" \/><\/a>\u00a0 \u00a0 \u00a0<a href=\"https:\/\/www.goforgo.hu\/index.php\/budapest-duna-delta-budapest-hajout\/ms-maxima3\/\" rel=\"attachment wp-att-2860\"><img loading=\"lazy\" decoding=\"async\" class=\"alignnone  wp-image-2860\" src=\"https:\/\/www.goforgo.hu\/wp-content\/uploads\/2017\/01\/MS-Maxima3.jpg\" alt=\"MS Maxima3\" width=\"337\" height=\"224\" \/><\/a><\/p>\n<h2 class=\"sw_s1_extra_charges_title\">Fel\u00e1rak<\/h2>\n<table class=\"sw_s1_extra_chargesn_table\" style=\"height: 185px;\" width=\"535\">\n<tbody>\n<tr>\n<th class=\"date\">kezd\u0151 d\u00e1tum<\/th>\n<th class=\"name\">szolg\u00e1ltat\u00e1s<\/th>\n<th class=\"price\">\u00e1r<\/th>\n<\/tr>\n<tr>\n<td class=\"date\">2017. m\u00e1jus 15.<\/td>\n<td class=\"name\">HD kabin fel\u00e1r<\/td>\n<td class=\"price\">66.000 Ft\/f\u0151<\/td>\n<\/tr>\n<tr>\n<td class=\"date\">2017. m\u00e1jus 15.<\/td>\n<td class=\"name\">MD kabin fel\u00e1r<\/td>\n<td class=\"price\">247.500 Ft\/f\u0151<\/td>\n<\/tr>\n<tr>\n<td class=\"date\">2017. m\u00e1jus 15.<\/td>\n<td class=\"name\">MV kabiin fel\u00e1r<\/td>\n<td class=\"price\">198.000 Ft\/f\u0151<\/td>\n<\/tr>\n<tr>\n<td class=\"date\">2017. m\u00e1jus 15.<\/td>\n<td class=\"name\">MX kabin fel\u00e1r<\/td>\n<td class=\"price\">165.000 Ft\/f\u0151<\/td>\n<\/tr>\n<tr>\n<td class=\"date\">2017. m\u00e1jus 15.<\/td>\n<td class=\"name\">Parti programok<\/td>\n<td class=\"price\">82.500 Ft\/f\u0151<\/td>\n<\/tr>\n<\/tbody>\n<\/table>\n<p><strong>Kabinok:<\/strong><\/p>\n<p><img loading=\"lazy\" decoding=\"async\" class=\"aligncenter\" src=\"http:\/\/www.hontours.hu\/data\/documents\/images\/original\/1\/2\/5\/1254c4666b56c0f9d2de6f3247798f17.jpg\" alt=\"\" width=\"650\" height=\"128\" \/><\/p>\n<p>HX kabinok: 301-304, 325-328.<br \/>\n16 m2, nem nyithat\u00f3 ablak, k\u00e9t k\u00fcl\u00f6n\u00e1ll\u00f3, de \u00f6sszetolhat\u00f3 \u00e1gy, zuhanyz\u00f3, WC, kl\u00edma, TV, minib\u00e1r.<\/p>\n<p>HD kabinok: 305-324<br \/>\n16 m2, nem nyithat\u00f3 ablak, k\u00e9t k\u00fcl\u00f6n\u00e1ll\u00f3, de \u00f6sszetolhat\u00f3 \u00e1gy, zuhanyz\u00f3, WC, kl\u00edma, TV, minib\u00e1r, telefon, hajsz\u00e1r\u00edt\u00f3, sz\u00e9f.<\/p>\n<p><img loading=\"lazy\" decoding=\"async\" class=\"aligncenter\" src=\"http:\/\/www.hontours.hu\/data\/documents\/images\/original\/8\/8\/1\/881ecf06ff675054ff1de5f83ade6239.jpg\" alt=\"\" width=\"650\" height=\"128\" \/><\/p>\n<p>MX kabinok: 239-244<br \/>\n16 m2, francia erk\u00e9ly, k\u00e9t k\u00fcl\u00f6n\u00e1ll\u00f3, de \u00f6sszetolhat\u00f3 \u00e1gy, zuhanyz\u00f3, WC, kl\u00edma, TV, minib\u00e1r, telefon, hajsz\u00e1r\u00edt\u00f3, sz\u00e9f.<\/p>\n<p>MV kabinok: 201-212<br \/>\n16 m2, francia erk\u00e9ly, k\u00e9t k\u00fcl\u00f6n\u00e1ll\u00f3, de \u00f6sszetolhat\u00f3 \u00e1gy, zuhanyz\u00f3, WC, kl\u00edma, TV, minib\u00e1r, telefon, hajsz\u00e1r\u00edt\u00f3, sz\u00e9f.<\/p>\n<p>MD kabinok: 213-238<br \/>\n16 m2, francia erk\u00e9ly, k\u00e9t k\u00fcl\u00f6n\u00e1ll\u00f3, de \u00f6sszetolhat\u00f3 \u00e1gy, zuhanyz\u00f3, WC, kl\u00edma, TV, minib\u00e1r, telefon, hajsz\u00e1r\u00edt\u00f3, sz\u00e9f.<\/p>\n<p><em>\u00a0<\/em><\/p>\n","protected":false},"excerpt":{"rendered":"<p>Id\u0151pont:\u00a02017.m\u00e1jus.15-29. (15 nap\/14 \u00e9jszaka) Elhelyez\u00e9s: 2 \u00e1gyas kabinok a haj\u00f3n Utaz\u00e1s: k\u00e9nyelmes l\u00e9gkondicion\u00e1lt aut\u00f3busszal, haj\u00f3val \u00fatvonal: B\u00e1cska, B\u00e1n\u00e1t, Szer\u00e9ms\u00e9g, Duna-\u00e1tt\u00f6r\u00e9s, Duna-delta, Baranya megye, Havasalf\u00f6ld Galamb\u00f3c, P\u00e9terv\u00e1rad, \u00dajvid\u00e9k, Szendr\u0151, Esz\u00e9k Ell\u00e1t\u00e1s: f\u00e9lpanzi\u00f3 \u00a0 Program 1. nap &#8211; Budapest &#8211; 22:00 &#8211; Besz\u00e1ll\u00e1s a haj\u00f3ba 16:00 \u00f3r\u00e1t\u00f3l 2. nap &#8211; Moh\u00e1cs &#8211; 08:00 &#8211; 16:00 &#8211; Kir\u00e1ndul\u00e1s P\u00e9csre, Magyarorsz\u00e1g egyik legszebb v\u00e1ros\u00e1ba. 3. nap &#8211; Belgr\u00e1d &#8211; 07:00 &#8211; 22:30 &#8211; V\u00e1rosn\u00e9z\u00e9s Belgr\u00e1dban, Topola \u00e9s Oplenac telep\u00fcl\u00e9sek megl\u00e1togat\u00e1sa. Esti kir\u00e1ndul\u00e1s Belgr\u00e1dban. 4. nap &#8211; Vaskapu &#8211; \u00c1thaj\u00f3z\u00e1s a Vaskapun. 5. nao &#8211; Giurgiu &#8211; 08:30 &#8211; 10:00 &#8211; L\u00e1togat\u00e1s Bukarestbe, A Parlament megn\u00e9z\u00e9se eb\u00e9dcsomaggal. Oltenita &#8211; 13:00 &#8211; 14:00 6. nap &#8211; Wilkowo &#8211; 10:30 &#8211; 17:00 &#8211; \u00c9rkez\u00e9s a Duna-Delt\u00e1hoz \u00e9s a null kilom\u00e9terhez. 7. nap &#8211; Duna-delta &#8211; Eg\u00e9sz napos haj\u00f3z\u00e1s. A haj\u00f3r\u00f3l l\u00e1that\u00f3 az idilli Szent Gy\u00f6rgy-\u00e1g. \u00c9rkez\u00e9s a Fekete-tengerhez. 8. nap &#8211; Rousse &#8211; 13:00 &#8211; 19:00 &#8211; V\u00e1rosn\u00e9z\u00e9s Rousseban, l\u00e1togat\u00e1s a N\u00e9prajzi M\u00fazeumban vagy a t\u00f6rt\u00e9nelmi Veliko Tarnovo \u00e9s a h\u00edres Arbanassi h\u00e1z megl\u00e1togat\u00e1sa. 9. nap &#8211; Vidin &#8211; 14:00 &#8211; 19:00 &#8211; Utaz\u00e1s a gy\u00f6ny\u00f6r\u0171 bolg\u00e1r vid\u00e9kre, ahol csod\u00e1lats sziklaalakzatokat \u00e9s a v\u00f6r\u00f6s homokk\u0151b\u0151l \u00e1ll\u00f3 Belogradtschik l\u00e1that\u00f3. 10. nap &#8211; Donji Milanovac &#8211; 09:30 &#8211; 14:00 &#8211; T\u00f6rt\u00e9nelem els\u0151 k\u00e9zb\u0151l, Lepenski Vir r\u00e9g\u00e9szeti lel\u0151hely \u00e9s m\u00fazeum megl\u00e1togat\u00e1sa. 11. nap &#8211; \u00dajvid\u00e9k &#8211; 05:00 &#8211; V\u00e1rosn\u00e9z\u00e9s \u00dajvid\u00e9k sz\u00ednes \u00f3v\u00e1ros\u00e1ban. l\u00e1togat\u00e1s a h\u00edres Krusedol kolostorban. Kir\u00e1ndul\u00e1s Karl\u00f3c\u00e1n, s\u00e9ta a hangulatos v\u00e1rosban \u00e9s k\u00f3stol\u00f3 a helyi specialit\u00e1sokb\u00f3l. 12. nap &#8211; \u00dajvid\u00e9k, Esz\u00e9k &#8211; 14:00 &#8211; 23:00 &#8211; Hangulatos esti szlav\u00f3niai kir\u00e1ndul\u00e1s b\u00f3rkostol\u00f3val. 13. nap &#8211; Kalocsa &#8211; 12:30 &#8211; 20:00 &#8211; T\u00fara Kalocs\u00e1ra \u00e9s a Puszt\u00e1ra, hagyom\u00e1nyos lovasbemutat\u00f3val. Esti zen\u00e9s sz\u00f3rakoztat\u00f3 program a haj\u00f3 fed\u00e9lzet\u00e9n. 14. nap &#8211; Budapest &#8211; 05:30 Budapesti v\u00e1rosn\u00e9z\u0151 s\u00e9ta \u00e9s utaz\u00e1s az eur\u00f3pai kontinens legr\u00e9gebbi metr\u00f3j\u00e1n. L\u00e1togat\u00e1s a P\u00e1l-v\u00f6lgyi barlangrendszerbe, ut\u00e1na l\u00e1togat\u00e1s a kil\u00e1t\u00f3ba, ahonnnan az eg\u00e9sz v\u00e1rost bel\u00e1tni. Zen\u00e9s est a haj\u00f3n. 15. nap &#8211; Budapest &#8211; Kisz\u00e1ll\u00e1s a haj\u00f3b\u00f3l 09:30 \u00f3rakor. R\u00e9szv\u00e9teli d\u00edj: 808 170 Ft\/f\u0151 Egy\u00e1gyas fel\u00e1r: +90%, csak lek\u00e9r\u00e9sre Baleset-, betegs\u00e9g-, poggy\u00e1szbiztos\u00edt\u00e1s: 550 Ft\/f\u0151\/nap A r\u00e9szv\u00e9teli d\u00edj tartalmazza: idegenvezet\u00e9st, sz\u00e1ll\u00e1st a haj\u00f3n ablakos kabinban als\u00f3, k\u00f6z\u00e9p, illetve fels\u0151 fed\u00e9lzeten, teljes ell\u00e1t\u00e1st, a fed\u00e9lzeten tal\u00e1lhat\u00f3 legt\u00f6bb sport \u00e9s sz\u00f3rakoztat\u00f3 l\u00e9tes\u00edtm\u00e9nyek haszn\u00e1lat\u00e1t, kik\u00f6t\u0151i illet\u00e9ket R\u00e9szv\u00e9teli d\u00edj nem tartalmazza: a kik\u00f6t\u0151be utaz\u00e1s k\u00f6lts\u00e9g\u00e9t, italokat, javasolt borraval\u00f3t (kb. 7 euro\/f\u0151\/\u00e9j), fakultat\u00edv kir\u00e1ndul\u00e1sokat, storn\u00f3 biztos\u00edt\u00e1st (4%), Baleset-, Betegs\u00e9g-, Poggy\u00e1szbiztos\u00edt\u00e1st, n\u00e9h\u00e1ny fed\u00e9lzeti l\u00e9tes\u00edtm\u00e9ny haszn\u00e1lat\u00e1t, szem\u00e9lyes kiad\u00e1sokat. A haj\u00f3: MS Maxima Befogad\u00f3k\u00e9pess\u00e9ge: 180 utas Leg\u00e9nys\u00e9g l\u00e9tsz\u00e1ma: 40 f\u0151 Hossza: 126,7 m Sz\u00e9less\u00e9ge: 11,4 m 220 V Panor\u00e1ma \u00e9tterem, b\u00e1r, aj\u00e1nd\u00e9kbolt, wellness, napoz\u00f3terasz. \u00a0 \u00a0 \u00a0 Fel\u00e1rak kezd\u0151 d\u00e1tum szolg\u00e1ltat\u00e1s \u00e1r 2017. m\u00e1jus 15. HD kabin fel\u00e1r 66.000 Ft\/f\u0151 2017. m\u00e1jus 15. MD kabin fel\u00e1r 247.500 Ft\/f\u0151 2017. m\u00e1jus 15. MV kabiin fel\u00e1r 198.000 Ft\/f\u0151 2017. m\u00e1jus 15. MX kabin fel\u00e1r 165.000 Ft\/f\u0151 2017. m\u00e1jus 15. Parti programok 82.500 Ft\/f\u0151 Kabinok: HX kabinok: 301-304, 325-328. 16 m2, nem nyithat\u00f3 ablak, k\u00e9t k\u00fcl\u00f6n\u00e1ll\u00f3, de \u00f6sszetolhat\u00f3 \u00e1gy, zuhanyz\u00f3, WC, kl\u00edma, TV, minib\u00e1r. HD kabinok: 305-324 16 m2, nem nyithat\u00f3 ablak, k\u00e9t k\u00fcl\u00f6n\u00e1ll\u00f3, de \u00f6sszetolhat\u00f3 \u00e1gy, zuhanyz\u00f3, WC, kl\u00edma, TV, minib\u00e1r, telefon, hajsz\u00e1r\u00edt\u00f3, sz\u00e9f. MX kabinok: 239-244 16 m2, francia erk\u00e9ly, k\u00e9t k\u00fcl\u00f6n\u00e1ll\u00f3, de \u00f6sszetolhat\u00f3 \u00e1gy, zuhanyz\u00f3, WC, kl\u00edma, TV, minib\u00e1r, telefon, hajsz\u00e1r\u00edt\u00f3, sz\u00e9f. MV kabinok: 201-212 16 m2, francia erk\u00e9ly, k\u00e9t k\u00fcl\u00f6n\u00e1ll\u00f3, de \u00f6sszetolhat\u00f3 \u00e1gy, zuhanyz\u00f3, WC, kl\u00edma, TV, minib\u00e1r, telefon, hajsz\u00e1r\u00edt\u00f3, sz\u00e9f. MD kabinok: 213-238 16 m2, francia erk\u00e9ly, k\u00e9t k\u00fcl\u00f6n\u00e1ll\u00f3, de \u00f6sszetolhat\u00f3 \u00e1gy, zuhanyz\u00f3, WC, kl\u00edma, TV, minib\u00e1r, telefon, hajsz\u00e1r\u00edt\u00f3, sz\u00e9f. \u00a0<\/p>\n","protected":false},"author":1,"featured_media":0,"parent":0,"menu_order":0,"comment_status":"closed","ping_status":"closed","template":"","meta":{"footnotes":""},"class_list":["post-2855","page","type-page","status-publish","hentry"],"_links":{"self":[{"href":"https:\/\/www.goforgo.hu\/index.php\/wp-json\/wp\/v2\/pages\/2855","targetHints":{"allow":["GET"]}}],"collection":[{"href":"https:\/\/www.goforgo.hu\/index.php\/wp-json\/wp\/v2\/pages"}],"about":[{"href":"https:\/\/www.goforgo.hu\/index.php\/wp-json\/wp\/v2\/types\/page"}],"author":[{"embeddable":true,"href":"https:\/\/www.goforgo.hu\/index.php\/wp-json\/wp\/v2\/users\/1"}],"replies":[{"embeddable":true,"href":"https:\/\/www.goforgo.hu\/index.php\/wp-json\/wp\/v2\/comments?post=2855"}],"version-history":[{"count":3,"href":"https:\/\/www.goforgo.hu\/index.php\/wp-json\/wp\/v2\/pages\/2855\/revisions"}],"predecessor-version":[{"id":2866,"href":"https:\/\/www.goforgo.hu\/index.php\/wp-json\/wp\/v2\/pages\/2855\/revisions\/2866"}],"wp:attachment":[{"href":"https:\/\/www.goforgo.hu\/index.php\/wp-json\/wp\/v2\/media?parent=2855"}],"curies":[{"name":"wp","href":"https:\/\/api.w.org\/{rel}","templated":true}]}}