{"id":30,"date":"2015-10-21T15:16:14","date_gmt":"2015-10-21T15:16:14","guid":{"rendered":"http:\/\/www.goforgo.hu\/?page_id=30"},"modified":"2024-10-22T11:09:55","modified_gmt":"2024-10-22T11:09:55","slug":"buszok","status":"publish","type":"page","link":"https:\/\/www.goforgo.hu\/index.php\/buszok\/","title":{"rendered":"Buszok"},"content":{"rendered":"<p class=\"style7\" align=\"center\">B\u00e9relhet\u0151 j\u00e1rm\u0171veink \u00e9s egy\u00e9b szolg\u00e1ltat\u00e1saink<\/p>\n<p class=\"bodytextcent style9\" align=\"center\"><strong><span style=\"font-size: x-large;\">aj\u00e1nlatk\u00e9r\u00e9s: info@goforgo.hu<\/span><\/strong><\/p>\n<p>17 f\u0151s Mercedes Sprinter<\/p>\n<p><a href=\"https:\/\/www.goforgo.hu\/index.php\/buszok\/bsh\/\" rel=\"attachment wp-att-6798\"><img loading=\"lazy\" decoding=\"async\" class=\" wp-image-6798\" src=\"https:\/\/www.goforgo.hu\/wp-content\/uploads\/2024\/10\/Sprinter-Bekas-szoros-768x1024.jpg\" alt=\"\" width=\"716\" height=\"954\" srcset=\"https:\/\/www.goforgo.hu\/wp-content\/uploads\/2024\/10\/Sprinter-Bekas-szoros-768x1024.jpg 768w, https:\/\/www.goforgo.hu\/wp-content\/uploads\/2024\/10\/Sprinter-Bekas-szoros-1152x1536.jpg 1152w, https:\/\/www.goforgo.hu\/wp-content\/uploads\/2024\/10\/Sprinter-Bekas-szoros.jpg 1536w\" sizes=\"auto, (max-width: 716px) 100vw, 716px\" \/><\/a><\/p>\n<p>55+2 f\u0151s MAN<\/p>\n<p><a href=\"https:\/\/www.goforgo.hu\/index.php\/buszok\/man-locse\/\" rel=\"attachment wp-att-6799\"><img loading=\"lazy\" decoding=\"async\" class=\"alignnone size-full wp-image-6799\" src=\"https:\/\/www.goforgo.hu\/wp-content\/uploads\/2024\/10\/MAN-Locse.jpg\" alt=\"\" width=\"720\" height=\"540\" \/><\/a><\/p>\n<p align=\"justify\"><strong><span class=\"style7\">Megrendel\u00e9s: <\/span><\/strong><span class=\"style8\">Telefonon vagy e-mailben t\u00f6rt\u00e9nt \u00e9rdekl\u0151d\u00e9s\u00e9re \u00edr\u00e1sos \u00e1raj\u00e1nlatot k\u00e9sz\u00edt\u00fcnk, melyet ha elfogad, megrendel\u0151 visszaigazol\u00e1ssal v\u00e9gleges\u00edt\u00fcnk. <strong><em>K\u00e9rje kedvez\u0151 aj\u00e1nlatunkat!<\/em> <\/strong>A csomag \u00e1rak lehetnek id\u0151pontt\u00f3l \u00e9s az \u00fatt\u00f3l (\u00fati c\u00e9l, napok sz\u00e1ma, stb.) is f\u00fcgg\u0151ek!<\/span><\/p>\n<p align=\"justify\"><a href=\"https:\/\/www.goforgo.hu\/index.php\/kozuti-szemelyszallitasi-szerzodes\/\">Szerz\u0151d\u00e9si felt\u00e9teleket<\/a> itt olvashatja.<\/p>\n<p align=\"justify\"><strong><span class=\"style7\">R\u00f3lunk: <\/span><\/strong><span class=\"style8\">1990-t\u0151l foglalkozunk szem\u00e9lysz\u00e1ll\u00edt\u00f3i feladatok ell\u00e1t\u00e1s\u00e1val belf\u00f6ldre \u00e9s k\u00fclf\u00f6ldre egyar\u00e1nt. A 9 f\u0151s mikrobuszt\u00f3l, a 49 f\u0151s buszokon kereszt\u00fcl eg\u00e9szen a 69 f\u0151s aut\u00f3buszig b\u00e1rmilyen l\u00e9tsz\u00e1m\u00fa csoport sz\u00e1ll\u00edt\u00e1s\u00e1t v\u00e1llaljuk. <\/span><\/p>\n<p align=\"justify\"><span class=\"style8\"><strong><em>Iskolai, turista, nyugd\u00edjas, munkahelyi kir\u00e1ndul\u00e1sok, rep\u00fcl\u0151t\u00e9ri \u00e9s sz\u00e1lloda transzferek, v\u00e1rosn\u00e9z\u00e9sek<\/em> <\/strong>lebonyol\u00edt\u00e1s\u00e1t v\u00e1llaljuk. Kiv\u00e1l\u00f3 m\u0171szaki \u00e1llapot\u00fa, k\u00e9nyelmes buszaink \u00e9s nagy nemzetk\u00f6zi tapasztalattal rendelkez\u0151 sof\u0151rjeink garant\u00e1lj\u00e1k a k\u00e9nyelmes \u00e9s gondtalan utaz\u00e1st minden kedves Utasunknak.<\/span><\/p>\n<p align=\"justify\"><strong><span class=\"style7\">Egy\u00e9b szolg\u00e1ltat\u00e1saink: <\/span><\/strong><span class=\"style8\">Idegenvezet\u0151 biztos\u00edt\u00e1sa ig\u00e9ny szerint, Sz\u00e1ll\u00e1sok foglal\u00e1sa eg\u00e9sz Eur\u00f3p\u00e1ban, komplett kir\u00e1ndul\u00f3, v\u00e1rosl\u00e1togat\u00f3 utak megtervez\u00e9se, megszervez\u00e9se sz\u00e1ll\u00e1ssal, programokkal, B kateg\u00f3ri\u00e1s aut\u00f3vezet\u0151 k\u00e9pz\u00e9s.<\/span><\/p>\n","protected":false},"excerpt":{"rendered":"<p>B\u00e9relhet\u0151 j\u00e1rm\u0171veink \u00e9s egy\u00e9b szolg\u00e1ltat\u00e1saink aj\u00e1nlatk\u00e9r\u00e9s: info@goforgo.hu 17 f\u0151s Mercedes Sprinter 55+2 f\u0151s MAN Megrendel\u00e9s: Telefonon vagy e-mailben t\u00f6rt\u00e9nt \u00e9rdekl\u0151d\u00e9s\u00e9re \u00edr\u00e1sos \u00e1raj\u00e1nlatot k\u00e9sz\u00edt\u00fcnk, melyet ha elfogad, megrendel\u0151 visszaigazol\u00e1ssal v\u00e9gleges\u00edt\u00fcnk. K\u00e9rje kedvez\u0151 aj\u00e1nlatunkat! A csomag \u00e1rak lehetnek id\u0151pontt\u00f3l \u00e9s az \u00fatt\u00f3l (\u00fati c\u00e9l, napok sz\u00e1ma, stb.) is f\u00fcgg\u0151ek! Szerz\u0151d\u00e9si felt\u00e9teleket itt olvashatja. R\u00f3lunk: 1990-t\u0151l foglalkozunk szem\u00e9lysz\u00e1ll\u00edt\u00f3i feladatok ell\u00e1t\u00e1s\u00e1val belf\u00f6ldre \u00e9s k\u00fclf\u00f6ldre egyar\u00e1nt. A 9 f\u0151s mikrobuszt\u00f3l, a 49 f\u0151s buszokon kereszt\u00fcl eg\u00e9szen a 69 f\u0151s aut\u00f3buszig b\u00e1rmilyen l\u00e9tsz\u00e1m\u00fa csoport sz\u00e1ll\u00edt\u00e1s\u00e1t v\u00e1llaljuk. Iskolai, turista, nyugd\u00edjas, munkahelyi kir\u00e1ndul\u00e1sok, rep\u00fcl\u0151t\u00e9ri \u00e9s sz\u00e1lloda transzferek, v\u00e1rosn\u00e9z\u00e9sek lebonyol\u00edt\u00e1s\u00e1t v\u00e1llaljuk. Kiv\u00e1l\u00f3 m\u0171szaki \u00e1llapot\u00fa, k\u00e9nyelmes buszaink \u00e9s nagy nemzetk\u00f6zi tapasztalattal rendelkez\u0151 sof\u0151rjeink garant\u00e1lj\u00e1k a k\u00e9nyelmes \u00e9s gondtalan utaz\u00e1st minden kedves Utasunknak. Egy\u00e9b szolg\u00e1ltat\u00e1saink: Idegenvezet\u0151 biztos\u00edt\u00e1sa ig\u00e9ny szerint, Sz\u00e1ll\u00e1sok foglal\u00e1sa eg\u00e9sz Eur\u00f3p\u00e1ban, komplett kir\u00e1ndul\u00f3, v\u00e1rosl\u00e1togat\u00f3 utak megtervez\u00e9se, megszervez\u00e9se sz\u00e1ll\u00e1ssal, programokkal, B kateg\u00f3ri\u00e1s aut\u00f3vezet\u0151 k\u00e9pz\u00e9s.<\/p>\n","protected":false},"author":1,"featured_media":0,"parent":0,"menu_order":0,"comment_status":"closed","ping_status":"closed","template":"","meta":{"footnotes":""},"class_list":["post-30","page","type-page","status-publish","hentry"],"_links":{"self":[{"href":"https:\/\/www.goforgo.hu\/index.php\/wp-json\/wp\/v2\/pages\/30","targetHints":{"allow":["GET"]}}],"collection":[{"href":"https:\/\/www.goforgo.hu\/index.php\/wp-json\/wp\/v2\/pages"}],"about":[{"href":"https:\/\/www.goforgo.hu\/index.php\/wp-json\/wp\/v2\/types\/page"}],"author":[{"embeddable":true,"href":"https:\/\/www.goforgo.hu\/index.php\/wp-json\/wp\/v2\/users\/1"}],"replies":[{"embeddable":true,"href":"https:\/\/www.goforgo.hu\/index.php\/wp-json\/wp\/v2\/comments?post=30"}],"version-history":[{"count":15,"href":"https:\/\/www.goforgo.hu\/index.php\/wp-json\/wp\/v2\/pages\/30\/revisions"}],"predecessor-version":[{"id":6800,"href":"https:\/\/www.goforgo.hu\/index.php\/wp-json\/wp\/v2\/pages\/30\/revisions\/6800"}],"wp:attachment":[{"href":"https:\/\/www.goforgo.hu\/index.php\/wp-json\/wp\/v2\/media?parent=30"}],"curies":[{"name":"wp","href":"https:\/\/api.w.org\/{rel}","templated":true}]}}