{"id":3055,"date":"2017-02-15T10:34:40","date_gmt":"2017-02-15T10:34:40","guid":{"rendered":"http:\/\/www.goforgo.hu\/?page_id=3055"},"modified":"2017-04-06T09:57:54","modified_gmt":"2017-04-06T09:57:54","slug":"csehorszag","status":"publish","type":"page","link":"https:\/\/www.goforgo.hu\/index.php\/csehorszag\/","title":{"rendered":"Csehorsz\u00e1g"},"content":{"rendered":"<table>\n<tbody>\n<tr>\n<td width=\"150\" height=\"30\"><a href=\"https:\/\/www.goforgo.hu\/index.php\/csehorszag\/facebook-budweiser-01\/\" rel=\"attachment wp-att-3059\"><img loading=\"lazy\" decoding=\"async\" class=\"alignnone size-large wp-image-3059\" src=\"https:\/\/www.goforgo.hu\/wp-content\/uploads\/2017\/02\/Facebook-Budweiser-01-1024x538.jpg\" alt=\"Facebook-Budweiser-01\" width=\"1024\" height=\"538\" \/><\/a><\/td>\n<td width=\"450\" height=\"30\"><a href=\"https:\/\/www.goforgo.hu\/index.php\/del-csehorszagi-kastelyok-es-sorok\/\">\u00a0D\u00e9l-csehorsz\u00e1gi kast\u00e9lyok \u00e9s s\u00f6r\u00f6k<\/a><\/td>\n<\/tr>\n<tr>\n<td width=\"150\" height=\"30\"><a href=\"https:\/\/www.goforgo.hu\/index.php\/csehorszag\/praga-orloj\/\" rel=\"attachment wp-att-3376\"><img loading=\"lazy\" decoding=\"async\" class=\"alignnone size-large wp-image-3376\" src=\"https:\/\/www.goforgo.hu\/wp-content\/uploads\/2017\/02\/Pra\u0301ga-Orloj.jpg\" alt=\"Pra\u0301ga-Orloj\" width=\"810\" height=\"586\" \/><\/a><\/td>\n<td width=\"450\" height=\"30\">\u00a0<a href=\"https:\/\/www.goforgo.hu\/index.php\/rovid-latogatas-pragaban\/\">R\u00f6vid l\u00e1togat\u00e1s Pr\u00e1g\u00e1ban<\/a><\/td>\n<\/tr>\n<\/tbody>\n<\/table>\n","protected":false},"excerpt":{"rendered":"<p>\u00a0D\u00e9l-csehorsz\u00e1gi kast\u00e9lyok \u00e9s s\u00f6r\u00f6k \u00a0R\u00f6vid l\u00e1togat\u00e1s Pr\u00e1g\u00e1ban<\/p>\n","protected":false},"author":1,"featured_media":0,"parent":0,"menu_order":0,"comment_status":"closed","ping_status":"closed","template":"","meta":{"footnotes":""},"class_list":["post-3055","page","type-page","status-publish","hentry"],"_links":{"self":[{"href":"https:\/\/www.goforgo.hu\/index.php\/wp-json\/wp\/v2\/pages\/3055","targetHints":{"allow":["GET"]}}],"collection":[{"href":"https:\/\/www.goforgo.hu\/index.php\/wp-json\/wp\/v2\/pages"}],"about":[{"href":"https:\/\/www.goforgo.hu\/index.php\/wp-json\/wp\/v2\/types\/page"}],"author":[{"embeddable":true,"href":"https:\/\/www.goforgo.hu\/index.php\/wp-json\/wp\/v2\/users\/1"}],"replies":[{"embeddable":true,"href":"https:\/\/www.goforgo.hu\/index.php\/wp-json\/wp\/v2\/comments?post=3055"}],"version-history":[{"count":4,"href":"https:\/\/www.goforgo.hu\/index.php\/wp-json\/wp\/v2\/pages\/3055\/revisions"}],"predecessor-version":[{"id":3377,"href":"https:\/\/www.goforgo.hu\/index.php\/wp-json\/wp\/v2\/pages\/3055\/revisions\/3377"}],"wp:attachment":[{"href":"https:\/\/www.goforgo.hu\/index.php\/wp-json\/wp\/v2\/media?parent=3055"}],"curies":[{"name":"wp","href":"https:\/\/api.w.org\/{rel}","templated":true}]}}