{"id":3085,"date":"2017-03-04T14:20:33","date_gmt":"2017-03-04T14:20:33","guid":{"rendered":"http:\/\/www.goforgo.hu\/?page_id=3085"},"modified":"2017-03-04T14:24:27","modified_gmt":"2017-03-04T14:24:27","slug":"3085-2","status":"publish","type":"page","link":"https:\/\/www.goforgo.hu\/index.php\/3085-2\/","title":{"rendered":"N\u00e1dasdlad\u00e1ny \u2013 Zirc"},"content":{"rendered":"<p class=\"western\">Id\u0151pont\u00a0\u00a0\u00a0 :\u00a0 2017.08.06.\u00a0\u00a0\u00a0\u00a0\u00a0\u00a0\u00a0\u00a0\u00a0\u00a0\u00a0\u00a0\u00a0\u00a0\u00a0\u00a0\u00a0\u00a0\u00a0\u00a0\u00a0\u00a0\u00a0\u00a0\u00a0\u00a0\u00a0\u00a0\u00a0 Poz.sz\u00e1m: 17\/BNZ\/18<\/p>\n<p>\u00datvonal\u00a0\u00a0\u00a0 : Budapest \u2013 N\u00e1dasdlad\u00e1ny \u2013 Veszpr\u00e9m \u2013 Zirc \u2013 Budapest<br \/>\nUtaz\u00e1s\u00a0\u00a0\u00a0\u00a0\u00a0 : a csoportl\u00e9tsz\u00e1mnak megfelel\u0151 aut\u00f3busszal<br \/>\nEll\u00e1t\u00e1s\u00a0\u00a0\u00a0\u00a0 : \u00f6nell\u00e1t\u00e1s<\/p>\n<p><a href=\"https:\/\/www.goforgo.hu\/index.php\/3085-2\/sam_2055-2\/\" rel=\"attachment wp-att-3087\"><img loading=\"lazy\" decoding=\"async\" class=\"alignnone size-large wp-image-3087\" src=\"https:\/\/www.goforgo.hu\/wp-content\/uploads\/2017\/03\/SAM_2055-1024x768.jpg\" alt=\"SAM_2055\" width=\"1024\" height=\"768\" \/><\/a><\/p>\n<p class=\"western\" align=\"center\"><span style=\"font-size: large;\"><u><b>PROGRAM:<\/b><\/u><\/span><\/p>\n<p align=\"justify\"><span style=\"font-size: small;\"><b>1. nap: Felsz\u00e1ll\u00e1si lehet\u0151s\u00e9gek:<\/b><\/span><\/p>\n<p class=\"western\" align=\"left\"><b> <\/b><span style=\"font-size: small;\"><b>7<\/b><\/span><span style=\"font-size: small;\"><b>:3<\/b><\/span><span style=\"font-size: small;\"><b>0<\/b><\/span><span style=\"font-size: small;\"> \u2013 kor Pestszentl\u0151rinc, LIDL parkol\u00f3 (\u00dcll\u0151i \u00fat 3979 &#8211; 381)<\/span><\/p>\n<p class=\"western\" align=\"left\"><b> <\/b><span style=\"font-size: small;\"><b>8<\/b><\/span><span style=\"font-size: small;\"><b>:00 <\/b><\/span><span style=\"font-size: small;\">\u2013 <\/span><span style=\"font-size: small;\">kor N\u00e9pliget, M3 n\u00e9pligeti metr\u00f3meg\u00e1ll\u00f3, Planet\u00e1rium el\u0151l <\/span><\/p>\n<p class=\"western\" align=\"justify\"><span style=\"font-size: small;\"><b> 8:30-kor B\u00e9k\u00e1smegyer (felt\u00e9teles)<\/b><\/span><\/p>\n<p><span style=\"font-size: medium;\"><span style=\"font-size: small;\">Indul\u00e1s a reggeli \u00f3r\u00e1kban. Utunk els\u0151 \u00e1llom\u00e1sa <\/span><span style=\"font-size: small;\"><b>N\u00e1dasdlad\u00e1ny, <\/b><\/span><span style=\"font-size: small;\">ahol a N\u00e1dasdyak angol g\u00f3tik\u00e1t id\u0151z\u0151 gy\u00f6ny\u00f6r\u0171 kast\u00e9ly\u00e1t tekintj\u00fck meg. A sz\u00e9pen fel\u00faj\u00edtott kast\u00e9ly megtekint\u00e9se ut\u00e1n, <\/span><span style=\"font-size: small;\"><b>Veszpr\u00e9mbe<\/b><\/span><span style=\"font-size: small;\"> \u00e9rkez\u00fcnk. S\u00e9t\u00e1t tesz\u00fcnk a<\/span><span style=\"font-size: small;\">z egykori magyar kir\u00e1lyn\u00e9k v\u00e1ros\u00e1ban. V\u00e9gig s\u00e9t\u00e1lunk a v\u00e1ron,<\/span><span style=\"font-size: small;\"> megn\u00e9zz\u00fck a Gizella k\u00e1poln\u00e1t, P\u00fcsp\u00f6ki palot\u00e1t<\/span><span style=\"font-size: small;\">, a Szent Mih\u00e1ly Sz\u00e9kesegyh\u00e1zat, a T\u0171ztornyot stb. D\u00e9lut\u00e1n a Bakony k\u00f6zpontj\u00e1ban, <\/span><span style=\"font-size: small;\"><b>Zircen <\/b><\/span><span style=\"font-size: small;\">l\u00e1togatjuk meg a cisztercita kolostort, templom\u00e1t \u00e9s k\u00f6nyvt\u00e1r\u00e1t. <\/span><\/span><\/p>\n<p class=\"western\" align=\"justify\"><span style=\"font-size: small;\">Indul\u00e1s vissza a k\u00e9s\u0151 d\u00e9lut\u00e1ni \u00f3r\u00e1kban. \u00c9rkez\u00e9s Budapestre este, l<\/span><span style=\"font-size: small;\">esz\u00e1ll\u00e1si lehet\u0151s\u00e9g a felsz\u00e1ll\u00e1ssal megegyez\u0151 helyeken.<\/span><\/p>\n<h2 class=\"western\" lang=\"hu-HU\" style=\"text-align: center;\"><span style=\"font-size: x-large;\">R\u00e9szv\u00e9teli d\u00edj: <\/span><span style=\"font-size: x-large;\">5<\/span><span style=\"font-size: x-large;\"> 500 Ft\/f\u0151<\/span><\/h2>\n<p align=\"left\"><span style=\"font-size: medium;\"><span style=\"font-size: small;\"><i><u><b>A r\u00e9szv\u00e9teli d\u00edj tartalmazza<\/b><\/u><\/i><\/span><span style=\"font-size: small;\"><i><b>:<\/b><\/i><\/span><span style=\"font-size: small;\"><i> az aut\u00f3buszos utaz\u00e1s k\u00f6lts\u00e9geit <\/i><\/span><\/span><\/p>\n<p class=\"western\" align=\"left\"><span style=\"font-size: small;\"><i><u><b>A r\u00e9szv\u00e9teli d\u00edj nem tartalmazza<\/b><\/u><\/i><\/span><span style=\"font-size: small;\"><i><b>:<\/b><\/i><\/span><span style=\"font-size: small;\"><i> a bel\u00e9p\u0151jegyeket, melyek a helysz\u00ednen fizetend\u0151k <\/i><\/span><\/p>\n<p class=\"western\" align=\"left\"><span style=\"font-size: small;\"><i><u><b>Kedvezm\u00e9nyek<\/b><\/u><\/i><\/span><span style=\"font-size: small;\"><i><b>:<\/b><\/i><\/span><span style=\"font-size: small;\"><i> A <\/i><\/span><span style=\"font-size: small;\"><i>GOforGO Travel<\/i><\/span><span style=\"font-size: small;\"><i> t\u00f6rzsutasainak, di\u00e1koknak 18 \u00e9ves korig, 65 \u00e9v feletti nyugd\u00edjasoknak 200 Ft. Kedvezm\u00e9nyeket \u00f6sszevonni nem lehet!<\/i><\/span><\/p>\n<p align=\"center\"><span style=\"font-size: medium;\"><span style=\"font-size: small;\"><b>\u00c9LM\u00c9NYEKBEN GAZDAG UTAZ\u00c1ST,<\/b><\/span><i><b> <\/b><\/i><span style=\"font-size: small;\"><b>J\u00d3 SZ\u00d3RAKOZ\u00c1ST K\u00cdV\u00c1NUNK!<\/b><\/span><\/span><\/p>\n<p align=\"center\"><a href=\"https:\/\/www.goforgo.hu\/index.php\/3085-2\/sam_2148-2\/\" rel=\"attachment wp-att-3088\"><img loading=\"lazy\" decoding=\"async\" class=\"alignnone size-large wp-image-3088\" src=\"https:\/\/www.goforgo.hu\/wp-content\/uploads\/2017\/03\/SAM_2148-1024x768.jpg\" alt=\"SAM_2148\" width=\"1024\" height=\"768\" \/><\/a><\/p>\n","protected":false},"excerpt":{"rendered":"<p>Id\u0151pont\u00a0\u00a0\u00a0 :\u00a0 2017.08.06.\u00a0\u00a0\u00a0\u00a0\u00a0\u00a0\u00a0\u00a0\u00a0\u00a0\u00a0\u00a0\u00a0\u00a0\u00a0\u00a0\u00a0\u00a0\u00a0\u00a0\u00a0\u00a0\u00a0\u00a0\u00a0\u00a0\u00a0\u00a0\u00a0 Poz.sz\u00e1m: 17\/BNZ\/18 \u00datvonal\u00a0\u00a0\u00a0 : Budapest \u2013 N\u00e1dasdlad\u00e1ny \u2013 Veszpr\u00e9m \u2013 Zirc \u2013 Budapest Utaz\u00e1s\u00a0\u00a0\u00a0\u00a0\u00a0 : a csoportl\u00e9tsz\u00e1mnak megfelel\u0151 aut\u00f3busszal Ell\u00e1t\u00e1s\u00a0\u00a0\u00a0\u00a0 : \u00f6nell\u00e1t\u00e1s PROGRAM: 1. nap: Felsz\u00e1ll\u00e1si lehet\u0151s\u00e9gek: 7:30 \u2013 kor Pestszentl\u0151rinc, LIDL parkol\u00f3 (\u00dcll\u0151i \u00fat 3979 &#8211; 381) 8:00 \u2013 kor N\u00e9pliget, M3 n\u00e9pligeti metr\u00f3meg\u00e1ll\u00f3, Planet\u00e1rium el\u0151l 8:30-kor B\u00e9k\u00e1smegyer (felt\u00e9teles) Indul\u00e1s a reggeli \u00f3r\u00e1kban. Utunk els\u0151 \u00e1llom\u00e1sa N\u00e1dasdlad\u00e1ny, ahol a N\u00e1dasdyak angol g\u00f3tik\u00e1t id\u0151z\u0151 gy\u00f6ny\u00f6r\u0171 kast\u00e9ly\u00e1t tekintj\u00fck meg. A sz\u00e9pen fel\u00faj\u00edtott kast\u00e9ly megtekint\u00e9se ut\u00e1n, Veszpr\u00e9mbe \u00e9rkez\u00fcnk. S\u00e9t\u00e1t tesz\u00fcnk az egykori magyar kir\u00e1lyn\u00e9k v\u00e1ros\u00e1ban. V\u00e9gig s\u00e9t\u00e1lunk a v\u00e1ron, megn\u00e9zz\u00fck a Gizella k\u00e1poln\u00e1t, P\u00fcsp\u00f6ki palot\u00e1t, a Szent Mih\u00e1ly Sz\u00e9kesegyh\u00e1zat, a T\u0171ztornyot stb. D\u00e9lut\u00e1n a Bakony k\u00f6zpontj\u00e1ban, Zircen l\u00e1togatjuk meg a cisztercita kolostort, templom\u00e1t \u00e9s k\u00f6nyvt\u00e1r\u00e1t. Indul\u00e1s vissza a k\u00e9s\u0151 d\u00e9lut\u00e1ni \u00f3r\u00e1kban. \u00c9rkez\u00e9s Budapestre este, lesz\u00e1ll\u00e1si lehet\u0151s\u00e9g a felsz\u00e1ll\u00e1ssal megegyez\u0151 helyeken. R\u00e9szv\u00e9teli d\u00edj: 5 500 Ft\/f\u0151 A r\u00e9szv\u00e9teli d\u00edj tartalmazza: az aut\u00f3buszos utaz\u00e1s k\u00f6lts\u00e9geit A r\u00e9szv\u00e9teli d\u00edj nem tartalmazza: a bel\u00e9p\u0151jegyeket, melyek a helysz\u00ednen fizetend\u0151k Kedvezm\u00e9nyek: A GOforGO Travel t\u00f6rzsutasainak, di\u00e1koknak 18 \u00e9ves korig, 65 \u00e9v feletti nyugd\u00edjasoknak 200 Ft. Kedvezm\u00e9nyeket \u00f6sszevonni nem lehet! \u00c9LM\u00c9NYEKBEN GAZDAG UTAZ\u00c1ST, J\u00d3 SZ\u00d3RAKOZ\u00c1ST K\u00cdV\u00c1NUNK!<\/p>\n","protected":false},"author":1,"featured_media":0,"parent":0,"menu_order":0,"comment_status":"closed","ping_status":"closed","template":"","meta":{"footnotes":""},"class_list":["post-3085","page","type-page","status-publish","hentry"],"_links":{"self":[{"href":"https:\/\/www.goforgo.hu\/index.php\/wp-json\/wp\/v2\/pages\/3085","targetHints":{"allow":["GET"]}}],"collection":[{"href":"https:\/\/www.goforgo.hu\/index.php\/wp-json\/wp\/v2\/pages"}],"about":[{"href":"https:\/\/www.goforgo.hu\/index.php\/wp-json\/wp\/v2\/types\/page"}],"author":[{"embeddable":true,"href":"https:\/\/www.goforgo.hu\/index.php\/wp-json\/wp\/v2\/users\/1"}],"replies":[{"embeddable":true,"href":"https:\/\/www.goforgo.hu\/index.php\/wp-json\/wp\/v2\/comments?post=3085"}],"version-history":[{"count":4,"href":"https:\/\/www.goforgo.hu\/index.php\/wp-json\/wp\/v2\/pages\/3085\/revisions"}],"predecessor-version":[{"id":3091,"href":"https:\/\/www.goforgo.hu\/index.php\/wp-json\/wp\/v2\/pages\/3085\/revisions\/3091"}],"wp:attachment":[{"href":"https:\/\/www.goforgo.hu\/index.php\/wp-json\/wp\/v2\/media?parent=3085"}],"curies":[{"name":"wp","href":"https:\/\/api.w.org\/{rel}","templated":true}]}}