{"id":3130,"date":"2017-03-07T17:19:32","date_gmt":"2017-03-07T17:19:32","guid":{"rendered":"http:\/\/www.goforgo.hu\/?page_id=3130"},"modified":"2017-03-07T17:29:12","modified_gmt":"2017-03-07T17:29:12","slug":"hadak-utjan-tortenelmi-emlektura-emlekut-az-isonzo-menten","status":"publish","type":"page","link":"https:\/\/www.goforgo.hu\/index.php\/hadak-utjan-tortenelmi-emlektura-emlekut-az-isonzo-menten\/","title":{"rendered":"\u201cHadak \u00datj\u00e1n\u201d T\u00f6rt\u00e9nelmi eml\u00e9kt\u00fara:  Eml\u00e9k\u00fat az Isonz\u00f3 ment\u00e9n"},"content":{"rendered":"<p class=\"western\"><b>Id\u0151pont<\/b>: 2017. szeptember 7-10.<\/p>\n<p class=\"western\"><b>Utaz\u00e1s:<\/b>\u00a0k\u00e9nyelmes, l\u00e9gkond\u00edcion\u00e1lt aut\u00f3busszal \u00a0\u00a0\u00a0\u00a0\u00a0\u00a0\u00a0\u00a0\u00a0\u00a0\u00a0\u00a0\u00a0\u00a0\u00a0\u00a0\u00a0\u00a0\u00a0\u00a0 <strong>Id\u0151tartam:<\/strong> 4 nap\/3 \u00e9jszaka<\/p>\n<p class=\"western\"><b>\u00datvonal: <\/b>J\u00faliai-Alpok, D\u00e9l-St\u00e1jerorsz\u00e1g, Isztria, Celje, Ptuj, Ljubljana, Lipica, Bled, Bohinj, Trieszt, Kobarid, Caporetto<\/p>\n<p><strong>Elhelyez\u00e9s:<\/strong> Nova Gorica mellett **-os sz\u00e1llod\u00e1ban<strong>Ell\u00e1t\u00e1s:<\/strong> reggeli (fakultat\u00edv f\u00e9lpanzi\u00f3)<\/p>\n<div id=\"side_content\">\n<div id=\"sw_7_banner_place\" class=\"sw_39_1_banner_place\">\n<div class=\"sw_39_1_banner\">\n<h2 id=\"sw_s1_offer\" class=\"clearer\" style=\"text-align: center;\"><span style=\"text-decoration: underline;\">\u00a0Program<\/span><\/h2>\n<div class=\"sw_s1_offer_program\">\n<p style=\"text-align: justify;\"><strong>1. nap: Ptuj &#8211; Trieszt &#8211; Nova Gorica<\/strong><\/p>\n<p style=\"text-align: justify;\">Tal\u00e1lkoz\u00e1s a kora reggeli \u00f3r\u00e1kban Budapesten. Indul\u00e1s ut\u00e1n utaz\u00e1s r\u00f6vid pihen\u0151kkel Szlov\u00e9ni\u00e1ba. Ptujban megtekintj\u00fck a v\u00e1roska f\u00f6l\u00e9 magasod\u00f3 b\u00e1jos v\u00e1rat. Tov\u00e1bbhaladva d\u00e9l fel\u00e9 el\u00e9rj\u00fck a tengert: megtekintj\u00fck a m\u00e9lt\u00e1n h\u00edres, csod\u00e1latos Miramare-kast\u00e9lyt. Sz\u00e1ll\u00e1s \u00e9s vacsora Szlov\u00e9ni\u00e1ban, Nova Gorica mellett. (650 km)<\/p>\n<p><a href=\"https:\/\/www.goforgo.hu\/index.php\/szlovenia-gyonyoru-tajain\/ptuj\/\" rel=\"attachment wp-att-3007\"><img loading=\"lazy\" decoding=\"async\" class=\"wp-image-3007 aligncenter\" src=\"https:\/\/www.goforgo.hu\/wp-content\/uploads\/2017\/01\/ptuj-1024x507.jpg\" alt=\"ptuj\" width=\"709\" height=\"351\" \/><\/a><\/p>\n<p style=\"text-align: justify;\"><strong>2. nap:G\u00f6rz &#8211; Doberdo-fenns\u00edk &#8211; St. Michele-hegy &#8211; Visinte &#8211; Redipuglia &#8211; Fogliano &#8211; Monte sei Busi<\/strong><\/p>\n<p style=\"text-align: justify;\">Reggeli ut\u00e1n Gorizia-G\u00f6rz-Gorica v\u00e1ros\u00e1nak olasz oldal\u00e1ra utazunk: megtekintj\u00fck az \u0151si v\u00e1rat, ahonnan a Habsburg csal\u00e1d \u0151sanyai \u00e1gon elindult, majd felkeress\u00fck a v\u00e1ros roppant sz\u00ednvonalas els\u0151 vil\u00e1gh\u00e1bor\u00fas m\u00fazeum\u00e1t. A v\u00e1rost elhagyva el\u00e9rj\u00fck a Doberdo-fenns\u00edkot: a St. Michele-hegyen m\u00fazeum, majd s\u00e9ta a magyar kavern\u00e1k \u00e9s l\u00f6v\u00e9sz\u00e1rkok vil\u00e1g\u00e1ban. Tisztelet\u00fcnket tessz\u00fck Visinte-n a magyar k\u00e1poln\u00e1n\u00e1l. Redipugliaban az olasz katonai temet\u0151t \u00e9s monument\u00e1lis h\u0151si eml\u00e9km\u0171vet keress\u00fck fel, majd Foglianoban az osztr\u00e1k\u2013magyar katonai temet\u0151t. Felmegy\u00fcnk a Doberd\u00f3-fenns\u00edk szikl\u00e1i k\u00f6z\u00e9, hogy a Monte sei Busi-n kavern\u00e1khoz, az egykori frontvonal v\u00e9delmi \u00e1ll\u00e1saihoz jussunk. Vacsora \u00e9s sz\u00e1ll\u00e1s Nova Gorica mellett. (80 km)<\/p>\n<p style=\"text-align: justify;\"><a href=\"https:\/\/www.goforgo.hu\/index.php\/husvetolas-es-tanusagtetel-doberdo-isonzo\/sam_0630\/\" rel=\"attachment wp-att-2922\"><img loading=\"lazy\" decoding=\"async\" class=\"wp-image-2922 aligncenter\" src=\"https:\/\/www.goforgo.hu\/wp-content\/uploads\/2017\/01\/SAM_0630-1024x683.jpg\" alt=\"SAM_0630\" width=\"696\" height=\"464\" \/><\/a><\/p>\n<p style=\"text-align: justify;\"><strong>3. nap: <\/strong><strong>Kobarid &#8211; Kluze er\u0151d &#8211; Log Pod Magnartom<\/strong><\/p>\n<p style=\"text-align: justify;\">Reggeli ut\u00e1n \u00e9szaknak indulunk az Isonzo (Soca) fest\u0151i fels\u0151 foly\u00e1s\u00e1hoz. Kobaridban (Caporetto) felkeress\u00fck a m\u00fazeumot \u00e9s az olasz ossz\u00e1riumot, majd tov\u00e1bbutazunk k\u00e9t jellegzetes \u00e9s l\u00e1tv\u00e1nyos vil\u00e1gh\u00e1bor\u00fas had\u00e1szati b\u00e1zishoz, a Kluze er\u0151dh\u00f6z. Az er\u0151d megtekint\u00e9se ut\u00e1n Log pod Mangartomba utazunk: kis ki\u00e1ll\u00edt\u00e1s az Alpok alatti alag\u00fatban k\u00f6zleked\u0151, egykoron h\u00e1bor\u00fas feladatokat ell\u00e1t\u00f3 kisvonatr\u00f3l \u00e9s egy osztr\u00e1k\u2013magyar katonai temet\u0151. Vacsora \u00e9s sz\u00e1ll\u00e1s Nova Gorica mellett. (200 km)<\/p>\n<p style=\"text-align: justify;\">\n<p style=\"text-align: justify;\" align=\"justify\"><strong><a href=\"https:\/\/www.goforgo.hu\/index.php\/hadak-utjan-tortenelmi-emlektura-emlekut-az-isonzo-menten\/kluze-erod\/\" rel=\"attachment wp-att-3135\"><img loading=\"lazy\" decoding=\"async\" class=\"wp-image-3135 aligncenter\" src=\"https:\/\/www.goforgo.hu\/wp-content\/uploads\/2017\/03\/kluze-er\u0151d-1024x680.jpg\" alt=\"kluze er\u0151d\" width=\"700\" height=\"465\" \/><\/a><\/strong><\/p>\n<p style=\"text-align: justify;\" align=\"justify\"><strong>4. nap: Skocjan-barlang &#8211; Celje &#8211; Budapest<\/strong><\/p>\n<p style=\"text-align: justify;\" align=\"left\">Napunk els\u0151 programjak\u00e9nt megl\u00e1togatjuk Szlov\u00e9nia egyik legl\u00e1tv\u00e1nyosabb barlangj\u00e1t, a Skocjan-barlangot. Haza\u00fatban felkeress\u00fck Celj\u00e9t: bej\u00e1rjuk a Cilleiek \u0151si v\u00e1r\u00e1t, csod\u00e1s kil\u00e1t\u00e1ssal a Sz\u00e1va fels\u0151 foly\u00e1s\u00e1ra, s azt \u00f6vez\u0151 hegyekre. \u00c9rkez\u00e9s Budapestre a k\u00e9s\u0151 esti \u00f3r\u00e1kban. (600 km)<\/p>\n<h1 style=\"text-align: center;\"><strong>R\u00e9szv\u00e9teli d\u00edj:<\/strong> 66 500 Ft\/f\u0151<\/h1>\n<p style=\"text-align: center;\"><strong>Egy\u00e1gyas fel\u00e1r: <\/strong>9 800 Ft\/f\u0151\u00a0\u00a0\u00a0\u00a0\u00a0\u00a0\u00a0\u00a0\u00a0\u00a0\u00a0\u00a0\u00a0\u00a0\u00a0\u00a0\u00a0\u00a0\u00a0\u00a0\u00a0 <strong>F\u00e9lpanzi\u00f3s fel\u00e1r:<\/strong> 9 500 Ft\/F\u0151<\/p>\n<p style=\"text-align: center;\"><strong>K\u00f6telez\u0151 \u00fatlemond\u00e1si biztos\u00edt\u00e1s:<\/strong> 975 Ft\/f\u0151<\/p>\n<p style=\"text-align: center;\"><strong>K\u00f6telez\u0151 baleset-, betegs\u00e9g-, poggy\u00e1szbiztos\u00edt\u00e1s:<\/strong>2 200 Ft\/f\u0151<\/p>\n<p style=\"text-align: center;\"><em><em>A r\u00e9szv\u00e9teli d\u00edj<\/em> a bel\u00e9p\u0151ket (kb. 60 EUR\/f\u0151, Skocjan barlang 16 EUR\/f\u0151) nem tartalmazza.<\/em><\/p>\n<\/div>\n<\/div>\n<\/div>\n<\/div>\n","protected":false},"excerpt":{"rendered":"<p>Id\u0151pont: 2017. szeptember 7-10. Utaz\u00e1s:\u00a0k\u00e9nyelmes, l\u00e9gkond\u00edcion\u00e1lt aut\u00f3busszal \u00a0\u00a0\u00a0\u00a0\u00a0\u00a0\u00a0\u00a0\u00a0\u00a0\u00a0\u00a0\u00a0\u00a0\u00a0\u00a0\u00a0\u00a0\u00a0\u00a0 Id\u0151tartam: 4 nap\/3 \u00e9jszaka \u00datvonal: J\u00faliai-Alpok, D\u00e9l-St\u00e1jerorsz\u00e1g, Isztria, Celje, Ptuj, Ljubljana, Lipica, Bled, Bohinj, Trieszt, Kobarid, Caporetto Elhelyez\u00e9s: Nova Gorica mellett **-os sz\u00e1llod\u00e1banEll\u00e1t\u00e1s: reggeli (fakultat\u00edv f\u00e9lpanzi\u00f3) \u00a0Program 1. nap: Ptuj &#8211; Trieszt &#8211; Nova Gorica Tal\u00e1lkoz\u00e1s a kora reggeli \u00f3r\u00e1kban Budapesten. Indul\u00e1s ut\u00e1n utaz\u00e1s r\u00f6vid pihen\u0151kkel Szlov\u00e9ni\u00e1ba. Ptujban megtekintj\u00fck a v\u00e1roska f\u00f6l\u00e9 magasod\u00f3 b\u00e1jos v\u00e1rat. Tov\u00e1bbhaladva d\u00e9l fel\u00e9 el\u00e9rj\u00fck a tengert: megtekintj\u00fck a m\u00e9lt\u00e1n h\u00edres, csod\u00e1latos Miramare-kast\u00e9lyt. Sz\u00e1ll\u00e1s \u00e9s vacsora Szlov\u00e9ni\u00e1ban, Nova Gorica mellett. (650 km) 2. nap:G\u00f6rz &#8211; Doberdo-fenns\u00edk &#8211; St. Michele-hegy &#8211; Visinte &#8211; Redipuglia &#8211; Fogliano &#8211; Monte sei Busi Reggeli ut\u00e1n Gorizia-G\u00f6rz-Gorica v\u00e1ros\u00e1nak olasz oldal\u00e1ra utazunk: megtekintj\u00fck az \u0151si v\u00e1rat, ahonnan a Habsburg csal\u00e1d \u0151sanyai \u00e1gon elindult, majd felkeress\u00fck a v\u00e1ros roppant sz\u00ednvonalas els\u0151 vil\u00e1gh\u00e1bor\u00fas m\u00fazeum\u00e1t. A v\u00e1rost elhagyva el\u00e9rj\u00fck a Doberdo-fenns\u00edkot: a St. Michele-hegyen m\u00fazeum, majd s\u00e9ta a magyar kavern\u00e1k \u00e9s l\u00f6v\u00e9sz\u00e1rkok vil\u00e1g\u00e1ban. Tisztelet\u00fcnket tessz\u00fck Visinte-n a magyar k\u00e1poln\u00e1n\u00e1l. Redipugliaban az olasz katonai temet\u0151t \u00e9s monument\u00e1lis h\u0151si eml\u00e9km\u0171vet keress\u00fck fel, majd Foglianoban az osztr\u00e1k\u2013magyar katonai temet\u0151t. Felmegy\u00fcnk a Doberd\u00f3-fenns\u00edk szikl\u00e1i k\u00f6z\u00e9, hogy a Monte sei Busi-n kavern\u00e1khoz, az egykori frontvonal v\u00e9delmi \u00e1ll\u00e1saihoz jussunk. Vacsora \u00e9s sz\u00e1ll\u00e1s Nova Gorica mellett. (80 km) 3. nap: Kobarid &#8211; Kluze er\u0151d &#8211; Log Pod Magnartom Reggeli ut\u00e1n \u00e9szaknak indulunk az Isonzo (Soca) fest\u0151i fels\u0151 foly\u00e1s\u00e1hoz. Kobaridban (Caporetto) felkeress\u00fck a m\u00fazeumot \u00e9s az olasz ossz\u00e1riumot, majd tov\u00e1bbutazunk k\u00e9t jellegzetes \u00e9s l\u00e1tv\u00e1nyos vil\u00e1gh\u00e1bor\u00fas had\u00e1szati b\u00e1zishoz, a Kluze er\u0151dh\u00f6z. Az er\u0151d megtekint\u00e9se ut\u00e1n Log pod Mangartomba utazunk: kis ki\u00e1ll\u00edt\u00e1s az Alpok alatti alag\u00fatban k\u00f6zleked\u0151, egykoron h\u00e1bor\u00fas feladatokat ell\u00e1t\u00f3 kisvonatr\u00f3l \u00e9s egy osztr\u00e1k\u2013magyar katonai temet\u0151. Vacsora \u00e9s sz\u00e1ll\u00e1s Nova Gorica mellett. (200 km) 4. nap: Skocjan-barlang &#8211; Celje &#8211; Budapest Napunk els\u0151 programjak\u00e9nt megl\u00e1togatjuk Szlov\u00e9nia egyik legl\u00e1tv\u00e1nyosabb barlangj\u00e1t, a Skocjan-barlangot. Haza\u00fatban felkeress\u00fck Celj\u00e9t: bej\u00e1rjuk a Cilleiek \u0151si v\u00e1r\u00e1t, csod\u00e1s kil\u00e1t\u00e1ssal a Sz\u00e1va fels\u0151 foly\u00e1s\u00e1ra, s azt \u00f6vez\u0151 hegyekre. \u00c9rkez\u00e9s Budapestre a k\u00e9s\u0151 esti \u00f3r\u00e1kban. (600 km) R\u00e9szv\u00e9teli d\u00edj: 66 500 Ft\/f\u0151 Egy\u00e1gyas fel\u00e1r: 9 800 Ft\/f\u0151\u00a0\u00a0\u00a0\u00a0\u00a0\u00a0\u00a0\u00a0\u00a0\u00a0\u00a0\u00a0\u00a0\u00a0\u00a0\u00a0\u00a0\u00a0\u00a0\u00a0\u00a0 F\u00e9lpanzi\u00f3s fel\u00e1r: 9 500 Ft\/F\u0151 K\u00f6telez\u0151 \u00fatlemond\u00e1si biztos\u00edt\u00e1s: 975 Ft\/f\u0151 K\u00f6telez\u0151 baleset-, betegs\u00e9g-, poggy\u00e1szbiztos\u00edt\u00e1s:2 200 Ft\/f\u0151 A r\u00e9szv\u00e9teli d\u00edj a bel\u00e9p\u0151ket (kb. 60 EUR\/f\u0151, Skocjan barlang 16 EUR\/f\u0151) nem tartalmazza.<\/p>\n","protected":false},"author":1,"featured_media":0,"parent":0,"menu_order":0,"comment_status":"closed","ping_status":"closed","template":"","meta":{"footnotes":""},"class_list":["post-3130","page","type-page","status-publish","hentry"],"_links":{"self":[{"href":"https:\/\/www.goforgo.hu\/index.php\/wp-json\/wp\/v2\/pages\/3130","targetHints":{"allow":["GET"]}}],"collection":[{"href":"https:\/\/www.goforgo.hu\/index.php\/wp-json\/wp\/v2\/pages"}],"about":[{"href":"https:\/\/www.goforgo.hu\/index.php\/wp-json\/wp\/v2\/types\/page"}],"author":[{"embeddable":true,"href":"https:\/\/www.goforgo.hu\/index.php\/wp-json\/wp\/v2\/users\/1"}],"replies":[{"embeddable":true,"href":"https:\/\/www.goforgo.hu\/index.php\/wp-json\/wp\/v2\/comments?post=3130"}],"version-history":[{"count":3,"href":"https:\/\/www.goforgo.hu\/index.php\/wp-json\/wp\/v2\/pages\/3130\/revisions"}],"predecessor-version":[{"id":3136,"href":"https:\/\/www.goforgo.hu\/index.php\/wp-json\/wp\/v2\/pages\/3130\/revisions\/3136"}],"wp:attachment":[{"href":"https:\/\/www.goforgo.hu\/index.php\/wp-json\/wp\/v2\/media?parent=3130"}],"curies":[{"name":"wp","href":"https:\/\/api.w.org\/{rel}","templated":true}]}}