{"id":3164,"date":"2017-03-21T09:26:47","date_gmt":"2017-03-21T09:26:47","guid":{"rendered":"http:\/\/www.goforgo.hu\/?page_id=3164"},"modified":"2017-03-21T09:26:47","modified_gmt":"2017-03-21T09:26:47","slug":"husvet-becsben","status":"publish","type":"page","link":"https:\/\/www.goforgo.hu\/index.php\/husvet-becsben\/","title":{"rendered":"H\u00fasv\u00e9t B\u00e9csben"},"content":{"rendered":"<p class=\"western\" align=\"center\"><span style=\"font-size: 300%;\"><b>TAVASZI B\u00c9CSI<\/b><\/span><\/p>\n<p class=\"western\" align=\"center\"><span style=\"font-size: 300%;\">KIR\u00c1NDUL\u00c1S<\/span><\/p>\n<p class=\"western\" align=\"center\"><a href=\"https:\/\/www.goforgo.hu\/index.php\/husvet-becsben\/becs-husvet-3\/\" rel=\"attachment wp-att-3165\"><img loading=\"lazy\" decoding=\"async\" class=\"alignnone size-full wp-image-3165\" src=\"https:\/\/www.goforgo.hu\/wp-content\/uploads\/2017\/03\/b\u00e9cs-husv\u00e9t-3.jpeg\" alt=\"b\u00e9cs husv\u00e9t 3\" width=\"1000\" height=\"346\" \/><\/a><\/p>\n<p class=\"western\" align=\"center\"><span style=\"font-size: 300%;\"><b>2017.04.15.<\/b><\/span><\/p>\n<p class=\"western\" align=\"center\"><span style=\"font-size: large;\"><b>A tavalyi sikerre val\u00f3 tekintettel id\u00e9n ism\u00e9t megrendezz\u00fck a tavaszi b\u00e9csi kir\u00e1ndul\u00e1sunkat. Melynek keret\u00e9ben megl\u00e1togatjuk a Hauswirth csokol\u00e1d\u00e9 gy\u00e1rat, ahol k\u00f3stol\u00e1sra \u00e9s h\u00fasv\u00e9ti csokiv\u00e1s\u00e1rra lesz lehet\u0151s\u00e9g\u00fcnk. Majd B\u00e9csbe \u00e9rve aut\u00f3buszos \u00e9s gyalogos v\u00e1rosn\u00e9z\u00e9st tartunk. Ezut\u00e1n a Term\u00e9szettudom\u00e1nyi M\u00fazeumot l\u00e1togathatjuk meg.<\/b><\/span><\/p>\n<p class=\"western\" align=\"center\"><span style=\"font-size: large;\"><b>Szabadprogram ut\u00e1n a k\u00e9s\u0151 d\u00e9lut\u00e1ni \u00f3r\u00e1kban indulunk haza. <\/b><\/span><\/p>\n<p class=\"western\" align=\"center\"><span style=\"font-size: large;\"><b>V\u00e1rhat\u00f3 \u00e9rkez\u00e9s este 10 k\u00f6r\u00fcl.<\/b><\/span><\/p>\n<p class=\"western\" align=\"center\"><a href=\"https:\/\/www.goforgo.hu\/index.php\/husvet-becsben\/becs-husvet\/\" rel=\"attachment wp-att-3166\"><img loading=\"lazy\" decoding=\"async\" class=\"alignnone size-full wp-image-3166\" src=\"https:\/\/www.goforgo.hu\/wp-content\/uploads\/2017\/03\/b\u00e9cs-husv\u00e9t.jpeg\" alt=\"b\u00e9cs husv\u00e9t\" width=\"800\" height=\"533\" \/><\/a><\/p>\n<p class=\"western\" align=\"center\"><span style=\"font-size: 300%;\"><b>feln\u0151tt: 7000 Ft<\/b><\/span><\/p>\n<p class=\"western\" align=\"center\"><span style=\"font-size: 300%;\"><b>gyereknek: 6 000 Ft<\/b><\/span><\/p>\n<p class=\"western\" align=\"center\"><span style=\"font-size: xx-large;\"><b>felsz\u00e1ll\u00e1si lehet\u0151s\u00e9g: P\u00f3csmegyer, Szigetmonostor, Szentendre, Budapest<\/b><\/span><\/p>\n<p class=\"western\" align=\"center\"><a href=\"https:\/\/www.goforgo.hu\/index.php\/husvet-becsben\/becs-husvet-2\/\" rel=\"attachment wp-att-3167\"><img loading=\"lazy\" decoding=\"async\" class=\"alignnone size-full wp-image-3167\" src=\"https:\/\/www.goforgo.hu\/wp-content\/uploads\/2017\/03\/b\u00e9cs-husv\u00e9t-2.jpeg\" alt=\"b\u00e9cs husv\u00e9t 2\" width=\"650\" height=\"250\" \/><\/a><\/p>\n<p>&nbsp;<\/p>\n","protected":false},"excerpt":{"rendered":"<p>TAVASZI B\u00c9CSI KIR\u00c1NDUL\u00c1S 2017.04.15. A tavalyi sikerre val\u00f3 tekintettel id\u00e9n ism\u00e9t megrendezz\u00fck a tavaszi b\u00e9csi kir\u00e1ndul\u00e1sunkat. Melynek keret\u00e9ben megl\u00e1togatjuk a Hauswirth csokol\u00e1d\u00e9 gy\u00e1rat, ahol k\u00f3stol\u00e1sra \u00e9s h\u00fasv\u00e9ti csokiv\u00e1s\u00e1rra lesz lehet\u0151s\u00e9g\u00fcnk. Majd B\u00e9csbe \u00e9rve aut\u00f3buszos \u00e9s gyalogos v\u00e1rosn\u00e9z\u00e9st tartunk. Ezut\u00e1n a Term\u00e9szettudom\u00e1nyi M\u00fazeumot l\u00e1togathatjuk meg. Szabadprogram ut\u00e1n a k\u00e9s\u0151 d\u00e9lut\u00e1ni \u00f3r\u00e1kban indulunk haza. V\u00e1rhat\u00f3 \u00e9rkez\u00e9s este 10 k\u00f6r\u00fcl. feln\u0151tt: 7000 Ft gyereknek: 6 000 Ft felsz\u00e1ll\u00e1si lehet\u0151s\u00e9g: P\u00f3csmegyer, Szigetmonostor, Szentendre, Budapest &nbsp;<\/p>\n","protected":false},"author":1,"featured_media":0,"parent":0,"menu_order":0,"comment_status":"closed","ping_status":"closed","template":"","meta":{"footnotes":""},"class_list":["post-3164","page","type-page","status-publish","hentry"],"_links":{"self":[{"href":"https:\/\/www.goforgo.hu\/index.php\/wp-json\/wp\/v2\/pages\/3164","targetHints":{"allow":["GET"]}}],"collection":[{"href":"https:\/\/www.goforgo.hu\/index.php\/wp-json\/wp\/v2\/pages"}],"about":[{"href":"https:\/\/www.goforgo.hu\/index.php\/wp-json\/wp\/v2\/types\/page"}],"author":[{"embeddable":true,"href":"https:\/\/www.goforgo.hu\/index.php\/wp-json\/wp\/v2\/users\/1"}],"replies":[{"embeddable":true,"href":"https:\/\/www.goforgo.hu\/index.php\/wp-json\/wp\/v2\/comments?post=3164"}],"version-history":[{"count":2,"href":"https:\/\/www.goforgo.hu\/index.php\/wp-json\/wp\/v2\/pages\/3164\/revisions"}],"predecessor-version":[{"id":3169,"href":"https:\/\/www.goforgo.hu\/index.php\/wp-json\/wp\/v2\/pages\/3164\/revisions\/3169"}],"wp:attachment":[{"href":"https:\/\/www.goforgo.hu\/index.php\/wp-json\/wp\/v2\/media?parent=3164"}],"curies":[{"name":"wp","href":"https:\/\/api.w.org\/{rel}","templated":true}]}}