{"id":32,"date":"2015-10-21T15:16:38","date_gmt":"2015-10-21T15:16:38","guid":{"rendered":"http:\/\/www.goforgo.hu\/?page_id=32"},"modified":"2025-07-27T16:26:35","modified_gmt":"2025-07-27T16:26:35","slug":"autosiskola","status":"publish","type":"page","link":"https:\/\/www.goforgo.hu\/index.php\/autosiskola\/","title":{"rendered":"Aut\u00f3siskola"},"content":{"rendered":"<h1 style=\"text-align: center;\"><span style=\"color: #339966;\"><strong>FORG\u00d3 AUT\u00d3SISKOLA<\/strong><\/span><\/h1>\n<p align=\"center\"><span style=\"font-size: xx-large;\"><b>Tisztelt \u00dcgyfeleink!<\/b><\/span><\/p>\n<p align=\"center\"><b style=\"font-size: xx-large;\">Iskol\u00e1nk ONLINE- M\u0170K\u00d6DIK!<\/b><\/p>\n<h3 style=\"text-align: center;\">\u00a0<\/h3>\n<h3>Online KRESZ tanfolyamra itt lehet regisztr\u00e1lni!:\u00a0<a href=\"https:\/\/www.goforgo.hu\/index.php\/e-learning-kresz-oktatasra-valo-jelentkezes\/\">kattintson ide!<\/a><\/h3>\n<h3 style=\"text-align: center;\">Az aut\u00f3siskol\u00e1val kapcsolatban teljesk\u00f6r\u0171 felvil\u00e1gos\u00edt\u00e1st a +36 70 60 60 416-os telefonsz\u00e1mon kaphat!<\/h3>\n<p align=\"center\"><b style=\"font-size: xx-large;\">Az EDU-KRESZ tanfolyamra tov\u00e1bbra is v\u00e1rjuk jelentkez\u00e9s\u00fcket a honlapunkon vagy telefonon.<\/b><\/p>\n<h1 class=\"bodytextcent style1\" style=\"text-align: center;\"><span style=\"color: #800000;\"><a style=\"color: #800000;\" href=\"https:\/\/www.goforgo.hu\/index.php\/e-learning-kresz-oktatasra-valo-jelentkezes\/\">On-line jelentkez\u00e9s<\/a><\/span><\/h1>\n<h2 align=\"center\">Gyakorlati k\u00e9pz\u00e9sre (vezet\u00e9sre) val\u00f3 jelentkez\u00e9s eset\u00e9n h\u00edvja a<\/h2>\n<h2 align=\"center\">+36 70 606 0416-os telefonsz\u00e1mot<\/h2>\n<h2 align=\"center\">vagy k\u00fcldj\u00f6n e-mailt a forgotravel@gmail.com &#8211; ra<\/h2>\n<h1 class=\"bodytextcent style1\" style=\"text-align: center;\">\u00a0<\/h1>\n<p align=\"center\"><b style=\"font-size: xx-large;\">Az EDU KRESZ felhaszn\u00e1l\u00e1si ideje:\u00a0 <\/b><span style=\"font-size: xx-large;\"><b>90 nap\/60 \u00f3ra<\/b><\/span><b><\/b><\/p>\n<h5 style=\"text-align: center;\">ha letelik az tanul\u00e1si id\u0151, akkor p\u00f3thozz\u00e1f\u00e9r\u00e9st lehet rendelni az iskol\u00e1ban<\/h5>\n<p align=\"center\"><span style=\"font-size: 150%;\"><b>\u00fcgyeleti telefon:\u00a0 <\/b><\/span><\/p>\n<p align=\"center\"><span style=\"font-size: 150%;\"><b>h\u00e9tf\u0151 &#8211; p\u00e9ntek \u00e9s 9-17 \u00f3ra k\u00f6z\u00f6tt:<br \/>+36 70 60 60 416<\/b><\/span><\/p>\n<h1 class=\"bodytextcent style1\" style=\"text-align: center;\"><span style=\"color: #800000;\"><a style=\"color: #800000;\" href=\"https:\/\/www.goforgo.hu\/index.php\/e-learning-kresz-oktatasra-valo-jelentkezes\/\">Jelentkez\u00e9s e-learning tanfolyamra<\/a><\/span><\/h1>\n<h3 style=\"text-align: center;\">Felh\u00edvjuk figyelm\u00fcket az okm\u00e1nyki\u00e1ll\u00edt\u00e1s ingyeness\u00e9g\u00e9nek v\u00e1ltoz\u00e1s\u00e1ra:<\/h3>\n<p style=\"text-align: center;\">https:\/\/vizsgakozpont.hu\/hirek\/tajekoztato-az-automatikus-okmanykiallitas-dijkotelesse-valasarol<\/p>\n<p><strong>FORG\u00d3 AUT\u00d3SISKOLA &#8211; AUT\u00d3VEZET\u0150I TANFOLYAMOK<\/strong><\/p>\n<table style=\"height: 3109px;\" border=\"0\" width=\"600\">\n<tbody>\n<tr>\n<td width=\"393\">\n<div align=\"justify\"><span class=\"bodytext\">\u00d6r\u00f6mmel \u00fcdv\u00f6z\u00f6lj\u00fck \u00faj jelentkez\u0151ink k\u00f6z\u00f6tt! <\/span><\/div>\n<p class=\"bodytext\" align=\"justify\">A Forg\u00f3 Aut\u00f3siskola Budapest egyik legr\u00e9gebbi alap\u00edt\u00e1s\u00fa mag\u00e1n iskol\u00e1ja, 1990-ben alakult. Aut\u00f3siskol\u00e1nk dolgoz\u00f3i ezt megel\u0151z\u0151en is g\u00e9pj\u00e1rm\u0171vezet\u0151i k\u00e9pz\u00e9ssel foglalkoztak. Az iskola a jelentkez\u0151ket (tanul\u00f3kat) \u00dcgyf\u00e9lnek tekinti, mely k\u00f6telezetts\u00e9gekkel j\u00e1r. Nem aj\u00e1nlunk fel be nem tarthat\u00f3 \u00edg\u00e9reteket. Munk\u00e1nkat a mindenkori t\u00f6rv\u00e9nyek, rendeletek betart\u00e1s\u00e1t figyelembe v\u00e9ve v\u00e9gezz\u00fck. C\u00e9lunk, hogy \u00fcgyfeleink, tanul\u00f3ink sikeres g\u00e9pj\u00e1rm\u0171vezet\u0151i vizsg\u00e1t tegyenek, jogos\u00edtv\u00e1nyt szerezzenek.<\/p>\n<p class=\"bodytext\" align=\"justify\">Sz\u00e1m\u00edt\u00f3g\u00e9pes KRESZ oktat\u00e1s.<\/p>\n<p class=\"bodytext\" align=\"justify\">\u00a0<\/p>\n<\/td>\n<td width=\"203\"><img loading=\"lazy\" decoding=\"async\" class=\"aligncenter\" src=\"http:\/\/www.goforgo.utazas.hu\/img\/autosisk\/kresz-03.jpg\" alt=\"\" width=\"200\" height=\"140\" \/><\/td>\n<\/tr>\n<tr>\n<td>\n<p class=\"bodytext\" align=\"justify\"><strong>Aut\u00f3s iskol\u00e1nk a k\u00f6vetkez\u0151 felt\u00e9telekkel biztos\u00edtja a B kateg\u00f3ri\u00e1s k\u00e9pz\u00e9st az \u00d6n sz\u00e1m\u00e1ra:<\/strong><\/p>\n<p class=\"bodytext\" align=\"justify\">Jelentkez\u00e9si felt\u00e9telek:<\/p>\n<ul>\n<li class=\"bodytext\">minimum alapfok\u00fa iskolai v\u00e9gzetts\u00e9g<\/li>\n<li class=\"bodytext\">bet\u00f6lt\u00f6tt 16,5 \u00e9let\u00e9v<\/li>\n<li class=\"bodytext\">Feln\u0151ttk\u00e9pz\u00e9si szerz\u0151d\u00e9s megk\u00f6t\u00e9se az iskol\u00e1val<\/li>\n<li class=\"bodytext\">h\u00e1ziorvos \u00e1ltal kiadott orvosi alkalmass\u00e1gi v\u00e9lem\u00e9ny (mely k\u00e9s\u0151bb is leadhat\u00f3, de m\u00e9g az elm\u00e9leti vizsgajelent\u00e9s el\u0151tt)<\/li>\n<\/ul>\n<h2 class=\"bodytext\" align=\"justify\"><strong>KRESZ Elm\u00e9leti tand\u00edj: 39.000 Ft<\/strong><\/h2>\n<h2 lang=\"hu-HU\" align=\"JUSTIFY\"><span style=\"font-family: Times New Roman, serif;\"><b>III. ker\u00fcleti, budakal\u00e1szi, pom\u00e1zi, szentendrei lakosoknak 2 000 Ft kedvezm\u00e9nyt adunk!<\/b><\/span><\/h2>\n<p class=\"bodytext\" align=\"justify\">Gyakorlati oktat\u00e1s:<\/p>\n<p class=\"bodytext\" align=\"justify\">Az iskol\u00e1nkban KRESZ-tanfolyamot v\u00e9gz\u0151 tanul\u00f3ink r\u00e9sz\u00e9re a gyakorlati k\u00e9pz\u00e9st biztos\u00edtjuk.<\/p>\n<p class=\"bodytext\" align=\"justify\">a gyakorlati vezet\u00e9s \u00e1ra: 11.000 Ft\/ \u00f3ra<\/p>\n<p align=\"justify\">Jogszab\u00e1ly szerint 30 gyakorlati vezet\u00e9si \u00f3ra k\u00f6telez\u0151.<\/p>\n<p class=\"bodytext\" align=\"justify\">Els\u0151seg\u00e9ly tanfolyam: a KRESZ tanfolyam befejez\u00e9s\u00e9vel eg\u00e9szs\u00e9g\u00fcgyi tanfolyam on-line n\u00e1lunk megrendelhet\u0151 \u00e9s elv\u00e9gezhet\u0151.<\/p>\n<p class=\"bodytext\" align=\"justify\">A k\u00f6z\u00fati j\u00e1rm\u0171vezet\u0151i vizsg\u00e1k d\u00edjai:<br \/>Elm\u00e9leti vizsga<br \/>Sz\u00e1m\u00edt\u00f3g\u00e9pes elm\u00e9leti vizsga 4.600 Ft+\u00fcgyint\u00e9z\u00e9s<\/p>\n<p class=\"bodytext\" align=\"justify\">Gyakorlati vizsga 11.000 Ft+\u00fcgyint\u00e9z\u00e9s<\/p>\n<p class=\"bodytext\" align=\"justify\">A tanfolyam megkezd\u00e9s\u00e9ig, jelentkez\u00e9skor csak az elm\u00e9leti tand\u00edjat kell befizetni!<\/p>\n<\/td>\n<td>\n<div align=\"center\">\n<p><img loading=\"lazy\" decoding=\"async\" class=\"\" src=\"http:\/\/www.goforgo.utazas.hu\/img\/autosisk\/kresz-02.jpg\" alt=\"\" width=\"196\" height=\"197\" \/><\/p>\n<p><img loading=\"lazy\" decoding=\"async\" src=\"http:\/\/www.goforgo.utazas.hu\/img\/autosisk\/kresz-01.jpg\" alt=\"\" width=\"200\" height=\"125\" \/><\/p>\n<\/div>\n<\/td>\n<\/tr>\n<tr>\n<td colspan=\"2\">\n<p class=\"bodytext\">KRESZ VIZSG\u00c1RA val\u00f3 jelentkez\u00e9s felt\u00e9tele a bet\u00f6lt\u00f6tt 16 \u00e9s h\u00e1romnegyed \u00e9v<br \/>Tanfolyamunkon az al\u00e1bbi elm\u00e9leti tant\u00e1rgyakat tan\u00edtjuk:<br \/>K\u00f6zleked\u00e9si ismeretek: 20 \u00f3ra<br \/>Vezet\u00e9selm\u00e9let : 4 \u00f3ra<br \/>M\u0171szaki ismeretek: 4 \u00f3ra<\/p>\n<p class=\"bodytext\"><strong><em>Tantermi oktat\u00e1s megfelel l\u00e9tsz\u00e1m eset\u00e9n!<\/em><\/strong><\/p>\n<p class=\"bodytext\">Csak sikeres elm\u00e9leti vizsga (KRESZ, vezet\u00e9selm\u00e9let, m\u0171szaki; 55 k\u00e9rd\u00e9s) ut\u00e1n kezd\u0151dik meg a gyakorlati k\u00e9pz\u00e9s, mely k\u00e9t r\u00e9szb\u0151l \u00e1ll: alapoktat\u00e1s, f\u0151oktat\u00e1s, bizonyos rutin feladatok gyakorl\u00e1sa.<\/p>\n<h2 style=\"text-align: center;\">\u00a0<strong>KRESZ tanul\u00e1s otthon, e-learning k\u00e9pz\u00e9si form\u00e1ban.<\/strong><\/h2>\n<p class=\"bodytextcent style1\">E k\u00e9pz\u00e9s keret\u00e9n bel\u00fcl lehet\u0151s\u00e9ge van r\u00e1, hogy otthon, a sz\u00e1m\u00edt\u00f3g\u00e9p el\u0151tt \u00fclve tanulja meg az elm\u00e9leti anyagot, az \u00d6n id\u0151beoszt\u00e1s\u00e1nak megfelel\u0151en tud tanulni!<\/p>\n<p class=\"bodytextcent style1\">A tanfolyam megkezd\u00e9s\u00e9hez mindenk\u00e9ppen <b>t\u00f6ltse ki a honlapon az ON-LINE jelentkez\u00e9si lapot \u00e9s a megk\u00fcld\u00f6tt szerz\u0151d\u00e9s\u00fcnk alapj\u00e1n fizesse be a KRESZ elm\u00e9leti tand\u00edjat!\u00a0<\/b><\/p>\n<p>Az on-line jelentkez\u00e9s ut\u00e1n megk\u00fcldj\u00fck a feln\u0151ttk\u00e9pz\u00e9si szerz\u0151d\u00e9st \u00e9s a mell\u00e9kelt lev\u00e9ben az utal\u00e1si adatokat.<\/p>\n<p class=\"bodytextcent style1\" style=\"text-align: center;\"><a href=\"https:\/\/www.goforgo.hu\/index.php\/e-learning-kresz-oktatasra-valo-jelentkezes\/\"><img loading=\"lazy\" decoding=\"async\" class=\" wp-image-1581 aligncenter\" src=\"https:\/\/www.goforgo.hu\/wp-content\/uploads\/2015\/10\/eE_learning_fotoli.jpg\" alt=\"eE_learning_fotoli\" width=\"209\" height=\"209\" srcset=\"https:\/\/www.goforgo.hu\/wp-content\/uploads\/2015\/10\/eE_learning_fotoli.jpg 270w, https:\/\/www.goforgo.hu\/wp-content\/uploads\/2015\/10\/eE_learning_fotoli-150x150.jpg 150w\" sizes=\"auto, (max-width: 209px) 100vw, 209px\" \/><\/a><\/p>\n<p class=\"bodytext\"><em><strong>Gyakorlat:<\/strong><\/em><br \/>K\u00f6telez\u0151 j\u00e1rm\u0171vezet\u00e9s gyakorlat \u00f3rasz\u00e1mai:<br \/>23 \u00f3ra alapoktat\u00e1s, v\u00e1rosi vezet\u00e9s<br \/>4 \u00f3ra orsz\u00e1g\u00fati vezet\u00e9s (min. 160 km)<br \/>2 \u00f3ra \u00e9jszakai vezet\u00e9s<br \/>Egy gyakorlati tan\u00f3ra<br \/>Vizsga: 1 \u00f3ra forgalmi vizsga<\/p>\n<p class=\"bodytext\" align=\"justify\"><strong>R\u00c9SZLETFIZET\u00c9SI LEHET\u0150S\u00c9G!<\/strong><\/p>\n<p class=\"bodytext\" align=\"justify\">A jogos\u00edtv\u00e1nyszerz\u00e9s anyagi terheit cs\u00f6kkenti, hogy a Forg\u00f3 Aut\u00f3siskola r\u00e9szletfizet\u00e9si lehet\u0151s\u00e9ggel v\u00e1llalja az \u00d6n k\u00e9pz\u00e9s\u00e9t.<\/p>\n<h2 class=\"bodytext\" align=\"justify\"><strong>\u00daJ!! 20 \u00e9ves korig a sikeres KRESZ vizsga elv\u00e9gz\u00e9s\u00e9t k\u00f6vet\u0151en 25 000 Ft-ot vissza lehet ig\u00e9nyelni a KRESZ tanfolyam d\u00edjb\u00f3l.<\/strong><\/h2>\n<p class=\"bodytext\" align=\"justify\">Tov\u00e1bb\u00e1 az els\u0151 jogos\u00edtv\u00e1nyt megszerz\u0151k r\u00e9sz\u00e9re a jogos\u00edtv\u00e1ny ki\u00e1ll\u00edt\u00e1sa d\u00edjtalan!<\/p>\n<p class=\"bodytext\" align=\"justify\">J\u00f3 tanul\u00e1st \u00e9s a sikeres vizsg\u00e1k ut\u00e1n sok balesetmentes kilom\u00e9tert k\u00edv\u00e1n a Forg\u00f3 Aut\u00f3siskola valamennyi munkat\u00e1rsa!<\/p>\n<p class=\"bodytext\" align=\"justify\"><strong>\u00a0<\/strong><\/p>\n<p class=\"bodytext\" align=\"justify\"><em>Forg\u00f3 Imre<br \/>iskolavezet\u0151<\/em><\/p>\n<p class=\"bodytextcent\" align=\"justify\"><strong>El\u00e9rhet\u0151s\u00e9g\u00fcnk:<\/strong><br \/>Cim: 1039 Budapest, Csob\u00e1nka t\u00e9r 5.<br \/>B\u00e9k\u00e1smegyeri K\u00f6z\u00f6ss\u00e9gi H\u00e1z<br \/>tel: 70\/6060-416<br \/>forgotravel@gmail.com<\/p>\n<h3 style=\"text-align: center;\"><strong><u>az iskola nyitva tart\u00e1sa: on-line<\/u><\/strong><\/h3>\n<h3 style=\"text-align: center;\"><strong>munkanapokon 9-17 k\u00f6z\u00f6tt<\/strong><\/h3>\n<h4 style=\"text-align: center;\"><strong>iskolavezet\u0151 h\u00edvhat\u00f3 a 06 70 416 6060 telefonsz\u00e1mon<\/strong><\/h4>\n<\/td>\n<\/tr>\n<tr>\n<td colspan=\"2\">\n<div align=\"center\"><img loading=\"lazy\" decoding=\"async\" src=\"http:\/\/www.goforgo.utazas.hu\/img\/autosisk\/autosiskola-2014.jpg\" alt=\"\" width=\"600\" height=\"415\" \/><\/div>\n<\/td>\n<\/tr>\n<\/tbody>\n<\/table>\n\n\n<p><a href=\"https:\/\/www.goforgo.hu\/index.php\/felnottkepzesi-szerzodes-minta\/\" data-type=\"page\" data-id=\"6441\">Feln\u0151ttk\u00e9pz\u00e9si szerz\u0151d\u00e9sminta<\/a><\/p>\n","protected":false},"excerpt":{"rendered":"<p>FORG\u00d3 AUT\u00d3SISKOLA Tisztelt \u00dcgyfeleink! Iskol\u00e1nk ONLINE- M\u0170K\u00d6DIK! \u00a0 Online KRESZ tanfolyamra itt lehet regisztr\u00e1lni!:\u00a0kattintson ide! Az aut\u00f3siskol\u00e1val kapcsolatban teljesk\u00f6r\u0171 felvil\u00e1gos\u00edt\u00e1st a +36 70 60 60 416-os telefonsz\u00e1mon kaphat! Az EDU-KRESZ tanfolyamra tov\u00e1bbra is v\u00e1rjuk jelentkez\u00e9s\u00fcket a honlapunkon vagy telefonon. On-line jelentkez\u00e9s Gyakorlati k\u00e9pz\u00e9sre (vezet\u00e9sre) val\u00f3 jelentkez\u00e9s eset\u00e9n h\u00edvja a +36 70 606 0416-os telefonsz\u00e1mot vagy k\u00fcldj\u00f6n e-mailt a forgotravel@gmail.com &#8211; ra \u00a0 Az EDU KRESZ felhaszn\u00e1l\u00e1si ideje:\u00a0 90 nap\/60 \u00f3ra ha letelik az tanul\u00e1si id\u0151, akkor p\u00f3thozz\u00e1f\u00e9r\u00e9st lehet rendelni az iskol\u00e1ban \u00fcgyeleti telefon:\u00a0 h\u00e9tf\u0151 &#8211; p\u00e9ntek \u00e9s 9-17 \u00f3ra k\u00f6z\u00f6tt:+36 70 60 60 416 Jelentkez\u00e9s e-learning tanfolyamra Felh\u00edvjuk figyelm\u00fcket az okm\u00e1nyki\u00e1ll\u00edt\u00e1s ingyeness\u00e9g\u00e9nek v\u00e1ltoz\u00e1s\u00e1ra: https:\/\/vizsgakozpont.hu\/hirek\/tajekoztato-az-automatikus-okmanykiallitas-dijkotelesse-valasarol FORG\u00d3 AUT\u00d3SISKOLA &#8211; AUT\u00d3VEZET\u0150I TANFOLYAMOK \u00d6r\u00f6mmel \u00fcdv\u00f6z\u00f6lj\u00fck \u00faj jelentkez\u0151ink k\u00f6z\u00f6tt! A Forg\u00f3 Aut\u00f3siskola Budapest egyik legr\u00e9gebbi alap\u00edt\u00e1s\u00fa mag\u00e1n iskol\u00e1ja, 1990-ben alakult. Aut\u00f3siskol\u00e1nk dolgoz\u00f3i ezt megel\u0151z\u0151en is g\u00e9pj\u00e1rm\u0171vezet\u0151i k\u00e9pz\u00e9ssel foglalkoztak. Az iskola a jelentkez\u0151ket (tanul\u00f3kat) \u00dcgyf\u00e9lnek tekinti, mely k\u00f6telezetts\u00e9gekkel j\u00e1r. Nem aj\u00e1nlunk fel be nem tarthat\u00f3 \u00edg\u00e9reteket. Munk\u00e1nkat a mindenkori t\u00f6rv\u00e9nyek, rendeletek betart\u00e1s\u00e1t figyelembe v\u00e9ve v\u00e9gezz\u00fck. C\u00e9lunk, hogy \u00fcgyfeleink, tanul\u00f3ink sikeres g\u00e9pj\u00e1rm\u0171vezet\u0151i vizsg\u00e1t tegyenek, jogos\u00edtv\u00e1nyt szerezzenek. Sz\u00e1m\u00edt\u00f3g\u00e9pes KRESZ oktat\u00e1s. \u00a0 Aut\u00f3s iskol\u00e1nk a k\u00f6vetkez\u0151 felt\u00e9telekkel biztos\u00edtja a B kateg\u00f3ri\u00e1s k\u00e9pz\u00e9st az \u00d6n sz\u00e1m\u00e1ra: Jelentkez\u00e9si felt\u00e9telek: minimum alapfok\u00fa iskolai v\u00e9gzetts\u00e9g bet\u00f6lt\u00f6tt 16,5 \u00e9let\u00e9v Feln\u0151ttk\u00e9pz\u00e9si szerz\u0151d\u00e9s megk\u00f6t\u00e9se az iskol\u00e1val h\u00e1ziorvos \u00e1ltal kiadott orvosi alkalmass\u00e1gi v\u00e9lem\u00e9ny (mely k\u00e9s\u0151bb is leadhat\u00f3, de m\u00e9g az elm\u00e9leti vizsgajelent\u00e9s el\u0151tt) KRESZ Elm\u00e9leti tand\u00edj: 39.000 Ft III. ker\u00fcleti, budakal\u00e1szi, pom\u00e1zi, szentendrei lakosoknak 2 000 Ft kedvezm\u00e9nyt adunk! Gyakorlati oktat\u00e1s: Az iskol\u00e1nkban KRESZ-tanfolyamot v\u00e9gz\u0151 tanul\u00f3ink r\u00e9sz\u00e9re a gyakorlati k\u00e9pz\u00e9st biztos\u00edtjuk. a gyakorlati vezet\u00e9s \u00e1ra: 11.000 Ft\/ \u00f3ra Jogszab\u00e1ly szerint 30 gyakorlati vezet\u00e9si \u00f3ra k\u00f6telez\u0151. Els\u0151seg\u00e9ly tanfolyam: a KRESZ tanfolyam befejez\u00e9s\u00e9vel eg\u00e9szs\u00e9g\u00fcgyi tanfolyam on-line n\u00e1lunk megrendelhet\u0151 \u00e9s elv\u00e9gezhet\u0151. A k\u00f6z\u00fati j\u00e1rm\u0171vezet\u0151i vizsg\u00e1k d\u00edjai:Elm\u00e9leti vizsgaSz\u00e1m\u00edt\u00f3g\u00e9pes elm\u00e9leti vizsga 4.600 Ft+\u00fcgyint\u00e9z\u00e9s Gyakorlati vizsga 11.000 Ft+\u00fcgyint\u00e9z\u00e9s A tanfolyam megkezd\u00e9s\u00e9ig, jelentkez\u00e9skor csak az elm\u00e9leti tand\u00edjat kell befizetni! KRESZ VIZSG\u00c1RA val\u00f3 jelentkez\u00e9s felt\u00e9tele a bet\u00f6lt\u00f6tt 16 \u00e9s h\u00e1romnegyed \u00e9vTanfolyamunkon az al\u00e1bbi elm\u00e9leti tant\u00e1rgyakat tan\u00edtjuk:K\u00f6zleked\u00e9si ismeretek: 20 \u00f3raVezet\u00e9selm\u00e9let : 4 \u00f3raM\u0171szaki ismeretek: 4 \u00f3ra Tantermi oktat\u00e1s megfelel l\u00e9tsz\u00e1m eset\u00e9n! Csak sikeres elm\u00e9leti vizsga (KRESZ, vezet\u00e9selm\u00e9let, m\u0171szaki; 55 k\u00e9rd\u00e9s) ut\u00e1n kezd\u0151dik meg a gyakorlati k\u00e9pz\u00e9s, mely k\u00e9t r\u00e9szb\u0151l \u00e1ll: alapoktat\u00e1s, f\u0151oktat\u00e1s, bizonyos rutin feladatok gyakorl\u00e1sa. \u00a0KRESZ tanul\u00e1s otthon, e-learning k\u00e9pz\u00e9si form\u00e1ban. E k\u00e9pz\u00e9s keret\u00e9n bel\u00fcl lehet\u0151s\u00e9ge van r\u00e1, hogy otthon, a sz\u00e1m\u00edt\u00f3g\u00e9p el\u0151tt \u00fclve tanulja meg az elm\u00e9leti anyagot, az \u00d6n id\u0151beoszt\u00e1s\u00e1nak megfelel\u0151en tud tanulni! A tanfolyam megkezd\u00e9s\u00e9hez mindenk\u00e9ppen t\u00f6ltse ki a honlapon az ON-LINE jelentkez\u00e9si lapot \u00e9s a megk\u00fcld\u00f6tt szerz\u0151d\u00e9s\u00fcnk alapj\u00e1n fizesse be a KRESZ elm\u00e9leti tand\u00edjat!\u00a0 Az on-line jelentkez\u00e9s ut\u00e1n megk\u00fcldj\u00fck a feln\u0151ttk\u00e9pz\u00e9si szerz\u0151d\u00e9st \u00e9s a mell\u00e9kelt lev\u00e9ben az utal\u00e1si adatokat. Gyakorlat:K\u00f6telez\u0151 j\u00e1rm\u0171vezet\u00e9s gyakorlat \u00f3rasz\u00e1mai:23 \u00f3ra alapoktat\u00e1s, v\u00e1rosi vezet\u00e9s4 \u00f3ra orsz\u00e1g\u00fati vezet\u00e9s (min. 160 km)2 \u00f3ra \u00e9jszakai vezet\u00e9sEgy gyakorlati tan\u00f3raVizsga: 1 \u00f3ra forgalmi vizsga R\u00c9SZLETFIZET\u00c9SI LEHET\u0150S\u00c9G! A jogos\u00edtv\u00e1nyszerz\u00e9s anyagi terheit cs\u00f6kkenti, hogy a Forg\u00f3 Aut\u00f3siskola r\u00e9szletfizet\u00e9si lehet\u0151s\u00e9ggel v\u00e1llalja az \u00d6n k\u00e9pz\u00e9s\u00e9t. \u00daJ!! 20 \u00e9ves korig a sikeres KRESZ vizsga elv\u00e9gz\u00e9s\u00e9t k\u00f6vet\u0151en 25 000 Ft-ot vissza lehet ig\u00e9nyelni a KRESZ tanfolyam d\u00edjb\u00f3l. Tov\u00e1bb\u00e1 az els\u0151 jogos\u00edtv\u00e1nyt megszerz\u0151k r\u00e9sz\u00e9re a jogos\u00edtv\u00e1ny ki\u00e1ll\u00edt\u00e1sa d\u00edjtalan! J\u00f3 tanul\u00e1st \u00e9s a sikeres vizsg\u00e1k ut\u00e1n sok balesetmentes kilom\u00e9tert k\u00edv\u00e1n a Forg\u00f3 Aut\u00f3siskola valamennyi munkat\u00e1rsa! \u00a0 Forg\u00f3 Imreiskolavezet\u0151 El\u00e9rhet\u0151s\u00e9g\u00fcnk:Cim: 1039 Budapest, Csob\u00e1nka t\u00e9r 5.B\u00e9k\u00e1smegyeri K\u00f6z\u00f6ss\u00e9gi H\u00e1ztel: 70\/6060-416forgotravel@gmail.com az iskola nyitva tart\u00e1sa: on-line munkanapokon 9-17 k\u00f6z\u00f6tt iskolavezet\u0151 h\u00edvhat\u00f3 a 06 70 416 6060 telefonsz\u00e1mon Feln\u0151ttk\u00e9pz\u00e9si szerz\u0151d\u00e9sminta<\/p>\n","protected":false},"author":1,"featured_media":0,"parent":0,"menu_order":0,"comment_status":"closed","ping_status":"closed","template":"","meta":{"footnotes":""},"class_list":["post-32","page","type-page","status-publish","hentry"],"_links":{"self":[{"href":"https:\/\/www.goforgo.hu\/index.php\/wp-json\/wp\/v2\/pages\/32","targetHints":{"allow":["GET"]}}],"collection":[{"href":"https:\/\/www.goforgo.hu\/index.php\/wp-json\/wp\/v2\/pages"}],"about":[{"href":"https:\/\/www.goforgo.hu\/index.php\/wp-json\/wp\/v2\/types\/page"}],"author":[{"embeddable":true,"href":"https:\/\/www.goforgo.hu\/index.php\/wp-json\/wp\/v2\/users\/1"}],"replies":[{"embeddable":true,"href":"https:\/\/www.goforgo.hu\/index.php\/wp-json\/wp\/v2\/comments?post=32"}],"version-history":[{"count":99,"href":"https:\/\/www.goforgo.hu\/index.php\/wp-json\/wp\/v2\/pages\/32\/revisions"}],"predecessor-version":[{"id":7405,"href":"https:\/\/www.goforgo.hu\/index.php\/wp-json\/wp\/v2\/pages\/32\/revisions\/7405"}],"wp:attachment":[{"href":"https:\/\/www.goforgo.hu\/index.php\/wp-json\/wp\/v2\/media?parent=32"}],"curies":[{"name":"wp","href":"https:\/\/api.w.org\/{rel}","templated":true}]}}