{"id":337,"date":"2015-11-23T07:18:41","date_gmt":"2015-11-23T07:18:41","guid":{"rendered":"http:\/\/www.goforgo.hu\/?page_id=337"},"modified":"2018-01-15T11:09:21","modified_gmt":"2018-01-15T11:09:21","slug":"velencei-karneval-4-nap1-ej","status":"publish","type":"page","link":"https:\/\/www.goforgo.hu\/index.php\/velencei-karneval-4-nap1-ej\/","title":{"rendered":"Velencei karnev\u00e1l 4 nap\/1 \u00e9j ****-os sz\u00e1llod\u00e1ban"},"content":{"rendered":"<p class=\"western\"><a href=\"https:\/\/www.goforgo.hu\/index.php\/velencei-karneval-4-nap1-ej\/venice_carnival_-_masked_lovers_2010\/\" rel=\"attachment wp-att-2132\"><img loading=\"lazy\" decoding=\"async\" class=\"wp-image-2132 aligncenter\" src=\"https:\/\/www.goforgo.hu\/wp-content\/uploads\/2015\/11\/Venice_Carnival_-_Masked_Lovers_2010-1-1024x683.jpg\" alt=\"venice_carnival_-_masked_lovers_2010\" width=\"648\" height=\"432\" \/><\/a><\/p>\n<p class=\"western\"><span style=\"font-family: Times New Roman,serif;\"><span style=\"font-size: medium;\"><b>Id\u0151pont<\/b>: <b>2017.01.26-29.\u00a0\u00a0\u00a0\u00a0\u00a0\u00a0\u00a0\u00a0\u00a0\u00a0\u00a0\u00a0\u00a0\u00a0\u00a0\u00a0\u00a0\u00a0\u00a0\u00a0\u00a0\u00a0\u00a0\u00a0\u00a0\u00a0\u00a0\u00a0\u00a0\u00a0\u00a0\u00a0\u00a0\u00a0\u00a0\u00a0\u00a0 <\/b>Poz\u00edci\u00f3sz\u00e1m: 18\/IVK\/01<\/span><\/span><\/p>\n<p class=\"western\"><span style=\"font-family: Times New Roman,serif;\"><span style=\"font-size: medium;\"><b>Utaz\u00e1s:<\/b> az utasl\u00e9tsz\u00e1mnak megfelel\u0151 aut\u00f3busszal\u00a0 <\/span><\/span><\/p>\n<p class=\"western\"><span style=\"font-family: Times New Roman,serif;\"><span style=\"font-size: medium;\"><b>\u00datvonal:<\/b> Budapest \u2013 Nagykanizsa \u2013\u00a0 Maribor \u2013 Ljubljana \u2013 Treviso &#8211; Velence \u2013 Budapest (kb. 1500 km)<\/span><\/span><\/p>\n<p class=\"western\"><span style=\"font-family: Times New Roman,serif;\"><span style=\"font-size: medium;\"><b>Ell\u00e1t\u00e1s:<\/b> reggeli\u00a0\u00a0\u00a0\u00a0\u00a0\u00a0\u00a0\u00a0\u00a0\u00a0\u00a0\u00a0\u00a0\u00a0\u00a0\u00a0\u00a0\u00a0 <\/span><\/span><\/p>\n<p class=\"western\"><span style=\"font-family: Times New Roman,serif;\"><span style=\"font-size: medium;\"><b>Elhelyez\u00e9s:<\/b> Treviso mellett ****-os sz\u00e1llod\u00e1ban, 2-3 \u00e1gyas, f\u00fcrd\u0151szob\u00e1s szob\u00e1kba, <strong>WIFI<\/strong> <\/span><\/span><\/p>\n<p class=\"western\"><img loading=\"lazy\" decoding=\"async\" id=\"rbImage\" class=\"aligncenter\" src=\"http:\/\/www.hotelspresiano.it\/images\/stories\/jpg\/camera1.jpg\" alt=\"\" width=\"450\" height=\"300\" \/><\/p>\n<p class=\"western\"><img loading=\"lazy\" decoding=\"async\" id=\"rbImage\" class=\"aligncenter\" src=\"http:\/\/www.hotelspresiano.it\/images\/stories\/jpg\/camera2.jpg\" alt=\"\" width=\"452\" height=\"246\" \/><\/p>\n<p class=\"western\"><span style=\"font-family: Times New Roman,serif;\"><span style=\"font-size: medium;\"><b>Indul\u00e1s:<\/b><b> <\/b><\/span><\/span><\/p>\n<p class=\"western\"><span style=\"font-family: Times New Roman,serif;\"><span style=\"font-size: medium;\"><b>20:30<\/b>-kor N\u00e9pliget, M3 metr\u00f3meg\u00e1ll\u00f3n\u00e1l, Planet\u00e1rium el\u0151l.<\/span><\/span><\/p>\n<p>&nbsp;<\/p>\n<h2 class=\"western\" lang=\"hu-HU\" style=\"text-align: center;\"><span style=\"font-size: large;\"><u>Program:<\/u><\/span><\/h2>\n<p align=\"justify\"><b>1. nap:<\/b> Utaz\u00e1s r\u00f6vid pihen\u0151kkel, \u00e9jszaka az aut\u00f3buszon.<\/p>\n<p align=\"justify\"><img loading=\"lazy\" decoding=\"async\" id=\"irc_mi\" class=\"aligncenter\" src=\"http:\/\/www.alkupon.hu\/img\/173_VELENCEI-KARNEVAL_3jpg.jpg\" alt=\"\" width=\"410\" height=\"293\" \/><\/p>\n<p align=\"justify\"><b>2. nap:<\/b> A reggeli \u00f3r\u00e1kban \u00e9rkez\u00e9s<b> TREVISO vas\u00fat\u00e1llom\u00e1s\u00e1ra<\/b>. (A le illetve felsz\u00e1ll\u00e1s az aut\u00f3buszr\u00f3l itt t\u00f6rt\u00e9nik.) Utaz\u00e1s menetrendszerinti vonatokkal Velenc\u00e9be. <i><u>A vonatjegy \u00e1ra oda-vissza 8 \u20ac\/f\u0151, mely indul\u00e1skor a buszon fizetend\u0151 eur\u00f3ban.<\/u><\/i> Aj\u00e1nlott program: Szent M\u00e1rk t\u00e9r \u00e9s Bazilika, Doge palota, Rialto h\u00edd, Frari templom megtekint\u00e9se. \u00c9s mindehhez a XVIII. sz\u00e1zad hangulat\u00e1t id\u00e9z\u0151 ruh\u00e1k, az akkori farsangol\u00f3k \u00e1larcai, mutatv\u00e1nyosok, z\u00e1szl\u00f3forgat\u00f3k \u00e9s t\u0171znyel\u0151k szolg\u00e1ltatj\u00e1k a h\u00e1tteret. D\u00e9lut\u00e1n gy\u00fclekez\u00e9s a vas\u00fat\u00e1llom\u00e1son, Velenc\u00e9ben.\u00a0 <b>17.00-kor indul\u00e1s Treviso vas\u00fat\u00e1llom\u00e1s\u00e1r\u00f3l a hotelbe<\/b>. (Fakultat\u00edv vacsora: 5 500 Ft\/f\u0151)<\/p>\n<p align=\"justify\"><img loading=\"lazy\" decoding=\"async\" class=\"irc_mut aligncenter\" src=\"https:\/\/encrypted-tbn2.gstatic.com\/images?q=tbn:ANd9GcQU_Nv17eXj_oD4TVRebVGY6SEfoe8jD0k9ykwbqB2ZL2bq2zBq\" alt=\"\" width=\"524\" height=\"393\" \/><\/p>\n<p align=\"justify\"><b>3. nap:<\/b> Reggeli ut\u00e1n, 8.30-kor kik\u00f6lt\u00f6z\u00e9s a sz\u00e1llod\u00e1b\u00f3l, utaz\u00e1s <b>TREVISO vas\u00fat\u00e1llom\u00e1s\u00e1ra<\/b>. (A le illetve felsz\u00e1ll\u00e1s az aut\u00f3buszr\u00f3l itt t\u00f6rt\u00e9nik.) Utaz\u00e1s menetrendszerinti vonatokkal Velenc\u00e9be. <i><u>A vonatjegy \u00e1ra oda-vissza 8 \u20ac\/f\u0151, mely indul\u00e1skor a buszon fizetend\u0151 eur\u00f3ban.<\/u><\/i>.<i> <\/i><i><b>Ezen a napon \u00fajra belevethetj\u00fck magunkat a karnev\u00e1l forgatag\u00e1ba.<\/b><\/i><\/p>\n<p align=\"justify\"><i><b> <\/b><\/i><b>20.00-t\u00f3l<\/b> gy\u00fclekez\u00e9s a vas\u00fat\u00e1llom\u00e1son, <b>20.30-kor indul\u00e1s haza. <\/b><\/p>\n<p align=\"justify\"><b>4. nap:<\/b> A d\u00e9lel\u0151tti \u00f3r\u00e1kban \u00e9rkez\u00e9s Budapestre. Lesz\u00e1ll\u00e1si lehet\u0151s\u00e9g az aut\u00f3buszr\u00f3l a felsz\u00e1ll\u00e1ssal megegyez\u0151 helyeken!<\/p>\n<p style=\"text-align: center;\" align=\"justify\"><strong><span style=\"font-size: x-large;\">R\u00e9szv\u00e9teli d\u00edj: 35 900 Ft\/f\u0151<\/span><\/strong><\/p>\n<p>&nbsp;<\/p>\n<h2 class=\"western\" lang=\"hu-HU\" style=\"text-align: center;\">\u00a0<span style=\"font-size: large;\">Csoportoknak, iskol\u00e1scsoportoknak (min. 18 f\u0151) 10 % kedvezm\u00e9ny<\/span><\/h2>\n<p lang=\"hu-HU\" align=\"center\"><b>Egy\u00e1gyas fel\u00e1r: 6.500 Ft\u00a0\u00a0\u00a0\u00a0\u00a0\u00a0 F\u00e9lpanzi\u00f3s fel\u00e1r: 5.500 Ft\/f\u0151\/vacsora <\/b><\/p>\n<p lang=\"hu-HU\" align=\"center\"><i><u><b>A vonatjegy \u00e1ra 2 napra, oda-vissza 16 \u20ac\/f\u0151, mely indul\u00e1skor a buszon fizetend\u0151 eur\u00f3ban.<\/b><\/u><\/i><\/p>\n<p lang=\"hu-HU\" align=\"center\"><span style=\"font-family: Agency FB,sans-serif;\"><span style=\"font-size: large;\"><i><u><b>Trevisoban, \u00e9rkez\u00e9skor RETUR jegyet vesz\u00fcnk, <\/b><\/u><\/i><\/span><\/span><\/p>\n<p lang=\"hu-HU\" align=\"center\"><span style=\"font-family: Agency FB,sans-serif;\"><span style=\"font-size: large;\"><i><u><b>mivel este a velencei \u00e1llom\u00e1son hatalmas sorok k\u00edgy\u00f3znak a p\u00e9nzt\u00e1rok el\u00f6tt!<\/b><\/u><\/i><\/span><\/span><\/p>\n<p><i><u><b>A r\u00e9szv\u00e9teli d\u00edj tartalmazza<\/b><\/u><\/i><i><b>:<\/b><\/i><i> a sz\u00e1ll\u00e1sk\u00f6lts\u00e9get a megadott ell\u00e1t\u00e1ssal (1 x b\u00fcf\u00e9 reggeli), az aut\u00f3buszos utaz\u00e1s k\u00f6lts\u00e9geit \u00e9s a csoportk\u00eds\u00e9r\u00e9st az aut\u00f3buszon.<\/i><\/p>\n<p class=\"western\"><span style=\"font-size: small;\"><span style=\"font-size: medium;\"><i><u><b>A r\u00e9szv\u00e9teli d\u00edj nem tartalmazza<\/b><\/u><\/i><\/span><span style=\"font-size: medium;\"><i><b>:<\/b><\/i><\/span><span style=\"font-size: medium;\"><i> a bel\u00e9p\u0151jegyeket, a vonatjegyeket, a fakultat\u00edv vacsor\u00e1t \u00e9s a BBP- biztos\u00edt\u00e1st, mely irod\u00e1inkban megk\u00f6thet\u0151k<\/i><\/span><\/span><\/p>\n<p class=\"western\" align=\"justify\"><span style=\"font-size: small;\"><span style=\"font-size: medium;\"><i><u><b>Kedvezm\u00e9nyek<\/b><\/u><\/i><\/span><span style=\"font-size: medium;\"><b>: Iskol\u00e1s csoportoknak 18 f\u0151 felett 10%<\/b><\/span><\/span><\/p>\n<p lang=\"hu-HU\" align=\"center\"><b>\u00c1rainkat 310 Ft = 1 \u20ac \u00e1rfolyamig tudjuk garant\u00e1lni!<\/b><\/p>\n<p lang=\"hu-HU\" align=\"center\"><b>\u00c9LM\u00c9NYEKBEN GAZDAG UTAZ\u00c1ST, KELLEMES KIKAPCSOL\u00d3D\u00c1ST K\u00cdV\u00c1NUNK!<\/b><\/p>\n","protected":false},"excerpt":{"rendered":"<p>Id\u0151pont: 2017.01.26-29.\u00a0\u00a0\u00a0\u00a0\u00a0\u00a0\u00a0\u00a0\u00a0\u00a0\u00a0\u00a0\u00a0\u00a0\u00a0\u00a0\u00a0\u00a0\u00a0\u00a0\u00a0\u00a0\u00a0\u00a0\u00a0\u00a0\u00a0\u00a0\u00a0\u00a0\u00a0\u00a0\u00a0\u00a0\u00a0\u00a0\u00a0 Poz\u00edci\u00f3sz\u00e1m: 18\/IVK\/01 Utaz\u00e1s: az utasl\u00e9tsz\u00e1mnak megfelel\u0151 aut\u00f3busszal\u00a0 \u00datvonal: Budapest \u2013 Nagykanizsa \u2013\u00a0 Maribor \u2013 Ljubljana \u2013 Treviso &#8211; Velence \u2013 Budapest (kb. 1500 km) Ell\u00e1t\u00e1s: reggeli\u00a0\u00a0\u00a0\u00a0\u00a0\u00a0\u00a0\u00a0\u00a0\u00a0\u00a0\u00a0\u00a0\u00a0\u00a0\u00a0\u00a0\u00a0 Elhelyez\u00e9s: Treviso mellett ****-os sz\u00e1llod\u00e1ban, 2-3 \u00e1gyas, f\u00fcrd\u0151szob\u00e1s szob\u00e1kba, WIFI Indul\u00e1s: 20:30-kor N\u00e9pliget, M3 metr\u00f3meg\u00e1ll\u00f3n\u00e1l, Planet\u00e1rium el\u0151l. &nbsp; Program: 1. nap: Utaz\u00e1s r\u00f6vid pihen\u0151kkel, \u00e9jszaka az aut\u00f3buszon. 2. nap: A reggeli \u00f3r\u00e1kban \u00e9rkez\u00e9s TREVISO vas\u00fat\u00e1llom\u00e1s\u00e1ra. (A le illetve felsz\u00e1ll\u00e1s az aut\u00f3buszr\u00f3l itt t\u00f6rt\u00e9nik.) Utaz\u00e1s menetrendszerinti vonatokkal Velenc\u00e9be. A vonatjegy \u00e1ra oda-vissza 8 \u20ac\/f\u0151, mely indul\u00e1skor a buszon fizetend\u0151 eur\u00f3ban. Aj\u00e1nlott program: Szent M\u00e1rk t\u00e9r \u00e9s Bazilika, Doge palota, Rialto h\u00edd, Frari templom megtekint\u00e9se. \u00c9s mindehhez a XVIII. sz\u00e1zad hangulat\u00e1t id\u00e9z\u0151 ruh\u00e1k, az akkori farsangol\u00f3k \u00e1larcai, mutatv\u00e1nyosok, z\u00e1szl\u00f3forgat\u00f3k \u00e9s t\u0171znyel\u0151k szolg\u00e1ltatj\u00e1k a h\u00e1tteret. D\u00e9lut\u00e1n gy\u00fclekez\u00e9s a vas\u00fat\u00e1llom\u00e1son, Velenc\u00e9ben.\u00a0 17.00-kor indul\u00e1s Treviso vas\u00fat\u00e1llom\u00e1s\u00e1r\u00f3l a hotelbe. (Fakultat\u00edv vacsora: 5 500 Ft\/f\u0151) 3. nap: Reggeli ut\u00e1n, 8.30-kor kik\u00f6lt\u00f6z\u00e9s a sz\u00e1llod\u00e1b\u00f3l, utaz\u00e1s TREVISO vas\u00fat\u00e1llom\u00e1s\u00e1ra. (A le illetve felsz\u00e1ll\u00e1s az aut\u00f3buszr\u00f3l itt t\u00f6rt\u00e9nik.) Utaz\u00e1s menetrendszerinti vonatokkal Velenc\u00e9be. A vonatjegy \u00e1ra oda-vissza 8 \u20ac\/f\u0151, mely indul\u00e1skor a buszon fizetend\u0151 eur\u00f3ban.. Ezen a napon \u00fajra belevethetj\u00fck magunkat a karnev\u00e1l forgatag\u00e1ba. 20.00-t\u00f3l gy\u00fclekez\u00e9s a vas\u00fat\u00e1llom\u00e1son, 20.30-kor indul\u00e1s haza. 4. nap: A d\u00e9lel\u0151tti \u00f3r\u00e1kban \u00e9rkez\u00e9s Budapestre. Lesz\u00e1ll\u00e1si lehet\u0151s\u00e9g az aut\u00f3buszr\u00f3l a felsz\u00e1ll\u00e1ssal megegyez\u0151 helyeken! R\u00e9szv\u00e9teli d\u00edj: 35 900 Ft\/f\u0151 &nbsp; \u00a0Csoportoknak, iskol\u00e1scsoportoknak (min. 18 f\u0151) 10 % kedvezm\u00e9ny Egy\u00e1gyas fel\u00e1r: 6.500 Ft\u00a0\u00a0\u00a0\u00a0\u00a0\u00a0 F\u00e9lpanzi\u00f3s fel\u00e1r: 5.500 Ft\/f\u0151\/vacsora A vonatjegy \u00e1ra 2 napra, oda-vissza 16 \u20ac\/f\u0151, mely indul\u00e1skor a buszon fizetend\u0151 eur\u00f3ban. Trevisoban, \u00e9rkez\u00e9skor RETUR jegyet vesz\u00fcnk, mivel este a velencei \u00e1llom\u00e1son hatalmas sorok k\u00edgy\u00f3znak a p\u00e9nzt\u00e1rok el\u00f6tt! A r\u00e9szv\u00e9teli d\u00edj tartalmazza: a sz\u00e1ll\u00e1sk\u00f6lts\u00e9get a megadott ell\u00e1t\u00e1ssal (1 x b\u00fcf\u00e9 reggeli), az aut\u00f3buszos utaz\u00e1s k\u00f6lts\u00e9geit \u00e9s a csoportk\u00eds\u00e9r\u00e9st az aut\u00f3buszon. A r\u00e9szv\u00e9teli d\u00edj nem tartalmazza: a bel\u00e9p\u0151jegyeket, a vonatjegyeket, a fakultat\u00edv vacsor\u00e1t \u00e9s a BBP- biztos\u00edt\u00e1st, mely irod\u00e1inkban megk\u00f6thet\u0151k Kedvezm\u00e9nyek: Iskol\u00e1s csoportoknak 18 f\u0151 felett 10% \u00c1rainkat 310 Ft = 1 \u20ac \u00e1rfolyamig tudjuk garant\u00e1lni! \u00c9LM\u00c9NYEKBEN GAZDAG UTAZ\u00c1ST, KELLEMES KIKAPCSOL\u00d3D\u00c1ST K\u00cdV\u00c1NUNK!<\/p>\n","protected":false},"author":1,"featured_media":0,"parent":0,"menu_order":0,"comment_status":"closed","ping_status":"closed","template":"","meta":{"footnotes":""},"class_list":["post-337","page","type-page","status-publish","hentry"],"_links":{"self":[{"href":"https:\/\/www.goforgo.hu\/index.php\/wp-json\/wp\/v2\/pages\/337","targetHints":{"allow":["GET"]}}],"collection":[{"href":"https:\/\/www.goforgo.hu\/index.php\/wp-json\/wp\/v2\/pages"}],"about":[{"href":"https:\/\/www.goforgo.hu\/index.php\/wp-json\/wp\/v2\/types\/page"}],"author":[{"embeddable":true,"href":"https:\/\/www.goforgo.hu\/index.php\/wp-json\/wp\/v2\/users\/1"}],"replies":[{"embeddable":true,"href":"https:\/\/www.goforgo.hu\/index.php\/wp-json\/wp\/v2\/comments?post=337"}],"version-history":[{"count":15,"href":"https:\/\/www.goforgo.hu\/index.php\/wp-json\/wp\/v2\/pages\/337\/revisions"}],"predecessor-version":[{"id":3814,"href":"https:\/\/www.goforgo.hu\/index.php\/wp-json\/wp\/v2\/pages\/337\/revisions\/3814"}],"wp:attachment":[{"href":"https:\/\/www.goforgo.hu\/index.php\/wp-json\/wp\/v2\/media?parent=337"}],"curies":[{"name":"wp","href":"https:\/\/api.w.org\/{rel}","templated":true}]}}