{"id":3453,"date":"2017-06-06T17:05:28","date_gmt":"2017-06-06T17:05:28","guid":{"rendered":"http:\/\/www.goforgo.hu\/?page_id=3453"},"modified":"2023-02-11T06:50:08","modified_gmt":"2023-02-11T06:50:08","slug":"a-boszniai-piramisok-titkai-4-napos","status":"publish","type":"page","link":"https:\/\/www.goforgo.hu\/index.php\/a-boszniai-piramisok-titkai-4-napos\/","title":{"rendered":"A boszniai piramisok titkai  &#8211; 4 napos"},"content":{"rendered":"<p class=\"western\" style=\"padding-left: 40px; text-align: left;\" align=\"left\"><span style=\"font-size: medium;\"><b>Id\u0151pontok : <\/b><\/span><span style=\"font-size: medium;\"><b>2023.04.06-09.<br \/>\n<\/b><\/span><\/p>\n<p class=\"western\" align=\"left\"><span style=\"font-size: medium;\">A t\u00f6bbi id\u0151pontunk el\u0151k\u00e9sz\u00edt\u00e9s alatt<\/span><\/p>\n<p class=\"western\" align=\"left\"><span style=\"font-size: medium;\"><br \/>\n<\/span><span style=\"font-size: medium;\"><b>\u00datvonal :<\/b> Budapest \u2013 Udvar \u2013 Esz\u00e9k \u2013 Zavidovici &#8211; Visoko \u2013 Mostar &#8211; Budapest kb. 1600 km<\/span><\/p>\n<p class=\"western\" align=\"left\"><span style=\"font-size: medium;\"><b>Utaz\u00e1s :<\/b> az utasl\u00e9tsz\u00e1mnak megfelel\u0151 aut\u00f3busszal<\/span><\/p>\n<p class=\"western\" align=\"left\"><span style=\"font-size: medium;\"><b>Ell\u00e1t\u00e1s: <\/b>f\u00e9lpanzi\u00f3 (3xreggeli+ 3xvacsora)<span style=\"font-size: medium;\"><br \/>\n<\/span><\/span><\/p>\n<p class=\"western\" align=\"left\"><span style=\"font-size: medium;\"><b>Idegenvezet\u00e9s: <\/b>neves piramiskutat\u00f3k \u00e9s helyi szak\u00e9rt\u0151 r\u00e9g\u00e9szek<\/span><\/p>\n<p class=\"western\" align=\"left\"><img loading=\"lazy\" decoding=\"async\" class=\"size-full wp-image-3454 aligncenter\" src=\"https:\/\/www.goforgo.hu\/wp-content\/uploads\/2017\/06\/piramis-\u00e9s-z\u00e1szl\u00f3.jpg\" alt=\"piramis \u00e9s z\u00e1szl\u00f3\" width=\"753\" height=\"441\" srcset=\"https:\/\/www.goforgo.hu\/wp-content\/uploads\/2017\/06\/piramis-\u00e9s-z\u00e1szl\u00f3.jpg 753w, https:\/\/www.goforgo.hu\/wp-content\/uploads\/2017\/06\/piramis-\u00e9s-z\u00e1szl\u00f3-300x176.jpg 300w\" sizes=\"auto, (max-width: 753px) 100vw, 753px\" \/><\/p>\n<p class=\"western\" align=\"center\"><span style=\"font-size: large;\"><u><b>PROGRAM:<\/b><\/u><\/span><\/p>\n<p align=\"justify\"><span style=\"font-size: medium;\"><b>1. nap: Indul\u00e1s: <\/b><\/span><\/p>\n<p align=\"justify\"><span style=\"font-size: medium;\">6:00-kor Budapest, N\u00e9pliget Planet\u00e1rium el\u0151l<\/span><\/p>\n<p align=\"justify\"><span style=\"font-size: medium;\">6:30-kor Buda\u00f6rs, AGIP benzin k\u00fat (McDonald&#8217;s)<\/span><\/p>\n<p class=\"western\" style=\"text-align: justify;\"><span style=\"font-size: medium;\">Folyamatos utaz\u00e1s r\u00f6vid pihen\u0151kkel. <\/span><em><span style=\"font-size: medium;\">Bosznia<\/span><\/em><span style=\"font-size: medium;\">-Hercegovina Zavidovic v\u00e1rosa k\u00f6zel\u00e9ben t\u00f6bb <\/span><em><span style=\"font-size: medium;\">k\u0151goly\u00f3t is<\/span><\/em><span style=\"font-size: medium;\"> tal\u00e1ltak, <\/span><span style=\"font-size: medium;\">melyeket egy patak medr\u00e9ben tal\u00e1ltak \u00e9s k\u00fcl\u00f6nleges, gy\u00f3gy\u00edt\u00f3 kisug\u00e1rz\u00e1suk van.<\/span><span style=\"font-size: medium;\"> Ezek megn\u00e9z\u00e9se ut\u00e1n m\u00e1r a piramisok v\u00f6lgy\u00e9ben ismerkedhet\u00fcnk a helysz\u00ednnel. Este a sz\u00e1ll\u00e1sok elfoglal\u00e1sa, vacsora.<\/span><\/p>\n<p style=\"text-align: center;\"><strong><a href=\"https:\/\/www.goforgo.hu\/index.php\/a-boszniai-piramisok-titkai-4-napos\/kogolyo\/\" rel=\"attachment wp-att-5780\"><img loading=\"lazy\" decoding=\"async\" class=\"alignnone  wp-image-5780\" src=\"https:\/\/www.goforgo.hu\/wp-content\/uploads\/2022\/03\/kogolyo.jpg\" alt=\"\" width=\"446\" height=\"250\" \/><\/a><\/strong><\/p>\n<p><strong>2. nap:<\/strong> A napot a piramisok k\u00f6z\u00f6tt t\u00f6ltj\u00fck. Visokon\u00e1l a helyi vezet\u0151 seg\u00edts\u00e9g\u00e9vel, aki a kutat\u00e1sban is r\u00e9szt vesz megtekintj\u00fck a k\u00fcls\u0151 felt\u00e1r\u00e1sokat \u00e9s a piramisok \u00e1ltal rejtett \u00e9p\u00edt\u00e9szeti, szakr\u00e1lis \u00e9s (rov\u00e1s)\u00edr\u00e1sos eml\u00e9keket. Bemegy\u00fcnk a piramis belsej\u00e9be, a m\u00e1r felt\u00e1rt j\u00e1ratokba, majd megm\u00e1sszuk a Nap Piramist \u00e9s felmegy\u00fcnk a Hold Piramisra. K\u00e9s\u0151 d\u00e9lut\u00e1n ell\u00e1togatunk a Tumulushoz, ami egykor k\u00fcl\u00f6nleges temetkez\u00e9si hely volt.<\/p>\n<p class=\"western\"><a href=\"https:\/\/www.goforgo.hu\/index.php\/a-boszniai-piramisok-titkai-4-napos\/bosznia-3\/\" rel=\"attachment wp-att-5774\"><img loading=\"lazy\" decoding=\"async\" class=\"wp-image-5774 aligncenter\" src=\"https:\/\/www.goforgo.hu\/wp-content\/uploads\/2022\/03\/Bosznia-3-1024x768.jpg\" alt=\"\" width=\"699\" height=\"524\" srcset=\"https:\/\/www.goforgo.hu\/wp-content\/uploads\/2022\/03\/Bosznia-3-1024x768.jpg 1024w, https:\/\/www.goforgo.hu\/wp-content\/uploads\/2022\/03\/Bosznia-3-300x225.jpg 300w, https:\/\/www.goforgo.hu\/wp-content\/uploads\/2022\/03\/Bosznia-3-768x576.jpg 768w, https:\/\/www.goforgo.hu\/wp-content\/uploads\/2022\/03\/Bosznia-3-1536x1152.jpg 1536w, https:\/\/www.goforgo.hu\/wp-content\/uploads\/2022\/03\/Bosznia-3.jpg 1600w\" sizes=\"auto, (max-width: 699px) 100vw, 699px\" \/><\/a><\/p>\n<p class=\"western\" style=\"text-align: justify;\"><span style=\"font-size: medium;\"><b>3.nap:<\/b><\/span><span style=\"font-size: medium;\"> Reggeli ut\u00e1n ezen a napon kir\u00e1ndulunk: Els\u0151 l\u00e1tnival\u00f3nk Mostar. Hercegovina legnagyobb telep\u00fcl\u00e9se, a boszniai horv\u00e1tok kultur\u00e1lis, politikai k\u00f6zpontja. Megtekintj\u00fck a helyre\u00e1ll\u00edtott \u201e\u00d6reg hidat\u201d, mely az UNESCO kultur\u00e1lis \u00f6r\u00f6ks\u00e9g\u00e9hez tartozik. R\u00f6vid szabadid\u0151 ut\u00e1n tov\u00e1bb utazunk.<\/span><\/p>\n<p><a href=\"https:\/\/www.goforgo.hu\/index.php\/a-boszniai-piramisok-titkai-4-napos\/mostar_old_town_panorama_2007\/\" rel=\"attachment wp-att-5776\"><img loading=\"lazy\" decoding=\"async\" class=\"wp-image-5776 aligncenter\" src=\"https:\/\/www.goforgo.hu\/wp-content\/uploads\/2022\/03\/Mostar_Old_Town_Panorama_2007-1024x685.jpg\" alt=\"\" width=\"701\" height=\"469\" srcset=\"https:\/\/www.goforgo.hu\/wp-content\/uploads\/2022\/03\/Mostar_Old_Town_Panorama_2007-1024x685.jpg 1024w, https:\/\/www.goforgo.hu\/wp-content\/uploads\/2022\/03\/Mostar_Old_Town_Panorama_2007-300x201.jpg 300w, https:\/\/www.goforgo.hu\/wp-content\/uploads\/2022\/03\/Mostar_Old_Town_Panorama_2007-768x514.jpg 768w, https:\/\/www.goforgo.hu\/wp-content\/uploads\/2022\/03\/Mostar_Old_Town_Panorama_2007.jpg 1200w\" sizes=\"auto, (max-width: 701px) 100vw, 701px\" \/><\/a><\/p>\n<p class=\"western\" style=\"text-align: justify;\"><span style=\"font-size: medium;\">A csoport ig\u00e9nye szerint vagy a <em>BUNA forr\u00e1s-\u00a0\u00a0 Stolac v\u00e1ra Daorson (megalit v\u00e1rosrom) \u00fatvonalat v\u00e1lasztjuk<\/em> <\/span><\/p>\n<p class=\"western\" style=\"text-align: justify;\"><span style=\"font-size: medium;\">vagy BUNA forr\u00e1s\u00a0\u00a0 &#8211; Kravice v\u00edzes\u00e9s- Pocitelj \u00fatvonalon indulunk vissza a sz\u00e1ll\u00e1sunkra.<br \/>\n<\/span><\/p>\n<p class=\"western\" style=\"text-align: justify;\"><em><span style=\"font-size: medium;\"><span style=\"text-decoration: underline;\"><strong>Boszniai megalitok!<\/strong><\/span> Az emberis\u00e9g t\u00f6rt\u00e9nelm\u00e9nek legnagyobb r\u00e9g\u00e9szeti felfedez\u00e9se \u00e9s tal\u00e1nya. \u00c1ltalunk ismeretlen id\u0151kben, ismeretlenek \u00e1ltal,ismeretlen c\u00e9llal \u00f3ri\u00e1si, t\u00f6bb t\u00edz tonn\u00e1s k\u00f6vekb\u0151l\u00a0 \u00e9p\u00edtett piramisok, rejt\u00e9lyes negyven m\u00e9ter m\u00e9lyen kacskaring\u00f3z\u00f3 alagutak-melyek hatalmas hun-sz\u00e9kely rov\u00e1sos mesters\u00e9ges ker\u00e1mia t\u00f6mb\u00f6ket rejtenek, k\u00e9t m\u00e9ter feletti \u00e1tm\u00e9r\u0151j\u0171 k\u0151goly\u00f3k, magas csillag\u00e1szati ismereteket hordoz\u00f3 obeliszk. A ma ember\u00e9nek megoldhatatlan gondot okozna a felhaszn\u00e1lt anyagok egy r\u00e9sz\u00e9nek legy\u00e1rt\u00e1sa,sz\u00e1ll\u00edt\u00e1sa . Az itt kutakod\u00f3 egyetemi \u00e9s fizikai int\u00e9zetek tud\u00f3sai meglep\u0151dve fedezik fel az \u00e9p\u00edtm\u00e9nyek \u00e1ltal keltett k\u00fcl\u00f6nf\u00e9le -r\u00e9szint ismert ,r\u00e9szint eddig\u00a0 ismeretlen (eg\u00e9szs\u00e9gre vesz\u00e9lytelen, s\u0151t bizony\u00edtottan azt jav\u00edt\u00f3) sug\u00e1rz\u00e1sok jelenl\u00e9t\u00e9t , pr\u00f3b\u00e1lj\u00e1k megfejteni sz\u00e1munkra \u00fajszer\u0171 keletkez\u00e9si\u00a0 m\u00f3djukat. Nem csoda hogy a hivatalos tudom\u00e1ny -m\u00e1r csak egy r\u00e9sze &#8211; makacs, sokszor gyerekes- m\u00f3don k\u00e9ptelen felfogni \u00e9s elismerni az ott tapasztaltakat.<\/span><\/em><\/p>\n<p class=\"western\" style=\"text-align: justify;\"><a href=\"https:\/\/www.goforgo.hu\/index.php\/a-boszniai-piramisok-titkai-4-napos\/20180728_113708\/\" rel=\"attachment wp-att-4731\"><img loading=\"lazy\" decoding=\"async\" class=\"wp-image-4731 aligncenter\" src=\"https:\/\/www.goforgo.hu\/wp-content\/uploads\/2017\/06\/20180728_113708-1024x576.jpg\" alt=\"20180728_113708\" width=\"700\" height=\"394\" srcset=\"https:\/\/www.goforgo.hu\/wp-content\/uploads\/2017\/06\/20180728_113708-1024x576.jpg 1024w, https:\/\/www.goforgo.hu\/wp-content\/uploads\/2017\/06\/20180728_113708-300x169.jpg 300w, https:\/\/www.goforgo.hu\/wp-content\/uploads\/2017\/06\/20180728_113708-768x432.jpg 768w, https:\/\/www.goforgo.hu\/wp-content\/uploads\/2017\/06\/20180728_113708.jpg 2048w\" sizes=\"auto, (max-width: 700px) 100vw, 700px\" \/><\/a><\/p>\n<p class=\"western\" style=\"text-align: justify;\"><span style=\"font-size: medium;\">Mivel a Megalitokat buszunk nem tudja megk\u00f6zel\u00edteni, \u00edgy helyi taxikat kell ig\u00e9nybe venn\u00fcnk.\u00a0<\/span><\/p>\n<p class=\"western\" style=\"text-align: justify;\"><span style=\"font-size: medium;\">Este visszat\u00e9r\u00fcnk sz\u00e1ll\u00e1sunkra.<\/span><\/p>\n<p class=\"western\" style=\"text-align: center;\"><a href=\"https:\/\/www.goforgo.hu\/index.php\/a-boszniai-piramisok-titkai-4-napos\/obelix\/\" rel=\"attachment wp-att-5777\"><img loading=\"lazy\" decoding=\"async\" class=\"wp-image-5777 alignleft\" src=\"https:\/\/www.goforgo.hu\/wp-content\/uploads\/2022\/03\/Obelix-576x1024.jpg\" alt=\"\" width=\"386\" height=\"686\" srcset=\"https:\/\/www.goforgo.hu\/wp-content\/uploads\/2022\/03\/Obelix-576x1024.jpg 576w, https:\/\/www.goforgo.hu\/wp-content\/uploads\/2022\/03\/Obelix-169x300.jpg 169w, https:\/\/www.goforgo.hu\/wp-content\/uploads\/2022\/03\/Obelix-768x1365.jpg 768w, https:\/\/www.goforgo.hu\/wp-content\/uploads\/2022\/03\/Obelix-864x1536.jpg 864w, https:\/\/www.goforgo.hu\/wp-content\/uploads\/2022\/03\/Obelix.jpg 1152w\" sizes=\"auto, (max-width: 386px) 100vw, 386px\" \/><\/a><\/p>\n<p><strong>4.nap: <\/strong>Indul\u00e1s hazafel\u00e9, \u00fatk\u00f6zben egy, \u00fajonnan (2017-ben) felfedezett obeliszket n\u00e9z\u00fcnk meg. A szakemberek szerint komoly csillag\u00e1szati \u00fczenetet tartalmaz, mely kapcsolatban van a piramisokkal. Hosszabb pihen\u0151t tartunk De\u00e1k\u00f3v\u00e1ron (Dakovo, Diakov\u00e1r) \u00e9s megtekintj\u00fck h\u00edres, XIX.sz-i hatalmas sz\u00e9kesegyh\u00e1z\u00e1t. \u00c9rkez\u00e9s Budapestre az esti \u00f3r\u00e1kban. Lesz\u00e1ll\u00e1si lehet\u0151s\u00e9g a felsz\u00e1ll\u00e1ssal megegyez\u0151 helyeken.<\/p>\n<p class=\"western\"><strong><span style=\"font-size: medium;\">Amit megn\u00e9z\u00fcnk:<\/span><\/strong><\/p>\n<p class=\"western\"><span style=\"font-size: medium;\">Zavidovic \u2013 k\u0151goly\u00f3k<\/span><\/p>\n<p class=\"western\" align=\"left\"><span style=\"font-size: medium;\">Nap piramis<\/span><\/p>\n<p class=\"western\" align=\"left\"><span style=\"font-size: medium;\">felt\u00e1rt alag\u00fat rendszer<\/span><\/p>\n<p class=\"western\" align=\"left\"><span style=\"font-size: medium;\">a piramis cs\u00facs\u00e1ra felm\u00e1szunk<\/span><\/p>\n<p class=\"western\" align=\"left\"><span style=\"font-size: medium;\">d\u00e9li oldal k\u00fclsz\u00edni felt\u00e1r\u00e1sok<\/span><\/p>\n<p class=\"western\" align=\"left\"><span style=\"font-size: medium;\">Hold piramis<\/span><\/p>\n<p class=\"western\" align=\"left\"><span style=\"font-size: medium;\">k\u00fcls\u0151 felt\u00e1r\u00e1sok<\/span><\/p>\n<p class=\"western\" align=\"left\"><span style=\"font-size: medium;\">Tumulus &#8211;\u00a0<\/span><span style=\"font-size: medium;\">k\u00fcl\u00f6nleges temetkez\u00e9si hely<\/span><\/p>\n<p class=\"western\" align=\"left\"><span style=\"font-size: medium;\">obeliszk<\/span><\/p>\n<h1 class=\"western\" style=\"text-align: center;\" align=\"left\"><strong><span style=\"font-size: x-large;\">R\u00e9szv\u00e9teli d\u00edj: 52 000 Ft + 350 \u20ac<br \/>\n<\/span><\/strong><\/h1>\n<p align=\"center\"><span style=\"font-size: medium;\"><i><b>( A valuta \u00e1rf. ingadoz\u00e1sa miatt befizet\u00e9s a napi \u00e1rf. figyelembe v\u00e9tel\u00e9vel!)<\/b><\/i><\/span><\/p>\n<p align=\"center\"><span style=\"font-size: medium;\"><i><b><span style=\"text-decoration: underline;\">jelentkez\u00e9si hat\u00e1rid\u0151:<\/span> indul\u00e1s el\u0151tt 2 h\u00e9ttel, ezut\u00e1n a r\u00e9szv\u00e9teli d\u00edj v\u00e1rhat\u00f3an emelkedik<\/b><\/i><\/span><\/p>\n<p align=\"center\">Figyelem!<\/p>\n<p align=\"center\">Egyed\u00fcl jelentkez\u0151 utasainkat azonos nem\u0171, szint\u00e9n egyed\u00fcl jelentkez\u0151 utasunkkal t\u00e1rs\u00edtjuk! Amennyiben ragaszkodik az egy\u00e1gyas szob\u00e1hoz, jelentkez\u00e9skor, \u00edr\u00e1sban jelezze sz\u00e1munkra!<\/p>\n<p align=\"left\"><span style=\"font-size: medium;\"><span style=\"font-size: medium;\"><i><u><b>A r\u00e9szv\u00e9teli d\u00edj tartalmazza<\/b><\/u><\/i><\/span><span style=\"font-size: medium;\"><i><b>:<\/b><\/i><\/span><span style=\"font-size: medium;\"><i> a <\/i><\/span><span style=\"font-size: medium;\"><i>3<\/i><\/span><span style=\"font-size: medium;\"><i> \u00e9jszaka sz\u00e1ll\u00e1st, <\/i><\/span><span style=\"font-size: medium;\"><i>3<\/i><\/span><span style=\"font-size: medium;\"><i> reggeli + <\/i><\/span><span style=\"font-size: medium;\"><i>3<\/i><\/span><span style=\"font-size: medium;\"><i> vacsora, az \u00f6sszes bel\u00e9p\u0151t, helyi idegenvezet\u0151k \u00e9s az \u00e1sat\u00e1son kutat\u00f3 munkat\u00e1rsak d\u00edjaz\u00e1s\u00e1t, \u00e9s az aut\u00f3buszos utaz\u00e1s minden k\u00f6lts\u00e9g\u00e9t.<\/i><\/span><\/span><\/p>\n<p class=\"western\" align=\"left\"><span style=\"font-size: medium;\"><i><u><b>A r\u00e9szv\u00e9teli d\u00edj nem tartalmazza<\/b><\/u><\/i><\/span><span style=\"font-size: medium;\"><i><b>:<\/b><\/i> a BBP biztos\u00edt\u00e1st, mely irod\u00e1nkban megk\u00f6thet\u0151<b>\u00a0\u00e9s a sarajev\u00f3i s\u00f6r\u00f6z\u00e9st<\/b><\/span><\/p>\n<p align=\"left\">T\u00e1j\u00e9koztatjuk kedves Utasainkat, hogy a Bosznia Herzegovin\u00e1ba val\u00f3 beutaz\u00e1s \u00e9rv\u00e9nyes szab\u00e1lyait itt tal\u00e1lj\u00e1k:<\/p>\n<p><a href=\"https:\/\/konzuliszolgalat.kormany.hu\/europa-utazasi-tanacsok?bosznia-hercegovina\">https:\/\/konzuliszolgalat.kormany.hu\/europa-utazasi-tanacsok?bosznia-hercegovina<\/a><\/p>\n<p class=\"western\" align=\"center\"><b>\u00c9LM\u00c9NYEKBEN GAZDAG UTAZ\u00c1ST,<\/b><i><b> <\/b><\/i><b>J\u00d3 SZ\u00d3RAKOZ\u00c1ST K\u00cdV\u00c1NUNK!<\/b><\/p>\n<p class=\"western\" align=\"center\"><span style=\"font-size: large;\"><b>Jelentkez\u00e9s on-line: <\/b><\/span><u><a class=\"western\" href=\"mailto:info@goforgo.hu\"><span style=\"font-size: large;\"><b>info@goforgo.hu<\/b><\/span><\/a><\/u><\/p>\n<p class=\"western\" align=\"center\"><a href=\"https:\/\/www.goforgo.hu\/index.php\/a-boszniai-piramisok-titkai-4-napos\/blagaj-1\/\" rel=\"attachment wp-att-3458\"><img loading=\"lazy\" decoding=\"async\" class=\"alignnone wp-image-3458\" src=\"https:\/\/www.goforgo.hu\/wp-content\/uploads\/2017\/06\/blagaj-1.jpg\" alt=\"blagaj 1\" width=\"703\" height=\"527\" srcset=\"https:\/\/www.goforgo.hu\/wp-content\/uploads\/2017\/06\/blagaj-1.jpg 900w, https:\/\/www.goforgo.hu\/wp-content\/uploads\/2017\/06\/blagaj-1-300x225.jpg 300w, https:\/\/www.goforgo.hu\/wp-content\/uploads\/2017\/06\/blagaj-1-768x576.jpg 768w\" sizes=\"auto, (max-width: 703px) 100vw, 703px\" \/><\/a><\/p>\n<p align=\"center\"><a href=\"https:\/\/www.goforgo.hu\/index.php\/a-boszniai-piramisok-titkai-4-napos\/bosnia-nagy-ko-a-piramisban\/\" rel=\"attachment wp-att-5781\"><img loading=\"lazy\" decoding=\"async\" class=\"alignnone size-full wp-image-5781\" src=\"https:\/\/www.goforgo.hu\/wp-content\/uploads\/2022\/03\/Bosnia-nagy-ko-a-piramisban.jpg\" alt=\"\" width=\"275\" height=\"183\" \/><\/a><a href=\"https:\/\/www.goforgo.hu\/index.php\/a-boszniai-piramisok-titkai-4-napos\/kogolyo\/\" rel=\"attachment wp-att-5780\"><img loading=\"lazy\" decoding=\"async\" class=\"alignnone  wp-image-5780\" src=\"https:\/\/www.goforgo.hu\/wp-content\/uploads\/2022\/03\/kogolyo.jpg\" alt=\"\" width=\"327\" height=\"183\" \/><\/a> <a href=\"https:\/\/www.goforgo.hu\/index.php\/a-boszniai-piramisok-titkai-4-napos\/mostar_old_town_panorama_2007\/\" rel=\"attachment wp-att-5776\"><img loading=\"lazy\" decoding=\"async\" class=\"alignnone  wp-image-5776\" src=\"https:\/\/www.goforgo.hu\/wp-content\/uploads\/2022\/03\/Mostar_Old_Town_Panorama_2007-1024x685.jpg\" alt=\"\" width=\"702\" height=\"469\" srcset=\"https:\/\/www.goforgo.hu\/wp-content\/uploads\/2022\/03\/Mostar_Old_Town_Panorama_2007-1024x685.jpg 1024w, https:\/\/www.goforgo.hu\/wp-content\/uploads\/2022\/03\/Mostar_Old_Town_Panorama_2007-300x201.jpg 300w, https:\/\/www.goforgo.hu\/wp-content\/uploads\/2022\/03\/Mostar_Old_Town_Panorama_2007-768x514.jpg 768w, https:\/\/www.goforgo.hu\/wp-content\/uploads\/2022\/03\/Mostar_Old_Town_Panorama_2007.jpg 1200w\" sizes=\"auto, (max-width: 702px) 100vw, 702px\" \/><\/a><a href=\"https:\/\/www.goforgo.hu\/index.php\/a-boszniai-piramisok-titkai-4-napos\/pivara\/\" rel=\"attachment wp-att-5775\"><img loading=\"lazy\" decoding=\"async\" class=\"alignnone  wp-image-5775\" src=\"https:\/\/www.goforgo.hu\/wp-content\/uploads\/2022\/03\/pivara.jpg\" alt=\"\" width=\"699\" height=\"387\" srcset=\"https:\/\/www.goforgo.hu\/wp-content\/uploads\/2022\/03\/pivara.jpg 632w, https:\/\/www.goforgo.hu\/wp-content\/uploads\/2022\/03\/pivara-300x166.jpg 300w\" sizes=\"auto, (max-width: 699px) 100vw, 699px\" \/><\/a> <a href=\"https:\/\/www.goforgo.hu\/index.php\/a-boszniai-piramisok-titkai-4-napos\/bosznia-2\/\" rel=\"attachment wp-att-5773\"><img loading=\"lazy\" decoding=\"async\" class=\"alignnone  wp-image-5773\" src=\"https:\/\/www.goforgo.hu\/wp-content\/uploads\/2022\/03\/Bosznia-2.jpg\" alt=\"\" width=\"699\" height=\"904\" \/><\/a><\/p>\n","protected":false},"excerpt":{"rendered":"<p>Id\u0151pontok : 2023.04.06-09. A t\u00f6bbi id\u0151pontunk el\u0151k\u00e9sz\u00edt\u00e9s alatt \u00datvonal : Budapest \u2013 Udvar \u2013 Esz\u00e9k \u2013 Zavidovici &#8211; Visoko \u2013 Mostar &#8211; Budapest kb. 1600 km Utaz\u00e1s : az utasl\u00e9tsz\u00e1mnak megfelel\u0151 aut\u00f3busszal Ell\u00e1t\u00e1s: f\u00e9lpanzi\u00f3 (3xreggeli+ 3xvacsora) Idegenvezet\u00e9s: neves piramiskutat\u00f3k \u00e9s helyi szak\u00e9rt\u0151 r\u00e9g\u00e9szek PROGRAM: 1. nap: Indul\u00e1s: 6:00-kor Budapest, N\u00e9pliget Planet\u00e1rium el\u0151l 6:30-kor Buda\u00f6rs, AGIP benzin k\u00fat (McDonald&#8217;s) Folyamatos utaz\u00e1s r\u00f6vid pihen\u0151kkel. Bosznia-Hercegovina Zavidovic v\u00e1rosa k\u00f6zel\u00e9ben t\u00f6bb k\u0151goly\u00f3t is tal\u00e1ltak, melyeket egy patak medr\u00e9ben tal\u00e1ltak \u00e9s k\u00fcl\u00f6nleges, gy\u00f3gy\u00edt\u00f3 kisug\u00e1rz\u00e1suk van. Ezek megn\u00e9z\u00e9se ut\u00e1n m\u00e1r a piramisok v\u00f6lgy\u00e9ben ismerkedhet\u00fcnk a helysz\u00ednnel. Este a sz\u00e1ll\u00e1sok elfoglal\u00e1sa, vacsora. 2. nap: A napot a piramisok k\u00f6z\u00f6tt t\u00f6ltj\u00fck. Visokon\u00e1l a helyi vezet\u0151 seg\u00edts\u00e9g\u00e9vel, aki a kutat\u00e1sban is r\u00e9szt vesz megtekintj\u00fck a k\u00fcls\u0151 felt\u00e1r\u00e1sokat \u00e9s a piramisok \u00e1ltal rejtett \u00e9p\u00edt\u00e9szeti, szakr\u00e1lis \u00e9s (rov\u00e1s)\u00edr\u00e1sos eml\u00e9keket. Bemegy\u00fcnk a piramis belsej\u00e9be, a m\u00e1r felt\u00e1rt j\u00e1ratokba, majd megm\u00e1sszuk a Nap Piramist \u00e9s felmegy\u00fcnk a Hold Piramisra. K\u00e9s\u0151 d\u00e9lut\u00e1n ell\u00e1togatunk a Tumulushoz, ami egykor k\u00fcl\u00f6nleges temetkez\u00e9si hely volt. 3.nap: Reggeli ut\u00e1n ezen a napon kir\u00e1ndulunk: Els\u0151 l\u00e1tnival\u00f3nk Mostar. Hercegovina legnagyobb telep\u00fcl\u00e9se, a boszniai horv\u00e1tok kultur\u00e1lis, politikai k\u00f6zpontja. Megtekintj\u00fck a helyre\u00e1ll\u00edtott \u201e\u00d6reg hidat\u201d, mely az UNESCO kultur\u00e1lis \u00f6r\u00f6ks\u00e9g\u00e9hez tartozik. R\u00f6vid szabadid\u0151 ut\u00e1n tov\u00e1bb utazunk. A csoport ig\u00e9nye szerint vagy a BUNA forr\u00e1s-\u00a0\u00a0 Stolac v\u00e1ra Daorson (megalit v\u00e1rosrom) \u00fatvonalat v\u00e1lasztjuk vagy BUNA forr\u00e1s\u00a0\u00a0 &#8211; Kravice v\u00edzes\u00e9s- Pocitelj \u00fatvonalon indulunk vissza a sz\u00e1ll\u00e1sunkra. Boszniai megalitok! Az emberis\u00e9g t\u00f6rt\u00e9nelm\u00e9nek legnagyobb r\u00e9g\u00e9szeti felfedez\u00e9se \u00e9s tal\u00e1nya. \u00c1ltalunk ismeretlen id\u0151kben, ismeretlenek \u00e1ltal,ismeretlen c\u00e9llal \u00f3ri\u00e1si, t\u00f6bb t\u00edz tonn\u00e1s k\u00f6vekb\u0151l\u00a0 \u00e9p\u00edtett piramisok, rejt\u00e9lyes negyven m\u00e9ter m\u00e9lyen kacskaring\u00f3z\u00f3 alagutak-melyek hatalmas hun-sz\u00e9kely rov\u00e1sos mesters\u00e9ges ker\u00e1mia t\u00f6mb\u00f6ket rejtenek, k\u00e9t m\u00e9ter feletti \u00e1tm\u00e9r\u0151j\u0171 k\u0151goly\u00f3k, magas csillag\u00e1szati ismereteket hordoz\u00f3 obeliszk. A ma ember\u00e9nek megoldhatatlan gondot okozna a felhaszn\u00e1lt anyagok egy r\u00e9sz\u00e9nek legy\u00e1rt\u00e1sa,sz\u00e1ll\u00edt\u00e1sa . Az itt kutakod\u00f3 egyetemi \u00e9s fizikai int\u00e9zetek tud\u00f3sai meglep\u0151dve fedezik fel az \u00e9p\u00edtm\u00e9nyek \u00e1ltal keltett k\u00fcl\u00f6nf\u00e9le -r\u00e9szint ismert ,r\u00e9szint eddig\u00a0 ismeretlen (eg\u00e9szs\u00e9gre vesz\u00e9lytelen, s\u0151t bizony\u00edtottan azt jav\u00edt\u00f3) sug\u00e1rz\u00e1sok jelenl\u00e9t\u00e9t , pr\u00f3b\u00e1lj\u00e1k megfejteni sz\u00e1munkra \u00fajszer\u0171 keletkez\u00e9si\u00a0 m\u00f3djukat. Nem csoda hogy a hivatalos tudom\u00e1ny -m\u00e1r csak egy r\u00e9sze &#8211; makacs, sokszor gyerekes- m\u00f3don k\u00e9ptelen felfogni \u00e9s elismerni az ott tapasztaltakat. Mivel a Megalitokat buszunk nem tudja megk\u00f6zel\u00edteni, \u00edgy helyi taxikat kell ig\u00e9nybe venn\u00fcnk.\u00a0 Este visszat\u00e9r\u00fcnk sz\u00e1ll\u00e1sunkra. 4.nap: Indul\u00e1s hazafel\u00e9, \u00fatk\u00f6zben egy, \u00fajonnan (2017-ben) felfedezett obeliszket n\u00e9z\u00fcnk meg. A szakemberek szerint komoly csillag\u00e1szati \u00fczenetet tartalmaz, mely kapcsolatban van a piramisokkal. Hosszabb pihen\u0151t tartunk De\u00e1k\u00f3v\u00e1ron (Dakovo, Diakov\u00e1r) \u00e9s megtekintj\u00fck h\u00edres, XIX.sz-i hatalmas sz\u00e9kesegyh\u00e1z\u00e1t. \u00c9rkez\u00e9s Budapestre az esti \u00f3r\u00e1kban. Lesz\u00e1ll\u00e1si lehet\u0151s\u00e9g a felsz\u00e1ll\u00e1ssal megegyez\u0151 helyeken. Amit megn\u00e9z\u00fcnk: Zavidovic \u2013 k\u0151goly\u00f3k Nap piramis felt\u00e1rt alag\u00fat rendszer a piramis cs\u00facs\u00e1ra felm\u00e1szunk d\u00e9li oldal k\u00fclsz\u00edni felt\u00e1r\u00e1sok Hold piramis k\u00fcls\u0151 felt\u00e1r\u00e1sok Tumulus &#8211;\u00a0k\u00fcl\u00f6nleges temetkez\u00e9si hely obeliszk R\u00e9szv\u00e9teli d\u00edj: 52 000 Ft + 350 \u20ac ( A valuta \u00e1rf. ingadoz\u00e1sa miatt befizet\u00e9s a napi \u00e1rf. figyelembe v\u00e9tel\u00e9vel!) jelentkez\u00e9si hat\u00e1rid\u0151: indul\u00e1s el\u0151tt 2 h\u00e9ttel, ezut\u00e1n a r\u00e9szv\u00e9teli d\u00edj v\u00e1rhat\u00f3an emelkedik Figyelem! Egyed\u00fcl jelentkez\u0151 utasainkat azonos nem\u0171, szint\u00e9n egyed\u00fcl jelentkez\u0151 utasunkkal t\u00e1rs\u00edtjuk! Amennyiben ragaszkodik az egy\u00e1gyas szob\u00e1hoz, jelentkez\u00e9skor, \u00edr\u00e1sban jelezze sz\u00e1munkra! A r\u00e9szv\u00e9teli d\u00edj tartalmazza: a 3 \u00e9jszaka sz\u00e1ll\u00e1st, 3 reggeli + 3 vacsora, az \u00f6sszes bel\u00e9p\u0151t, helyi idegenvezet\u0151k \u00e9s az \u00e1sat\u00e1son kutat\u00f3 munkat\u00e1rsak d\u00edjaz\u00e1s\u00e1t, \u00e9s az aut\u00f3buszos utaz\u00e1s minden k\u00f6lts\u00e9g\u00e9t. A r\u00e9szv\u00e9teli d\u00edj nem tartalmazza: a BBP biztos\u00edt\u00e1st, mely irod\u00e1nkban megk\u00f6thet\u0151\u00a0\u00e9s a sarajev\u00f3i s\u00f6r\u00f6z\u00e9st T\u00e1j\u00e9koztatjuk kedves Utasainkat, hogy a Bosznia Herzegovin\u00e1ba val\u00f3 beutaz\u00e1s \u00e9rv\u00e9nyes szab\u00e1lyait itt tal\u00e1lj\u00e1k: https:\/\/konzuliszolgalat.kormany.hu\/europa-utazasi-tanacsok?bosznia-hercegovina \u00c9LM\u00c9NYEKBEN GAZDAG UTAZ\u00c1ST, J\u00d3 SZ\u00d3RAKOZ\u00c1ST K\u00cdV\u00c1NUNK! Jelentkez\u00e9s on-line: info@goforgo.hu<\/p>\n","protected":false},"author":1,"featured_media":0,"parent":0,"menu_order":0,"comment_status":"closed","ping_status":"closed","template":"","meta":{"footnotes":""},"class_list":["post-3453","page","type-page","status-publish","hentry"],"_links":{"self":[{"href":"https:\/\/www.goforgo.hu\/index.php\/wp-json\/wp\/v2\/pages\/3453","targetHints":{"allow":["GET"]}}],"collection":[{"href":"https:\/\/www.goforgo.hu\/index.php\/wp-json\/wp\/v2\/pages"}],"about":[{"href":"https:\/\/www.goforgo.hu\/index.php\/wp-json\/wp\/v2\/types\/page"}],"author":[{"embeddable":true,"href":"https:\/\/www.goforgo.hu\/index.php\/wp-json\/wp\/v2\/users\/1"}],"replies":[{"embeddable":true,"href":"https:\/\/www.goforgo.hu\/index.php\/wp-json\/wp\/v2\/comments?post=3453"}],"version-history":[{"count":50,"href":"https:\/\/www.goforgo.hu\/index.php\/wp-json\/wp\/v2\/pages\/3453\/revisions"}],"predecessor-version":[{"id":6007,"href":"https:\/\/www.goforgo.hu\/index.php\/wp-json\/wp\/v2\/pages\/3453\/revisions\/6007"}],"wp:attachment":[{"href":"https:\/\/www.goforgo.hu\/index.php\/wp-json\/wp\/v2\/media?parent=3453"}],"curies":[{"name":"wp","href":"https:\/\/api.w.org\/{rel}","templated":true}]}}