{"id":3549,"date":"2017-07-29T14:09:30","date_gmt":"2017-07-29T14:09:30","guid":{"rendered":"http:\/\/www.goforgo.hu\/?page_id=3549"},"modified":"2017-07-29T14:15:08","modified_gmt":"2017-07-29T14:15:08","slug":"dobsinai-jegbarlang-es-a-betleri-andrassy-kastely","status":"publish","type":"page","link":"https:\/\/www.goforgo.hu\/index.php\/dobsinai-jegbarlang-es-a-betleri-andrassy-kastely\/","title":{"rendered":"Dobsinai j\u00e9gbarlang \u00e9s a Betl\u00e9ri Andr\u00e1ssy kast\u00e9ly"},"content":{"rendered":"<p class=\"western\" align=\"left\"><b>Id\u0151pont<\/b>:\u00a0 \u00a02017.09.05.\u00a0 \u00a0\u00a0\u00a0\u00a0\u00a0\u00a0\u00a0\u00a0\u00a0\u00a0\u00a0\u00a0 \u00a0 \u00a0 \u00a0 \u00a0 \u00a0\u00a0\u00a0\u00a0 <b>Poz\u00edci\u00f3sz\u00e1m:<\/b><b> <\/b>17\/FDB\/05<\/p>\n<p class=\"western\"><b>Utaz\u00e1s:<\/b> az utasl\u00e9tsz\u00e1mnak megfelel\u0151 aut\u00f3busszal<\/p>\n<p class=\"western\" align=\"left\"><b>\u00datvonal:<\/b><b>\u00a0 <\/b>Bp \u2013 Dobsina &#8211; Betl\u00e9r \u2013 Bp (kb.500 km)<\/p>\n<p class=\"western\"><b>Ell\u00e1t\u00e1s:<\/b> \u00f6nell\u00e1t\u00f3<\/p>\n<p>&nbsp;<\/p>\n<h2 class=\"western\" align=\"center\"><u><b>PROGRAM:<\/b><\/u><\/h2>\n<p class=\"western\" align=\"justify\"><u><b>Indul\u00e1s<\/b><\/u><i><u><b>:<\/b><\/u><\/i><\/p>\n<p class=\"western\" align=\"left\"><b>6:0<\/b><b>0<\/b> \u2013 kor Pestszentl\u0151rinc, LIDL parkol\u00f3 (\u00dcll\u0151i \u00fat 379-381.)<\/p>\n<p class=\"western\" align=\"left\"><b> 6:30 <\/b>\u2013 kor N\u00e9pliget, M3 n\u00e9pligeti metr\u00f3meg\u00e1ll\u00f3, Planet\u00e1rium el\u0151l<\/p>\n<p class=\"western\" align=\"justify\">7:00-kor B\u00e9k\u00e1smegyer (felt\u00e9teles)<\/p>\n<p class=\"western\"><span style=\"font-size: small;\">Indul\u00e1s a kora reggeli \u00f3r\u00e1kban. Utunk els\u0151 \u00e1llom\u00e1sa <\/span><span style=\"font-size: small;\">a Dobsinai j\u00e9gbarlang, melyet a<\/span><span style=\"font-size: small;\"> parkol\u00f3b\u00f3l egy kb. 1 km hossz\u00fa, 130 m\u00e9ter szintk\u00fcl\u00f6nbs\u00e9g\u0171 kanyarg\u00f3s emelked\u0151 v\u00e9g\u00e9n <\/span><span style=\"font-size: small;\">\u00e9r\u00fcnk el. A<\/span> <strong><span style=\"font-size: small;\">Vil\u00e1g\u00f6r\u00f6ks\u00e9g<\/span><\/strong><span style=\"font-size: small;\"> r\u00e9sz\u00e9t k\u00e9pez\u0151 <\/span><strong><span style=\"font-size: small;\">Dobsinai j\u00e9gbarlang<\/span><\/strong><span style=\"font-size: small;\"> a vil\u00e1g egyik legjelent\u0151sebb j\u00e9gbarlangja, <\/span><span style=\"font-size: small;\">melyet<\/span><span style=\"font-size: small;\"> kb. 500 m\u00e9ter hossz\u00fas\u00e1g\u00fa <\/span><span style=\"font-size: small;\">ki\u00e9p\u00edtett \u00faton <\/span><span style=\"font-size: small;\">30 perc <\/span><span style=\"font-size: small;\">alatt j\u00e1runk be<\/span><span style=\"font-size: small;\">. A barlang <\/span><span style=\"font-size: small;\">t<\/span><span style=\"font-size: small;\">\u00falnyom\u00f3 r\u00e9sz\u00e9t jelenleg j\u00e9g t\u00f6lti ki, amely n\u00e9hol a mennyezetig \u00e9r. A j\u00e9g a barlangban mint padl\u00f3j\u00e9g, j\u00e9ges\u00e9s, j\u00e9gsztalagmit vagy j\u00e9goszlop jelenik meg.<\/span><\/p>\n<p class=\"western\"><a href=\"https:\/\/www.goforgo.hu\/index.php\/a-magas-tatra-gyongyszemei\/dobsina\/\" rel=\"attachment wp-att-3321\"><img loading=\"lazy\" decoding=\"async\" class=\"alignnone  wp-image-3321\" src=\"https:\/\/www.goforgo.hu\/wp-content\/uploads\/2017\/04\/dobsina.jpg\" alt=\"dobsina\" width=\"942\" height=\"628\" \/><\/a><\/p>\n<p class=\"western\"><span style=\"font-size: small;\">D\u00e9lut\u00e1n \u00e9rkez\u00fcnk <b>Betl\u00e9rre<\/b> \u00e9rkez\u00fcnk. Itt az <b>Andr\u00e1ssy csal\u00e1d kast\u00e9ly<\/b><b>\u00e1ban<\/b> tesz\u00fcnk l\u00e1togat\u00e1st. Ez a kast\u00e9ly egyike a legjobb \u00e1llapotban fennmaradt kast\u00e9lyainknak, nemcsak mag\u00e1t az \u00e9p\u00fcletet, hanem a berendez\u00e9s\u00e9t \u00e9s gy\u0171jtem\u00e9nyeit tekintve is. A legl\u00e1togatottabb m\u0171eml\u00e9kek k\u00f6z\u00e9 tartozik.<\/span><\/p>\n<p class=\"western\"><a href=\"https:\/\/www.goforgo.hu\/index.php\/dobsinai-jegbarlang-es-a-betleri-andrassy-kastely\/betler-belso\/\" rel=\"attachment wp-att-3552\"><img loading=\"lazy\" decoding=\"async\" class=\"alignnone size-large wp-image-3552\" src=\"https:\/\/www.goforgo.hu\/wp-content\/uploads\/2017\/07\/betl\u00e9r-bels\u0151-1024x768.jpg\" alt=\"betl\u00e9r bels\u0151\" width=\"1024\" height=\"768\" \/><\/a><\/p>\n<p class=\"western\"><span style=\"font-size: small;\">Indul\u00e1s Budapestre, v\u00e1rhat\u00f3 \u00e9rkez\u00e9s a k\u00e9s\u0151 esti \u00f3r\u00e1kban, lesz\u00e1ll\u00e1si lehet\u0151s\u00e9g a felsz\u00e1ll\u00e1ssal megegyez\u0151 helyeken.<\/span><\/p>\n<h2 class=\"western\" style=\"text-align: center;\"><span style=\"font-size: x-large;\">R\u00e9szv\u00e9teli d\u00edj: <\/span><span style=\"font-size: x-large;\">6<\/span> <span style=\"font-size: x-large;\">9<\/span><span style=\"font-size: x-large;\">00 Ft\/f\u0151<\/span><\/h2>\n<p align=\"left\"><span style=\"font-size: medium;\"><span style=\"font-size: small;\"><i><u><b>A r\u00e9szv\u00e9teli d\u00edj tartalmazza<\/b><\/u><\/i><\/span><span style=\"font-size: small;\"><i><b>:<\/b><\/i><\/span><span style=\"font-size: small;\"><i> az aut\u00f3buszos utaz\u00e1s k\u00f6lts\u00e9geit <\/i><\/span><\/span><\/p>\n<p class=\"western\" align=\"left\"><span style=\"font-size: small;\"><i><u><b>A r\u00e9szv\u00e9teli d\u00edj nem tartalmazza<\/b><\/u><\/i><\/span><span style=\"font-size: small;\"><i><b>:<\/b><\/i><\/span><span style=\"font-size: small;\"><i> a bel\u00e9p\u0151jegyeket, melyek a helysz\u00ednen fizetend\u0151k <\/i><\/span><\/p>\n<p class=\"western\" align=\"left\"><span style=\"font-size: small;\"><i><u><b>Kedvezm\u00e9nyek<\/b><\/u><\/i><\/span><span style=\"font-size: small;\"><i><b>:<\/b><\/i><\/span><span style=\"font-size: small;\"><i> t\u00f6rzsutasainknak, di\u00e1koknak 18 \u00e9ves korig, 65 \u00e9v feletti nyugd\u00edjasoknak 300 Ft. Kedvezm\u00e9nyeket \u00f6sszevonni nem lehet!<\/i><\/span><\/p>\n<p align=\"center\"><span style=\"font-size: medium;\"><span style=\"font-size: small;\"><b>\u00c9LM\u00c9NYEKBEN GAZDAG UTAZ\u00c1ST,<\/b><\/span><i><b> <\/b><\/i><span style=\"font-size: small;\"><b>J\u00d3 SZ\u00d3RAKOZ\u00c1ST K\u00cdV\u00c1NUNK!<\/b><\/span><\/span><\/p>\n<p align=\"center\"><a href=\"https:\/\/www.goforgo.hu\/index.php\/dobsinai-jegbarlang-es-a-betleri-andrassy-kastely\/betler\/\" rel=\"attachment wp-att-3553\"><img loading=\"lazy\" decoding=\"async\" class=\"alignnone size-large wp-image-3553\" src=\"https:\/\/www.goforgo.hu\/wp-content\/uploads\/2017\/07\/betl\u00e9r-1024x768.jpg\" alt=\"betl\u00e9r\" width=\"1024\" height=\"768\" \/><\/a><\/p>\n","protected":false},"excerpt":{"rendered":"<p>Id\u0151pont:\u00a0 \u00a02017.09.05.\u00a0 \u00a0\u00a0\u00a0\u00a0\u00a0\u00a0\u00a0\u00a0\u00a0\u00a0\u00a0\u00a0 \u00a0 \u00a0 \u00a0 \u00a0 \u00a0\u00a0\u00a0\u00a0 Poz\u00edci\u00f3sz\u00e1m: 17\/FDB\/05 Utaz\u00e1s: az utasl\u00e9tsz\u00e1mnak megfelel\u0151 aut\u00f3busszal \u00datvonal:\u00a0 Bp \u2013 Dobsina &#8211; Betl\u00e9r \u2013 Bp (kb.500 km) Ell\u00e1t\u00e1s: \u00f6nell\u00e1t\u00f3 &nbsp; PROGRAM: Indul\u00e1s: 6:00 \u2013 kor Pestszentl\u0151rinc, LIDL parkol\u00f3 (\u00dcll\u0151i \u00fat 379-381.) 6:30 \u2013 kor N\u00e9pliget, M3 n\u00e9pligeti metr\u00f3meg\u00e1ll\u00f3, Planet\u00e1rium el\u0151l 7:00-kor B\u00e9k\u00e1smegyer (felt\u00e9teles) Indul\u00e1s a kora reggeli \u00f3r\u00e1kban. Utunk els\u0151 \u00e1llom\u00e1sa a Dobsinai j\u00e9gbarlang, melyet a parkol\u00f3b\u00f3l egy kb. 1 km hossz\u00fa, 130 m\u00e9ter szintk\u00fcl\u00f6nbs\u00e9g\u0171 kanyarg\u00f3s emelked\u0151 v\u00e9g\u00e9n \u00e9r\u00fcnk el. A Vil\u00e1g\u00f6r\u00f6ks\u00e9g r\u00e9sz\u00e9t k\u00e9pez\u0151 Dobsinai j\u00e9gbarlang a vil\u00e1g egyik legjelent\u0151sebb j\u00e9gbarlangja, melyet kb. 500 m\u00e9ter hossz\u00fas\u00e1g\u00fa ki\u00e9p\u00edtett \u00faton 30 perc alatt j\u00e1runk be. A barlang t\u00falnyom\u00f3 r\u00e9sz\u00e9t jelenleg j\u00e9g t\u00f6lti ki, amely n\u00e9hol a mennyezetig \u00e9r. A j\u00e9g a barlangban mint padl\u00f3j\u00e9g, j\u00e9ges\u00e9s, j\u00e9gsztalagmit vagy j\u00e9goszlop jelenik meg. D\u00e9lut\u00e1n \u00e9rkez\u00fcnk Betl\u00e9rre \u00e9rkez\u00fcnk. Itt az Andr\u00e1ssy csal\u00e1d kast\u00e9ly\u00e1ban tesz\u00fcnk l\u00e1togat\u00e1st. Ez a kast\u00e9ly egyike a legjobb \u00e1llapotban fennmaradt kast\u00e9lyainknak, nemcsak mag\u00e1t az \u00e9p\u00fcletet, hanem a berendez\u00e9s\u00e9t \u00e9s gy\u0171jtem\u00e9nyeit tekintve is. A legl\u00e1togatottabb m\u0171eml\u00e9kek k\u00f6z\u00e9 tartozik. Indul\u00e1s Budapestre, v\u00e1rhat\u00f3 \u00e9rkez\u00e9s a k\u00e9s\u0151 esti \u00f3r\u00e1kban, lesz\u00e1ll\u00e1si lehet\u0151s\u00e9g a felsz\u00e1ll\u00e1ssal megegyez\u0151 helyeken. R\u00e9szv\u00e9teli d\u00edj: 6 900 Ft\/f\u0151 A r\u00e9szv\u00e9teli d\u00edj tartalmazza: az aut\u00f3buszos utaz\u00e1s k\u00f6lts\u00e9geit A r\u00e9szv\u00e9teli d\u00edj nem tartalmazza: a bel\u00e9p\u0151jegyeket, melyek a helysz\u00ednen fizetend\u0151k Kedvezm\u00e9nyek: t\u00f6rzsutasainknak, di\u00e1koknak 18 \u00e9ves korig, 65 \u00e9v feletti nyugd\u00edjasoknak 300 Ft. Kedvezm\u00e9nyeket \u00f6sszevonni nem lehet! \u00c9LM\u00c9NYEKBEN GAZDAG UTAZ\u00c1ST, J\u00d3 SZ\u00d3RAKOZ\u00c1ST K\u00cdV\u00c1NUNK!<\/p>\n","protected":false},"author":1,"featured_media":0,"parent":0,"menu_order":0,"comment_status":"closed","ping_status":"closed","template":"","meta":{"footnotes":""},"class_list":["post-3549","page","type-page","status-publish","hentry"],"_links":{"self":[{"href":"https:\/\/www.goforgo.hu\/index.php\/wp-json\/wp\/v2\/pages\/3549","targetHints":{"allow":["GET"]}}],"collection":[{"href":"https:\/\/www.goforgo.hu\/index.php\/wp-json\/wp\/v2\/pages"}],"about":[{"href":"https:\/\/www.goforgo.hu\/index.php\/wp-json\/wp\/v2\/types\/page"}],"author":[{"embeddable":true,"href":"https:\/\/www.goforgo.hu\/index.php\/wp-json\/wp\/v2\/users\/1"}],"replies":[{"embeddable":true,"href":"https:\/\/www.goforgo.hu\/index.php\/wp-json\/wp\/v2\/comments?post=3549"}],"version-history":[{"count":3,"href":"https:\/\/www.goforgo.hu\/index.php\/wp-json\/wp\/v2\/pages\/3549\/revisions"}],"predecessor-version":[{"id":3554,"href":"https:\/\/www.goforgo.hu\/index.php\/wp-json\/wp\/v2\/pages\/3549\/revisions\/3554"}],"wp:attachment":[{"href":"https:\/\/www.goforgo.hu\/index.php\/wp-json\/wp\/v2\/media?parent=3549"}],"curies":[{"name":"wp","href":"https:\/\/api.w.org\/{rel}","templated":true}]}}