{"id":3603,"date":"2017-09-14T07:40:17","date_gmt":"2017-09-14T07:40:17","guid":{"rendered":"http:\/\/www.goforgo.hu\/?page_id=3603"},"modified":"2017-09-14T07:50:08","modified_gmt":"2017-09-14T07:50:08","slug":"szilveszter-a-delvideki-tothfaluban","status":"publish","type":"page","link":"https:\/\/www.goforgo.hu\/index.php\/szilveszter-a-delvideki-tothfaluban\/","title":{"rendered":"Szilveszter a d\u00e9lvid\u00e9ki T\u00f3thfaluban"},"content":{"rendered":"<p class=\"western\" align=\"left\"><b>Id\u0151pont :\u00a0\u00a0\u00a0 <\/b>2017.12.29 \u2013 2018.01.01.\u00a0\u00a0\u00a0\u00a0\u00a0\u00a0\u00a0\u00a0\u00a0\u00a0\u00a0\u00a0\u00a0\u00a0\u00a0\u00a0\u00a0 <b>Poz.sz\u00e1m:\u00a0\u00a0\u00a0\u00a0\u00a0\u00a0\u00a0\u00a0 <\/b>17\/<strong>KEU<\/strong>\/DSZ02<\/p>\n<p class=\"western\" align=\"left\"><b>Utaz\u00e1s :\u00a0\u00a0\u00a0\u00a0\u00a0\u00a0 <\/b>k\u00e9nyelmes, l\u00e9gkond\u00edcion\u00e1lt aut\u00f3busszal<\/p>\n<p class=\"western\" align=\"left\"><b>Ell\u00e1t\u00e1s:\u00a0\u00a0\u00a0\u00a0\u00a0\u00a0\u00a0 <\/b>f\u00e9lpanzi\u00f3<\/p>\n<p class=\"western\" align=\"left\"><b>Sz\u00e1ll\u00e1s, elhelyez\u00e9s : <\/b>T\u00f3thfaluban,\u00a0 faluturizmusban, 2 \u00e1gyas szob\u00e1kban, f\u00fcrd\u0151szoba-haszn\u00e1lattal<\/p>\n<p class=\"western\" align=\"left\"><b>Id\u0151tartam:\u00a0\u00a0 <\/b>4 nap \/3 \u00e9jszaka\u00a0\u00a0\u00a0\u00a0\u00a0\u00a0\u00a0\u00a0\u00a0\u00a0\u00a0\u00a0\u00a0\u00a0\u00a0\u00a0\u00a0\u00a0\u00a0\u00a0\u00a0\u00a0\u00a0\u00a0\u00a0 \u00a0 \u00a0 \u00a0 \u00a0<b>Idegenvezet\u00e9s:\u00a0\u00a0 <\/b>v\u00e9gig a program alatt<\/p>\n<p class=\"western\" align=\"justify\"><span style=\"font-size: small;\"><strong><span style=\"font-size: medium;\">T\u00f3thfalu:<\/span><\/strong><span style=\"font-size: medium;\"> a Vajdas\u00e1g \u00c9szak-B\u00e1cskai k\u00f6rzet\u00e9ben, a Szerbia\u2013Magyarorsz\u00e1g orsz\u00e1ghat\u00e1rt\u00f3l d\u00e9lre mintegy 30 km-re, m\u00edg a Tisza foly\u00f3t\u00f3l mintegy 12 km-re nyugatra, 103\u2013105 m tengerszint feletti magass\u00e1gon ter\u00fcl el. K\u00f6zigazgat\u00e1silag Magyarkanizsa k\u00f6zs\u00e9ghez tartozik.<\/span><\/span><\/p>\n<p class=\"western\" align=\"justify\"><a href=\"https:\/\/www.goforgo.hu\/index.php\/szilveszter-a-delvideki-tothfaluban\/sam_8248\/\" rel=\"attachment wp-att-3606\"><img loading=\"lazy\" decoding=\"async\" class=\"alignnone size-large wp-image-3606\" src=\"https:\/\/www.goforgo.hu\/wp-content\/uploads\/2017\/09\/SAM_8248-1024x768.jpg\" alt=\"SAM_8248\" width=\"1024\" height=\"768\" \/><\/a><\/p>\n<p class=\"western\" style=\"text-align: center;\" align=\"justify\"><strong><span style=\"font-size: medium;\">PROGRAM<\/span><\/strong><\/p>\n<p class=\"western\" align=\"justify\"><strong>2017. dec. 29: Tal\u00e1lkoz\u00f3:<\/strong> 06.30-kor a D\u00e9li P\u00e1lyaudvar CBA \u00e9lelmiszer\u00e1ruh\u00e1z fel\u0151li oldal\u00e1n\u00e1l (a Mercure hotel m\u00f6g\u00f6tt). Indul\u00e1s bepakol\u00e1s ut\u00e1n azonnal. Reggeli \u00f3r\u00e1kban indul\u00e1s Budapestr\u0151l. Els\u0151 meg\u00e1ll\u00f3nk D\u00e9lvid\u00e9k szecesszi\u00f3s f\u0151v\u00e1rosa, <strong>Szabadka<\/strong>. Megtekintj\u00fck a v\u00e1rosk\u00f6zpontot, v\u00e1rosh\u00e1z\u00e1t, Kosztol\u00e1nyi eml\u00e9keket. L\u00e1togat\u00e1s a legend\u00e1s h\u00edr\u0171 szabadkai piacon, ami jelenleg renesz\u00e1nsz\u00e1t \u00e9li. R\u00f6vid s\u00e9ta az egykori f\u00e9nyes f\u00fcrd\u0151v\u00e1ros, <strong>Palics <\/strong>t\u00f3parti szecesszi\u00f3s s\u00e9t\u00e1ny\u00e1n. Kult\u00farm\u0171sor T\u00f3thfaluban, helyi gyermekzenekar \u00e9s Rekovics R\u00e9ka mesemond\u00f3 l\u00e9p fel. Vacsora \u00e9s sz\u00e1ll\u00e1s <strong>T\u00f3thfaluban<\/strong>.<\/p>\n<p class=\"western\" align=\"justify\"><strong>2017. dec. 30: <\/strong>Tiszamenti kir\u00e1ndul\u00e1s. Els\u0151 meg\u00e1ll\u00f3nk a <strong>cs\u00farogi \u201944-es eml\u00e9km\u0171<\/strong>, amit 2012-ben k\u00f6z\u00f6sen avatott fel a Magyar \u00e9s a Szerb eln\u00f6k. Majd indul\u00e1s tov\u00e1bb <strong>Nagybecskerekre<\/strong>, az egykori Toront\u00e1l v\u00e1rmegye sz\u00e9khely\u00e9re, ahol az egykori v\u00e1rmegyeh\u00e1z\u00e1t tekintj\u00fck meg \u00e9s a b\u00e1ns\u00e1gi katolikus p\u00fcsp\u00f6ki palot\u00e1t, katedr\u00e1list. <strong>\u00d3becs\u00e9n<\/strong> megtekintj\u00fck a Ferenc csatorna torkolat\u00e1t a Tisz\u00e1ba, a T\u00fcrr zsilipeket. <strong>T\u00f3thfaluban<\/strong> bork\u00f3stol\u00f3 Mauer Oszk\u00e1r boraib\u00f3l, aki elnyerte a K\u00e1rp\u00e1t-medence Bor\u00e1szok-\u00c1sza c\u00edmet, kiv\u00e1l\u00f3 szer\u00e9ms\u00e9gi boraival.<\/p>\n<p class=\"western\" align=\"justify\"><a href=\"https:\/\/www.goforgo.hu\/index.php\/szilveszter-a-delvideki-tothfaluban\/sam_1313\/\" rel=\"attachment wp-att-3607\"><img loading=\"lazy\" decoding=\"async\" class=\"alignnone size-large wp-image-3607\" src=\"https:\/\/www.goforgo.hu\/wp-content\/uploads\/2017\/09\/SAM_1313-1024x683.jpg\" alt=\"SAM_1313\" width=\"1024\" height=\"683\" \/><\/a><\/p>\n<p class=\"western\" align=\"justify\"><strong>2017. dec. 31: <\/strong>Szer\u00e9ms\u00e9gi kir\u00e1ndul\u00e1s a Duna Tisza \u00f6sszefoly\u00e1s\u00e1hoz, <strong>Szal\u00e1nkem\u00e9nhez<\/strong>.\u00a0Fakultat\u00edv program:\u00a0forralt boroz\u00e1s\u00e1s, j\u00f3 id\u0151 eset\u00e9n haj\u00f3k\u00e1z\u00e1s a torkolatban, majd ism\u00e9t forralt boroz\u00e1s egy duna-parti vend\u00e9gl\u0151ben. <strong>P\u00e9terv\u00e1radon<\/strong> tesz\u00fcnk l\u00e1togat\u00e1st, ahol Eur\u00f3pa legnagyobb er\u0151d\u00edtm\u00e9ny\u00e9t tekintj\u00fck meg, a ford\u00edtott \u00f3r\u00e1val. R\u00f6vid \u00fajvid\u00e9ki s\u00e9ta, majd \u00e9rkez\u00e9s\u00a0<strong>T\u00f3thfaluba<\/strong>, ahol pihen\u00e9s \u00e9s k\u00e9sz\u00fcl\u0151d\u00e9s az esti <strong>szilveszteri mulats\u00e1gra, amelyen korl\u00e1tlan \u00e9tel \u00e9s ital fogyaszt\u00e1s<\/strong> mellett az Aranykal\u00e1sz egy\u00fcttes sz\u00f3rakoztatja a vend\u00e9geket. <strong><span style=\"color: #000000;\">T\u00f6bbfog\u00e1sos szilveszteri vacsora korl\u00e1tlan \u00e9tel \u00e9s italfogyaszt\u00e1ssal ! <\/span><\/strong><strong>A vend\u00e9geket gazdag tombola v\u00e1rja! \u00c9jf\u00e9lkor magyar himnusszal k\u00f6sz\u00f6ntj\u00fck az \u00faj \u00e9vet!<\/strong><\/p>\n<p class=\"western\" align=\"justify\"><img loading=\"lazy\" decoding=\"async\" class=\" wp-image-3608 aligncenter\" src=\"https:\/\/www.goforgo.hu\/wp-content\/uploads\/2017\/09\/29-600w.jpg\" alt=\"29-600w\" width=\"723\" height=\"542\" \/><\/p>\n<p class=\"western\" align=\"justify\"><strong>2018. jan. 01: <\/strong>K\u00e9sei reggeli ut\u00e1n <strong>T\u00f3thfalu<\/strong> nevezetess\u00e9geit tekintj\u00fck meg (templom, t\u00e1jh\u00e1z, szoborpark), majd ir\u00e1ny <strong>Zenta<\/strong>, ahol a zentai csata eml\u00e9km\u0171v\u00e9t \u00e9s a helyi l\u00e1tnival\u00f3kat n\u00e9zz\u00fck meg. Majd indul\u00e1s haza a R\u00f6szke (hat\u00e1r\u00e1llom\u00e1s) \u2013 M5 \u2013 Budapest \u00fatvonalon.<\/p>\n<p align=\"center\"><span style=\"font-size: x-large;\"><b>R\u00e9szv\u00e9teli d\u00edj: 55.990 Ft\/f\u0151<\/b><\/span><\/p>\n<p align=\"center\"><b>Egy\u00e1gyas fel\u00e1r:<\/b> 9 800 Ft\/f\u0151<\/p>\n<p align=\"center\"><em>Fakultat\u00edv program 3. napon:<\/em> forralt boroz\u00e1s: 6 EUR\/f\u0151,<\/p>\n<p align=\"center\">j\u00f3 id\u0151 eset\u00e9n haj\u00f3k\u00e1z\u00e1s a Duna-Tisza torkolatban: 6 EUR\/f\u0151.<\/p>\n<p class=\"western\" align=\"center\"><span style=\"font-size: small;\"><span style=\"font-size: medium;\"><b>K\u00f6telez\u0151 \u00fatlemond\u00e1si biztos\u00edt\u00e1s:<\/b><\/span><span style=\"font-size: medium;\"> 1010 Ft\u00a0 <\/span><span style=\"font-size: medium;\"><b>Aj\u00e1nlott b<\/b><\/span><span style=\"font-size: small;\"><b>el\u00e9p\u0151k<\/b><\/span><span style=\"font-size: small;\">: kb. 20 \u20ac<\/span><\/span><\/p>\n<p class=\"western\" align=\"justify\"><span style=\"color: #000000;\"><u><b>Az \u00e1r tartalmazza:<\/b><\/u><\/span><span style=\"color: #000000;\"> utaz\u00e1s, sz\u00e1ll\u00e1s, reggeli, vacsora, \u00e9s a t\u00f6bbfog\u00e1sos szilveszteri vacsor\u00e1t korl\u00e1tlan \u00e9tel \u00e9s italfogyaszt\u00e1ssal<\/span><\/p>\n<p class=\"western\" align=\"left\"><strong><u>Az \u00e1r nem tartalmazza<\/u><\/strong>: bel\u00e9p\u0151ket, fakultat\u00edv haj\u00f3z\u00e1st \u00e9s a boroz\u00e1st. Erre kb. 20 EUR\/f\u0151 sz\u00fcks\u00e9ges.<\/p>\n<p class=\"western\" align=\"center\"><span style=\"font-size: large;\"><b>Jelentkez\u00e9s on-line: <\/b><\/span><span style=\"color: #0000ff;\"><u><a href=\"mailto:info@goforgo.hu\"><span style=\"font-size: large;\"><b>info@goforgo.hu<\/b><\/span><\/a><\/u><\/span><\/p>\n<p class=\"western\" align=\"center\"><a href=\"https:\/\/www.goforgo.hu\/index.php\/szilveszter-a-delvideki-tothfaluban\/sam_1359\/\" rel=\"attachment wp-att-3609\"><img loading=\"lazy\" decoding=\"async\" class=\"alignnone size-large wp-image-3609\" src=\"https:\/\/www.goforgo.hu\/wp-content\/uploads\/2017\/09\/SAM_1359-1024x683.jpg\" alt=\"SAM_1359\" width=\"1024\" height=\"683\" \/><\/a><\/p>\n","protected":false},"excerpt":{"rendered":"<p>Id\u0151pont :\u00a0\u00a0\u00a0 2017.12.29 \u2013 2018.01.01.\u00a0\u00a0\u00a0\u00a0\u00a0\u00a0\u00a0\u00a0\u00a0\u00a0\u00a0\u00a0\u00a0\u00a0\u00a0\u00a0\u00a0 Poz.sz\u00e1m:\u00a0\u00a0\u00a0\u00a0\u00a0\u00a0\u00a0\u00a0 17\/KEU\/DSZ02 Utaz\u00e1s :\u00a0\u00a0\u00a0\u00a0\u00a0\u00a0 k\u00e9nyelmes, l\u00e9gkond\u00edcion\u00e1lt aut\u00f3busszal Ell\u00e1t\u00e1s:\u00a0\u00a0\u00a0\u00a0\u00a0\u00a0\u00a0 f\u00e9lpanzi\u00f3 Sz\u00e1ll\u00e1s, elhelyez\u00e9s : T\u00f3thfaluban,\u00a0 faluturizmusban, 2 \u00e1gyas szob\u00e1kban, f\u00fcrd\u0151szoba-haszn\u00e1lattal Id\u0151tartam:\u00a0\u00a0 4 nap \/3 \u00e9jszaka\u00a0\u00a0\u00a0\u00a0\u00a0\u00a0\u00a0\u00a0\u00a0\u00a0\u00a0\u00a0\u00a0\u00a0\u00a0\u00a0\u00a0\u00a0\u00a0\u00a0\u00a0\u00a0\u00a0\u00a0\u00a0 \u00a0 \u00a0 \u00a0 \u00a0Idegenvezet\u00e9s:\u00a0\u00a0 v\u00e9gig a program alatt T\u00f3thfalu: a Vajdas\u00e1g \u00c9szak-B\u00e1cskai k\u00f6rzet\u00e9ben, a Szerbia\u2013Magyarorsz\u00e1g orsz\u00e1ghat\u00e1rt\u00f3l d\u00e9lre mintegy 30 km-re, m\u00edg a Tisza foly\u00f3t\u00f3l mintegy 12 km-re nyugatra, 103\u2013105 m tengerszint feletti magass\u00e1gon ter\u00fcl el. K\u00f6zigazgat\u00e1silag Magyarkanizsa k\u00f6zs\u00e9ghez tartozik. PROGRAM 2017. dec. 29: Tal\u00e1lkoz\u00f3: 06.30-kor a D\u00e9li P\u00e1lyaudvar CBA \u00e9lelmiszer\u00e1ruh\u00e1z fel\u0151li oldal\u00e1n\u00e1l (a Mercure hotel m\u00f6g\u00f6tt). Indul\u00e1s bepakol\u00e1s ut\u00e1n azonnal. Reggeli \u00f3r\u00e1kban indul\u00e1s Budapestr\u0151l. Els\u0151 meg\u00e1ll\u00f3nk D\u00e9lvid\u00e9k szecesszi\u00f3s f\u0151v\u00e1rosa, Szabadka. Megtekintj\u00fck a v\u00e1rosk\u00f6zpontot, v\u00e1rosh\u00e1z\u00e1t, Kosztol\u00e1nyi eml\u00e9keket. L\u00e1togat\u00e1s a legend\u00e1s h\u00edr\u0171 szabadkai piacon, ami jelenleg renesz\u00e1nsz\u00e1t \u00e9li. R\u00f6vid s\u00e9ta az egykori f\u00e9nyes f\u00fcrd\u0151v\u00e1ros, Palics t\u00f3parti szecesszi\u00f3s s\u00e9t\u00e1ny\u00e1n. Kult\u00farm\u0171sor T\u00f3thfaluban, helyi gyermekzenekar \u00e9s Rekovics R\u00e9ka mesemond\u00f3 l\u00e9p fel. Vacsora \u00e9s sz\u00e1ll\u00e1s T\u00f3thfaluban. 2017. dec. 30: Tiszamenti kir\u00e1ndul\u00e1s. Els\u0151 meg\u00e1ll\u00f3nk a cs\u00farogi \u201944-es eml\u00e9km\u0171, amit 2012-ben k\u00f6z\u00f6sen avatott fel a Magyar \u00e9s a Szerb eln\u00f6k. Majd indul\u00e1s tov\u00e1bb Nagybecskerekre, az egykori Toront\u00e1l v\u00e1rmegye sz\u00e9khely\u00e9re, ahol az egykori v\u00e1rmegyeh\u00e1z\u00e1t tekintj\u00fck meg \u00e9s a b\u00e1ns\u00e1gi katolikus p\u00fcsp\u00f6ki palot\u00e1t, katedr\u00e1list. \u00d3becs\u00e9n megtekintj\u00fck a Ferenc csatorna torkolat\u00e1t a Tisz\u00e1ba, a T\u00fcrr zsilipeket. T\u00f3thfaluban bork\u00f3stol\u00f3 Mauer Oszk\u00e1r boraib\u00f3l, aki elnyerte a K\u00e1rp\u00e1t-medence Bor\u00e1szok-\u00c1sza c\u00edmet, kiv\u00e1l\u00f3 szer\u00e9ms\u00e9gi boraival. 2017. dec. 31: Szer\u00e9ms\u00e9gi kir\u00e1ndul\u00e1s a Duna Tisza \u00f6sszefoly\u00e1s\u00e1hoz, Szal\u00e1nkem\u00e9nhez.\u00a0Fakultat\u00edv program:\u00a0forralt boroz\u00e1s\u00e1s, j\u00f3 id\u0151 eset\u00e9n haj\u00f3k\u00e1z\u00e1s a torkolatban, majd ism\u00e9t forralt boroz\u00e1s egy duna-parti vend\u00e9gl\u0151ben. P\u00e9terv\u00e1radon tesz\u00fcnk l\u00e1togat\u00e1st, ahol Eur\u00f3pa legnagyobb er\u0151d\u00edtm\u00e9ny\u00e9t tekintj\u00fck meg, a ford\u00edtott \u00f3r\u00e1val. R\u00f6vid \u00fajvid\u00e9ki s\u00e9ta, majd \u00e9rkez\u00e9s\u00a0T\u00f3thfaluba, ahol pihen\u00e9s \u00e9s k\u00e9sz\u00fcl\u0151d\u00e9s az esti szilveszteri mulats\u00e1gra, amelyen korl\u00e1tlan \u00e9tel \u00e9s ital fogyaszt\u00e1s mellett az Aranykal\u00e1sz egy\u00fcttes sz\u00f3rakoztatja a vend\u00e9geket. T\u00f6bbfog\u00e1sos szilveszteri vacsora korl\u00e1tlan \u00e9tel \u00e9s italfogyaszt\u00e1ssal ! A vend\u00e9geket gazdag tombola v\u00e1rja! \u00c9jf\u00e9lkor magyar himnusszal k\u00f6sz\u00f6ntj\u00fck az \u00faj \u00e9vet! 2018. jan. 01: K\u00e9sei reggeli ut\u00e1n T\u00f3thfalu nevezetess\u00e9geit tekintj\u00fck meg (templom, t\u00e1jh\u00e1z, szoborpark), majd ir\u00e1ny Zenta, ahol a zentai csata eml\u00e9km\u0171v\u00e9t \u00e9s a helyi l\u00e1tnival\u00f3kat n\u00e9zz\u00fck meg. Majd indul\u00e1s haza a R\u00f6szke (hat\u00e1r\u00e1llom\u00e1s) \u2013 M5 \u2013 Budapest \u00fatvonalon. R\u00e9szv\u00e9teli d\u00edj: 55.990 Ft\/f\u0151 Egy\u00e1gyas fel\u00e1r: 9 800 Ft\/f\u0151 Fakultat\u00edv program 3. napon: forralt boroz\u00e1s: 6 EUR\/f\u0151, j\u00f3 id\u0151 eset\u00e9n haj\u00f3k\u00e1z\u00e1s a Duna-Tisza torkolatban: 6 EUR\/f\u0151. K\u00f6telez\u0151 \u00fatlemond\u00e1si biztos\u00edt\u00e1s: 1010 Ft\u00a0 Aj\u00e1nlott bel\u00e9p\u0151k: kb. 20 \u20ac Az \u00e1r tartalmazza: utaz\u00e1s, sz\u00e1ll\u00e1s, reggeli, vacsora, \u00e9s a t\u00f6bbfog\u00e1sos szilveszteri vacsor\u00e1t korl\u00e1tlan \u00e9tel \u00e9s italfogyaszt\u00e1ssal Az \u00e1r nem tartalmazza: bel\u00e9p\u0151ket, fakultat\u00edv haj\u00f3z\u00e1st \u00e9s a boroz\u00e1st. Erre kb. 20 EUR\/f\u0151 sz\u00fcks\u00e9ges. Jelentkez\u00e9s on-line: info@goforgo.hu<\/p>\n","protected":false},"author":1,"featured_media":0,"parent":0,"menu_order":0,"comment_status":"closed","ping_status":"closed","template":"","meta":{"footnotes":""},"class_list":["post-3603","page","type-page","status-publish","hentry"],"_links":{"self":[{"href":"https:\/\/www.goforgo.hu\/index.php\/wp-json\/wp\/v2\/pages\/3603","targetHints":{"allow":["GET"]}}],"collection":[{"href":"https:\/\/www.goforgo.hu\/index.php\/wp-json\/wp\/v2\/pages"}],"about":[{"href":"https:\/\/www.goforgo.hu\/index.php\/wp-json\/wp\/v2\/types\/page"}],"author":[{"embeddable":true,"href":"https:\/\/www.goforgo.hu\/index.php\/wp-json\/wp\/v2\/users\/1"}],"replies":[{"embeddable":true,"href":"https:\/\/www.goforgo.hu\/index.php\/wp-json\/wp\/v2\/comments?post=3603"}],"version-history":[{"count":4,"href":"https:\/\/www.goforgo.hu\/index.php\/wp-json\/wp\/v2\/pages\/3603\/revisions"}],"predecessor-version":[{"id":3612,"href":"https:\/\/www.goforgo.hu\/index.php\/wp-json\/wp\/v2\/pages\/3603\/revisions\/3612"}],"wp:attachment":[{"href":"https:\/\/www.goforgo.hu\/index.php\/wp-json\/wp\/v2\/media?parent=3603"}],"curies":[{"name":"wp","href":"https:\/\/api.w.org\/{rel}","templated":true}]}}