{"id":37,"date":"2015-10-21T15:19:01","date_gmt":"2015-10-21T15:19:01","guid":{"rendered":"http:\/\/www.goforgo.hu\/?page_id=37"},"modified":"2025-04-14T17:20:18","modified_gmt":"2025-04-14T17:20:18","slug":"online-jelentkezes","status":"publish","type":"page","link":"https:\/\/www.goforgo.hu\/index.php\/online-jelentkezes\/","title":{"rendered":"On-line jelentkez\u00e9s"},"content":{"rendered":"\n<div class=\"wpcf7 no-js\" id=\"wpcf7-f1233-o1\" lang=\"hu-HU\" dir=\"ltr\" data-wpcf7-id=\"1233\">\n<div class=\"screen-reader-response\"><p role=\"status\" aria-live=\"polite\" aria-atomic=\"true\"><\/p> <ul><\/ul><\/div>\n<form action=\"\/index.php\/wp-json\/wp\/v2\/pages\/37#wpcf7-f1233-o1\" method=\"post\" class=\"wpcf7-form init\" aria-label=\"Kapcsolatfelv\u00e9teli \u0171rlap\" novalidate=\"novalidate\" data-status=\"init\">\n<fieldset class=\"hidden-fields-container\"><input type=\"hidden\" name=\"_wpcf7\" value=\"1233\" \/><input type=\"hidden\" name=\"_wpcf7_version\" value=\"6.1.5\" \/><input type=\"hidden\" name=\"_wpcf7_locale\" value=\"hu_HU\" \/><input type=\"hidden\" name=\"_wpcf7_unit_tag\" value=\"wpcf7-f1233-o1\" \/><input type=\"hidden\" name=\"_wpcf7_container_post\" value=\"0\" \/><input type=\"hidden\" name=\"_wpcf7_posted_data_hash\" value=\"\" \/>\n<\/fieldset>\n<p>N\u00e9v:<br \/>\n<span class=\"wpcf7-form-control-wrap\" data-name=\"text-463\"><input size=\"40\" maxlength=\"400\" class=\"wpcf7-form-control wpcf7-text wpcf7-validates-as-required\" aria-required=\"true\" aria-invalid=\"false\" value=\"\" type=\"text\" name=\"text-463\" \/><\/span>\n<\/p>\n<p>Email c\u00edm:<br \/>\n<span class=\"wpcf7-form-control-wrap\" data-name=\"email-557\"><input size=\"40\" maxlength=\"400\" class=\"wpcf7-form-control wpcf7-email wpcf7-validates-as-required wpcf7-text wpcf7-validates-as-email\" aria-required=\"true\" aria-invalid=\"false\" value=\"\" type=\"email\" name=\"email-557\" \/><\/span>\n<\/p>\n<p>Telefon:<br \/>\n<span class=\"wpcf7-form-control-wrap\" data-name=\"tel-188\"><input size=\"40\" maxlength=\"400\" class=\"wpcf7-form-control wpcf7-tel wpcf7-validates-as-required wpcf7-text wpcf7-validates-as-tel\" aria-required=\"true\" aria-invalid=\"false\" value=\"\" type=\"tel\" name=\"tel-188\" \/><\/span>\n<\/p>\n<p>Lakc\u00edm:<br \/>\n<span class=\"wpcf7-form-control-wrap\" data-name=\"text-464\"><input size=\"40\" maxlength=\"400\" class=\"wpcf7-form-control wpcf7-text wpcf7-validates-as-required\" aria-required=\"true\" aria-invalid=\"false\" value=\"\" type=\"text\" name=\"text-464\" \/><\/span>\n<\/p>\n<p>kiv\u00e1lasztott utaz\u00e1s tipusa:<br \/>\n<span class=\"wpcf7-form-control-wrap\" data-name=\"menu-848\"><select class=\"wpcf7-form-control wpcf7-select wpcf7-validates-as-required\" aria-required=\"true\" aria-invalid=\"false\" name=\"menu-848\"><option value=\"kir\u00e1ndul\u00e1s\">kir\u00e1ndul\u00e1s<\/option><option value=\"rep\u00fcl\u0151nap\">rep\u00fcl\u0151nap<\/option><option value=\"nyaral\u00e1s\">nyaral\u00e1s<\/option><\/select><\/span>\n<\/p>\n<p>K\u00e9rem \u00edrja be a kiv\u00e1lasztott utaz\u00e1s nev\u00e9t!<br \/>\n<span class=\"wpcf7-form-control-wrap\" data-name=\"text-465\"><input size=\"40\" maxlength=\"400\" class=\"wpcf7-form-control wpcf7-text wpcf7-validates-as-required\" aria-required=\"true\" aria-invalid=\"false\" value=\"\" type=\"text\" name=\"text-465\" \/><\/span>\n<\/p>\n<p>a kiv\u00e1lasztott d\u00e1tum:<br \/>\n<span class=\"wpcf7-form-control-wrap\" data-name=\"text-466\"><input size=\"40\" maxlength=\"400\" class=\"wpcf7-form-control wpcf7-text wpcf7-validates-as-required\" aria-required=\"true\" aria-invalid=\"false\" value=\"\" type=\"text\" name=\"text-466\" \/><\/span>\n<\/p>\n<p>felsz\u00e1ll\u00e1si hely:<br \/>\n<span class=\"wpcf7-form-control-wrap\" data-name=\"menu-849\"><select class=\"wpcf7-form-control wpcf7-select wpcf7-validates-as-required\" aria-required=\"true\" aria-invalid=\"false\" name=\"menu-849\"><option value=\"Budapest,  Ecseri \u00fat OMV benzink\u00fat\">Budapest,  Ecseri \u00fat OMV benzink\u00fat<\/option><option value=\"Pestszentl\u0151rinc, \u00dcll\u0151i \u00fat 379-381, LIDL parkol\u00f3 - csak egyeztet\u00e9ssel!\">Pestszentl\u0151rinc, \u00dcll\u0151i \u00fat 379-381, LIDL parkol\u00f3 - csak egyeztet\u00e9ssel!<\/option><option value=\"\u00dajharty\u00e1n vagy k\u00f6rny\u00e9ke -csak egyztet\u00e9ssel!!\">\u00dajharty\u00e1n vagy k\u00f6rny\u00e9ke -csak egyztet\u00e9ssel!!<\/option><\/select><\/span><br \/>\nFIGYELEM! A felsz\u00e1ll\u00e1si helyek csak saj\u00e1t utakra vonatkoznak. Partner irod\u00e1ink \u00e1ltal szervezett utak eset\u00e9ben az indul\u00e1s el\u0151tti h\u00e9ten tudjuk megadni a felsz\u00e1ll\u00e1si helysz\u00ednt.\n<\/p>\n<p>Utasok adatai:<br \/>\n1. utas neve <span class=\"wpcf7-form-control-wrap\" data-name=\"text-774\"><input size=\"40\" maxlength=\"400\" class=\"wpcf7-form-control wpcf7-text\" aria-invalid=\"false\" value=\"\" type=\"text\" name=\"text-774\" \/><\/span><span class=\"wpcf7-form-control-wrap\" data-name=\"date-847\"><input class=\"wpcf7-form-control wpcf7-date wpcf7-validates-as-date\" aria-invalid=\"false\" value=\"\" type=\"date\" name=\"date-847\" \/><\/span><br \/>\nbiztos\u00edt\u00e1s: <span class=\"wpcf7-form-control-wrap\" data-name=\"checkbox-406\"><span class=\"wpcf7-form-control wpcf7-checkbox\"><span class=\"wpcf7-list-item first\"><input type=\"checkbox\" name=\"checkbox-406[]\" value=\"igen\" \/><span class=\"wpcf7-list-item-label\">igen<\/span><\/span><span class=\"wpcf7-list-item last\"><input type=\"checkbox\" name=\"checkbox-406[]\" value=\"nem\" \/><span class=\"wpcf7-list-item-label\">nem<\/span><\/span><\/span><\/span><br \/>\n\u00e9tkez\u00e9s: <span class=\"wpcf7-form-control-wrap\" data-name=\"checkbox-356\"><span class=\"wpcf7-form-control wpcf7-checkbox\"><span class=\"wpcf7-list-item first\"><input type=\"checkbox\" name=\"checkbox-356[]\" value=\"norm\u00e1l\" \/><span class=\"wpcf7-list-item-label\">norm\u00e1l<\/span><\/span><span class=\"wpcf7-list-item last\"><input type=\"checkbox\" name=\"checkbox-356[]\" value=\"veget\u00e1ri\u00e1nus\" \/><span class=\"wpcf7-list-item-label\">veget\u00e1ri\u00e1nus<\/span><\/span><\/span><\/span>\n<\/p>\n<p>2. utas neve <span class=\"wpcf7-form-control-wrap\" data-name=\"text-696\"><input size=\"40\" maxlength=\"400\" class=\"wpcf7-form-control wpcf7-text\" aria-invalid=\"false\" value=\"\" type=\"text\" name=\"text-696\" \/><\/span><span class=\"wpcf7-form-control-wrap\" data-name=\"date-981\"><input class=\"wpcf7-form-control wpcf7-date wpcf7-validates-as-date\" aria-invalid=\"false\" value=\"\" type=\"date\" name=\"date-981\" \/><\/span><br \/>\nbiztos\u00edt\u00e1s: <span class=\"wpcf7-form-control-wrap\" data-name=\"checkbox-367\"><span class=\"wpcf7-form-control wpcf7-checkbox\"><span class=\"wpcf7-list-item first\"><input type=\"checkbox\" name=\"checkbox-367[]\" value=\"igen\" \/><span class=\"wpcf7-list-item-label\">igen<\/span><\/span><span class=\"wpcf7-list-item last\"><input type=\"checkbox\" name=\"checkbox-367[]\" value=\"nem\" \/><span class=\"wpcf7-list-item-label\">nem<\/span><\/span><\/span><\/span><br \/>\n\u00e9tkez\u00e9s: <span class=\"wpcf7-form-control-wrap\" data-name=\"checkbox-89\"><span class=\"wpcf7-form-control wpcf7-checkbox\"><span class=\"wpcf7-list-item first\"><input type=\"checkbox\" name=\"checkbox-89[]\" value=\"norm\u00e1l\" \/><span class=\"wpcf7-list-item-label\">norm\u00e1l<\/span><\/span><span class=\"wpcf7-list-item last\"><input type=\"checkbox\" name=\"checkbox-89[]\" value=\"veget\u00e1ri\u00e1nus\" \/><span class=\"wpcf7-list-item-label\">veget\u00e1ri\u00e1nus<\/span><\/span><\/span><\/span>\n<\/p>\n<p>3. utas neve <span class=\"wpcf7-form-control-wrap\" data-name=\"text-624\"><input size=\"40\" maxlength=\"400\" class=\"wpcf7-form-control wpcf7-text\" aria-invalid=\"false\" value=\"\" type=\"text\" name=\"text-624\" \/><\/span><span class=\"wpcf7-form-control-wrap\" data-name=\"date-72\"><input class=\"wpcf7-form-control wpcf7-date wpcf7-validates-as-date\" aria-invalid=\"false\" value=\"\" type=\"date\" name=\"date-72\" \/><\/span><br \/>\nbiztos\u00edt\u00e1s: <span class=\"wpcf7-form-control-wrap\" data-name=\"checkbox-274\"><span class=\"wpcf7-form-control wpcf7-checkbox\"><span class=\"wpcf7-list-item first\"><input type=\"checkbox\" name=\"checkbox-274[]\" value=\"igen\" \/><span class=\"wpcf7-list-item-label\">igen<\/span><\/span><span class=\"wpcf7-list-item last\"><input type=\"checkbox\" name=\"checkbox-274[]\" value=\"nem\" \/><span class=\"wpcf7-list-item-label\">nem<\/span><\/span><\/span><\/span><br \/>\n\u00e9tkez\u00e9s: <span class=\"wpcf7-form-control-wrap\" data-name=\"checkbox-757\"><span class=\"wpcf7-form-control wpcf7-checkbox\"><span class=\"wpcf7-list-item first\"><input type=\"checkbox\" name=\"checkbox-757[]\" value=\"norm\u00e1l\" \/><span class=\"wpcf7-list-item-label\">norm\u00e1l<\/span><\/span><span class=\"wpcf7-list-item last\"><input type=\"checkbox\" name=\"checkbox-757[]\" value=\"veget\u00e1ri\u00e1nus\" \/><span class=\"wpcf7-list-item-label\">veget\u00e1ri\u00e1nus<\/span><\/span><\/span><\/span>\n<\/p>\n<p>4. utas neve <span class=\"wpcf7-form-control-wrap\" data-name=\"text-247\"><input size=\"40\" maxlength=\"400\" class=\"wpcf7-form-control wpcf7-text\" aria-invalid=\"false\" value=\"\" type=\"text\" name=\"text-247\" \/><\/span><span class=\"wpcf7-form-control-wrap\" data-name=\"date-529\"><input class=\"wpcf7-form-control wpcf7-date wpcf7-validates-as-date\" aria-invalid=\"false\" value=\"\" type=\"date\" name=\"date-529\" \/><\/span><br \/>\nbiztos\u00edt\u00e1s: <span class=\"wpcf7-form-control-wrap\" data-name=\"checkbox-848\"><span class=\"wpcf7-form-control wpcf7-checkbox\"><span class=\"wpcf7-list-item first\"><input type=\"checkbox\" name=\"checkbox-848[]\" value=\"igen\" \/><span class=\"wpcf7-list-item-label\">igen<\/span><\/span><span class=\"wpcf7-list-item last\"><input type=\"checkbox\" name=\"checkbox-848[]\" value=\"nem\" \/><span class=\"wpcf7-list-item-label\">nem<\/span><\/span><\/span><\/span><br \/>\n\u00e9tkez\u00e9s: <span class=\"wpcf7-form-control-wrap\" data-name=\"checkbox-418\"><span class=\"wpcf7-form-control wpcf7-checkbox\"><span class=\"wpcf7-list-item first\"><input type=\"checkbox\" name=\"checkbox-418[]\" value=\"norm\u00e1l\" \/><span class=\"wpcf7-list-item-label\">norm\u00e1l<\/span><\/span><span class=\"wpcf7-list-item last\"><input type=\"checkbox\" name=\"checkbox-418[]\" value=\"veget\u00e1ri\u00e1nus\" \/><span class=\"wpcf7-list-item-label\">veget\u00e1ri\u00e1nus<\/span><\/span><\/span><\/span>\n<\/p>\n<p>sz\u00fclet\u00e9si d\u00e1tumok - Felh\u00edvjuk figyelm\u00e9t, hogy biztos\u00edt\u00e1st csak sz\u00fclet\u00e9si d\u00e1tum megad\u00e1s\u00e1val tudunk k\u00f6tni! Ha nem k\u00e9r utasbiztos\u00edt\u00e1st, a sz\u00fclet\u00e9si d\u00e1tumot nem k\u00f6telez\u0151 megadni.<br \/>\n\u00e9tkez\u00e9s - alaphelyzetben 2 f\u00e9le men\u00fc (norm\u00e1l \u00e9s veget\u00e1ri\u00e1nus) k\u00f6z\u00f6tt lehet v\u00e1lasztani. A kiv\u00e1laszt\u00e1s ut\u00e1n indul\u00e1s el\u0151tt max 7 nappal tudjuk ezt m\u00f3dos\u00edtani!\n<\/p>\n<p>Amennyiben egyed\u00fcl utazik t\u00e1rs\u00edt\u00e1st v\u00e1llal-e:<br \/>\n<span class=\"wpcf7-form-control-wrap\" data-name=\"select-246\"><select class=\"wpcf7-form-control wpcf7-select wpcf7-validates-as-required\" aria-required=\"true\" aria-invalid=\"false\" name=\"select-246\"><option value=\"igen\">igen<\/option><option value=\"nem\">nem<\/option><\/select><\/span><br \/>\nT\u00e1rs\u00edt\u00e1sn\u00e1l kedves utasainkat azonos nem\u0171, m\u00e1sik egyed\u00fcl utaz\u00f3 utasunkkal tessz\u00fck egy szob\u00e1ba, \u00edgy elker\u00fclhet\u0151 az egy\u00e1gyas fel\u00e1r. A szobat\u00e1rs horkol\u00e1s\u00e1\u00e9rt, t\u00fcssz\u00f6g\u00e9s\u00e9\u00e9rt, csomagol\u00e1si szok\u00e1sai\u00e9rt az utaz\u00e1si iroda felel\u0151s\u00e9get nem tud v\u00e1llalni. Nagy csoportok eset\u00e9n ritk\u00e1n el\u0151fordulhat, hogy a sz\u00e1llod\u00e1nak nincs elegend\u0151 k\u00fcl\u00f6n\u00e1gyas szob\u00e1ja, ekkor francia \u00e1gyas is lehet a szoba.\n<\/p>\n<p>Megjegyz\u00e9s<br \/>\n- amennyiben m\u00e1s, pl. lakt\u00f3z, glut\u00e9n, stb. \u00e9tkez\u00e9si \u00e9rz\u00e9kenys\u00e9ge van, k\u00e9rj\u00fck \u00edrja ide be<br \/>\n<span class=\"wpcf7-form-control-wrap\" data-name=\"textarea-354\"><textarea cols=\"40\" rows=\"10\" maxlength=\"2000\" class=\"wpcf7-form-control wpcf7-textarea\" aria-invalid=\"false\" name=\"textarea-354\"><\/textarea><\/span><br \/>\nAz \u00e9tkez\u00e9si \u00e9rz\u00e9kenys\u00e9geket a sz\u00e1ll\u00e1sokra leadjuk, de ennek teljes\u00edt\u00e9se a sz\u00e1lloda felel\u0151ss\u00e9ge! K\u00e9rj\u00fck csomagolt \u00e9lelmiszerekkel k\u00e9sz\u00fcljenek az \u00e9rz\u00e9kenyek az utaz\u00e1sra!\n<\/p>\n<p>Orsz\u00e1g k\u00f6zepe Barangol\u00f3 Klub tagja vagyok<br \/>\n<span class=\"wpcf7-form-control-wrap\" data-name=\"menu-641\"><select class=\"wpcf7-form-control wpcf7-select wpcf7-validates-as-required\" aria-required=\"true\" aria-invalid=\"false\" name=\"menu-641\"><option value=\"\">&#8212; K\u00e9rj\u00fck, v\u00e1lasszon egy opci\u00f3t &#8212;<\/option><option value=\"igen\">igen<\/option><option value=\"nem\">nem<\/option><\/select><\/span>\n<\/p>\n<p>K\u00e9rj\u00fck k\u00fcld\u00e9s el\u0151tt fogadj\u00e1k el \u00c1SZF-t \u00e9s az adatkezel\u00e9si szab\u00e1lyzatunkat!\n<\/p>\n<p><span class=\"wpcf7-form-control-wrap\" data-name=\"acceptance-719\"><span class=\"wpcf7-form-control wpcf7-acceptance\"><span class=\"wpcf7-list-item\"><input type=\"checkbox\" name=\"acceptance-719\" value=\"1\" aria-invalid=\"false\" \/><\/span><\/span><\/span> elfogadom, hogy az \u00fczenet elk\u00fcld\u00e9s\u00e9vel jelentkeztem a fent kiv\u00e1lasztott \u00fatra.\n<\/p>\n<p><span class=\"wpcf7-form-control-wrap\" data-name=\"acceptance-472\"><span class=\"wpcf7-form-control wpcf7-acceptance\"><span class=\"wpcf7-list-item\"><input type=\"checkbox\" name=\"acceptance-472\" value=\"1\" aria-invalid=\"false\" \/><\/span><\/span><\/span> Nyilatkozom, hogy a 2016\/679\/EU rendelet alapj\u00e1n meg\u00edrt Adatkezel\u00e9si Szab\u00e1lyzat\u00e1t elolvastam, meg\u00e9rtettem, tudom\u00e1sul vettem \u00e9s elfogadtam,<br \/>\n\u2212 enged\u00e9lyezem, hogy az al\u00e1bbiakban megjel\u00f6lt szem\u00e9lyes adataimat az Adatkezel\u0151, az al\u00e1bbiakban megjel\u00f6lt<br \/>\nadatkezel\u00e9si c\u00e9llal kezelje, \u00e9s felhatalmaz\u00e1st adok az Adatkezel\u0151nek a k\u00f6z\u00f6lt adatok helyess\u00e9g\u00e9nek ellen\u0151rz\u00e9s\u00e9re,<br \/>\n\u2212 enged\u00e9lyezem, hogy az Adatkezel\u0151 az al\u00e1bbiakban felsorolt szem\u00e9lyes adataimat az adatkezel\u0151vel megk\u00f6t\u00f6tt<br \/>\nutaz\u00e1si szerz\u0151d\u00e9s teljes\u00edt\u00e9se \u00e9rdek\u00e9ben harmadik orsz\u00e1gbeli adatkezel\u0151nek tov\u00e1bb\u00edtsa,<br \/>\n\u2212 enged\u00e9lyezem, hogy az Adatkezel\u0151 az al\u00e1bbiakban felsorolt szem\u00e9lyes adataimat az adatkezel\u0151vel megk\u00f6t\u00f6tt<br \/>\nutaz\u00e1si szerz\u0151d\u00e9s teljes\u00edt\u00e9se \u00e9rdek\u00e9ben harmadik orsz\u00e1gbeli, 2016\/679\/EU rendelet \u00e9rtelm\u00e9ben nem biztons\u00e1gosnak<br \/>\ntekinthet\u0151 adatkezel\u0151nek tov\u00e1bb\u00edtsa,<br \/>\n\u2212 nyilatkozatomat \u00e9s hozz\u00e1j\u00e1rul\u00e1saimat a megfelel\u0151 t\u00e1j\u00e9koztat\u00e1s ut\u00e1n \u00f6nk\u00e9nt, saj\u00e1t d\u00f6nt\u00e9sem alapj\u00e1n tettem meg.\n<\/p>\n<p>Kijelentem, hogy a jelen nyilatkozat \u00e9s a nyilatkozatban foglalt hozz\u00e1j\u00e1rul\u00e1sok megad\u00e1sa \u00f6nk\u00e9ntesen \u00e9s a megfelel\u0151<br \/>\nt\u00e1j\u00e9koztat\u00e1s birtok\u00e1ban t\u00f6rt\u00e9nt.<br \/>\nA kezelt szem\u00e9lyes adatok k\u00f6re: n\u00e9v, lakc\u00edm, sz\u00fclet\u00e9si d\u00e1tum, \u00e9letkor, nem, utaz\u00e1si okm\u00e1ny sz\u00e1ma, telefonsz\u00e1m, e-mail c\u00edm, \u00e9tkez\u00e9si ig\u00e9nyek, relev\u00e1ns eg\u00e9szs\u00e9g\u00fcgyi adatok.<br \/>\nAz adatkezel\u00e9s jogalapja: Az \u00e9rintett kifejezett hozz\u00e1j\u00e1rul\u00e1sa.<br \/>\nAz adatkezel\u00e9s c\u00e9lja: Utaz\u00e1si szerz\u0151d\u00e9s megk\u00f6t\u00e9se, h\u00edrlev\u00e9l, t\u00e1j\u00e9koztat\u00f3 k\u00fcld\u00e9se, utaz\u00f3 (az \u00e9rintett) utaz\u00e1s\u00e1val<br \/>\n\u00f6sszef\u00fcgg\u0151 k\u00edv\u00e1ns\u00e1g\u00e1nak teljes\u00edt\u00e9se.\n<\/p>\n<p><input class=\"wpcf7-form-control wpcf7-submit has-spinner\" type=\"submit\" value=\"K\u00fcld\u00e9s\" \/>\n<\/p>\n<p>A K\u00dcLD\u00c9S gombbal egy e-mail \u00e9rkezik irod\u00e1nkba. Jelentkez\u00e9se, csak az \u00e1ltalunk k\u00fcld\u00f6tt v\u00e1lasz lev\u00e9llel v\u00e1lik visszaigazoltt\u00e1 (\u00e9less\u00e9).\n<\/p><div class=\"wpcf7-response-output\" aria-hidden=\"true\"><\/div>\n<\/form>\n<\/div>\n\n<p><strong>Felh\u00edvjuk Kedves Utasaink figyelm\u00e9t<\/strong>, hogy az els\u0151 befizet\u00e9skor, az utal\u00e1s \u00f6sszeg\u00e9nek a sz\u00e1ml\u00e1nkra \u00e9kez\u00e9sekor elfogadottnak tekintj\u00fck az \u00d6n\u00f6k r\u00e9sz\u00e9r\u0151l utaz\u00e1si szerz\u0151d\u00e9s\u00fcnket. Akkor is \u00e9rv\u00e9nybe l\u00e9p az utaz\u00e1si szerz\u0151d\u00e9s\u00fcnk, ha m\u00e9g nem k\u00fcldte vissza al\u00e1\u00edrva!<\/p>\n<p>K\u00e9rj\u00fck olvass\u00e1k el figyelmesen:<\/p>\n<p><a href=\"https:\/\/www.goforgo.hu\/index.php\/online-jelentkezes\/gfg-utazasi-szerzodes\/\" rel=\"attachment wp-att-3026\">GfG utaz\u00e1si szerz\u0151d\u00e9s<\/a><\/p>\n<p><a href=\"https:\/\/www.goforgo.hu\/index.php\/adatvedelem\/\">Adatv\u00e9delem<\/a><\/p>\n","protected":false},"excerpt":{"rendered":"<p>Felh\u00edvjuk Kedves Utasaink figyelm\u00e9t, hogy az els\u0151 befizet\u00e9skor, az utal\u00e1s \u00f6sszeg\u00e9nek a sz\u00e1ml\u00e1nkra \u00e9kez\u00e9sekor elfogadottnak tekintj\u00fck az \u00d6n\u00f6k r\u00e9sz\u00e9r\u0151l utaz\u00e1si szerz\u0151d\u00e9s\u00fcnket. Akkor is \u00e9rv\u00e9nybe l\u00e9p az utaz\u00e1si szerz\u0151d\u00e9s\u00fcnk, ha m\u00e9g nem k\u00fcldte vissza al\u00e1\u00edrva! K\u00e9rj\u00fck olvass\u00e1k el figyelmesen: GfG utaz\u00e1si szerz\u0151d\u00e9s Adatv\u00e9delem<\/p>\n","protected":false},"author":1,"featured_media":0,"parent":0,"menu_order":0,"comment_status":"closed","ping_status":"closed","template":"","meta":{"footnotes":""},"class_list":["post-37","page","type-page","status-publish","hentry"],"_links":{"self":[{"href":"https:\/\/www.goforgo.hu\/index.php\/wp-json\/wp\/v2\/pages\/37","targetHints":{"allow":["GET"]}}],"collection":[{"href":"https:\/\/www.goforgo.hu\/index.php\/wp-json\/wp\/v2\/pages"}],"about":[{"href":"https:\/\/www.goforgo.hu\/index.php\/wp-json\/wp\/v2\/types\/page"}],"author":[{"embeddable":true,"href":"https:\/\/www.goforgo.hu\/index.php\/wp-json\/wp\/v2\/users\/1"}],"replies":[{"embeddable":true,"href":"https:\/\/www.goforgo.hu\/index.php\/wp-json\/wp\/v2\/comments?post=37"}],"version-history":[{"count":12,"href":"https:\/\/www.goforgo.hu\/index.php\/wp-json\/wp\/v2\/pages\/37\/revisions"}],"predecessor-version":[{"id":7250,"href":"https:\/\/www.goforgo.hu\/index.php\/wp-json\/wp\/v2\/pages\/37\/revisions\/7250"}],"wp:attachment":[{"href":"https:\/\/www.goforgo.hu\/index.php\/wp-json\/wp\/v2\/media?parent=37"}],"curies":[{"name":"wp","href":"https:\/\/api.w.org\/{rel}","templated":true}]}}