{"id":3798,"date":"2018-01-15T10:54:20","date_gmt":"2018-01-15T10:54:20","guid":{"rendered":"http:\/\/www.goforgo.hu\/?page_id=3798"},"modified":"2018-01-15T10:58:44","modified_gmt":"2018-01-15T10:58:44","slug":"a-teli-maramaros-sieles-es-kirandulas","status":"publish","type":"page","link":"https:\/\/www.goforgo.hu\/index.php\/a-teli-maramaros-sieles-es-kirandulas\/","title":{"rendered":"A t\u00e9li M\u00e1ramaros &#8211; s\u00edel\u00e9s \u00e9s kir\u00e1ndul\u00e1s"},"content":{"rendered":"<p><a href=\"https:\/\/www.goforgo.hu\/index.php\/a-teli-maramaros-sieles-es-kirandulas\/maramureseana\/\" rel=\"attachment wp-att-3799\"><img loading=\"lazy\" decoding=\"async\" class=\"size-full wp-image-3799 aligncenter\" src=\"https:\/\/www.goforgo.hu\/wp-content\/uploads\/2018\/01\/maramureseana.jpg\" alt=\"maramureseana\" width=\"800\" height=\"600\" \/><\/a><\/p>\n<p><strong>Id\u0151pont\u00a0\u00a0\u00a0 :\u00a0<\/strong> 2018.02.22-25.\u00a0 \u00a0\u00a0\u00a0\u00a0\u00a0\u00a0\u00a0\u00a0\u00a0\u00a0\u00a0\u00a0\u00a0\u00a0\u00a0\u00a0\u00a0\u00a0\u00a0\u00a0\u00a0\u00a0\u00a0\u00a0\u00a0\u00a0\u00a0\u00a0\u00a0\u00a0 Poz.sz\u00e1m: 18\/EMM\/01<\/p>\n<p><strong>Utaz\u00e1s\u00a0\u00a0\u00a0\u00a0\u00a0 :\u00a0<\/strong> K\u00e9nyelmes, 17 f\u0151s kis aut\u00f3busszal<br \/>\n<strong>Ell\u00e1t\u00e1s:<\/strong> f\u00e9lpanzi\u00f3<br \/>\n<strong>Sz\u00e1ll\u00e1s, elhelyez\u00e9s :<\/strong> Aknasugatagon***, panzi\u00f3ban, 2-3 \u00e1gyas szob\u00e1kban<\/p>\n<p>Id\u0151tartam:\u00a0\u00a0 4 nap \/3 \u00e9jszaka\u00a0\u00a0\u00a0\u00a0\u00a0\u00a0\u00a0\u00a0\u00a0 Idegenvezet\u00e9s: csoportk\u00eds\u00e9r\u0151t biztos\u00edtunk<\/p>\n<p>&nbsp;<\/p>\n<p class=\"western\" align=\"justify\"><span style=\"font-size: medium;\"><b>1.nap:<\/b><\/span><span style=\"font-size: medium;\"> Indul\u00e1s <\/span><span style=\"font-size: medium;\"><b>6.00<\/b><\/span><span style=\"font-size: medium;\">&#8211; kor N\u00e9pliget<\/span><\/p>\n<p class=\"western\" align=\"justify\"><span style=\"font-size: medium;\">Elutaz\u00e1s Budapest \u2013 Szatm\u00e1rn\u00e9meti \u2013 M\u00e1ram<\/span><span style=\"font-size: medium;\">arossziget &#8211; Aknasugatag \u00fatvonalon. \u00datk\u00f6zben hosszabb pihen\u0151t \u00e9s eb\u00e9dsz\u00fcnetet tartunk <\/span><strong><span style=\"font-size: medium;\">Szatm\u00e1rn\u00e9meti<\/span><\/strong><span style=\"font-size: medium;\"><strong>ben<\/strong>. D\u00e9lut\u00e1n \u00e9rkez\u00fcnk a<\/span><span style=\"font-size: medium;\">z Iza v\u00f6lgy\u00e9be. A kis m\u00e1ramarosi falu, <\/span><strong><span style=\"font-size: medium;\">Barc\u00e1nfalva<\/span><\/strong><span style=\"font-size: medium;\"> jelent\u0151s l\u00e1tnival\u00f3kat tartogat sz\u00e1munkra. A falu k\u00f6zpontj\u00e1ban \u00e1ll az <\/span><span style=\"font-size: medium;\">UNESCO Vil\u00e1g\u00f6r\u00f6ks\u00e9g<\/span><span style=\"font-size: medium;\"> r\u00e9szek\u00e9nt, r\u00e9gi, b\u00e1jos fatemplom \u00e1ll. Majd a falut\u00f3l p\u00e1r kilom\u00e9terre M\u00e1ramaros legjelent\u0151sebb g\u00f6r\u00f6gkeleti k\u00f6zpontj\u00e1t, a barc\u00e1nfalvi kolostort l\u00e1togatjuk meg, mely hatalmas ter\u00fcleten fekszik. <\/span><span style=\"font-size: medium;\"> K\u00e9s\u0151 d<\/span><span style=\"font-size: medium;\">\u00e9lut\u00e1n elfoglalhatjuk a sz\u00e1ll\u00e1sunkat, este vacsora.<\/span><\/p>\n<p class=\"western\" align=\"justify\"><a href=\"https:\/\/www.goforgo.hu\/index.php\/a-teli-maramaros-sieles-es-kirandulas\/barcanfalva\/\" rel=\"attachment wp-att-3800\"><img loading=\"lazy\" decoding=\"async\" class=\"alignnone wp-image-3800\" src=\"https:\/\/www.goforgo.hu\/wp-content\/uploads\/2018\/01\/barc\u00e1nfalva-1024x768.jpg\" alt=\"barc\u00e1nfalva\" width=\"703\" height=\"527\" \/><\/a><\/p>\n<p class=\"western\" align=\"justify\"><span style=\"font-size: medium;\"><b>2.nap<\/b><\/span><span style=\"font-size: medium;\">: Reggeli ut\u00e1n 2 program k\u00f6z\u00fcl v\u00e1laszthatunk: <\/span><span style=\"font-size: medium;\"><b>eg\u00e9sz nap s\u00edelhet\u00fcnk<\/b><\/span><span style=\"font-size: medium;\">, s\u00e9t\u00e1lhatunk, \u00e9lvezhetj\u00fck a sz\u00e1lloda wellness szolg\u00e1ltat\u00e1sait. <\/span><\/p>\n<p class=\"western\" align=\"justify\"><a href=\"https:\/\/www.goforgo.hu\/index.php\/a-teli-maramaros-sieles-es-kirandulas\/kapnikbanya\/\" rel=\"attachment wp-att-3801\"><img loading=\"lazy\" decoding=\"async\" class=\"size-full wp-image-3801 aligncenter\" src=\"https:\/\/www.goforgo.hu\/wp-content\/uploads\/2018\/01\/kapnikb\u00e1nya.jpg\" alt=\"kapnikb\u00e1nya\" width=\"494\" height=\"340\" \/> <\/a><\/p>\n<p class=\"western\" align=\"justify\"><a href=\"https:\/\/www.goforgo.hu\/index.php\/a-teli-maramaros-sieles-es-kirandulas\/tubing\/\" rel=\"attachment wp-att-3803\">\u00a0<\/a><a href=\"https:\/\/www.goforgo.hu\/index.php\/a-teli-maramaros-sieles-es-kirandulas\/cav1\/\" rel=\"attachment wp-att-3808\"><img loading=\"lazy\" decoding=\"async\" class=\"alignnone size-full wp-image-3808\" src=\"https:\/\/www.goforgo.hu\/wp-content\/uploads\/2018\/01\/cav1.jpg\" alt=\"cav1\" width=\"800\" height=\"533\" \/><\/a><\/p>\n<p class=\"western\" align=\"justify\"><span style=\"font-size: medium;\"><b>Vagy<\/b><\/span><span style=\"font-size: medium;\"> r\u00f6vid kir\u00e1ndul\u00e1st tesz\u00fcnk <\/span><span style=\"font-size: medium;\"><b>M\u00e1ramarosszigetre<\/b><\/span><span style=\"font-size: medium;\">. Itt a B\u00f6rt\u00f6n M\u00fazeumot n\u00e9zz\u00fck meg, ahol a kommunizmus \u00e1ldozatainak \u00e1ll\u00edtanak eml\u00e9ket (k\u00f6zt\u00fck sok magyarnak is). Eb\u00e9del\u00e9si lehet\u0151s\u00e9g egy hagyom\u00e1nyos m\u00e1ramarosi cs\u00e1rd\u00e1ban, majd <\/span><span style=\"font-size: medium;\"><b>Szaplonc\u00e1ra<\/b><\/span><span style=\"font-size: medium;\"> utazunk, ahol a vid\u00e1m temet\u0151t tekintj\u00fck meg. L\u00e1togat\u00e1st tesz\u00fcnk a falu sz\u00e9l\u00e9n \u00e9p\u00fclt kolostorn\u00e1l, melynek 78 m\u00e9ter magas fatornya ma \u2013 a di\u00f3shalmi fatemplomot megel\u0151zve \u2013 Eur\u00f3pa legmagasabb fa\u00e9p\u00edtm\u00e9nye. Az esti \u00f3r\u00e1kban vacsora. <\/span><\/p>\n<p class=\"western\" align=\"justify\"><img loading=\"lazy\" decoding=\"async\" class=\"alignnone size-full wp-image-3802\" src=\"https:\/\/www.goforgo.hu\/wp-content\/uploads\/2018\/01\/vid\u00e1m-temet\u0151.jpg\" alt=\"vid\u00e1m temet\u0151\" width=\"800\" height=\"526\" \/><\/p>\n<p class=\"western\" align=\"justify\"><span style=\"font-size: medium;\"><b>3. nap<\/b><\/span><span style=\"font-size: medium;\">: Reggeli ut\u00e1n 2 program k\u00f6z\u00fcl v\u00e1laszthatunk: <\/span><span style=\"font-size: medium;\"><b>eg\u00e9sz nap s\u00edelhet\u00fcnk<\/b><\/span><span style=\"font-size: medium;\">, h\u00f3-f\u00e1nkozhatunk, sz\u00e1nozhatunk \u00e9s sz\u00e1nk\u00f3zhatunk <\/span><span style=\"font-size: medium;\"><b>Kapnikb\u00e1nya s\u00edk\u00f6zpontj\u00e1ban<\/b><\/span><span style=\"font-size: medium;\"> vagy pihenhet\u00fcnk, s\u00e9t\u00e1lhatunk, \u00e9lvezhetj\u00fck a sz\u00e1lloda wellness szolg\u00e1ltat\u00e1sait. <\/span><\/p>\n<p class=\"western\" align=\"justify\"><a href=\"https:\/\/www.goforgo.hu\/index.php\/a-teli-maramaros-sieles-es-kirandulas\/nagykaroly\/\" rel=\"attachment wp-att-3804\"><img loading=\"lazy\" decoding=\"async\" class=\"alignnone size-large wp-image-3804\" src=\"https:\/\/www.goforgo.hu\/wp-content\/uploads\/2018\/01\/Nagyk\u00e1roly-1024x680.jpg\" alt=\"Nagyk\u00e1roly\" width=\"1024\" height=\"680\" \/><\/a><\/p>\n<p class=\"western\" align=\"justify\"><span style=\"font-size: medium;\"><b>4. nap:<\/b><\/span><span style=\"font-size: medium;\"> Reggeli ut\u00e1n indul\u00e1s Budapestre, s\u00e9t\u00e1t tesz\u00fcnk <\/span><span style=\"font-size: medium;\"><b>Nagyk\u00e1rolyban<\/b><\/span><span style=\"font-size: medium;\">, ahol a <\/span><span style=\"font-size: medium;\"><b>K\u00e1rolyi kast\u00e9ly<\/b><\/span><span style=\"font-size: medium;\"> ki\u00e1ll\u00edt\u00e1s\u00e1t tekintj\u00fck meg<\/span><span style=\"font-size: medium;\">.<\/span><span style=\"font-size: medium;\"> Haza\u00e9rkez\u00e9s a k\u00e9s\u0151 d\u00e9lut\u00e1ni \u00f3r\u00e1kban. Lesz\u00e1ll\u00e1si lehet\u0151s\u00e9g az aut\u00f3buszr\u00f3l a felsz\u00e1ll\u00e1ssal megegyez\u0151 helyeken!<\/span><\/p>\n<p align=\"center\"><span style=\"font-size: medium;\"><span style=\"font-size: x-large;\"><b>R\u00e9szv\u00e9teli d\u00edj: 49.500 Ft\/f\u0151<\/b><\/span><\/span><\/p>\n<p align=\"center\"><span style=\"font-size: medium;\"><b>Egy\u00e1gyas fel\u00e1r:<\/b> 11 000 Ft\/f\u0151<\/span><\/p>\n<p align=\"justify\"><span style=\"font-size: medium;\"><span style=\"font-size: small;\"><u><b>Kapnik s\u00edp\u00e1lya:<\/b><\/u><\/span><b> <\/b><span style=\"font-size: small;\">Kapnikb\u00e1nya Ker\u00e9k elnevez\u00e9s\u0171 s\u00edterep\u00e9n (Cavnic-Roata) h\u00e1rom, k\u00fcl\u00f6nb\u00f6z\u0151 neh\u00e9zs\u00e9gi fokozat\u00fa s\u00edp\u00e1lya v\u00e1rja a t\u00e9li sport szerelmeseit. A Ker\u00e9k I (Roata I) elnevez\u00e9s\u0171 p\u00e1lya 920 m\u00e9ter hossz\u00fas\u00e1g\u00fa \u00e9s k\u00f6zepes neh\u00e9zs\u00e9gi fokozat\u00fa. A Ker\u00e9k II (Roata II) elnevez\u00e9s\u0171 p\u00e1lya hossza 1030 m\u00e9ter, \u00e9s k\u00f6nny\u0171 neh\u00e9zs\u00e9gi fokozattal rendelkezik, m\u00edg a Rainer Ker\u00e9k III (Rainer Roata III) elnevez\u00e9s\u0171 p\u00e1lya hossza 920 m\u00e9ter \u00e9s neh\u00e9z fokozat\u00fa. A s\u00edp\u00e1ly\u00e1kon nincs \u00e9jszakai megvil\u00e1g\u00edt\u00e1s, van viszont fun-park, tubing-p\u00e1lya. H\u00e1rom s\u00edfelvon\u00f3 m\u0171k\u00f6dik Kapnikb\u00e1ny\u00e1n. Egy \u00f3r\u00e1ra a jegy \u00e1ra 30 lej, 2 \u00f3r\u00e1ra 50 lej, 3 \u00f3r\u00e1ra 60 lej, 4 \u00f3r\u00e1ra 70 lej. Akik nem \u00f3r\u00e1ra, hanem alkalmank\u00e9nt szeretn\u00e9nek fizetni, 3 felvon\u00e1s\u00e9rt 15, 6 felvon\u00e1s\u00e9rt 25, 12 felvon\u00e1s\u00e9rt 40 lejt kell hogy fizessenek. Kapnikb\u00e1ny\u00e1n lehet\u0151s\u00e9g ny\u00edlik s\u00edfelszerel\u00e9s b\u00e9rl\u00e9s\u00e9re is.<\/span><\/span><\/p>\n<p align=\"justify\"><span style=\"font-size: medium;\"><span style=\"font-size: small;\">A Kapnikb\u00e1nya-Ikon (Cavnic-Icoana) elnevez\u00e9s\u0171 s\u00edterepen k\u00e9t k\u00f6zepes neh\u00e9zs\u00e9g\u0171 (800 m\u00e9teres, illetve 700 m\u00e9teres) s\u00edp\u00e1lya \u00e9s egy k\u00f6nny\u0171, 120 m\u00e9teres s\u00edp\u00e1lya v\u00e1rja a s\u00edel\u0151ket. Ezen a p\u00e1ly\u00e1n van \u00e9jszakai megvil\u00e1g\u00edt\u00e1s. Feln\u0151tteknek egy felvon\u00e1s\u00e9rt 3, gyerekeknek 2,5 lejt kell fizetni\u00fck. A 6 felvon\u00e1sos b\u00e9rlet feln\u0151tteknek 17 lejbe, gyerekeknek 14 lejbe, m\u00edg a 14 felvon\u00e1sos 35, illetve 30 lejbe ker\u00fcl. A snowmobil 15 perces b\u00e9rl\u00e9se 50 lejbe, m\u00edg 30 perces b\u00e9rl\u00e9se 100 lejbe ker\u00fcl. A tubing haszn\u00e1lata egy \u00f3r\u00e1ra 20 lej. (az \u00e1rak 2016-os \u00e1rak \u00e9s t\u00e1j\u00e9koztat\u00f3 jelleg\u0171ek)<\/span><\/span><\/p>\n<p align=\"justify\"><a href=\"https:\/\/www.goforgo.hu\/index.php\/a-teli-maramaros-sieles-es-kirandulas\/tubing\/\" rel=\"attachment wp-att-3803\"><img loading=\"lazy\" decoding=\"async\" class=\"wp-image-3803 aligncenter\" src=\"https:\/\/www.goforgo.hu\/wp-content\/uploads\/2018\/01\/tubing-683x1024.jpg\" alt=\"tubing\" width=\"232\" height=\"348\" \/> <\/a><\/p>\n<p class=\"western\" align=\"center\"><span style=\"font-size: medium;\"><b>A r\u00e9szv\u00e9teli d\u00edj tartalmazza:<\/b><\/span><span style=\"font-size: medium;\"> a 3 \u00e9jszakai sz\u00e1ll\u00e1st, f\u00e9lpanzi\u00f3s ell\u00e1t\u00e1ssal, az aut\u00f3buszos utaz\u00e1st.<\/span><\/p>\n<p class=\"western\" align=\"center\"><span style=\"font-size: medium;\"><b>A r\u00e9szv\u00e9teli d\u00edj nem tartalmazza:<\/b><\/span><span style=\"font-size: medium;\"> a baleset-, betegs\u00e9g-, poggy\u00e1szbiztos\u00edt\u00e1st \u00e9s a s\u00edb\u00e9rletet<\/span><\/p>\n<p align=\"center\"><span style=\"font-size: medium;\"><b>\u00c1rainkat 32<\/b><span lang=\"hu-HU\"><b>0<\/b><\/span><b> Ft = 1 \u20ac \u00e1rfolyamig tudjuk garant\u00e1lni!<\/b><\/span><\/p>\n<p align=\"center\"><span style=\"font-size: medium;\"><b>\u00c9LM\u00c9NYEKBEN GAZDAG UTAZ\u00c1ST, KELLEMES KIKAPCSOL\u00d3D\u00c1ST K\u00cdV\u00c1NUNK!<\/b><\/span><\/p>\n","protected":false},"excerpt":{"rendered":"<p>Id\u0151pont\u00a0\u00a0\u00a0 :\u00a0 2018.02.22-25.\u00a0 \u00a0\u00a0\u00a0\u00a0\u00a0\u00a0\u00a0\u00a0\u00a0\u00a0\u00a0\u00a0\u00a0\u00a0\u00a0\u00a0\u00a0\u00a0\u00a0\u00a0\u00a0\u00a0\u00a0\u00a0\u00a0\u00a0\u00a0\u00a0\u00a0\u00a0 Poz.sz\u00e1m: 18\/EMM\/01 Utaz\u00e1s\u00a0\u00a0\u00a0\u00a0\u00a0 :\u00a0 K\u00e9nyelmes, 17 f\u0151s kis aut\u00f3busszal Ell\u00e1t\u00e1s: f\u00e9lpanzi\u00f3 Sz\u00e1ll\u00e1s, elhelyez\u00e9s : Aknasugatagon***, panzi\u00f3ban, 2-3 \u00e1gyas szob\u00e1kban Id\u0151tartam:\u00a0\u00a0 4 nap \/3 \u00e9jszaka\u00a0\u00a0\u00a0\u00a0\u00a0\u00a0\u00a0\u00a0\u00a0 Idegenvezet\u00e9s: csoportk\u00eds\u00e9r\u0151t biztos\u00edtunk &nbsp; 1.nap: Indul\u00e1s 6.00&#8211; kor N\u00e9pliget Elutaz\u00e1s Budapest \u2013 Szatm\u00e1rn\u00e9meti \u2013 M\u00e1ramarossziget &#8211; Aknasugatag \u00fatvonalon. \u00datk\u00f6zben hosszabb pihen\u0151t \u00e9s eb\u00e9dsz\u00fcnetet tartunk Szatm\u00e1rn\u00e9metiben. D\u00e9lut\u00e1n \u00e9rkez\u00fcnk az Iza v\u00f6lgy\u00e9be. A kis m\u00e1ramarosi falu, Barc\u00e1nfalva jelent\u0151s l\u00e1tnival\u00f3kat tartogat sz\u00e1munkra. A falu k\u00f6zpontj\u00e1ban \u00e1ll az UNESCO Vil\u00e1g\u00f6r\u00f6ks\u00e9g r\u00e9szek\u00e9nt, r\u00e9gi, b\u00e1jos fatemplom \u00e1ll. Majd a falut\u00f3l p\u00e1r kilom\u00e9terre M\u00e1ramaros legjelent\u0151sebb g\u00f6r\u00f6gkeleti k\u00f6zpontj\u00e1t, a barc\u00e1nfalvi kolostort l\u00e1togatjuk meg, mely hatalmas ter\u00fcleten fekszik. K\u00e9s\u0151 d\u00e9lut\u00e1n elfoglalhatjuk a sz\u00e1ll\u00e1sunkat, este vacsora. 2.nap: Reggeli ut\u00e1n 2 program k\u00f6z\u00fcl v\u00e1laszthatunk: eg\u00e9sz nap s\u00edelhet\u00fcnk, s\u00e9t\u00e1lhatunk, \u00e9lvezhetj\u00fck a sz\u00e1lloda wellness szolg\u00e1ltat\u00e1sait. \u00a0 Vagy r\u00f6vid kir\u00e1ndul\u00e1st tesz\u00fcnk M\u00e1ramarosszigetre. Itt a B\u00f6rt\u00f6n M\u00fazeumot n\u00e9zz\u00fck meg, ahol a kommunizmus \u00e1ldozatainak \u00e1ll\u00edtanak eml\u00e9ket (k\u00f6zt\u00fck sok magyarnak is). Eb\u00e9del\u00e9si lehet\u0151s\u00e9g egy hagyom\u00e1nyos m\u00e1ramarosi cs\u00e1rd\u00e1ban, majd Szaplonc\u00e1ra utazunk, ahol a vid\u00e1m temet\u0151t tekintj\u00fck meg. L\u00e1togat\u00e1st tesz\u00fcnk a falu sz\u00e9l\u00e9n \u00e9p\u00fclt kolostorn\u00e1l, melynek 78 m\u00e9ter magas fatornya ma \u2013 a di\u00f3shalmi fatemplomot megel\u0151zve \u2013 Eur\u00f3pa legmagasabb fa\u00e9p\u00edtm\u00e9nye. Az esti \u00f3r\u00e1kban vacsora. 3. nap: Reggeli ut\u00e1n 2 program k\u00f6z\u00fcl v\u00e1laszthatunk: eg\u00e9sz nap s\u00edelhet\u00fcnk, h\u00f3-f\u00e1nkozhatunk, sz\u00e1nozhatunk \u00e9s sz\u00e1nk\u00f3zhatunk Kapnikb\u00e1nya s\u00edk\u00f6zpontj\u00e1ban vagy pihenhet\u00fcnk, s\u00e9t\u00e1lhatunk, \u00e9lvezhetj\u00fck a sz\u00e1lloda wellness szolg\u00e1ltat\u00e1sait. 4. nap: Reggeli ut\u00e1n indul\u00e1s Budapestre, s\u00e9t\u00e1t tesz\u00fcnk Nagyk\u00e1rolyban, ahol a K\u00e1rolyi kast\u00e9ly ki\u00e1ll\u00edt\u00e1s\u00e1t tekintj\u00fck meg. Haza\u00e9rkez\u00e9s a k\u00e9s\u0151 d\u00e9lut\u00e1ni \u00f3r\u00e1kban. Lesz\u00e1ll\u00e1si lehet\u0151s\u00e9g az aut\u00f3buszr\u00f3l a felsz\u00e1ll\u00e1ssal megegyez\u0151 helyeken! R\u00e9szv\u00e9teli d\u00edj: 49.500 Ft\/f\u0151 Egy\u00e1gyas fel\u00e1r: 11 000 Ft\/f\u0151 Kapnik s\u00edp\u00e1lya: Kapnikb\u00e1nya Ker\u00e9k elnevez\u00e9s\u0171 s\u00edterep\u00e9n (Cavnic-Roata) h\u00e1rom, k\u00fcl\u00f6nb\u00f6z\u0151 neh\u00e9zs\u00e9gi fokozat\u00fa s\u00edp\u00e1lya v\u00e1rja a t\u00e9li sport szerelmeseit. A Ker\u00e9k I (Roata I) elnevez\u00e9s\u0171 p\u00e1lya 920 m\u00e9ter hossz\u00fas\u00e1g\u00fa \u00e9s k\u00f6zepes neh\u00e9zs\u00e9gi fokozat\u00fa. A Ker\u00e9k II (Roata II) elnevez\u00e9s\u0171 p\u00e1lya hossza 1030 m\u00e9ter, \u00e9s k\u00f6nny\u0171 neh\u00e9zs\u00e9gi fokozattal rendelkezik, m\u00edg a Rainer Ker\u00e9k III (Rainer Roata III) elnevez\u00e9s\u0171 p\u00e1lya hossza 920 m\u00e9ter \u00e9s neh\u00e9z fokozat\u00fa. A s\u00edp\u00e1ly\u00e1kon nincs \u00e9jszakai megvil\u00e1g\u00edt\u00e1s, van viszont fun-park, tubing-p\u00e1lya. H\u00e1rom s\u00edfelvon\u00f3 m\u0171k\u00f6dik Kapnikb\u00e1ny\u00e1n. Egy \u00f3r\u00e1ra a jegy \u00e1ra 30 lej, 2 \u00f3r\u00e1ra 50 lej, 3 \u00f3r\u00e1ra 60 lej, 4 \u00f3r\u00e1ra 70 lej. Akik nem \u00f3r\u00e1ra, hanem alkalmank\u00e9nt szeretn\u00e9nek fizetni, 3 felvon\u00e1s\u00e9rt 15, 6 felvon\u00e1s\u00e9rt 25, 12 felvon\u00e1s\u00e9rt 40 lejt kell hogy fizessenek. Kapnikb\u00e1ny\u00e1n lehet\u0151s\u00e9g ny\u00edlik s\u00edfelszerel\u00e9s b\u00e9rl\u00e9s\u00e9re is. A Kapnikb\u00e1nya-Ikon (Cavnic-Icoana) elnevez\u00e9s\u0171 s\u00edterepen k\u00e9t k\u00f6zepes neh\u00e9zs\u00e9g\u0171 (800 m\u00e9teres, illetve 700 m\u00e9teres) s\u00edp\u00e1lya \u00e9s egy k\u00f6nny\u0171, 120 m\u00e9teres s\u00edp\u00e1lya v\u00e1rja a s\u00edel\u0151ket. Ezen a p\u00e1ly\u00e1n van \u00e9jszakai megvil\u00e1g\u00edt\u00e1s. Feln\u0151tteknek egy felvon\u00e1s\u00e9rt 3, gyerekeknek 2,5 lejt kell fizetni\u00fck. A 6 felvon\u00e1sos b\u00e9rlet feln\u0151tteknek 17 lejbe, gyerekeknek 14 lejbe, m\u00edg a 14 felvon\u00e1sos 35, illetve 30 lejbe ker\u00fcl. A snowmobil 15 perces b\u00e9rl\u00e9se 50 lejbe, m\u00edg 30 perces b\u00e9rl\u00e9se 100 lejbe ker\u00fcl. A tubing haszn\u00e1lata egy \u00f3r\u00e1ra 20 lej. (az \u00e1rak 2016-os \u00e1rak \u00e9s t\u00e1j\u00e9koztat\u00f3 jelleg\u0171ek) A r\u00e9szv\u00e9teli d\u00edj tartalmazza: a 3 \u00e9jszakai sz\u00e1ll\u00e1st, f\u00e9lpanzi\u00f3s ell\u00e1t\u00e1ssal, az aut\u00f3buszos utaz\u00e1st. A r\u00e9szv\u00e9teli d\u00edj nem tartalmazza: a baleset-, betegs\u00e9g-, poggy\u00e1szbiztos\u00edt\u00e1st \u00e9s a s\u00edb\u00e9rletet \u00c1rainkat 320 Ft = 1 \u20ac \u00e1rfolyamig tudjuk garant\u00e1lni! \u00c9LM\u00c9NYEKBEN GAZDAG UTAZ\u00c1ST, KELLEMES KIKAPCSOL\u00d3D\u00c1ST K\u00cdV\u00c1NUNK!<\/p>\n","protected":false},"author":1,"featured_media":0,"parent":0,"menu_order":0,"comment_status":"closed","ping_status":"closed","template":"","meta":{"footnotes":""},"class_list":["post-3798","page","type-page","status-publish","hentry"],"_links":{"self":[{"href":"https:\/\/www.goforgo.hu\/index.php\/wp-json\/wp\/v2\/pages\/3798","targetHints":{"allow":["GET"]}}],"collection":[{"href":"https:\/\/www.goforgo.hu\/index.php\/wp-json\/wp\/v2\/pages"}],"about":[{"href":"https:\/\/www.goforgo.hu\/index.php\/wp-json\/wp\/v2\/types\/page"}],"author":[{"embeddable":true,"href":"https:\/\/www.goforgo.hu\/index.php\/wp-json\/wp\/v2\/users\/1"}],"replies":[{"embeddable":true,"href":"https:\/\/www.goforgo.hu\/index.php\/wp-json\/wp\/v2\/comments?post=3798"}],"version-history":[{"count":4,"href":"https:\/\/www.goforgo.hu\/index.php\/wp-json\/wp\/v2\/pages\/3798\/revisions"}],"predecessor-version":[{"id":3810,"href":"https:\/\/www.goforgo.hu\/index.php\/wp-json\/wp\/v2\/pages\/3798\/revisions\/3810"}],"wp:attachment":[{"href":"https:\/\/www.goforgo.hu\/index.php\/wp-json\/wp\/v2\/media?parent=3798"}],"curies":[{"name":"wp","href":"https:\/\/api.w.org\/{rel}","templated":true}]}}