{"id":3938,"date":"2018-01-27T09:28:00","date_gmt":"2018-01-27T09:28:00","guid":{"rendered":"http:\/\/www.goforgo.hu\/?page_id=3938"},"modified":"2018-01-31T10:47:53","modified_gmt":"2018-01-31T10:47:53","slug":"nyiregyhazi-allatkert-es-a-sostoi-aquarius-elmenyfurdo","status":"publish","type":"page","link":"https:\/\/www.goforgo.hu\/index.php\/nyiregyhazi-allatkert-es-a-sostoi-aquarius-elmenyfurdo\/","title":{"rendered":"Ny\u00edregyh\u00e1zi \u00e1llatkert \u00e9s a S\u00f3st\u00f3i Aquarius \u00c9lm\u00e9nyf\u00fcrd\u0151"},"content":{"rendered":"<p class=\"western\" align=\"left\"><a href=\"https:\/\/www.goforgo.hu\/index.php\/nyiregyhazi-allatkert-es-a-sostoi-aquarius-elmenyfurdo\/nyiregyhaza-zoo\/\" rel=\"attachment wp-att-3941\"><img loading=\"lazy\" decoding=\"async\" class=\"wp-image-3941 aligncenter\" src=\"https:\/\/www.goforgo.hu\/wp-content\/uploads\/2018\/01\/Ny\u00edregyh\u00e1za-zoo.jpg\" alt=\"Ny\u00edregyh\u00e1za zoo\" width=\"701\" height=\"334\" \/><\/a><\/p>\n<p class=\"western\" align=\"left\"><strong>Id\u0151pont: \u00a0 \u00a0<\/strong>\u00a0 2018.08.11. \u00a0 \u00a0 \u00a0 \u00a0 \u00a0 \u00a0 \u00a0 \u00a0 \u00a0 \u00a0 \u00a0 \u00a0 \u00a0 \u00a0 \u00a0 \u00a0 \u00a0 \u00a0 \u00a0 \u00a0 \u00a0 \u00a0 \u00a0 \u00a0 \u00a0 \u00a0 \u00a0 \u00a0 \u00a0 \u00a0\u00a0\u00a0\u00a0\u00a0\u00a0\u00a0\u00a0\u00a0 \u00a0 \u00a0 \u00a0\u00a0 <b>Poz\u00edci\u00f3sz\u00e1m:<\/b><b> 18\/BNY\/08<\/b><\/p>\n<p class=\"western\"><b>Utaz\u00e1s:<\/b> az utasl\u00e9tsz\u00e1mnak megfelel\u0151 aut\u00f3busszal<\/p>\n<p class=\"western\" align=\"left\"><b>\u00datvonal: <\/b>Budapest \u2013 Ny\u00edregyh\u00e1za\u2013 Budapest (kb. 500 km)<\/p>\n<p class=\"western\"><b>Ell\u00e1t\u00e1s:<\/b> \u00f6nell\u00e1t\u00f3<\/p>\n<p class=\"western\" align=\"center\"><span style=\"font-size: large;\"><u><b>PROGRAM:<\/b><\/u><\/span><\/p>\n<p style=\"text-align: justify;\">Indul\u00e1s:<br \/>\n6:00 \u2013 kor Pestszentl\u0151rinc, LIDL parkol\u00f3 (\u00dcll\u0151i \u00fat 379 &#8211; 381)<br \/>\n6:30 \u2013 kor N\u00e9pliget, M3 n\u00e9pligeti metr\u00f3meg\u00e1ll\u00f3, Planet\u00e1rium el\u0151l<br \/>\n7:00-kor B\u00e9k\u00e1smegyer (felt\u00e9teles)<\/p>\n<p style=\"text-align: justify;\"><a href=\"https:\/\/www.goforgo.hu\/index.php\/nyiregyhazi-allatkert-es-a-sostoi-aquarius-elmenyfurdo\/nyiregyhaza_galeria_kep\/\" rel=\"attachment wp-att-3942\"><img loading=\"lazy\" decoding=\"async\" class=\"wp-image-3942 aligncenter\" src=\"https:\/\/www.goforgo.hu\/wp-content\/uploads\/2018\/01\/Ny\u00edregyh\u00e1za_galeria_kep.jpg\" alt=\"Ny\u00edregyh\u00e1za_galeria_kep\" width=\"700\" height=\"525\" \/><\/a><\/p>\n<p style=\"text-align: justify;\">Indul\u00e1s a reggeli \u00f3r\u00e1kban. D\u00e9lel\u0151tt \u00e9rkez\u00e9s <strong>Ny\u00edregyh\u00e1z\u00e1ra, az \u00e1llatkerthez<\/strong>. A Ny\u00edregyh\u00e1zi \u00c1llatpark a v\u00e1rost\u00f3l 5 km-re, a s\u00f3st\u00f3i \u00fcd\u00fcl\u0151\u00f6vezetben tal\u00e1lhat\u00f3, ahol <strong>strandf\u00fcrd\u0151\u00a0 \u00e9s\u00a0 Aquarius \u00c9lm\u00e9nyf\u00fcrd\u0151, falum\u00fazeum \u00e9s egy parkerd\u0151<\/strong> ny\u00fajt kikapcsol\u00f3d\u00e1st az idel\u00e1togat\u00f3knak. Az \u00c1llatpark ebben a term\u00e9szetes, szinte h\u00e1bor\u00edtatlan k\u00f6rnyezetben kapott helyet egy t\u00f6lgyerd\u0151 m\u00e9ly\u00e9n. A 30 hekt\u00e1ros ter\u00fcleten f\u00f6ldr\u00e9szek fogadj\u00e1k a l\u00e1togat\u00f3kat, hogy aki ide bel\u00e9p, v\u00e9gigj\u00e1rhatja a F\u00f6ldet, megfigyelheti mik\u00e9nt \u00e9lnek a vil\u00e1g k\u00fcl\u00f6nb\u00f6z\u0151 vid\u00e9kein az \u00e1llatok. Magyarorsz\u00e1gon csak itt l\u00e1that\u00f3: afrikai elef\u00e1nt, indiai orrszarv\u00fa, zsin\u00f3ros zebra, j\u00e1vorszarvas, jak, mal\u00e1j medve, borne\u00f3i orangut\u00e1n, andoki kondor, p\u00e1nc\u00e9los krokodil, feh\u00e9rfolt\u00fa szirtic\u00e1pa, valamint m\u00e9g sz\u00e1mos tengeri \u00e1llatfaj.<b><b> <\/b><\/b><\/p>\n<p style=\"text-align: justify;\"><a href=\"https:\/\/www.goforgo.hu\/index.php\/nyiregyhazi-allatkert-es-a-sostoi-aquarius-elmenyfurdo\/nyiregyhaza-furdo\/\" rel=\"attachment wp-att-3943\"><img loading=\"lazy\" decoding=\"async\" class=\"wp-image-3943 aligncenter\" src=\"https:\/\/www.goforgo.hu\/wp-content\/uploads\/2018\/01\/Ny\u00edregyh\u00e1za-f\u00fcrd\u0151-1024x683.jpg\" alt=\"Ny\u00edregyh\u00e1za f\u00fcrd\u0151\" width=\"700\" height=\"467\" \/><\/a><\/p>\n<p>Szabadid\u0151nket elt\u00f6lthetj\u00fck az \u00e1llatkertben, a h\u00edres S\u00f3st\u00f3i Strandf\u00fcrd\u0151n vagy a falum\u00fazeumban \u00e9s a parkerd\u0151ben.<\/p>\n<p>16:00-kor indulunk hazafel\u00e9. \u00c9rkez\u00e9s Budapestre este, lesz\u00e1ll\u00e1si lehet\u0151s\u00e9g a felsz\u00e1ll\u00e1ssal megegyez\u0151 helyeken.<\/p>\n<h2 class=\"western\" style=\"text-align: center;\"><span style=\"font-size: x-large;\">R\u00e9szv\u00e9teli d\u00edj: <\/span><span style=\"font-size: x-large;\">6<\/span> <span style=\"font-size: x-large;\">9<\/span><span style=\"font-size: x-large;\">00 Ft\/f\u0151<\/span><\/h2>\n<p align=\"left\"><i><u><b>A r\u00e9szv\u00e9teli d\u00edj tartalmazza<\/b><\/u><\/i><i><b>:<\/b><\/i><i> az aut\u00f3buszos utaz\u00e1s k\u00f6lts\u00e9geit <\/i><\/p>\n<p class=\"western\" align=\"left\"><i><u><b>A r\u00e9szv\u00e9teli d\u00edj nem tartalmazza<\/b><\/u><\/i><i><b>:<\/b><\/i><i> a bel\u00e9p\u0151jegyeket, melyek a helysz\u00ednen fizetend\u0151k <\/i><\/p>\n<p class=\"western\" align=\"left\"><i><u><b>Kedvezm\u00e9nyek<\/b><\/u><\/i><i><b>:<\/b><\/i><i> A <\/i><i>GoforGO Travel <\/i><i>t\u00f6rzsutasainak, di\u00e1koknak 18 \u00e9ves korig, 65 \u00e9v feletti nyugd\u00edjasoknak <\/i><i>300 Ft. Kedvezm\u00e9nyeket \u00f6sszevonni nem lehet!<\/i><\/p>\n<p class=\"western\" align=\"center\"><b>\u00c9LM\u00c9NYEKBEN GAZDAG UTAZ\u00c1ST,<\/b><i><b> <\/b><\/i><b>J\u00d3 SZ\u00d3RAKOZ\u00c1ST K\u00cdV\u00c1NUNK!<\/b><\/p>\n<p class=\"western\" align=\"center\"><a href=\"https:\/\/www.goforgo.hu\/index.php\/nyiregyhazi-allatkert-es-a-sostoi-aquarius-elmenyfurdo\/nyiregyhaza-furdo-2\/\" rel=\"attachment wp-att-3944\"><img loading=\"lazy\" decoding=\"async\" class=\"alignnone wp-image-3944\" src=\"https:\/\/www.goforgo.hu\/wp-content\/uploads\/2018\/01\/Ny\u00edregyh\u00e1za-f\u00fcrd\u0151-2-1024x678.jpg\" alt=\"Ny\u00edregyh\u00e1za f\u00fcrd\u0151 2\" width=\"698\" height=\"463\" \/><\/a><\/p>\n<p class=\"western\" align=\"center\"><a href=\"https:\/\/www.goforgo.hu\/index.php\/nyiregyhazi-allatkert-es-a-sostoi-aquarius-elmenyfurdo\/nyiregyhaza-furdo-3\/\" rel=\"attachment wp-att-3945\"><img loading=\"lazy\" decoding=\"async\" class=\"alignnone wp-image-3945\" src=\"https:\/\/www.goforgo.hu\/wp-content\/uploads\/2018\/01\/Ny\u00edregyh\u00e1za-f\u00fcrd\u0151-3-1024x681.jpg\" alt=\"Ny\u00edregyh\u00e1za f\u00fcrd\u0151 3\" width=\"699\" height=\"465\" \/><\/a><\/p>\n","protected":false},"excerpt":{"rendered":"<p>Id\u0151pont: \u00a0 \u00a0\u00a0 2018.08.11. \u00a0 \u00a0 \u00a0 \u00a0 \u00a0 \u00a0 \u00a0 \u00a0 \u00a0 \u00a0 \u00a0 \u00a0 \u00a0 \u00a0 \u00a0 \u00a0 \u00a0 \u00a0 \u00a0 \u00a0 \u00a0 \u00a0 \u00a0 \u00a0 \u00a0 \u00a0 \u00a0 \u00a0 \u00a0 \u00a0\u00a0\u00a0\u00a0\u00a0\u00a0\u00a0\u00a0\u00a0 \u00a0 \u00a0 \u00a0\u00a0 Poz\u00edci\u00f3sz\u00e1m: 18\/BNY\/08 Utaz\u00e1s: az utasl\u00e9tsz\u00e1mnak megfelel\u0151 aut\u00f3busszal \u00datvonal: Budapest \u2013 Ny\u00edregyh\u00e1za\u2013 Budapest (kb. 500 km) Ell\u00e1t\u00e1s: \u00f6nell\u00e1t\u00f3 PROGRAM: Indul\u00e1s: 6:00 \u2013 kor Pestszentl\u0151rinc, LIDL parkol\u00f3 (\u00dcll\u0151i \u00fat 379 &#8211; 381) 6:30 \u2013 kor N\u00e9pliget, M3 n\u00e9pligeti metr\u00f3meg\u00e1ll\u00f3, Planet\u00e1rium el\u0151l 7:00-kor B\u00e9k\u00e1smegyer (felt\u00e9teles) Indul\u00e1s a reggeli \u00f3r\u00e1kban. D\u00e9lel\u0151tt \u00e9rkez\u00e9s Ny\u00edregyh\u00e1z\u00e1ra, az \u00e1llatkerthez. A Ny\u00edregyh\u00e1zi \u00c1llatpark a v\u00e1rost\u00f3l 5 km-re, a s\u00f3st\u00f3i \u00fcd\u00fcl\u0151\u00f6vezetben tal\u00e1lhat\u00f3, ahol strandf\u00fcrd\u0151\u00a0 \u00e9s\u00a0 Aquarius \u00c9lm\u00e9nyf\u00fcrd\u0151, falum\u00fazeum \u00e9s egy parkerd\u0151 ny\u00fajt kikapcsol\u00f3d\u00e1st az idel\u00e1togat\u00f3knak. Az \u00c1llatpark ebben a term\u00e9szetes, szinte h\u00e1bor\u00edtatlan k\u00f6rnyezetben kapott helyet egy t\u00f6lgyerd\u0151 m\u00e9ly\u00e9n. A 30 hekt\u00e1ros ter\u00fcleten f\u00f6ldr\u00e9szek fogadj\u00e1k a l\u00e1togat\u00f3kat, hogy aki ide bel\u00e9p, v\u00e9gigj\u00e1rhatja a F\u00f6ldet, megfigyelheti mik\u00e9nt \u00e9lnek a vil\u00e1g k\u00fcl\u00f6nb\u00f6z\u0151 vid\u00e9kein az \u00e1llatok. Magyarorsz\u00e1gon csak itt l\u00e1that\u00f3: afrikai elef\u00e1nt, indiai orrszarv\u00fa, zsin\u00f3ros zebra, j\u00e1vorszarvas, jak, mal\u00e1j medve, borne\u00f3i orangut\u00e1n, andoki kondor, p\u00e1nc\u00e9los krokodil, feh\u00e9rfolt\u00fa szirtic\u00e1pa, valamint m\u00e9g sz\u00e1mos tengeri \u00e1llatfaj. Szabadid\u0151nket elt\u00f6lthetj\u00fck az \u00e1llatkertben, a h\u00edres S\u00f3st\u00f3i Strandf\u00fcrd\u0151n vagy a falum\u00fazeumban \u00e9s a parkerd\u0151ben. 16:00-kor indulunk hazafel\u00e9. \u00c9rkez\u00e9s Budapestre este, lesz\u00e1ll\u00e1si lehet\u0151s\u00e9g a felsz\u00e1ll\u00e1ssal megegyez\u0151 helyeken. R\u00e9szv\u00e9teli d\u00edj: 6 900 Ft\/f\u0151 A r\u00e9szv\u00e9teli d\u00edj tartalmazza: az aut\u00f3buszos utaz\u00e1s k\u00f6lts\u00e9geit A r\u00e9szv\u00e9teli d\u00edj nem tartalmazza: a bel\u00e9p\u0151jegyeket, melyek a helysz\u00ednen fizetend\u0151k Kedvezm\u00e9nyek: A GoforGO Travel t\u00f6rzsutasainak, di\u00e1koknak 18 \u00e9ves korig, 65 \u00e9v feletti nyugd\u00edjasoknak 300 Ft. Kedvezm\u00e9nyeket \u00f6sszevonni nem lehet! \u00c9LM\u00c9NYEKBEN GAZDAG UTAZ\u00c1ST, J\u00d3 SZ\u00d3RAKOZ\u00c1ST K\u00cdV\u00c1NUNK!<\/p>\n","protected":false},"author":1,"featured_media":0,"parent":0,"menu_order":0,"comment_status":"closed","ping_status":"closed","template":"","meta":{"footnotes":""},"class_list":["post-3938","page","type-page","status-publish","hentry"],"_links":{"self":[{"href":"https:\/\/www.goforgo.hu\/index.php\/wp-json\/wp\/v2\/pages\/3938","targetHints":{"allow":["GET"]}}],"collection":[{"href":"https:\/\/www.goforgo.hu\/index.php\/wp-json\/wp\/v2\/pages"}],"about":[{"href":"https:\/\/www.goforgo.hu\/index.php\/wp-json\/wp\/v2\/types\/page"}],"author":[{"embeddable":true,"href":"https:\/\/www.goforgo.hu\/index.php\/wp-json\/wp\/v2\/users\/1"}],"replies":[{"embeddable":true,"href":"https:\/\/www.goforgo.hu\/index.php\/wp-json\/wp\/v2\/comments?post=3938"}],"version-history":[{"count":4,"href":"https:\/\/www.goforgo.hu\/index.php\/wp-json\/wp\/v2\/pages\/3938\/revisions"}],"predecessor-version":[{"id":4111,"href":"https:\/\/www.goforgo.hu\/index.php\/wp-json\/wp\/v2\/pages\/3938\/revisions\/4111"}],"wp:attachment":[{"href":"https:\/\/www.goforgo.hu\/index.php\/wp-json\/wp\/v2\/media?parent=3938"}],"curies":[{"name":"wp","href":"https:\/\/api.w.org\/{rel}","templated":true}]}}