{"id":3957,"date":"2018-01-27T11:15:02","date_gmt":"2018-01-27T11:15:02","guid":{"rendered":"http:\/\/www.goforgo.hu\/?page_id=3957"},"modified":"2018-01-31T10:58:58","modified_gmt":"2018-01-31T10:58:58","slug":"szigetvari-hosok-villanyi-borok","status":"publish","type":"page","link":"https:\/\/www.goforgo.hu\/index.php\/szigetvari-hosok-villanyi-borok\/","title":{"rendered":"Szigetv\u00e1ri h\u0151s\u00f6k \u2013 Vill\u00e1nyi borok"},"content":{"rendered":"<p class=\"western\" align=\"left\"><a href=\"https:\/\/www.goforgo.hu\/index.php\/szigetvari-hosok-villanyi-borok\/zrinyi_kirohanasa\/\" rel=\"attachment wp-att-3958\"><img loading=\"lazy\" decoding=\"async\" class=\"wp-image-3958 aligncenter\" src=\"https:\/\/www.goforgo.hu\/wp-content\/uploads\/2018\/01\/Zrinyi_kirohanasa.jpg\" alt=\"Zrinyi_kirohanasa\" width=\"700\" height=\"394\" \/><\/a><\/p>\n<p class=\"western\" align=\"left\"><strong>Id\u0151pont: \u00a0 2018.07.07.\u00a0<\/strong> \u00a0 \u00a0 \u00a0 \u00a0 \u00a0 \u00a0 \u00a0 \u00a0 \u00a0 \u00a0 \u00a0 \u00a0 \u00a0 \u00a0 \u00a0 \u00a0 \u00a0 \u00a0 \u00a0 \u00a0 \u00a0 \u00a0 \u00a0 \u00a0 \u00a0 \u00a0 \u00a0 \u00a0 \u00a0 \u00a0 \u00a0\u00a0\u00a0\u00a0\u00a0\u00a0\u00a0\u00a0\u00a0 \u00a0 \u00a0 \u00a0\u00a0 <b>Poz\u00edci\u00f3sz\u00e1m:<\/b><b> 18\/BTL\/07<\/b><\/p>\n<p class=\"western\"><b>Utaz\u00e1s:<\/b> az utasl\u00e9tsz\u00e1mnak megfelel\u0151 aut\u00f3busszal<\/p>\n<p class=\"western\" align=\"left\"><b>\u00datvonal: <\/b>Budapest \u2013 Szigetv\u00e1r &#8211; Vill\u00e1ny\u2013 Budapest (kb. 550 km)<\/p>\n<p class=\"western\"><b>Ell\u00e1t\u00e1s:<\/b> \u00f6nell\u00e1t\u00f3<\/p>\n<p class=\"western\"><a href=\"https:\/\/www.goforgo.hu\/index.php\/szigetvari-hosok-villanyi-borok\/szigetvar-1\/\" rel=\"attachment wp-att-3959\"><img loading=\"lazy\" decoding=\"async\" class=\"size-full wp-image-3959 aligncenter\" src=\"https:\/\/www.goforgo.hu\/wp-content\/uploads\/2018\/01\/Szigetv\u00e1r-1.jpeg\" alt=\"Szigetv\u00e1r 1\" width=\"500\" height=\"309\" \/><\/a><\/p>\n<p class=\"western\" align=\"center\"><span style=\"font-size: large;\"><u><b>PROGRAM:<\/b><\/u><\/span><\/p>\n<p class=\"western\" align=\"left\"><u><b>Indul\u00e1s<\/b><\/u><i><u><b>:<\/b><\/u><\/i><\/p>\n<p class=\"western\" align=\"left\"><b>5<\/b><b>:<\/b><b>3<\/b><b>0<\/b> \u2013 kor Pestszentl\u0151rinc, LIDL parkol\u00f3 (\u00dcll\u0151i \u00fat 379 &#8211; 381)<\/p>\n<p class=\"western\" align=\"left\"><b> <\/b><b>6<\/b><b>:<\/b><b>0<\/b><b>0 <\/b>\u2013 kor N\u00e9pliget, M3 n\u00e9pligeti metr\u00f3meg\u00e1ll\u00f3, Planet\u00e1rium el\u0151l<\/p>\n<p class=\"western\" align=\"left\">6:30-kor B\u00e9k\u00e1smegyer (felt\u00e9teles)<\/p>\n<p style=\"text-align: justify;\">Utunk els\u0151 \u00e1llom\u00e1sa <strong>Szigetv\u00e1r<\/strong>. A v\u00e1rat 1420 k\u00f6r\u00fcl \u00e9p\u00edttette fel Szigeti Oszvald az Alm\u00e1s-patak egyik kiemelked\u0151 sziget\u00e9n. A m\u00e1r id\u0151s \u00e9s beteges Szulejm\u00e1n szult\u00e1n 1566-ban indult utols\u00f3 hadj\u00e1rat\u00e1ra, melynek v\u00e9gs\u0151 c\u00e9lj\u00e1t B\u00e9cs elfoglal\u00e1sa jelentette, de el\u0151tte Sziget v\u00e1ra \u00e1llt hatalmas sereg\u00e9nek \u00fatj\u00e1ban. Zr\u00ednyi Mikl\u00f3s parancsnoks\u00e1ga alatt mintegy 2300 f\u0151nyi v\u00e9gv\u00e1ri katonas\u00e1g 34 napig \u00e1llta az ostromot a hatalmas t\u00faler\u0151 ellen\u00e9ben, m\u00edgnem marad\u00e9kuk Zr\u00ednyi vezet\u00e9s\u00e9vel kit\u00f6rt a l\u00e1ngol\u00f3 bels\u0151v\u00e1rb\u00f3l, hogy v\u00e9res k\u00f6zelharcban haljanak h\u0151si hal\u00e1lt.<\/p>\n<p><img loading=\"lazy\" decoding=\"async\" class=\" wp-image-3960\" src=\"https:\/\/www.goforgo.hu\/wp-content\/uploads\/2018\/01\/Szigetv\u00e1r.jpg\" alt=\"OLYMPUS DIGITAL CAMERA\" width=\"701\" height=\"525\" \/><\/p>\n<p style=\"text-align: justify;\">A v\u00e1r l\u00e1togat\u00e1s ut\u00e1n <b>Vill\u00e1nyba<\/b> indulunk, ahol egy csal\u00e1di pinc\u00e9szetben r\u00e9szt vesz\u00fcnk a bork\u00f3stol\u00e1son \u00e9s v\u00e1s\u00e1rolhatunk a sz\u00e1munkra legfinomabb borokb\u00f3l. K\u00e9s\u0151 d\u00e9lut\u00e1n indulunk hazafel\u00e9. \u00c9rkez\u00e9s Budapestre esti \u00f3r\u00e1kban, lesz\u00e1ll\u00e1si lehet\u0151s\u00e9g a felsz\u00e1ll\u00e1ssal megegyez\u0151 helyeken.<\/p>\n<h2 class=\"western\" style=\"text-align: center;\"><span style=\"font-size: x-large;\">R\u00e9szv\u00e9teli d\u00edj: <\/span><span style=\"font-size: x-large;\">6<\/span> <span style=\"font-size: x-large;\">9<\/span><span style=\"font-size: x-large;\">00 Ft\/f\u0151<\/span><\/h2>\n<p><a href=\"https:\/\/www.goforgo.hu\/index.php\/szigetvari-hosok-villanyi-borok\/villanyi-borvidek-3\/\" rel=\"attachment wp-att-3961\"><img loading=\"lazy\" decoding=\"async\" class=\" wp-image-3961 aligncenter\" src=\"https:\/\/www.goforgo.hu\/wp-content\/uploads\/2018\/01\/villanyi-borvidek-3.jpg\" alt=\"villanyi-borvidek-3\" width=\"699\" height=\"411\" \/><\/a><\/p>\n<p><a href=\"https:\/\/www.goforgo.hu\/index.php\/szigetvari-hosok-villanyi-borok\/villany\/\" rel=\"attachment wp-att-3962\"><img loading=\"lazy\" decoding=\"async\" class=\" wp-image-3962 aligncenter\" src=\"https:\/\/www.goforgo.hu\/wp-content\/uploads\/2018\/01\/villany.jpg\" alt=\"villany\" width=\"700\" height=\"525\" \/><\/a><\/p>\n<p align=\"left\"><i><u><b>A r\u00e9szv\u00e9teli d\u00edj tartalmazza<\/b><\/u><\/i><i><b>:<\/b><\/i><i> az aut\u00f3buszos utaz\u00e1s k\u00f6lts\u00e9geit <\/i><\/p>\n<p><i><u><b>A r\u00e9szv\u00e9teli d\u00edj nem tartalmazza<\/b><\/u><\/i><i><b>:<\/b><\/i><i> a bel\u00e9p\u0151jegyeket, melyek a helysz\u00ednen fizetend\u0151k <\/i><\/p>\n<p class=\"western\" align=\"left\"><i><u><b>Kedvezm\u00e9nyek<\/b><\/u><\/i><i><b>:<\/b><\/i><i> A GoforGO Travel t\u00f6rzsutasainak, di\u00e1koknak 18 \u00e9ves korig, 65 \u00e9v feletti nyugd\u00edjasoknak 300 Ft. Kedvezm\u00e9nyeket \u00f6sszevonni nem lehet!<\/i><\/p>\n<p class=\"western\" align=\"center\"><b>\u00c9LM\u00c9NYEKBEN GAZDAG UTAZ\u00c1ST,<\/b><i><b> <\/b><\/i><span style=\"font-size: small;\"><b>J\u00d3 SZ\u00d3RAKOZ\u00c1ST K\u00cdV\u00c1NUNK!<\/b><\/span><\/p>\n","protected":false},"excerpt":{"rendered":"<p>Id\u0151pont: \u00a0 2018.07.07.\u00a0 \u00a0 \u00a0 \u00a0 \u00a0 \u00a0 \u00a0 \u00a0 \u00a0 \u00a0 \u00a0 \u00a0 \u00a0 \u00a0 \u00a0 \u00a0 \u00a0 \u00a0 \u00a0 \u00a0 \u00a0 \u00a0 \u00a0 \u00a0 \u00a0 \u00a0 \u00a0 \u00a0 \u00a0 \u00a0 \u00a0 \u00a0\u00a0\u00a0\u00a0\u00a0\u00a0\u00a0\u00a0\u00a0 \u00a0 \u00a0 \u00a0\u00a0 Poz\u00edci\u00f3sz\u00e1m: 18\/BTL\/07 Utaz\u00e1s: az utasl\u00e9tsz\u00e1mnak megfelel\u0151 aut\u00f3busszal \u00datvonal: Budapest \u2013 Szigetv\u00e1r &#8211; Vill\u00e1ny\u2013 Budapest (kb. 550 km) Ell\u00e1t\u00e1s: \u00f6nell\u00e1t\u00f3 PROGRAM: Indul\u00e1s: 5:30 \u2013 kor Pestszentl\u0151rinc, LIDL parkol\u00f3 (\u00dcll\u0151i \u00fat 379 &#8211; 381) 6:00 \u2013 kor N\u00e9pliget, M3 n\u00e9pligeti metr\u00f3meg\u00e1ll\u00f3, Planet\u00e1rium el\u0151l 6:30-kor B\u00e9k\u00e1smegyer (felt\u00e9teles) Utunk els\u0151 \u00e1llom\u00e1sa Szigetv\u00e1r. A v\u00e1rat 1420 k\u00f6r\u00fcl \u00e9p\u00edttette fel Szigeti Oszvald az Alm\u00e1s-patak egyik kiemelked\u0151 sziget\u00e9n. A m\u00e1r id\u0151s \u00e9s beteges Szulejm\u00e1n szult\u00e1n 1566-ban indult utols\u00f3 hadj\u00e1rat\u00e1ra, melynek v\u00e9gs\u0151 c\u00e9lj\u00e1t B\u00e9cs elfoglal\u00e1sa jelentette, de el\u0151tte Sziget v\u00e1ra \u00e1llt hatalmas sereg\u00e9nek \u00fatj\u00e1ban. Zr\u00ednyi Mikl\u00f3s parancsnoks\u00e1ga alatt mintegy 2300 f\u0151nyi v\u00e9gv\u00e1ri katonas\u00e1g 34 napig \u00e1llta az ostromot a hatalmas t\u00faler\u0151 ellen\u00e9ben, m\u00edgnem marad\u00e9kuk Zr\u00ednyi vezet\u00e9s\u00e9vel kit\u00f6rt a l\u00e1ngol\u00f3 bels\u0151v\u00e1rb\u00f3l, hogy v\u00e9res k\u00f6zelharcban haljanak h\u0151si hal\u00e1lt. A v\u00e1r l\u00e1togat\u00e1s ut\u00e1n Vill\u00e1nyba indulunk, ahol egy csal\u00e1di pinc\u00e9szetben r\u00e9szt vesz\u00fcnk a bork\u00f3stol\u00e1son \u00e9s v\u00e1s\u00e1rolhatunk a sz\u00e1munkra legfinomabb borokb\u00f3l. K\u00e9s\u0151 d\u00e9lut\u00e1n indulunk hazafel\u00e9. \u00c9rkez\u00e9s Budapestre esti \u00f3r\u00e1kban, lesz\u00e1ll\u00e1si lehet\u0151s\u00e9g a felsz\u00e1ll\u00e1ssal megegyez\u0151 helyeken. R\u00e9szv\u00e9teli d\u00edj: 6 900 Ft\/f\u0151 A r\u00e9szv\u00e9teli d\u00edj tartalmazza: az aut\u00f3buszos utaz\u00e1s k\u00f6lts\u00e9geit A r\u00e9szv\u00e9teli d\u00edj nem tartalmazza: a bel\u00e9p\u0151jegyeket, melyek a helysz\u00ednen fizetend\u0151k Kedvezm\u00e9nyek: A GoforGO Travel t\u00f6rzsutasainak, di\u00e1koknak 18 \u00e9ves korig, 65 \u00e9v feletti nyugd\u00edjasoknak 300 Ft. Kedvezm\u00e9nyeket \u00f6sszevonni nem lehet! \u00c9LM\u00c9NYEKBEN GAZDAG UTAZ\u00c1ST, J\u00d3 SZ\u00d3RAKOZ\u00c1ST K\u00cdV\u00c1NUNK!<\/p>\n","protected":false},"author":1,"featured_media":0,"parent":0,"menu_order":0,"comment_status":"closed","ping_status":"closed","template":"","meta":{"footnotes":""},"class_list":["post-3957","page","type-page","status-publish","hentry"],"_links":{"self":[{"href":"https:\/\/www.goforgo.hu\/index.php\/wp-json\/wp\/v2\/pages\/3957","targetHints":{"allow":["GET"]}}],"collection":[{"href":"https:\/\/www.goforgo.hu\/index.php\/wp-json\/wp\/v2\/pages"}],"about":[{"href":"https:\/\/www.goforgo.hu\/index.php\/wp-json\/wp\/v2\/types\/page"}],"author":[{"embeddable":true,"href":"https:\/\/www.goforgo.hu\/index.php\/wp-json\/wp\/v2\/users\/1"}],"replies":[{"embeddable":true,"href":"https:\/\/www.goforgo.hu\/index.php\/wp-json\/wp\/v2\/comments?post=3957"}],"version-history":[{"count":4,"href":"https:\/\/www.goforgo.hu\/index.php\/wp-json\/wp\/v2\/pages\/3957\/revisions"}],"predecessor-version":[{"id":4113,"href":"https:\/\/www.goforgo.hu\/index.php\/wp-json\/wp\/v2\/pages\/3957\/revisions\/4113"}],"wp:attachment":[{"href":"https:\/\/www.goforgo.hu\/index.php\/wp-json\/wp\/v2\/media?parent=3957"}],"curies":[{"name":"wp","href":"https:\/\/api.w.org\/{rel}","templated":true}]}}