{"id":3966,"date":"2018-01-27T12:35:27","date_gmt":"2018-01-27T12:35:27","guid":{"rendered":"http:\/\/www.goforgo.hu\/?page_id=3966"},"modified":"2018-01-27T12:35:27","modified_gmt":"2018-01-27T12:35:27","slug":"orsegi-tokfesztival","status":"publish","type":"page","link":"https:\/\/www.goforgo.hu\/index.php\/orsegi-tokfesztival\/","title":{"rendered":"\u0150rs\u00e9gi T\u00f6kfesztiv\u00e1l"},"content":{"rendered":"<p class=\"western\" align=\"left\"><a href=\"https:\/\/www.goforgo.hu\/index.php\/orsegi-tokfesztival\/tokfesztival-1\/\" rel=\"attachment wp-att-3967\"><img loading=\"lazy\" decoding=\"async\" class=\"wp-image-3967 aligncenter\" src=\"https:\/\/www.goforgo.hu\/wp-content\/uploads\/2018\/01\/T\u00f6kfesztiv\u00e1l-1.jpg\" alt=\"T\u00f6kfesztiv\u00e1l 1\" width=\"700\" height=\"525\" \/><\/a><\/p>\n<p class=\"western\" align=\"left\"><strong>Id\u0151pont: \u00a0 2018.09.28.<\/strong>\u00a0 \u00a0 \u00a0 \u00a0 \u00a0 \u00a0 \u00a0 \u00a0 \u00a0 \u00a0 \u00a0 \u00a0 \u00a0 \u00a0 \u00a0 \u00a0 \u00a0\u00a0\u00a0\u00a0\u00a0\u00a0\u00a0\u00a0\u00a0 \u00a0 \u00a0 \u00a0\u00a0 <b>Poz\u00edci\u00f3sz\u00e1m:<\/b><b>\u00a0<\/b><\/p>\n<p class=\"western\"><b>Utaz\u00e1s:<\/b> az utasl\u00e9tsz\u00e1mnak megfelel\u0151 aut\u00f3busszal<\/p>\n<p class=\"western\" align=\"left\"><b>\u00datvonal: <\/b>Budapest \u2013 Szigetv\u00e1r \u2013 Vill\u00e1ny\u2013 Budapest (kb. 550 km)<\/p>\n<p class=\"western\"><b>Ell\u00e1t\u00e1s:<\/b> \u00f6nell\u00e1t\u00f3<\/p>\n<p class=\"western\" align=\"center\"><span style=\"font-size: large;\"><u><b>PROGRAM:<\/b><\/u><\/span><\/p>\n<p class=\"western\" align=\"left\"><u><b>Indul\u00e1s:<\/b><\/u><\/p>\n<p class=\"western\" align=\"left\"><b>5:00 \u2013 kor Pestszentl\u0151rinc, LIDL parkol\u00f3 (\u00dcll\u0151i \u00fat 379 &#8211; 381)<\/b><\/p>\n<p class=\"western\" align=\"left\"><b>6:00 \u2013 kor N\u00e9pliget, M3 n\u00e9pligeti metr\u00f3meg\u00e1ll\u00f3, Planet\u00e1rium el\u0151l <\/b><\/p>\n<p class=\"western\" style=\"text-align: justify;\" align=\"justify\">Utunk az <strong>\u0150rs\u00e9gi T\u00f6kfesztiv\u00e1lra<\/strong> vezet. Korai indul\u00e1s ut\u00e1n a d\u00e9li \u00f3r\u00e1kban \u00e9rj\u00fck el nyugati orsz\u00e1ghat\u00e1runkn\u00e1l elter\u00fcl\u0151 \u0150rs\u00e9gi Nemzeti Parkot, melynek k\u00f6zponti szerein (telep\u00fcl\u00e9sein) ker\u00fcl megrendez\u00e9sre a XV. T\u00f6kfesztiv\u00e1l,a t\u00e9rs\u00e9g legnagyobb gasztro- turisztikai rendezv\u00e9nye. <strong>Szalaf\u0151re<\/strong> \u00e9rve a n\u00e9pi j\u00e1t\u00e9kok \u00e9s m\u0171v\u00e9szeti bemutat\u00f3k forgatag\u00e1ban megismerkedhetnek a t\u00f6k helyi kultusz\u00e1val, a humoros vet\u00e9lked\u0151k\u00f6n pedig minden koroszt\u00e1ly megm\u00e9rettetheti mag\u00e1t. A fergeteges el\u0151ad\u00e1sok \u00e9s t\u00f6kcsoda-teremtm\u00e9nyek megtekint\u00e9se k\u00f6zben a vend\u00e9gek t\u00f6kb\u0151l k\u00e9sz\u00fclt \u00e9telspecialit\u00e1sokat k\u00f3stolhatnak meg. Vend\u00e9geink v\u00e1logathatnak a k\u00e9zm\u0171ves kirakod\u00f3 v\u00e1s\u00e1r port\u00e9k\u00e1i k\u00f6z\u00f6tt a M\u0171eml\u00e9kegy\u00fcttes p\u00e1ratlan k\u00f6rnyezet\u00e9ben, r\u00e9szt vehetnek a t\u00f6kmagos \u0151rs\u00e9gi kerek perecs\u00fct\u00e9s\u00e9ben \u00e9s megn\u00e9zhetik a t\u00f6kmagolaj\u00fct\u00e9st a pajt\u00e1ban.<br \/>\nK\u00e9s\u0151 d\u00e9lut\u00e1n indulunk hazafel\u00e9. \u00c9rkez\u00e9s Budapestre k\u00e9s\u0151 esti \u00f3r\u00e1kban, lesz\u00e1ll\u00e1si lehet\u0151s\u00e9g a felsz\u00e1ll\u00e1ssal megegyez\u0151 helyeken.<\/p>\n<p class=\"western\" style=\"text-align: justify;\" align=\"justify\"><a href=\"https:\/\/www.goforgo.hu\/index.php\/orsegi-tokfesztival\/tokfesztival-3\/\" rel=\"attachment wp-att-3970\"><img loading=\"lazy\" decoding=\"async\" class=\"wp-image-3970 aligncenter\" src=\"https:\/\/www.goforgo.hu\/wp-content\/uploads\/2018\/01\/T\u00f6kfesztiv\u00e1l-3.jpg\" alt=\"T\u00f6kfesztiv\u00e1l 3\" width=\"700\" height=\"463\" srcset=\"https:\/\/www.goforgo.hu\/wp-content\/uploads\/2018\/01\/T\u00f6kfesztiv\u00e1l-3.jpg 800w, https:\/\/www.goforgo.hu\/wp-content\/uploads\/2018\/01\/T\u00f6kfesztiv\u00e1l-3-300x198.jpg 300w, https:\/\/www.goforgo.hu\/wp-content\/uploads\/2018\/01\/T\u00f6kfesztiv\u00e1l-3-768x508.jpg 768w\" sizes=\"auto, (max-width: 700px) 100vw, 700px\" \/><\/a><\/p>\n<h2 class=\"western\" style=\"text-align: center;\"><span style=\"font-size: x-large;\">R\u00e9szv\u00e9teli d\u00edj: <\/span><span style=\"font-size: x-large;\">7<\/span> <span style=\"font-size: x-large;\">5<\/span><span style=\"font-size: x-large;\">00 Ft\/f\u0151<\/span><\/h2>\n<p align=\"left\"><i><u><b>A r\u00e9szv\u00e9teli d\u00edj tartalmazza<\/b><\/u><\/i><i><b>:<\/b><\/i><i> az aut\u00f3buszos utaz\u00e1s k\u00f6lts\u00e9geit <\/i><\/p>\n<p class=\"western\" align=\"left\"><i><u><b>A r\u00e9szv\u00e9teli d\u00edj nem tartalmazza<\/b><\/u><\/i><i><b>:<\/b><\/i><i> a bel\u00e9p\u0151jegyeket, melyek a helysz\u00ednen fizetend\u0151k <\/i><\/p>\n<p class=\"western\" align=\"left\"><i><u><b>Kedvezm\u00e9nyek<\/b><\/u><\/i><i><b>:<\/b><\/i><i> A <\/i><i>GoforGO Travel <\/i><i>t\u00f6rzsutasainak, di\u00e1koknak 18 \u00e9ves korig, 65 \u00e9v feletti nyugd\u00edjasoknak <\/i> 300 Ft. Kedvezm\u00e9nyeket \u00f6sszevonni nem lehet!<\/p>\n<p class=\"western\" align=\"center\"><b>\u00c9LM\u00c9NYEKBEN GAZDAG UTAZ\u00c1ST,<\/b><i><b> <\/b><\/i>J\u00d3 SZ\u00d3RAKOZ\u00c1ST K\u00cdV\u00c1NUNK!<\/p>\n<p class=\"western\" align=\"center\">[youtube id=&#8221;bL1pr0-7iN4&#8243;]<\/p>\n<p class=\"western\" align=\"center\"><a href=\"https:\/\/www.goforgo.hu\/index.php\/orsegi-tokfesztival\/tokfesztival-6\/\" rel=\"attachment wp-att-3973\"><img loading=\"lazy\" decoding=\"async\" class=\"alignnone size-full wp-image-3973\" src=\"https:\/\/www.goforgo.hu\/wp-content\/uploads\/2018\/01\/T\u00f6kfesztiv\u00e1l-6.jpg\" alt=\"T\u00f6kfesztiv\u00e1l 6\" width=\"800\" height=\"525\" srcset=\"https:\/\/www.goforgo.hu\/wp-content\/uploads\/2018\/01\/T\u00f6kfesztiv\u00e1l-6.jpg 800w, https:\/\/www.goforgo.hu\/wp-content\/uploads\/2018\/01\/T\u00f6kfesztiv\u00e1l-6-300x197.jpg 300w, https:\/\/www.goforgo.hu\/wp-content\/uploads\/2018\/01\/T\u00f6kfesztiv\u00e1l-6-768x504.jpg 768w\" sizes=\"auto, (max-width: 800px) 100vw, 800px\" \/><\/a> <a href=\"https:\/\/www.goforgo.hu\/index.php\/orsegi-tokfesztival\/tokfesztival-5\/\" rel=\"attachment wp-att-3972\"><img loading=\"lazy\" decoding=\"async\" class=\"alignnone size-full wp-image-3972\" src=\"https:\/\/www.goforgo.hu\/wp-content\/uploads\/2018\/01\/T\u00f6kfesztiv\u00e1l-5.jpg\" alt=\"T\u00f6kfesztiv\u00e1l 5\" width=\"800\" height=\"529\" srcset=\"https:\/\/www.goforgo.hu\/wp-content\/uploads\/2018\/01\/T\u00f6kfesztiv\u00e1l-5.jpg 800w, https:\/\/www.goforgo.hu\/wp-content\/uploads\/2018\/01\/T\u00f6kfesztiv\u00e1l-5-300x198.jpg 300w, https:\/\/www.goforgo.hu\/wp-content\/uploads\/2018\/01\/T\u00f6kfesztiv\u00e1l-5-768x508.jpg 768w\" sizes=\"auto, (max-width: 800px) 100vw, 800px\" \/><\/a> <a href=\"https:\/\/www.goforgo.hu\/index.php\/orsegi-tokfesztival\/tokfesztival-4\/\" rel=\"attachment wp-att-3971\"><img loading=\"lazy\" decoding=\"async\" class=\"alignnone size-full wp-image-3971\" src=\"https:\/\/www.goforgo.hu\/wp-content\/uploads\/2018\/01\/T\u00f6kfesztiv\u00e1l-4.jpg\" alt=\"T\u00f6kfesztiv\u00e1l 4\" width=\"800\" height=\"529\" srcset=\"https:\/\/www.goforgo.hu\/wp-content\/uploads\/2018\/01\/T\u00f6kfesztiv\u00e1l-4.jpg 800w, https:\/\/www.goforgo.hu\/wp-content\/uploads\/2018\/01\/T\u00f6kfesztiv\u00e1l-4-300x198.jpg 300w, https:\/\/www.goforgo.hu\/wp-content\/uploads\/2018\/01\/T\u00f6kfesztiv\u00e1l-4-768x508.jpg 768w\" sizes=\"auto, (max-width: 800px) 100vw, 800px\" \/><\/a> <a href=\"https:\/\/www.goforgo.hu\/index.php\/orsegi-tokfesztival\/tokfesztival-2\/\" rel=\"attachment wp-att-3968\"><img loading=\"lazy\" decoding=\"async\" class=\"alignnone size-full wp-image-3968\" src=\"https:\/\/www.goforgo.hu\/wp-content\/uploads\/2018\/01\/T\u00f6kfesztival-2.jpg\" alt=\"T\u00f6kfesztival 2\" width=\"800\" height=\"529\" \/><\/a><\/p>\n","protected":false},"excerpt":{"rendered":"<p>Id\u0151pont: \u00a0 2018.09.28.\u00a0 \u00a0 \u00a0 \u00a0 \u00a0 \u00a0 \u00a0 \u00a0 \u00a0 \u00a0 \u00a0 \u00a0 \u00a0 \u00a0 \u00a0 \u00a0 \u00a0\u00a0\u00a0\u00a0\u00a0\u00a0\u00a0\u00a0\u00a0 \u00a0 \u00a0 \u00a0\u00a0 Poz\u00edci\u00f3sz\u00e1m:\u00a0 Utaz\u00e1s: az utasl\u00e9tsz\u00e1mnak megfelel\u0151 aut\u00f3busszal \u00datvonal: Budapest \u2013 Szigetv\u00e1r \u2013 Vill\u00e1ny\u2013 Budapest (kb. 550 km) Ell\u00e1t\u00e1s: \u00f6nell\u00e1t\u00f3 PROGRAM: Indul\u00e1s: 5:00 \u2013 kor Pestszentl\u0151rinc, LIDL parkol\u00f3 (\u00dcll\u0151i \u00fat 379 &#8211; 381) 6:00 \u2013 kor N\u00e9pliget, M3 n\u00e9pligeti metr\u00f3meg\u00e1ll\u00f3, Planet\u00e1rium el\u0151l Utunk az \u0150rs\u00e9gi T\u00f6kfesztiv\u00e1lra vezet. Korai indul\u00e1s ut\u00e1n a d\u00e9li \u00f3r\u00e1kban \u00e9rj\u00fck el nyugati orsz\u00e1ghat\u00e1runkn\u00e1l elter\u00fcl\u0151 \u0150rs\u00e9gi Nemzeti Parkot, melynek k\u00f6zponti szerein (telep\u00fcl\u00e9sein) ker\u00fcl megrendez\u00e9sre a XV. T\u00f6kfesztiv\u00e1l,a t\u00e9rs\u00e9g legnagyobb gasztro- turisztikai rendezv\u00e9nye. Szalaf\u0151re \u00e9rve a n\u00e9pi j\u00e1t\u00e9kok \u00e9s m\u0171v\u00e9szeti bemutat\u00f3k forgatag\u00e1ban megismerkedhetnek a t\u00f6k helyi kultusz\u00e1val, a humoros vet\u00e9lked\u0151k\u00f6n pedig minden koroszt\u00e1ly megm\u00e9rettetheti mag\u00e1t. A fergeteges el\u0151ad\u00e1sok \u00e9s t\u00f6kcsoda-teremtm\u00e9nyek megtekint\u00e9se k\u00f6zben a vend\u00e9gek t\u00f6kb\u0151l k\u00e9sz\u00fclt \u00e9telspecialit\u00e1sokat k\u00f3stolhatnak meg. Vend\u00e9geink v\u00e1logathatnak a k\u00e9zm\u0171ves kirakod\u00f3 v\u00e1s\u00e1r port\u00e9k\u00e1i k\u00f6z\u00f6tt a M\u0171eml\u00e9kegy\u00fcttes p\u00e1ratlan k\u00f6rnyezet\u00e9ben, r\u00e9szt vehetnek a t\u00f6kmagos \u0151rs\u00e9gi kerek perecs\u00fct\u00e9s\u00e9ben \u00e9s megn\u00e9zhetik a t\u00f6kmagolaj\u00fct\u00e9st a pajt\u00e1ban. K\u00e9s\u0151 d\u00e9lut\u00e1n indulunk hazafel\u00e9. \u00c9rkez\u00e9s Budapestre k\u00e9s\u0151 esti \u00f3r\u00e1kban, lesz\u00e1ll\u00e1si lehet\u0151s\u00e9g a felsz\u00e1ll\u00e1ssal megegyez\u0151 helyeken. R\u00e9szv\u00e9teli d\u00edj: 7 500 Ft\/f\u0151 A r\u00e9szv\u00e9teli d\u00edj tartalmazza: az aut\u00f3buszos utaz\u00e1s k\u00f6lts\u00e9geit A r\u00e9szv\u00e9teli d\u00edj nem tartalmazza: a bel\u00e9p\u0151jegyeket, melyek a helysz\u00ednen fizetend\u0151k Kedvezm\u00e9nyek: A GoforGO Travel t\u00f6rzsutasainak, di\u00e1koknak 18 \u00e9ves korig, 65 \u00e9v feletti nyugd\u00edjasoknak 300 Ft. Kedvezm\u00e9nyeket \u00f6sszevonni nem lehet! \u00c9LM\u00c9NYEKBEN GAZDAG UTAZ\u00c1ST, J\u00d3 SZ\u00d3RAKOZ\u00c1ST K\u00cdV\u00c1NUNK! [youtube id=&#8221;bL1pr0-7iN4&#8243;]<\/p>\n","protected":false},"author":1,"featured_media":0,"parent":0,"menu_order":0,"comment_status":"closed","ping_status":"closed","template":"","meta":{"footnotes":""},"class_list":["post-3966","page","type-page","status-publish","hentry"],"_links":{"self":[{"href":"https:\/\/www.goforgo.hu\/index.php\/wp-json\/wp\/v2\/pages\/3966","targetHints":{"allow":["GET"]}}],"collection":[{"href":"https:\/\/www.goforgo.hu\/index.php\/wp-json\/wp\/v2\/pages"}],"about":[{"href":"https:\/\/www.goforgo.hu\/index.php\/wp-json\/wp\/v2\/types\/page"}],"author":[{"embeddable":true,"href":"https:\/\/www.goforgo.hu\/index.php\/wp-json\/wp\/v2\/users\/1"}],"replies":[{"embeddable":true,"href":"https:\/\/www.goforgo.hu\/index.php\/wp-json\/wp\/v2\/comments?post=3966"}],"version-history":[{"count":2,"href":"https:\/\/www.goforgo.hu\/index.php\/wp-json\/wp\/v2\/pages\/3966\/revisions"}],"predecessor-version":[{"id":3975,"href":"https:\/\/www.goforgo.hu\/index.php\/wp-json\/wp\/v2\/pages\/3966\/revisions\/3975"}],"wp:attachment":[{"href":"https:\/\/www.goforgo.hu\/index.php\/wp-json\/wp\/v2\/media?parent=3966"}],"curies":[{"name":"wp","href":"https:\/\/api.w.org\/{rel}","templated":true}]}}