{"id":3980,"date":"2018-01-28T07:33:56","date_gmt":"2018-01-28T07:33:56","guid":{"rendered":"http:\/\/www.goforgo.hu\/?page_id=3980"},"modified":"2018-01-31T10:42:45","modified_gmt":"2018-01-31T10:42:45","slug":"ipolytarnoc-es-kiruccanas-kekkovarahoz","status":"publish","type":"page","link":"https:\/\/www.goforgo.hu\/index.php\/ipolytarnoc-es-kiruccanas-kekkovarahoz\/","title":{"rendered":"Ipolytarn\u00f3c \u00e9s kiruccan\u00e1s K\u00e9kk\u0151v\u00e1r\u00e1hoz"},"content":{"rendered":"<p class=\"western\" align=\"left\"><b>Id\u0151pont<\/b>:\u00a0 \u00a0\u00a0\u00a0 2018.09.08. \u00a0\u00a0\u00a0\u00a0\u00a0\u00a0\u00a0\u00a0 \u00a0 \u00a0 \u00a0 \u00a0 \u00a0\u00a0\u00a0\u00a0 <b>Poz\u00edci\u00f3sz\u00e1m:<\/b><b> <\/b>18\/BIP\/09<\/p>\n<p class=\"western\"><b>Utaz\u00e1s:<\/b> az utasl\u00e9tsz\u00e1mnak megfelel\u0151 aut\u00f3busszal<\/p>\n<p class=\"western\" align=\"left\"><b>\u00datvonal:<\/b><b>\u00a0 <\/b>Budapest \u2013 Ipolytarn\u00f3c &#8211; Als\u00f3sztregova\u2013 Budapest ( 350 km)<\/p>\n<p class=\"western\"><b>Ell\u00e1t\u00e1s:<\/b> \u00f6nell\u00e1t\u00f3<\/p>\n<p class=\"western\" align=\"center\"><span style=\"font-size: large;\"><u><b>PROGRAM:<\/b><\/u><\/span><\/p>\n<p class=\"western\" align=\"left\"><a href=\"https:\/\/www.goforgo.hu\/index.php\/ipolytarnoc-es-kiruccanas-kekkovarahoz\/ipolytarnoc-2\/\" rel=\"attachment wp-att-3982\"><img loading=\"lazy\" decoding=\"async\" class=\"size-full wp-image-3982 aligncenter\" src=\"https:\/\/www.goforgo.hu\/wp-content\/uploads\/2018\/01\/ipolytarnoc.jpg\" alt=\"ipolytarnoc\" width=\"780\" height=\"516\" \/><\/a><\/p>\n<p class=\"western\" align=\"left\"><u><b>Indul\u00e1s<\/b><\/u><i><u><b>:<\/b><\/u><\/i><\/p>\n<p class=\"western\" align=\"left\"><b>6:3<\/b><b>0<\/b> \u2013 kor Pestszentl\u0151rinc, LIDL parkol\u00f3 (\u00dcll\u0151i \u00fat 3979 &#8211; 381)<\/p>\n<p class=\"western\" align=\"left\"><b> 7:00 <\/b>\u2013 kor N\u00e9pliget, M3 n\u00e9pligeti metr\u00f3meg\u00e1ll\u00f3, Planet\u00e1rium el\u0151l<\/p>\n<p class=\"western\" align=\"left\">7:30-kor B\u00e9k\u00e1smegyer (felt\u00e9teles)<\/p>\n<p style=\"text-align: justify;\">Indul\u00e1s a reggeli \u00f3r\u00e1kban. D\u00e9lel\u0151tt \u00e9rkez\u00fcnk <strong>Ipolytarn\u00f3cra<\/strong>, ahol 1 \u00f3r\u00e1s szakvezet\u00e9ssel v\u00e9gig \u00e9lhetj\u00fck a t\u00f6bb milli\u00f3 \u00e9vvel ezel\u0151tti vil\u00e1g mindennapjait a vil\u00e1gh\u00edr\u0171 f\u00f6ldtani tan\u00f6sv\u00e9nyen, ahol az \u0151si vulk\u00e1ni katasztr\u00f3fa \u00e1ltal meg\u0151rz\u0151d\u00f6tt maradv\u00e1nyokat lehet megismerni. Az \u0151sl\u00e9nyek itat\u00f3hely\u00e9n 3D-s vet\u00edt\u00e9ssel l\u00e1thatjuk az egykori \u00e1llatokat. A s\u00e9ta v\u00e9g\u00e9n lehet\u0151s\u00e9g ny\u00edlik a 4D-s moziban egy id\u0151utaz\u00e1son r\u00e9szt venn\u00fcnk. A l\u00e1togat\u00e1s ut\u00e1n indulunk <strong>Als\u00f3sztregov\u00e1ra<\/strong>, Mad\u00e1ch Imre egykori lak\u00f3hely\u00e9re. Itt a kast\u00e9lyban berendezett eml\u00e9kki\u00e1ll\u00edt\u00e1s megtekint\u00e9se ut\u00e1n kis\u00e9t\u00e1lunk a kert v\u00e9g\u00e9ben fel\u00e1ll\u00edtott Mad\u00e1ch-s\u00edreml\u00e9khez.<\/p>\n<p style=\"text-align: justify;\"><a href=\"https:\/\/www.goforgo.hu\/index.php\/ipolytarnoc-es-kiruccanas-kekkovarahoz\/kekko-legi-foto\/\" rel=\"attachment wp-att-3985\"><img loading=\"lazy\" decoding=\"async\" class=\"wp-image-3985 aligncenter\" src=\"https:\/\/www.goforgo.hu\/wp-content\/uploads\/2018\/01\/kekko-legi-foto.jpg\" alt=\"kekko-legi-foto\" width=\"704\" height=\"479\" \/><\/a><\/p>\n<p style=\"text-align: justify;\">Napunk z\u00e1r\u00e1sak\u00e9nt <strong>K\u00e9kk\u0151 v\u00e1r\u00e1t<\/strong> l\u00e1togatjuk meg. Az eredetileg g\u00f3tikus v\u00e1r 1137 k\u00f6r\u00fcl \u00e9p\u00fclt. Legnagyobb fellend\u00fcl\u00e9sekor a k\u00e9kk\u0151i v\u00e1r Magyarorsz\u00e1g legjelent\u0151sebb v\u00e1rai k\u00f6z\u00e9 tartozott. Miut\u00e1n a Balassa-csal\u00e1d vissza\u00e1ll\u00edttatta eredeti \u00e1llapot\u00e1ba a t\u00f6r\u00f6k\u00f6k a v\u00e1rat \u00fajra elpuszt\u00edtott\u00e1k \u00e9s a fels\u0151 g\u00f3tikus st\u00edlusban \u00e9p\u00fclt v\u00e1r az\u00f3ta romokban hever. A Balassa-csal\u00e1d a v\u00e1r als\u00f3 r\u00e9sz\u00e9n egy barokk st\u00edlus\u00fa kast\u00e9lyt \u00e9p\u00edtett. Jelenleg a maga nem\u00e9ben egyed\u00fcl\u00e1ll\u00f3 a B\u00e1bm\u0171v\u00e9szeti Kult\u00far\u00e1k \u00e9s J\u00e1t\u00e9kok M\u00fazeuma l\u00e1that\u00f3 benne.<\/p>\n<p>Indul\u00e1s vissza a k\u00e9s\u0151 d\u00e9lut\u00e1ni \u00f3r\u00e1kban. \u00c9rkez\u00e9s Budapestre este, lesz\u00e1ll\u00e1si lehet\u0151s\u00e9g a felsz\u00e1ll\u00e1ssal megegyez\u0151 helyeken.<\/p>\n<h2 class=\"western\" style=\"text-align: center;\"><span style=\"font-size: x-large;\">R\u00e9szv\u00e9teli d\u00edj: <\/span><span style=\"font-size: x-large;\">5<\/span> <span style=\"font-size: x-large;\">9<\/span><span style=\"font-size: x-large;\">00 Ft\/f\u0151<\/span><\/h2>\n<p align=\"left\"><i><u><b>A r\u00e9szv\u00e9teli d\u00edj tartalmazza<\/b><\/u><\/i><i><b>:<\/b><\/i><i> az aut\u00f3buszos utaz\u00e1s k\u00f6lts\u00e9geit <\/i><\/p>\n<p class=\"western\" align=\"left\"><i><u><b>A r\u00e9szv\u00e9teli d\u00edj nem tartalmazza<\/b><\/u><\/i><i><b>:<\/b><\/i><i> a bel\u00e9p\u0151jegyeket, melyek a helysz\u00ednen fizetend\u0151k <\/i><\/p>\n<p class=\"western\" align=\"left\"><i><u><b>Kedvezm\u00e9nyek<\/b><\/u><\/i><span style=\"font-size: xx-small;\"><i><b>:<\/b><\/i><\/span><i> A <\/i><span style=\"font-size: xx-small;\"><i>GoforGO Travel <\/i><\/span>&gt;<i>t\u00f6rzsutasainak, di\u00e1koknak 18 \u00e9ves korig, 65 \u00e9v feletti nyugd\u00edjasoknak <\/i><i>4<\/i><i>00 Ft. Kedvezm\u00e9nyeket \u00f6sszevonni nem lehet!<\/i><\/p>\n<p><a href=\"https:\/\/www.goforgo.hu\/index.php\/ipolytarnoc-es-kiruccanas-kekkovarahoz\/olympus-digital-camera-18\/\" rel=\"attachment wp-att-3984\"><img loading=\"lazy\" decoding=\"async\" class=\" wp-image-3984\" src=\"https:\/\/www.goforgo.hu\/wp-content\/uploads\/2018\/01\/Mad\u00e1ch-eml\u00e9kt\u00e1bla-1024x768.jpg\" alt=\"OLYMPUS DIGITAL CAMERA\" width=\"700\" height=\"525\" \/><\/a><\/p>\n<p class=\"western\" align=\"center\"><b>\u00c9LM\u00c9NYEKBEN GAZDAG UTAZ\u00c1ST, J\u00d3 SZ\u00d3RAKOZ\u00c1ST K\u00cdV\u00c1NUNK!<\/b><\/p>\n","protected":false},"excerpt":{"rendered":"<p>Id\u0151pont:\u00a0 \u00a0\u00a0\u00a0 2018.09.08. \u00a0\u00a0\u00a0\u00a0\u00a0\u00a0\u00a0\u00a0 \u00a0 \u00a0 \u00a0 \u00a0 \u00a0\u00a0\u00a0\u00a0 Poz\u00edci\u00f3sz\u00e1m: 18\/BIP\/09 Utaz\u00e1s: az utasl\u00e9tsz\u00e1mnak megfelel\u0151 aut\u00f3busszal \u00datvonal:\u00a0 Budapest \u2013 Ipolytarn\u00f3c &#8211; Als\u00f3sztregova\u2013 Budapest ( 350 km) Ell\u00e1t\u00e1s: \u00f6nell\u00e1t\u00f3 PROGRAM: Indul\u00e1s: 6:30 \u2013 kor Pestszentl\u0151rinc, LIDL parkol\u00f3 (\u00dcll\u0151i \u00fat 3979 &#8211; 381) 7:00 \u2013 kor N\u00e9pliget, M3 n\u00e9pligeti metr\u00f3meg\u00e1ll\u00f3, Planet\u00e1rium el\u0151l 7:30-kor B\u00e9k\u00e1smegyer (felt\u00e9teles) Indul\u00e1s a reggeli \u00f3r\u00e1kban. D\u00e9lel\u0151tt \u00e9rkez\u00fcnk Ipolytarn\u00f3cra, ahol 1 \u00f3r\u00e1s szakvezet\u00e9ssel v\u00e9gig \u00e9lhetj\u00fck a t\u00f6bb milli\u00f3 \u00e9vvel ezel\u0151tti vil\u00e1g mindennapjait a vil\u00e1gh\u00edr\u0171 f\u00f6ldtani tan\u00f6sv\u00e9nyen, ahol az \u0151si vulk\u00e1ni katasztr\u00f3fa \u00e1ltal meg\u0151rz\u0151d\u00f6tt maradv\u00e1nyokat lehet megismerni. Az \u0151sl\u00e9nyek itat\u00f3hely\u00e9n 3D-s vet\u00edt\u00e9ssel l\u00e1thatjuk az egykori \u00e1llatokat. A s\u00e9ta v\u00e9g\u00e9n lehet\u0151s\u00e9g ny\u00edlik a 4D-s moziban egy id\u0151utaz\u00e1son r\u00e9szt venn\u00fcnk. A l\u00e1togat\u00e1s ut\u00e1n indulunk Als\u00f3sztregov\u00e1ra, Mad\u00e1ch Imre egykori lak\u00f3hely\u00e9re. Itt a kast\u00e9lyban berendezett eml\u00e9kki\u00e1ll\u00edt\u00e1s megtekint\u00e9se ut\u00e1n kis\u00e9t\u00e1lunk a kert v\u00e9g\u00e9ben fel\u00e1ll\u00edtott Mad\u00e1ch-s\u00edreml\u00e9khez. Napunk z\u00e1r\u00e1sak\u00e9nt K\u00e9kk\u0151 v\u00e1r\u00e1t l\u00e1togatjuk meg. Az eredetileg g\u00f3tikus v\u00e1r 1137 k\u00f6r\u00fcl \u00e9p\u00fclt. Legnagyobb fellend\u00fcl\u00e9sekor a k\u00e9kk\u0151i v\u00e1r Magyarorsz\u00e1g legjelent\u0151sebb v\u00e1rai k\u00f6z\u00e9 tartozott. Miut\u00e1n a Balassa-csal\u00e1d vissza\u00e1ll\u00edttatta eredeti \u00e1llapot\u00e1ba a t\u00f6r\u00f6k\u00f6k a v\u00e1rat \u00fajra elpuszt\u00edtott\u00e1k \u00e9s a fels\u0151 g\u00f3tikus st\u00edlusban \u00e9p\u00fclt v\u00e1r az\u00f3ta romokban hever. A Balassa-csal\u00e1d a v\u00e1r als\u00f3 r\u00e9sz\u00e9n egy barokk st\u00edlus\u00fa kast\u00e9lyt \u00e9p\u00edtett. Jelenleg a maga nem\u00e9ben egyed\u00fcl\u00e1ll\u00f3 a B\u00e1bm\u0171v\u00e9szeti Kult\u00far\u00e1k \u00e9s J\u00e1t\u00e9kok M\u00fazeuma l\u00e1that\u00f3 benne. Indul\u00e1s vissza a k\u00e9s\u0151 d\u00e9lut\u00e1ni \u00f3r\u00e1kban. \u00c9rkez\u00e9s Budapestre este, lesz\u00e1ll\u00e1si lehet\u0151s\u00e9g a felsz\u00e1ll\u00e1ssal megegyez\u0151 helyeken. R\u00e9szv\u00e9teli d\u00edj: 5 900 Ft\/f\u0151 A r\u00e9szv\u00e9teli d\u00edj tartalmazza: az aut\u00f3buszos utaz\u00e1s k\u00f6lts\u00e9geit A r\u00e9szv\u00e9teli d\u00edj nem tartalmazza: a bel\u00e9p\u0151jegyeket, melyek a helysz\u00ednen fizetend\u0151k Kedvezm\u00e9nyek: A GoforGO Travel &gt;t\u00f6rzsutasainak, di\u00e1koknak 18 \u00e9ves korig, 65 \u00e9v feletti nyugd\u00edjasoknak 400 Ft. Kedvezm\u00e9nyeket \u00f6sszevonni nem lehet! \u00c9LM\u00c9NYEKBEN GAZDAG UTAZ\u00c1ST, J\u00d3 SZ\u00d3RAKOZ\u00c1ST K\u00cdV\u00c1NUNK!<\/p>\n","protected":false},"author":1,"featured_media":0,"parent":0,"menu_order":0,"comment_status":"closed","ping_status":"closed","template":"","meta":{"footnotes":""},"class_list":["post-3980","page","type-page","status-publish","hentry"],"_links":{"self":[{"href":"https:\/\/www.goforgo.hu\/index.php\/wp-json\/wp\/v2\/pages\/3980","targetHints":{"allow":["GET"]}}],"collection":[{"href":"https:\/\/www.goforgo.hu\/index.php\/wp-json\/wp\/v2\/pages"}],"about":[{"href":"https:\/\/www.goforgo.hu\/index.php\/wp-json\/wp\/v2\/types\/page"}],"author":[{"embeddable":true,"href":"https:\/\/www.goforgo.hu\/index.php\/wp-json\/wp\/v2\/users\/1"}],"replies":[{"embeddable":true,"href":"https:\/\/www.goforgo.hu\/index.php\/wp-json\/wp\/v2\/comments?post=3980"}],"version-history":[{"count":4,"href":"https:\/\/www.goforgo.hu\/index.php\/wp-json\/wp\/v2\/pages\/3980\/revisions"}],"predecessor-version":[{"id":4110,"href":"https:\/\/www.goforgo.hu\/index.php\/wp-json\/wp\/v2\/pages\/3980\/revisions\/4110"}],"wp:attachment":[{"href":"https:\/\/www.goforgo.hu\/index.php\/wp-json\/wp\/v2\/media?parent=3980"}],"curies":[{"name":"wp","href":"https:\/\/api.w.org\/{rel}","templated":true}]}}