{"id":42,"date":"2015-10-21T15:20:47","date_gmt":"2015-10-21T15:20:47","guid":{"rendered":"http:\/\/www.goforgo.hu\/?page_id=42"},"modified":"2025-05-17T09:56:51","modified_gmt":"2025-05-17T09:56:51","slug":"rolunk","status":"publish","type":"page","link":"https:\/\/www.goforgo.hu\/index.php\/rolunk\/","title":{"rendered":"Kapcsolat"},"content":{"rendered":"<p style=\"text-align: center;\">\u00c9LM\u00c9NYEKBEN GAZDAG UTAZ\u00c1ST K\u00cdV\u00c1NUNK!<\/p>\n<p style=\"text-align: center;\">Jelentkez\u00e9s on-line: info@goforgo.hu<\/p>\n<p style=\"text-align: center;\">tel.: +36 30 307 1736<\/p>\n<p style=\"text-align: center;\"><strong>IROD\u00c1NK: on-line m\u0171k\u00f6dik<\/strong><\/p>\n<p style=\"text-align: center;\">sz\u00e9khely: 1039 Budapest, B\u00e9k\u00e1smegyer, Csob\u00e1nka t\u00e9r 5. (itt \u00fcgyf\u00e9lfogad\u00e1s nincs!)<\/p>\n<p style=\"text-align: center;\">enged\u00e9lysz\u00e1m: U-0001210<\/p>\n<p style=\"text-align: center;\">szem\u00e9lysz\u00e1ll\u00edt\u00f3i enged\u00e9lysz\u00e1m:\u00a0 ASZ-0000481\/2012<\/p>\n<p>Tisztlelt Utasaink!<\/p>\n<p>Felh\u00edvjuk sz\u00edves figyelm\u00fcket, hogy\u00a0 az \u00d6n\u00f6k jelentkez\u00e9se ut\u00e1n a visszaigazol\u00e1skor ki kell \u00e1ll\u00edtanunk az el\u0151legsz\u00e1ml\u00e1t. Lakc\u00edm n\u00e9lk\u00fcl nem tudunk sz\u00e1ml\u00e1t ki\u00e1ll\u00edtani, ez\u00e9rt amennyiben nem az on-line jelentkez\u00e9si fel\u00fcletet haszn\u00e1lt\u00e1k, k\u00e9rj\u00fck k\u00fcldj\u00e9k meg sz\u00e1munkra!<\/p>\n<p>A munk\u00e1nk megk\u00f6nnyebb\u00edt\u00e9se \u00e9rdek\u00e9ben a hat\u00e1rid\u0151ket k\u00e9rj\u00fck betartani!<\/p>\n<p>Utal\u00e1skor, k\u00e9rj\u00fck \u00edrja be a megjegyz\u00e9sbe az utaz\u00e1s megnevez\u00e9s\u00e9t, d\u00e1tum\u00e1t!<\/p>\n<p style=\"text-align: center;\">Bank sz\u00e1mlasz\u00e1m: Raiffeisen 12011856 &#8211; 01253384 &#8211; 00100003<\/p>\n<p>Meg\u00e9rt\u00e9s\u00fcket k\u00f6sz\u00f6nj\u00fck!<\/p>\n<p>GOforGO Travel<\/p>\n<p style=\"text-align: center;\">\u00a0<\/p>\n\n\n<p><\/p>\n","protected":false},"excerpt":{"rendered":"<p>\u00c9LM\u00c9NYEKBEN GAZDAG UTAZ\u00c1ST K\u00cdV\u00c1NUNK! Jelentkez\u00e9s on-line: info@goforgo.hu tel.: +36 30 307 1736 IROD\u00c1NK: on-line m\u0171k\u00f6dik sz\u00e9khely: 1039 Budapest, B\u00e9k\u00e1smegyer, Csob\u00e1nka t\u00e9r 5. (itt \u00fcgyf\u00e9lfogad\u00e1s nincs!) enged\u00e9lysz\u00e1m: U-0001210 szem\u00e9lysz\u00e1ll\u00edt\u00f3i enged\u00e9lysz\u00e1m:\u00a0 ASZ-0000481\/2012 Tisztlelt Utasaink! Felh\u00edvjuk sz\u00edves figyelm\u00fcket, hogy\u00a0 az \u00d6n\u00f6k jelentkez\u00e9se ut\u00e1n a visszaigazol\u00e1skor ki kell \u00e1ll\u00edtanunk az el\u0151legsz\u00e1ml\u00e1t. Lakc\u00edm n\u00e9lk\u00fcl nem tudunk sz\u00e1ml\u00e1t ki\u00e1ll\u00edtani, ez\u00e9rt amennyiben nem az on-line jelentkez\u00e9si fel\u00fcletet haszn\u00e1lt\u00e1k, k\u00e9rj\u00fck k\u00fcldj\u00e9k meg sz\u00e1munkra! A munk\u00e1nk megk\u00f6nnyebb\u00edt\u00e9se \u00e9rdek\u00e9ben a hat\u00e1rid\u0151ket k\u00e9rj\u00fck betartani! Utal\u00e1skor, k\u00e9rj\u00fck \u00edrja be a megjegyz\u00e9sbe az utaz\u00e1s megnevez\u00e9s\u00e9t, d\u00e1tum\u00e1t! Bank sz\u00e1mlasz\u00e1m: Raiffeisen 12011856 &#8211; 01253384 &#8211; 00100003 Meg\u00e9rt\u00e9s\u00fcket k\u00f6sz\u00f6nj\u00fck! GOforGO Travel \u00a0<\/p>\n","protected":false},"author":1,"featured_media":0,"parent":0,"menu_order":0,"comment_status":"closed","ping_status":"closed","template":"","meta":{"footnotes":""},"class_list":["post-42","page","type-page","status-publish","hentry"],"_links":{"self":[{"href":"https:\/\/www.goforgo.hu\/index.php\/wp-json\/wp\/v2\/pages\/42","targetHints":{"allow":["GET"]}}],"collection":[{"href":"https:\/\/www.goforgo.hu\/index.php\/wp-json\/wp\/v2\/pages"}],"about":[{"href":"https:\/\/www.goforgo.hu\/index.php\/wp-json\/wp\/v2\/types\/page"}],"author":[{"embeddable":true,"href":"https:\/\/www.goforgo.hu\/index.php\/wp-json\/wp\/v2\/users\/1"}],"replies":[{"embeddable":true,"href":"https:\/\/www.goforgo.hu\/index.php\/wp-json\/wp\/v2\/comments?post=42"}],"version-history":[{"count":19,"href":"https:\/\/www.goforgo.hu\/index.php\/wp-json\/wp\/v2\/pages\/42\/revisions"}],"predecessor-version":[{"id":7333,"href":"https:\/\/www.goforgo.hu\/index.php\/wp-json\/wp\/v2\/pages\/42\/revisions\/7333"}],"wp:attachment":[{"href":"https:\/\/www.goforgo.hu\/index.php\/wp-json\/wp\/v2\/media?parent=42"}],"curies":[{"name":"wp","href":"https:\/\/api.w.org\/{rel}","templated":true}]}}