{"id":4434,"date":"2018-11-08T08:20:04","date_gmt":"2018-11-08T08:20:04","guid":{"rendered":"http:\/\/www.goforgo.hu\/?page_id=4434"},"modified":"2025-01-21T13:10:39","modified_gmt":"2025-01-21T13:10:39","slug":"jegkatedralis-a-magas-tatraban","status":"publish","type":"page","link":"https:\/\/www.goforgo.hu\/index.php\/jegkatedralis-a-magas-tatraban\/","title":{"rendered":"J\u00e9gkatedr\u00e1lis a Magas-T\u00e1tr\u00e1ban"},"content":{"rendered":"<div class=\"grid-695 pad-top-5 mrg-lft-20 text_fragment\">\n<div class=\"grid-410 pad-bot-10\">\n<p><a href=\"https:\/\/www.goforgo.hu\/depositphotos_7227958-stock-photo-winter-landscape\/\"><img loading=\"lazy\" decoding=\"async\" class=\" wp-image-6877 aligncenter\" src=\"https:\/\/www.goforgo.hu\/wp-content\/uploads\/2025\/01\/depositphotos_7227958-stock-photo-winter-landscape.webp\" alt=\"\" width=\"703\" height=\"466\" srcset=\"https:\/\/www.goforgo.hu\/wp-content\/uploads\/2025\/01\/depositphotos_7227958-stock-photo-winter-landscape.webp 600w, https:\/\/www.goforgo.hu\/wp-content\/uploads\/2025\/01\/depositphotos_7227958-stock-photo-winter-landscape-500x330.webp 500w\" sizes=\"auto, (max-width: 703px) 100vw, 703px\" \/><\/a><\/p>\n<p class=\"western\"><b>Id\u0151pont :\u00a0 2025.03.22.\u00a0\u00a0\u00a0\u00a0\u00a0\u00a0\u00a0\u00a0\u00a0\u00a0\u00a0\u00a0\u00a0\u00a0 Poz.sz\u00e1m: 25\/ FJK\/ 01<\/b><\/p>\n<p class=\"western\"><b>\u00datvonal :<\/b> Budapest \u2013 \u00d3t\u00e1traf\u00fcred &#8211; Csorba-t\u00f3 \u2013 Budapest<\/p>\n<p class=\"western\"><b>Utaz\u00e1s : <\/b> a csoportl\u00e9tsz\u00e1mnak megfelel\u0151 aut\u00f3busszal<\/p>\n<p class=\"western\"><b>Id\u0151tartam: <\/b>1 nap\u00a0\u00a0\u00a0\u00a0\u00a0\u00a0\u00a0\u00a0\u00a0\u00a0\u00a0\u00a0\u00a0\u00a0\u00a0\u00a0\u00a0\u00a0\u00a0\u00a0\u00a0\u00a0\u00a0\u00a0 <b>Idegenvezet\u00e9s: <\/b>az aut\u00f3buszon<\/p>\n<\/div>\n<p><strong>5:30-kor Budapest, \u00dcll\u0151i \u00fat 110.<\/strong> (Ecseri \u00fat-\u00dcll\u0151i \u00fat sarka, M3 metr\u00f3meg\u00e1ll\u00f3, a belv\u00e1ros fel\u00e9 vezet\u0151 oldalon l\u00e9v\u0151 OMV benzink\u00fatn\u00e1l),<\/p>\n<div class=\"grid-410 pad-bot-10\">\n<p><strong><em>XII. \u201eT\u00e1trai J\u00e9gkatedr\u00e1lis\u201d: Krakk\u00f3 templomai<\/em><\/strong><\/p>\n<p><strong>\u00a0<\/strong><\/p>\n<h2 style=\"text-align: center;\"><strong>PROGRAM<\/strong><\/h2>\n<p>Folyamatos utaz\u00e1s <strong>\u00d3-t\u00e1traf\u00fcredre<\/strong>, \u00fatk\u00f6zben r\u00f6vid pihen\u0151kkel. \u00c9rkez\u00e9s a kora d\u00e9li \u00f3r\u00e1kban a T\u00e1tra egyik legkedveltebb \u00fcd\u00fcl\u0151hely\u00e9re. A fogaskerek\u0171 kisvas\u00fattal felmegy\u00fcnk a <strong>Tarajk\u00e1ra<\/strong>, ahol szabadid\u0151 keret\u00e9ben megtekinthetj\u00fck a <strong>J\u00e9gkatedr\u00e1list<\/strong>. Id\u00e9n is mesebeli j\u00e9gtemplomot \u00e9p\u00edtenek az \u00fcgyes k\u00e9z\u0171 j\u00e9gszobr\u00e1szok, kiknek vezet\u0151je a felvid\u00e9ki sz\u00fclet\u00e9s\u0171 Bakos \u00c1d\u00e1m. \u00c9vek \u00f3ta egyre nagyobb \u00e9rdekl\u0151d\u00e9s \u00f6vezi a felvid\u00e9ki \u00e9s nemzetk\u00f6zi fiatalokb\u00f3l \u00e1ll\u00f3 csapat munk\u00e1j\u00e1t, miszerint minden \u00e9vben t\u00f6bb sz\u00e1z tonna j\u00e9g (id\u00e9n 225 tonna) felhaszn\u00e1l\u00e1s\u00e1val megalkotj\u00e1k a \u201eT\u00e1trai J\u00e9gkatedr\u00e1list\u201d. \u00c9vente m\u00e1s \u00e9s m\u00e1s, vil\u00e1gh\u00edr\u0171 templom az ihlet\u0151je ennek a csod\u00e1nak. Id\u00e9n, a 12. alkalommal Krakk\u00f3 2 h\u00edres templom\u00e1nak, a Wawel katedr\u00e1lis\u00e1nak \u00e9s a Szent Adalbert templom r\u00e9szleteit fedezhetj\u00fck fel az alkot\u00e1sban.<\/p>\n<p style=\"text-align: center;\">Az alkot\u00e1s jelmondata: <strong>\u201e A T\u00e1tra nem elv\u00e1laszt, hanem \u00f6sszek\u00f6t!\u201c <\/strong><\/p>\n<p style=\"text-align: right;\">(II. J\u00e1nos P\u00e1l p\u00e1pa)<\/p>\n<p><a href=\"https:\/\/www.goforgo.hu\/index.php\/jegkatedralis-a-magas-tatraban\/jegkat-5\/\" rel=\"attachment wp-att-6918\"><img loading=\"lazy\" decoding=\"async\" class=\"alignnone size-large wp-image-6918\" src=\"https:\/\/www.goforgo.hu\/wp-content\/uploads\/2025\/01\/jegkat-5-1024x1024.jpg\" alt=\"\" width=\"960\" height=\"960\" srcset=\"https:\/\/www.goforgo.hu\/wp-content\/uploads\/2025\/01\/jegkat-5-1024x1024.jpg 1024w, https:\/\/www.goforgo.hu\/wp-content\/uploads\/2025\/01\/jegkat-5-300x300.jpg 300w, https:\/\/www.goforgo.hu\/wp-content\/uploads\/2025\/01\/jegkat-5-150x150.jpg 150w, https:\/\/www.goforgo.hu\/wp-content\/uploads\/2025\/01\/jegkat-5-768x767.jpg 768w, https:\/\/www.goforgo.hu\/wp-content\/uploads\/2025\/01\/jegkat-5-1536x1534.jpg 1536w, https:\/\/www.goforgo.hu\/wp-content\/uploads\/2025\/01\/jegkat-5-75x75.jpg 75w, https:\/\/www.goforgo.hu\/wp-content\/uploads\/2025\/01\/jegkat-5.jpg 2048w\" sizes=\"auto, (max-width: 960px) 100vw, 960px\" \/><\/a><\/p>\n<p>\u2026 ma bizony\u00e1ra jobban tudatos\u00edtjuk, mint b\u00e1rmikor azel\u0151tt&#8230;\u00a0 A b\u00e1trabbak a t\u00fara\u00fatvonal \u00e1llapot\u00e1t\u00f3l f\u00fcgg\u0151en megl\u00e1togathatj\u00e1k a <strong>Tarpataki v\u00edzes\u00e9st<\/strong>, mely \u2013 \u00fatviszonyokt\u00f3l f\u00fcgg\u0151en &#8211; kb. 1-2 \u00f3r\u00e1s er\u0151sebb t\u00fara. (Fogaskerek\u0171 ret\u00farjegy: 16 \u20ac) Miut\u00e1n visszat\u00e9r\u00fcnk a hegyr\u0151l, aut\u00f3buszra sz\u00e1llunk \u00e9s ell\u00e1togatunk a Magas-T\u00e1tra legnagyobb tengerszem\u00e9hez utazunk, <strong>a Csorba-t\u00f3hoz<\/strong>. Itt ehet\u00fcnk vagy k\u00f6rbe s\u00e9t\u00e1lhatjuk a tavat, ki-ki kedve szerint elmerenghet. K\u00e9s\u0151 d\u00e9lut\u00e1n hazafel\u00e9. V\u00e1rhat\u00f3an az \u00e9jf\u00e9li \u00f3r\u00e1kban \u00e9r\u00fcnk Budapestre. A program v\u00e1ltoztat\u00e1s\u00e1nak jog\u00e1t fenntartjuk!<\/p>\n<h1 style=\"text-align: center;\"><strong>R\u00e9szv\u00e9teli d\u00edj: 23 000 Ft\/f\u0151,<\/strong><\/h1>\n<p><strong>A r\u00e9szv\u00e9teli d\u00edj tartalmazza:<\/strong> az aut\u00f3buszos utaz\u00e1st, a csoportk\u00eds\u00e9r\u00e9st<\/p>\n<p><strong>A r\u00e9szv\u00e9teli d\u00edj nem tartalmazza:<\/strong> az \u00e9tkez\u00e9seket, a baleset-, betegs\u00e9g-, poggy\u00e1szbiztos\u00edt\u00e1st\u00a0 \u00e9s a bel\u00e9p\u0151ket<\/p>\n<p><span style=\"font-size: revert; color: initial;\">A program v\u00e1ltoztat\u00e1s\u00e1nak jog\u00e1t fenntartjuk!<\/span><\/p>\n<\/div>\n<div class=\"grid-410 pad-bot-10\">\n<div class=\"grid-full textilized\">\n<div class=\"expander\"><a href=\"https:\/\/www.goforgo.hu\/index.php\/jegkatedralis-a-magas-tatraban\/csm_tatransky_dom_2024_25_web_133f78dd39\/\" rel=\"attachment wp-att-6919\"><img loading=\"lazy\" decoding=\"async\" class=\"size-large wp-image-6919 aligncenter\" src=\"https:\/\/www.goforgo.hu\/wp-content\/uploads\/2025\/01\/csm_Tatransky_dom_2024_25_web_133f78dd39-724x1024.jpg\" alt=\"\" width=\"724\" height=\"1024\" srcset=\"https:\/\/www.goforgo.hu\/wp-content\/uploads\/2025\/01\/csm_Tatransky_dom_2024_25_web_133f78dd39-724x1024.jpg 724w, https:\/\/www.goforgo.hu\/wp-content\/uploads\/2025\/01\/csm_Tatransky_dom_2024_25_web_133f78dd39.jpg 728w\" sizes=\"auto, (max-width: 724px) 100vw, 724px\" \/><\/a><br \/>\n<a href=\"https:\/\/www.goforgo.hu\/index.php\/jegkatedralis-a-magas-tatraban\/c_marek_hajkovsky_foto_tld_2019_19\/\" rel=\"attachment wp-att-5239\"><img loading=\"lazy\" decoding=\"async\" class=\"alignnone size-large wp-image-5239\" src=\"https:\/\/www.goforgo.hu\/wp-content\/uploads\/2020\/01\/c_Marek_Hajkovsky_foto_TLD_2019_19-1024x681.jpg\" alt=\"\" width=\"1024\" height=\"681\" srcset=\"https:\/\/www.goforgo.hu\/wp-content\/uploads\/2020\/01\/c_Marek_Hajkovsky_foto_TLD_2019_19-1024x681.jpg 1024w, https:\/\/www.goforgo.hu\/wp-content\/uploads\/2020\/01\/c_Marek_Hajkovsky_foto_TLD_2019_19-300x200.jpg 300w, https:\/\/www.goforgo.hu\/wp-content\/uploads\/2020\/01\/c_Marek_Hajkovsky_foto_TLD_2019_19-768x511.jpg 768w, https:\/\/www.goforgo.hu\/wp-content\/uploads\/2020\/01\/c_Marek_Hajkovsky_foto_TLD_2019_19.jpg 1500w\" sizes=\"auto, (max-width: 1024px) 100vw, 1024px\" \/><\/a>L\u00e1ng helyett j\u00e9g, f\u00fcst helyett csod\u00e1latos f\u00e9nyek. A j\u00e9gb\u0151l faragott tornyok t\u00f6bb mint 10 m\u00e9teres magasba ny\u00falnak, \u00e9pp, hogy bef\u00e9rnek a feh\u00e9r kupola al\u00e1, ami a jeges csod\u00e1t \u0151rzi.<a href=\"https:\/\/www.goforgo.hu\/index.php\/jegkatedralis-a-magas-tatraban\/c_marek_hajkovsky_foto_tld_2019_28\/\" rel=\"attachment wp-att-5240\"><img loading=\"lazy\" decoding=\"async\" class=\"alignnone size-large wp-image-5240\" src=\"https:\/\/www.goforgo.hu\/wp-content\/uploads\/2020\/01\/c_Marek_Hajkovsky_foto_TLD_2019_28-1024x687.jpg\" alt=\"\" width=\"1024\" height=\"687\" srcset=\"https:\/\/www.goforgo.hu\/wp-content\/uploads\/2020\/01\/c_Marek_Hajkovsky_foto_TLD_2019_28-1024x687.jpg 1024w, https:\/\/www.goforgo.hu\/wp-content\/uploads\/2020\/01\/c_Marek_Hajkovsky_foto_TLD_2019_28-300x201.jpg 300w, https:\/\/www.goforgo.hu\/wp-content\/uploads\/2020\/01\/c_Marek_Hajkovsky_foto_TLD_2019_28-768x516.jpg 768w, https:\/\/www.goforgo.hu\/wp-content\/uploads\/2020\/01\/c_Marek_Hajkovsky_foto_TLD_2019_28.jpg 1500w\" sizes=\"auto, (max-width: 1024px) 100vw, 1024px\" \/><\/a><\/p>\n<\/div>\n<div class=\"expander\">\n<p><em><strong>Egy\u00e9b k\u00f6lts\u00e9gek:<\/strong><\/em><\/p>\n<p>Tarajka sikl\u00f3: Feln\u0151tt: 16,- \u20ac,<\/p>\n<p>Biztos\u00edt\u00e1s: 650,- Ft\/f\u0151<\/p>\n<p><a href=\"https:\/\/www.goforgo.hu\/index.php\/jegkatedralis-a-magas-tatraban\/64169_137719_web_m\/\" rel=\"attachment wp-att-5241\"><img loading=\"lazy\" decoding=\"async\" class=\"alignnone size-full wp-image-5241\" src=\"https:\/\/www.goforgo.hu\/wp-content\/uploads\/2020\/01\/64169_137719_WEB_M.jpg\" alt=\"\" width=\"1024\" height=\"768\" srcset=\"https:\/\/www.goforgo.hu\/wp-content\/uploads\/2020\/01\/64169_137719_WEB_M.jpg 1024w, https:\/\/www.goforgo.hu\/wp-content\/uploads\/2020\/01\/64169_137719_WEB_M-300x225.jpg 300w, https:\/\/www.goforgo.hu\/wp-content\/uploads\/2020\/01\/64169_137719_WEB_M-768x576.jpg 768w\" sizes=\"auto, (max-width: 1024px) 100vw, 1024px\" \/><\/a><\/p>\n<\/div>\n<\/div>\n<\/div>\n<\/div>\n","protected":false},"excerpt":{"rendered":"<p>Id\u0151pont :\u00a0 2025.03.22.\u00a0\u00a0\u00a0\u00a0\u00a0\u00a0\u00a0\u00a0\u00a0\u00a0\u00a0\u00a0\u00a0\u00a0 Poz.sz\u00e1m: 25\/ FJK\/ 01 \u00datvonal : Budapest \u2013 \u00d3t\u00e1traf\u00fcred &#8211; Csorba-t\u00f3 \u2013 Budapest Utaz\u00e1s : a csoportl\u00e9tsz\u00e1mnak megfelel\u0151 aut\u00f3busszal Id\u0151tartam: 1 nap\u00a0\u00a0\u00a0\u00a0\u00a0\u00a0\u00a0\u00a0\u00a0\u00a0\u00a0\u00a0\u00a0\u00a0\u00a0\u00a0\u00a0\u00a0\u00a0\u00a0\u00a0\u00a0\u00a0\u00a0 Idegenvezet\u00e9s: az aut\u00f3buszon 5:30-kor Budapest, \u00dcll\u0151i \u00fat 110. (Ecseri \u00fat-\u00dcll\u0151i \u00fat sarka, M3 metr\u00f3meg\u00e1ll\u00f3, a belv\u00e1ros fel\u00e9 vezet\u0151 oldalon l\u00e9v\u0151 OMV benzink\u00fatn\u00e1l), XII. \u201eT\u00e1trai J\u00e9gkatedr\u00e1lis\u201d: Krakk\u00f3 templomai \u00a0 PROGRAM Folyamatos utaz\u00e1s \u00d3-t\u00e1traf\u00fcredre, \u00fatk\u00f6zben r\u00f6vid pihen\u0151kkel. \u00c9rkez\u00e9s a kora d\u00e9li \u00f3r\u00e1kban a T\u00e1tra egyik legkedveltebb \u00fcd\u00fcl\u0151hely\u00e9re. A fogaskerek\u0171 kisvas\u00fattal felmegy\u00fcnk a Tarajk\u00e1ra, ahol szabadid\u0151 keret\u00e9ben megtekinthetj\u00fck a J\u00e9gkatedr\u00e1list. Id\u00e9n is mesebeli j\u00e9gtemplomot \u00e9p\u00edtenek az \u00fcgyes k\u00e9z\u0171 j\u00e9gszobr\u00e1szok, kiknek vezet\u0151je a felvid\u00e9ki sz\u00fclet\u00e9s\u0171 Bakos \u00c1d\u00e1m. \u00c9vek \u00f3ta egyre nagyobb \u00e9rdekl\u0151d\u00e9s \u00f6vezi a felvid\u00e9ki \u00e9s nemzetk\u00f6zi fiatalokb\u00f3l \u00e1ll\u00f3 csapat munk\u00e1j\u00e1t, miszerint minden \u00e9vben t\u00f6bb sz\u00e1z tonna j\u00e9g (id\u00e9n 225 tonna) felhaszn\u00e1l\u00e1s\u00e1val megalkotj\u00e1k a \u201eT\u00e1trai J\u00e9gkatedr\u00e1list\u201d. \u00c9vente m\u00e1s \u00e9s m\u00e1s, vil\u00e1gh\u00edr\u0171 templom az ihlet\u0151je ennek a csod\u00e1nak. Id\u00e9n, a 12. alkalommal Krakk\u00f3 2 h\u00edres templom\u00e1nak, a Wawel katedr\u00e1lis\u00e1nak \u00e9s a Szent Adalbert templom r\u00e9szleteit fedezhetj\u00fck fel az alkot\u00e1sban. Az alkot\u00e1s jelmondata: \u201e A T\u00e1tra nem elv\u00e1laszt, hanem \u00f6sszek\u00f6t!\u201c (II. J\u00e1nos P\u00e1l p\u00e1pa) \u2026 ma bizony\u00e1ra jobban tudatos\u00edtjuk, mint b\u00e1rmikor azel\u0151tt&#8230;\u00a0 A b\u00e1trabbak a t\u00fara\u00fatvonal \u00e1llapot\u00e1t\u00f3l f\u00fcgg\u0151en megl\u00e1togathatj\u00e1k a Tarpataki v\u00edzes\u00e9st, mely \u2013 \u00fatviszonyokt\u00f3l f\u00fcgg\u0151en &#8211; kb. 1-2 \u00f3r\u00e1s er\u0151sebb t\u00fara. (Fogaskerek\u0171 ret\u00farjegy: 16 \u20ac) Miut\u00e1n visszat\u00e9r\u00fcnk a hegyr\u0151l, aut\u00f3buszra sz\u00e1llunk \u00e9s ell\u00e1togatunk a Magas-T\u00e1tra legnagyobb tengerszem\u00e9hez utazunk, a Csorba-t\u00f3hoz. Itt ehet\u00fcnk vagy k\u00f6rbe s\u00e9t\u00e1lhatjuk a tavat, ki-ki kedve szerint elmerenghet. K\u00e9s\u0151 d\u00e9lut\u00e1n hazafel\u00e9. V\u00e1rhat\u00f3an az \u00e9jf\u00e9li \u00f3r\u00e1kban \u00e9r\u00fcnk Budapestre. A program v\u00e1ltoztat\u00e1s\u00e1nak jog\u00e1t fenntartjuk! R\u00e9szv\u00e9teli d\u00edj: 23 000 Ft\/f\u0151, A r\u00e9szv\u00e9teli d\u00edj tartalmazza: az aut\u00f3buszos utaz\u00e1st, a csoportk\u00eds\u00e9r\u00e9st A r\u00e9szv\u00e9teli d\u00edj nem tartalmazza: az \u00e9tkez\u00e9seket, a baleset-, betegs\u00e9g-, poggy\u00e1szbiztos\u00edt\u00e1st\u00a0 \u00e9s a bel\u00e9p\u0151ket A program v\u00e1ltoztat\u00e1s\u00e1nak jog\u00e1t fenntartjuk! L\u00e1ng helyett j\u00e9g, f\u00fcst helyett csod\u00e1latos f\u00e9nyek. A j\u00e9gb\u0151l faragott tornyok t\u00f6bb mint 10 m\u00e9teres magasba ny\u00falnak, \u00e9pp, hogy bef\u00e9rnek a feh\u00e9r kupola al\u00e1, ami a jeges csod\u00e1t \u0151rzi. Egy\u00e9b k\u00f6lts\u00e9gek: Tarajka sikl\u00f3: Feln\u0151tt: 16,- \u20ac, Biztos\u00edt\u00e1s: 650,- Ft\/f\u0151<\/p>\n","protected":false},"author":1,"featured_media":0,"parent":0,"menu_order":0,"comment_status":"closed","ping_status":"closed","template":"","meta":{"footnotes":""},"class_list":["post-4434","page","type-page","status-publish","hentry"],"_links":{"self":[{"href":"https:\/\/www.goforgo.hu\/index.php\/wp-json\/wp\/v2\/pages\/4434","targetHints":{"allow":["GET"]}}],"collection":[{"href":"https:\/\/www.goforgo.hu\/index.php\/wp-json\/wp\/v2\/pages"}],"about":[{"href":"https:\/\/www.goforgo.hu\/index.php\/wp-json\/wp\/v2\/types\/page"}],"author":[{"embeddable":true,"href":"https:\/\/www.goforgo.hu\/index.php\/wp-json\/wp\/v2\/users\/1"}],"replies":[{"embeddable":true,"href":"https:\/\/www.goforgo.hu\/index.php\/wp-json\/wp\/v2\/comments?post=4434"}],"version-history":[{"count":12,"href":"https:\/\/www.goforgo.hu\/index.php\/wp-json\/wp\/v2\/pages\/4434\/revisions"}],"predecessor-version":[{"id":7004,"href":"https:\/\/www.goforgo.hu\/index.php\/wp-json\/wp\/v2\/pages\/4434\/revisions\/7004"}],"wp:attachment":[{"href":"https:\/\/www.goforgo.hu\/index.php\/wp-json\/wp\/v2\/media?parent=4434"}],"curies":[{"name":"wp","href":"https:\/\/api.w.org\/{rel}","templated":true}]}}