{"id":4466,"date":"2018-11-19T09:09:50","date_gmt":"2018-11-19T09:09:50","guid":{"rendered":"http:\/\/www.goforgo.hu\/?page_id=4466"},"modified":"2018-11-19T10:34:33","modified_gmt":"2018-11-19T10:34:33","slug":"advent-frakno-varaban-es-kismartonban","status":"publish","type":"page","link":"https:\/\/www.goforgo.hu\/index.php\/advent-frakno-varaban-es-kismartonban\/","title":{"rendered":"Advent Frakn\u00f3 v\u00e1r\u00e1ban \u00e9s Kismartonban"},"content":{"rendered":"<p class=\"western\"><a href=\"https:\/\/www.goforgo.hu\/index.php\/belfoldi-kirandulasok\/frakno\/\" rel=\"attachment wp-att-1532\"><img loading=\"lazy\" decoding=\"async\" class=\"wp-image-1532 aligncenter\" src=\"https:\/\/www.goforgo.hu\/wp-content\/uploads\/2015\/12\/Frakno.jpg\" alt=\"Frakno\" width=\"837\" height=\"340\" \/><\/a><\/p>\n<p class=\"western\"><b>Id\u0151pont: <\/b>2018.12.02.\u00a0\u00a0\u00a0\u00a0\u00a0\u00a0\u00a0\u00a0\u00a0\u00a0\u00a0\u00a0\u00a0\u00a0\u00a0 <b>Poz. sz\u00e1m: <\/b>18\/AFK\/06<\/p>\n<p class=\"western\"><b>\u00datvonal: <\/b>Budapest\u2013 Frakn\u00f3 &#8211; Kismartpn- Budapest ( 550 km)<\/p>\n<p class=\"western\"><b>Utaz\u00e1s: <\/b>aut\u00f3busszal\u00a0\u00a0\u00a0\u00a0\u00a0\u00a0\u00a0\u00a0\u00a0\u00a0\u00a0\u00a0\u00a0\u00a0\u00a0\u00a0\u00a0 <b>Idegenvezet\u00e9s: <\/b>csoportk\u00eds\u00e9r\u0151t biztos\u00edtunk<\/p>\n<p>&nbsp;<\/p>\n<p>Indul\u00e1s: <b> 6:00<\/b> \u2013 kor Pestszentl\u0151rinc, \u00dcll\u0151i \u00fat 368-cal szemben LIDL parkol\u00f3<br \/>\n<b>\u00a0\u00a0\u00a0\u00a0\u00a0\u00a0\u00a0\u00a0\u00a0\u00a0\u00a0\u00a0\u00a0\u00a0 6:20 <\/b>\u2013 kor N\u00e9pliget, M3 n\u00e9pligeti metr\u00f3meg\u00e1ll\u00f3, Planet\u00e1rium el\u0151l<\/p>\n<p class=\"western\" style=\"text-align: center;\" align=\"justify\"><strong><u>Program<\/u><\/strong><\/p>\n<p>&nbsp;<\/p>\n<p style=\"text-align: justify;\" align=\"justify\">Utaz\u00e1s r\u00f6vid pihen\u0151kkel Frakn\u00f3 v\u00e1r\u00e1ig. Frakn\u00f3 v\u00e1ra (Burg Forchtenstein) Burgenland egyik jelk\u00e9pe. A Roz\u00e1lia-hegys\u00e9g keleti ny\u00falv\u00e1ny\u00e1n, egy magas dolomitszikl\u00e1n \u00e9p\u00fclt v\u00e1r m\u00e1r messzir\u0151l vonzza a tekintetet. A v\u00e1r egyed\u00fcl\u00e1ll\u00f3an sz\u00e9p fekv\u00e9se \u00e9s a v\u00e1rfalakr\u00f3l a csod\u00e1s panor\u00e1ma mellett a v\u00e1rm\u00fazeum rendk\u00edv\u00fcl l\u00e1tv\u00e1nyos ki\u00e1ll\u00edt\u00e1sa miatt is a r\u00e9gi\u00f3 kihagyhatatlan l\u00e1tnival\u00f3ja. (bel\u00e9p\u0151: 9 \u20ac\/f\u0151)<\/p>\n<p align=\"justify\"><a href=\"https:\/\/www.goforgo.hu\/index.php\/advent-frakno-varaban-es-kismartonban\/eisenstadt__2_\/\" rel=\"attachment wp-att-4467\"><img loading=\"lazy\" decoding=\"async\" class=\" wp-image-4467 aligncenter\" src=\"https:\/\/www.goforgo.hu\/wp-content\/uploads\/2018\/11\/eisenstadt__2_.jpg\" alt=\"eisenstadt__2_\" width=\"713\" height=\"472\" \/><\/a><\/p>\n<p style=\"text-align: justify;\" align=\"justify\">D\u00e9lut\u00e1n Kismartonba \u00e9rkez\u00fcnk. A v\u00e1ros Burgenland f\u0151v\u00e1rosa, mely adventi d\u00edszben \u00e9s hangulatban v\u00e1rja az idel\u00e1togat\u00f3kat. Szabadid\u0151 a v\u00e1rosban, mely alatt megn\u00e9zhetik Kismarton nevezetess\u00e9geit (Eszterh\u00e1zy kast\u00e9ly, Haydn k\u00e1polna, Ferences templom) vagy csak \u00e9lvezik a F\u0151t\u00e9ren \u00e9s k\u00f6rny\u00e9k\u00e9n, a belv\u00e1rosban megrendez\u00e9sre ker\u00fcl\u0151 ADVENTI v\u00e1s\u00e1r forgatag\u00e1t. 17:00-kor indul\u00e1s haza, \u00e9rkez\u00e9s Budapestre a k\u00e9s\u0151 \u00e9jjeli \u00f3r\u00e1kban. Lesz\u00e1ll\u00e1si lehet\u0151s\u00e9g a felsz\u00e1ll\u00e1ssal megegyez\u0151 helyeken.<\/p>\n<h1 style=\"text-align: center;\" align=\"justify\">R\u00e9szv\u00e9teli d\u00edj: 9 500 Ft\/f\u0151<\/h1>\n<p><strong>A r\u00e9szv\u00e9teli d\u00edj tartalmazza:<\/strong> az utaz\u00e1s k\u00f6lts\u00e9geit, csoportk\u00eds\u00e9r\u0151t biztos\u00edtunk<\/p>\n<p class=\"western\"><b>A r\u00e9szv\u00e9teli d\u00edj nem tartalmazza:<\/b> a bel\u00e9p\u0151jegyeket, melyek a helysz\u00ednen fizetend\u0151k \u00e9s a BBP- biztos\u00edt\u00e1st, mely irod\u00e1inkban megk\u00f6thet\u0151.<\/p>\n<p lang=\"hu-HU\" align=\"center\">\u00c1rainkat 330 Ft = 1 \u20ac \u00e1rfolyamig tudjuk garant\u00e1lni!<\/p>\n<p lang=\"hu-HU\" align=\"center\"><b>\u00c9LM\u00c9NYEKBEN GAZDAG UTAZ\u00c1ST, KELLEMES KIKAPCSOL\u00d3D\u00c1ST K\u00cdV\u00c1NUNK!<\/b><\/p>\n<p lang=\"hu-HU\" align=\"center\"><a href=\"https:\/\/www.goforgo.hu\/index.php\/advent-frakno-varaban-es-kismartonban\/adventmarkt1\/\" rel=\"attachment wp-att-4468\"><img loading=\"lazy\" decoding=\"async\" class=\"alignnone wp-image-4468\" src=\"https:\/\/www.goforgo.hu\/wp-content\/uploads\/2018\/11\/Adventmarkt1.jpg\" alt=\"Adventmarkt1\" width=\"737\" height=\"522\" \/><\/a><\/p>\n","protected":false},"excerpt":{"rendered":"<p>Id\u0151pont: 2018.12.02.\u00a0\u00a0\u00a0\u00a0\u00a0\u00a0\u00a0\u00a0\u00a0\u00a0\u00a0\u00a0\u00a0\u00a0\u00a0 Poz. sz\u00e1m: 18\/AFK\/06 \u00datvonal: Budapest\u2013 Frakn\u00f3 &#8211; Kismartpn- Budapest ( 550 km) Utaz\u00e1s: aut\u00f3busszal\u00a0\u00a0\u00a0\u00a0\u00a0\u00a0\u00a0\u00a0\u00a0\u00a0\u00a0\u00a0\u00a0\u00a0\u00a0\u00a0\u00a0 Idegenvezet\u00e9s: csoportk\u00eds\u00e9r\u0151t biztos\u00edtunk &nbsp; Indul\u00e1s: 6:00 \u2013 kor Pestszentl\u0151rinc, \u00dcll\u0151i \u00fat 368-cal szemben LIDL parkol\u00f3 \u00a0\u00a0\u00a0\u00a0\u00a0\u00a0\u00a0\u00a0\u00a0\u00a0\u00a0\u00a0\u00a0\u00a0 6:20 \u2013 kor N\u00e9pliget, M3 n\u00e9pligeti metr\u00f3meg\u00e1ll\u00f3, Planet\u00e1rium el\u0151l Program &nbsp; Utaz\u00e1s r\u00f6vid pihen\u0151kkel Frakn\u00f3 v\u00e1r\u00e1ig. Frakn\u00f3 v\u00e1ra (Burg Forchtenstein) Burgenland egyik jelk\u00e9pe. A Roz\u00e1lia-hegys\u00e9g keleti ny\u00falv\u00e1ny\u00e1n, egy magas dolomitszikl\u00e1n \u00e9p\u00fclt v\u00e1r m\u00e1r messzir\u0151l vonzza a tekintetet. A v\u00e1r egyed\u00fcl\u00e1ll\u00f3an sz\u00e9p fekv\u00e9se \u00e9s a v\u00e1rfalakr\u00f3l a csod\u00e1s panor\u00e1ma mellett a v\u00e1rm\u00fazeum rendk\u00edv\u00fcl l\u00e1tv\u00e1nyos ki\u00e1ll\u00edt\u00e1sa miatt is a r\u00e9gi\u00f3 kihagyhatatlan l\u00e1tnival\u00f3ja. (bel\u00e9p\u0151: 9 \u20ac\/f\u0151) D\u00e9lut\u00e1n Kismartonba \u00e9rkez\u00fcnk. A v\u00e1ros Burgenland f\u0151v\u00e1rosa, mely adventi d\u00edszben \u00e9s hangulatban v\u00e1rja az idel\u00e1togat\u00f3kat. Szabadid\u0151 a v\u00e1rosban, mely alatt megn\u00e9zhetik Kismarton nevezetess\u00e9geit (Eszterh\u00e1zy kast\u00e9ly, Haydn k\u00e1polna, Ferences templom) vagy csak \u00e9lvezik a F\u0151t\u00e9ren \u00e9s k\u00f6rny\u00e9k\u00e9n, a belv\u00e1rosban megrendez\u00e9sre ker\u00fcl\u0151 ADVENTI v\u00e1s\u00e1r forgatag\u00e1t. 17:00-kor indul\u00e1s haza, \u00e9rkez\u00e9s Budapestre a k\u00e9s\u0151 \u00e9jjeli \u00f3r\u00e1kban. Lesz\u00e1ll\u00e1si lehet\u0151s\u00e9g a felsz\u00e1ll\u00e1ssal megegyez\u0151 helyeken. R\u00e9szv\u00e9teli d\u00edj: 9 500 Ft\/f\u0151 A r\u00e9szv\u00e9teli d\u00edj tartalmazza: az utaz\u00e1s k\u00f6lts\u00e9geit, csoportk\u00eds\u00e9r\u0151t biztos\u00edtunk A r\u00e9szv\u00e9teli d\u00edj nem tartalmazza: a bel\u00e9p\u0151jegyeket, melyek a helysz\u00ednen fizetend\u0151k \u00e9s a BBP- biztos\u00edt\u00e1st, mely irod\u00e1inkban megk\u00f6thet\u0151. \u00c1rainkat 330 Ft = 1 \u20ac \u00e1rfolyamig tudjuk garant\u00e1lni! \u00c9LM\u00c9NYEKBEN GAZDAG UTAZ\u00c1ST, KELLEMES KIKAPCSOL\u00d3D\u00c1ST K\u00cdV\u00c1NUNK!<\/p>\n","protected":false},"author":1,"featured_media":0,"parent":0,"menu_order":0,"comment_status":"closed","ping_status":"closed","template":"","meta":{"footnotes":""},"class_list":["post-4466","page","type-page","status-publish","hentry"],"_links":{"self":[{"href":"https:\/\/www.goforgo.hu\/index.php\/wp-json\/wp\/v2\/pages\/4466","targetHints":{"allow":["GET"]}}],"collection":[{"href":"https:\/\/www.goforgo.hu\/index.php\/wp-json\/wp\/v2\/pages"}],"about":[{"href":"https:\/\/www.goforgo.hu\/index.php\/wp-json\/wp\/v2\/types\/page"}],"author":[{"embeddable":true,"href":"https:\/\/www.goforgo.hu\/index.php\/wp-json\/wp\/v2\/users\/1"}],"replies":[{"embeddable":true,"href":"https:\/\/www.goforgo.hu\/index.php\/wp-json\/wp\/v2\/comments?post=4466"}],"version-history":[{"count":7,"href":"https:\/\/www.goforgo.hu\/index.php\/wp-json\/wp\/v2\/pages\/4466\/revisions"}],"predecessor-version":[{"id":4477,"href":"https:\/\/www.goforgo.hu\/index.php\/wp-json\/wp\/v2\/pages\/4466\/revisions\/4477"}],"wp:attachment":[{"href":"https:\/\/www.goforgo.hu\/index.php\/wp-json\/wp\/v2\/media?parent=4466"}],"curies":[{"name":"wp","href":"https:\/\/api.w.org\/{rel}","templated":true}]}}