{"id":4544,"date":"2019-01-07T15:56:29","date_gmt":"2019-01-07T15:56:29","guid":{"rendered":"http:\/\/www.goforgo.hu\/?page_id=4544"},"modified":"2020-02-03T18:46:12","modified_gmt":"2020-02-03T18:46:12","slug":"rumcajsz-nyomaban-a-cseh-paradicsom","status":"publish","type":"page","link":"https:\/\/www.goforgo.hu\/index.php\/rumcajsz-nyomaban-a-cseh-paradicsom\/","title":{"rendered":"Rumc\u00e1jsz nyom\u00e1ban, a Cseh Paradicsom"},"content":{"rendered":"<p><strong>Id\u0151pont\u00a0\u00a0\u00a0 :\u00a0 <\/strong>2020 j\u00falius 17-20. \u00a0 \u00a0 \u00a0 \u00a0 \u00a0 \u00a0 <strong>Poz.sz\u00e1m:<\/strong>20\/CSR\/02<\/p>\n<p><strong>\u00datvonal: <\/strong>Budapest \u2013\u00a0 Pardubice \u2013 Jicin \u2013 Sychrov \u2013 Mlada Boleslav \u2013 Lednice\u00a0 \u2013 Budapest\u00a0 (kb.1500 km).<\/p>\n<p><strong>Utaz\u00e1s:\u00a0<\/strong>csoportl\u00e9tsz\u00e1mnak megfelel\u0151\u00a0 aut\u00f3busszal<\/p>\n<p><strong>Ell\u00e1t\u00e1s:\u00a0<\/strong>f\u00e9lpanzi\u00f3<\/p>\n<p><strong>Sz\u00e1ll\u00e1s, elhelyez\u00e9s :\u00a0<\/strong>1 \u00e9jszaka Hradec Kraloveban, 2 \u00e9jszaka a Cseh Paradicsomban, 3 *-os sz\u00e1llod\u00e1kban, 2-3 \u00e1gyas, zuhanyz\u00f3s, wc-s szob\u00e1kban<\/p>\n<p><strong>Id\u0151tartam:\u00a0\u00a0 <\/strong>4 nap \/ 3 \u00e9jszaka\u00a0 \u00a0 \u00a0 \u00a0 \u00a0 \u00a0 \u00a0 \u00a0<strong>Idegenvezet\u00e9s:\u00a0<\/strong>v\u00e9gig az aut\u00f3buszon<\/p>\n<p><a href=\"https:\/\/www.goforgo.hu\/index.php\/rumcajsz-nyomaban-a-cseh-paradicsom\/23_01_02-rumcajs\/\" rel=\"attachment wp-att-4547\"><img loading=\"lazy\" decoding=\"async\" class=\"alignnone size-full wp-image-4547\" src=\"https:\/\/www.goforgo.hu\/wp-content\/uploads\/2019\/01\/23_01_02-Rumcajs.jpeg\" alt=\"23_01_02-Rumcajs\" width=\"900\" height=\"636\" srcset=\"https:\/\/www.goforgo.hu\/wp-content\/uploads\/2019\/01\/23_01_02-Rumcajs.jpeg 900w, https:\/\/www.goforgo.hu\/wp-content\/uploads\/2019\/01\/23_01_02-Rumcajs-300x212.jpeg 300w, https:\/\/www.goforgo.hu\/wp-content\/uploads\/2019\/01\/23_01_02-Rumcajs-768x543.jpeg 768w\" sizes=\"auto, (max-width: 900px) 100vw, 900px\" \/><\/a><\/p>\n<p><strong>1.nap: Indul\u00e1s\u00a0<\/strong><strong>6:00 <\/strong>\u2013 kor Budapestr\u0151l<\/p>\n<p style=\"text-align: justify;\">Folyamatos utaz\u00e1s, r\u00f6vid pihen\u0151kkel utunk els\u0151 \u00e1llom\u00e1s\u00e1ig, Olm\u00fctz v\u00e1ros\u00e1g. <em>Olm\u00fctz<\/em>, magyar nev\u00e9n Alam\u00f3c, Morvaorsz\u00e1g hajdani f\u0151v\u00e1rosa. A fallal k\u00f6r\u00fclvett nagy kiterjed\u00e9s\u0171 \u00f3v\u00e1ros\u00e1val, sz\u00e1mtalan gy\u00f6ny\u00f6r\u0171 templom\u00e1val, hangulatos tereivel, barokk szobraival, sz\u00f6k\u0151k\u00fatjaival \u00e9s a Vil\u00e1g\u00f6r\u00f6ks\u00e9g r\u00e9szek\u00e9nt sz\u00e1mon tartott Szenth\u00e1roms\u00e1g-oszlop\u00e1val Csehorsz\u00e1g egyik legszebb v\u00e1rosa.<\/p>\n<p><a href=\"https:\/\/www.goforgo.hu\/index.php\/rumcajsz-nyomaban-a-cseh-paradicsom\/olympus-digital-camera-19\/\" rel=\"attachment wp-att-4545\"><img loading=\"lazy\" decoding=\"async\" class=\"size-large wp-image-4545\" src=\"https:\/\/www.goforgo.hu\/wp-content\/uploads\/2019\/01\/Olomouc-Czech-Republic-1024x768.jpg\" alt=\"OLYMPUS DIGITAL CAMERA\" width=\"1024\" height=\"768\" srcset=\"https:\/\/www.goforgo.hu\/wp-content\/uploads\/2019\/01\/Olomouc-Czech-Republic-1024x768.jpg 1024w, https:\/\/www.goforgo.hu\/wp-content\/uploads\/2019\/01\/Olomouc-Czech-Republic-300x225.jpg 300w, https:\/\/www.goforgo.hu\/wp-content\/uploads\/2019\/01\/Olomouc-Czech-Republic-768x576.jpg 768w\" sizes=\"auto, (max-width: 1024px) 100vw, 1024px\" \/><\/a><\/p>\n<p>Este sz\u00e1ll\u00e1sunkra \u00e9rkez\u00fcnk Pardubicebe. A k\u00f6z\u00e9pkori Csehorsz\u00e1g leghatalmasabb \u00e9s legbefoly\u00e1sosabb csal\u00e1dja uralta a v\u00e1rost. Pernsteiniek idej\u00e9ben alakult ki az eg\u00e9sz t\u00f6rt\u00e9nelmi v\u00e1rosmag, annak renesz\u00e1nsz f\u0151ter\u00e9vel, fest\u0151i utc\u00e1ival, illetve Pardubice h\u00edress\u00e9g\u00e9vel a Z\u00f6ld-kapuval. Vacsora, szabadid\u0151.\u00a0 (530 km)<\/p>\n<p><a href=\"https:\/\/www.goforgo.hu\/index.php\/rumcajsz-nyomaban-a-cseh-paradicsom\/pardubice-var\/\" rel=\"attachment wp-att-5359\"><img loading=\"lazy\" decoding=\"async\" class=\"alignnone size-full wp-image-5359\" src=\"https:\/\/www.goforgo.hu\/wp-content\/uploads\/2020\/02\/pardubice-v\u00e1r.jpg\" alt=\"\" width=\"680\" height=\"450\" srcset=\"https:\/\/www.goforgo.hu\/wp-content\/uploads\/2020\/02\/pardubice-v\u00e1r.jpg 680w, https:\/\/www.goforgo.hu\/wp-content\/uploads\/2020\/02\/pardubice-v\u00e1r-300x199.jpg 300w\" sizes=\"auto, (max-width: 680px) 100vw, 680px\" \/><\/a><\/p>\n<p style=\"text-align: justify;\"><strong>2.nap:<\/strong> A mai napon Rumc\u00e1jsz, a h\u00edres jicini bety\u00e1r nyomaiba ered\u00fcnk. Els\u0151 \u00e1llom\u00e1sunk a \u201eRejtekad\u00f3 Erd\u0151\u201d, ahol kb. 2 \u00f3r\u00e1s, k\u00f6zepes er\u0151ss\u00e9g\u0171 t\u00farautat tesz\u00fcnk meg a k\u00fcl\u00f6nleges form\u00e1j\u00fa szikl\u00e1kat mag\u00e1ba foglal\u00f3 Cseh Paradicsomban (bel\u00e9p\u0151 70 Czk, k\u00e9nyelmes t\u00faracip\u0151 aj\u00e1nlott). Cesky Raj az orsz\u00e1g els\u0151k\u00e9nt v\u00e9dett\u00e9 nyilv\u00e1n\u00edtott ter\u00fclete, mely nemr\u00e9g felker\u00fclt az UNESCO geoparkjainak list\u00e1j\u00e1ra. A t\u00fara nem meger\u0151ltet\u0151, mindenkinek sz\u00edvesen aj\u00e1nljuk!<\/p>\n<p style=\"text-align: center;\"><a href=\"https:\/\/www.goforgo.hu\/index.php\/rumcajsz-nyomaban-a-cseh-paradicsom\/ceske-svycarsko\/\" rel=\"attachment wp-att-4548\"><img loading=\"lazy\" decoding=\"async\" class=\"alignnone size-full wp-image-4548\" src=\"https:\/\/www.goforgo.hu\/wp-content\/uploads\/2019\/01\/Ceske-Svycarsko.jpg\" alt=\"Ceske-Svycarsko\" width=\"640\" height=\"400\" srcset=\"https:\/\/www.goforgo.hu\/wp-content\/uploads\/2019\/01\/Ceske-Svycarsko.jpg 640w, https:\/\/www.goforgo.hu\/wp-content\/uploads\/2019\/01\/Ceske-Svycarsko-300x188.jpg 300w\" sizes=\"auto, (max-width: 640px) 100vw, 640px\" \/><\/a><\/p>\n<p style=\"text-align: justify;\">A d\u00e9lut\u00e1nt Jicinben t\u00f6ltj\u00fck, megn\u00e9zz\u00fck a jicini f\u0151teret, a kast\u00e9lyt, melyben a mes\u00e9ben az uras\u00e1g lakott (Wallenstein kast\u00e9ly, ma m\u00fazeum) \u00e9s a v\u00e1roska kicsiny, de ann\u00e1l \u00e9rdekesebb Rumc\u00e1jsz M\u00fazeum\u00e1t (bel\u00e9p\u0151: 25 Czk). K\u00e9s\u0151 d\u00e9lut\u00e1n a k\u00f6rny\u00e9k egyik legszebb v\u00e1r\u00e1ba, \u00e9s Csehorsz\u00e1g legnagyobb k\u00f6z\u00e9pkori v\u00e1r\u00e1ba. Kost-ra l\u00e1togatunk el. Este elfoglaljuk sz\u00e1ll\u00e1sunkat Turnov k\u00f6rny\u00e9k\u00e9n. Vacsora, majd szabadid\u0151. (100 km)<\/p>\n<p style=\"text-align: justify;\"><a href=\"https:\/\/www.goforgo.hu\/index.php\/rumcajsz-nyomaban-a-cseh-paradicsom\/jicin-01a\/\" rel=\"attachment wp-att-4549\"><img loading=\"lazy\" decoding=\"async\" class=\"alignnone size-full wp-image-4549\" src=\"https:\/\/www.goforgo.hu\/wp-content\/uploads\/2019\/01\/jicin-01a.jpg\" alt=\"jicin-01a\" width=\"800\" height=\"546\" srcset=\"https:\/\/www.goforgo.hu\/wp-content\/uploads\/2019\/01\/jicin-01a.jpg 800w, https:\/\/www.goforgo.hu\/wp-content\/uploads\/2019\/01\/jicin-01a-300x205.jpg 300w, https:\/\/www.goforgo.hu\/wp-content\/uploads\/2019\/01\/jicin-01a-768x524.jpg 768w\" sizes=\"auto, (max-width: 800px) 100vw, 800px\" \/><\/a><\/p>\n<p style=\"text-align: justify;\"><strong>3.nap:<\/strong> Reggeli ut\u00e1n Mlada Bolesl\u00e1vban a \u0160koda M\u00fazeumba n\u00e9z\u00fcnk be, ahol az els\u0151 aut\u00f3t Laurin \u00e9s Klement k\u00e9sz\u00edtette el 1905-ben, \u00e9s ahol a c\u00e9g teljes gy\u00e1rt\u00e1sa zajlott eg\u00e9szen az 1940-es \u00e9vekig, amikor is a termel\u00e9s egy r\u00e9sze \u00e1tker\u00fclt Kvasiny \u00e9s Vrchlab\u00ed \u00fczemeibe. Mlad\u00e1 Boleslavban azonban nem csak gy\u00e1rt\u00e1si folyamatok mennek v\u00e9gbe, hanem itt k\u00e9sz\u00edtik el v\u00e1zlataikat a tervez\u0151k, amely v\u00e1zlatokb\u00f3l fokozatosan kifejlesztik a protot\u00edpusokat, amelyekb\u0151l pedig megsz\u00fcletnek a v\u00e9gleges modellek.<\/p>\n<p style=\"text-align: justify;\"><a href=\"https:\/\/www.goforgo.hu\/index.php\/rumcajsz-nyomaban-a-cseh-paradicsom\/skoda-muzeum\/\" rel=\"attachment wp-att-4550\"><img loading=\"lazy\" decoding=\"async\" class=\"alignnone size-large wp-image-4550\" src=\"https:\/\/www.goforgo.hu\/wp-content\/uploads\/2019\/01\/Skoda-muzeum-1024x680.jpg\" alt=\"Skoda muzeum\" width=\"1024\" height=\"680\" srcset=\"https:\/\/www.goforgo.hu\/wp-content\/uploads\/2019\/01\/Skoda-muzeum-1024x680.jpg 1024w, https:\/\/www.goforgo.hu\/wp-content\/uploads\/2019\/01\/Skoda-muzeum-300x199.jpg 300w, https:\/\/www.goforgo.hu\/wp-content\/uploads\/2019\/01\/Skoda-muzeum-768x510.jpg 768w\" sizes=\"auto, (max-width: 1024px) 100vw, 1024px\" \/><\/a><\/p>\n<p style=\"text-align: justify;\">K\u00f6vetkez\u0151 \u00e1llom\u00e1sunk Sychrov kast\u00e9lya, melyet a t\u00f6rt\u00e9nelem viharai \u00e1ltal idesodr\u00f3dott francia nemesi csal\u00e1d emeltetett, a francia kast\u00e9lyokat id\u00e9zve (bel\u00e9p\u0151:180 Czk).<\/p>\n<p style=\"text-align: justify;\"><a href=\"https:\/\/www.goforgo.hu\/index.php\/rumcajsz-nyomaban-a-cseh-paradicsom\/sychrov-castle2\/\" rel=\"attachment wp-att-4551\"><img loading=\"lazy\" decoding=\"async\" class=\"alignnone size-full wp-image-4551\" src=\"https:\/\/www.goforgo.hu\/wp-content\/uploads\/2019\/01\/sychrov-castle2.jpg\" alt=\"sychrov-castle2\" width=\"791\" height=\"600\" srcset=\"https:\/\/www.goforgo.hu\/wp-content\/uploads\/2019\/01\/sychrov-castle2.jpg 791w, https:\/\/www.goforgo.hu\/wp-content\/uploads\/2019\/01\/sychrov-castle2-300x228.jpg 300w, https:\/\/www.goforgo.hu\/wp-content\/uploads\/2019\/01\/sychrov-castle2-768x583.jpg 768w\" sizes=\"auto, (max-width: 791px) 100vw, 791px\" \/><\/a><\/p>\n<p style=\"text-align: justify;\">Napunk z\u00e1r\u00e1sak\u00e9nt, ha az id\u0151j\u00e1r\u00e1s engedi, a Liberec f\u00f6l\u00e9 emelked\u0151 Jested kil\u00e1t\u00f3ba megy\u00fcnk fel busszal, ill. a fels\u0151 parkol\u00f3b\u00f3l felvon\u00f3val. A k\u00fcl\u00f6nleges form\u00e1j\u00fa kil\u00e1t\u00f3torony tetej\u00e9r\u0151l az eg\u00e9sz k\u00f6rny\u00e9ket gy\u00f6ny\u00f6r\u0171en bel\u00e1tni (felvon\u00f3: 150 Czk). Este sz\u00e1ll\u00e1s ism\u00e9t s turnovi sz\u00e1llod\u00e1nkban. Vacsora, szabadid\u0151. (140 km)<\/p>\n<p style=\"text-align: justify;\"><a href=\"https:\/\/www.goforgo.hu\/index.php\/rumcajsz-nyomaban-a-cseh-paradicsom\/jested__letecky_snimek\/\" rel=\"attachment wp-att-4552\"><img loading=\"lazy\" decoding=\"async\" class=\"alignnone size-large wp-image-4552\" src=\"https:\/\/www.goforgo.hu\/wp-content\/uploads\/2019\/01\/Je\u0161t\u011bd__leteck\u00fd_sn\u00edmek-1024x683.jpg\" alt=\"Je\u0161t\u011bd_,_leteck\u00fd_sn\u00edmek\" width=\"1024\" height=\"683\" srcset=\"https:\/\/www.goforgo.hu\/wp-content\/uploads\/2019\/01\/Je\u0161t\u011bd__leteck\u00fd_sn\u00edmek-1024x683.jpg 1024w, https:\/\/www.goforgo.hu\/wp-content\/uploads\/2019\/01\/Je\u0161t\u011bd__leteck\u00fd_sn\u00edmek-300x200.jpg 300w, https:\/\/www.goforgo.hu\/wp-content\/uploads\/2019\/01\/Je\u0161t\u011bd__leteck\u00fd_sn\u00edmek-768x512.jpg 768w\" sizes=\"auto, (max-width: 1024px) 100vw, 1024px\" \/><\/a><\/p>\n<p><strong>4.nap:<\/strong> Reggeli, majd indul\u00e1s hazafel\u00e9. Utunkat folytatva egy k\u00fcl\u00f6nleges v\u00e1rn\u00e1l \u00e1llunk meg, Buzovn\u00e1l. (bel\u00e9p\u0151: 170 Czk) A kis telep\u00fcl\u00e9s f\u00f6l\u00e9 magasod\u00f3 romantikus v\u00e1rkast\u00e9ly a k\u00f6rny\u00e9k erd\u0151s-mez\u0151s vid\u00e9k\u00e9nek messzir\u0151l j\u00f3l l\u00e1that\u00f3, meghat\u00e1roz\u00f3 \u00e9p\u00fcletegy\u00fcttese. Sorolhatn\u00e1nk a h\u00edres filmeket, (Fantaghiro hercegn\u0151, Napola, stb.) melyeknek helysz\u00edn\u00e9\u00fcl szolg\u00e1lt. V\u00e1rhat\u00f3an Budapestre a k\u00e9s\u0151 esti \u00f3r\u00e1kban \u00e9rkez\u00fcnk.<\/p>\n<p><a href=\"https:\/\/www.goforgo.hu\/index.php\/rumcajsz-nyomaban-a-cseh-paradicsom\/buzov\/\" rel=\"attachment wp-att-4546\"><img loading=\"lazy\" decoding=\"async\" class=\"alignnone size-large wp-image-4546\" src=\"https:\/\/www.goforgo.hu\/wp-content\/uploads\/2019\/01\/buzov-1024x576.jpg\" alt=\"buzov\" width=\"1024\" height=\"576\" srcset=\"https:\/\/www.goforgo.hu\/wp-content\/uploads\/2019\/01\/buzov-1024x576.jpg 1024w, https:\/\/www.goforgo.hu\/wp-content\/uploads\/2019\/01\/buzov-300x169.jpg 300w, https:\/\/www.goforgo.hu\/wp-content\/uploads\/2019\/01\/buzov-768x432.jpg 768w, https:\/\/www.goforgo.hu\/wp-content\/uploads\/2019\/01\/buzov.jpg 1600w\" sizes=\"auto, (max-width: 1024px) 100vw, 1024px\" \/><\/a><\/p>\n<h1 style=\"text-align: center;\"><strong>R\u00e9szv\u00e9teli d\u00edj:\u00a0\u00a0 79 800 Ft\/f\u0151<\/strong><\/h1>\n<p><strong>\u00a0<\/strong><\/p>\n<p><strong>Aj\u00e1nlott k\u00f6lt\u0151p\u00e9nz bel\u00e9p\u0151re: <\/strong><strong>kb. 950 CZK<\/strong><\/p>\n<p><strong>A r\u00e9szv\u00e9teli d\u00edj tartalmazza:<\/strong> a 3 \u00e9jszakai sz\u00e1ll\u00e1st, f\u00e9lpanzi\u00f3s ell\u00e1t\u00e1ssal, az aut\u00f3buszos utaz\u00e1st \u00e9s a csoportk\u00eds\u00e9r\u00e9st<\/p>\n<p><strong>A r\u00e9szv\u00e9teli d\u00edj nem tartalmazza:<\/strong> a bel\u00e9p\u0151jegyeket \u00e9s a baleset-, betegs\u00e9g-, poggy\u00e1szbiztos\u00edt\u00e1st (500 Ft\/f\u0151\/nap, csoportosan)<\/p>\n<p><strong>\u00c1rainkat 340 Ft = 1 \u20ac \u00e1rfolyamig tudjuk garant\u00e1lni! Az utaz\u00e1s minimum 35 f\u0151 utas r\u00e9szv\u00e9tele eset\u00e9n indul.<\/strong><\/p>\n<p><strong>Jelentkez\u00e9s on-line: <\/strong><a href=\"mailto:info@goforgo.hu\"><strong>info@goforgo.hu<\/strong><\/a><\/p>\n<p style=\"text-align: center;\"><a href=\"https:\/\/www.goforgo.hu\/index.php\/rumcajsz-nyomaban-a-cseh-paradicsom\/14914936215177_59546619_db\/\" rel=\"attachment wp-att-4554\"><img loading=\"lazy\" decoding=\"async\" class=\"alignnone size-full wp-image-4554\" src=\"https:\/\/www.goforgo.hu\/wp-content\/uploads\/2019\/01\/14914936215177_59546619_db.jpg\" alt=\"14914936215177_59546619_db\" width=\"600\" height=\"581\" srcset=\"https:\/\/www.goforgo.hu\/wp-content\/uploads\/2019\/01\/14914936215177_59546619_db.jpg 600w, https:\/\/www.goforgo.hu\/wp-content\/uploads\/2019\/01\/14914936215177_59546619_db-300x291.jpg 300w\" sizes=\"auto, (max-width: 600px) 100vw, 600px\" \/><\/a><\/p>\n","protected":false},"excerpt":{"rendered":"<p>Id\u0151pont\u00a0\u00a0\u00a0 :\u00a0 2020 j\u00falius 17-20. \u00a0 \u00a0 \u00a0 \u00a0 \u00a0 \u00a0 Poz.sz\u00e1m:20\/CSR\/02 \u00datvonal: Budapest \u2013\u00a0 Pardubice \u2013 Jicin \u2013 Sychrov \u2013 Mlada Boleslav \u2013 Lednice\u00a0 \u2013 Budapest\u00a0 (kb.1500 km). Utaz\u00e1s:\u00a0csoportl\u00e9tsz\u00e1mnak megfelel\u0151\u00a0 aut\u00f3busszal Ell\u00e1t\u00e1s:\u00a0f\u00e9lpanzi\u00f3 Sz\u00e1ll\u00e1s, elhelyez\u00e9s :\u00a01 \u00e9jszaka Hradec Kraloveban, 2 \u00e9jszaka a Cseh Paradicsomban, 3 *-os sz\u00e1llod\u00e1kban, 2-3 \u00e1gyas, zuhanyz\u00f3s, wc-s szob\u00e1kban Id\u0151tartam:\u00a0\u00a0 4 nap \/ 3 \u00e9jszaka\u00a0 \u00a0 \u00a0 \u00a0 \u00a0 \u00a0 \u00a0 \u00a0Idegenvezet\u00e9s:\u00a0v\u00e9gig az aut\u00f3buszon 1.nap: Indul\u00e1s\u00a06:00 \u2013 kor Budapestr\u0151l Folyamatos utaz\u00e1s, r\u00f6vid pihen\u0151kkel utunk els\u0151 \u00e1llom\u00e1s\u00e1ig, Olm\u00fctz v\u00e1ros\u00e1g. Olm\u00fctz, magyar nev\u00e9n Alam\u00f3c, Morvaorsz\u00e1g hajdani f\u0151v\u00e1rosa. A fallal k\u00f6r\u00fclvett nagy kiterjed\u00e9s\u0171 \u00f3v\u00e1ros\u00e1val, sz\u00e1mtalan gy\u00f6ny\u00f6r\u0171 templom\u00e1val, hangulatos tereivel, barokk szobraival, sz\u00f6k\u0151k\u00fatjaival \u00e9s a Vil\u00e1g\u00f6r\u00f6ks\u00e9g r\u00e9szek\u00e9nt sz\u00e1mon tartott Szenth\u00e1roms\u00e1g-oszlop\u00e1val Csehorsz\u00e1g egyik legszebb v\u00e1rosa. Este sz\u00e1ll\u00e1sunkra \u00e9rkez\u00fcnk Pardubicebe. A k\u00f6z\u00e9pkori Csehorsz\u00e1g leghatalmasabb \u00e9s legbefoly\u00e1sosabb csal\u00e1dja uralta a v\u00e1rost. Pernsteiniek idej\u00e9ben alakult ki az eg\u00e9sz t\u00f6rt\u00e9nelmi v\u00e1rosmag, annak renesz\u00e1nsz f\u0151ter\u00e9vel, fest\u0151i utc\u00e1ival, illetve Pardubice h\u00edress\u00e9g\u00e9vel a Z\u00f6ld-kapuval. Vacsora, szabadid\u0151.\u00a0 (530 km) 2.nap: A mai napon Rumc\u00e1jsz, a h\u00edres jicini bety\u00e1r nyomaiba ered\u00fcnk. Els\u0151 \u00e1llom\u00e1sunk a \u201eRejtekad\u00f3 Erd\u0151\u201d, ahol kb. 2 \u00f3r\u00e1s, k\u00f6zepes er\u0151ss\u00e9g\u0171 t\u00farautat tesz\u00fcnk meg a k\u00fcl\u00f6nleges form\u00e1j\u00fa szikl\u00e1kat mag\u00e1ba foglal\u00f3 Cseh Paradicsomban (bel\u00e9p\u0151 70 Czk, k\u00e9nyelmes t\u00faracip\u0151 aj\u00e1nlott). Cesky Raj az orsz\u00e1g els\u0151k\u00e9nt v\u00e9dett\u00e9 nyilv\u00e1n\u00edtott ter\u00fclete, mely nemr\u00e9g felker\u00fclt az UNESCO geoparkjainak list\u00e1j\u00e1ra. A t\u00fara nem meger\u0151ltet\u0151, mindenkinek sz\u00edvesen aj\u00e1nljuk! A d\u00e9lut\u00e1nt Jicinben t\u00f6ltj\u00fck, megn\u00e9zz\u00fck a jicini f\u0151teret, a kast\u00e9lyt, melyben a mes\u00e9ben az uras\u00e1g lakott (Wallenstein kast\u00e9ly, ma m\u00fazeum) \u00e9s a v\u00e1roska kicsiny, de ann\u00e1l \u00e9rdekesebb Rumc\u00e1jsz M\u00fazeum\u00e1t (bel\u00e9p\u0151: 25 Czk). K\u00e9s\u0151 d\u00e9lut\u00e1n a k\u00f6rny\u00e9k egyik legszebb v\u00e1r\u00e1ba, \u00e9s Csehorsz\u00e1g legnagyobb k\u00f6z\u00e9pkori v\u00e1r\u00e1ba. Kost-ra l\u00e1togatunk el. Este elfoglaljuk sz\u00e1ll\u00e1sunkat Turnov k\u00f6rny\u00e9k\u00e9n. Vacsora, majd szabadid\u0151. (100 km) 3.nap: Reggeli ut\u00e1n Mlada Bolesl\u00e1vban a \u0160koda M\u00fazeumba n\u00e9z\u00fcnk be, ahol az els\u0151 aut\u00f3t Laurin \u00e9s Klement k\u00e9sz\u00edtette el 1905-ben, \u00e9s ahol a c\u00e9g teljes gy\u00e1rt\u00e1sa zajlott eg\u00e9szen az 1940-es \u00e9vekig, amikor is a termel\u00e9s egy r\u00e9sze \u00e1tker\u00fclt Kvasiny \u00e9s Vrchlab\u00ed \u00fczemeibe. Mlad\u00e1 Boleslavban azonban nem csak gy\u00e1rt\u00e1si folyamatok mennek v\u00e9gbe, hanem itt k\u00e9sz\u00edtik el v\u00e1zlataikat a tervez\u0151k, amely v\u00e1zlatokb\u00f3l fokozatosan kifejlesztik a protot\u00edpusokat, amelyekb\u0151l pedig megsz\u00fcletnek a v\u00e9gleges modellek. K\u00f6vetkez\u0151 \u00e1llom\u00e1sunk Sychrov kast\u00e9lya, melyet a t\u00f6rt\u00e9nelem viharai \u00e1ltal idesodr\u00f3dott francia nemesi csal\u00e1d emeltetett, a francia kast\u00e9lyokat id\u00e9zve (bel\u00e9p\u0151:180 Czk). Napunk z\u00e1r\u00e1sak\u00e9nt, ha az id\u0151j\u00e1r\u00e1s engedi, a Liberec f\u00f6l\u00e9 emelked\u0151 Jested kil\u00e1t\u00f3ba megy\u00fcnk fel busszal, ill. a fels\u0151 parkol\u00f3b\u00f3l felvon\u00f3val. A k\u00fcl\u00f6nleges form\u00e1j\u00fa kil\u00e1t\u00f3torony tetej\u00e9r\u0151l az eg\u00e9sz k\u00f6rny\u00e9ket gy\u00f6ny\u00f6r\u0171en bel\u00e1tni (felvon\u00f3: 150 Czk). Este sz\u00e1ll\u00e1s ism\u00e9t s turnovi sz\u00e1llod\u00e1nkban. Vacsora, szabadid\u0151. (140 km) 4.nap: Reggeli, majd indul\u00e1s hazafel\u00e9. Utunkat folytatva egy k\u00fcl\u00f6nleges v\u00e1rn\u00e1l \u00e1llunk meg, Buzovn\u00e1l. (bel\u00e9p\u0151: 170 Czk) A kis telep\u00fcl\u00e9s f\u00f6l\u00e9 magasod\u00f3 romantikus v\u00e1rkast\u00e9ly a k\u00f6rny\u00e9k erd\u0151s-mez\u0151s vid\u00e9k\u00e9nek messzir\u0151l j\u00f3l l\u00e1that\u00f3, meghat\u00e1roz\u00f3 \u00e9p\u00fcletegy\u00fcttese. Sorolhatn\u00e1nk a h\u00edres filmeket, (Fantaghiro hercegn\u0151, Napola, stb.) melyeknek helysz\u00edn\u00e9\u00fcl szolg\u00e1lt. V\u00e1rhat\u00f3an Budapestre a k\u00e9s\u0151 esti \u00f3r\u00e1kban \u00e9rkez\u00fcnk. R\u00e9szv\u00e9teli d\u00edj:\u00a0\u00a0 79 800 Ft\/f\u0151 \u00a0 Aj\u00e1nlott k\u00f6lt\u0151p\u00e9nz bel\u00e9p\u0151re: kb. 950 CZK A r\u00e9szv\u00e9teli d\u00edj tartalmazza: a 3 \u00e9jszakai sz\u00e1ll\u00e1st, f\u00e9lpanzi\u00f3s ell\u00e1t\u00e1ssal, az aut\u00f3buszos utaz\u00e1st \u00e9s a csoportk\u00eds\u00e9r\u00e9st A r\u00e9szv\u00e9teli d\u00edj nem tartalmazza: a bel\u00e9p\u0151jegyeket \u00e9s a baleset-, betegs\u00e9g-, poggy\u00e1szbiztos\u00edt\u00e1st (500 Ft\/f\u0151\/nap, csoportosan) \u00c1rainkat 340 Ft = 1 \u20ac \u00e1rfolyamig tudjuk garant\u00e1lni! Az utaz\u00e1s minimum 35 f\u0151 utas r\u00e9szv\u00e9tele eset\u00e9n indul. Jelentkez\u00e9s on-line: info@goforgo.hu<\/p>\n","protected":false},"author":1,"featured_media":0,"parent":0,"menu_order":0,"comment_status":"closed","ping_status":"closed","template":"","meta":{"footnotes":""},"class_list":["post-4544","page","type-page","status-publish","hentry"],"_links":{"self":[{"href":"https:\/\/www.goforgo.hu\/index.php\/wp-json\/wp\/v2\/pages\/4544","targetHints":{"allow":["GET"]}}],"collection":[{"href":"https:\/\/www.goforgo.hu\/index.php\/wp-json\/wp\/v2\/pages"}],"about":[{"href":"https:\/\/www.goforgo.hu\/index.php\/wp-json\/wp\/v2\/types\/page"}],"author":[{"embeddable":true,"href":"https:\/\/www.goforgo.hu\/index.php\/wp-json\/wp\/v2\/users\/1"}],"replies":[{"embeddable":true,"href":"https:\/\/www.goforgo.hu\/index.php\/wp-json\/wp\/v2\/comments?post=4544"}],"version-history":[{"count":6,"href":"https:\/\/www.goforgo.hu\/index.php\/wp-json\/wp\/v2\/pages\/4544\/revisions"}],"predecessor-version":[{"id":5360,"href":"https:\/\/www.goforgo.hu\/index.php\/wp-json\/wp\/v2\/pages\/4544\/revisions\/5360"}],"wp:attachment":[{"href":"https:\/\/www.goforgo.hu\/index.php\/wp-json\/wp\/v2\/media?parent=4544"}],"curies":[{"name":"wp","href":"https:\/\/api.w.org\/{rel}","templated":true}]}}