{"id":4567,"date":"2019-01-13T09:49:11","date_gmt":"2019-01-13T09:49:11","guid":{"rendered":"http:\/\/www.goforgo.hu\/?page_id=4567"},"modified":"2019-03-07T15:12:33","modified_gmt":"2019-03-07T15:12:33","slug":"becsi-palotak","status":"publish","type":"page","link":"https:\/\/www.goforgo.hu\/index.php\/becsi-palotak\/","title":{"rendered":"B\u00e9csi palot\u00e1k"},"content":{"rendered":"<p class=\"western\" align=\"left\"><strong>Id\u0151pont: 2019.03.09.\u00a0<\/strong>\u00a0\u00a0\u00a0\u00a0\u00a0\u00a0\u00a0\u00a0\u00a0\u00a0\u00a0\u00a0\u00a0\u00a0\u00a0 \u00a0 \u00a0 \u00a0 \u00a0<b>Poz\u00edci\u00f3sz\u00e1m:<\/b><b> <\/b>19\/AWI\/01<\/p>\n<p class=\"western\"><b>Utaz\u00e1s:<\/b> az utasl\u00e9tsz\u00e1mnak megfelel\u0151 aut\u00f3busszal<\/p>\n<p class=\"western\" align=\"left\"><b>\u00datvonal: <\/b>Budapest \u2013 B\u00e9cs \u2013 Budapest (kb. 650 km)<\/p>\n<p class=\"western\"><b>Ell\u00e1t\u00e1s:<\/b> \u00f6nell\u00e1t\u00f3<\/p>\n<p class=\"western\"><a href=\"https:\/\/www.goforgo.hu\/index.php\/becs-a-csaszar-varos\/arsenal-heeresgeschichtliches_museum-1\/\" rel=\"attachment wp-att-2627\"><img loading=\"lazy\" decoding=\"async\" class=\"alignnone size-large wp-image-2627\" src=\"https:\/\/www.goforgo.hu\/wp-content\/uploads\/2016\/01\/Arsenal-Heeresgeschichtliches_Museum-1-1024x768.jpg\" alt=\"Arsenal-Heeresgeschichtliches_Museum-1\" width=\"1024\" height=\"768\" srcset=\"https:\/\/www.goforgo.hu\/wp-content\/uploads\/2016\/01\/Arsenal-Heeresgeschichtliches_Museum-1-1024x768.jpg 1024w, https:\/\/www.goforgo.hu\/wp-content\/uploads\/2016\/01\/Arsenal-Heeresgeschichtliches_Museum-1-300x225.jpg 300w, https:\/\/www.goforgo.hu\/wp-content\/uploads\/2016\/01\/Arsenal-Heeresgeschichtliches_Museum-1-768x576.jpg 768w\" sizes=\"auto, (max-width: 1024px) 100vw, 1024px\" \/><\/a><\/p>\n<p class=\"western\" style=\"text-align: left;\">Az Arsenal \u00e9p\u00fclete<\/p>\n<p class=\"western\" align=\"center\"><span style=\"font-size: large;\"><u><b>PROGRAM:<\/b><\/u><\/span><\/p>\n<p class=\"western\"><span style=\"font-size: small;\"><u><b>Indul\u00e1s<\/b><\/u><\/span><span style=\"font-size: small;\"><i><u><b>:<\/b><\/u><\/i><\/span><\/p>\n<p class=\"western\"><span style=\"font-size: small;\"><b>6.00<\/b>\u2013 kor Pestszentl\u0151rinc, LIDL parkol\u00f3 (\u00dcll\u0151i \u00fat 379-381.)<\/span><\/p>\n<p class=\"western\"><span style=\"font-size: small;\"><b> 6:30 <\/b><\/span><span style=\"font-size: small;\">\u2013 <\/span><span style=\"font-size: small;\">kor N\u00e9pliget, M3 n\u00e9pligeti metr\u00f3meg\u00e1ll\u00f3, Planet\u00e1rium el\u0151l <\/span><\/p>\n<p align=\"justify\">Utaz\u00e1s r\u00f6vid pihen\u0151vel, \u00e9rkez\u00e9s<b> B\u00e9csbe,<\/b> a <span style=\"font-size: medium;\">belv\u00e1ros\u00e1ba. Itt az <\/span><span style=\"font-size: medium;\"><b>ARSENAL<\/b><\/span><span style=\"font-size: medium;\">-n\u00e1l sz\u00e1llunk ki, ahol megkezdj\u00fck ismerked\u00e9s\u00fcnket a cs\u00e1sz\u00e1ri v\u00e1rossal.<\/span><\/p>\n<p align=\"justify\"><span style=\"font-size: medium;\"><a href=\"https:\/\/www.goforgo.hu\/index.php\/becs-a-csaszar-varos\/arsenal_heeresgeschichtliches_museum_feldherrenhalle\/\" rel=\"attachment wp-att-2628\"><img loading=\"lazy\" decoding=\"async\" class=\"alignnone size-full wp-image-2628\" src=\"https:\/\/www.goforgo.hu\/wp-content\/uploads\/2016\/01\/Arsenal_Heeresgeschichtliches_Museum_Feldherrenhalle.jpg\" alt=\"Arsenal_Heeresgeschichtliches_Museum_Feldherrenhalle\" width=\"1000\" height=\"668\" srcset=\"https:\/\/www.goforgo.hu\/wp-content\/uploads\/2016\/01\/Arsenal_Heeresgeschichtliches_Museum_Feldherrenhalle.jpg 1000w, https:\/\/www.goforgo.hu\/wp-content\/uploads\/2016\/01\/Arsenal_Heeresgeschichtliches_Museum_Feldherrenhalle-300x200.jpg 300w, https:\/\/www.goforgo.hu\/wp-content\/uploads\/2016\/01\/Arsenal_Heeresgeschichtliches_Museum_Feldherrenhalle-768x513.jpg 768w\" sizes=\"auto, (max-width: 1000px) 100vw, 1000px\" \/><\/a><\/span><\/p>\n<p align=\"justify\">Az Arsenal fogad\u00f3csarnoka<\/p>\n<p align=\"justify\"><span style=\"font-size: medium;\">Az Arsenal katonai akad\u00e9mia \u00e9s laktanya c\u00e9lj\u00e1b\u00f3l \u00e9p\u00fclt, ma Hadt\u00f6rt\u00e9neti M\u00fazeum, ahol sok-sok magyar eml\u00e9kkel is tal\u00e1lkozhatunk. Ezen a szombaton nagyszab\u00e1s\u00fa makett ki\u00e1ll\u00edt\u00e1st \u00e9s v\u00e1s\u00e1rt rendeznek a m\u00fazeum falai k\u00f6z\u00f6tt. (bel\u00e9p\u0151: 6 \u20ac) <\/span><\/p>\n<p align=\"justify\"><a href=\"https:\/\/www.goforgo.hu\/index.php\/becsi-palotak\/palais_epstein_licht_podgorschek\/\" rel=\"attachment wp-att-4568\"><img loading=\"lazy\" decoding=\"async\" class=\"alignnone size-large wp-image-4568\" src=\"https:\/\/www.goforgo.hu\/wp-content\/uploads\/2019\/01\/Palais_Epstein_Licht_Podgorschek-1024x663.jpg\" alt=\"Palais_Epstein_Licht_Podgorschek\" width=\"1024\" height=\"663\" \/><\/a><\/p>\n<p align=\"justify\">Az Epstein palota<\/p>\n<p align=\"justify\"><span style=\"font-size: medium;\">A m\u00fazeum megtekint\u00e9se ut\u00e1n bemegy\u00fcnk a belv\u00e1rosba. A Ring egyik meghat\u00e1roz\u00f3 \u00e9p\u00fclete az <b>EPSTEIN PALOTA, <\/b>az egyetlen a Ringen, mely bel\u00fclr\u0151l is l\u00e1togathat\u00f3. (ingyenes) Az olasz-renesz\u00e1nsz st\u00edlus\u00fa \u00e9p\u00fcletet az osztr\u00e1k Parlament haszn\u00e1lja k\u00f6nyvt\u00e1rk\u00e9nt. R\u00f6vid szabadid\u0151, majd visszaindulunk buszunkhoz \u00e9s indulunk Budapestre, ahov\u00e1 v\u00e1rhat\u00f3an az esti \u00f3r\u00e1kban \u00e9rkez\u00fcnk vissza. Lesz\u00e1ll\u00e1si lehet\u0151s\u00e9g a felsz\u00e1ll\u00e1ssal megegyez\u0151 helyeken.<\/span><\/p>\n<p><a href=\"https:\/\/www.goforgo.hu\/index.php\/becsi-palotak\/epstein_palais_prunkraum_beleuchtung_pod\/\" rel=\"attachment wp-att-4569\"><img loading=\"lazy\" decoding=\"async\" class=\"alignnone size-large wp-image-4569\" src=\"https:\/\/www.goforgo.hu\/wp-content\/uploads\/2019\/01\/Epstein_Palais_Prunkraum_Beleuchtung_pod-1024x663.jpg\" alt=\"Epstein_Palais_Prunkraum_Beleuchtung_pod\" width=\"1024\" height=\"663\" \/><\/a><\/p>\n<p align=\"justify\">\u00a0Az Epstein palota d\u00edszterme<\/p>\n<h2 class=\"western\" style=\"text-align: center;\"><span style=\"font-size: x-large;\">R\u00e9szv\u00e9teli d\u00edj: <\/span><span style=\"font-size: x-large;\">6<\/span><span style=\"font-size: x-large;\">.<\/span><span style=\"font-size: x-large;\">5<\/span><span style=\"font-size: x-large;\">00 Ft\/f\u0151<\/span><\/h2>\n<p class=\"western\" align=\"left\"><span style=\"font-size: small;\"><u><b>A r\u00e9szv\u00e9teli d\u00edj tartalmazza: <\/b><\/u><\/span><span style=\"font-size: small;\"><i>aut\u00f3buszos utaz\u00e1s k\u00f6lts\u00e9geit.<\/i><\/span><\/p>\n<p class=\"western\" align=\"left\"><span style=\"font-size: small;\"><u><b>A r\u00e9szv\u00e9teli d\u00edj nem tartalmazza<\/b><\/u><\/span><span style=\"font-size: small;\"><u>:<\/u><\/span><span style=\"font-size: small;\"><i> a bel\u00e9p\u0151jegyeket, melyek a helysz\u00ednen fizetend\u0151k, a BBP \u2013 biztos\u00edt\u00e1st, mely irod\u00e1inkban megk\u00f6thet\u0151k.<\/i><\/span><\/p>\n<p class=\"western\" align=\"left\"><u><b>Kedvezm\u00e9nyek<\/b><\/u><span style=\"font-size: small;\"><u><b>:<\/b><\/u><\/span><i><b> <\/b><\/i><span style=\"font-size: small;\"><i>t\u00f6rzsutasoknak, di\u00e1koknak 18 \u00e9ves korig,65 \u00e9v feletti nyugd\u00edjasoknak 300 Ft<\/i><\/span><\/p>\n<p align=\"center\"><span style=\"font-size: medium;\"><span style=\"font-size: small;\"><b>\u00c9LM\u00c9NYEKBEN GAZDAG UTAZ\u00c1ST,<\/b><\/span><i><b> <\/b><\/i><span style=\"font-size: small;\"><b>J\u00d3 SZ\u00d3RAKOZ\u00c1ST K\u00cdV\u00c1NUNK!<\/b><\/span><\/span><\/p>\n<p align=\"center\"><a href=\"https:\/\/www.goforgo.hu\/index.php\/becsi-palotak\/epstein-palota-belso-udvara\/\" rel=\"attachment wp-att-4570\"><img loading=\"lazy\" decoding=\"async\" class=\"alignnone size-large wp-image-4570\" src=\"https:\/\/www.goforgo.hu\/wp-content\/uploads\/2019\/01\/Epstein-palota-bels\u0151-udvara-1024x625.jpg\" alt=\"Epstein palota bels\u0151 udvara\" width=\"1024\" height=\"625\" \/><\/a><\/p>\n<p style=\"text-align: left;\" align=\"center\">Az Epstein palota bels\u0151 udvara<\/p>\n","protected":false},"excerpt":{"rendered":"<p>Id\u0151pont: 2019.03.09.\u00a0\u00a0\u00a0\u00a0\u00a0\u00a0\u00a0\u00a0\u00a0\u00a0\u00a0\u00a0\u00a0\u00a0\u00a0\u00a0 \u00a0 \u00a0 \u00a0 \u00a0Poz\u00edci\u00f3sz\u00e1m: 19\/AWI\/01 Utaz\u00e1s: az utasl\u00e9tsz\u00e1mnak megfelel\u0151 aut\u00f3busszal \u00datvonal: Budapest \u2013 B\u00e9cs \u2013 Budapest (kb. 650 km) Ell\u00e1t\u00e1s: \u00f6nell\u00e1t\u00f3 Az Arsenal \u00e9p\u00fclete PROGRAM: Indul\u00e1s: 6.00\u2013 kor Pestszentl\u0151rinc, LIDL parkol\u00f3 (\u00dcll\u0151i \u00fat 379-381.) 6:30 \u2013 kor N\u00e9pliget, M3 n\u00e9pligeti metr\u00f3meg\u00e1ll\u00f3, Planet\u00e1rium el\u0151l Utaz\u00e1s r\u00f6vid pihen\u0151vel, \u00e9rkez\u00e9s B\u00e9csbe, a belv\u00e1ros\u00e1ba. Itt az ARSENAL-n\u00e1l sz\u00e1llunk ki, ahol megkezdj\u00fck ismerked\u00e9s\u00fcnket a cs\u00e1sz\u00e1ri v\u00e1rossal. Az Arsenal fogad\u00f3csarnoka Az Arsenal katonai akad\u00e9mia \u00e9s laktanya c\u00e9lj\u00e1b\u00f3l \u00e9p\u00fclt, ma Hadt\u00f6rt\u00e9neti M\u00fazeum, ahol sok-sok magyar eml\u00e9kkel is tal\u00e1lkozhatunk. Ezen a szombaton nagyszab\u00e1s\u00fa makett ki\u00e1ll\u00edt\u00e1st \u00e9s v\u00e1s\u00e1rt rendeznek a m\u00fazeum falai k\u00f6z\u00f6tt. (bel\u00e9p\u0151: 6 \u20ac) Az Epstein palota A m\u00fazeum megtekint\u00e9se ut\u00e1n bemegy\u00fcnk a belv\u00e1rosba. A Ring egyik meghat\u00e1roz\u00f3 \u00e9p\u00fclete az EPSTEIN PALOTA, az egyetlen a Ringen, mely bel\u00fclr\u0151l is l\u00e1togathat\u00f3. (ingyenes) Az olasz-renesz\u00e1nsz st\u00edlus\u00fa \u00e9p\u00fcletet az osztr\u00e1k Parlament haszn\u00e1lja k\u00f6nyvt\u00e1rk\u00e9nt. R\u00f6vid szabadid\u0151, majd visszaindulunk buszunkhoz \u00e9s indulunk Budapestre, ahov\u00e1 v\u00e1rhat\u00f3an az esti \u00f3r\u00e1kban \u00e9rkez\u00fcnk vissza. Lesz\u00e1ll\u00e1si lehet\u0151s\u00e9g a felsz\u00e1ll\u00e1ssal megegyez\u0151 helyeken. \u00a0Az Epstein palota d\u00edszterme R\u00e9szv\u00e9teli d\u00edj: 6.500 Ft\/f\u0151 A r\u00e9szv\u00e9teli d\u00edj tartalmazza: aut\u00f3buszos utaz\u00e1s k\u00f6lts\u00e9geit. A r\u00e9szv\u00e9teli d\u00edj nem tartalmazza: a bel\u00e9p\u0151jegyeket, melyek a helysz\u00ednen fizetend\u0151k, a BBP \u2013 biztos\u00edt\u00e1st, mely irod\u00e1inkban megk\u00f6thet\u0151k. Kedvezm\u00e9nyek: t\u00f6rzsutasoknak, di\u00e1koknak 18 \u00e9ves korig,65 \u00e9v feletti nyugd\u00edjasoknak 300 Ft \u00c9LM\u00c9NYEKBEN GAZDAG UTAZ\u00c1ST, J\u00d3 SZ\u00d3RAKOZ\u00c1ST K\u00cdV\u00c1NUNK! Az Epstein palota bels\u0151 udvara<\/p>\n","protected":false},"author":1,"featured_media":0,"parent":0,"menu_order":0,"comment_status":"closed","ping_status":"closed","template":"","meta":{"footnotes":""},"class_list":["post-4567","page","type-page","status-publish","hentry"],"_links":{"self":[{"href":"https:\/\/www.goforgo.hu\/index.php\/wp-json\/wp\/v2\/pages\/4567","targetHints":{"allow":["GET"]}}],"collection":[{"href":"https:\/\/www.goforgo.hu\/index.php\/wp-json\/wp\/v2\/pages"}],"about":[{"href":"https:\/\/www.goforgo.hu\/index.php\/wp-json\/wp\/v2\/types\/page"}],"author":[{"embeddable":true,"href":"https:\/\/www.goforgo.hu\/index.php\/wp-json\/wp\/v2\/users\/1"}],"replies":[{"embeddable":true,"href":"https:\/\/www.goforgo.hu\/index.php\/wp-json\/wp\/v2\/comments?post=4567"}],"version-history":[{"count":4,"href":"https:\/\/www.goforgo.hu\/index.php\/wp-json\/wp\/v2\/pages\/4567\/revisions"}],"predecessor-version":[{"id":4831,"href":"https:\/\/www.goforgo.hu\/index.php\/wp-json\/wp\/v2\/pages\/4567\/revisions\/4831"}],"wp:attachment":[{"href":"https:\/\/www.goforgo.hu\/index.php\/wp-json\/wp\/v2\/media?parent=4567"}],"curies":[{"name":"wp","href":"https:\/\/api.w.org\/{rel}","templated":true}]}}