{"id":4770,"date":"2019-02-24T11:38:36","date_gmt":"2019-02-24T11:38:36","guid":{"rendered":"http:\/\/www.goforgo.hu\/?page_id=4770"},"modified":"2019-02-24T11:38:36","modified_gmt":"2019-02-24T11:38:36","slug":"szabadka-fuszerezve-piacolas-kultura-palicsi-kirandulas","status":"publish","type":"page","link":"https:\/\/www.goforgo.hu\/index.php\/szabadka-fuszerezve-piacolas-kultura-palicsi-kirandulas\/","title":{"rendered":"SZABADKA F\u0170SZEREZVE \u2013 PIACOL\u00c1S, KULT\u00daRA, PALICSI KIR\u00c1NDUL\u00c1S"},"content":{"rendered":"<p class=\"western\" align=\"center\"><span style=\"color: #002060;\"><span style=\"font-family: Broadway, serif;\"><span style=\"font-size: x-large;\">2019. \u00c1PRILIS 27., SZOMBAT<\/span><\/span><\/span><\/p>\n<p class=\"western\" align=\"center\"><a href=\"https:\/\/www.goforgo.hu\/index.php\/szabadka-fuszerezve-piacolas-kultura-palicsi-kirandulas\/varoshaza-2\/\" rel=\"attachment wp-att-4771\"><img loading=\"lazy\" decoding=\"async\" class=\"alignnone size-large wp-image-4771\" src=\"https:\/\/www.goforgo.hu\/wp-content\/uploads\/2019\/02\/v\u00e1rosh\u00e1za--1024x680.jpg\" alt=\"v\u00e1rosh\u00e1za\" width=\"1024\" height=\"680\" \/><\/a><\/p>\n<p class=\"western\">Utaz\u00e1s: aut\u00f3busszal<\/p>\n<p class=\"western\">Idegenvezet\u00e9s: az utaz\u00e1s &#8211; szabad programon k\u00edv\u00fcli &#8211;\u00a0 teljes ideje alatt<\/p>\n<p class=\"western\">Program:<\/p>\n<p class=\"western\" align=\"justify\"><span style=\"font-size: small;\">Indul\u00e1s Budapestr\u0151l a kora reggeli \u00f3r\u00e1kban. Folyamatos utaz\u00e1s r\u00f6vid pihen\u0151kkel Szabadk\u00e1ig (Subotica), ami a Vajdas\u00e1g \u00e9szaki r\u00e9sz\u00e9n, Magyarorsz\u00e1g d\u00e9li hat\u00e1r\u00e1t\u00f3l mind\u00f6ssze 10 km t\u00e1vols\u00e1gra fekszik. <\/span><\/p>\n<p class=\"western\" align=\"justify\"><a href=\"https:\/\/www.goforgo.hu\/index.php\/szabadka-fuszerezve-piacolas-kultura-palicsi-kirandulas\/maxresdefault-3\/\" rel=\"attachment wp-att-4772\"><img loading=\"lazy\" decoding=\"async\" class=\"alignnone size-full wp-image-4772\" src=\"https:\/\/www.goforgo.hu\/wp-content\/uploads\/2019\/02\/maxresdefault.jpg\" alt=\"maxresdefault\" width=\"1000\" height=\"562\" \/><\/a><\/p>\n<p class=\"western\" align=\"justify\"><span style=\"font-size: small;\">\u00c9rkez\u00e9s ut\u00e1n mindj\u00e1rt belevetj\u00fck magunkat a h\u00edres <\/span><span style=\"font-size: small;\"><b>nagybani piac<\/b><\/span><span style=\"font-size: small;\"> dzsungel\u00e9be, ahonnan p\u00e1r \u00f3ra eltelt\u00e9vel teljes meg\u00fajult ruha kollekci\u00f3val, lak\u00e1sfelszerel\u00e9ssel, \u00e9s egy\u00e9b n\u00e9lk\u00fcl\u00f6zhetetlen v\u00e1s\u00e1rfi\u00e1val gazdagodva indulunk Szabadka belv\u00e1ros\u00e1ba, hogy magyar eml\u00e9kek nyom\u00e1ba eredj\u00fcnk.<\/span><\/p>\n<p class=\"western\" align=\"justify\"><a href=\"https:\/\/www.goforgo.hu\/index.php\/szabadka-fuszerezve-piacolas-kultura-palicsi-kirandulas\/7-7-szabadkalg-2\/\" rel=\"attachment wp-att-4774\"><img loading=\"lazy\" decoding=\"async\" class=\"size-full wp-image-4774 aligncenter\" src=\"https:\/\/www.goforgo.hu\/wp-content\/uploads\/2019\/02\/7.7.SzabadkaLg.jpg\" alt=\"7.7.SzabadkaLg\" width=\"699\" height=\"465\" \/><\/a><\/p>\n<p class=\"western\" align=\"justify\"><span style=\"font-size: small;\"><b>Szabadka<\/b><\/span><span style=\"font-size: small;\"> a Vajdas\u00e1g m\u00e1sodik legn\u00e9pesebb v\u00e1rosa. A v\u00e1ros a vajdas\u00e1gi magyarok, a vajdas\u00e1gi horv\u00e1tok \u00e9s bunyev\u00e1cok szellemi, kultur\u00e1lis \u00e9s politikai szervezeteinek k\u00f6zpontja. Szabadka legl\u00e1tv\u00e1nyosabb \u00e9p\u00fclete a m\u00e9retein\u00e9l fogva ak\u00e1r parlamentnek is beill\u0151, szecesszi\u00f3s v\u00e1rosh\u00e1za, amelyet Komor Marcell \u00e9s Jakab Dezs\u0151 budapesti \u00e9p\u00edt\u00e9szek tervei alapj\u00e1n Nagy Ferenc \u00e9s Kladek Luk\u00e1cs v\u00e1llalkoz\u00f3k helybeli c\u00e9ge \u00e9p\u00edtett fel mind\u00f6ssze k\u00e9t \u00e9v alatt (1908\u20131910). Megtekintj\u00fck m\u00e9g a Zsinag\u00f3g\u00e1t, a Palot\u00e1t, a Ferences rendi templomot (Bar\u00e1tok temploma), a Zsolnay ker\u00e1mi\u00e1val fedett sz\u00f6k\u0151kutat. <\/span><\/p>\n<p class=\"western\" align=\"justify\"><a href=\"https:\/\/www.goforgo.hu\/index.php\/szabadka-fuszerezve-piacolas-kultura-palicsi-kirandulas\/palic\/\" rel=\"attachment wp-att-4773\"><img loading=\"lazy\" decoding=\"async\" class=\"alignnone size-large wp-image-4773\" src=\"https:\/\/www.goforgo.hu\/wp-content\/uploads\/2019\/02\/Palic-1024x768.jpg\" alt=\"Palic\" width=\"1024\" height=\"768\" \/><\/a><\/p>\n<p class=\"western\" align=\"justify\"><span style=\"font-size: small;\">D\u00e9lut\u00e1n m\u00e9g l\u00e1togat\u00e1st tesz\u00fcnk a <\/span><span style=\"font-size: small;\"><b>Palicsi-t\u00f3n\u00e1l<\/b><\/span><span style=\"font-size: small;\">, melyr\u0151l t\u00f6bb legenda is \u00e9l. Az egyik legenda szerint a Palicsi-t\u00f3 a Pannon-tenger maradv\u00e1nya, egy m\u00e1sik szerint egy P\u00e1l nev\u0171 p\u00e1sztor k\u00f6nnyeib\u0151l keletkezett, aki ott legeltette ny\u00e1j\u00e1t. A t\u00f3 r\u00e9gen keletkezett forr\u00e1sv\u00edzb\u0151l, annak ellen\u00e9re, hogy a vize nagyobbr\u00e9szt a v\u00f6lgyet felt\u00f6lt\u0151 csapad\u00e9kokb\u00f3l sz\u00e1rmazik. A Palicsi kir\u00e1ndul\u00e1s m\u00e1r szabad program, tartalmas napunk kellemes levezet\u00e9se. Hazautaz\u00e1s, \u00e9rkez\u00e9s Budapestre a k\u00e9s\u0151 esti \u00f3r\u00e1kban.\u00a0<\/span><\/p>\n<p class=\"western\" align=\"justify\"><a href=\"https:\/\/www.goforgo.hu\/index.php\/2246-2\/szabadka_varoshaza_01\/\" rel=\"attachment wp-att-2296\"><img loading=\"lazy\" decoding=\"async\" class=\"size-full wp-image-2296 aligncenter\" src=\"https:\/\/www.goforgo.hu\/wp-content\/uploads\/2017\/01\/szabadka_varoshaza_01.jpg\" alt=\"szabadka_varoshaza_01\" width=\"580\" height=\"300\" srcset=\"https:\/\/www.goforgo.hu\/wp-content\/uploads\/2017\/01\/szabadka_varoshaza_01.jpg 580w, https:\/\/www.goforgo.hu\/wp-content\/uploads\/2017\/01\/szabadka_varoshaza_01-300x155.jpg 300w\" sizes=\"auto, (max-width: 580px) 100vw, 580px\" \/><\/a><\/p>\n<p class=\"western\" align=\"center\"><span style=\"color: #002060;\"><span style=\"font-family: Broadway, serif;\"><span style=\"font-size: x-large;\">R\u00c9SZV\u00c9TELI D\u00cdJ: 8\u00a0990 FT\/F<\/span><\/span><\/span><span style=\"color: #002060;\"><span style=\"font-family: Cambria, serif;\"><span style=\"font-size: x-large;\">\u0150<\/span><\/span><\/span><\/p>\n<p class=\"western\" align=\"center\"><span style=\"color: #002060;\"><span style=\"font-family: Broadway, serif;\"><span style=\"font-size: medium;\">GYERMEK 14 \u00c9VES KOR ALATT: 7\u00a0990 FT\/F<\/span><\/span><\/span><span style=\"color: #002060;\"><span style=\"font-family: Cambria, serif;\"><span style=\"font-size: medium;\">\u0150<\/span><\/span><\/span><\/p>\n<p class=\"western\" align=\"center\"><a href=\"https:\/\/www.goforgo.hu\/index.php\/szabadka-fuszerezve-piacolas-kultura-palicsi-kirandulas\/palic-2\/\" rel=\"attachment wp-att-4775\"><img loading=\"lazy\" decoding=\"async\" class=\"alignnone size-large wp-image-4775\" src=\"https:\/\/www.goforgo.hu\/wp-content\/uploads\/2019\/02\/Palic-2-1024x646.jpg\" alt=\"Palic 2\" width=\"1024\" height=\"646\" \/><\/a><\/p>\n","protected":false},"excerpt":{"rendered":"<p>2019. \u00c1PRILIS 27., SZOMBAT Utaz\u00e1s: aut\u00f3busszal Idegenvezet\u00e9s: az utaz\u00e1s &#8211; szabad programon k\u00edv\u00fcli &#8211;\u00a0 teljes ideje alatt Program: Indul\u00e1s Budapestr\u0151l a kora reggeli \u00f3r\u00e1kban. Folyamatos utaz\u00e1s r\u00f6vid pihen\u0151kkel Szabadk\u00e1ig (Subotica), ami a Vajdas\u00e1g \u00e9szaki r\u00e9sz\u00e9n, Magyarorsz\u00e1g d\u00e9li hat\u00e1r\u00e1t\u00f3l mind\u00f6ssze 10 km t\u00e1vols\u00e1gra fekszik. \u00c9rkez\u00e9s ut\u00e1n mindj\u00e1rt belevetj\u00fck magunkat a h\u00edres nagybani piac dzsungel\u00e9be, ahonnan p\u00e1r \u00f3ra eltelt\u00e9vel teljes meg\u00fajult ruha kollekci\u00f3val, lak\u00e1sfelszerel\u00e9ssel, \u00e9s egy\u00e9b n\u00e9lk\u00fcl\u00f6zhetetlen v\u00e1s\u00e1rfi\u00e1val gazdagodva indulunk Szabadka belv\u00e1ros\u00e1ba, hogy magyar eml\u00e9kek nyom\u00e1ba eredj\u00fcnk. Szabadka a Vajdas\u00e1g m\u00e1sodik legn\u00e9pesebb v\u00e1rosa. A v\u00e1ros a vajdas\u00e1gi magyarok, a vajdas\u00e1gi horv\u00e1tok \u00e9s bunyev\u00e1cok szellemi, kultur\u00e1lis \u00e9s politikai szervezeteinek k\u00f6zpontja. Szabadka legl\u00e1tv\u00e1nyosabb \u00e9p\u00fclete a m\u00e9retein\u00e9l fogva ak\u00e1r parlamentnek is beill\u0151, szecesszi\u00f3s v\u00e1rosh\u00e1za, amelyet Komor Marcell \u00e9s Jakab Dezs\u0151 budapesti \u00e9p\u00edt\u00e9szek tervei alapj\u00e1n Nagy Ferenc \u00e9s Kladek Luk\u00e1cs v\u00e1llalkoz\u00f3k helybeli c\u00e9ge \u00e9p\u00edtett fel mind\u00f6ssze k\u00e9t \u00e9v alatt (1908\u20131910). Megtekintj\u00fck m\u00e9g a Zsinag\u00f3g\u00e1t, a Palot\u00e1t, a Ferences rendi templomot (Bar\u00e1tok temploma), a Zsolnay ker\u00e1mi\u00e1val fedett sz\u00f6k\u0151kutat. D\u00e9lut\u00e1n m\u00e9g l\u00e1togat\u00e1st tesz\u00fcnk a Palicsi-t\u00f3n\u00e1l, melyr\u0151l t\u00f6bb legenda is \u00e9l. Az egyik legenda szerint a Palicsi-t\u00f3 a Pannon-tenger maradv\u00e1nya, egy m\u00e1sik szerint egy P\u00e1l nev\u0171 p\u00e1sztor k\u00f6nnyeib\u0151l keletkezett, aki ott legeltette ny\u00e1j\u00e1t. A t\u00f3 r\u00e9gen keletkezett forr\u00e1sv\u00edzb\u0151l, annak ellen\u00e9re, hogy a vize nagyobbr\u00e9szt a v\u00f6lgyet felt\u00f6lt\u0151 csapad\u00e9kokb\u00f3l sz\u00e1rmazik. A Palicsi kir\u00e1ndul\u00e1s m\u00e1r szabad program, tartalmas napunk kellemes levezet\u00e9se. Hazautaz\u00e1s, \u00e9rkez\u00e9s Budapestre a k\u00e9s\u0151 esti \u00f3r\u00e1kban.\u00a0 R\u00c9SZV\u00c9TELI D\u00cdJ: 8\u00a0990 FT\/F\u0150 GYERMEK 14 \u00c9VES KOR ALATT: 7\u00a0990 FT\/F\u0150<\/p>\n","protected":false},"author":1,"featured_media":0,"parent":0,"menu_order":0,"comment_status":"closed","ping_status":"closed","template":"","meta":{"footnotes":""},"class_list":["post-4770","page","type-page","status-publish","hentry"],"_links":{"self":[{"href":"https:\/\/www.goforgo.hu\/index.php\/wp-json\/wp\/v2\/pages\/4770","targetHints":{"allow":["GET"]}}],"collection":[{"href":"https:\/\/www.goforgo.hu\/index.php\/wp-json\/wp\/v2\/pages"}],"about":[{"href":"https:\/\/www.goforgo.hu\/index.php\/wp-json\/wp\/v2\/types\/page"}],"author":[{"embeddable":true,"href":"https:\/\/www.goforgo.hu\/index.php\/wp-json\/wp\/v2\/users\/1"}],"replies":[{"embeddable":true,"href":"https:\/\/www.goforgo.hu\/index.php\/wp-json\/wp\/v2\/comments?post=4770"}],"version-history":[{"count":2,"href":"https:\/\/www.goforgo.hu\/index.php\/wp-json\/wp\/v2\/pages\/4770\/revisions"}],"predecessor-version":[{"id":4777,"href":"https:\/\/www.goforgo.hu\/index.php\/wp-json\/wp\/v2\/pages\/4770\/revisions\/4777"}],"wp:attachment":[{"href":"https:\/\/www.goforgo.hu\/index.php\/wp-json\/wp\/v2\/media?parent=4770"}],"curies":[{"name":"wp","href":"https:\/\/api.w.org\/{rel}","templated":true}]}}