{"id":4792,"date":"2019-02-24T12:34:36","date_gmt":"2019-02-24T12:34:36","guid":{"rendered":"http:\/\/www.goforgo.hu\/?page_id=4792"},"modified":"2019-02-24T12:34:36","modified_gmt":"2019-02-24T12:34:36","slug":"energiaparkok-es-orchideak-muravideken","status":"publish","type":"page","link":"https:\/\/www.goforgo.hu\/index.php\/energiaparkok-es-orchideak-muravideken\/","title":{"rendered":"Energiaparkok \u00e9s orchide\u00e1k Muravid\u00e9ken"},"content":{"rendered":"<p class=\"western\" align=\"left\"><a href=\"https:\/\/www.goforgo.hu\/index.php\/energiaparkok-es-orchideak-muravideken\/orchidea\/\" rel=\"attachment wp-att-4793\"><img loading=\"lazy\" decoding=\"async\" class=\"alignnone size-large wp-image-4793\" src=\"https:\/\/www.goforgo.hu\/wp-content\/uploads\/2019\/02\/Orchidea--1024x576.jpg\" alt=\"Orchidea\" width=\"1024\" height=\"576\" \/><\/a><\/p>\n<p class=\"western\" align=\"left\"><span style=\"font-size: medium;\"><b>Id\u0151pont : <\/b><span style=\"font-size: medium;\">2<\/span><span style=\"font-size: medium;\">019.08.10-11.\u00a0\u00a0\u00a0\u00a0\u00a0\u00a0\u00a0\u00a0\u00a0\u00a0\u00a0\u00a0\u00a0\u00a0\u00a0\u00a0\u00a0\u00a0\u00a0\u00a0\u00a0\u00a0\u00a0\u00a0\u00a0\u00a0\u00a0 <\/span><b>Poz.sz\u00e1m: <\/b>19\/MUR\/01<\/span><\/p>\n<p class=\"western\" align=\"justify\"><span style=\"font-size: small;\"><span style=\"font-size: medium;\"><b>\u00datvonal: <\/b><\/span><span style=\"font-size: medium;\">Budapest \u2013 Lendva \u2013 Dobronak \u2013 Lenti \u2013 Szentgy\u00f6rgyv\u00f6lgy \u2013 Nagyt\u00f3tlak &#8211; Lenti \u2013 Budapest (kb.800 km).<\/span><\/span><\/p>\n<p class=\"western\" align=\"left\"><span style=\"font-size: medium;\"><b>Utaz\u00e1s : <\/b><\/span><span style=\"font-size: small;\"><span style=\"font-size: medium;\">csoportl\u00e9tsz\u00e1mnak megfelel\u0151 aut\u00f3busszal<\/span><\/span><\/p>\n<p class=\"western\" align=\"left\"><span style=\"font-size: medium;\"><b>Ell\u00e1t\u00e1s: <\/b>reggeli<\/span><\/p>\n<p class=\"western\" align=\"left\"><span style=\"font-size: small;\"><b>Sz\u00e1ll\u00e1s, elhelyez\u00e9s : <\/b><span style=\"font-size: medium;\">1 \u00e9jszaka Lentiben, panzi\u00f3b<\/span><span style=\"font-size: medium;\">an, <\/span><span style=\"font-size: medium;\">2-3 \u00e1gyas, zuhanyz\u00f3s, wc-s szob\u00e1kban<\/span><\/span><\/p>\n<p class=\"western\" align=\"left\"><span style=\"font-size: medium;\"><b>Id\u0151tartam: <\/b>2 nap \/ 1 \u00e9jszaka<\/span><\/p>\n<p class=\"western\" align=\"left\"><span style=\"font-size: medium;\"><span style=\"font-size: small;\"><b>Idegenvezet\u00e9s: <\/b><\/span>v\u00e9gig az aut\u00f3buszon<\/span><\/p>\n<p class=\"western\" style=\"text-align: center;\" align=\"justify\"><span style=\"font-size: small;\"><span style=\"font-family: Arial Black, serif;\"><span style=\"font-size: medium;\"><i>Energiaparkok \u00e9s orchide\u00e1k Muravid\u00e9ken<\/i><\/span><\/span><\/span><\/p>\n<p><a href=\"https:\/\/www.goforgo.hu\/index.php\/energiaparkok-es-orchideak-muravideken\/olympus-digital-camera-22\/\" rel=\"attachment wp-att-4797\"><img loading=\"lazy\" decoding=\"async\" class=\"size-large wp-image-4797\" src=\"https:\/\/www.goforgo.hu\/wp-content\/uploads\/2019\/02\/Dobranak-p912191503e3-1024x614.jpg\" alt=\"OLYMPUS DIGITAL CAMERA\" width=\"1024\" height=\"614\" \/><\/a><\/p>\n<p class=\"western\" align=\"justify\"><span style=\"font-size: small;\"><span style=\"font-size: medium;\"><b>1. nap: <\/b><\/span><span style=\"font-size: medium;\"><u><b>Indul\u00e1s<\/b><\/u><\/span><span style=\"font-size: medium;\"><i><u><b>:<\/b><\/u><\/i><\/span><b> <\/b><\/span><\/p>\n<p class=\"western\" align=\"left\"><span style=\"font-size: small;\"> <span style=\"font-size: medium;\"><b> 6:00 <\/b><\/span><span style=\"font-size: medium;\">\u2013 kor Budapest. N\u00e9pliget<\/span><b> <\/b><\/span><\/p>\n<p class=\"western\" align=\"justify\"><span style=\"font-size: small;\"><span style=\"font-size: medium;\">Folyamatos utaz\u00e1s, r\u00f6vid pihen\u0151kkel utunk els\u0151 \u00e1llom\u00e1s\u00e1ig, a muravid\u00e9ki<\/span><strong><span style=\"font-size: medium;\"> Lendv\u00e1ba. <\/span><\/strong><span style=\"font-size: medium;\">Lendva<\/span><span style=\"font-size: medium;\"> a mai magyars\u00e1g k\u00f6zpontja. Megn\u00e9zz\u00fck a <\/span><span style=\"font-size: medium;\">v\u00e1rat, a Makovecz-sz\u00ednh\u00e1zat, a Hadik k\u00e1poln\u00e1t<\/span><span style=\"font-size: medium;\">. Majd \u00fatra kelve<\/span><strong><span style=\"font-size: medium;\"> B\u00e1ntorny\u00e1t <\/span><\/strong><span style=\"font-size: medium;\">\u00e9rintve<\/span><strong><span style=\"font-size: medium;\"> Dobronakba <\/span><\/strong><span style=\"font-size: medium;\">utazunk. <\/span><\/span><\/p>\n<p class=\"western\" style=\"text-align: center;\" align=\"justify\"><a href=\"https:\/\/www.goforgo.hu\/index.php\/energiaparkok-es-orchideak-muravideken\/bantornya_kulso01\/\" rel=\"attachment wp-att-4800\"><img loading=\"lazy\" decoding=\"async\" class=\"alignnone  wp-image-4800\" src=\"https:\/\/www.goforgo.hu\/wp-content\/uploads\/2019\/02\/bantornya_kulso01.jpg\" alt=\"bantornya_kulso01\" width=\"714\" height=\"476\" \/><\/a><\/p>\n<p class=\"western\" align=\"justify\"><span style=\"font-size: small;\"><span style=\"font-size: medium;\">B\u00e1ntorny\u00e1n<\/span><span style=\"font-size: medium;\"> egy r\u00f6vid meg\u00e1ll\u00f3 keret\u00e9ben megn\u00e9zz\u00fck a kis telep\u00fcl\u00e9s \u00e9rt\u00e9kes, \u00e1rp\u00e1d kori templom\u00e1t. <\/span><span style=\"font-size: medium;\">Dobronak<\/span><span style=\"font-size: medium;\">, ez a<\/span><span style=\"font-size: medium;\"> kicsi, m\u00e9g ma is f\u0151leg magyarok lakta falu nev\u00e9t &#8211; k\u00e9t okb\u00f3l is &#8211; sokan ismerik. Itt tal\u00e1lhat\u00f3 K\u00f6z\u00e9p-Eur\u00f3pa egyetlen <\/span><span style=\"font-size: medium;\"><b>orchideafarmja<\/b><\/span><span style=\"font-size: medium;\">, \u00e9s itt, nem messze ter\u00fcl el a hagyom\u00e1ny szerint <\/span><span style=\"font-size: medium;\"><b>gy\u00f3gy\u00edt\u00f3 energiapark<\/b><\/span><span style=\"font-size: medium;\"> a Bakonaki-t\u00f3 k\u00f6r\u00fcl. Mindkett\u0151t megl\u00e1togatjuk, majd sz\u00e1ll\u00e1sunkra megy\u00fcnk.<\/span><\/span><\/p>\n<p class=\"western\" align=\"justify\"><span style=\"font-size: small;\"><span style=\"font-size: medium;\"><b><a href=\"https:\/\/www.goforgo.hu\/index.php\/energiaparkok-es-orchideak-muravideken\/dobranak-23260_orig_art721\/\" rel=\"attachment wp-att-4796\"><img loading=\"lazy\" decoding=\"async\" class=\"wp-image-4796 aligncenter\" src=\"https:\/\/www.goforgo.hu\/wp-content\/uploads\/2019\/02\/Dobranak-23260_orig_art721.jpg\" alt=\"Dobranak 23260_orig_art721\" width=\"716\" height=\"478\" \/><\/a><\/b><\/span><\/span><\/p>\n<p class=\"western\" style=\"text-align: center;\" align=\"justify\"><a href=\"https:\/\/www.goforgo.hu\/index.php\/energiaparkok-es-orchideak-muravideken\/orchidea-2\/\" rel=\"attachment wp-att-4801\"><img loading=\"lazy\" decoding=\"async\" class=\"alignnone size-full wp-image-4801\" src=\"https:\/\/www.goforgo.hu\/wp-content\/uploads\/2019\/02\/orchidea.jpg\" alt=\"orchidea\" width=\"800\" height=\"600\" \/><\/a><\/p>\n<p class=\"western\" align=\"justify\"><span style=\"font-size: small;\"><span style=\"font-size: medium;\"><b>2. nap:<\/b><\/span><span style=\"font-size: medium;\"> Reggeli ut\u00e1n az orsz\u00e1gszerte h\u00edres <\/span><span style=\"font-size: medium;\"><b>lenti kos\u00e1rfon\u00f3kat<\/b><\/span><span style=\"font-size: medium;\"> l\u00e1togatjuk meg. V\u00e1s\u00e1rl\u00e1si lehet\u0151s\u00e9g, majd <\/span><span style=\"font-size: medium;\"><b>Nagyt\u00f3tlak<\/b><\/span><span style=\"font-size: medium;\"> \u00e1rp\u00e1d kori rotund\u00e1j\u00e1nak (k\u00f6r templom\u00e1nak) az 1400-as \u00e9vekb\u0151l csod\u00e1val hat\u00e1ros m\u00f3don fennmaradt fresk\u00f3ira csod\u00e1lkozhatunk r\u00e1. <\/span><\/span><\/p>\n<p class=\"western\" align=\"justify\"><a href=\"https:\/\/www.goforgo.hu\/index.php\/energiaparkok-es-orchideak-muravideken\/selo-nagytotlak-szent-miklos-rotunda-xiii-sz-sl-8\/\" rel=\"attachment wp-att-4802\"><img loading=\"lazy\" decoding=\"async\" class=\"alignnone size-large wp-image-4802\" src=\"https:\/\/www.goforgo.hu\/wp-content\/uploads\/2019\/02\/Nagyt\u00f3tlak-20226832153_699d708ac9_b-1024x680.jpg\" alt=\"Selo (Nagyt\u00f3tlak) - Szent Mikl\u00f3s rotunda XIII. sz. (SL) - 8\" width=\"1024\" height=\"680\" \/><\/a><\/p>\n<p class=\"western\" align=\"justify\"><span style=\"font-size: small;\"><span style=\"font-size: medium;\">Lassan indulunk haza fel\u00e9, de el\u0151tt m\u00e9g egyszer meg\u00e1llunk <\/span><span style=\"font-size: medium;\"><b>Lendva<\/b><\/span><span style=\"font-size: medium;\"> sz\u0151l\u0151hegyein\u00e9l, ahol az 53,5 m magas <\/span><span style=\"font-size: medium;\"><b>kil\u00e1t\u00f3b\u00f3l<\/b><\/span><span style=\"font-size: medium;\">, n\u00e9gy orsz\u00e1gba l\u00e1tunk \u00e1t. A k\u00f6rny\u00e9k gasztron\u00f3miai k\u00edn\u00e1lat\u00e1ban megk\u00f3stolhatjuk a <\/span><span style=\"font-size: medium;\"><b>helyben termelt borokat<\/b><\/span><span style=\"font-size: medium;\"> \u00e9s a helyi alapanyagokb\u00f3l k\u00e9sz\u00fclt \u00e9teleket. Innen hazafel\u00e9 vessz\u00fck az ir\u00e1nyt. Budapestre a k\u00e9s\u0151 esti \u00f3r\u00e1kba \u00e9rkez\u00fcnk.<\/span><\/span><\/p>\n<p class=\"western\" align=\"justify\">\n<p class=\"western\" align=\"justify\"><a href=\"https:\/\/www.goforgo.hu\/index.php\/energiaparkok-es-orchideak-muravideken\/vinarium1\/\" rel=\"attachment wp-att-4799\"><img loading=\"lazy\" decoding=\"async\" class=\"alignnone size-large wp-image-4799\" src=\"https:\/\/www.goforgo.hu\/wp-content\/uploads\/2019\/02\/Vinarium1-1024x683.jpg\" alt=\"Vinarium1\" width=\"1024\" height=\"683\" \/><\/a><\/p>\n<p align=\"center\"><span style=\"font-size: x-large;\"><b>R\u00e9szv\u00e9teli d\u00edj: 29 900 Ft\/f\u0151<\/b><\/span><\/p>\n<p class=\"western\" align=\"center\"><span style=\"font-size: large;\"><b>Aj\u00e1nlott k\u00f6lt\u0151p\u00e9nz bel\u00e9p\u0151re: <\/b><\/span><span style=\"font-size: small;\"><b>kb. 25 \u20ac<\/b><\/span><\/p>\n<p class=\"western\" align=\"center\"><span style=\"font-size: small;\"><b>A r\u00e9szv\u00e9teli d\u00edj tartalmazza:<\/b><\/span><span style=\"font-size: small;\"> a 1 \u00e9jszakai sz\u00e1ll\u00e1st, reggelivel, az aut\u00f3buszos utaz\u00e1st \u00e9s a csoportk\u00eds\u00e9r\u00e9st<\/span><\/p>\n<p class=\"western\" align=\"justify\"><span style=\"font-size: small;\"><span style=\"font-size: small;\"><b>A r\u00e9szv\u00e9teli d\u00edj nem tartalmazza:<\/b><\/span><span style=\"font-size: small;\"> a bel\u00e9p\u0151jegyeket \u00e9s a baleset-, betegs\u00e9g-, poggy\u00e1szbiztos\u00edt\u00e1st (500 Ft\/f\u0151\/nap, csoportosan) <\/span><\/span><\/p>\n<p align=\"center\"><span style=\"font-size: small;\"><b>\u00c1rainkat 340 Ft = 1 \u20ac \u00e1rfolyamig tudjuk garant\u00e1lni! Az utaz\u00e1s minimum 35 f\u0151 fizet\u0151 utas r\u00e9szv\u00e9tele eset\u00e9n indul.<\/b><\/span><\/p>\n<p align=\"center\">\n<p align=\"center\"><a href=\"https:\/\/www.goforgo.hu\/index.php\/energiaparkok-es-orchideak-muravideken\/kosar-2017042700101052805799\/\" rel=\"attachment wp-att-4798\"><img loading=\"lazy\" decoding=\"async\" class=\"alignnone size-full wp-image-4798\" src=\"https:\/\/www.goforgo.hu\/wp-content\/uploads\/2019\/02\/kos\u00e1r-2017042700101052805799.jpg\" alt=\"kos\u00e1r 2017042700101052805799\" width=\"800\" height=\"531\" \/><\/a><\/p>\n","protected":false},"excerpt":{"rendered":"<p>Id\u0151pont : 2019.08.10-11.\u00a0\u00a0\u00a0\u00a0\u00a0\u00a0\u00a0\u00a0\u00a0\u00a0\u00a0\u00a0\u00a0\u00a0\u00a0\u00a0\u00a0\u00a0\u00a0\u00a0\u00a0\u00a0\u00a0\u00a0\u00a0\u00a0\u00a0 Poz.sz\u00e1m: 19\/MUR\/01 \u00datvonal: Budapest \u2013 Lendva \u2013 Dobronak \u2013 Lenti \u2013 Szentgy\u00f6rgyv\u00f6lgy \u2013 Nagyt\u00f3tlak &#8211; Lenti \u2013 Budapest (kb.800 km). Utaz\u00e1s : csoportl\u00e9tsz\u00e1mnak megfelel\u0151 aut\u00f3busszal Ell\u00e1t\u00e1s: reggeli Sz\u00e1ll\u00e1s, elhelyez\u00e9s : 1 \u00e9jszaka Lentiben, panzi\u00f3ban, 2-3 \u00e1gyas, zuhanyz\u00f3s, wc-s szob\u00e1kban Id\u0151tartam: 2 nap \/ 1 \u00e9jszaka Idegenvezet\u00e9s: v\u00e9gig az aut\u00f3buszon Energiaparkok \u00e9s orchide\u00e1k Muravid\u00e9ken 1. nap: Indul\u00e1s: 6:00 \u2013 kor Budapest. N\u00e9pliget Folyamatos utaz\u00e1s, r\u00f6vid pihen\u0151kkel utunk els\u0151 \u00e1llom\u00e1s\u00e1ig, a muravid\u00e9ki Lendv\u00e1ba. Lendva a mai magyars\u00e1g k\u00f6zpontja. Megn\u00e9zz\u00fck a v\u00e1rat, a Makovecz-sz\u00ednh\u00e1zat, a Hadik k\u00e1poln\u00e1t. Majd \u00fatra kelve B\u00e1ntorny\u00e1t \u00e9rintve Dobronakba utazunk. B\u00e1ntorny\u00e1n egy r\u00f6vid meg\u00e1ll\u00f3 keret\u00e9ben megn\u00e9zz\u00fck a kis telep\u00fcl\u00e9s \u00e9rt\u00e9kes, \u00e1rp\u00e1d kori templom\u00e1t. Dobronak, ez a kicsi, m\u00e9g ma is f\u0151leg magyarok lakta falu nev\u00e9t &#8211; k\u00e9t okb\u00f3l is &#8211; sokan ismerik. Itt tal\u00e1lhat\u00f3 K\u00f6z\u00e9p-Eur\u00f3pa egyetlen orchideafarmja, \u00e9s itt, nem messze ter\u00fcl el a hagyom\u00e1ny szerint gy\u00f3gy\u00edt\u00f3 energiapark a Bakonaki-t\u00f3 k\u00f6r\u00fcl. Mindkett\u0151t megl\u00e1togatjuk, majd sz\u00e1ll\u00e1sunkra megy\u00fcnk. 2. nap: Reggeli ut\u00e1n az orsz\u00e1gszerte h\u00edres lenti kos\u00e1rfon\u00f3kat l\u00e1togatjuk meg. V\u00e1s\u00e1rl\u00e1si lehet\u0151s\u00e9g, majd Nagyt\u00f3tlak \u00e1rp\u00e1d kori rotund\u00e1j\u00e1nak (k\u00f6r templom\u00e1nak) az 1400-as \u00e9vekb\u0151l csod\u00e1val hat\u00e1ros m\u00f3don fennmaradt fresk\u00f3ira csod\u00e1lkozhatunk r\u00e1. Lassan indulunk haza fel\u00e9, de el\u0151tt m\u00e9g egyszer meg\u00e1llunk Lendva sz\u0151l\u0151hegyein\u00e9l, ahol az 53,5 m magas kil\u00e1t\u00f3b\u00f3l, n\u00e9gy orsz\u00e1gba l\u00e1tunk \u00e1t. A k\u00f6rny\u00e9k gasztron\u00f3miai k\u00edn\u00e1lat\u00e1ban megk\u00f3stolhatjuk a helyben termelt borokat \u00e9s a helyi alapanyagokb\u00f3l k\u00e9sz\u00fclt \u00e9teleket. Innen hazafel\u00e9 vessz\u00fck az ir\u00e1nyt. Budapestre a k\u00e9s\u0151 esti \u00f3r\u00e1kba \u00e9rkez\u00fcnk. R\u00e9szv\u00e9teli d\u00edj: 29 900 Ft\/f\u0151 Aj\u00e1nlott k\u00f6lt\u0151p\u00e9nz bel\u00e9p\u0151re: kb. 25 \u20ac A r\u00e9szv\u00e9teli d\u00edj tartalmazza: a 1 \u00e9jszakai sz\u00e1ll\u00e1st, reggelivel, az aut\u00f3buszos utaz\u00e1st \u00e9s a csoportk\u00eds\u00e9r\u00e9st A r\u00e9szv\u00e9teli d\u00edj nem tartalmazza: a bel\u00e9p\u0151jegyeket \u00e9s a baleset-, betegs\u00e9g-, poggy\u00e1szbiztos\u00edt\u00e1st (500 Ft\/f\u0151\/nap, csoportosan) \u00c1rainkat 340 Ft = 1 \u20ac \u00e1rfolyamig tudjuk garant\u00e1lni! Az utaz\u00e1s minimum 35 f\u0151 fizet\u0151 utas r\u00e9szv\u00e9tele eset\u00e9n indul.<\/p>\n","protected":false},"author":1,"featured_media":0,"parent":0,"menu_order":0,"comment_status":"closed","ping_status":"closed","template":"","meta":{"footnotes":""},"class_list":["post-4792","page","type-page","status-publish","hentry"],"_links":{"self":[{"href":"https:\/\/www.goforgo.hu\/index.php\/wp-json\/wp\/v2\/pages\/4792","targetHints":{"allow":["GET"]}}],"collection":[{"href":"https:\/\/www.goforgo.hu\/index.php\/wp-json\/wp\/v2\/pages"}],"about":[{"href":"https:\/\/www.goforgo.hu\/index.php\/wp-json\/wp\/v2\/types\/page"}],"author":[{"embeddable":true,"href":"https:\/\/www.goforgo.hu\/index.php\/wp-json\/wp\/v2\/users\/1"}],"replies":[{"embeddable":true,"href":"https:\/\/www.goforgo.hu\/index.php\/wp-json\/wp\/v2\/comments?post=4792"}],"version-history":[{"count":2,"href":"https:\/\/www.goforgo.hu\/index.php\/wp-json\/wp\/v2\/pages\/4792\/revisions"}],"predecessor-version":[{"id":4804,"href":"https:\/\/www.goforgo.hu\/index.php\/wp-json\/wp\/v2\/pages\/4792\/revisions\/4804"}],"wp:attachment":[{"href":"https:\/\/www.goforgo.hu\/index.php\/wp-json\/wp\/v2\/media?parent=4792"}],"curies":[{"name":"wp","href":"https:\/\/api.w.org\/{rel}","templated":true}]}}