{"id":481,"date":"2016-01-04T18:00:49","date_gmt":"2016-01-04T18:00:49","guid":{"rendered":"http:\/\/www.goforgo.hu\/?page_id=481"},"modified":"2026-03-27T17:30:40","modified_gmt":"2026-03-27T17:30:40","slug":"karpatmedencei-utazasok","status":"publish","type":"page","link":"https:\/\/www.goforgo.hu\/index.php\/karpatmedencei-utazasok\/","title":{"rendered":"K\u00e1rp\u00e1t-medencei utaz\u00e1sok"},"content":{"rendered":"<p><a href=\"https:\/\/www.goforgo.hu\/index.php\/erdely\/\"><img loading=\"lazy\" decoding=\"async\" class=\"alignnone size-full wp-image-578\" src=\"https:\/\/www.goforgo.hu\/wp-content\/uploads\/2016\/01\/Erd\u00e9ly.jpg\" alt=\"Erd\u00e9ly\" width=\"291\" height=\"254\" \/><\/a><\/p>\n<p><a href=\"https:\/\/www.goforgo.hu\/index.php\/felvidek\/\"><img loading=\"lazy\" decoding=\"async\" class=\"alignnone size-full wp-image-579\" src=\"https:\/\/www.goforgo.hu\/wp-content\/uploads\/2016\/01\/Felvid\u00e9k.jpg\" alt=\"Felvid\u00e9k\" width=\"286\" height=\"142\" \/><\/a><\/p>\n<p><a href=\"https:\/\/www.goforgo.hu\/index.php\/orvidek\/\"><img loading=\"lazy\" decoding=\"async\" class=\"alignnone size-full wp-image-585\" src=\"https:\/\/www.goforgo.hu\/wp-content\/uploads\/2016\/01\/\u00d6rvid\u00e9k1.jpg\" alt=\"\u00d6rvid\u00e9k\" width=\"94\" height=\"103\" \/><\/a><\/p>\n<p><a href=\"https:\/\/www.goforgo.hu\/index.php\/delvidek\/\"><img loading=\"lazy\" decoding=\"async\" class=\"alignnone size-full wp-image-577\" src=\"https:\/\/www.goforgo.hu\/wp-content\/uploads\/2016\/01\/D\u00e9lvid\u00e9k.jpg\" alt=\"D\u00e9lvid\u00e9k\" width=\"344\" height=\"191\" \/><\/a><\/p>\n<h1><strong>\u00a0\u00a0Kattintson a kiv\u00e1lasztott ter\u00fcletre!<\/strong><\/h1>\n<p style=\"text-align: center;\">&#8222;Mi vagy Te n\u00e9kem? Szomjamra ital,<br \/>\nSebemre \u00edr \u00e9s b\u00e1natomra dal,<br \/>\nT\u0171zhely, amelyhez t\u00e9rni soh&#8217;se k\u00e9sem.<br \/>\nM\u00e1rv\u00e1ny, amelybe \u00e1lmaimat v\u00e9sem.<br \/>\n\u00c1t egen, f\u00f6ld\u00f6n, foly\u00f3n, tengeren,<br \/>\nR\u00f6g\u00f6n, hanton, kopors\u00f3fedelen:<br \/>\nSzeretlek mindhal\u00e1lig, nemzetem!&#8221;<\/p>\n<p class=\"auth\" style=\"text-align: center;\">Rem\u00e9nyik S\u00e1ndor<\/p>\n<p class=\"auth\" style=\"text-align: center;\"><a href=\"https:\/\/www.goforgo.hu\/index.php\/karpatmedencei-utazasok\/collage-karpat-belo\/\" rel=\"attachment wp-att-2975\"><img loading=\"lazy\" decoding=\"async\" class=\"alignnone size-large wp-image-2975\" src=\"https:\/\/www.goforgo.hu\/wp-content\/uploads\/2016\/01\/collage-k\u00e1rp\u00e1t-bel\u0151-1024x686.jpg\" alt=\"collage k\u00e1rp\u00e1t bel\u0151\" width=\"1024\" height=\"686\" srcset=\"https:\/\/www.goforgo.hu\/wp-content\/uploads\/2016\/01\/collage-k\u00e1rp\u00e1t-bel\u0151-1024x686.jpg 1024w, https:\/\/www.goforgo.hu\/wp-content\/uploads\/2016\/01\/collage-k\u00e1rp\u00e1t-bel\u0151-300x201.jpg 300w, https:\/\/www.goforgo.hu\/wp-content\/uploads\/2016\/01\/collage-k\u00e1rp\u00e1t-bel\u0151-768x515.jpg 768w, https:\/\/www.goforgo.hu\/wp-content\/uploads\/2016\/01\/collage-k\u00e1rp\u00e1t-bel\u0151.jpg 1200w\" sizes=\"auto, (max-width: 1024px) 100vw, 1024px\" \/><\/a><\/p>\n<h1 class=\"szerzo\">Wass Albert:<\/h1>\n<h1 class=\"cim\">\u00dczenet haza<\/h1>\n<div class=\"body\">\n<p>\u00dczenem az otthoni hegyeknek:<br \/>\na csillagok j\u00e1r\u00e1sa v\u00e1ltoz\u00f3.<br \/>\n\u00c9s t\u00f6rv\u00e9nyei vannak a szeleknek,<br \/>\nes\u0151nek, h\u00f3nak, fellegeknek,<br \/>\n\u00e9s nincs bor\u00fa, \u00f6r\u00f6kk\u00e9val\u00f3.<br \/>\nA v\u00edz szalad, a k\u0151 marad,<br \/>\na k\u0151 marad\u2026<\/p>\n<p>\u00dczenem a f\u00f6ldnek: csak teremjen,<br \/>\nha s\u00e1ska is r\u00e1gja le vet\u00e9s\u00e9t,<br \/>\nha vakond t\u00farja is gy\u00f6keret.<br \/>\nA vil\u00e1g f\u00f6l\u00f6tt \u0151rk\u00f6dik a Rend,<br \/>\ns nem v\u00e9sz magja a nemes gabon\u00e1nak,<br \/>\nde h\u00edre sem lesz egykor a csal\u00e1nnak.<br \/>\nA v\u00edz szalad, a k\u0151 marad,<br \/>\na k\u0151 marad\u2026<\/p>\n<p>\u00dczenem az erd\u0151nek: ne f\u00e9ljen,<br \/>\nha csattog is a balt\u00e1sok hada.<br \/>\nMert er\u0151sebb a balt\u00e1n\u00e1l a fa,<br \/>\ns a v\u00e9rz\u0151 csonkb\u00f3l virrad\u00f3 tavaszra,<br \/>\n\u00dajra erd\u0151 sarjad gy\u0151zedelmesen.<br \/>\nS m\u00e9g mindig lesznek f\u00e1k, mikor a rozsda<br \/>\na gyilkos vasat r\u00e9g felfalta m\u00e1r<br \/>\ns a s\u00fajt\u00f3 k\u00e9z is szent j\u00f3v\u00e1t\u00e9tellel<br \/>\nhasznos anyagg\u00e1 v\u00e1lt a f\u00f6ld alatt\u2026<br \/>\nA v\u00edz szalad, a k\u0151 marad,<br \/>\na k\u0151 marad\u2026<\/p>\n<p>\u00dczenem a h\u00e1znak, mely f\u00f6lnevelt:<br \/>\nha egyenl\u0151v\u00e9 teszik is a f\u00f6lddel,<br \/>\nnemzed\u00e9knek \u0151rv\u00e1lt\u00e1sain<br \/>\nj\u00f6nnek majd \u00fajra boldog \u00e9p\u00edt\u0151k,<br \/>\n\u00e9s ki\u00e1ss\u00e1k a fundamentumot,<br \/>\ns az erk\u00f6lcs \u0151si h\u00f3feh\u00e9r k\u00f6v\u00e9re<br \/>\nemelnek falat, tet\u0151t, templomot.<\/p>\n<p>J\u00f6n ezer \u00faj K\u0151m\u00edves Kelemen,<br \/>\nki nem hamuval \u00e9s nem emberv\u00e9rrel<br \/>\nk\u00f6ti meg a b\u00e9kess\u00e9g fal\u00e1t,<br \/>\nde szentelt v\u00edzzel \u00e9s b\u00fazakeny\u00e9rrel,<br \/>\n\u00e9s \u00e9p\u00edt r\u00e9gi k\u0151b\u0151l \u00faj haz\u00e1t.<br \/>\n\u00dczenem a h\u00e1znak, mely f\u00f6lnevelt:<br \/>\na fundamentum Istent\u0151l val\u00f3,<br \/>\n\u00e9s Istent\u0151I val\u00f3 az akarat,<br \/>\nmely \u00fajra \u00e9p\u00edti a falakat.<br \/>\nA v\u00edz szalad, de a k\u0151 marad,<br \/>\na k\u0151 marad\u2026<\/p>\n<p>\u00c9s \u00fczenem volt bar\u00e1taimnak,<br \/>\nkik megtagadj\u00e1k ma nevemet:<br \/>\nha fordul egyet \u00fajra a ker\u00e9k,<br \/>\n\u00e9n akkor is bar\u00e1tjok leszek,<br \/>\n\u00e9s nem lesz bossz\u00fa, gy\u0171l\u00f6let, harag.<br \/>\nKezet ny\u00fajtunk egym\u00e1snak, \u00e9s megy\u00fcnk,<br \/>\n\u00e9s lesz\u00fcnk Egy C\u00e9l \u00e9s Egy Akarat:<br \/>\na v\u00edz szalad, de a k\u0151 marad,<br \/>\na k\u0151 marad\u2026<\/p>\n<p>\u00c9s \u00fczenem mindenkinek,<br \/>\ntestv\u00e9rnek, rokonnak, idegennek,<br \/>\ngonosznak, j\u00f3nak,<br \/>\nh\u0171s\u00e9gesnek \u00e9s al\u00e1val\u00f3nak,<br \/>\nannak, akit a f\u00e1j\u00e1s \u0171z, \u00e9s annak<br \/>\nkinek kez\u00e9hez v\u00e9rcseppek tapadnak:<br \/>\nvigy\u00e1zzatok \u00e9s im\u00e1dkozzatok!<br \/>\nValahol fenn a magas \u00e9g alatt<br \/>\nmozdulnak m\u00e1r lassan a csillagok,<br \/>\ns a v\u00edz szalad, \u00e9s csak a k\u0151 marad,<br \/>\na k\u0151 marad\u2026<\/p>\n<p>Maradnak az igazak \u00e9s j\u00f3k,<br \/>\na tiszt\u00e1k \u00e9s b\u00e9kess\u00e9gesek,<br \/>\nerd\u0151k, hegyek, tanok \u00e9s emberek.<br \/>\nJ\u00f3l gondolja meg, ki mit cselekszik!<\/p>\n<p>Likasztj\u00e1k m\u00e1r f\u00f6nn az \u00e9gben a rost\u00e1t,<br \/>\ns a csillagok tengely\u00e9t olajozz\u00e1k<br \/>\nszorgalmas angyalok.<br \/>\n\u00c9s l\u00e9szen csillagfordul\u00e1s megint,<br \/>\n\u00e9s mik\u00e9nt hirdeti a Biblia:<br \/>\nmegm\u00e9retik az embernek fia,<br \/>\ns ki mint vetett, azonk\u00e9ppen arat,<br \/>\nmert elfut a v\u00edz, \u00e9s csak a k\u0151 marad,<br \/>\nde a k\u0151 marad.<\/p>\n<\/div>\n","protected":false},"excerpt":{"rendered":"<p>\u00a0\u00a0Kattintson a kiv\u00e1lasztott ter\u00fcletre! &#8222;Mi vagy Te n\u00e9kem? Szomjamra ital, Sebemre \u00edr \u00e9s b\u00e1natomra dal, T\u0171zhely, amelyhez t\u00e9rni soh&#8217;se k\u00e9sem. M\u00e1rv\u00e1ny, amelybe \u00e1lmaimat v\u00e9sem. \u00c1t egen, f\u00f6ld\u00f6n, foly\u00f3n, tengeren, R\u00f6g\u00f6n, hanton, kopors\u00f3fedelen: Szeretlek mindhal\u00e1lig, nemzetem!&#8221; Rem\u00e9nyik S\u00e1ndor Wass Albert: \u00dczenet haza \u00dczenem az otthoni hegyeknek: a csillagok j\u00e1r\u00e1sa v\u00e1ltoz\u00f3. \u00c9s t\u00f6rv\u00e9nyei vannak a szeleknek, es\u0151nek, h\u00f3nak, fellegeknek, \u00e9s nincs bor\u00fa, \u00f6r\u00f6kk\u00e9val\u00f3. A v\u00edz szalad, a k\u0151 marad, a k\u0151 marad\u2026 \u00dczenem a f\u00f6ldnek: csak teremjen, ha s\u00e1ska is r\u00e1gja le vet\u00e9s\u00e9t, ha vakond t\u00farja is gy\u00f6keret. A vil\u00e1g f\u00f6l\u00f6tt \u0151rk\u00f6dik a Rend, s nem v\u00e9sz magja a nemes gabon\u00e1nak, de h\u00edre sem lesz egykor a csal\u00e1nnak. A v\u00edz szalad, a k\u0151 marad, a k\u0151 marad\u2026 \u00dczenem az erd\u0151nek: ne f\u00e9ljen, ha csattog is a balt\u00e1sok hada. Mert er\u0151sebb a balt\u00e1n\u00e1l a fa, s a v\u00e9rz\u0151 csonkb\u00f3l virrad\u00f3 tavaszra, \u00dajra erd\u0151 sarjad gy\u0151zedelmesen. S m\u00e9g mindig lesznek f\u00e1k, mikor a rozsda a gyilkos vasat r\u00e9g felfalta m\u00e1r s a s\u00fajt\u00f3 k\u00e9z is szent j\u00f3v\u00e1t\u00e9tellel hasznos anyagg\u00e1 v\u00e1lt a f\u00f6ld alatt\u2026 A v\u00edz szalad, a k\u0151 marad, a k\u0151 marad\u2026 \u00dczenem a h\u00e1znak, mely f\u00f6lnevelt: ha egyenl\u0151v\u00e9 teszik is a f\u00f6lddel, nemzed\u00e9knek \u0151rv\u00e1lt\u00e1sain j\u00f6nnek majd \u00fajra boldog \u00e9p\u00edt\u0151k, \u00e9s ki\u00e1ss\u00e1k a fundamentumot, s az erk\u00f6lcs \u0151si h\u00f3feh\u00e9r k\u00f6v\u00e9re emelnek falat, tet\u0151t, templomot. J\u00f6n ezer \u00faj K\u0151m\u00edves Kelemen, ki nem hamuval \u00e9s nem emberv\u00e9rrel k\u00f6ti meg a b\u00e9kess\u00e9g fal\u00e1t, de szentelt v\u00edzzel \u00e9s b\u00fazakeny\u00e9rrel, \u00e9s \u00e9p\u00edt r\u00e9gi k\u0151b\u0151l \u00faj haz\u00e1t. \u00dczenem a h\u00e1znak, mely f\u00f6lnevelt: a fundamentum Istent\u0151l val\u00f3, \u00e9s Istent\u0151I val\u00f3 az akarat, mely \u00fajra \u00e9p\u00edti a falakat. A v\u00edz szalad, de a k\u0151 marad, a k\u0151 marad\u2026 \u00c9s \u00fczenem volt bar\u00e1taimnak, kik megtagadj\u00e1k ma nevemet: ha fordul egyet \u00fajra a ker\u00e9k, \u00e9n akkor is bar\u00e1tjok leszek, \u00e9s nem lesz bossz\u00fa, gy\u0171l\u00f6let, harag. Kezet ny\u00fajtunk egym\u00e1snak, \u00e9s megy\u00fcnk, \u00e9s lesz\u00fcnk Egy C\u00e9l \u00e9s Egy Akarat: a v\u00edz szalad, de a k\u0151 marad, a k\u0151 marad\u2026 \u00c9s \u00fczenem mindenkinek, testv\u00e9rnek, rokonnak, idegennek, gonosznak, j\u00f3nak, h\u0171s\u00e9gesnek \u00e9s al\u00e1val\u00f3nak, annak, akit a f\u00e1j\u00e1s \u0171z, \u00e9s annak kinek kez\u00e9hez v\u00e9rcseppek tapadnak: vigy\u00e1zzatok \u00e9s im\u00e1dkozzatok! Valahol fenn a magas \u00e9g alatt mozdulnak m\u00e1r lassan a csillagok, s a v\u00edz szalad, \u00e9s csak a k\u0151 marad, a k\u0151 marad\u2026 Maradnak az igazak \u00e9s j\u00f3k, a tiszt\u00e1k \u00e9s b\u00e9kess\u00e9gesek, erd\u0151k, hegyek, tanok \u00e9s emberek. J\u00f3l gondolja meg, ki mit cselekszik! Likasztj\u00e1k m\u00e1r f\u00f6nn az \u00e9gben a rost\u00e1t, s a csillagok tengely\u00e9t olajozz\u00e1k szorgalmas angyalok. \u00c9s l\u00e9szen csillagfordul\u00e1s megint, \u00e9s mik\u00e9nt hirdeti a Biblia: megm\u00e9retik az embernek fia, s ki mint vetett, azonk\u00e9ppen arat, mert elfut a v\u00edz, \u00e9s csak a k\u0151 marad, de a k\u0151 marad.<\/p>\n","protected":false},"author":1,"featured_media":0,"parent":0,"menu_order":0,"comment_status":"closed","ping_status":"closed","template":"","meta":{"footnotes":""},"class_list":["post-481","page","type-page","status-publish","hentry"],"_links":{"self":[{"href":"https:\/\/www.goforgo.hu\/index.php\/wp-json\/wp\/v2\/pages\/481","targetHints":{"allow":["GET"]}}],"collection":[{"href":"https:\/\/www.goforgo.hu\/index.php\/wp-json\/wp\/v2\/pages"}],"about":[{"href":"https:\/\/www.goforgo.hu\/index.php\/wp-json\/wp\/v2\/types\/page"}],"author":[{"embeddable":true,"href":"https:\/\/www.goforgo.hu\/index.php\/wp-json\/wp\/v2\/users\/1"}],"replies":[{"embeddable":true,"href":"https:\/\/www.goforgo.hu\/index.php\/wp-json\/wp\/v2\/comments?post=481"}],"version-history":[{"count":25,"href":"https:\/\/www.goforgo.hu\/index.php\/wp-json\/wp\/v2\/pages\/481\/revisions"}],"predecessor-version":[{"id":7909,"href":"https:\/\/www.goforgo.hu\/index.php\/wp-json\/wp\/v2\/pages\/481\/revisions\/7909"}],"wp:attachment":[{"href":"https:\/\/www.goforgo.hu\/index.php\/wp-json\/wp\/v2\/media?parent=481"}],"curies":[{"name":"wp","href":"https:\/\/api.w.org\/{rel}","templated":true}]}}