{"id":4814,"date":"2019-02-24T13:22:47","date_gmt":"2019-02-24T13:22:47","guid":{"rendered":"http:\/\/www.goforgo.hu\/?page_id=4814"},"modified":"2023-03-31T10:33:38","modified_gmt":"2023-03-31T10:33:38","slug":"matyo-husvet","status":"publish","type":"page","link":"https:\/\/www.goforgo.hu\/index.php\/matyo-husvet\/","title":{"rendered":"Maty\u00f3 H\u00fasv\u00e9t"},"content":{"rendered":"<p class=\"western\"><a href=\"https:\/\/www.goforgo.hu\/index.php\/matyo-husvet\/matyo-3-2\/\" rel=\"attachment wp-att-5948\"><img loading=\"lazy\" decoding=\"async\" class=\"wp-image-5948 aligncenter\" src=\"https:\/\/www.goforgo.hu\/wp-content\/uploads\/2023\/01\/Matyo-3-1.jpg\" alt=\"\" width=\"681\" height=\"253\" \/><\/a><\/p>\n<p class=\"western\"><span style=\"font-size: medium;\"><b>Id\u0151pont:\u00a0 2023.04.10.\u00a0 (h\u00e9tf\u0151)\u00a0 \u00a0 \u00a0 \u00a0 \u00a0 \u00a0 \u00a0 \u00a0 Poz.sz\u00e1m:\u00a0 \u00a023\/BMH\/02<\/b><\/span><\/p>\n<p class=\"western\"><span style=\"font-size: medium;\"><b>\u00datvonal:<\/b> Bp \u2013 Eger &#8211; Mez\u0151k\u00f6vesd \u2013 Bp (300 km)<\/span><\/p>\n<p class=\"western\"><span style=\"font-size: medium;\"><b>Utaz\u00e1s:\u00a0<\/b>az utasl\u00e9tsz\u00e1mnak megfelel\u0151 aut\u00f3busszal<\/span><\/p>\n<p class=\"western\"><span style=\"font-size: medium;\"><b>Ell\u00e1t\u00e1s: <\/b>\u00f6nell\u00e1t\u00e1s<\/span><\/p>\n<p class=\"western\"><span style=\"font-size: medium;\"><b>Id\u0151tartam: <\/b>1 nap<\/span><\/p>\n<p class=\"western\"><span style=\"font-size: medium;\"><b>Idegenvezet\u00e9s: <\/b>csoportk\u00eds\u00e9r\u0151<\/span><\/p>\n<p class=\"western\" style=\"text-align: center;\">\n<p class=\"western\" align=\"center\"><span style=\"font-size: large;\"><u><b>PROGRAM:<\/b><\/u><\/span><\/p>\n<p class=\"western\"><span style=\"font-size: medium;\"><u><b>Indul\u00e1s<\/b><\/u><i><u><b>:<\/b><\/u><\/i><\/span><\/p>\n<p class=\"western\"><span style=\"font-size: medium;\"><b>7:40 \u2013 kor Pestszentl\u0151rinc, LIDL parkol\u00f3 (\u00dcll\u0151i \u00fat 379 &#8211; 381)<\/b><\/span><\/p>\n<p class=\"western\"><span style=\"font-size: medium;\"><b>8:00 -kor <strong>Budapest, \u00dcll\u0151i \u00fat 110. (Ecseri \u00fat-\u00dcll\u0151i \u00fat sarka, M3 metr\u00f3meg\u00e1ll\u00f3, a belv\u00e1ros fel\u00e9 vezet\u0151 oldalon l\u00e9v\u0151 OMV benzink\u00fatn\u00e1l)<\/strong><\/b><\/span><\/p>\n<p class=\"western\" style=\"margin: 0cm; margin-bottom: .0001pt; text-align: justify;\"><span style=\"font-size: 11.0pt; color: black;\">Utaz\u00e1s r\u00f6vid pihen\u0151vel, \u00e9rkez\u00e9s<b>\u00a0<\/b>\u00a0<b>Mez\u0151k\u00f6vedre, a maty\u00f3k haz\u00e1j\u00e1ba.<\/b><\/span><\/p>\n<p class=\"western\" style=\"margin: 0cm; margin-bottom: .0001pt; text-align: justify;\"><span style=\"font-size: 11.0pt; color: black;\">Ismerje meg az\u00a0<b>UNESCO szellemi vil\u00e1g\u00f6r\u00f6ks\u00e9g r\u00e9sz\u00e9t k\u00e9pez\u0151 maty\u00f3 hagyom\u00e1nyokat\u00a0<\/b>az id\u00e9n 18. alkalommal megrendez\u00e9sre ker\u00fcl\u0151 Maty\u00f3 H\u00fasv\u00e9ton! H\u00fasv\u00e9t vas\u00e1rnap \u00e9s h\u00e9tf\u0151n a Maty\u00f3 N\u00e9pt\u00e1ncegy\u00fcttes \u00e9s a t\u00e9rs\u00e9g hagyom\u00e1ny\u0151rz\u0151 csoportjainak m\u0171sora sz\u00f3rakoztatja a l\u00e1togat\u00f3kat.<\/span><\/p>\n<p class=\"western\" align=\"justify\"><a href=\"https:\/\/www.goforgo.hu\/index.php\/matyo-husvet\/eger\/\" rel=\"attachment wp-att-5952\"><img loading=\"lazy\" decoding=\"async\" class=\"alignnone size-large wp-image-5952\" src=\"https:\/\/www.goforgo.hu\/wp-content\/uploads\/2023\/01\/Eger-1024x576.jpg\" alt=\"\" width=\"1024\" height=\"576\" srcset=\"https:\/\/www.goforgo.hu\/wp-content\/uploads\/2023\/01\/Eger-1024x576.jpg 1024w, https:\/\/www.goforgo.hu\/wp-content\/uploads\/2023\/01\/Eger-768x432.jpg 768w, https:\/\/www.goforgo.hu\/wp-content\/uploads\/2023\/01\/Eger-1536x864.jpg 1536w, https:\/\/www.goforgo.hu\/wp-content\/uploads\/2023\/01\/Eger.jpg 1920w\" sizes=\"auto, (max-width: 1024px) 100vw, 1024px\" \/><\/a><\/p>\n<p class=\"western\" align=\"justify\"><span style=\"font-size: medium;\">D\u00e9lut\u00e1n indulunk <strong>Egerbe. A v\u00e1rban\u00a0<\/strong>\u2013 a szok\u00e1sos ki\u00e1ll\u00edt\u00e1sok mellet \u2013 kereshet\u00fcnk toj\u00e1sokat, megm\u00e1szhatjuk a v\u00e1rfalakat \u00e9s \u00e9lvezhetj\u00fck a k\u00fcl\u00f6nb\u00f6z\u0151 h\u00fasv\u00e9ti programokat.<\/span><\/p>\n<p class=\"western\" align=\"justify\"><a href=\"https:\/\/www.goforgo.hu\/index.php\/matyo-husvet\/matyo-4\/\" rel=\"attachment wp-att-5951\"><img loading=\"lazy\" decoding=\"async\" class=\"alignnone size-large wp-image-5951\" src=\"https:\/\/www.goforgo.hu\/wp-content\/uploads\/2023\/01\/Matyo-4-1024x683.jpg\" alt=\"\" width=\"1024\" height=\"683\" srcset=\"https:\/\/www.goforgo.hu\/wp-content\/uploads\/2023\/01\/Matyo-4-1024x683.jpg 1024w, https:\/\/www.goforgo.hu\/wp-content\/uploads\/2023\/01\/Matyo-4-768x512.jpg 768w, https:\/\/www.goforgo.hu\/wp-content\/uploads\/2023\/01\/Matyo-4-1536x1025.jpg 1536w, https:\/\/www.goforgo.hu\/wp-content\/uploads\/2023\/01\/Matyo-4.jpg 1901w\" sizes=\"auto, (max-width: 1024px) 100vw, 1024px\" \/><\/a><\/p>\n<p>Ezut\u00e1n a szomsz\u00e9dos\u00a0<strong>Sz\u00e9passzonyv\u00f6lgy\u00e9ben\u00a0<\/strong>kapunk szabadid\u0151t, ahol az \u00e1ltalunk kiv\u00e1lasztott pinc\u00e9ben borozhatunk \u00e9s v\u00e1s\u00e1rl\u00e1si lehet\u0151s\u00e9get is biztos\u00edtanak sz\u00e1munkra. V\u00e1logathatunk a finomabbn\u00e1l, finomabb egri borok k\u00f6z\u00f6tt.<\/p>\n<p>A\u00a0k\u00e9s\u0151 d\u00e9lut\u00e1ni \u00f3r\u00e1kban visszaindulunk<strong>\u00a0<\/strong>Budapestre. Lesz\u00e1ll\u00e1si lehet\u0151s\u00e9g a felsz\u00e1ll\u00e1ssal megegyez\u0151 helyeken.<\/p>\n<h1 class=\"western\" style=\"text-align: center;\" align=\"justify\"><span style=\"font-size: x-large;\">R\u00e9szv\u00e9teli d\u00edj: 9.800 Ft\/f\u0151<\/span><\/h1>\n<p class=\"western\"><span style=\"font-size: medium;\"><u><b>A r\u00e9szv\u00e9teli d\u00edj tartalmazza: <\/b><\/u><\/span><span style=\"font-size: medium;\"><i>aut\u00f3buszos utaz\u00e1s k\u00f6lts\u00e9geit.<\/i><\/span><\/p>\n<p class=\"western\"><span style=\"font-size: medium;\"><u><b>A r\u00e9szv\u00e9teli d\u00edj nem tartalmazza:\u00a0<\/b><\/u> a bel\u00e9p\u0151jegyeket, mely a helysz\u00ednen fizetend\u0151k<\/span><\/p>\n<p class=\"western\"><span style=\"font-size: medium;\"><u><b>Kedvezm\u00e9nyek:<\/b><\/u> t\u00f6rzsutasoknak, di\u00e1koknak 18 \u00e9ves korig, 65 \u00e9v feletti nyugd\u00edjasoknak 300 Ft<\/span><\/p>\n<p align=\"center\"><span style=\"font-size: medium;\"><b>\u00c9LM\u00c9NYEKBEN GAZDAG UTAZ\u00c1ST,J\u00d3 SZ\u00d3RAKOZ\u00c1ST K\u00cdV\u00c1NUNK!<\/b><\/span><\/p>\n","protected":false},"excerpt":{"rendered":"<p>Id\u0151pont:\u00a0 2023.04.10.\u00a0 (h\u00e9tf\u0151)\u00a0 \u00a0 \u00a0 \u00a0 \u00a0 \u00a0 \u00a0 \u00a0 Poz.sz\u00e1m:\u00a0 \u00a023\/BMH\/02 \u00datvonal: Bp \u2013 Eger &#8211; Mez\u0151k\u00f6vesd \u2013 Bp (300 km) Utaz\u00e1s:\u00a0az utasl\u00e9tsz\u00e1mnak megfelel\u0151 aut\u00f3busszal Ell\u00e1t\u00e1s: \u00f6nell\u00e1t\u00e1s Id\u0151tartam: 1 nap Idegenvezet\u00e9s: csoportk\u00eds\u00e9r\u0151 PROGRAM: Indul\u00e1s: 7:40 \u2013 kor Pestszentl\u0151rinc, LIDL parkol\u00f3 (\u00dcll\u0151i \u00fat 379 &#8211; 381) 8:00 -kor Budapest, \u00dcll\u0151i \u00fat 110. (Ecseri \u00fat-\u00dcll\u0151i \u00fat sarka, M3 metr\u00f3meg\u00e1ll\u00f3, a belv\u00e1ros fel\u00e9 vezet\u0151 oldalon l\u00e9v\u0151 OMV benzink\u00fatn\u00e1l) Utaz\u00e1s r\u00f6vid pihen\u0151vel, \u00e9rkez\u00e9s\u00a0\u00a0Mez\u0151k\u00f6vedre, a maty\u00f3k haz\u00e1j\u00e1ba. Ismerje meg az\u00a0UNESCO szellemi vil\u00e1g\u00f6r\u00f6ks\u00e9g r\u00e9sz\u00e9t k\u00e9pez\u0151 maty\u00f3 hagyom\u00e1nyokat\u00a0az id\u00e9n 18. alkalommal megrendez\u00e9sre ker\u00fcl\u0151 Maty\u00f3 H\u00fasv\u00e9ton! H\u00fasv\u00e9t vas\u00e1rnap \u00e9s h\u00e9tf\u0151n a Maty\u00f3 N\u00e9pt\u00e1ncegy\u00fcttes \u00e9s a t\u00e9rs\u00e9g hagyom\u00e1ny\u0151rz\u0151 csoportjainak m\u0171sora sz\u00f3rakoztatja a l\u00e1togat\u00f3kat. D\u00e9lut\u00e1n indulunk Egerbe. A v\u00e1rban\u00a0\u2013 a szok\u00e1sos ki\u00e1ll\u00edt\u00e1sok mellet \u2013 kereshet\u00fcnk toj\u00e1sokat, megm\u00e1szhatjuk a v\u00e1rfalakat \u00e9s \u00e9lvezhetj\u00fck a k\u00fcl\u00f6nb\u00f6z\u0151 h\u00fasv\u00e9ti programokat. Ezut\u00e1n a szomsz\u00e9dos\u00a0Sz\u00e9passzonyv\u00f6lgy\u00e9ben\u00a0kapunk szabadid\u0151t, ahol az \u00e1ltalunk kiv\u00e1lasztott pinc\u00e9ben borozhatunk \u00e9s v\u00e1s\u00e1rl\u00e1si lehet\u0151s\u00e9get is biztos\u00edtanak sz\u00e1munkra. V\u00e1logathatunk a finomabbn\u00e1l, finomabb egri borok k\u00f6z\u00f6tt. A\u00a0k\u00e9s\u0151 d\u00e9lut\u00e1ni \u00f3r\u00e1kban visszaindulunk\u00a0Budapestre. Lesz\u00e1ll\u00e1si lehet\u0151s\u00e9g a felsz\u00e1ll\u00e1ssal megegyez\u0151 helyeken. R\u00e9szv\u00e9teli d\u00edj: 9.800 Ft\/f\u0151 A r\u00e9szv\u00e9teli d\u00edj tartalmazza: aut\u00f3buszos utaz\u00e1s k\u00f6lts\u00e9geit. A r\u00e9szv\u00e9teli d\u00edj nem tartalmazza:\u00a0 a bel\u00e9p\u0151jegyeket, mely a helysz\u00ednen fizetend\u0151k Kedvezm\u00e9nyek: t\u00f6rzsutasoknak, di\u00e1koknak 18 \u00e9ves korig, 65 \u00e9v feletti nyugd\u00edjasoknak 300 Ft \u00c9LM\u00c9NYEKBEN GAZDAG UTAZ\u00c1ST,J\u00d3 SZ\u00d3RAKOZ\u00c1ST K\u00cdV\u00c1NUNK!<\/p>\n","protected":false},"author":1,"featured_media":0,"parent":0,"menu_order":0,"comment_status":"closed","ping_status":"closed","template":"","meta":{"footnotes":""},"class_list":["post-4814","page","type-page","status-publish","hentry"],"_links":{"self":[{"href":"https:\/\/www.goforgo.hu\/index.php\/wp-json\/wp\/v2\/pages\/4814","targetHints":{"allow":["GET"]}}],"collection":[{"href":"https:\/\/www.goforgo.hu\/index.php\/wp-json\/wp\/v2\/pages"}],"about":[{"href":"https:\/\/www.goforgo.hu\/index.php\/wp-json\/wp\/v2\/types\/page"}],"author":[{"embeddable":true,"href":"https:\/\/www.goforgo.hu\/index.php\/wp-json\/wp\/v2\/users\/1"}],"replies":[{"embeddable":true,"href":"https:\/\/www.goforgo.hu\/index.php\/wp-json\/wp\/v2\/comments?post=4814"}],"version-history":[{"count":8,"href":"https:\/\/www.goforgo.hu\/index.php\/wp-json\/wp\/v2\/pages\/4814\/revisions"}],"predecessor-version":[{"id":6181,"href":"https:\/\/www.goforgo.hu\/index.php\/wp-json\/wp\/v2\/pages\/4814\/revisions\/6181"}],"wp:attachment":[{"href":"https:\/\/www.goforgo.hu\/index.php\/wp-json\/wp\/v2\/media?parent=4814"}],"curies":[{"name":"wp","href":"https:\/\/api.w.org\/{rel}","templated":true}]}}