{"id":497,"date":"2016-01-05T13:38:48","date_gmt":"2016-01-05T13:38:48","guid":{"rendered":"http:\/\/www.goforgo.hu\/?page_id=497"},"modified":"2026-03-27T17:32:13","modified_gmt":"2026-03-27T17:32:13","slug":"orvidek","status":"publish","type":"page","link":"https:\/\/www.goforgo.hu\/index.php\/orvidek\/","title":{"rendered":"\u0150rvid\u00e9k"},"content":{"rendered":"<h2>Ausztria magyar eml\u00e9khelyei<\/h2>\n<p><img loading=\"lazy\" decoding=\"async\" id=\"irc_mi\" class=\"\" src=\"https:\/\/i.ytimg.com\/vi\/vIgeAfSbThQ\/maxresdefault.jpg\" alt=\"\" width=\"279\" height=\"157\" \/><\/p>\n<h2>Medveszurdok<\/h2>\n<h2>Ruszt &#8211; Fert\u0151 t\u00f3<\/h2>\n<h2>Kismarton &#8211; Gy\u0151r advent<\/h2>\n<h2>Schlosshof &#8211; K\u00f6pcs\u00e9ny advent<\/h2>\n","protected":false},"excerpt":{"rendered":"<p>Ausztria magyar eml\u00e9khelyei Medveszurdok Ruszt &#8211; Fert\u0151 t\u00f3 Kismarton &#8211; Gy\u0151r advent Schlosshof &#8211; K\u00f6pcs\u00e9ny advent<\/p>\n","protected":false},"author":1,"featured_media":0,"parent":0,"menu_order":0,"comment_status":"closed","ping_status":"closed","template":"","meta":{"footnotes":""},"class_list":["post-497","page","type-page","status-publish","hentry"],"_links":{"self":[{"href":"https:\/\/www.goforgo.hu\/index.php\/wp-json\/wp\/v2\/pages\/497","targetHints":{"allow":["GET"]}}],"collection":[{"href":"https:\/\/www.goforgo.hu\/index.php\/wp-json\/wp\/v2\/pages"}],"about":[{"href":"https:\/\/www.goforgo.hu\/index.php\/wp-json\/wp\/v2\/types\/page"}],"author":[{"embeddable":true,"href":"https:\/\/www.goforgo.hu\/index.php\/wp-json\/wp\/v2\/users\/1"}],"replies":[{"embeddable":true,"href":"https:\/\/www.goforgo.hu\/index.php\/wp-json\/wp\/v2\/comments?post=497"}],"version-history":[{"count":9,"href":"https:\/\/www.goforgo.hu\/index.php\/wp-json\/wp\/v2\/pages\/497\/revisions"}],"predecessor-version":[{"id":7911,"href":"https:\/\/www.goforgo.hu\/index.php\/wp-json\/wp\/v2\/pages\/497\/revisions\/7911"}],"wp:attachment":[{"href":"https:\/\/www.goforgo.hu\/index.php\/wp-json\/wp\/v2\/media?parent=497"}],"curies":[{"name":"wp","href":"https:\/\/api.w.org\/{rel}","templated":true}]}}