{"id":499,"date":"2016-01-05T13:39:33","date_gmt":"2016-01-05T13:39:33","guid":{"rendered":"http:\/\/www.goforgo.hu\/?page_id=499"},"modified":"2020-02-04T14:24:22","modified_gmt":"2020-02-04T14:24:22","slug":"felvidek","status":"publish","type":"page","link":"https:\/\/www.goforgo.hu\/index.php\/felvidek\/","title":{"rendered":"Felvid\u00e9k"},"content":{"rendered":"<h2><a href=\"https:\/\/www.goforgo.hu\/index.php\/tutajozas-a-dunajecen-es-nedec\/szepesi-var-a-felvidek-erossege_71\/\" rel=\"attachment wp-att-2572\"><img loading=\"lazy\" decoding=\"async\" class=\"alignnone size-full wp-image-2572\" src=\"https:\/\/www.goforgo.hu\/wp-content\/uploads\/2017\/01\/szepesi-var-a-felvidek-erossege_71.jpg\" alt=\"\" width=\"960\" height=\"335\" srcset=\"https:\/\/www.goforgo.hu\/wp-content\/uploads\/2017\/01\/szepesi-var-a-felvidek-erossege_71.jpg 960w, https:\/\/www.goforgo.hu\/wp-content\/uploads\/2017\/01\/szepesi-var-a-felvidek-erossege_71-300x105.jpg 300w, https:\/\/www.goforgo.hu\/wp-content\/uploads\/2017\/01\/szepesi-var-a-felvidek-erossege_71-768x268.jpg 768w\" sizes=\"auto, (max-width: 960px) 100vw, 960px\" \/><\/a><\/h2>\n<h2><\/h2>\n<h2>Tutajoz\u00e1s a Dunajecen \u00e9s Nedec v\u00e1ra (F\u00f6ld\u00f6n, v\u00edzen, leveg\u0151ben)<\/h2>\n<h2>G\u00fata &#8211; Nyitra &#8211; Garamszentbenedek<\/h2>\n<h2>Magas-T\u00e1tra gy\u00f6ngyszemei<\/h2>\n<h2>Szepesi &#8222;elz\u00e1logos\u00edtott&#8221; v\u00e1rosok<\/h2>\n<h2>Pozsonyi advent<\/h2>\n<h2>Advent Kass\u00e1n<\/h2>\n","protected":false},"excerpt":{"rendered":"<p>Tutajoz\u00e1s a Dunajecen \u00e9s Nedec v\u00e1ra (F\u00f6ld\u00f6n, v\u00edzen, leveg\u0151ben) G\u00fata &#8211; Nyitra &#8211; Garamszentbenedek Magas-T\u00e1tra gy\u00f6ngyszemei Szepesi &#8222;elz\u00e1logos\u00edtott&#8221; v\u00e1rosok Pozsonyi advent Advent Kass\u00e1n<\/p>\n","protected":false},"author":1,"featured_media":0,"parent":0,"menu_order":0,"comment_status":"closed","ping_status":"closed","template":"","meta":{"footnotes":""},"class_list":["post-499","page","type-page","status-publish","hentry"],"_links":{"self":[{"href":"https:\/\/www.goforgo.hu\/index.php\/wp-json\/wp\/v2\/pages\/499","targetHints":{"allow":["GET"]}}],"collection":[{"href":"https:\/\/www.goforgo.hu\/index.php\/wp-json\/wp\/v2\/pages"}],"about":[{"href":"https:\/\/www.goforgo.hu\/index.php\/wp-json\/wp\/v2\/types\/page"}],"author":[{"embeddable":true,"href":"https:\/\/www.goforgo.hu\/index.php\/wp-json\/wp\/v2\/users\/1"}],"replies":[{"embeddable":true,"href":"https:\/\/www.goforgo.hu\/index.php\/wp-json\/wp\/v2\/comments?post=499"}],"version-history":[{"count":32,"href":"https:\/\/www.goforgo.hu\/index.php\/wp-json\/wp\/v2\/pages\/499\/revisions"}],"predecessor-version":[{"id":5364,"href":"https:\/\/www.goforgo.hu\/index.php\/wp-json\/wp\/v2\/pages\/499\/revisions\/5364"}],"wp:attachment":[{"href":"https:\/\/www.goforgo.hu\/index.php\/wp-json\/wp\/v2\/media?parent=499"}],"curies":[{"name":"wp","href":"https:\/\/api.w.org\/{rel}","templated":true}]}}