{"id":505,"date":"2016-01-05T13:40:26","date_gmt":"2016-01-05T13:40:26","guid":{"rendered":"http:\/\/www.goforgo.hu\/?page_id=505"},"modified":"2026-03-27T17:31:35","modified_gmt":"2026-03-27T17:31:35","slug":"delvidek","status":"publish","type":"page","link":"https:\/\/www.goforgo.hu\/index.php\/delvidek\/","title":{"rendered":"D\u00e9lvid\u00e9k"},"content":{"rendered":"<h2><img loading=\"lazy\" decoding=\"async\" id=\"irc_mi\" class=\"\" src=\"http:\/\/rovas.info\/wp-content\/uploads\/2014\/07\/delvidekcimer.jpg\" alt=\"\" width=\"356\" height=\"248\" \/><\/h2>\n<h2><\/h2>\n<h2><\/h2>\n<h2><\/h2>\n<h2>72 V\u00e1rmegye: Lika-Korbava. Modrus-Fiume \u00e9s Fiume<\/h2>\n<h2>Elfeledett v\u00e1rosaink: Z\u00e1gr\u00e1b \u00e9s Varasd<\/h2>\n<h2 class=\"sw_s1_offer_item name\">Haj\u00f3val a Vaskapuhoz<\/h2>\n<h2 class=\"text left \">Haj\u00f3skaland a Vaskaput\u00f3l \u00dajvid\u00e9kig<\/h2>\n<h2>Adventi v\u00e1s\u00e1r Szabadk\u00e1n \u00e9s Szegeden<\/h2>\n","protected":false},"excerpt":{"rendered":"<p>72 V\u00e1rmegye: Lika-Korbava. Modrus-Fiume \u00e9s Fiume Elfeledett v\u00e1rosaink: Z\u00e1gr\u00e1b \u00e9s Varasd Haj\u00f3val a Vaskapuhoz Haj\u00f3skaland a Vaskaput\u00f3l \u00dajvid\u00e9kig Adventi v\u00e1s\u00e1r Szabadk\u00e1n \u00e9s Szegeden<\/p>\n","protected":false},"author":1,"featured_media":0,"parent":0,"menu_order":0,"comment_status":"closed","ping_status":"closed","template":"","meta":{"footnotes":""},"class_list":["post-505","page","type-page","status-publish","hentry"],"_links":{"self":[{"href":"https:\/\/www.goforgo.hu\/index.php\/wp-json\/wp\/v2\/pages\/505","targetHints":{"allow":["GET"]}}],"collection":[{"href":"https:\/\/www.goforgo.hu\/index.php\/wp-json\/wp\/v2\/pages"}],"about":[{"href":"https:\/\/www.goforgo.hu\/index.php\/wp-json\/wp\/v2\/types\/page"}],"author":[{"embeddable":true,"href":"https:\/\/www.goforgo.hu\/index.php\/wp-json\/wp\/v2\/users\/1"}],"replies":[{"embeddable":true,"href":"https:\/\/www.goforgo.hu\/index.php\/wp-json\/wp\/v2\/comments?post=505"}],"version-history":[{"count":22,"href":"https:\/\/www.goforgo.hu\/index.php\/wp-json\/wp\/v2\/pages\/505\/revisions"}],"predecessor-version":[{"id":7910,"href":"https:\/\/www.goforgo.hu\/index.php\/wp-json\/wp\/v2\/pages\/505\/revisions\/7910"}],"wp:attachment":[{"href":"https:\/\/www.goforgo.hu\/index.php\/wp-json\/wp\/v2\/media?parent=505"}],"curies":[{"name":"wp","href":"https:\/\/api.w.org\/{rel}","templated":true}]}}