{"id":510,"date":"2016-01-05T13:52:20","date_gmt":"2016-01-05T13:52:20","guid":{"rendered":"http:\/\/www.goforgo.hu\/?page_id=510"},"modified":"2026-03-27T17:26:32","modified_gmt":"2026-03-27T17:26:32","slug":"hajos-utak","status":"publish","type":"page","link":"https:\/\/www.goforgo.hu\/index.php\/hajos-utak\/","title":{"rendered":"Haj\u00f3s utak"},"content":{"rendered":"<h2 style=\"text-align: left;\">2026-os haj\u00f3s utak<\/h2>\n<p><img loading=\"lazy\" decoding=\"async\" class=\" wp-image-2783\" src=\"https:\/\/www.goforgo.hu\/wp-content\/uploads\/2016\/01\/Roham-Budapest2-1024x768.jpg\" alt=\"\u00b8\" width=\"544\" height=\"408\" srcset=\"https:\/\/www.goforgo.hu\/wp-content\/uploads\/2016\/01\/Roham-Budapest2-1024x768.jpg 1024w, https:\/\/www.goforgo.hu\/wp-content\/uploads\/2016\/01\/Roham-Budapest2-300x225.jpg 300w, https:\/\/www.goforgo.hu\/wp-content\/uploads\/2016\/01\/Roham-Budapest2-768x576.jpg 768w, https:\/\/www.goforgo.hu\/wp-content\/uploads\/2016\/01\/Roham-Budapest2.jpg 1200w\" sizes=\"auto, (max-width: 544px) 100vw, 544px\" \/><\/p>\n<table>\n<tbody>\n<tr>\n<td width=\"150\" height=\"30\"><a href=\"https:\/\/www.goforgo.hu\/index.php\/proba-oldal\/hajo-vaskapu\/\" rel=\"attachment wp-att-1828\"><img loading=\"lazy\" decoding=\"async\" class=\"alignnone size-full wp-image-1828\" src=\"https:\/\/www.goforgo.hu\/wp-content\/uploads\/2015\/10\/haj\u00f3-vaskapu.jpg\" alt=\"\" width=\"800\" height=\"425\" srcset=\"https:\/\/www.goforgo.hu\/wp-content\/uploads\/2015\/10\/haj\u00f3-vaskapu.jpg 800w, https:\/\/www.goforgo.hu\/wp-content\/uploads\/2015\/10\/haj\u00f3-vaskapu-300x159.jpg 300w, https:\/\/www.goforgo.hu\/wp-content\/uploads\/2015\/10\/haj\u00f3-vaskapu-768x408.jpg 768w\" sizes=\"auto, (max-width: 800px) 100vw, 800px\" \/><\/a><\/td>\n<td width=\"440\">\n<h2><a href=\"https:\/\/www.goforgo.hu\/index.php\/hajoval-a-vaskapuhoz\/\">Haj\u00f3val a\u00a0vaskapuhoz<\/a><\/h2>\n<\/td>\n<td width=\"120\">266 000 Ft\/f\u0151<\/td>\n<\/tr>\n<tr>\n<td width=\"150\" height=\"30\"><\/td>\n<td width=\"440\">\n<h2><\/h2>\n<\/td>\n<td width=\"120\"><\/td>\n<\/tr>\n<tr>\n<td width=\"150\" height=\"30\"><a href=\"https:\/\/www.goforgo.hu\/index.php\/hajos-utak\/l0-768x512\/\" rel=\"attachment wp-att-7184\"><img loading=\"lazy\" decoding=\"async\" class=\"alignnone size-full wp-image-7184\" src=\"https:\/\/www.goforgo.hu\/wp-content\/uploads\/2025\/03\/l0-768x512-1.jpg\" alt=\"\" width=\"768\" height=\"512\" \/><\/a><\/td>\n<td width=\"440\">\n<h2><a href=\"https:\/\/www.goforgo.hu\/index.php\/passau-budapest-hajoval\/\">Hazahaj\u00f3z\u00e1s Passaub\u00f3l<\/a><\/h2>\n<\/td>\n<td width=\"120\">296 000 Ft\/f\u0151<\/td>\n<\/tr>\n<tr>\n<td width=\"150\" height=\"30\">\n<h2 style=\"text-align: center;\"><a href=\"https:\/\/www.goforgo.hu\/index.php\/erdelyen-at-a-duna-deltaba\/erdelyen-at-a-duna-deltaba-2\/\" rel=\"attachment wp-att-7900\"><img loading=\"lazy\" decoding=\"async\" class=\"alignnone size-large wp-image-7900\" src=\"https:\/\/www.goforgo.hu\/wp-content\/uploads\/2026\/03\/Erdelyen-at-a-Duna-deltaba-2-1024x685.jpg\" alt=\"\" width=\"960\" height=\"642\" srcset=\"https:\/\/www.goforgo.hu\/wp-content\/uploads\/2026\/03\/Erdelyen-at-a-Duna-deltaba-2-1024x685.jpg 1024w, https:\/\/www.goforgo.hu\/wp-content\/uploads\/2026\/03\/Erdelyen-at-a-Duna-deltaba-2-768x514.jpg 768w, https:\/\/www.goforgo.hu\/wp-content\/uploads\/2026\/03\/Erdelyen-at-a-Duna-deltaba-2.jpg 1100w\" sizes=\"auto, (max-width: 960px) 100vw, 960px\" \/><\/a><\/h2>\n<\/td>\n<td width=\"440\">\n<h2><a href=\"https:\/\/www.goforgo.hu\/index.php\/erdelyen-at-a-duna-deltaba\/\">Erd\u00e9lyen \u00e1t a Duna-delt\u00e1ba<\/a><\/h2>\n<\/td>\n<td width=\"120\">277 000 Ft\/f\u0151<\/td>\n<\/tr>\n<tr>\n<td width=\"150\" height=\"30\"><\/td>\n<td width=\"440\">\n<h2><\/h2>\n<\/td>\n<td width=\"120\"><\/td>\n<\/tr>\n<tr>\n<td width=\"150\" height=\"30\"><\/td>\n<td width=\"440\">\n<h2><\/h2>\n<\/td>\n<td width=\"120\"><\/td>\n<\/tr>\n<tr>\n<td width=\"150\" height=\"30\"><\/td>\n<td width=\"440\">\n<h2 class=\"entry-title\"><\/h2>\n<\/td>\n<td width=\"120\"><\/td>\n<\/tr>\n<tr>\n<td width=\"150\" height=\"30\"><\/td>\n<td width=\"440\"><\/td>\n<td width=\"120\"><\/td>\n<\/tr>\n<tr>\n<td width=\"150\" height=\"30\"><\/td>\n<td width=\"440\"><\/td>\n<td width=\"120\"><\/td>\n<\/tr>\n<\/tbody>\n<\/table>\n<p><a href=\"https:\/\/www.goforgo.hu\/index.php\/hajos-utak\/roham-budapest-terasz\/\" rel=\"attachment wp-att-2784\"><img loading=\"lazy\" decoding=\"async\" class=\"wp-image-2784 aligncenter\" src=\"https:\/\/www.goforgo.hu\/wp-content\/uploads\/2016\/01\/Roham-Budapest-terasz-1024x498.jpg\" alt=\"Roham-Budapest-terasz\" width=\"530\" height=\"258\" srcset=\"https:\/\/www.goforgo.hu\/wp-content\/uploads\/2016\/01\/Roham-Budapest-terasz-1024x498.jpg 1024w, https:\/\/www.goforgo.hu\/wp-content\/uploads\/2016\/01\/Roham-Budapest-terasz-300x146.jpg 300w, https:\/\/www.goforgo.hu\/wp-content\/uploads\/2016\/01\/Roham-Budapest-terasz-768x374.jpg 768w, https:\/\/www.goforgo.hu\/wp-content\/uploads\/2016\/01\/Roham-Budapest-terasz.jpg 1200w\" sizes=\"auto, (max-width: 530px) 100vw, 530px\" \/><\/a><\/p>\n","protected":false},"excerpt":{"rendered":"<p>2026-os haj\u00f3s utak Haj\u00f3val a\u00a0vaskapuhoz 266 000 Ft\/f\u0151 Hazahaj\u00f3z\u00e1s Passaub\u00f3l 296 000 Ft\/f\u0151 Erd\u00e9lyen \u00e1t a Duna-delt\u00e1ba 277 000 Ft\/f\u0151<\/p>\n","protected":false},"author":1,"featured_media":0,"parent":0,"menu_order":0,"comment_status":"closed","ping_status":"closed","template":"","meta":{"footnotes":""},"class_list":["post-510","page","type-page","status-publish","hentry"],"_links":{"self":[{"href":"https:\/\/www.goforgo.hu\/index.php\/wp-json\/wp\/v2\/pages\/510","targetHints":{"allow":["GET"]}}],"collection":[{"href":"https:\/\/www.goforgo.hu\/index.php\/wp-json\/wp\/v2\/pages"}],"about":[{"href":"https:\/\/www.goforgo.hu\/index.php\/wp-json\/wp\/v2\/types\/page"}],"author":[{"embeddable":true,"href":"https:\/\/www.goforgo.hu\/index.php\/wp-json\/wp\/v2\/users\/1"}],"replies":[{"embeddable":true,"href":"https:\/\/www.goforgo.hu\/index.php\/wp-json\/wp\/v2\/comments?post=510"}],"version-history":[{"count":83,"href":"https:\/\/www.goforgo.hu\/index.php\/wp-json\/wp\/v2\/pages\/510\/revisions"}],"predecessor-version":[{"id":7906,"href":"https:\/\/www.goforgo.hu\/index.php\/wp-json\/wp\/v2\/pages\/510\/revisions\/7906"}],"wp:attachment":[{"href":"https:\/\/www.goforgo.hu\/index.php\/wp-json\/wp\/v2\/media?parent=510"}],"curies":[{"name":"wp","href":"https:\/\/api.w.org\/{rel}","templated":true}]}}