{"id":5322,"date":"2020-01-26T14:56:03","date_gmt":"2020-01-26T14:56:03","guid":{"rendered":"http:\/\/www.goforgo.hu\/?page_id=5322"},"modified":"2020-01-26T14:56:03","modified_gmt":"2020-01-26T14:56:03","slug":"hajoval-meg-a-vaskapun-is-tul","status":"publish","type":"page","link":"https:\/\/www.goforgo.hu\/index.php\/hajoval-meg-a-vaskapun-is-tul\/","title":{"rendered":"Haj\u00f3val m\u00e9g a Vaskapun is t\u00fal"},"content":{"rendered":"\n<figure class=\"wp-block-image size-large is-style-default\"><img loading=\"lazy\" decoding=\"async\" width=\"800\" height=\"425\" src=\"https:\/\/www.goforgo.hu\/wp-content\/uploads\/2015\/10\/haj\u00f3-vaskapu.jpg\" alt=\"\" class=\"wp-image-1828\" srcset=\"https:\/\/www.goforgo.hu\/wp-content\/uploads\/2015\/10\/haj\u00f3-vaskapu.jpg 800w, https:\/\/www.goforgo.hu\/wp-content\/uploads\/2015\/10\/haj\u00f3-vaskapu-300x159.jpg 300w, https:\/\/www.goforgo.hu\/wp-content\/uploads\/2015\/10\/haj\u00f3-vaskapu-768x408.jpg 768w\" sizes=\"auto, (max-width: 800px) 100vw, 800px\" \/><\/figure>\n\n\n\n<figure class=\"wp-block-table\"><table class=\"\"><tbody><tr><td>Id\u0151pont:<\/td><td>2020. augusztus 13-18<\/td><\/tr><tr><td>Elhelyez\u00e9s:<\/td><td>sz\u00e1llod\u00e1ban***, 2-3 \u00e1gyas f\u00fcrd\u0151szob\u00e1s szob\u00e1kban<\/td><\/tr><tr><td>Ell\u00e1t\u00e1s:<\/td><td>reggeli vagy f\u00e9lpanzi\u00f3<\/td><\/tr><tr><td>Utaz\u00e1s:<\/td><td>haj\u00f3val \u00e9s aut\u00f3busszal<\/td><\/tr><tr><td><strong>R\u00e9szv\u00e9teli d\u00edj:<\/strong><\/td><td><strong>148 500 Ft\/f\u0151<\/strong><\/td><\/tr><tr><td>Kik\u00f6t\u0151i illet\u00e9k:<\/td><td>18 600 Ft\/f\u0151<\/td><\/tr><tr><td>\u00datlemond\u00e1si biztos\u00edt\u00e1s:<\/td><td>2 230 Ft\/f\u0151<\/td><\/tr><tr><td>Utasbiztos\u00edt\u00e1s:<\/td><td>3 600 Ft\/f\u0151<\/td><\/tr><\/tbody><\/table><\/figure>\n\n\n\n<ol class=\"wp-block-list\"><li><strong> nap: \u00c1thaj\u00f3z\u00e1s Magyarorsz\u00e1gon<\/strong><\/li><\/ol>\n\n\n\n<p>Indul\u00e1s Gy\u0151rb\u0151l aut\u00f3busszal 6 \u00f3rakor. Behaj\u00f3z\u00e1s Budapesten, \u00dajpesten 8  \u00f3rakor (1654-es folyamkilom\u00e9ter). Az eg\u00e9sz napos haj\u00f3z\u00e1s sor\u00e1n a  k\u00f6vetkez\u0151 l\u00e1tnival\u00f3kat \u00e9rintj\u00fck: Csepel (Szabadkik\u00f6t\u0151), Sz\u00e1zhalombatta,  Ercsi (E\u00f6tv\u00f6s-eml\u00e9km\u0171), Tass (Csepel-sziget v\u00e9ge), Dunaf\u00f6ldv\u00e1r (v\u00e1r),  Paks (v\u00e1ros \u00e9s er\u0151m\u0171), Si\u00f3-torkolat, Gemenci erd\u0151, Baja (Sugovica, IV.  K\u00e1roly kir\u00e1lyunk \u00e9s T\u00fcrr Istv\u00e1n eml\u00e9km\u0171ve), K\u00e1d\u00e1r-sziget, Dunaszekcs\u0151  (l\u00f6szfal). Kik\u00f6t\u00e9s Moh\u00e1cson (1447-es fkm) este 7 \u00f3ra k\u00f6r\u00fcl k\u00f6z\u00f6tt.  V\u00edzparti sz\u00e1ll\u00e1shely elfoglal\u00e1sa, vacsora.<\/p>\n\n\n\n<figure class=\"wp-block-image size-large is-style-default\"><img loading=\"lazy\" decoding=\"async\" width=\"1024\" height=\"575\" src=\"https:\/\/www.goforgo.hu\/wp-content\/uploads\/2020\/01\/Mohacs-Komp-Ujmohacs-Kompikoto-Naplemente-Dron-Duna-Vizallas-HAJOZASHU-1024x575.jpg\" alt=\"\" class=\"wp-image-5312\" srcset=\"https:\/\/www.goforgo.hu\/wp-content\/uploads\/2020\/01\/Mohacs-Komp-Ujmohacs-Kompikoto-Naplemente-Dron-Duna-Vizallas-HAJOZASHU-1024x575.jpg 1024w, https:\/\/www.goforgo.hu\/wp-content\/uploads\/2020\/01\/Mohacs-Komp-Ujmohacs-Kompikoto-Naplemente-Dron-Duna-Vizallas-HAJOZASHU-300x169.jpg 300w, https:\/\/www.goforgo.hu\/wp-content\/uploads\/2020\/01\/Mohacs-Komp-Ujmohacs-Kompikoto-Naplemente-Dron-Duna-Vizallas-HAJOZASHU-768x432.jpg 768w, https:\/\/www.goforgo.hu\/wp-content\/uploads\/2020\/01\/Mohacs-Komp-Ujmohacs-Kompikoto-Naplemente-Dron-Duna-Vizallas-HAJOZASHU-1536x863.jpg 1536w, https:\/\/www.goforgo.hu\/wp-content\/uploads\/2020\/01\/Mohacs-Komp-Ujmohacs-Kompikoto-Naplemente-Dron-Duna-Vizallas-HAJOZASHU.jpg 1600w\" sizes=\"auto, (max-width: 1024px) 100vw, 1024px\" \/><\/figure>\n\n\n\n<p><strong>2. nap: Az alf\u00f6ld perem\u00e9n, keletnek fordulva<\/strong><\/p>\n\n\n\n<p>Indul\u00e1s reggel Moh\u00e1cs v\u00e1rosb\u00f3l Moh\u00e1cs hat\u00e1rra. Hat\u00e1rvizsg\u00e1lat ut\u00e1n  r\u00f6videsen elhagyjuk az orsz\u00e1got. M\u00e1sodik napi haj\u00f3utunkon a k\u00f6vetkez\u0151  l\u00e1tv\u00e1nyoss\u00e1gokat, \u00e9rdekess\u00e9geket \u00e9rintj\u00fck: Ferenc-csatorna (b\u00e1cskai  csatornarendszer), Kop\u00e1csi-r\u00e9t, Dr\u00e1va-torkolat, Erd\u0151d (v\u00e1r \u00e9s az egykori  Budapest\u2014Adria komp), Vukov\u00e1r (a d\u00e9lszl\u00e1v h\u00e1bor\u00fa eml\u00e9kezete), Fruska  Gora hegys\u00e9g, \u00dajlak (az \u00dajlakiak f\u00e9szke), Kapisztr\u00e1n Szent J\u00e1nos s\u00edrja,  P\u00e9terv\u00e1rad. Este 7-8 \u00f3ra k\u00f6z\u00f6tt kik\u00f6t\u00fcnk \u00dajvid\u00e9ken (1255-\u00f6s fkm). Szerb  bel\u00e9ptet\u0151 hat\u00e1rvizsg\u00e1lat ut\u00e1n aut\u00f3buszos transzfer a sz\u00e1llod\u00e1ba,  sz\u00e1ll\u00e1sunk elfoglal\u00e1sa.<\/p>\n\n\n\n<figure class=\"wp-block-image size-large is-style-default\"><img loading=\"lazy\" decoding=\"async\" width=\"640\" height=\"480\" src=\"https:\/\/www.goforgo.hu\/wp-content\/uploads\/2020\/01\/Ferenc-csatorna-Becejn\u00e9l.jpg\" alt=\"\" class=\"wp-image-5323\" srcset=\"https:\/\/www.goforgo.hu\/wp-content\/uploads\/2020\/01\/Ferenc-csatorna-Becejn\u00e9l.jpg 640w, https:\/\/www.goforgo.hu\/wp-content\/uploads\/2020\/01\/Ferenc-csatorna-Becejn\u00e9l-300x225.jpg 300w\" sizes=\"auto, (max-width: 640px) 100vw, 640px\" \/><\/figure>\n\n\n\n<p><strong>3. nap: A n\u00f6vekv\u0151 Dun\u00e1n<\/strong><\/p>\n\n\n\n<p>Reggeli ut\u00e1n felmegy\u00fcnk a p\u00e9terv\u00e1radi v\u00e1rba. Megtekintj\u00fck a Monarchia  nagy er\u0151dj\u00e9t \u00e9s a h\u00edres \u00f3ratornyot. K\u00e9s\u0151 d\u00e9lel\u0151tt indulunk \u00dajvid\u00e9kr\u0151l  haj\u00f3val. Napunk l\u00e1tnival\u00f3i a Dun\u00e1r\u00f3l: a b\u00e9skai h\u00edd, a Kerekedi-sziget  nom\u00e1d vil\u00e1ga, Titeli-l\u00f6szfal, a Tisza torkolata, Zimony (millenniumi  torony, a Nagy-Hadisziget). El\u00e9rve a Sz\u00e1v\u00e1t, behaj\u00f3zunk a nagy foly\u00f3ba,  kik\u00f6t\u00fcnk a szerb f\u0151v\u00e1rosban, Belgr\u00e1dban (1170-es fkm). Transzferbusszal  utazunk a n\u00e1ndorfeh\u00e9rv\u00e1ri v\u00e1rhoz. S\u00e9ta a nagy kiterjed\u00e9s\u0171 er\u0151ss\u00e9gben,  majd elfoglaljuk sz\u00e1ll\u00e1sunkat.<\/p>\n\n\n\n<figure class=\"wp-block-image size-large is-style-default\"><img loading=\"lazy\" decoding=\"async\" width=\"768\" height=\"432\" src=\"https:\/\/www.goforgo.hu\/wp-content\/uploads\/2020\/01\/Kalamegdan.jpg\" alt=\"\" class=\"wp-image-5324\" srcset=\"https:\/\/www.goforgo.hu\/wp-content\/uploads\/2020\/01\/Kalamegdan.jpg 768w, https:\/\/www.goforgo.hu\/wp-content\/uploads\/2020\/01\/Kalamegdan-300x169.jpg 300w\" sizes=\"auto, (max-width: 768px) 100vw, 768px\" \/><\/figure>\n\n\n\n<p><strong>4. nap. A Zuhatag<\/strong><\/p>\n\n\n\n<p>Reggel indul\u00e1s haj\u00f3val Belgr\u00e1db\u00f3l. F\u0151 l\u00e1tv\u00e1nyoss\u00e1gok: a Temes  torkolata vil\u00e1g\u00edt\u00f3tornyokkal, Szendr\u0151 v\u00e1ra, delibl\u00e1ti homokpuszta, r\u00e1mi  kisz\u00e9lesed\u00e9s (3,5-4 km sz\u00e9les Duna), N\u00e9ra-torkolat,  Krass\u00f3-Sz\u00f6r\u00e9nyi-\u00e9rchegys\u00e9g, Galamb\u00f3c v\u00e1ra. A Babakay-szikl\u00e1n\u00e1l el\u00e9rj\u00fck a  Duna-\u00e1tt\u00f6r\u00e9st, megcsod\u00e1ljuk a Baross-t\u00e1bl\u00e1t, majd j\u00f6nnek az egykori  Zuhatag szorosai: A Sztenka, a Kozla-Dojke, az Izlasz-Tacht\u00e1lia, a  Szvinica. Estefel\u00e9 \u00e9rkez\u00e9s Donji Milanovacra (991-es fkm), utaz\u00e1s  aut\u00f3busszal Bor megy\u00e9be, Majdanpekre a sz\u00e1llod\u00e1ba.<\/p>\n\n\n\n<figure class=\"wp-block-image size-large is-style-default\"><img loading=\"lazy\" decoding=\"async\" width=\"780\" height=\"440\" src=\"https:\/\/www.goforgo.hu\/wp-content\/uploads\/2020\/01\/szendr\u0151.jpg\" alt=\"\" class=\"wp-image-5325\" srcset=\"https:\/\/www.goforgo.hu\/wp-content\/uploads\/2020\/01\/szendr\u0151.jpg 780w, https:\/\/www.goforgo.hu\/wp-content\/uploads\/2020\/01\/szendr\u0151-300x169.jpg 300w, https:\/\/www.goforgo.hu\/wp-content\/uploads\/2020\/01\/szendr\u0151-768x433.jpg 768w\" sizes=\"auto, (max-width: 780px) 100vw, 780px\" \/><\/figure>\n\n\n\n<p><strong>5. nap. Kaz\u00e1n-szorosok. Vaskapu I. v\u00edzl\u00e9pcs\u0151<\/strong><\/p>\n\n\n\n<p>Reggel behaj\u00f3z\u00e1s ut\u00e1n a haj\u00f3 elindul a Jucz-szorosban. Kisv\u00e1rtatva  felt\u0171nik a Nagy Kaz\u00e1n-szoros: Sz\u00e9chenyi-eml\u00e9kt\u00e1ba, Ponika- \u00e9s  Veterani-barlang, jelz\u0151\u00e1llom\u00e1sok. A dunat\u00f6lgyesi \u00f6b\u00f6l ut\u00e1n j\u00f6n a  Kis-Kaz\u00e1n-szoros, Trajanus-t\u00e1bla. Elhaj\u00f3zunk Orsova mellett, befordulunk  a Sipi-szorosba, melynek v\u00e9g\u00e9n \u00e1ll a Vaskapu I. v\u00edzl\u00e9pcs\u0151. A 30 m\u00e9teres  szintk\u00fcl\u00f6nbs\u00e9g\u0171 zsilipel\u00e9s id\u0151tartam\u00e1t\u00f3l f\u00fcgg\u0151en kik\u00f6t\u00e9s a zsilip alatt  10 km-re l\u00e9v\u0151 Kladov\u00f3n (933-as fkm) valamikor d\u00e9lut\u00e1n. (Korai kik\u00f6t\u00e9s  eset\u00e9n l\u00e1togat\u00e1s Fetislam v\u00e1r\u00e1ban \u00e9s az er\u0151m\u0171 m\u00fazeum\u00e1ban.) A duzzaszt\u00f3n  aut\u00f3busszal \u00e1tkelve bel\u00e9p\u00fcnk Rom\u00e1ni\u00e1ba, sz\u00e1ll\u00e1s Sz\u00f6r\u00e9nyv\u00e1ron.<\/p>\n\n\n\n<figure class=\"wp-block-image size-large is-style-default\"><img decoding=\"async\" src=\"https:\/\/www.goforgo.hu\/wp-content\/uploads\/2017\/01\/vaskapu-kep2-1024x766.jpg\" alt=\"\" class=\"wp-image-2838\"\/><\/figure>\n\n\n\n<p><strong>6. <\/strong> <strong>nap. A B\u00e1ns\u00e1g<\/strong><\/p>\n\n\n\n<p>Utaz\u00e1s a Sipi-szoros ment\u00e9n, ez\u00fattal a partr\u00f3l csod\u00e1lhatjuk a \nvid\u00e9ket. Orsov\u00e1n\u00e1l magunk m\u00f6g\u00f6tt hagyjuk a Dun\u00e1t. L\u00e1togat\u00e1s \nHerkulesf\u00fcrd\u0151n, majd Temesv\u00e1r \u00e9rint\u00e9s\u00e9vel Budapestre \u00e9s Gy\u0151rbe utazunk. \n\u00c9rkez\u00e9s az esti \u00f3r\u00e1kban.<\/p>\n\n\n\n<p><strong>V\u00e1laszthat\u00f3 szolg\u00e1ltat\u00e1sok:<\/strong><\/p>\n\n\n\n<figure class=\"wp-block-table\"><table class=\"\"><tbody><tr><td>Egy\u00e1gyas fel\u00e1r:<\/td><td>14 200 Ft\/f\u0151<\/td><\/tr><tr><td>F\u00e9lpanzi\u00f3s fel\u00e1r:<\/td><td>14 600 Ft\/f\u0151<\/td><\/tr><tr><td>Gy\u0151ri felsz\u00e1ll\u00e1s fel\u00e1ra:<\/td><td>4 300 Ft\/f\u0151<\/td><\/tr><tr><td>R\u00e1di\u00f3vev\u0151s f\u00fclhallgat\u00f3:<\/td><td>2 280 Ft<\/td><\/tr><tr><td>Bel\u00e9p\u0151k:<\/td><td>kb. 5 EUR<\/td><\/tr><\/tbody><\/table><\/figure>\n","protected":false},"excerpt":{"rendered":"<p>Id\u0151pont: 2020. augusztus 13-18 Elhelyez\u00e9s: sz\u00e1llod\u00e1ban***, 2-3 \u00e1gyas f\u00fcrd\u0151szob\u00e1s szob\u00e1kban Ell\u00e1t\u00e1s: reggeli vagy f\u00e9lpanzi\u00f3 Utaz\u00e1s: haj\u00f3val \u00e9s aut\u00f3busszal R\u00e9szv\u00e9teli d\u00edj: 148 500 Ft\/f\u0151 Kik\u00f6t\u0151i illet\u00e9k: 18 600 Ft\/f\u0151 \u00datlemond\u00e1si biztos\u00edt\u00e1s: 2 230 Ft\/f\u0151 Utasbiztos\u00edt\u00e1s: 3 600 Ft\/f\u0151 nap: \u00c1thaj\u00f3z\u00e1s Magyarorsz\u00e1gon Indul\u00e1s Gy\u0151rb\u0151l aut\u00f3busszal 6 \u00f3rakor. Behaj\u00f3z\u00e1s Budapesten, \u00dajpesten 8 \u00f3rakor (1654-es folyamkilom\u00e9ter). Az eg\u00e9sz napos haj\u00f3z\u00e1s sor\u00e1n a k\u00f6vetkez\u0151 l\u00e1tnival\u00f3kat \u00e9rintj\u00fck: Csepel (Szabadkik\u00f6t\u0151), Sz\u00e1zhalombatta, Ercsi (E\u00f6tv\u00f6s-eml\u00e9km\u0171), Tass (Csepel-sziget v\u00e9ge), Dunaf\u00f6ldv\u00e1r (v\u00e1r), Paks (v\u00e1ros \u00e9s er\u0151m\u0171), Si\u00f3-torkolat, Gemenci erd\u0151, Baja (Sugovica, IV. K\u00e1roly kir\u00e1lyunk \u00e9s T\u00fcrr Istv\u00e1n eml\u00e9km\u0171ve), K\u00e1d\u00e1r-sziget, Dunaszekcs\u0151 (l\u00f6szfal). Kik\u00f6t\u00e9s Moh\u00e1cson (1447-es fkm) este 7 \u00f3ra k\u00f6r\u00fcl k\u00f6z\u00f6tt. V\u00edzparti sz\u00e1ll\u00e1shely elfoglal\u00e1sa, vacsora. 2. nap: Az alf\u00f6ld perem\u00e9n, keletnek fordulva Indul\u00e1s reggel Moh\u00e1cs v\u00e1rosb\u00f3l Moh\u00e1cs hat\u00e1rra. Hat\u00e1rvizsg\u00e1lat ut\u00e1n r\u00f6videsen elhagyjuk az orsz\u00e1got. M\u00e1sodik napi haj\u00f3utunkon a k\u00f6vetkez\u0151 l\u00e1tv\u00e1nyoss\u00e1gokat, \u00e9rdekess\u00e9geket \u00e9rintj\u00fck: Ferenc-csatorna (b\u00e1cskai csatornarendszer), Kop\u00e1csi-r\u00e9t, Dr\u00e1va-torkolat, Erd\u0151d (v\u00e1r \u00e9s az egykori Budapest\u2014Adria komp), Vukov\u00e1r (a d\u00e9lszl\u00e1v h\u00e1bor\u00fa eml\u00e9kezete), Fruska Gora hegys\u00e9g, \u00dajlak (az \u00dajlakiak f\u00e9szke), Kapisztr\u00e1n Szent J\u00e1nos s\u00edrja, P\u00e9terv\u00e1rad. Este 7-8 \u00f3ra k\u00f6z\u00f6tt kik\u00f6t\u00fcnk \u00dajvid\u00e9ken (1255-\u00f6s fkm). Szerb bel\u00e9ptet\u0151 hat\u00e1rvizsg\u00e1lat ut\u00e1n aut\u00f3buszos transzfer a sz\u00e1llod\u00e1ba, sz\u00e1ll\u00e1sunk elfoglal\u00e1sa. 3. nap: A n\u00f6vekv\u0151 Dun\u00e1n Reggeli ut\u00e1n felmegy\u00fcnk a p\u00e9terv\u00e1radi v\u00e1rba. Megtekintj\u00fck a Monarchia nagy er\u0151dj\u00e9t \u00e9s a h\u00edres \u00f3ratornyot. K\u00e9s\u0151 d\u00e9lel\u0151tt indulunk \u00dajvid\u00e9kr\u0151l haj\u00f3val. Napunk l\u00e1tnival\u00f3i a Dun\u00e1r\u00f3l: a b\u00e9skai h\u00edd, a Kerekedi-sziget nom\u00e1d vil\u00e1ga, Titeli-l\u00f6szfal, a Tisza torkolata, Zimony (millenniumi torony, a Nagy-Hadisziget). El\u00e9rve a Sz\u00e1v\u00e1t, behaj\u00f3zunk a nagy foly\u00f3ba, kik\u00f6t\u00fcnk a szerb f\u0151v\u00e1rosban, Belgr\u00e1dban (1170-es fkm). Transzferbusszal utazunk a n\u00e1ndorfeh\u00e9rv\u00e1ri v\u00e1rhoz. S\u00e9ta a nagy kiterjed\u00e9s\u0171 er\u0151ss\u00e9gben, majd elfoglaljuk sz\u00e1ll\u00e1sunkat. 4. nap. A Zuhatag Reggel indul\u00e1s haj\u00f3val Belgr\u00e1db\u00f3l. F\u0151 l\u00e1tv\u00e1nyoss\u00e1gok: a Temes torkolata vil\u00e1g\u00edt\u00f3tornyokkal, Szendr\u0151 v\u00e1ra, delibl\u00e1ti homokpuszta, r\u00e1mi kisz\u00e9lesed\u00e9s (3,5-4 km sz\u00e9les Duna), N\u00e9ra-torkolat, Krass\u00f3-Sz\u00f6r\u00e9nyi-\u00e9rchegys\u00e9g, Galamb\u00f3c v\u00e1ra. A Babakay-szikl\u00e1n\u00e1l el\u00e9rj\u00fck a Duna-\u00e1tt\u00f6r\u00e9st, megcsod\u00e1ljuk a Baross-t\u00e1bl\u00e1t, majd j\u00f6nnek az egykori Zuhatag szorosai: A Sztenka, a Kozla-Dojke, az Izlasz-Tacht\u00e1lia, a Szvinica. Estefel\u00e9 \u00e9rkez\u00e9s Donji Milanovacra (991-es fkm), utaz\u00e1s aut\u00f3busszal Bor megy\u00e9be, Majdanpekre a sz\u00e1llod\u00e1ba. 5. nap. Kaz\u00e1n-szorosok. Vaskapu I. v\u00edzl\u00e9pcs\u0151 Reggel behaj\u00f3z\u00e1s ut\u00e1n a haj\u00f3 elindul a Jucz-szorosban. Kisv\u00e1rtatva felt\u0171nik a Nagy Kaz\u00e1n-szoros: Sz\u00e9chenyi-eml\u00e9kt\u00e1ba, Ponika- \u00e9s Veterani-barlang, jelz\u0151\u00e1llom\u00e1sok. A dunat\u00f6lgyesi \u00f6b\u00f6l ut\u00e1n j\u00f6n a Kis-Kaz\u00e1n-szoros, Trajanus-t\u00e1bla. Elhaj\u00f3zunk Orsova mellett, befordulunk a Sipi-szorosba, melynek v\u00e9g\u00e9n \u00e1ll a Vaskapu I. v\u00edzl\u00e9pcs\u0151. A 30 m\u00e9teres szintk\u00fcl\u00f6nbs\u00e9g\u0171 zsilipel\u00e9s id\u0151tartam\u00e1t\u00f3l f\u00fcgg\u0151en kik\u00f6t\u00e9s a zsilip alatt 10 km-re l\u00e9v\u0151 Kladov\u00f3n (933-as fkm) valamikor d\u00e9lut\u00e1n. (Korai kik\u00f6t\u00e9s eset\u00e9n l\u00e1togat\u00e1s Fetislam v\u00e1r\u00e1ban \u00e9s az er\u0151m\u0171 m\u00fazeum\u00e1ban.) A duzzaszt\u00f3n aut\u00f3busszal \u00e1tkelve bel\u00e9p\u00fcnk Rom\u00e1ni\u00e1ba, sz\u00e1ll\u00e1s Sz\u00f6r\u00e9nyv\u00e1ron. 6. nap. A B\u00e1ns\u00e1g Utaz\u00e1s a Sipi-szoros ment\u00e9n, ez\u00fattal a partr\u00f3l csod\u00e1lhatjuk a vid\u00e9ket. Orsov\u00e1n\u00e1l magunk m\u00f6g\u00f6tt hagyjuk a Dun\u00e1t. L\u00e1togat\u00e1s Herkulesf\u00fcrd\u0151n, majd Temesv\u00e1r \u00e9rint\u00e9s\u00e9vel Budapestre \u00e9s Gy\u0151rbe utazunk. \u00c9rkez\u00e9s az esti \u00f3r\u00e1kban. V\u00e1laszthat\u00f3 szolg\u00e1ltat\u00e1sok: Egy\u00e1gyas fel\u00e1r: 14 200 Ft\/f\u0151 F\u00e9lpanzi\u00f3s fel\u00e1r: 14 600 Ft\/f\u0151 Gy\u0151ri felsz\u00e1ll\u00e1s fel\u00e1ra: 4 300 Ft\/f\u0151 R\u00e1di\u00f3vev\u0151s f\u00fclhallgat\u00f3: 2 280 Ft Bel\u00e9p\u0151k: kb. 5 EUR<\/p>\n","protected":false},"author":1,"featured_media":0,"parent":0,"menu_order":0,"comment_status":"closed","ping_status":"closed","template":"","meta":{"footnotes":""},"class_list":["post-5322","page","type-page","status-publish","hentry"],"_links":{"self":[{"href":"https:\/\/www.goforgo.hu\/index.php\/wp-json\/wp\/v2\/pages\/5322","targetHints":{"allow":["GET"]}}],"collection":[{"href":"https:\/\/www.goforgo.hu\/index.php\/wp-json\/wp\/v2\/pages"}],"about":[{"href":"https:\/\/www.goforgo.hu\/index.php\/wp-json\/wp\/v2\/types\/page"}],"author":[{"embeddable":true,"href":"https:\/\/www.goforgo.hu\/index.php\/wp-json\/wp\/v2\/users\/1"}],"replies":[{"embeddable":true,"href":"https:\/\/www.goforgo.hu\/index.php\/wp-json\/wp\/v2\/comments?post=5322"}],"version-history":[{"count":1,"href":"https:\/\/www.goforgo.hu\/index.php\/wp-json\/wp\/v2\/pages\/5322\/revisions"}],"predecessor-version":[{"id":5326,"href":"https:\/\/www.goforgo.hu\/index.php\/wp-json\/wp\/v2\/pages\/5322\/revisions\/5326"}],"wp:attachment":[{"href":"https:\/\/www.goforgo.hu\/index.php\/wp-json\/wp\/v2\/media?parent=5322"}],"curies":[{"name":"wp","href":"https:\/\/api.w.org\/{rel}","templated":true}]}}