{"id":535,"date":"2016-01-05T15:21:23","date_gmt":"2016-01-05T15:21:23","guid":{"rendered":"http:\/\/www.goforgo.hu\/?page_id=535"},"modified":"2020-02-25T07:48:36","modified_gmt":"2020-02-25T07:48:36","slug":"72-varmegye-sorozat","status":"publish","type":"page","link":"https:\/\/www.goforgo.hu\/index.php\/72-varmegye-sorozat\/","title":{"rendered":"72 V\u00e1rmegye sorozat"},"content":{"rendered":"<p><a href=\"https:\/\/www.goforgo.hu\/wp-content\/uploads\/2016\/01\/anygalos_cimer.jpg\"><img loading=\"lazy\" decoding=\"async\" class=\"size-full wp-image-651 aligncenter\" src=\"https:\/\/www.goforgo.hu\/wp-content\/uploads\/2016\/01\/anygalos_cimer.jpg\" alt=\"anygalos_cimer\" width=\"320\" height=\"223\" srcset=\"https:\/\/www.goforgo.hu\/wp-content\/uploads\/2016\/01\/anygalos_cimer.jpg 320w, https:\/\/www.goforgo.hu\/wp-content\/uploads\/2016\/01\/anygalos_cimer-300x209.jpg 300w\" sizes=\"auto, (max-width: 320px) 100vw, 320px\" \/><\/a><\/p>\n<h2 style=\"text-align: center;\">72 V\u00c1RMEGYE &#8211; AJ\u00c1NL\u00d3<\/h2>\n<p style=\"text-align: center;\"><span class=\"style6\">&#8222;Amit az er\u0151 \u00e9s hatalom elvesz, azt az id\u0151 \u00e9s kedvez\u0151 szerencse ism\u00e9t visszahozhatja, de amir\u0151l a nemzet \u00f6nmaga lemondott, annak a visszaszerz\u00e9se mindig neh\u00e9z \u00e9s k\u00e9ts\u00e9ges&#8221; De\u00e1k Ferenc<\/span><\/p>\n<p style=\"text-align: center;\"><a href=\"https:\/\/www.goforgo.hu\/wp-content\/uploads\/2016\/01\/72-varmegye.jpg\"><img loading=\"lazy\" decoding=\"async\" class=\"wp-image-643 aligncenter\" src=\"https:\/\/www.goforgo.hu\/wp-content\/uploads\/2016\/01\/72-varmegye-1024x691.jpg\" alt=\"72 varmegye\" width=\"610\" height=\"412\" srcset=\"https:\/\/www.goforgo.hu\/wp-content\/uploads\/2016\/01\/72-varmegye-1024x691.jpg 1024w, https:\/\/www.goforgo.hu\/wp-content\/uploads\/2016\/01\/72-varmegye-300x202.jpg 300w, https:\/\/www.goforgo.hu\/wp-content\/uploads\/2016\/01\/72-varmegye.jpg 1063w\" sizes=\"auto, (max-width: 610px) 100vw, 610px\" \/><\/a><\/p>\n<p style=\"text-align: center;\"><strong>Imm\u00e1r 12 \u00e9ve,<\/strong> a 2006-os esztend\u0151ben irod\u00e1nk \u00faj programsorozatot ind\u00edtott. Ennek keret\u00e9ben v\u00e9gig j\u00e1rjuk a jelenlegi csonka Magyarorsz\u00e1g ter\u00fclet\u00e9n k\u00edv\u00fcl es\u0151, ill. kett\u00e9v\u00e1lasztott minden egykori v\u00e1rmegy\u00e9nket. \u00c9s itt meg kell \u00e1llnunk egy szomor\u00fa pillanatra: 59 v\u00e1rmegy\u00e9r\u0151l van sz\u00f3. Nem t\u00e9ved\u00e9s. <strong>A Szent Koron\u00e1hoz tartoz\u00f3 72 v\u00e1rmegy\u00e9b\u0151l 1920 ut\u00e1n mind\u00f6ssze 13 maradt s\u00e9rtetlen. 43 v\u00e1rmegy\u00e9t teljes eg\u00e9sz\u00e9ben idegen imp\u00e9rium al\u00e1 helyeztek, 16 v\u00e1rmegy\u00e9nk pedig a csonkol\u00e1s f\u00e1jdalmas sors\u00e1ra jutott.<\/strong> Jelen sorozatunkban \u00e9vente 5-6 ilyen jelleg\u0171 utaz\u00e1s szervez\u00e9se, lebonyol\u00edt\u00e1sa szerepel terveinkben. Alkalmank\u00e9nt 2-3 v\u00e1rmegy\u00e9nk t\u00f6rt\u00e9nelmi, f\u00f6ldrajzi nevezetess\u00e9geit, v\u00e1rosait, falvait keress\u00fck fel. Tessz\u00fck mindezt annak rem\u00e9ny\u00e9ben, hogy hozz\u00e1 j\u00e1rulhatunk a hit \u00e9s a rem\u00e9ny megtart\u00e1s\u00e1ban, abb\u00e9li bizodalmunkban, mely szerint hisz\u00fcnk Magyarorsz\u00e1g felt\u00e1mad\u00e1s\u00e1ban.<\/p>\n<h2>Lika-Korbava, Modrus-Fiume \u00e9s Fiume<\/h2>\n<p><img loading=\"lazy\" decoding=\"async\" class=\"alignnone wp-image-3848\" src=\"https:\/\/www.goforgo.hu\/wp-content\/uploads\/2016\/01\/Coa_Hungary_County_Lika-Krbava_history.svg_.png\" alt=\"Coa_Hungary_County_Lika-Krbava_(history).svg\" width=\"149\" height=\"171\" \/> <img loading=\"lazy\" decoding=\"async\" class=\"alignnone wp-image-3849\" src=\"https:\/\/www.goforgo.hu\/wp-content\/uploads\/2016\/01\/Modrus-Fiume_coatofarms.jpg\" alt=\"Modrus-Fiume_coatofarms\" width=\"184\" height=\"183\" srcset=\"https:\/\/www.goforgo.hu\/wp-content\/uploads\/2016\/01\/Modrus-Fiume_coatofarms.jpg 467w, https:\/\/www.goforgo.hu\/wp-content\/uploads\/2016\/01\/Modrus-Fiume_coatofarms-150x150.jpg 150w, https:\/\/www.goforgo.hu\/wp-content\/uploads\/2016\/01\/Modrus-Fiume_coatofarms-300x298.jpg 300w\" sizes=\"auto, (max-width: 184px) 100vw, 184px\" \/>\u00a0 <img loading=\"lazy\" decoding=\"async\" class=\"alignnone wp-image-3850\" src=\"https:\/\/www.goforgo.hu\/wp-content\/uploads\/2016\/01\/Ci\u0301mer-Fiume-copy.png\" alt=\"Ci\u0301mer Fiume copy\" width=\"166\" height=\"176\" srcset=\"https:\/\/www.goforgo.hu\/wp-content\/uploads\/2016\/01\/Ci\u0301mer-Fiume-copy.png 347w, https:\/\/www.goforgo.hu\/wp-content\/uploads\/2016\/01\/Ci\u0301mer-Fiume-copy-282x300.png 282w\" sizes=\"auto, (max-width: 166px) 100vw, 166px\" \/><\/p>\n<p><img loading=\"lazy\" decoding=\"async\" class=\"alignnone wp-image-3851\" src=\"https:\/\/www.goforgo.hu\/wp-content\/uploads\/2016\/01\/250px-Lika-Krbava_County_Map.jpg\" alt=\"250px-Lika-Krbava_County_Map\" width=\"251\" height=\"197\" \/>\u00a0 <img loading=\"lazy\" decoding=\"async\" class=\"alignnone wp-image-3852\" src=\"https:\/\/www.goforgo.hu\/wp-content\/uploads\/2016\/01\/Modrus-Fiume_County_Map-1024x818.jpg\" alt=\"Modrus-Fiume_County_Map\" width=\"246\" height=\"197\" srcset=\"https:\/\/www.goforgo.hu\/wp-content\/uploads\/2016\/01\/Modrus-Fiume_County_Map.jpg 1024w, https:\/\/www.goforgo.hu\/wp-content\/uploads\/2016\/01\/Modrus-Fiume_County_Map-300x240.jpg 300w, https:\/\/www.goforgo.hu\/wp-content\/uploads\/2016\/01\/Modrus-Fiume_County_Map-768x614.jpg 768w\" sizes=\"auto, (max-width: 246px) 100vw, 246px\" \/>\u00a0 <img loading=\"lazy\" decoding=\"async\" class=\"wp-image-3853 aligncenter\" src=\"https:\/\/www.goforgo.hu\/wp-content\/uploads\/2016\/01\/800px-Fiume_town_map-757x1024.jpg\" alt=\"800px-Fiume_town_map\" width=\"142\" height=\"192\" srcset=\"https:\/\/www.goforgo.hu\/wp-content\/uploads\/2016\/01\/800px-Fiume_town_map-757x1024.jpg 757w, https:\/\/www.goforgo.hu\/wp-content\/uploads\/2016\/01\/800px-Fiume_town_map-222x300.jpg 222w, https:\/\/www.goforgo.hu\/wp-content\/uploads\/2016\/01\/800px-Fiume_town_map-768x1039.jpg 768w, https:\/\/www.goforgo.hu\/wp-content\/uploads\/2016\/01\/800px-Fiume_town_map.jpg 800w\" sizes=\"auto, (max-width: 142px) 100vw, 142px\" \/><\/p>\n<h2>N\u00f3gr\u00e1d V\u00e1rmegye<\/h2>\n<h2><img loading=\"lazy\" decoding=\"async\" class=\"alignnone wp-image-2612\" src=\"https:\/\/www.goforgo.hu\/wp-content\/uploads\/2016\/01\/nograd-cimer-866x1024.jpg\" alt=\"nograd cimer\" width=\"180\" height=\"212\" srcset=\"https:\/\/www.goforgo.hu\/wp-content\/uploads\/2016\/01\/nograd-cimer-866x1024.jpg 866w, https:\/\/www.goforgo.hu\/wp-content\/uploads\/2016\/01\/nograd-cimer-254x300.jpg 254w, https:\/\/www.goforgo.hu\/wp-content\/uploads\/2016\/01\/nograd-cimer-768x908.jpg 768w, https:\/\/www.goforgo.hu\/wp-content\/uploads\/2016\/01\/nograd-cimer.jpg 2000w\" sizes=\"auto, (max-width: 180px) 100vw, 180px\" \/>\u00a0 <a href=\"https:\/\/www.goforgo.hu\/index.php\/72-varmegye-sorozat\/nograd_county_map\/\" rel=\"attachment wp-att-2613\"><img loading=\"lazy\" decoding=\"async\" class=\"alignnone wp-image-2613\" src=\"https:\/\/www.goforgo.hu\/wp-content\/uploads\/2016\/01\/Nograd_county_map.jpg\" alt=\"Nograd_county_map\" width=\"169\" height=\"211\" srcset=\"https:\/\/www.goforgo.hu\/wp-content\/uploads\/2016\/01\/Nograd_county_map.jpg 250w, https:\/\/www.goforgo.hu\/wp-content\/uploads\/2016\/01\/Nograd_county_map-240x300.jpg 240w\" sizes=\"auto, (max-width: 169px) 100vw, 169px\" \/><\/a><\/h2>\n<h2><a href=\"https:\/\/www.goforgo.hu\/index.php\/2017-szent-laszlo-ev-somogyvar\/\">Somogy V\u00e1rmegye<\/a><\/h2>\n<p><a href=\"https:\/\/www.goforgo.hu\/wp-content\/uploads\/2016\/01\/Coa_Hungary_County_Somogy_history.jpg\"><img loading=\"lazy\" decoding=\"async\" class=\"alignnone wp-image-653\" src=\"https:\/\/www.goforgo.hu\/wp-content\/uploads\/2016\/01\/Coa_Hungary_County_Somogy_history.jpg\" alt=\"Coa_Hungary_County_Somogy_(history)\" width=\"167\" height=\"196\" \/><\/a>\u00a0\u00a0\u00a0\u00a0\u00a0\u00a0 <a href=\"https:\/\/www.goforgo.hu\/wp-content\/uploads\/2016\/01\/Somogy_county_map.jpg\"><img loading=\"lazy\" decoding=\"async\" class=\"alignnone wp-image-646\" src=\"https:\/\/www.goforgo.hu\/wp-content\/uploads\/2016\/01\/Somogy_county_map-828x1024.jpg\" alt=\"Somogy_county_map\" width=\"164\" height=\"203\" srcset=\"https:\/\/www.goforgo.hu\/wp-content\/uploads\/2016\/01\/Somogy_county_map-828x1024.jpg 828w, https:\/\/www.goforgo.hu\/wp-content\/uploads\/2016\/01\/Somogy_county_map-243x300.jpg 243w, https:\/\/www.goforgo.hu\/wp-content\/uploads\/2016\/01\/Somogy_county_map.jpg 1750w\" sizes=\"auto, (max-width: 164px) 100vw, 164px\" \/><\/a><\/p>\n<h2>Sopron V\u00e1rmegye<\/h2>\n<p><a href=\"https:\/\/www.goforgo.hu\/wp-content\/uploads\/2016\/01\/sopron_cimer1.jpg\"><img loading=\"lazy\" decoding=\"async\" class=\"alignnone wp-image-652\" src=\"https:\/\/www.goforgo.hu\/wp-content\/uploads\/2016\/01\/sopron_cimer1.jpg\" alt=\"sopron_cimer\" width=\"169\" height=\"192\" \/><\/a>\u00a0\u00a0\u00a0 <a href=\"https:\/\/www.goforgo.hu\/wp-content\/uploads\/2016\/01\/sopron-v\u00e1rmegye.jpg\"><img loading=\"lazy\" decoding=\"async\" class=\"alignnone wp-image-648\" src=\"https:\/\/www.goforgo.hu\/wp-content\/uploads\/2016\/01\/sopron-v\u00e1rmegye-1024x829.jpg\" alt=\"sopron v\u00e1rmegye\" width=\"248\" height=\"201\" srcset=\"https:\/\/www.goforgo.hu\/wp-content\/uploads\/2016\/01\/sopron-v\u00e1rmegye-1024x829.jpg 1024w, https:\/\/www.goforgo.hu\/wp-content\/uploads\/2016\/01\/sopron-v\u00e1rmegye-300x243.jpg 300w\" sizes=\"auto, (max-width: 248px) 100vw, 248px\" \/><\/a><\/p>\n<h2>Ver\u0151ce &#8211; Pozsega<\/h2>\n<p><a href=\"https:\/\/www.goforgo.hu\/wp-content\/uploads\/2016\/01\/Pozsega_c\u00edmer1.jpg\"><img loading=\"lazy\" decoding=\"async\" class=\"alignnone wp-image-659\" src=\"https:\/\/www.goforgo.hu\/wp-content\/uploads\/2016\/01\/Pozsega_c\u00edmer1.jpg\" alt=\"Pozsega_c\u00edmer\" width=\"174\" height=\"197\" srcset=\"https:\/\/www.goforgo.hu\/wp-content\/uploads\/2016\/01\/Pozsega_c\u00edmer1.jpg 345w, https:\/\/www.goforgo.hu\/wp-content\/uploads\/2016\/01\/Pozsega_c\u00edmer1-265x300.jpg 265w\" sizes=\"auto, (max-width: 174px) 100vw, 174px\" \/><\/a> \u00a0<a href=\"https:\/\/www.goforgo.hu\/wp-content\/uploads\/2016\/01\/Veroce_c\u00edmer1.jpg\"><img loading=\"lazy\" decoding=\"async\" class=\"alignnone wp-image-658\" src=\"https:\/\/www.goforgo.hu\/wp-content\/uploads\/2016\/01\/Veroce_c\u00edmer1.jpg\" alt=\"Veroce_c\u00edmer\" width=\"288\" height=\"198\" srcset=\"https:\/\/www.goforgo.hu\/wp-content\/uploads\/2016\/01\/Veroce_c\u00edmer1.jpg 553w, https:\/\/www.goforgo.hu\/wp-content\/uploads\/2016\/01\/Veroce_c\u00edmer1-300x206.jpg 300w\" sizes=\"auto, (max-width: 288px) 100vw, 288px\" \/><\/a><\/p>\n<p><a href=\"https:\/\/www.goforgo.hu\/wp-content\/uploads\/2016\/01\/Pozsega_County_Map.jpg\"><img loading=\"lazy\" decoding=\"async\" class=\"alignnone wp-image-667\" src=\"https:\/\/www.goforgo.hu\/wp-content\/uploads\/2016\/01\/Pozsega_County_Map.jpg\" alt=\"Pozsega_County_Map\" width=\"218\" height=\"171\" srcset=\"https:\/\/www.goforgo.hu\/wp-content\/uploads\/2016\/01\/Pozsega_County_Map.jpg 800w, https:\/\/www.goforgo.hu\/wp-content\/uploads\/2016\/01\/Pozsega_County_Map-300x235.jpg 300w\" sizes=\"auto, (max-width: 218px) 100vw, 218px\" \/><\/a>\u00a0\u00a0 <a href=\"https:\/\/www.goforgo.hu\/wp-content\/uploads\/2016\/01\/Veroce_County_Map.jpg\"><img loading=\"lazy\" decoding=\"async\" class=\"alignnone wp-image-666\" src=\"https:\/\/www.goforgo.hu\/wp-content\/uploads\/2016\/01\/Veroce_County_Map.jpg\" alt=\"Veroce_County_Map\" width=\"221\" height=\"172\" srcset=\"https:\/\/www.goforgo.hu\/wp-content\/uploads\/2016\/01\/Veroce_County_Map.jpg 800w, https:\/\/www.goforgo.hu\/wp-content\/uploads\/2016\/01\/Veroce_County_Map-300x233.jpg 300w\" sizes=\"auto, (max-width: 221px) 100vw, 221px\" \/><\/a><\/p>\n","protected":false},"excerpt":{"rendered":"<p>72 V\u00c1RMEGYE &#8211; AJ\u00c1NL\u00d3 &#8222;Amit az er\u0151 \u00e9s hatalom elvesz, azt az id\u0151 \u00e9s kedvez\u0151 szerencse ism\u00e9t visszahozhatja, de amir\u0151l a nemzet \u00f6nmaga lemondott, annak a visszaszerz\u00e9se mindig neh\u00e9z \u00e9s k\u00e9ts\u00e9ges&#8221; De\u00e1k Ferenc Imm\u00e1r 12 \u00e9ve, a 2006-os esztend\u0151ben irod\u00e1nk \u00faj programsorozatot ind\u00edtott. Ennek keret\u00e9ben v\u00e9gig j\u00e1rjuk a jelenlegi csonka Magyarorsz\u00e1g ter\u00fclet\u00e9n k\u00edv\u00fcl es\u0151, ill. kett\u00e9v\u00e1lasztott minden egykori v\u00e1rmegy\u00e9nket. \u00c9s itt meg kell \u00e1llnunk egy szomor\u00fa pillanatra: 59 v\u00e1rmegy\u00e9r\u0151l van sz\u00f3. Nem t\u00e9ved\u00e9s. A Szent Koron\u00e1hoz tartoz\u00f3 72 v\u00e1rmegy\u00e9b\u0151l 1920 ut\u00e1n mind\u00f6ssze 13 maradt s\u00e9rtetlen. 43 v\u00e1rmegy\u00e9t teljes eg\u00e9sz\u00e9ben idegen imp\u00e9rium al\u00e1 helyeztek, 16 v\u00e1rmegy\u00e9nk pedig a csonkol\u00e1s f\u00e1jdalmas sors\u00e1ra jutott. Jelen sorozatunkban \u00e9vente 5-6 ilyen jelleg\u0171 utaz\u00e1s szervez\u00e9se, lebonyol\u00edt\u00e1sa szerepel terveinkben. Alkalmank\u00e9nt 2-3 v\u00e1rmegy\u00e9nk t\u00f6rt\u00e9nelmi, f\u00f6ldrajzi nevezetess\u00e9geit, v\u00e1rosait, falvait keress\u00fck fel. Tessz\u00fck mindezt annak rem\u00e9ny\u00e9ben, hogy hozz\u00e1 j\u00e1rulhatunk a hit \u00e9s a rem\u00e9ny megtart\u00e1s\u00e1ban, abb\u00e9li bizodalmunkban, mely szerint hisz\u00fcnk Magyarorsz\u00e1g felt\u00e1mad\u00e1s\u00e1ban. Lika-Korbava, Modrus-Fiume \u00e9s Fiume \u00a0 \u00a0 \u00a0 N\u00f3gr\u00e1d V\u00e1rmegye \u00a0 Somogy V\u00e1rmegye \u00a0\u00a0\u00a0\u00a0\u00a0\u00a0 Sopron V\u00e1rmegye \u00a0\u00a0\u00a0 Ver\u0151ce &#8211; Pozsega \u00a0 \u00a0\u00a0<\/p>\n","protected":false},"author":1,"featured_media":0,"parent":0,"menu_order":0,"comment_status":"closed","ping_status":"closed","template":"","meta":{"footnotes":""},"class_list":["post-535","page","type-page","status-publish","hentry"],"_links":{"self":[{"href":"https:\/\/www.goforgo.hu\/index.php\/wp-json\/wp\/v2\/pages\/535","targetHints":{"allow":["GET"]}}],"collection":[{"href":"https:\/\/www.goforgo.hu\/index.php\/wp-json\/wp\/v2\/pages"}],"about":[{"href":"https:\/\/www.goforgo.hu\/index.php\/wp-json\/wp\/v2\/types\/page"}],"author":[{"embeddable":true,"href":"https:\/\/www.goforgo.hu\/index.php\/wp-json\/wp\/v2\/users\/1"}],"replies":[{"embeddable":true,"href":"https:\/\/www.goforgo.hu\/index.php\/wp-json\/wp\/v2\/comments?post=535"}],"version-history":[{"count":27,"href":"https:\/\/www.goforgo.hu\/index.php\/wp-json\/wp\/v2\/pages\/535\/revisions"}],"predecessor-version":[{"id":5450,"href":"https:\/\/www.goforgo.hu\/index.php\/wp-json\/wp\/v2\/pages\/535\/revisions\/5450"}],"wp:attachment":[{"href":"https:\/\/www.goforgo.hu\/index.php\/wp-json\/wp\/v2\/media?parent=535"}],"curies":[{"name":"wp","href":"https:\/\/api.w.org\/{rel}","templated":true}]}}